{"id":13144,"date":"2020-12-21T20:45:22","date_gmt":"2020-12-21T16:45:22","guid":{"rendered":"https:\/\/podology.shop\/ueber\/"},"modified":"2026-04-05T13:49:09","modified_gmt":"2026-04-05T10:49:09","slug":"ueber","status":"publish","type":"page","link":"https:\/\/podology.shop\/de\/ueber\/","title":{"rendered":"\u00dcber uns"},"content":{"rendered":"\n<p>Dieser E-Shop basiert auf Empfehlungen eines hochqualifizierten Podologen, der durch jahrzehntelange Arbeit in diesem Bereich viel Berufserfahrung gesammelt hat. Unser Hauptziel ist es, Produkte von h\u00f6chster Qualit\u00e4t anzubieten. Deshalb haben wir diese Website erstellt. Hier finden Sie nicht Tausende von kaum bekannten Produkten unbekannter Marken. Podology.Shop verkauft nur Produkte von h\u00f6chster Qualit\u00e4t, die viel positives Feedback haben und seit vielen Jahren von unseren professionellen Spezialisten verwendet werden. F\u00fcr Ihre berufliche Arbeit.<br><\/p>\n\n\n\n<p>MB Podologijos klinika<br>\u012f.k. 307227021<br>Antakalnio 40, VIlnius LT-10305. Litauen<br>tel. +37062094999<\/p>\n\n\n\n<p><br>Um einen Termin bei einem Podologen in Vilnius in der <a href=\"https:\/\/podologijosklinika.lt\/\">Podologijos klinika<\/a> zu vereinbaren, rufen Sie bitte <a href=\"tel:+370 620 94999\">+370 620 94999<\/a> an<\/p>\n\n\n\n<p><\/p>\n\n\n\n<figure class=\"wp-block-image is-resized\"><a href=\"https:\/\/podologijosklinika.lt\/\"><img decoding=\"async\" width=\"2560\" height=\"1106\" src=\"https:\/\/podology.shop\/wp-content\/uploads\/2026\/04\/JPG-scaled.jpg\" alt=\"\" class=\"wp-image-20145\" style=\"aspect-ratio:2.314750572399917;width:391px;height:auto\" srcset=\"https:\/\/podology.shop\/wp-content\/uploads\/2026\/04\/JPG-scaled.jpg 2560w, https:\/\/podology.shop\/wp-content\/uploads\/2026\/04\/JPG-300x130.jpg 300w, https:\/\/podology.shop\/wp-content\/uploads\/2026\/04\/JPG-1024x442.jpg 1024w, https:\/\/podology.shop\/wp-content\/uploads\/2026\/04\/JPG-768x332.jpg 768w, https:\/\/podology.shop\/wp-content\/uploads\/2026\/04\/JPG-1536x663.jpg 1536w, https:\/\/podology.shop\/wp-content\/uploads\/2026\/04\/JPG-2048x884.jpg 2048w, https:\/\/podology.shop\/wp-content\/uploads\/2026\/04\/JPG-600x259.jpg 600w, https:\/\/podology.shop\/wp-content\/uploads\/2026\/04\/JPG-64x28.jpg 64w\" sizes=\"(max-width: 2560px) 100vw, 2560px\" \/><\/a><\/figure>\n","protected":false},"excerpt":{"rendered":"<p>Dieser E-Shop basiert auf Empfehlungen eines hochqualifizierten Podologen, der durch jahrzehntelange Arbeit in diesem Bereich viel Berufserfahrung gesammelt hat. Unser Hauptziel ist es, Produkte von h\u00f6chster Qualit\u00e4t anzubieten. Deshalb haben wir diese Website erstellt. Hier finden Sie nicht Tausende von kaum bekannten Produkten unbekannter Marken. Podology.Shop verkauft nur Produkte von h\u00f6chster Qualit\u00e4t, die viel positives [&hellip;]<\/p>\n","protected":false},"author":1,"featured_media":0,"parent":0,"menu_order":0,"comment_status":"closed","ping_status":"closed","template":"","meta":{"inline_featured_image":false,"_monsterinsights_skip_tracking":false,"_monsterinsights_sitenote_active":false,"_monsterinsights_sitenote_note":"","_monsterinsights_sitenote_category":0,"site-sidebar-layout":"no-sidebar","site-content-layout":"default","ast-site-content-layout":"default","site-content-style":"default","site-sidebar-style":"default","ast-global-header-display":"","ast-banner-title-visibility":"","ast-main-header-display":"","ast-hfb-above-header-display":"","ast-hfb-below-header-display":"","ast-hfb-mobile-header-display":"","site-post-title":"","ast-breadcrumbs-content":"","ast-featured-img":"","footer-sml-layout":"","ast-disable-related-posts":"","theme-transparent-header-meta":"default","adv-header-id-meta":"","stick-header-meta":"","header-above-stick-meta":"","header-main-stick-meta":"","header-below-stick-meta":"","astra-migrate-meta-layouts":"set","ast-page-background-enabled":"default","ast-page-background-meta":{"desktop":{"background-color":"","background-image":"","background-repeat":"repeat","background-position":"center center","background-size":"auto","background-attachment":"scroll","background-type":"","background-media":"","overlay-type":"","overlay-color":"","overlay-opacity":"","overlay-gradient":""},"tablet":{"background-color":"","background-image":"","background-repeat":"repeat","background-position":"center center","background-size":"auto","background-attachment":"scroll","background-type":"","background-media":"","overlay-type":"","overlay-color":"","overlay-opacity":"","overlay-gradient":""},"mobile":{"background-color":"","background-image":"","background-repeat":"repeat","background-position":"center center","background-size":"auto","background-attachment":"scroll","background-type":"","background-media":"","overlay-type":"","overlay-color":"","overlay-opacity":"","overlay-gradient":""}},"ast-content-background-meta":{"desktop":{"background-color":"var(--ast-global-color-5)","background-image":"","background-repeat":"repeat","background-position":"center center","background-size":"auto","background-attachment":"scroll","background-type":"","background-media":"","overlay-type":"","overlay-color":"","overlay-opacity":"","overlay-gradient":""},"tablet":{"background-color":"var(--ast-global-color-5)","background-image":"","background-repeat":"repeat","background-position":"center center","background-size":"auto","background-attachment":"scroll","background-type":"","background-media":"","overlay-type":"","overlay-color":"","overlay-opacity":"","overlay-gradient":""},"mobile":{"background-color":"var(--ast-global-color-5)","background-image":"","background-repeat":"repeat","background-position":"center center","background-size":"auto","background-attachment":"scroll","background-type":"","background-media":"","overlay-type":"","overlay-color":"","overlay-opacity":"","overlay-gradient":""}},"footnotes":""},"class_list":["post-13144","page","type-page","status-publish","hentry"],"yoast_head":"<!-- This site is optimized with the Yoast SEO plugin v27.1.1 - https:\/\/yoast.com\/product\/yoast-seo-wordpress\/ -->\n<title>\u00dcber uns - Podology.Shop<\/title>\n<meta name=\"robots\" content=\"index, follow, max-snippet:-1, max-image-preview:large, max-video-preview:-1\" \/>\n<link rel=\"canonical\" href=\"https:\/\/podology.shop\/de\/ueber\/\" \/>\n<meta property=\"og:locale\" content=\"de_DE\" \/>\n<meta property=\"og:type\" content=\"article\" \/>\n<meta property=\"og:title\" content=\"\u00dcber uns - Podology.Shop\" \/>\n<meta property=\"og:description\" content=\"Dieser E-Shop basiert auf Empfehlungen eines hochqualifizierten Podologen, der durch jahrzehntelange Arbeit in diesem Bereich viel Berufserfahrung gesammelt hat. Unser Hauptziel ist es, Produkte von h\u00f6chster Qualit\u00e4t anzubieten. Deshalb haben wir diese Website erstellt. Hier finden Sie nicht Tausende von kaum bekannten Produkten unbekannter Marken. Podology.Shop verkauft nur Produkte von h\u00f6chster Qualit\u00e4t, die viel positives [&hellip;]\" \/>\n<meta property=\"og:url\" content=\"https:\/\/podology.shop\/de\/ueber\/\" \/>\n<meta property=\"og:site_name\" content=\"Podology.Shop\" \/>\n<meta property=\"article:modified_time\" content=\"2026-04-05T10:49:09+00:00\" \/>\n<meta property=\"og:image\" content=\"https:\/\/podology.shop\/wp-content\/uploads\/2026\/04\/JPG-scaled.jpg\" \/>\n\t<meta property=\"og:image:width\" content=\"2560\" \/>\n\t<meta property=\"og:image:height\" content=\"1106\" \/>\n\t<meta property=\"og:image:type\" content=\"image\/jpeg\" \/>\n<meta name=\"twitter:card\" content=\"summary_large_image\" \/>\n<meta name=\"twitter:label1\" content=\"Gesch\u00e4tzte Lesezeit\" \/>\n\t<meta name=\"twitter:data1\" content=\"1\u00a0Minute\" \/>\n<script type=\"application\/ld+json\" class=\"yoast-schema-graph\">{\"@context\":\"https:\/\/schema.org\",\"@graph\":[{\"@type\":\"WebPage\",\"@id\":\"https:\/\/podology.shop\/de\/ueber\/\",\"url\":\"https:\/\/podology.shop\/de\/ueber\/\",\"name\":\"\u00dcber uns - Podology.Shop\",\"isPartOf\":{\"@id\":\"https:\/\/podology.shop\/de\/#website\"},\"primaryImageOfPage\":{\"@id\":\"https:\/\/podology.shop\/de\/ueber\/#primaryimage\"},\"image\":{\"@id\":\"https:\/\/podology.shop\/de\/ueber\/#primaryimage\"},\"thumbnailUrl\":\"https:\/\/podology.shop\/wp-content\/uploads\/2026\/04\/JPG-scaled.jpg\",\"datePublished\":\"2020-12-21T16:45:22+00:00\",\"dateModified\":\"2026-04-05T10:49:09+00:00\",\"breadcrumb\":{\"@id\":\"https:\/\/podology.shop\/de\/ueber\/#breadcrumb\"},\"inLanguage\":\"de\",\"potentialAction\":[{\"@type\":\"ReadAction\",\"target\":[\"https:\/\/podology.shop\/de\/ueber\/\"]}]},{\"@type\":\"ImageObject\",\"inLanguage\":\"de\",\"@id\":\"https:\/\/podology.shop\/de\/ueber\/#primaryimage\",\"url\":\"https:\/\/podology.shop\/wp-content\/uploads\/2026\/04\/JPG-scaled.jpg\",\"contentUrl\":\"https:\/\/podology.shop\/wp-content\/uploads\/2026\/04\/JPG-scaled.jpg\"},{\"@type\":\"BreadcrumbList\",\"@id\":\"https:\/\/podology.shop\/de\/ueber\/#breadcrumb\",\"itemListElement\":[{\"@type\":\"ListItem\",\"position\":1,\"name\":\"Home\",\"item\":\"https:\/\/podology.shop\/de\/\"},{\"@type\":\"ListItem\",\"position\":2,\"name\":\"\u00dcber uns\"}]},{\"@type\":\"WebSite\",\"@id\":\"https:\/\/podology.shop\/de\/#website\",\"url\":\"https:\/\/podology.shop\/de\/\",\"name\":\"Podology.Shop\",\"description\":\"Podology.Shop\",\"publisher\":{\"@id\":\"https:\/\/podology.shop\/de\/#organization\"},\"potentialAction\":[{\"@type\":\"SearchAction\",\"target\":{\"@type\":\"EntryPoint\",\"urlTemplate\":\"https:\/\/podology.shop\/de\/?s={search_term_string}\"},\"query-input\":{\"@type\":\"PropertyValueSpecification\",\"valueRequired\":true,\"valueName\":\"search_term_string\"}}],\"inLanguage\":\"de\"},{\"@type\":\"Organization\",\"@id\":\"https:\/\/podology.shop\/de\/#organization\",\"name\":\"Podology.shop\",\"url\":\"https:\/\/podology.shop\/de\/\",\"logo\":{\"@type\":\"ImageObject\",\"inLanguage\":\"de\",\"@id\":\"https:\/\/podology.shop\/de\/#\/schema\/logo\/image\/\",\"url\":\"https:\/\/podology.shop\/wp-content\/uploads\/2020\/11\/125361778_1762772693887349_9190250941118524915_n-scaled.jpg\",\"contentUrl\":\"https:\/\/podology.shop\/wp-content\/uploads\/2020\/11\/125361778_1762772693887349_9190250941118524915_n-scaled.jpg\",\"width\":2560,\"height\":878,\"caption\":\"Podology.shop\"},\"image\":{\"@id\":\"https:\/\/podology.shop\/de\/#\/schema\/logo\/image\/\"}}]}<\/script>\n<!-- \/ Yoast SEO plugin. -->","yoast_head_json":{"title":"\u00dcber uns - Podology.Shop","robots":{"index":"index","follow":"follow","max-snippet":"max-snippet:-1","max-image-preview":"max-image-preview:large","max-video-preview":"max-video-preview:-1"},"canonical":"https:\/\/podology.shop\/de\/ueber\/","og_locale":"de_DE","og_type":"article","og_title":"\u00dcber uns - Podology.Shop","og_description":"Dieser E-Shop basiert auf Empfehlungen eines hochqualifizierten Podologen, der durch jahrzehntelange Arbeit in diesem Bereich viel Berufserfahrung gesammelt hat. Unser Hauptziel ist es, Produkte von h\u00f6chster Qualit\u00e4t anzubieten. Deshalb haben wir diese Website erstellt. Hier finden Sie nicht Tausende von kaum bekannten Produkten unbekannter Marken. Podology.Shop verkauft nur Produkte von h\u00f6chster Qualit\u00e4t, die viel positives [&hellip;]","og_url":"https:\/\/podology.shop\/de\/ueber\/","og_site_name":"Podology.Shop","article_modified_time":"2026-04-05T10:49:09+00:00","og_image":[{"width":2560,"height":1106,"url":"https:\/\/podology.shop\/wp-content\/uploads\/2026\/04\/JPG-scaled.jpg","type":"image\/jpeg"}],"twitter_card":"summary_large_image","twitter_misc":{"Gesch\u00e4tzte Lesezeit":"1\u00a0Minute"},"schema":{"@context":"https:\/\/schema.org","@graph":[{"@type":"WebPage","@id":"https:\/\/podology.shop\/de\/ueber\/","url":"https:\/\/podology.shop\/de\/ueber\/","name":"\u00dcber uns - Podology.Shop","isPartOf":{"@id":"https:\/\/podology.shop\/de\/#website"},"primaryImageOfPage":{"@id":"https:\/\/podology.shop\/de\/ueber\/#primaryimage"},"image":{"@id":"https:\/\/podology.shop\/de\/ueber\/#primaryimage"},"thumbnailUrl":"https:\/\/podology.shop\/wp-content\/uploads\/2026\/04\/JPG-scaled.jpg","datePublished":"2020-12-21T16:45:22+00:00","dateModified":"2026-04-05T10:49:09+00:00","breadcrumb":{"@id":"https:\/\/podology.shop\/de\/ueber\/#breadcrumb"},"inLanguage":"de","potentialAction":[{"@type":"ReadAction","target":["https:\/\/podology.shop\/de\/ueber\/"]}]},{"@type":"ImageObject","inLanguage":"de","@id":"https:\/\/podology.shop\/de\/ueber\/#primaryimage","url":"https:\/\/podology.shop\/wp-content\/uploads\/2026\/04\/JPG-scaled.jpg","contentUrl":"https:\/\/podology.shop\/wp-content\/uploads\/2026\/04\/JPG-scaled.jpg"},{"@type":"BreadcrumbList","@id":"https:\/\/podology.shop\/de\/ueber\/#breadcrumb","itemListElement":[{"@type":"ListItem","position":1,"name":"Home","item":"https:\/\/podology.shop\/de\/"},{"@type":"ListItem","position":2,"name":"\u00dcber uns"}]},{"@type":"WebSite","@id":"https:\/\/podology.shop\/de\/#website","url":"https:\/\/podology.shop\/de\/","name":"Podology.Shop","description":"Podology.Shop","publisher":{"@id":"https:\/\/podology.shop\/de\/#organization"},"potentialAction":[{"@type":"SearchAction","target":{"@type":"EntryPoint","urlTemplate":"https:\/\/podology.shop\/de\/?s={search_term_string}"},"query-input":{"@type":"PropertyValueSpecification","valueRequired":true,"valueName":"search_term_string"}}],"inLanguage":"de"},{"@type":"Organization","@id":"https:\/\/podology.shop\/de\/#organization","name":"Podology.shop","url":"https:\/\/podology.shop\/de\/","logo":{"@type":"ImageObject","inLanguage":"de","@id":"https:\/\/podology.shop\/de\/#\/schema\/logo\/image\/","url":"https:\/\/podology.shop\/wp-content\/uploads\/2020\/11\/125361778_1762772693887349_9190250941118524915_n-scaled.jpg","contentUrl":"https:\/\/podology.shop\/wp-content\/uploads\/2020\/11\/125361778_1762772693887349_9190250941118524915_n-scaled.jpg","width":2560,"height":878,"caption":"Podology.shop"},"image":{"@id":"https:\/\/podology.shop\/de\/#\/schema\/logo\/image\/"}}]}},"_links":{"self":[{"href":"https:\/\/podology.shop\/de\/wp-json\/wp\/v2\/pages\/13144","targetHints":{"allow":["GET"]}}],"collection":[{"href":"https:\/\/podology.shop\/de\/wp-json\/wp\/v2\/pages"}],"about":[{"href":"https:\/\/podology.shop\/de\/wp-json\/wp\/v2\/types\/page"}],"author":[{"embeddable":true,"href":"https:\/\/podology.shop\/de\/wp-json\/wp\/v2\/users\/1"}],"replies":[{"embeddable":true,"href":"https:\/\/podology.shop\/de\/wp-json\/wp\/v2\/comments?post=13144"}],"version-history":[{"count":9,"href":"https:\/\/podology.shop\/de\/wp-json\/wp\/v2\/pages\/13144\/revisions"}],"predecessor-version":[{"id":20154,"href":"https:\/\/podology.shop\/de\/wp-json\/wp\/v2\/pages\/13144\/revisions\/20154"}],"wp:attachment":[{"href":"https:\/\/podology.shop\/de\/wp-json\/wp\/v2\/media?parent=13144"}],"curies":[{"name":"wp","href":"https:\/\/api.w.org\/{rel}","templated":true}]}}