{"id":13373,"date":"2020-12-22T19:23:48","date_gmt":"2020-12-22T15:23:48","guid":{"rendered":"https:\/\/podology.shop\/geschaeftsbedingungen\/"},"modified":"2026-04-05T21:31:44","modified_gmt":"2026-04-05T18:31:44","slug":"geschaeftsbedingungen","status":"publish","type":"page","link":"https:\/\/podology.shop\/de\/geschaeftsbedingungen\/","title":{"rendered":"Gesch\u00e4ftsbedingungen"},"content":{"rendered":"\n<p><strong>Regeln f\u00fcr den Kauf und Verkauf der Waren im Online-Shop<a href=\"https:\/\/podology.shop\/?lang=de\" class=\"rank-math-link\"> https:\/\/podology.shop<\/a><\/strong><\/p>\n\n\n\n<p><strong>1. Allgemeine Bestimmungen<\/strong><\/p>\n\n\n\n<p>1.1. Die vorliegenden Regeln f\u00fcr den Kauf und Verkauf der Waren (im Folgenden als \u201eRegeln\u201c bezeichnet) sind nach Genehmigung durch den K\u00e4ufer (durch Dr\u00fccken der Schaltfl\u00e4che \u201eBestellung aufgeben\u201c) ein rechtsverbindliches Dokument f\u00fcr die Parteien, in dem die Rechte und Pflichten des K\u00e4ufers und des Verk\u00e4ufers, Bedingungen f\u00fcr den Erwerb der Waren und deren Zahlungsverfahren, das Verfahren f\u00fcr die Lieferung und R\u00fcckgabe der Waren, die Haftung der Parteien sowie andere Bestimmungen im Zusammenhang mit dem Kauf &#8211; Verkauf der Waren im Internet Gesch\u00e4ft<a href=\"https:\/\/podology.shop\/?lang=de\" class=\"rank-math-link\"> <\/a><strong><a class=\"rank-math-link\" href=\"https:\/\/podology.shop\/?lang=de\">https:\/\/podology.shop<\/a><\/strong><\/p>\n\n\n\n<p>1.2. Der Verk\u00e4ufer beh\u00e4lt sich das Recht vor, die Regeln jederzeit unter Ber\u00fccksichtigung der gesetzlich festgelegten Anforderungen zu \u00e4ndern, zu erg\u00e4nzen oder zu erg\u00e4nzen.<\/p>\n\n\n\n<p>1.3. Kaufberechtigte in unserem Online-Shop:<\/p>\n\n\n\n<p>  1.3.1. rechtlich f\u00e4hige nat\u00fcrliche Einheiten, dh Personen, die das Alter der Mehrheit erreicht haben und deren Rechtsf\u00e4higkeit nicht durch ein Gerichtsverfahren eingeschr\u00e4nkt wurde;<\/p>\n\n\n\n<p>  1.3.2. Minderj\u00e4hrige im Alter von vierzehn bis achtzehn Jahren, nur mit Zustimmung ihrer Eltern oder Erziehungsberechtigten, mit Ausnahme von F\u00e4llen, in denen sie \u00fcber ihr Einkommen unabh\u00e4ngig verf\u00fcgen;<\/p>\n\n\n\n<p>  1.3.3. Rechtspersonen;<\/p>\n\n\n\n<p>1.4. Die vorliegenden Regeln wurden in \u00dcbereinstimmung mit den Gesetzen der Republik Litauen erstellt.<\/p>\n\n\n\n<p><strong>3. Schutz personenbezogener Daten<\/strong><\/p>\n\n\n\n<p>3.1. Mit der Genehmigung der vorliegenden Regeln gibt der K\u00e4ufer seine Zustimmung zur Verarbeitung seiner pers\u00f6nlichen Daten zum Zwecke des Verkaufs der Waren und Dienstleistungen im Online-Shop unter<a href=\"https:\/\/podology.shop\/?lang=de\" class=\"rank-math-link\"> <\/a><strong><a class=\"rank-math-link\" href=\"https:\/\/podology.shop\/?lang=de\">https:\/\/podology.shop<\/a><\/strong> , die Leistungsanalyse des Verk\u00e4ufers und Direktmarketing.<\/p>\n\n\n\n<p>3.2. Mit seiner Einwilligung zur Verarbeitung seiner personenbezogenen Daten zum Zwecke des Verkaufs der Waren und Dienstleistungen im Online-Shop des Verk\u00e4ufers gibt der K\u00e4ufer auch seine Einwilligung zum Senden von Informationsnachrichten an die E-Mail-Adresse und die von ihm angegebene Telefonnummer, die f\u00fcr die Ausf\u00fchrung der Bestellung f\u00fcr die Waren erforderlich ist.<\/p>\n\n\n\n<p>3.3. Der K\u00e4ufer, der w\u00fcnscht, dass seine E-Mail-Adresse nicht f\u00fcr Direktmarketing verwendet wird, informiert den Verk\u00e4ufer dar\u00fcber, indem er uns \u00fcber das Kontaktformular kontaktiert<strong><a href=\"https:\/\/podology.shop\/kontakt\/?lang=de\" class=\"rank-math-link\"> https:\/\/podology.shop\/contact\/<\/a> .<\/strong><\/p>\n\n\n\n<p>3.4. Der Verk\u00e4ufer best\u00e4tigt hiermit, dass die vom K\u00e4ufer angegebenen personenbezogenen Daten nur zum Zwecke des Verkaufs der Waren und Dienstleistungen im Online-Shop unter verarbeitet werden <strong><a href=\"https:\/\/podology.shop\/?lang=de\" class=\"rank-math-link\">https:\/\/podology.shop<\/a><\/strong> , die Leistungsanalyse des Verk\u00e4ufers und Direktmarketing (mit Ausnahme von F\u00e4llen, in denen der K\u00e4ufer mitteilt, dass er nicht w\u00fcnschte, dass seine pers\u00f6nlichen Daten zum Zweck des Direktmarketings nach dem in Punkt 3.3 des Regeln). Der Verk\u00e4ufer verpflichtet sich, die personenbezogenen Daten des K\u00e4ufers nicht an Dritte weiterzugeben, mit Ausnahme der Partner des Verk\u00e4ufers, die Lieferservices f\u00fcr die Waren sowie andere Dienstleistungen im Zusammenhang mit der ordnungsgem\u00e4\u00dfen Ausf\u00fchrung der Bestellung des K\u00e4ufers erbringen. In allen anderen F\u00e4llen k\u00f6nnen die personenbezogenen Daten des K\u00e4ufers nach dem durch die Gesetzgebung der Republik Litauen festgelegten Verfahren an Dritte weitergegeben werden.<\/p>\n\n\n\n<p>3.5. Der Verk\u00e4ufer speichert Informationen, dh Cookies, auf dem Computer (Ger\u00e4t) des K\u00e4ufers, um sicherzustellen, dass die Dienste des Online-Shops voll funktionsf\u00e4hig sind<a href=\"https:\/\/podology.shop\/?lang=de\" class=\"rank-math-link\"><strong> https:\/\/podology.shop<\/strong><\/a> werden dem K\u00e4ufer zur Verf\u00fcgung gestellt. Der Verk\u00e4ufer verwendet die gespeicherten Informationen zur Identifizierung des K\u00e4ufers als vorherigen Besucher des Online-Shops<strong><a href=\"https:\/\/podology.shop\/?lang=de\" class=\"rank-math-link\"> https:\/\/podology.shop<\/a><\/strong> Speichern der Informationen zu den Eink\u00e4ufen, die dem Warenkorb des K\u00e4ufers hinzugef\u00fcgt wurden, Sammeln von Daten in den Besuchsstatistiken der Website, Speichern der vom K\u00e4ufer ausgew\u00e4hlten Filter. Der K\u00e4ufer hat die M\u00f6glichkeit zu sehen, welche Art von Informationen (Cookies) vom Verk\u00e4ufer gespeichert werden, und kann alle oder einen Teil der gespeicherten Cookies l\u00f6schen. Der K\u00e4ufer hat auch das Recht, nicht zuzustimmen, dass Informationen (Cookies) auf seinem Computer (Ger\u00e4t) gespeichert und verwendet werden, sondern in diesem Fall bestimmte Funktionen des Online-Shops<a href=\"https:\/\/podology.shop\/?lang=de\" class=\"rank-math-link\"><strong> https:\/\/podology.shop<\/strong><\/a> ist m\u00f6glicherweise nicht f\u00fcr ihn \/ sie verf\u00fcgbar. Durch die Best\u00e4tigung seiner Annahme der Regeln gibt der K\u00e4ufer seine Zustimmung zum Speichern von Informationen auf seinem Computer (Ger\u00e4t). Der K\u00e4ufer kann diese Einwilligung jederzeit durch \u00c4ndern der Einstellungen seines Internetbrowsers widerrufen.<\/p>\n\n\n\n<p>3.6. Wenn sich der K\u00e4ufer weigert, die in diesem Abschnitt der Regeln festgelegten Bestimmungen zum Schutz personenbezogener Daten zu akzeptieren, verliert der K\u00e4ufer sein Recht, die vom Online-Shop bereitgestellten Dienste zu nutzen<strong><a href=\"https:\/\/podology.shop\/?lang=de\" class=\"rank-math-link\"> https:\/\/podology.shop<\/a><\/strong> .<\/p>\n\n\n\n<p><strong>4.<\/strong><strong> Der Zeitpunkt des Abschlusses des Kauf- \/ Verkaufsvertrags<\/strong><\/p>\n\n\n\n<p>4.1. Die Vereinbarung zwischen dem K\u00e4ufer und dem Verk\u00e4ufer gilt als abgeschlossen:<\/p>\n\n\n\n<p>4.1.1. Wenn der K\u00e4ufer, nachdem er die zu kaufenden Artikel ausgew\u00e4hlt und den Warenkorb gebildet hat, auf die Schaltfl\u00e4che \u201e<strong> Bestellung aufgeben<\/strong> &#8222;Und der Verk\u00e4ufer verpflichtet sich, die Ware unter den vom K\u00e4ufer ausgew\u00e4hlten Bedingungen zu liefern, indem er den Status der Bestellung in&#8220;<strong> wird bearbeitet<\/strong> \u201d.<\/p>\n\n\n\n<p>4.2. Durch Klicken auf die Schaltfl\u00e4che \u201e<strong><strong> Bestellung aufgeben<\/strong><\/strong> \u201d. Der K\u00e4ufer best\u00e4tigt, dass er mit den vorliegenden Regeln vertraut ist.<\/p>\n\n\n\n<p>4.3. Jede Bestellung des K\u00e4ufers wird registriert und in der Datenbank des Online-Shops gespeichert<strong><a href=\"https:\/\/podology.shop\/?lang=de\" class=\"rank-math-link\"> https:\/\/podology.shop<\/a><\/strong><\/p>\n\n\n\n<p><strong>5. Rechte des K\u00e4ufers<\/strong><\/p>\n\n\n\n<p>5.1. Der K\u00e4ufer ist berechtigt, die Ware im Online-Shop zu kaufen<strong><a href=\"https:\/\/podology.shop\/?lang=de\" class=\"rank-math-link\"> https:\/\/podology.shop<\/a><\/strong> gem\u00e4\u00df dem in den vorliegenden Regeln und anderen Informationsabschnitten des Online-Shops des Verk\u00e4ufers festgelegten Verfahren.<\/p>\n\n\n\n<p><strong>6. Pflichten des K\u00e4ufers<\/strong><\/p>\n\n\n\n<p>6.1. Der K\u00e4ufer hat die Ware zu bezahlen und nach dem in diesen Regeln festgelegten Verfahren anzunehmen.<\/p>\n\n\n\n<p>6.2. Ein registrierter K\u00e4ufer verpflichtet sich, seine Anmeldedaten nicht an Dritte weiterzugeben. Wenn der K\u00e4ufer seine Anmeldedaten verliert, muss er den Verk\u00e4ufer unverz\u00fcglich \u00fcber die im Abschnitt \u201eKontaktinformationen\u201c angegebenen Kommunikationsmittel dar\u00fcber informieren.<\/p>\n\n\n\n<p>6.3. Im Falle von \u00c4nderungen der im Registrierungsformular eines registrierten K\u00e4ufers angegebenen Daten hat er diese unverz\u00fcglich zu aktualisieren.<\/p>\n\n\n\n<p><strong>7. Rechte des Verk\u00e4ufers<\/strong><\/p>\n\n\n\n<p>7.1. Der Verk\u00e4ufer ist berechtigt, den Zugang des K\u00e4ufers zum Online-Shop sofort und ohne Vorwarnung einzuschr\u00e4nken oder auszusetzen oder in Ausnahmef\u00e4llen die Registrierung des K\u00e4ufers zu l\u00f6schen, wenn der K\u00e4ufer versucht, die Stabilit\u00e4t und Sicherheit des Online-Shops zu untergraben oder gegen diese zu versto\u00dfen seine \/ ihre Verpflichtungen.<\/p>\n\n\n\n<p>7.2. In wichtigen F\u00e4llen kann der K\u00e4ufer die Aktivit\u00e4ten des Online-Shops ohne vorherige Benachrichtigung des K\u00e4ufers einstellen oder vollst\u00e4ndig einstellen.<\/p>\n\n\n\n<p><strong>8. Pflichten des Verk\u00e4ufers<\/strong><\/p>\n\n\n\n<p>8.1. Der Verk\u00e4ufer verpflichtet sich, dem K\u00e4ufer die M\u00f6glichkeit zu geben, die vom Online-Shop bereitgestellten Dienste zu nutzen<strong><a href=\"https:\/\/podology.shop\/?lang=de\" class=\"rank-math-link\"> https:\/\/podology.shop<\/a><\/strong> gem\u00e4\u00df den Bestimmungen dieser Regeln und des Online-Shops.<\/p>\n\n\n\n<p>8.2. Der Verk\u00e4ufer verpflichtet sich, das Recht des K\u00e4ufers auf Privatsph\u00e4re in Bezug auf seine pers\u00f6nlichen Daten, die auf dem Registrierungsformular des Online-Einkaufszentrums angegeben sind, gem\u00e4\u00df den Gesetzen der Republik Litauen zu respektieren und zu sch\u00fctzen.<\/p>\n\n\n\n<p>8.3. Der Verk\u00e4ufer verpflichtet sich, die vom K\u00e4ufer bestellte Ware an die von ihm gem\u00e4\u00df den Bestimmungen der Gesch\u00e4ftsordnung angegebene Adresse zu liefern.<\/p>\n\n\n\n<p>8.4. Der Verk\u00e4ufer, der dem K\u00e4ufer aus wichtigen Gr\u00fcnden nicht in der Lage ist, den von ihm bestellten Artikel zu liefern, verpflichtet sich, einen analogen Artikel oder einen \u00e4hnlichen Artikel in Bezug auf seine Eigenschaften so weit wie m\u00f6glich anzubieten. Wenn der K\u00e4ufer die Annahme des analogen oder \u00e4hnlichsten Gegenstands in Bezug auf seine Merkmale verweigert, verpflichtet sich der Verk\u00e4ufer, das vom K\u00e4ufer gezahlte Geld innerhalb von 5 (f\u00fcnf) Werktagen an diesen zur\u00fcckzugeben, wenn eine Vorauszahlung erfolgt ist.<\/p>\n\n\n\n<p><strong>9.<\/strong><strong> Versanddetails und R\u00fcckgabebedingungen<\/strong><\/p>\n\n\n\n<p>Wir verwenden DPD als unsere Hauptlieferungsmethode.<\/p>\n\n\n\n<p>Der Versand erfolgt in folgende L\u00e4nder:<\/p>\n\n\n\n<p>\u00d6sterreich, Belgien, Bulgarien, Kroatien, Tschechien, D\u00e4nemark, Estland, Finnland, Frankreich, Deutschland, Griechenland, Ungarn, Irland, Italien, Lettland, Litauen, Luxemburg, Niederlande, Polen, Portugal, Rum\u00e4nien, Slowakei, Slowenien, Spanien, Schweden<\/p>\n\n\n\n<p>Wenn Ihr Land nicht auf der Liste steht, kontaktieren Sie uns bitte \u00fcber das Kontaktformular.<a class=\"rank-math-link\" href=\"https:\/\/podology.shop\/kontakt\/?lang=de\">Kontaktiere uns<\/a><\/p>\n\n\n\n<p><strong>Besch\u00e4digte Verpackung:<\/strong><\/p>\n\n\n\n<p>Wenn Sie Artikel erhalten, die sichtbar besch\u00e4digt sind, akzeptieren Sie diese nicht und kontaktieren Sie uns bitte sp\u00e4testens innerhalb von 5 Werktagen<\/p>\n\n\n\n<p><strong>Defekte oder unvollst\u00e4ndige Ware:<\/strong><\/p>\n\n\n\n<p>Bitte kontaktieren Sie uns sp\u00e4testens innerhalb von 5 Werktagen. Im Fehlerfall werden wir unser Bestes tun, um die Situation schnell und fair zu beheben.<\/p>\n\n\n\n<p><strong>R\u00fcckgaberecht f\u00fcr Qualit\u00e4tsartikel:<\/strong><\/p>\n\n\n\n<p>Artikel m\u00fcssen innerhalb von 14 Tagen nach Lieferung zur\u00fcckgegeben werden. Solange sie unge\u00f6ffnet und im Versandzustand sind. Versandkosten werden nicht erstattet. Der Kunde \u00fcbernimmt die gesamte Verantwortung f\u00fcr die R\u00fccksendung und die Versandkosten.<\/p>\n\n\n\n<p><strong>Einwegartikel:<\/strong><\/p>\n\n\n\n<p><strong>-Skin Care Produkte und Kosmetika.<\/strong><\/p>\n\n\n\n<p><strong>-Medizinische Verbrauchsmaterialien und Ger\u00e4te<\/strong><\/p>\n\n\n\n<p><strong>-Personalpflegeprodukte<\/strong><\/p>\n\n\n\n<p>Mehr Informationen :<\/p>\n\n\n\n<p><a class=\"rank-math-link\" href=\"https:\/\/e-seimas.lrs.lt\/portal\/legalAct\/lt\/TAD\/3e3f6a70164711e4aa9bb36470fb9e6e\">https:\/\/e-seimas.lrs.lt\/portal\/legalAct\/lt\/TAD\/3e3f6a70164711e4aa9bb36470fb9e6e<\/a><\/p>\n\n\n\n<p><strong>10. Preise der Ware, Verfahren und Zahlungsbedingungen<\/strong><\/p>\n\n\n\n<p>10.1. Die Preise der Waren im Online-Shop und die Bestellung sind in EUR angegeben.<\/p>\n\n\n\n<p>10.2. Die Zahlungsmethoden f\u00fcr die Waren im System werden in \u00dcbereinstimmung mit den ausgew\u00e4hlten Waren und der ausgew\u00e4hlten Art der Lieferung der Waren festgelegt.<\/p>\n\n\n\n<p>10.3. Der K\u00e4ufer hat die Ware nach einer der folgenden Methoden zu bezahlen:<\/p>\n\n\n\n<p>10.3.1. Die Zahlung per Bank\u00fcberweisung ist eine Vorauszahlung, wenn der K\u00e4ufer, nachdem er die Bestellung gedruckt hat, das Geld per Online-Banking auf das Bankkonto \u00fcberweist oder zur n\u00e4chstgelegenen Zweigstelle der Bank geht.<\/p>\n\n\n\n<p>10.3.2. Zahlung mit dem PAYSERA-System<\/p>\n\n\n\n<p><strong>11. Informationsaustausch<\/strong><\/p>\n\n\n\n<p>11.1. Der Verk\u00e4ufer sendet alle Benachrichtigungen an die vom K\u00e4ufer angegebene E-Mail-Adresse.<\/p>\n\n\n\n<p>11.2. Der K\u00e4ufer muss alle Benachrichtigungen und Anfragen an die im Online-Einkaufszentrum des Verk\u00e4ufers angegebenen Kommunikationsmittel senden.<\/p>\n\n\n\n<p><strong>12. Schlussbestimmungen<\/strong><\/p>\n\n\n\n<p>12.1. Die vorliegenden Regeln wurden in \u00dcbereinstimmung mit den Gesetzen der Republik Litauen geschlossen.<\/p>\n\n\n\n<p>12.2. F\u00fcr die Beziehungen, die sich aus den vorliegenden Regeln ergeben, gelten die Gesetze der Republik Litauen.<\/p>\n\n\n\n<p>12.3. Alle Streitigkeiten, die sich aus der Ausf\u00fchrung dieser Regeln ergeben, werden durch Verhandlungen beigelegt. Bei Nichteinigung werden Streitigkeiten nach dem in den Gesetzen der Republik Litauen festgelegten Verfahren beigelegt.<\/p>\n","protected":false},"excerpt":{"rendered":"<p>Regeln f\u00fcr den Kauf und Verkauf der Waren im Online-Shop https:\/\/podology.shop 1. Allgemeine Bestimmungen 1.1. Die vorliegenden Regeln f\u00fcr den Kauf und Verkauf der Waren (im Folgenden als \u201eRegeln\u201c bezeichnet) sind nach Genehmigung durch den K\u00e4ufer (durch Dr\u00fccken der Schaltfl\u00e4che \u201eBestellung aufgeben\u201c) ein rechtsverbindliches Dokument f\u00fcr die Parteien, in dem die Rechte und Pflichten des [&hellip;]<\/p>\n","protected":false},"author":1,"featured_media":0,"parent":0,"menu_order":0,"comment_status":"closed","ping_status":"closed","template":"","meta":{"inline_featured_image":false,"_monsterinsights_skip_tracking":false,"_monsterinsights_sitenote_active":false,"_monsterinsights_sitenote_note":"","_monsterinsights_sitenote_category":0,"site-sidebar-layout":"no-sidebar","site-content-layout":"default","ast-site-content-layout":"default","site-content-style":"default","site-sidebar-style":"default","ast-global-header-display":"","ast-banner-title-visibility":"","ast-main-header-display":"","ast-hfb-above-header-display":"","ast-hfb-below-header-display":"","ast-hfb-mobile-header-display":"","site-post-title":"","ast-breadcrumbs-content":"","ast-featured-img":"","footer-sml-layout":"","ast-disable-related-posts":"","theme-transparent-header-meta":"default","adv-header-id-meta":"","stick-header-meta":"","header-above-stick-meta":"","header-main-stick-meta":"","header-below-stick-meta":"","astra-migrate-meta-layouts":"set","ast-page-background-enabled":"default","ast-page-background-meta":{"desktop":{"background-color":"","background-image":"","background-repeat":"repeat","background-position":"center center","background-size":"auto","background-attachment":"scroll","background-type":"","background-media":"","overlay-type":"","overlay-color":"","overlay-opacity":"","overlay-gradient":""},"tablet":{"background-color":"","background-image":"","background-repeat":"repeat","background-position":"center center","background-size":"auto","background-attachment":"scroll","background-type":"","background-media":"","overlay-type":"","overlay-color":"","overlay-opacity":"","overlay-gradient":""},"mobile":{"background-color":"","background-image":"","background-repeat":"repeat","background-position":"center center","background-size":"auto","background-attachment":"scroll","background-type":"","background-media":"","overlay-type":"","overlay-color":"","overlay-opacity":"","overlay-gradient":""}},"ast-content-background-meta":{"desktop":{"background-color":"var(--ast-global-color-5)","background-image":"","background-repeat":"repeat","background-position":"center center","background-size":"auto","background-attachment":"scroll","background-type":"","background-media":"","overlay-type":"","overlay-color":"","overlay-opacity":"","overlay-gradient":""},"tablet":{"background-color":"var(--ast-global-color-5)","background-image":"","background-repeat":"repeat","background-position":"center center","background-size":"auto","background-attachment":"scroll","background-type":"","background-media":"","overlay-type":"","overlay-color":"","overlay-opacity":"","overlay-gradient":""},"mobile":{"background-color":"var(--ast-global-color-5)","background-image":"","background-repeat":"repeat","background-position":"center center","background-size":"auto","background-attachment":"scroll","background-type":"","background-media":"","overlay-type":"","overlay-color":"","overlay-opacity":"","overlay-gradient":""}},"footnotes":""},"class_list":["post-13373","page","type-page","status-publish","hentry"],"yoast_head":"<!-- This site is optimized with the Yoast SEO plugin v27.1.1 - https:\/\/yoast.com\/product\/yoast-seo-wordpress\/ -->\n<title>Gesch\u00e4ftsbedingungen - Podology.Shop<\/title>\n<meta name=\"robots\" content=\"index, follow, max-snippet:-1, max-image-preview:large, max-video-preview:-1\" \/>\n<link rel=\"canonical\" href=\"https:\/\/podology.shop\/de\/geschaeftsbedingungen\/\" \/>\n<meta property=\"og:locale\" content=\"de_DE\" \/>\n<meta property=\"og:type\" content=\"article\" \/>\n<meta property=\"og:title\" content=\"Gesch\u00e4ftsbedingungen - Podology.Shop\" \/>\n<meta property=\"og:description\" content=\"Regeln f\u00fcr den Kauf und Verkauf der Waren im Online-Shop https:\/\/podology.shop 1. Allgemeine Bestimmungen 1.1. Die vorliegenden Regeln f\u00fcr den Kauf und Verkauf der Waren (im Folgenden als \u201eRegeln\u201c bezeichnet) sind nach Genehmigung durch den K\u00e4ufer (durch Dr\u00fccken der Schaltfl\u00e4che \u201eBestellung aufgeben\u201c) ein rechtsverbindliches Dokument f\u00fcr die Parteien, in dem die Rechte und Pflichten des [&hellip;]\" \/>\n<meta property=\"og:url\" content=\"https:\/\/podology.shop\/de\/geschaeftsbedingungen\/\" \/>\n<meta property=\"og:site_name\" content=\"Podology.Shop\" \/>\n<meta property=\"article:modified_time\" content=\"2026-04-05T18:31:44+00:00\" \/>\n<meta name=\"twitter:card\" content=\"summary_large_image\" \/>\n<meta name=\"twitter:label1\" content=\"Gesch\u00e4tzte Lesezeit\" \/>\n\t<meta name=\"twitter:data1\" content=\"8\u00a0Minuten\" \/>\n<script type=\"application\/ld+json\" class=\"yoast-schema-graph\">{\"@context\":\"https:\/\/schema.org\",\"@graph\":[{\"@type\":\"WebPage\",\"@id\":\"https:\/\/podology.shop\/de\/geschaeftsbedingungen\/\",\"url\":\"https:\/\/podology.shop\/de\/geschaeftsbedingungen\/\",\"name\":\"Gesch\u00e4ftsbedingungen - Podology.Shop\",\"isPartOf\":{\"@id\":\"https:\/\/podology.shop\/de\/#website\"},\"datePublished\":\"2020-12-22T15:23:48+00:00\",\"dateModified\":\"2026-04-05T18:31:44+00:00\",\"breadcrumb\":{\"@id\":\"https:\/\/podology.shop\/de\/geschaeftsbedingungen\/#breadcrumb\"},\"inLanguage\":\"de\",\"potentialAction\":[{\"@type\":\"ReadAction\",\"target\":[\"https:\/\/podology.shop\/de\/geschaeftsbedingungen\/\"]}]},{\"@type\":\"BreadcrumbList\",\"@id\":\"https:\/\/podology.shop\/de\/geschaeftsbedingungen\/#breadcrumb\",\"itemListElement\":[{\"@type\":\"ListItem\",\"position\":1,\"name\":\"Home\",\"item\":\"https:\/\/podology.shop\/de\/\"},{\"@type\":\"ListItem\",\"position\":2,\"name\":\"Gesch\u00e4ftsbedingungen\"}]},{\"@type\":\"WebSite\",\"@id\":\"https:\/\/podology.shop\/de\/#website\",\"url\":\"https:\/\/podology.shop\/de\/\",\"name\":\"Podology.Shop\",\"description\":\"Podology.Shop\",\"publisher\":{\"@id\":\"https:\/\/podology.shop\/de\/#organization\"},\"potentialAction\":[{\"@type\":\"SearchAction\",\"target\":{\"@type\":\"EntryPoint\",\"urlTemplate\":\"https:\/\/podology.shop\/de\/?s={search_term_string}\"},\"query-input\":{\"@type\":\"PropertyValueSpecification\",\"valueRequired\":true,\"valueName\":\"search_term_string\"}}],\"inLanguage\":\"de\"},{\"@type\":\"Organization\",\"@id\":\"https:\/\/podology.shop\/de\/#organization\",\"name\":\"Podology.shop\",\"url\":\"https:\/\/podology.shop\/de\/\",\"logo\":{\"@type\":\"ImageObject\",\"inLanguage\":\"de\",\"@id\":\"https:\/\/podology.shop\/de\/#\/schema\/logo\/image\/\",\"url\":\"https:\/\/podology.shop\/wp-content\/uploads\/2020\/11\/125361778_1762772693887349_9190250941118524915_n-scaled.jpg\",\"contentUrl\":\"https:\/\/podology.shop\/wp-content\/uploads\/2020\/11\/125361778_1762772693887349_9190250941118524915_n-scaled.jpg\",\"width\":2560,\"height\":878,\"caption\":\"Podology.shop\"},\"image\":{\"@id\":\"https:\/\/podology.shop\/de\/#\/schema\/logo\/image\/\"}}]}<\/script>\n<!-- \/ Yoast SEO plugin. -->","yoast_head_json":{"title":"Gesch\u00e4ftsbedingungen - Podology.Shop","robots":{"index":"index","follow":"follow","max-snippet":"max-snippet:-1","max-image-preview":"max-image-preview:large","max-video-preview":"max-video-preview:-1"},"canonical":"https:\/\/podology.shop\/de\/geschaeftsbedingungen\/","og_locale":"de_DE","og_type":"article","og_title":"Gesch\u00e4ftsbedingungen - Podology.Shop","og_description":"Regeln f\u00fcr den Kauf und Verkauf der Waren im Online-Shop https:\/\/podology.shop 1. Allgemeine Bestimmungen 1.1. Die vorliegenden Regeln f\u00fcr den Kauf und Verkauf der Waren (im Folgenden als \u201eRegeln\u201c bezeichnet) sind nach Genehmigung durch den K\u00e4ufer (durch Dr\u00fccken der Schaltfl\u00e4che \u201eBestellung aufgeben\u201c) ein rechtsverbindliches Dokument f\u00fcr die Parteien, in dem die Rechte und Pflichten des [&hellip;]","og_url":"https:\/\/podology.shop\/de\/geschaeftsbedingungen\/","og_site_name":"Podology.Shop","article_modified_time":"2026-04-05T18:31:44+00:00","twitter_card":"summary_large_image","twitter_misc":{"Gesch\u00e4tzte Lesezeit":"8\u00a0Minuten"},"schema":{"@context":"https:\/\/schema.org","@graph":[{"@type":"WebPage","@id":"https:\/\/podology.shop\/de\/geschaeftsbedingungen\/","url":"https:\/\/podology.shop\/de\/geschaeftsbedingungen\/","name":"Gesch\u00e4ftsbedingungen - Podology.Shop","isPartOf":{"@id":"https:\/\/podology.shop\/de\/#website"},"datePublished":"2020-12-22T15:23:48+00:00","dateModified":"2026-04-05T18:31:44+00:00","breadcrumb":{"@id":"https:\/\/podology.shop\/de\/geschaeftsbedingungen\/#breadcrumb"},"inLanguage":"de","potentialAction":[{"@type":"ReadAction","target":["https:\/\/podology.shop\/de\/geschaeftsbedingungen\/"]}]},{"@type":"BreadcrumbList","@id":"https:\/\/podology.shop\/de\/geschaeftsbedingungen\/#breadcrumb","itemListElement":[{"@type":"ListItem","position":1,"name":"Home","item":"https:\/\/podology.shop\/de\/"},{"@type":"ListItem","position":2,"name":"Gesch\u00e4ftsbedingungen"}]},{"@type":"WebSite","@id":"https:\/\/podology.shop\/de\/#website","url":"https:\/\/podology.shop\/de\/","name":"Podology.Shop","description":"Podology.Shop","publisher":{"@id":"https:\/\/podology.shop\/de\/#organization"},"potentialAction":[{"@type":"SearchAction","target":{"@type":"EntryPoint","urlTemplate":"https:\/\/podology.shop\/de\/?s={search_term_string}"},"query-input":{"@type":"PropertyValueSpecification","valueRequired":true,"valueName":"search_term_string"}}],"inLanguage":"de"},{"@type":"Organization","@id":"https:\/\/podology.shop\/de\/#organization","name":"Podology.shop","url":"https:\/\/podology.shop\/de\/","logo":{"@type":"ImageObject","inLanguage":"de","@id":"https:\/\/podology.shop\/de\/#\/schema\/logo\/image\/","url":"https:\/\/podology.shop\/wp-content\/uploads\/2020\/11\/125361778_1762772693887349_9190250941118524915_n-scaled.jpg","contentUrl":"https:\/\/podology.shop\/wp-content\/uploads\/2020\/11\/125361778_1762772693887349_9190250941118524915_n-scaled.jpg","width":2560,"height":878,"caption":"Podology.shop"},"image":{"@id":"https:\/\/podology.shop\/de\/#\/schema\/logo\/image\/"}}]}},"_links":{"self":[{"href":"https:\/\/podology.shop\/de\/wp-json\/wp\/v2\/pages\/13373","targetHints":{"allow":["GET"]}}],"collection":[{"href":"https:\/\/podology.shop\/de\/wp-json\/wp\/v2\/pages"}],"about":[{"href":"https:\/\/podology.shop\/de\/wp-json\/wp\/v2\/types\/page"}],"author":[{"embeddable":true,"href":"https:\/\/podology.shop\/de\/wp-json\/wp\/v2\/users\/1"}],"replies":[{"embeddable":true,"href":"https:\/\/podology.shop\/de\/wp-json\/wp\/v2\/comments?post=13373"}],"version-history":[{"count":7,"href":"https:\/\/podology.shop\/de\/wp-json\/wp\/v2\/pages\/13373\/revisions"}],"predecessor-version":[{"id":20172,"href":"https:\/\/podology.shop\/de\/wp-json\/wp\/v2\/pages\/13373\/revisions\/20172"}],"wp:attachment":[{"href":"https:\/\/podology.shop\/de\/wp-json\/wp\/v2\/media?parent=13373"}],"curies":[{"name":"wp","href":"https:\/\/api.w.org\/{rel}","templated":true}]}}