{"id":13377,"date":"2020-12-22T19:23:52","date_gmt":"2020-12-22T15:23:52","guid":{"rendered":"https:\/\/podology.shop\/versanddetails-und-rueckgabebedingungen\/"},"modified":"2023-04-14T13:51:23","modified_gmt":"2023-04-14T09:51:23","slug":"versanddetails-und-rueckgabebedingungen","status":"publish","type":"page","link":"https:\/\/podology.shop\/de\/versanddetails-und-rueckgabebedingungen\/","title":{"rendered":"Versanddetails und R\u00fcckgabebedingungen"},"content":{"rendered":"\n<p>Wir verwenden DPD als unsere Hauptlieferungsmethode.Lieferzeit: 5-20 Werktage f\u00fcr BUSCH-Ware, bis zu 7 Werktage f\u00fcr alle anderen Waren.<\/p>\n\n\n\n<p>Der Versand erfolgt in folgende L\u00e4nder:<\/p>\n\n\n\n<p>\u00d6sterreich, Belgien, Bulgarien, Kroatien, Tschechien, D\u00e4nemark, Estland, Finnland, Frankreich, Deutschland, Griechenland, Ungarn, Irland, Italien, Lettland, Litauen, Luxemburg, Niederlande, Polen, Portugal, Rum\u00e4nien, Slowakei, Slowenien, Spanien, Schweden<\/p>\n\n\n\n<p>Wenn Ihr Land nicht auf der Liste steht, kontaktieren Sie uns bitte \u00fcber das Kontaktformular.<\/p>\n\n\n\n<div class=\"wp-block-buttons is-content-justification-center is-layout-flex wp-container-core-buttons-is-layout-a89b3969 wp-block-buttons-is-layout-flex\">\n<div class=\"wp-block-button\"><a class=\"wp-block-button__link has-white-color has-vivid-cyan-blue-to-vivid-purple-gradient-background has-text-color has-background\" href=\"https:\/\/podology.shop\/kontakt\/?lang=de\" style=\"border-radius:50px\">Kontaktiere uns<\/a><\/div>\n<\/div>\n\n\n\n<p><strong>Besch\u00e4digte Verpackung:<\/strong><\/p>\n\n\n\n<p>Wenn Sie Artikel erhalten, die sichtbar besch\u00e4digt sind, akzeptieren Sie diese nicht und kontaktieren Sie uns bitte sp\u00e4testens innerhalb von 5 Werktagen<\/p>\n\n\n\n<p><strong>Defekte oder unvollst\u00e4ndige Ware:<\/strong><\/p>\n\n\n\n<p>Bitte kontaktieren Sie uns sp\u00e4testens innerhalb von 5 Werktagen. Im Fehlerfall werden wir unser Bestes tun, um die Situation schnell und fair zu beheben.<\/p>\n\n\n\n<p><strong>R\u00fcckgaberecht f\u00fcr Qualit\u00e4tsartikel:<\/strong><\/p>\n\n\n\n<p>Artikel m\u00fcssen innerhalb von 14 Tagen nach Lieferung zur\u00fcckgegeben werden. Solange sie unge\u00f6ffnet und im Versandzustand sind. Versandkosten werden nicht erstattet. Der Kunde \u00fcbernimmt die gesamte Verantwortung f\u00fcr die R\u00fccksendung und die Versandkosten.<\/p>\n\n\n\n<p><strong>Einwegartikel:<\/strong><\/p>\n\n\n\n<p><strong>-Skin Care Produkte und Kosmetika.<\/strong><\/p>\n\n\n\n<p><strong>-Medizinische Verbrauchsmaterialien und Ger\u00e4te<\/strong><\/p>\n\n\n\n<p><strong>-Personalpflegeprodukte<\/strong><\/p>\n\n\n\n<p><\/p>\n\n\n\n<p>Mehr Informationen :<\/p>\n\n\n\n<p><a href=\"https:\/\/e-seimas.lrs.lt\/portal\/legalAct\/lt\/TAD\/3e3f6a70164711e4aa9bb36470fb9e6e\">https:\/\/e-seimas.lrs.lt\/portal\/legalAct\/lt\/TAD\/3e3f6a70164711e4aa9bb36470fb9e6e<\/a><\/p>\n","protected":false},"excerpt":{"rendered":"<p>Wir verwenden DPD als unsere Hauptlieferungsmethode.Lieferzeit: 5-20 Werktage f\u00fcr BUSCH-Ware, bis zu 7 Werktage f\u00fcr alle anderen Waren. Der Versand erfolgt in folgende L\u00e4nder: \u00d6sterreich, Belgien, Bulgarien, Kroatien, Tschechien, D\u00e4nemark, Estland, Finnland, Frankreich, Deutschland, Griechenland, Ungarn, Irland, Italien, Lettland, Litauen, Luxemburg, Niederlande, Polen, Portugal, Rum\u00e4nien, Slowakei, Slowenien, Spanien, Schweden Wenn Ihr Land nicht auf der [&hellip;]<\/p>\n","protected":false},"author":1,"featured_media":0,"parent":0,"menu_order":0,"comment_status":"closed","ping_status":"closed","template":"","meta":{"inline_featured_image":false,"_monsterinsights_skip_tracking":false,"_monsterinsights_sitenote_active":false,"_monsterinsights_sitenote_note":"","_monsterinsights_sitenote_category":0,"site-sidebar-layout":"no-sidebar","site-content-layout":"default","ast-site-content-layout":"default","site-content-style":"default","site-sidebar-style":"default","ast-global-header-display":"","ast-banner-title-visibility":"","ast-main-header-display":"","ast-hfb-above-header-display":"","ast-hfb-below-header-display":"","ast-hfb-mobile-header-display":"","site-post-title":"","ast-breadcrumbs-content":"","ast-featured-img":"","footer-sml-layout":"","ast-disable-related-posts":"","theme-transparent-header-meta":"default","adv-header-id-meta":"","stick-header-meta":"","header-above-stick-meta":"","header-main-stick-meta":"","header-below-stick-meta":"","astra-migrate-meta-layouts":"default","ast-page-background-enabled":"default","ast-page-background-meta":{"desktop":{"background-color":"","background-image":"","background-repeat":"repeat","background-position":"center center","background-size":"auto","background-attachment":"scroll","background-type":"","background-media":"","overlay-type":"","overlay-color":"","overlay-opacity":"","overlay-gradient":""},"tablet":{"background-color":"","background-image":"","background-repeat":"repeat","background-position":"center center","background-size":"auto","background-attachment":"scroll","background-type":"","background-media":"","overlay-type":"","overlay-color":"","overlay-opacity":"","overlay-gradient":""},"mobile":{"background-color":"","background-image":"","background-repeat":"repeat","background-position":"center center","background-size":"auto","background-attachment":"scroll","background-type":"","background-media":"","overlay-type":"","overlay-color":"","overlay-opacity":"","overlay-gradient":""}},"ast-content-background-meta":{"desktop":{"background-color":"var(--ast-global-color-5)","background-image":"","background-repeat":"repeat","background-position":"center center","background-size":"auto","background-attachment":"scroll","background-type":"","background-media":"","overlay-type":"","overlay-color":"","overlay-opacity":"","overlay-gradient":""},"tablet":{"background-color":"var(--ast-global-color-5)","background-image":"","background-repeat":"repeat","background-position":"center center","background-size":"auto","background-attachment":"scroll","background-type":"","background-media":"","overlay-type":"","overlay-color":"","overlay-opacity":"","overlay-gradient":""},"mobile":{"background-color":"var(--ast-global-color-5)","background-image":"","background-repeat":"repeat","background-position":"center center","background-size":"auto","background-attachment":"scroll","background-type":"","background-media":"","overlay-type":"","overlay-color":"","overlay-opacity":"","overlay-gradient":""}},"footnotes":""},"class_list":["post-13377","page","type-page","status-publish","hentry"],"yoast_head":"<!-- This site is optimized with the Yoast SEO plugin v27.4 - https:\/\/yoast.com\/product\/yoast-seo-wordpress\/ -->\n<title>Versanddetails und R\u00fcckgabebedingungen - Podology.Shop<\/title>\n<meta name=\"robots\" content=\"index, follow, max-snippet:-1, max-image-preview:large, max-video-preview:-1\" \/>\n<link rel=\"canonical\" href=\"https:\/\/podology.shop\/de\/versanddetails-und-rueckgabebedingungen\/\" \/>\n<meta property=\"og:locale\" content=\"de_DE\" \/>\n<meta property=\"og:type\" content=\"article\" \/>\n<meta property=\"og:title\" content=\"Versanddetails und R\u00fcckgabebedingungen - Podology.Shop\" \/>\n<meta property=\"og:description\" content=\"Wir verwenden DPD als unsere Hauptlieferungsmethode.Lieferzeit: 5-20 Werktage f\u00fcr BUSCH-Ware, bis zu 7 Werktage f\u00fcr alle anderen Waren. Der Versand erfolgt in folgende L\u00e4nder: \u00d6sterreich, Belgien, Bulgarien, Kroatien, Tschechien, D\u00e4nemark, Estland, Finnland, Frankreich, Deutschland, Griechenland, Ungarn, Irland, Italien, Lettland, Litauen, Luxemburg, Niederlande, Polen, Portugal, Rum\u00e4nien, Slowakei, Slowenien, Spanien, Schweden Wenn Ihr Land nicht auf der [&hellip;]\" \/>\n<meta property=\"og:url\" content=\"https:\/\/podology.shop\/de\/versanddetails-und-rueckgabebedingungen\/\" \/>\n<meta property=\"og:site_name\" content=\"Podology.Shop\" \/>\n<meta property=\"article:modified_time\" content=\"2023-04-14T09:51:23+00:00\" \/>\n<meta name=\"twitter:card\" content=\"summary_large_image\" \/>\n<meta name=\"twitter:label1\" content=\"Gesch\u00e4tzte Lesezeit\" \/>\n\t<meta name=\"twitter:data1\" content=\"1\u00a0Minute\" \/>\n<script type=\"application\/ld+json\" class=\"yoast-schema-graph\">{\"@context\":\"https:\\\/\\\/schema.org\",\"@graph\":[{\"@type\":\"WebPage\",\"@id\":\"https:\\\/\\\/podology.shop\\\/de\\\/versanddetails-und-rueckgabebedingungen\\\/\",\"url\":\"https:\\\/\\\/podology.shop\\\/de\\\/versanddetails-und-rueckgabebedingungen\\\/\",\"name\":\"Versanddetails und R\u00fcckgabebedingungen - Podology.Shop\",\"isPartOf\":{\"@id\":\"https:\\\/\\\/podology.shop\\\/de\\\/#website\"},\"datePublished\":\"2020-12-22T15:23:52+00:00\",\"dateModified\":\"2023-04-14T09:51:23+00:00\",\"breadcrumb\":{\"@id\":\"https:\\\/\\\/podology.shop\\\/de\\\/versanddetails-und-rueckgabebedingungen\\\/#breadcrumb\"},\"inLanguage\":\"de\",\"potentialAction\":[{\"@type\":\"ReadAction\",\"target\":[\"https:\\\/\\\/podology.shop\\\/de\\\/versanddetails-und-rueckgabebedingungen\\\/\"]}]},{\"@type\":\"BreadcrumbList\",\"@id\":\"https:\\\/\\\/podology.shop\\\/de\\\/versanddetails-und-rueckgabebedingungen\\\/#breadcrumb\",\"itemListElement\":[{\"@type\":\"ListItem\",\"position\":1,\"name\":\"Home\",\"item\":\"https:\\\/\\\/podology.shop\\\/de\\\/\"},{\"@type\":\"ListItem\",\"position\":2,\"name\":\"Versanddetails und R\u00fcckgabebedingungen\"}]},{\"@type\":\"WebSite\",\"@id\":\"https:\\\/\\\/podology.shop\\\/de\\\/#website\",\"url\":\"https:\\\/\\\/podology.shop\\\/de\\\/\",\"name\":\"Podology.Shop\",\"description\":\"Podology.Shop\",\"publisher\":{\"@id\":\"https:\\\/\\\/podology.shop\\\/de\\\/#organization\"},\"potentialAction\":[{\"@type\":\"SearchAction\",\"target\":{\"@type\":\"EntryPoint\",\"urlTemplate\":\"https:\\\/\\\/podology.shop\\\/de\\\/?s={search_term_string}\"},\"query-input\":{\"@type\":\"PropertyValueSpecification\",\"valueRequired\":true,\"valueName\":\"search_term_string\"}}],\"inLanguage\":\"de\"},{\"@type\":\"Organization\",\"@id\":\"https:\\\/\\\/podology.shop\\\/de\\\/#organization\",\"name\":\"Podology.shop\",\"url\":\"https:\\\/\\\/podology.shop\\\/de\\\/\",\"logo\":{\"@type\":\"ImageObject\",\"inLanguage\":\"de\",\"@id\":\"https:\\\/\\\/podology.shop\\\/de\\\/#\\\/schema\\\/logo\\\/image\\\/\",\"url\":\"https:\\\/\\\/podology.shop\\\/wp-content\\\/uploads\\\/2020\\\/11\\\/125361778_1762772693887349_9190250941118524915_n-scaled.jpg\",\"contentUrl\":\"https:\\\/\\\/podology.shop\\\/wp-content\\\/uploads\\\/2020\\\/11\\\/125361778_1762772693887349_9190250941118524915_n-scaled.jpg\",\"width\":2560,\"height\":878,\"caption\":\"Podology.shop\"},\"image\":{\"@id\":\"https:\\\/\\\/podology.shop\\\/de\\\/#\\\/schema\\\/logo\\\/image\\\/\"}}]}<\/script>\n<!-- \/ Yoast SEO plugin. -->","yoast_head_json":{"title":"Versanddetails und R\u00fcckgabebedingungen - Podology.Shop","robots":{"index":"index","follow":"follow","max-snippet":"max-snippet:-1","max-image-preview":"max-image-preview:large","max-video-preview":"max-video-preview:-1"},"canonical":"https:\/\/podology.shop\/de\/versanddetails-und-rueckgabebedingungen\/","og_locale":"de_DE","og_type":"article","og_title":"Versanddetails und R\u00fcckgabebedingungen - Podology.Shop","og_description":"Wir verwenden DPD als unsere Hauptlieferungsmethode.Lieferzeit: 5-20 Werktage f\u00fcr BUSCH-Ware, bis zu 7 Werktage f\u00fcr alle anderen Waren. Der Versand erfolgt in folgende L\u00e4nder: \u00d6sterreich, Belgien, Bulgarien, Kroatien, Tschechien, D\u00e4nemark, Estland, Finnland, Frankreich, Deutschland, Griechenland, Ungarn, Irland, Italien, Lettland, Litauen, Luxemburg, Niederlande, Polen, Portugal, Rum\u00e4nien, Slowakei, Slowenien, Spanien, Schweden Wenn Ihr Land nicht auf der [&hellip;]","og_url":"https:\/\/podology.shop\/de\/versanddetails-und-rueckgabebedingungen\/","og_site_name":"Podology.Shop","article_modified_time":"2023-04-14T09:51:23+00:00","twitter_card":"summary_large_image","twitter_misc":{"Gesch\u00e4tzte Lesezeit":"1\u00a0Minute"},"schema":{"@context":"https:\/\/schema.org","@graph":[{"@type":"WebPage","@id":"https:\/\/podology.shop\/de\/versanddetails-und-rueckgabebedingungen\/","url":"https:\/\/podology.shop\/de\/versanddetails-und-rueckgabebedingungen\/","name":"Versanddetails und R\u00fcckgabebedingungen - Podology.Shop","isPartOf":{"@id":"https:\/\/podology.shop\/de\/#website"},"datePublished":"2020-12-22T15:23:52+00:00","dateModified":"2023-04-14T09:51:23+00:00","breadcrumb":{"@id":"https:\/\/podology.shop\/de\/versanddetails-und-rueckgabebedingungen\/#breadcrumb"},"inLanguage":"de","potentialAction":[{"@type":"ReadAction","target":["https:\/\/podology.shop\/de\/versanddetails-und-rueckgabebedingungen\/"]}]},{"@type":"BreadcrumbList","@id":"https:\/\/podology.shop\/de\/versanddetails-und-rueckgabebedingungen\/#breadcrumb","itemListElement":[{"@type":"ListItem","position":1,"name":"Home","item":"https:\/\/podology.shop\/de\/"},{"@type":"ListItem","position":2,"name":"Versanddetails und R\u00fcckgabebedingungen"}]},{"@type":"WebSite","@id":"https:\/\/podology.shop\/de\/#website","url":"https:\/\/podology.shop\/de\/","name":"Podology.Shop","description":"Podology.Shop","publisher":{"@id":"https:\/\/podology.shop\/de\/#organization"},"potentialAction":[{"@type":"SearchAction","target":{"@type":"EntryPoint","urlTemplate":"https:\/\/podology.shop\/de\/?s={search_term_string}"},"query-input":{"@type":"PropertyValueSpecification","valueRequired":true,"valueName":"search_term_string"}}],"inLanguage":"de"},{"@type":"Organization","@id":"https:\/\/podology.shop\/de\/#organization","name":"Podology.shop","url":"https:\/\/podology.shop\/de\/","logo":{"@type":"ImageObject","inLanguage":"de","@id":"https:\/\/podology.shop\/de\/#\/schema\/logo\/image\/","url":"https:\/\/podology.shop\/wp-content\/uploads\/2020\/11\/125361778_1762772693887349_9190250941118524915_n-scaled.jpg","contentUrl":"https:\/\/podology.shop\/wp-content\/uploads\/2020\/11\/125361778_1762772693887349_9190250941118524915_n-scaled.jpg","width":2560,"height":878,"caption":"Podology.shop"},"image":{"@id":"https:\/\/podology.shop\/de\/#\/schema\/logo\/image\/"}}]}},"_links":{"self":[{"href":"https:\/\/podology.shop\/de\/wp-json\/wp\/v2\/pages\/13377","targetHints":{"allow":["GET"]}}],"collection":[{"href":"https:\/\/podology.shop\/de\/wp-json\/wp\/v2\/pages"}],"about":[{"href":"https:\/\/podology.shop\/de\/wp-json\/wp\/v2\/types\/page"}],"author":[{"embeddable":true,"href":"https:\/\/podology.shop\/de\/wp-json\/wp\/v2\/users\/1"}],"replies":[{"embeddable":true,"href":"https:\/\/podology.shop\/de\/wp-json\/wp\/v2\/comments?post=13377"}],"version-history":[{"count":3,"href":"https:\/\/podology.shop\/de\/wp-json\/wp\/v2\/pages\/13377\/revisions"}],"predecessor-version":[{"id":18867,"href":"https:\/\/podology.shop\/de\/wp-json\/wp\/v2\/pages\/13377\/revisions\/18867"}],"wp:attachment":[{"href":"https:\/\/podology.shop\/de\/wp-json\/wp\/v2\/media?parent=13377"}],"curies":[{"name":"wp","href":"https:\/\/api.w.org\/{rel}","templated":true}]}}