{"id":12843,"date":"2020-12-08T14:15:57","date_gmt":"2020-12-08T10:15:57","guid":{"rendered":"https:\/\/podology.shop\/product\/deomed-mini-bamboo-socken\/"},"modified":"2022-08-11T23:00:42","modified_gmt":"2022-08-11T19:00:42","slug":"mini-bamboo-de","status":"publish","type":"product","link":"https:\/\/podology.shop\/de\/produkt\/mini-bamboo-de\/","title":{"rendered":"DEOMED Mini Bamboo socken"},"content":{"rendered":"<p><span style=\"font-weight: 400;\">Mini Bamboo Socken sind f\u00fcr Menschen mit Haut- und Kreislaufproblemen an Schienbein und F\u00fc\u00dfen konzipiert. Die nat\u00fcrlichen, lang anhaltenden antibakteriellen Eigenschaften von Bambusgarn werden zus\u00e4tzlich durch das eingebaute antimikrobielle Sanitized\u00ae-Finish (Schweizer Technologie) verst\u00e4rkt, das eine nahezu vollst\u00e4ndige mikrobielle Eliminierung und geruchsneutrale Eigenschaften bietet. Die antimikrobielle Wirksamkeit ist waschbest\u00e4ndig.<\/span><\/p>\n<p><span style=\"font-weight: 400;\">Das spezielle rutschfeste Polyurethan-Finish erm\u00f6glicht eine hervorragende Haftung und Griffigkeit der Socke auf der Haut und verhindert so ein Abrutschen. Bambusgarn hat eine nat\u00fcrliche F\u00e4higkeit, die F\u00fc\u00dfe atmen zu lassen und transportiert \u00fcbersch\u00fcssige Feuchtigkeit von der Haut weg. <\/span><span style=\"font-weight: 400;\">Das sanfte Bambusgarngef\u00fchl und die nahtlose Verbindung der Zehen verhindern Abrieb. <\/span><span style=\"font-weight: 400;\">Der au\u00dfergew\u00f6hnliche Tragekomfort der Socken wird durch ihre Weichheit und das nahtlose Sockenfinish \u00fcber den Zehen gew\u00e4hrleistet. <\/span><span style=\"font-weight: 400;\">Die Socken reduzieren \u00fcberm\u00e4\u00dfiges Schwitzen und sorgen daf\u00fcr, dass sich die F\u00fc\u00dfe frisch anf\u00fchlen. Dank der oben genannten Eigenschaften werden die Socken in erster Linie f\u00fcr Diabetiker empfohlen, aber auch als vorbeugende Ma\u00dfnahme f\u00fcr alle, die sich t\u00e4glich um ihre F\u00fc\u00dfe k\u00fcmmern m\u00f6chten.<\/span><\/p>\n<p>&nbsp;<\/p>\n<p><b>ZUSAMMENFASSUNG DER WIRKUNGEN<\/b><\/p>\n<p><b>Nicht abrutschen<\/b><span style=\"font-weight: 400;\"> dank der rutschfesten Oberfl\u00e4che<\/span><\/p>\n<p><b>Antibakteriell und fungizid<\/b><b> <\/b><\/p>\n<p><b>Nahtlos<\/b><span style=\"font-weight: 400;\"> nicht abrasiv an den Zehen<\/span><\/p>\n<p><b>Sehr elastisch<\/b><span style=\"font-weight: 400;\"> Schwellungen verhindern<\/span><\/p>\n<p><b>Au\u00dfergew\u00f6hnlich weich<\/b><span style=\"font-weight: 400;\"> freundlich f\u00fcr empfindliche Haut<\/span><\/p>\n<p><b>Atmungsaktiv<\/b><span style=\"font-weight: 400;\"> Hautbel\u00fcftung und Feuchtigkeitstransport<\/span><\/p>\n<p><b>Verursachen Sie keine Reizungen und allergischen Hautreaktionen<\/b><\/p>\n<p><b>Geruchsneutral<\/b><span style=\"font-weight: 400;\"> sorgen f\u00fcr ein frisches Gef\u00fchl<\/span><\/p>\n<p>&nbsp;<\/p>\n<p><span style=\"font-weight: 400;\">Preistr\u00e4ger bei der<\/span><b> Diabetica Expo 2018<\/b><span style=\"font-weight: 400;\"> Messe<\/span><\/p>\n<p><span style=\"font-weight: 400;\">Empfohlen von der<\/span><b> Polnischer Diabetesverband<\/b><span style=\"font-weight: 400;\"> .<\/span><\/p>\n<p><span style=\"font-weight: 400;\">Die Socken werden seit 1989 von einem Unternehmen mit reicher Erfahrung und Tradition hergestellt.<\/span><\/p>\n<p><b>Komposition:<\/b><\/p>\n<ul>\n<li style=\"font-weight: 400;\"><span style=\"font-weight: 400;\">Bambusviskose 72%,<\/span><\/li>\n<li style=\"font-weight: 400;\"><span style=\"font-weight: 400;\">Polyamid 25%,<\/span><\/li>\n<li style=\"font-weight: 400;\"><span style=\"font-weight: 400;\">Elasthan 3%, <\/span><\/li>\n<li style=\"font-weight: 400;\"><span style=\"font-weight: 400;\">Sanitized\u00ae Finish.<\/span><\/li>\n<\/ul>\n<p><span style=\"font-weight: 400;\">Biozid-Wirkstoff: Zinkpyrithion<\/span><\/p>\n","protected":false},"excerpt":{"rendered":"<p>ANTI-MIKROBIELLE NO-SHOW-ANTI-SLIP-SOCKEN<\/p>\n<p>HERGESTELLT AUS BAMBUSGARN<\/p>\n","protected":false},"featured_media":8337,"comment_status":"open","ping_status":"closed","template":"","meta":{"inline_featured_image":false,"_monsterinsights_skip_tracking":false,"_monsterinsights_sitenote_active":false,"_monsterinsights_sitenote_note":"","_monsterinsights_sitenote_category":0,"site-sidebar-layout":"default","site-content-layout":"default","ast-site-content-layout":"default","site-content-style":"default","site-sidebar-style":"default","ast-global-header-display":"","ast-banner-title-visibility":"","ast-main-header-display":"","ast-hfb-above-header-display":"","ast-hfb-below-header-display":"","ast-hfb-mobile-header-display":"","site-post-title":"","ast-breadcrumbs-content":"","ast-featured-img":"","footer-sml-layout":"","ast-disable-related-posts":"","theme-transparent-header-meta":"default","adv-header-id-meta":"","stick-header-meta":"","header-above-stick-meta":"","header-main-stick-meta":"","header-below-stick-meta":"","astra-migrate-meta-layouts":"default","ast-page-background-enabled":"default","ast-page-background-meta":{"desktop":{"background-color":"","background-image":"","background-repeat":"repeat","background-position":"center center","background-size":"auto","background-attachment":"scroll","background-type":"","background-media":"","overlay-type":"","overlay-color":"","overlay-opacity":"","overlay-gradient":""},"tablet":{"background-color":"","background-image":"","background-repeat":"repeat","background-position":"center center","background-size":"auto","background-attachment":"scroll","background-type":"","background-media":"","overlay-type":"","overlay-color":"","overlay-opacity":"","overlay-gradient":""},"mobile":{"background-color":"","background-image":"","background-repeat":"repeat","background-position":"center center","background-size":"auto","background-attachment":"scroll","background-type":"","background-media":"","overlay-type":"","overlay-color":"","overlay-opacity":"","overlay-gradient":""}},"ast-content-background-meta":{"desktop":{"background-color":"var(--ast-global-color-5)","background-image":"","background-repeat":"repeat","background-position":"center center","background-size":"auto","background-attachment":"scroll","background-type":"","background-media":"","overlay-type":"","overlay-color":"","overlay-opacity":"","overlay-gradient":""},"tablet":{"background-color":"var(--ast-global-color-5)","background-image":"","background-repeat":"repeat","background-position":"center center","background-size":"auto","background-attachment":"scroll","background-type":"","background-media":"","overlay-type":"","overlay-color":"","overlay-opacity":"","overlay-gradient":""},"mobile":{"background-color":"var(--ast-global-color-5)","background-image":"","background-repeat":"repeat","background-position":"center center","background-size":"auto","background-attachment":"scroll","background-type":"","background-media":"","overlay-type":"","overlay-color":"","overlay-opacity":"","overlay-gradient":""}}},"product_brand":[],"product_cat":[687],"product_tag":[731,735,734,750,714],"class_list":{"0":"post-12843","1":"product","2":"type-product","3":"status-publish","4":"has-post-thumbnail","6":"product_cat-medizinische-socken-deomed","7":"product_tag-antibakterielle-socken","8":"product_tag-antimikrobielle-socken","9":"product_tag-antimykotische-socken","10":"product_tag-bambussocken","11":"product_tag-diabetikersocken","12":"desktop-align-center","13":"tablet-align-center","14":"mobile-align-center","16":"first","17":"instock","18":"featured","19":"purchasable","20":"product-type-variable","21":"has-default-attributes"},"yoast_head":"<!-- This site is optimized with the Yoast SEO plugin v27.1.1 - https:\/\/yoast.com\/product\/yoast-seo-wordpress\/ -->\n<title>DEOMED Mini Bamboo socken - Podology.Shop<\/title>\n<meta name=\"robots\" content=\"index, follow, max-snippet:-1, max-image-preview:large, max-video-preview:-1\" \/>\n<link rel=\"canonical\" href=\"https:\/\/podology.shop\/de\/produkt\/mini-bamboo-de\/\" \/>\n<meta property=\"og:locale\" content=\"de_DE\" \/>\n<meta property=\"og:type\" content=\"article\" \/>\n<meta property=\"og:title\" content=\"DEOMED Mini Bamboo socken - Podology.Shop\" \/>\n<meta property=\"og:description\" content=\"ANTI-MIKROBIELLE NO-SHOW-ANTI-SLIP-SOCKEN HERGESTELLT AUS BAMBUSGARN\" \/>\n<meta property=\"og:url\" content=\"https:\/\/podology.shop\/de\/produkt\/mini-bamboo-de\/\" \/>\n<meta property=\"og:site_name\" content=\"Podology.Shop\" \/>\n<meta property=\"article:modified_time\" content=\"2022-08-11T19:00:42+00:00\" \/>\n<meta property=\"og:image\" content=\"https:\/\/podology.shop\/wp-content\/uploads\/2020\/12\/Mini-Bamboo-medical-socks.jpg\" \/>\n\t<meta property=\"og:image:width\" content=\"1600\" \/>\n\t<meta property=\"og:image:height\" content=\"1360\" \/>\n\t<meta property=\"og:image:type\" content=\"image\/jpeg\" \/>\n<meta name=\"twitter:card\" content=\"summary_large_image\" \/>\n<meta name=\"twitter:label1\" content=\"Gesch\u00e4tzte Lesezeit\" \/>\n\t<meta name=\"twitter:data1\" content=\"1\u00a0Minute\" \/>\n<script type=\"application\/ld+json\" class=\"yoast-schema-graph\">{\"@context\":\"https:\/\/schema.org\",\"@graph\":[{\"@type\":\"WebPage\",\"@id\":\"https:\/\/podology.shop\/de\/produkt\/mini-bamboo-de\/\",\"url\":\"https:\/\/podology.shop\/de\/produkt\/mini-bamboo-de\/\",\"name\":\"DEOMED Mini Bamboo socken - Podology.Shop\",\"isPartOf\":{\"@id\":\"https:\/\/podology.shop\/de\/#website\"},\"primaryImageOfPage\":{\"@id\":\"https:\/\/podology.shop\/de\/produkt\/mini-bamboo-de\/#primaryimage\"},\"image\":{\"@id\":\"https:\/\/podology.shop\/de\/produkt\/mini-bamboo-de\/#primaryimage\"},\"thumbnailUrl\":\"https:\/\/podology.shop\/wp-content\/uploads\/2020\/12\/Mini-Bamboo-medical-socks.jpg\",\"datePublished\":\"2020-12-08T10:15:57+00:00\",\"dateModified\":\"2022-08-11T19:00:42+00:00\",\"breadcrumb\":{\"@id\":\"https:\/\/podology.shop\/de\/produkt\/mini-bamboo-de\/#breadcrumb\"},\"inLanguage\":\"de\",\"potentialAction\":[{\"@type\":\"ReadAction\",\"target\":[\"https:\/\/podology.shop\/de\/produkt\/mini-bamboo-de\/\"]}]},{\"@type\":\"ImageObject\",\"inLanguage\":\"de\",\"@id\":\"https:\/\/podology.shop\/de\/produkt\/mini-bamboo-de\/#primaryimage\",\"url\":\"https:\/\/podology.shop\/wp-content\/uploads\/2020\/12\/Mini-Bamboo-medical-socks.jpg\",\"contentUrl\":\"https:\/\/podology.shop\/wp-content\/uploads\/2020\/12\/Mini-Bamboo-medical-socks.jpg\",\"width\":1600,\"height\":1360,\"caption\":\"Medizinische Socken Mini Bamboo\"},{\"@type\":\"BreadcrumbList\",\"@id\":\"https:\/\/podology.shop\/de\/produkt\/mini-bamboo-de\/#breadcrumb\",\"itemListElement\":[{\"@type\":\"ListItem\",\"position\":1,\"name\":\"Home\",\"item\":\"https:\/\/podology.shop\/de\/\"},{\"@type\":\"ListItem\",\"position\":2,\"name\":\"Shop\",\"item\":\"https:\/\/podology.shop\/de\/\"},{\"@type\":\"ListItem\",\"position\":3,\"name\":\"DEOMED Mini Bamboo socken\"}]},{\"@type\":\"WebSite\",\"@id\":\"https:\/\/podology.shop\/de\/#website\",\"url\":\"https:\/\/podology.shop\/de\/\",\"name\":\"Podology.Shop\",\"description\":\"Podology.Shop\",\"publisher\":{\"@id\":\"https:\/\/podology.shop\/de\/#organization\"},\"potentialAction\":[{\"@type\":\"SearchAction\",\"target\":{\"@type\":\"EntryPoint\",\"urlTemplate\":\"https:\/\/podology.shop\/de\/?s={search_term_string}\"},\"query-input\":{\"@type\":\"PropertyValueSpecification\",\"valueRequired\":true,\"valueName\":\"search_term_string\"}}],\"inLanguage\":\"de\"},{\"@type\":\"Organization\",\"@id\":\"https:\/\/podology.shop\/de\/#organization\",\"name\":\"Podology.shop\",\"url\":\"https:\/\/podology.shop\/de\/\",\"logo\":{\"@type\":\"ImageObject\",\"inLanguage\":\"de\",\"@id\":\"https:\/\/podology.shop\/de\/#\/schema\/logo\/image\/\",\"url\":\"https:\/\/podology.shop\/wp-content\/uploads\/2020\/11\/125361778_1762772693887349_9190250941118524915_n-scaled.jpg\",\"contentUrl\":\"https:\/\/podology.shop\/wp-content\/uploads\/2020\/11\/125361778_1762772693887349_9190250941118524915_n-scaled.jpg\",\"width\":2560,\"height\":878,\"caption\":\"Podology.shop\"},\"image\":{\"@id\":\"https:\/\/podology.shop\/de\/#\/schema\/logo\/image\/\"}}]}<\/script>\n<!-- \/ Yoast SEO plugin. -->","yoast_head_json":{"title":"DEOMED Mini Bamboo socken - Podology.Shop","robots":{"index":"index","follow":"follow","max-snippet":"max-snippet:-1","max-image-preview":"max-image-preview:large","max-video-preview":"max-video-preview:-1"},"canonical":"https:\/\/podology.shop\/de\/produkt\/mini-bamboo-de\/","og_locale":"de_DE","og_type":"article","og_title":"DEOMED Mini Bamboo socken - Podology.Shop","og_description":"ANTI-MIKROBIELLE NO-SHOW-ANTI-SLIP-SOCKEN HERGESTELLT AUS BAMBUSGARN","og_url":"https:\/\/podology.shop\/de\/produkt\/mini-bamboo-de\/","og_site_name":"Podology.Shop","article_modified_time":"2022-08-11T19:00:42+00:00","og_image":[{"width":1600,"height":1360,"url":"https:\/\/podology.shop\/wp-content\/uploads\/2020\/12\/Mini-Bamboo-medical-socks.jpg","type":"image\/jpeg"}],"twitter_card":"summary_large_image","twitter_misc":{"Gesch\u00e4tzte Lesezeit":"1\u00a0Minute"},"schema":{"@context":"https:\/\/schema.org","@graph":[{"@type":"WebPage","@id":"https:\/\/podology.shop\/de\/produkt\/mini-bamboo-de\/","url":"https:\/\/podology.shop\/de\/produkt\/mini-bamboo-de\/","name":"DEOMED Mini Bamboo socken - Podology.Shop","isPartOf":{"@id":"https:\/\/podology.shop\/de\/#website"},"primaryImageOfPage":{"@id":"https:\/\/podology.shop\/de\/produkt\/mini-bamboo-de\/#primaryimage"},"image":{"@id":"https:\/\/podology.shop\/de\/produkt\/mini-bamboo-de\/#primaryimage"},"thumbnailUrl":"https:\/\/podology.shop\/wp-content\/uploads\/2020\/12\/Mini-Bamboo-medical-socks.jpg","datePublished":"2020-12-08T10:15:57+00:00","dateModified":"2022-08-11T19:00:42+00:00","breadcrumb":{"@id":"https:\/\/podology.shop\/de\/produkt\/mini-bamboo-de\/#breadcrumb"},"inLanguage":"de","potentialAction":[{"@type":"ReadAction","target":["https:\/\/podology.shop\/de\/produkt\/mini-bamboo-de\/"]}]},{"@type":"ImageObject","inLanguage":"de","@id":"https:\/\/podology.shop\/de\/produkt\/mini-bamboo-de\/#primaryimage","url":"https:\/\/podology.shop\/wp-content\/uploads\/2020\/12\/Mini-Bamboo-medical-socks.jpg","contentUrl":"https:\/\/podology.shop\/wp-content\/uploads\/2020\/12\/Mini-Bamboo-medical-socks.jpg","width":1600,"height":1360,"caption":"Medizinische Socken Mini Bamboo"},{"@type":"BreadcrumbList","@id":"https:\/\/podology.shop\/de\/produkt\/mini-bamboo-de\/#breadcrumb","itemListElement":[{"@type":"ListItem","position":1,"name":"Home","item":"https:\/\/podology.shop\/de\/"},{"@type":"ListItem","position":2,"name":"Shop","item":"https:\/\/podology.shop\/de\/"},{"@type":"ListItem","position":3,"name":"DEOMED Mini Bamboo socken"}]},{"@type":"WebSite","@id":"https:\/\/podology.shop\/de\/#website","url":"https:\/\/podology.shop\/de\/","name":"Podology.Shop","description":"Podology.Shop","publisher":{"@id":"https:\/\/podology.shop\/de\/#organization"},"potentialAction":[{"@type":"SearchAction","target":{"@type":"EntryPoint","urlTemplate":"https:\/\/podology.shop\/de\/?s={search_term_string}"},"query-input":{"@type":"PropertyValueSpecification","valueRequired":true,"valueName":"search_term_string"}}],"inLanguage":"de"},{"@type":"Organization","@id":"https:\/\/podology.shop\/de\/#organization","name":"Podology.shop","url":"https:\/\/podology.shop\/de\/","logo":{"@type":"ImageObject","inLanguage":"de","@id":"https:\/\/podology.shop\/de\/#\/schema\/logo\/image\/","url":"https:\/\/podology.shop\/wp-content\/uploads\/2020\/11\/125361778_1762772693887349_9190250941118524915_n-scaled.jpg","contentUrl":"https:\/\/podology.shop\/wp-content\/uploads\/2020\/11\/125361778_1762772693887349_9190250941118524915_n-scaled.jpg","width":2560,"height":878,"caption":"Podology.shop"},"image":{"@id":"https:\/\/podology.shop\/de\/#\/schema\/logo\/image\/"}}]}},"_links":{"self":[{"href":"https:\/\/podology.shop\/de\/wp-json\/wp\/v2\/product\/12843","targetHints":{"allow":["GET"]}}],"collection":[{"href":"https:\/\/podology.shop\/de\/wp-json\/wp\/v2\/product"}],"about":[{"href":"https:\/\/podology.shop\/de\/wp-json\/wp\/v2\/types\/product"}],"replies":[{"embeddable":true,"href":"https:\/\/podology.shop\/de\/wp-json\/wp\/v2\/comments?post=12843"}],"wp:featuredmedia":[{"embeddable":true,"href":"https:\/\/podology.shop\/de\/wp-json\/wp\/v2\/media\/8337"}],"wp:attachment":[{"href":"https:\/\/podology.shop\/de\/wp-json\/wp\/v2\/media?parent=12843"}],"wp:term":[{"taxonomy":"product_brand","embeddable":true,"href":"https:\/\/podology.shop\/de\/wp-json\/wp\/v2\/product_brand?post=12843"},{"taxonomy":"product_cat","embeddable":true,"href":"https:\/\/podology.shop\/de\/wp-json\/wp\/v2\/product_cat?post=12843"},{"taxonomy":"product_tag","embeddable":true,"href":"https:\/\/podology.shop\/de\/wp-json\/wp\/v2\/product_tag?post=12843"}],"curies":[{"name":"wp","href":"https:\/\/api.w.org\/{rel}","templated":true}]}}