{"id":12846,"date":"2020-12-10T23:46:40","date_gmt":"2020-12-21T14:19:06","guid":{"rendered":"https:\/\/podology.shop\/product\/medic-deo-silverwool-socken\/"},"modified":"2021-08-29T19:40:10","modified_gmt":"2021-08-29T16:40:10","slug":"medic-deo-silberwolle-socken","status":"publish","type":"product","link":"https:\/\/podology.shop\/de\/produkt\/medic-deo-silberwolle-socken\/","title":{"rendered":"Medic Deo\u00ae Silverwool Socken"},"content":{"rendered":"<p><span style=\"font-weight: 400;\">Medic Deo<\/span><span style=\"font-weight: 400;\"> \u00ae<\/span> <span style=\"font-weight: 400;\">Silberwollsocken sind f\u00fcr Menschen mit Haut- und Kreislaufproblemen an Schienbein und F\u00fc\u00dfen konzipiert. Die Socken halten die F\u00fc\u00dfe dank der einzigartigen Eigenschaften von Merinowolle und au\u00dfergew\u00f6hnlich warm <\/span><span style=\"font-weight: 400;\">dreischichtiges Frotteegewebe, das auch empfindliche Bereiche der F\u00fc\u00dfe sch\u00fctzt. T.<\/span><span style=\"font-weight: 400;\">Die Atmungsaktivit\u00e4t von Merinowolle sorgt f\u00fcr gute Bel\u00fcftung. Die Socken enthalten Garn mit Silber, das das mikrobielle Wachstum im Stoff reduziert, das abnormale mikrobielle Wachstum auf der Haut hemmt und lang anhaltende antibakterielle und antimykotische Wirkungen gew\u00e4hrleistet. Diese Eigenschaften werden zus\u00e4tzlich durch das eingebaute antimikrobielle Sanitized\u00ae-Finish (Schweizer Technologie) verbessert. Die kleine Zugabe von Lycra<\/span><span style=\"font-weight: 400;\">\u00ae<\/span><span style=\"font-weight: 400;\"> Durch die Faser im speziell strukturierten Stoff haften die Socken perfekt an den Beinen, ohne die Durchblutung zu beeintr\u00e4chtigen. Das sanfte, kratzfeste Wollgarngef\u00fchl und die einzigartige flache Naht \u201eRosso Patent\u201c \u00fcber den Zehen verhindern Abrieb. Die Socken reduzieren \u00fcberm\u00e4\u00dfiges Schwitzen und sorgen daf\u00fcr, dass sich die F\u00fc\u00dfe frisch anf\u00fchlen. Dank der oben genannten Eigenschaften werden die Socken in erster Linie f\u00fcr Diabetiker empfohlen, aber auch als vorbeugende Ma\u00dfnahme f\u00fcr alle, die sich t\u00e4glich um ihre F\u00fc\u00dfe k\u00fcmmern m\u00f6chten. <\/span><\/p>\n<p>&nbsp;<\/p>\n<p><b>ZUSAMMENFASSUNG DER WIRKUNGEN<\/b><\/p>\n<ul>\n<li style=\"list-style-type: none;\">\n<ul>\n<li style=\"font-weight: 400;\"><b>Nicht komprimierend<\/b><span style=\"font-weight: 400;\"> &#8211; die Durchblutung nicht beeintr\u00e4chtigen<\/span><\/li>\n<li style=\"font-weight: 400;\"><b>Verbesserte antibakterielle und antimykotische Wirkung<\/b><\/li>\n<li style=\"font-weight: 400;\"><b>Flache Naht<\/b><span style=\"font-weight: 400;\"> &#8211; nicht abrasiv an den Zehen<\/span><\/li>\n<li style=\"font-weight: 400;\"><b>Maximal flexibel<\/b><span style=\"font-weight: 400;\"> &#8211; Schwellungen verhindern<\/span><\/li>\n<li style=\"font-weight: 400;\"><b>Atmungsaktiv<\/b><span style=\"font-weight: 400;\"> &#8211; Hautbeatmung und Feuchtigkeitstransport<\/span><\/li>\n<li style=\"font-weight: 400;\"><b>Verursachen Sie keine Reizungen und allergischen Hautreaktionen<\/b><\/li>\n<li style=\"font-weight: 400;\"><b>Geruchsneutral<\/b><span style=\"font-weight: 400;\"> &#8211; Lassen Sie die F\u00fc\u00dfe frisch bleiben.<\/span><\/li>\n<\/ul>\n<\/li>\n<\/ul>\n<ul>\n<li style=\"list-style-type: none;\"><\/li>\n<\/ul>\n<p>&nbsp;<\/p>\n<p><b>INDIKATIONEN<\/b><\/p>\n<p><span style=\"font-weight: 400;\">Die Socken k\u00f6nnen zur topischen Linderung bei folgenden Krankheiten eingesetzt werden:<\/span><\/p>\n<ul>\n<li><b>Diabetes,<\/b><\/li>\n<li><b> Arterielle und ven\u00f6se Insuffizienz der Beine,<\/b><\/li>\n<li><b> Dermatitis,<\/b><\/li>\n<li><b> Mykose der F\u00fc\u00dfe,<\/b><\/li>\n<li><b> Hyperhidrose der F\u00fc\u00dfe,<\/b><\/li>\n<li><b> Fettleibigkeit und Beinschwellung.<\/b><\/li>\n<\/ul>\n<p>&nbsp;<\/p>\n<p><b>KONTRAINDIKATIONEN<\/b><\/p>\n<ul>\n<li style=\"font-weight: 400;\"><span style=\"font-weight: 400;\">Keine offenen Wunden anlegen,<\/span><\/li>\n<li style=\"font-weight: 400;\"><span style=\"font-weight: 400;\">Nicht au\u00dferhalb des auf dem Etikett angegebenen Gr\u00f6\u00dfenbereichs verwenden.<\/span><\/li>\n<\/ul>\n<p><b>VERWENDEN<\/b><\/p>\n<ul>\n<li style=\"font-weight: 400;\"><span style=\"font-weight: 400;\">Ziehen Sie gewaschene und getrocknete F\u00fc\u00dfe mit sauberen Socken an.<\/span><\/li>\n<li style=\"font-weight: 400;\"><span style=\"font-weight: 400;\">Mindestens einmal am Tag wechseln,<\/span><\/li>\n<li style=\"font-weight: 400;\"><span style=\"font-weight: 400;\">Socken sind ein pers\u00f6nliches Produkt &#8211; nicht mit anderen Menschen zu teilen.<\/span><\/li>\n<\/ul>\n<p><b>CE<\/b><b> In der EU als medizinisches Ger\u00e4t registriert<\/b><\/p>\n<p><span style=\"font-weight: 400;\">Preistr\u00e4ger bei der<\/span><b> Diabetica Expo 2017<\/b><span style=\"font-weight: 400;\"> Messe.<\/span><\/p>\n<p><span style=\"font-weight: 400;\">Empfohlen von der<\/span><b> Polnischer Diabetesverband<\/b><span style=\"font-weight: 400;\"> .<\/span><\/p>\n<p><span style=\"font-weight: 400;\">Die Socken werden seit 1989 von einem Unternehmen mit reicher Erfahrung und Tradition hergestellt.<\/span><\/p>\n<p><b>Komposition:<\/b><\/p>\n<ul>\n<li style=\"font-weight: 400;\"><span style=\"font-weight: 400;\">Merinowolle 40%,<\/span><\/li>\n<li style=\"font-weight: 400;\"><span style=\"font-weight: 400;\">Acryl 40%,<\/span><\/li>\n<li style=\"font-weight: 400;\"><span style=\"font-weight: 400;\">Prolen\u00ae Siltex (Polypropylen) 17%,<\/span><\/li>\n<li style=\"font-weight: 400;\"><span style=\"font-weight: 400;\">Lycra\u00ae (Elastan) 3%,<\/span><\/li>\n<li style=\"font-weight: 400;\"><span style=\"font-weight: 400;\">Silber 60 ppm,<\/span><\/li>\n<\/ul>\n<ul>\n<li style=\"font-weight: 400;\"><span style=\"font-weight: 400;\">Sanitized\u00ae Finish.<\/span><\/li>\n<\/ul>\n<p><span style=\"font-weight: 400;\">AKTIVE BIOCIDALE STOFFE: Zinkpyrithion, Silberphosphatglas<\/span><\/p>\n<p>&nbsp;<\/p>\n<p><b>PREMIUM QUALIT\u00c4T<\/b><\/p>\n","protected":false},"excerpt":{"rendered":"<p><span style=\"font-weight: 400;\">MEDIZINISCHE TERRY-SOCKEN AUS MERINO-WOLLE MIT SILBER<\/span><\/p>\n","protected":false},"featured_media":8746,"comment_status":"open","ping_status":"closed","template":"","meta":{"inline_featured_image":false,"_monsterinsights_skip_tracking":false,"_monsterinsights_sitenote_active":false,"_monsterinsights_sitenote_note":"","_monsterinsights_sitenote_category":0,"site-sidebar-layout":"default","site-content-layout":"default","ast-site-content-layout":"default","site-content-style":"default","site-sidebar-style":"default","ast-global-header-display":"","ast-banner-title-visibility":"","ast-main-header-display":"","ast-hfb-above-header-display":"","ast-hfb-below-header-display":"","ast-hfb-mobile-header-display":"","site-post-title":"","ast-breadcrumbs-content":"","ast-featured-img":"","footer-sml-layout":"","ast-disable-related-posts":"","theme-transparent-header-meta":"default","adv-header-id-meta":"","stick-header-meta":"","header-above-stick-meta":"","header-main-stick-meta":"","header-below-stick-meta":"","astra-migrate-meta-layouts":"default","ast-page-background-enabled":"default","ast-page-background-meta":{"desktop":{"background-color":"","background-image":"","background-repeat":"repeat","background-position":"center center","background-size":"auto","background-attachment":"scroll","background-type":"","background-media":"","overlay-type":"","overlay-color":"","overlay-opacity":"","overlay-gradient":""},"tablet":{"background-color":"","background-image":"","background-repeat":"repeat","background-position":"center center","background-size":"auto","background-attachment":"scroll","background-type":"","background-media":"","overlay-type":"","overlay-color":"","overlay-opacity":"","overlay-gradient":""},"mobile":{"background-color":"","background-image":"","background-repeat":"repeat","background-position":"center center","background-size":"auto","background-attachment":"scroll","background-type":"","background-media":"","overlay-type":"","overlay-color":"","overlay-opacity":"","overlay-gradient":""}},"ast-content-background-meta":{"desktop":{"background-color":"var(--ast-global-color-5)","background-image":"","background-repeat":"repeat","background-position":"center center","background-size":"auto","background-attachment":"scroll","background-type":"","background-media":"","overlay-type":"","overlay-color":"","overlay-opacity":"","overlay-gradient":""},"tablet":{"background-color":"var(--ast-global-color-5)","background-image":"","background-repeat":"repeat","background-position":"center center","background-size":"auto","background-attachment":"scroll","background-type":"","background-media":"","overlay-type":"","overlay-color":"","overlay-opacity":"","overlay-gradient":""},"mobile":{"background-color":"var(--ast-global-color-5)","background-image":"","background-repeat":"repeat","background-position":"center center","background-size":"auto","background-attachment":"scroll","background-type":"","background-media":"","overlay-type":"","overlay-color":"","overlay-opacity":"","overlay-gradient":""}}},"product_brand":[],"product_cat":[687],"product_tag":[731,735,734,714,755],"class_list":{"0":"post-12846","1":"product","2":"type-product","3":"status-publish","4":"has-post-thumbnail","6":"product_cat-medizinische-socken-deomed","7":"product_tag-antibakterielle-socken","8":"product_tag-antimikrobielle-socken","9":"product_tag-antimykotische-socken","10":"product_tag-diabetikersocken","11":"product_tag-wollsocken","12":"desktop-align-center","13":"tablet-align-center","14":"mobile-align-center","16":"first","17":"instock","18":"featured","19":"product-type-variable"},"yoast_head":"<!-- This site is optimized with the Yoast SEO plugin v27.1.1 - https:\/\/yoast.com\/product\/yoast-seo-wordpress\/ -->\n<title>Medic Deo\u00ae Silverwool Socken - Podology.Shop<\/title>\n<meta name=\"robots\" content=\"index, follow, max-snippet:-1, max-image-preview:large, max-video-preview:-1\" \/>\n<link rel=\"canonical\" href=\"https:\/\/podology.shop\/de\/produkt\/medic-deo-silberwolle-socken\/\" \/>\n<meta property=\"og:locale\" content=\"de_DE\" \/>\n<meta property=\"og:type\" content=\"article\" \/>\n<meta property=\"og:title\" content=\"Medic Deo\u00ae Silverwool Socken - Podology.Shop\" \/>\n<meta property=\"og:description\" content=\"MEDIZINISCHE TERRY-SOCKEN AUS MERINO-WOLLE MIT SILBER\" \/>\n<meta property=\"og:url\" content=\"https:\/\/podology.shop\/de\/produkt\/medic-deo-silberwolle-socken\/\" \/>\n<meta property=\"og:site_name\" content=\"Podology.Shop\" \/>\n<meta property=\"article:modified_time\" content=\"2021-08-29T16:40:10+00:00\" \/>\n<meta property=\"og:image\" content=\"https:\/\/podology.shop\/wp-content\/uploads\/2020\/12\/Medic-Deo-Silverwool-medical-socks.jpg\" \/>\n\t<meta property=\"og:image:width\" content=\"1600\" \/>\n\t<meta property=\"og:image:height\" content=\"1360\" \/>\n\t<meta property=\"og:image:type\" content=\"image\/jpeg\" \/>\n<meta name=\"twitter:card\" content=\"summary_large_image\" \/>\n<meta name=\"twitter:label1\" content=\"Gesch\u00e4tzte Lesezeit\" \/>\n\t<meta name=\"twitter:data1\" content=\"2\u00a0Minuten\" \/>\n<script type=\"application\/ld+json\" class=\"yoast-schema-graph\">{\"@context\":\"https:\/\/schema.org\",\"@graph\":[{\"@type\":\"WebPage\",\"@id\":\"https:\/\/podology.shop\/de\/produkt\/medic-deo-silberwolle-socken\/\",\"url\":\"https:\/\/podology.shop\/de\/produkt\/medic-deo-silberwolle-socken\/\",\"name\":\"Medic Deo\u00ae Silverwool Socken - Podology.Shop\",\"isPartOf\":{\"@id\":\"https:\/\/podology.shop\/de\/#website\"},\"primaryImageOfPage\":{\"@id\":\"https:\/\/podology.shop\/de\/produkt\/medic-deo-silberwolle-socken\/#primaryimage\"},\"image\":{\"@id\":\"https:\/\/podology.shop\/de\/produkt\/medic-deo-silberwolle-socken\/#primaryimage\"},\"thumbnailUrl\":\"https:\/\/podology.shop\/wp-content\/uploads\/2020\/12\/Medic-Deo-Silverwool-medical-socks.jpg\",\"datePublished\":\"2020-12-21T14:19:06+00:00\",\"dateModified\":\"2021-08-29T16:40:10+00:00\",\"breadcrumb\":{\"@id\":\"https:\/\/podology.shop\/de\/produkt\/medic-deo-silberwolle-socken\/#breadcrumb\"},\"inLanguage\":\"de\",\"potentialAction\":[{\"@type\":\"ReadAction\",\"target\":[\"https:\/\/podology.shop\/de\/produkt\/medic-deo-silberwolle-socken\/\"]}]},{\"@type\":\"ImageObject\",\"inLanguage\":\"de\",\"@id\":\"https:\/\/podology.shop\/de\/produkt\/medic-deo-silberwolle-socken\/#primaryimage\",\"url\":\"https:\/\/podology.shop\/wp-content\/uploads\/2020\/12\/Medic-Deo-Silverwool-medical-socks.jpg\",\"contentUrl\":\"https:\/\/podology.shop\/wp-content\/uploads\/2020\/12\/Medic-Deo-Silverwool-medical-socks.jpg\",\"width\":1600,\"height\":1360,\"caption\":\"Medic Deo Silverwool medizinische Socken\"},{\"@type\":\"BreadcrumbList\",\"@id\":\"https:\/\/podology.shop\/de\/produkt\/medic-deo-silberwolle-socken\/#breadcrumb\",\"itemListElement\":[{\"@type\":\"ListItem\",\"position\":1,\"name\":\"Home\",\"item\":\"https:\/\/podology.shop\/de\/\"},{\"@type\":\"ListItem\",\"position\":2,\"name\":\"Shop\",\"item\":\"https:\/\/podology.shop\/de\/\"},{\"@type\":\"ListItem\",\"position\":3,\"name\":\"Medic Deo\u00ae Silverwool Socken\"}]},{\"@type\":\"WebSite\",\"@id\":\"https:\/\/podology.shop\/de\/#website\",\"url\":\"https:\/\/podology.shop\/de\/\",\"name\":\"Podology.Shop\",\"description\":\"Podology.Shop\",\"publisher\":{\"@id\":\"https:\/\/podology.shop\/de\/#organization\"},\"potentialAction\":[{\"@type\":\"SearchAction\",\"target\":{\"@type\":\"EntryPoint\",\"urlTemplate\":\"https:\/\/podology.shop\/de\/?s={search_term_string}\"},\"query-input\":{\"@type\":\"PropertyValueSpecification\",\"valueRequired\":true,\"valueName\":\"search_term_string\"}}],\"inLanguage\":\"de\"},{\"@type\":\"Organization\",\"@id\":\"https:\/\/podology.shop\/de\/#organization\",\"name\":\"Podology.shop\",\"url\":\"https:\/\/podology.shop\/de\/\",\"logo\":{\"@type\":\"ImageObject\",\"inLanguage\":\"de\",\"@id\":\"https:\/\/podology.shop\/de\/#\/schema\/logo\/image\/\",\"url\":\"https:\/\/podology.shop\/wp-content\/uploads\/2020\/11\/125361778_1762772693887349_9190250941118524915_n-scaled.jpg\",\"contentUrl\":\"https:\/\/podology.shop\/wp-content\/uploads\/2020\/11\/125361778_1762772693887349_9190250941118524915_n-scaled.jpg\",\"width\":2560,\"height\":878,\"caption\":\"Podology.shop\"},\"image\":{\"@id\":\"https:\/\/podology.shop\/de\/#\/schema\/logo\/image\/\"}}]}<\/script>\n<!-- \/ Yoast SEO plugin. -->","yoast_head_json":{"title":"Medic Deo\u00ae Silverwool Socken - Podology.Shop","robots":{"index":"index","follow":"follow","max-snippet":"max-snippet:-1","max-image-preview":"max-image-preview:large","max-video-preview":"max-video-preview:-1"},"canonical":"https:\/\/podology.shop\/de\/produkt\/medic-deo-silberwolle-socken\/","og_locale":"de_DE","og_type":"article","og_title":"Medic Deo\u00ae Silverwool Socken - Podology.Shop","og_description":"MEDIZINISCHE TERRY-SOCKEN AUS MERINO-WOLLE MIT SILBER","og_url":"https:\/\/podology.shop\/de\/produkt\/medic-deo-silberwolle-socken\/","og_site_name":"Podology.Shop","article_modified_time":"2021-08-29T16:40:10+00:00","og_image":[{"width":1600,"height":1360,"url":"https:\/\/podology.shop\/wp-content\/uploads\/2020\/12\/Medic-Deo-Silverwool-medical-socks.jpg","type":"image\/jpeg"}],"twitter_card":"summary_large_image","twitter_misc":{"Gesch\u00e4tzte Lesezeit":"2\u00a0Minuten"},"schema":{"@context":"https:\/\/schema.org","@graph":[{"@type":"WebPage","@id":"https:\/\/podology.shop\/de\/produkt\/medic-deo-silberwolle-socken\/","url":"https:\/\/podology.shop\/de\/produkt\/medic-deo-silberwolle-socken\/","name":"Medic Deo\u00ae Silverwool Socken - Podology.Shop","isPartOf":{"@id":"https:\/\/podology.shop\/de\/#website"},"primaryImageOfPage":{"@id":"https:\/\/podology.shop\/de\/produkt\/medic-deo-silberwolle-socken\/#primaryimage"},"image":{"@id":"https:\/\/podology.shop\/de\/produkt\/medic-deo-silberwolle-socken\/#primaryimage"},"thumbnailUrl":"https:\/\/podology.shop\/wp-content\/uploads\/2020\/12\/Medic-Deo-Silverwool-medical-socks.jpg","datePublished":"2020-12-21T14:19:06+00:00","dateModified":"2021-08-29T16:40:10+00:00","breadcrumb":{"@id":"https:\/\/podology.shop\/de\/produkt\/medic-deo-silberwolle-socken\/#breadcrumb"},"inLanguage":"de","potentialAction":[{"@type":"ReadAction","target":["https:\/\/podology.shop\/de\/produkt\/medic-deo-silberwolle-socken\/"]}]},{"@type":"ImageObject","inLanguage":"de","@id":"https:\/\/podology.shop\/de\/produkt\/medic-deo-silberwolle-socken\/#primaryimage","url":"https:\/\/podology.shop\/wp-content\/uploads\/2020\/12\/Medic-Deo-Silverwool-medical-socks.jpg","contentUrl":"https:\/\/podology.shop\/wp-content\/uploads\/2020\/12\/Medic-Deo-Silverwool-medical-socks.jpg","width":1600,"height":1360,"caption":"Medic Deo Silverwool medizinische Socken"},{"@type":"BreadcrumbList","@id":"https:\/\/podology.shop\/de\/produkt\/medic-deo-silberwolle-socken\/#breadcrumb","itemListElement":[{"@type":"ListItem","position":1,"name":"Home","item":"https:\/\/podology.shop\/de\/"},{"@type":"ListItem","position":2,"name":"Shop","item":"https:\/\/podology.shop\/de\/"},{"@type":"ListItem","position":3,"name":"Medic Deo\u00ae Silverwool Socken"}]},{"@type":"WebSite","@id":"https:\/\/podology.shop\/de\/#website","url":"https:\/\/podology.shop\/de\/","name":"Podology.Shop","description":"Podology.Shop","publisher":{"@id":"https:\/\/podology.shop\/de\/#organization"},"potentialAction":[{"@type":"SearchAction","target":{"@type":"EntryPoint","urlTemplate":"https:\/\/podology.shop\/de\/?s={search_term_string}"},"query-input":{"@type":"PropertyValueSpecification","valueRequired":true,"valueName":"search_term_string"}}],"inLanguage":"de"},{"@type":"Organization","@id":"https:\/\/podology.shop\/de\/#organization","name":"Podology.shop","url":"https:\/\/podology.shop\/de\/","logo":{"@type":"ImageObject","inLanguage":"de","@id":"https:\/\/podology.shop\/de\/#\/schema\/logo\/image\/","url":"https:\/\/podology.shop\/wp-content\/uploads\/2020\/11\/125361778_1762772693887349_9190250941118524915_n-scaled.jpg","contentUrl":"https:\/\/podology.shop\/wp-content\/uploads\/2020\/11\/125361778_1762772693887349_9190250941118524915_n-scaled.jpg","width":2560,"height":878,"caption":"Podology.shop"},"image":{"@id":"https:\/\/podology.shop\/de\/#\/schema\/logo\/image\/"}}]}},"_links":{"self":[{"href":"https:\/\/podology.shop\/de\/wp-json\/wp\/v2\/product\/12846","targetHints":{"allow":["GET"]}}],"collection":[{"href":"https:\/\/podology.shop\/de\/wp-json\/wp\/v2\/product"}],"about":[{"href":"https:\/\/podology.shop\/de\/wp-json\/wp\/v2\/types\/product"}],"replies":[{"embeddable":true,"href":"https:\/\/podology.shop\/de\/wp-json\/wp\/v2\/comments?post=12846"}],"wp:featuredmedia":[{"embeddable":true,"href":"https:\/\/podology.shop\/de\/wp-json\/wp\/v2\/media\/8746"}],"wp:attachment":[{"href":"https:\/\/podology.shop\/de\/wp-json\/wp\/v2\/media?parent=12846"}],"wp:term":[{"taxonomy":"product_brand","embeddable":true,"href":"https:\/\/podology.shop\/de\/wp-json\/wp\/v2\/product_brand?post=12846"},{"taxonomy":"product_cat","embeddable":true,"href":"https:\/\/podology.shop\/de\/wp-json\/wp\/v2\/product_cat?post=12846"},{"taxonomy":"product_tag","embeddable":true,"href":"https:\/\/podology.shop\/de\/wp-json\/wp\/v2\/product_tag?post=12846"}],"curies":[{"name":"wp","href":"https:\/\/api.w.org\/{rel}","templated":true}]}}