{"id":15284,"date":"2020-11-30T20:53:00","date_gmt":"2020-11-30T16:53:00","guid":{"rendered":"https:\/\/podology.shop\/product\/hybridtwister-tapered-tip-coarse-grit\/"},"modified":"2021-08-29T19:40:10","modified_gmt":"2021-08-29T16:40:10","slug":"hybridtwister-tapered-tip-coarse-grit","status":"publish","type":"product","link":"https:\/\/podology.shop\/de\/produkt\/hybridtwister-tapered-tip-coarse-grit\/","title":{"rendered":"Hybrid TWISTER spitz, grobe Hybridk\u00f6rnung"},"content":{"rendered":"<p>Unser Experte f\u00fcr besondere F\u00e4lle<\/p>\n<p>Entfernen Sie gro\u00dfe Schwielen sowie Rhagaden, lokalisierte Schwielen (z. B. an den Zehenspitzen) und H\u00fchneraugen mit einem einzigen Instrument. Die Besonderheit dieser Twister-Form &#8211; der lange, parallele Kopf mit einer sich verj\u00fcngenden Spitze &#8211; erm\u00f6glicht es Ihnen, sowohl auf gr\u00f6\u00dferen Fl\u00e4chen als auch zwischen den Zehen zu arbeiten. Dies erleichtert den Behandlungsprozess und reduziert sowohl die Notwendigkeit, die Instrumente zu wechseln, als auch den Zeitaufwand f\u00fcr die Wiederaufbereitung der Ger\u00e4te.<\/p>\n<p>Die hochwirksame Hybridbeschichtung, die Diamant und Keramik kombiniert, bietet Komfort und Leichtigkeit beim Entfernen von Schwielen. Sie werden von der hohen Entfernungsrate der Hybrid TWISTER spitz begeistert sein. Trotz der feineren Hybridbeschichtung k\u00f6nnen Schwielen noch schneller entfernt werden, w\u00e4hrend eine glattere Oberfl\u00e4che erzielt wird.<br \/>\nNutzen Sie alle Vorteile der Hybrid TWISTER spitz<br \/>\nDie Diamantk\u00f6rnung = f\u00fcr eine l\u00e4ngere Lebensdauer und h\u00f6here Kosteneffizienz<br \/>\nDie Keramikk\u00f6rnung = f\u00fcr eine h\u00f6here Abtragsrate, glatte Oberfl\u00e4chen und Zeitersparnis<br \/>\nDas TWISTER-Design = f\u00fcr optimale Spr\u00fchk\u00fchlung, effizientere und trockenere Absaugung<\/p>\n","protected":false},"excerpt":{"rendered":"<p>grobe Hybridk\u00f6rnung<br \/>\n\u2022 Abtrag dicker Hornschwielen<br \/>\n\u2022 bearbeiten von Rhagaden<\/p>\n<p>Die Hybrid TWISTER spitz ist ein medizinisches Ger\u00e4t, das sowohl in trockener als auch in nasser Technik verwendet werden kann und problemlos in den Workflow f\u00fcr die Wiederaufbereitung von Ger\u00e4ten integriert werden kann.<\/p>\n","protected":false},"featured_media":9740,"comment_status":"open","ping_status":"closed","template":"","meta":{"inline_featured_image":false,"_monsterinsights_skip_tracking":false,"_monsterinsights_sitenote_active":false,"_monsterinsights_sitenote_note":"","_monsterinsights_sitenote_category":0,"site-sidebar-layout":"default","site-content-layout":"default","ast-site-content-layout":"default","site-content-style":"default","site-sidebar-style":"default","ast-global-header-display":"","ast-banner-title-visibility":"","ast-main-header-display":"","ast-hfb-above-header-display":"","ast-hfb-below-header-display":"","ast-hfb-mobile-header-display":"","site-post-title":"","ast-breadcrumbs-content":"","ast-featured-img":"","footer-sml-layout":"","ast-disable-related-posts":"","theme-transparent-header-meta":"default","adv-header-id-meta":"","stick-header-meta":"","header-above-stick-meta":"","header-main-stick-meta":"","header-below-stick-meta":"","astra-migrate-meta-layouts":"default","ast-page-background-enabled":"default","ast-page-background-meta":{"desktop":{"background-color":"","background-image":"","background-repeat":"repeat","background-position":"center center","background-size":"auto","background-attachment":"scroll","background-type":"","background-media":"","overlay-type":"","overlay-color":"","overlay-opacity":"","overlay-gradient":""},"tablet":{"background-color":"","background-image":"","background-repeat":"repeat","background-position":"center center","background-size":"auto","background-attachment":"scroll","background-type":"","background-media":"","overlay-type":"","overlay-color":"","overlay-opacity":"","overlay-gradient":""},"mobile":{"background-color":"","background-image":"","background-repeat":"repeat","background-position":"center center","background-size":"auto","background-attachment":"scroll","background-type":"","background-media":"","overlay-type":"","overlay-color":"","overlay-opacity":"","overlay-gradient":""}},"ast-content-background-meta":{"desktop":{"background-color":"var(--ast-global-color-5)","background-image":"","background-repeat":"repeat","background-position":"center center","background-size":"auto","background-attachment":"scroll","background-type":"","background-media":"","overlay-type":"","overlay-color":"","overlay-opacity":"","overlay-gradient":""},"tablet":{"background-color":"var(--ast-global-color-5)","background-image":"","background-repeat":"repeat","background-position":"center center","background-size":"auto","background-attachment":"scroll","background-type":"","background-media":"","overlay-type":"","overlay-color":"","overlay-opacity":"","overlay-gradient":""},"mobile":{"background-color":"var(--ast-global-color-5)","background-image":"","background-repeat":"repeat","background-position":"center center","background-size":"auto","background-attachment":"scroll","background-type":"","background-media":"","overlay-type":"","overlay-color":"","overlay-opacity":"","overlay-gradient":""}}},"product_brand":[],"product_cat":[85],"product_tag":[903],"class_list":{"0":"post-15284","1":"product","2":"type-product","3":"status-publish","4":"has-post-thumbnail","6":"product_cat-busch-drills-podiatry","7":"product_tag-ht852115hp-de","8":"desktop-align-center","9":"tablet-align-center","10":"mobile-align-center","12":"first","13":"outofstock","14":"shipping-taxable","15":"purchasable","16":"product-type-simple"},"yoast_head":"<!-- This site is optimized with the Yoast SEO plugin v27.1.1 - https:\/\/yoast.com\/product\/yoast-seo-wordpress\/ -->\n<title>Hybrid TWISTER spitz, grobe Hybridk\u00f6rnung - Podology.Shop<\/title>\n<meta name=\"robots\" content=\"index, follow, max-snippet:-1, max-image-preview:large, max-video-preview:-1\" \/>\n<link rel=\"canonical\" href=\"https:\/\/podology.shop\/de\/produkt\/hybridtwister-tapered-tip-coarse-grit\/\" \/>\n<meta property=\"og:locale\" content=\"de_DE\" \/>\n<meta property=\"og:type\" content=\"article\" \/>\n<meta property=\"og:title\" content=\"Hybrid TWISTER spitz, grobe Hybridk\u00f6rnung - Podology.Shop\" \/>\n<meta property=\"og:description\" content=\"grobe Hybridk\u00f6rnung \u2022 Abtrag dicker Hornschwielen \u2022 bearbeiten von Rhagaden Die Hybrid TWISTER spitz ist ein medizinisches Ger\u00e4t, das sowohl in trockener als auch in nasser Technik verwendet werden kann und problemlos in den Workflow f\u00fcr die Wiederaufbereitung von Ger\u00e4ten integriert werden kann.\" \/>\n<meta property=\"og:url\" content=\"https:\/\/podology.shop\/de\/produkt\/hybridtwister-tapered-tip-coarse-grit\/\" \/>\n<meta property=\"og:site_name\" content=\"Podology.Shop\" \/>\n<meta property=\"article:modified_time\" content=\"2021-08-29T16:40:10+00:00\" \/>\n<meta property=\"og:image\" content=\"https:\/\/podology.shop\/wp-content\/uploads\/2020\/11\/HYBRIDTWISTER-TAPERED-TIP-COARSE-GRIT.jpg\" \/>\n\t<meta property=\"og:image:width\" content=\"1600\" \/>\n\t<meta property=\"og:image:height\" content=\"1360\" \/>\n\t<meta property=\"og:image:type\" content=\"image\/jpeg\" \/>\n<meta name=\"twitter:card\" content=\"summary_large_image\" \/>\n<meta name=\"twitter:label1\" content=\"Gesch\u00e4tzte Lesezeit\" \/>\n\t<meta name=\"twitter:data1\" content=\"1\u00a0Minute\" \/>\n<script type=\"application\/ld+json\" class=\"yoast-schema-graph\">{\"@context\":\"https:\/\/schema.org\",\"@graph\":[{\"@type\":\"WebPage\",\"@id\":\"https:\/\/podology.shop\/de\/produkt\/hybridtwister-tapered-tip-coarse-grit\/\",\"url\":\"https:\/\/podology.shop\/de\/produkt\/hybridtwister-tapered-tip-coarse-grit\/\",\"name\":\"Hybrid TWISTER spitz, grobe Hybridk\u00f6rnung - Podology.Shop\",\"isPartOf\":{\"@id\":\"https:\/\/podology.shop\/de\/#website\"},\"primaryImageOfPage\":{\"@id\":\"https:\/\/podology.shop\/de\/produkt\/hybridtwister-tapered-tip-coarse-grit\/#primaryimage\"},\"image\":{\"@id\":\"https:\/\/podology.shop\/de\/produkt\/hybridtwister-tapered-tip-coarse-grit\/#primaryimage\"},\"thumbnailUrl\":\"https:\/\/podology.shop\/wp-content\/uploads\/2020\/11\/HYBRIDTWISTER-TAPERED-TIP-COARSE-GRIT.jpg\",\"datePublished\":\"2020-11-30T16:53:00+00:00\",\"dateModified\":\"2021-08-29T16:40:10+00:00\",\"breadcrumb\":{\"@id\":\"https:\/\/podology.shop\/de\/produkt\/hybridtwister-tapered-tip-coarse-grit\/#breadcrumb\"},\"inLanguage\":\"de\",\"potentialAction\":[{\"@type\":\"ReadAction\",\"target\":[\"https:\/\/podology.shop\/de\/produkt\/hybridtwister-tapered-tip-coarse-grit\/\"]}]},{\"@type\":\"ImageObject\",\"inLanguage\":\"de\",\"@id\":\"https:\/\/podology.shop\/de\/produkt\/hybridtwister-tapered-tip-coarse-grit\/#primaryimage\",\"url\":\"https:\/\/podology.shop\/wp-content\/uploads\/2020\/11\/HYBRIDTWISTER-TAPERED-TIP-COARSE-GRIT.jpg\",\"contentUrl\":\"https:\/\/podology.shop\/wp-content\/uploads\/2020\/11\/HYBRIDTWISTER-TAPERED-TIP-COARSE-GRIT.jpg\",\"width\":1600,\"height\":1360,\"caption\":\"HT852 115 HP Hybrid TWISTER spitz, grobe Hybridk\u00f6rnung\"},{\"@type\":\"BreadcrumbList\",\"@id\":\"https:\/\/podology.shop\/de\/produkt\/hybridtwister-tapered-tip-coarse-grit\/#breadcrumb\",\"itemListElement\":[{\"@type\":\"ListItem\",\"position\":1,\"name\":\"Home\",\"item\":\"https:\/\/podology.shop\/de\/\"},{\"@type\":\"ListItem\",\"position\":2,\"name\":\"Shop\",\"item\":\"https:\/\/podology.shop\/de\/\"},{\"@type\":\"ListItem\",\"position\":3,\"name\":\"Hybrid TWISTER spitz, grobe Hybridk\u00f6rnung\"}]},{\"@type\":\"WebSite\",\"@id\":\"https:\/\/podology.shop\/de\/#website\",\"url\":\"https:\/\/podology.shop\/de\/\",\"name\":\"Podology.Shop\",\"description\":\"Podology.Shop\",\"publisher\":{\"@id\":\"https:\/\/podology.shop\/de\/#organization\"},\"potentialAction\":[{\"@type\":\"SearchAction\",\"target\":{\"@type\":\"EntryPoint\",\"urlTemplate\":\"https:\/\/podology.shop\/de\/?s={search_term_string}\"},\"query-input\":{\"@type\":\"PropertyValueSpecification\",\"valueRequired\":true,\"valueName\":\"search_term_string\"}}],\"inLanguage\":\"de\"},{\"@type\":\"Organization\",\"@id\":\"https:\/\/podology.shop\/de\/#organization\",\"name\":\"Podology.shop\",\"url\":\"https:\/\/podology.shop\/de\/\",\"logo\":{\"@type\":\"ImageObject\",\"inLanguage\":\"de\",\"@id\":\"https:\/\/podology.shop\/de\/#\/schema\/logo\/image\/\",\"url\":\"https:\/\/podology.shop\/wp-content\/uploads\/2020\/11\/125361778_1762772693887349_9190250941118524915_n-scaled.jpg\",\"contentUrl\":\"https:\/\/podology.shop\/wp-content\/uploads\/2020\/11\/125361778_1762772693887349_9190250941118524915_n-scaled.jpg\",\"width\":2560,\"height\":878,\"caption\":\"Podology.shop\"},\"image\":{\"@id\":\"https:\/\/podology.shop\/de\/#\/schema\/logo\/image\/\"}}]}<\/script>\n<!-- \/ Yoast SEO plugin. -->","yoast_head_json":{"title":"Hybrid TWISTER spitz, grobe Hybridk\u00f6rnung - Podology.Shop","robots":{"index":"index","follow":"follow","max-snippet":"max-snippet:-1","max-image-preview":"max-image-preview:large","max-video-preview":"max-video-preview:-1"},"canonical":"https:\/\/podology.shop\/de\/produkt\/hybridtwister-tapered-tip-coarse-grit\/","og_locale":"de_DE","og_type":"article","og_title":"Hybrid TWISTER spitz, grobe Hybridk\u00f6rnung - Podology.Shop","og_description":"grobe Hybridk\u00f6rnung \u2022 Abtrag dicker Hornschwielen \u2022 bearbeiten von Rhagaden Die Hybrid TWISTER spitz ist ein medizinisches Ger\u00e4t, das sowohl in trockener als auch in nasser Technik verwendet werden kann und problemlos in den Workflow f\u00fcr die Wiederaufbereitung von Ger\u00e4ten integriert werden kann.","og_url":"https:\/\/podology.shop\/de\/produkt\/hybridtwister-tapered-tip-coarse-grit\/","og_site_name":"Podology.Shop","article_modified_time":"2021-08-29T16:40:10+00:00","og_image":[{"width":1600,"height":1360,"url":"https:\/\/podology.shop\/wp-content\/uploads\/2020\/11\/HYBRIDTWISTER-TAPERED-TIP-COARSE-GRIT.jpg","type":"image\/jpeg"}],"twitter_card":"summary_large_image","twitter_misc":{"Gesch\u00e4tzte Lesezeit":"1\u00a0Minute"},"schema":{"@context":"https:\/\/schema.org","@graph":[{"@type":"WebPage","@id":"https:\/\/podology.shop\/de\/produkt\/hybridtwister-tapered-tip-coarse-grit\/","url":"https:\/\/podology.shop\/de\/produkt\/hybridtwister-tapered-tip-coarse-grit\/","name":"Hybrid TWISTER spitz, grobe Hybridk\u00f6rnung - Podology.Shop","isPartOf":{"@id":"https:\/\/podology.shop\/de\/#website"},"primaryImageOfPage":{"@id":"https:\/\/podology.shop\/de\/produkt\/hybridtwister-tapered-tip-coarse-grit\/#primaryimage"},"image":{"@id":"https:\/\/podology.shop\/de\/produkt\/hybridtwister-tapered-tip-coarse-grit\/#primaryimage"},"thumbnailUrl":"https:\/\/podology.shop\/wp-content\/uploads\/2020\/11\/HYBRIDTWISTER-TAPERED-TIP-COARSE-GRIT.jpg","datePublished":"2020-11-30T16:53:00+00:00","dateModified":"2021-08-29T16:40:10+00:00","breadcrumb":{"@id":"https:\/\/podology.shop\/de\/produkt\/hybridtwister-tapered-tip-coarse-grit\/#breadcrumb"},"inLanguage":"de","potentialAction":[{"@type":"ReadAction","target":["https:\/\/podology.shop\/de\/produkt\/hybridtwister-tapered-tip-coarse-grit\/"]}]},{"@type":"ImageObject","inLanguage":"de","@id":"https:\/\/podology.shop\/de\/produkt\/hybridtwister-tapered-tip-coarse-grit\/#primaryimage","url":"https:\/\/podology.shop\/wp-content\/uploads\/2020\/11\/HYBRIDTWISTER-TAPERED-TIP-COARSE-GRIT.jpg","contentUrl":"https:\/\/podology.shop\/wp-content\/uploads\/2020\/11\/HYBRIDTWISTER-TAPERED-TIP-COARSE-GRIT.jpg","width":1600,"height":1360,"caption":"HT852 115 HP Hybrid TWISTER spitz, grobe Hybridk\u00f6rnung"},{"@type":"BreadcrumbList","@id":"https:\/\/podology.shop\/de\/produkt\/hybridtwister-tapered-tip-coarse-grit\/#breadcrumb","itemListElement":[{"@type":"ListItem","position":1,"name":"Home","item":"https:\/\/podology.shop\/de\/"},{"@type":"ListItem","position":2,"name":"Shop","item":"https:\/\/podology.shop\/de\/"},{"@type":"ListItem","position":3,"name":"Hybrid TWISTER spitz, grobe Hybridk\u00f6rnung"}]},{"@type":"WebSite","@id":"https:\/\/podology.shop\/de\/#website","url":"https:\/\/podology.shop\/de\/","name":"Podology.Shop","description":"Podology.Shop","publisher":{"@id":"https:\/\/podology.shop\/de\/#organization"},"potentialAction":[{"@type":"SearchAction","target":{"@type":"EntryPoint","urlTemplate":"https:\/\/podology.shop\/de\/?s={search_term_string}"},"query-input":{"@type":"PropertyValueSpecification","valueRequired":true,"valueName":"search_term_string"}}],"inLanguage":"de"},{"@type":"Organization","@id":"https:\/\/podology.shop\/de\/#organization","name":"Podology.shop","url":"https:\/\/podology.shop\/de\/","logo":{"@type":"ImageObject","inLanguage":"de","@id":"https:\/\/podology.shop\/de\/#\/schema\/logo\/image\/","url":"https:\/\/podology.shop\/wp-content\/uploads\/2020\/11\/125361778_1762772693887349_9190250941118524915_n-scaled.jpg","contentUrl":"https:\/\/podology.shop\/wp-content\/uploads\/2020\/11\/125361778_1762772693887349_9190250941118524915_n-scaled.jpg","width":2560,"height":878,"caption":"Podology.shop"},"image":{"@id":"https:\/\/podology.shop\/de\/#\/schema\/logo\/image\/"}}]}},"_links":{"self":[{"href":"https:\/\/podology.shop\/de\/wp-json\/wp\/v2\/product\/15284","targetHints":{"allow":["GET"]}}],"collection":[{"href":"https:\/\/podology.shop\/de\/wp-json\/wp\/v2\/product"}],"about":[{"href":"https:\/\/podology.shop\/de\/wp-json\/wp\/v2\/types\/product"}],"replies":[{"embeddable":true,"href":"https:\/\/podology.shop\/de\/wp-json\/wp\/v2\/comments?post=15284"}],"wp:featuredmedia":[{"embeddable":true,"href":"https:\/\/podology.shop\/de\/wp-json\/wp\/v2\/media\/9740"}],"wp:attachment":[{"href":"https:\/\/podology.shop\/de\/wp-json\/wp\/v2\/media?parent=15284"}],"wp:term":[{"taxonomy":"product_brand","embeddable":true,"href":"https:\/\/podology.shop\/de\/wp-json\/wp\/v2\/product_brand?post=15284"},{"taxonomy":"product_cat","embeddable":true,"href":"https:\/\/podology.shop\/de\/wp-json\/wp\/v2\/product_cat?post=15284"},{"taxonomy":"product_tag","embeddable":true,"href":"https:\/\/podology.shop\/de\/wp-json\/wp\/v2\/product_tag?post=15284"}],"curies":[{"name":"wp","href":"https:\/\/api.w.org\/{rel}","templated":true}]}}