{"id":18924,"date":"2023-10-12T22:47:16","date_gmt":"2023-10-12T18:47:16","guid":{"rendered":"https:\/\/podology.shop\/product\/demykomed-nagelschutzol-protective-oil-for-nails-15ml\/"},"modified":"2025-08-06T20:26:46","modified_gmt":"2025-08-06T17:26:46","slug":"demykomed-nagelschutzol","status":"publish","type":"product","link":"https:\/\/podology.shop\/de\/produkt\/demykomed-nagelschutzol\/","title":{"rendered":"DemykoMed Nagelschutzol 15ml"},"content":{"rendered":"<h4>Produktbeschreibung<\/h4>\n<p>Pflegekomplex f\u00fcr pilzempfindliche und spr\u00f6de N\u00e4gel<br \/>\ndemykoMed \u201eNagelschutz\u00f6l\u201c pflegt Ihre N\u00e4gel und Nagelhaut. Durch<br \/>\ndie Kombination aus Bisabolol und Tocopherol sowie weiteren wertvollen<br \/>\nInhaltsstoffen werden spr\u00f6de N\u00e4gel nachhaltig vor dem Austrocknen ge<br \/>\nsch\u00fctzt. Mit dem hochwertigen Inhaltsstoff Clotrimazol erh\u00f6ht demyko<br \/>\nMed \u201eNagelschutz\u00f6l\u201c die Widerstandskraft der Haut und N\u00e4gel.<\/p>\n<h4>Charakteristik<\/h4>\n<ul>\n<li>\u00a0Einfaches Auftragen<\/li>\n<li>\u00a0Farblose Fl\u00fcssigkeit<\/li>\n<li>\u00a0Angenehmer Duft<\/li>\n<li>\u00a0Erh\u00f6ht die Widerstandskraft der Haut und N\u00e4gel<\/li>\n<\/ul>\n<h4>Wichtige Inhaltsstoffe<\/h4>\n<p>Clotrimazol, Bisabolol, Tocopherol (Vitamin E),<br \/>\nPrunus Amygdalus Dulcis Oil<\/p>\n<h4><strong>Ingiridients (INCI)<\/strong>: Caprylic\/Capric Triglyceride, Vitis Vinifera Oil, Prunus Amygdalus Dulcis Oil, Alcohol Denat.,\u00a0 Isopropyl Myristate, Parfum, Clotrimazol, Tocopheryl Acetate,\u00a0 Bisabolol, Chamomilla Recutita Flower Extract, Tocopherol, Glycine Soja Oil.<\/h4>\n","protected":false},"excerpt":{"rendered":"<p>Regenerierendes und antimykotisches \u00e4therisches \u00d6l f\u00fcr N\u00e4gel<\/p>\n","protected":false},"featured_media":18917,"comment_status":"closed","ping_status":"closed","template":"","meta":{"inline_featured_image":false,"_monsterinsights_skip_tracking":false,"_monsterinsights_sitenote_active":false,"_monsterinsights_sitenote_note":"","_monsterinsights_sitenote_category":0,"site-sidebar-layout":"default","site-content-layout":"","ast-site-content-layout":"default","site-content-style":"default","site-sidebar-style":"default","ast-global-header-display":"","ast-banner-title-visibility":"","ast-main-header-display":"","ast-hfb-above-header-display":"","ast-hfb-below-header-display":"","ast-hfb-mobile-header-display":"","site-post-title":"","ast-breadcrumbs-content":"","ast-featured-img":"","footer-sml-layout":"","ast-disable-related-posts":"","theme-transparent-header-meta":"default","adv-header-id-meta":"","stick-header-meta":"","header-above-stick-meta":"","header-main-stick-meta":"","header-below-stick-meta":"","astra-migrate-meta-layouts":"set","ast-page-background-enabled":"default","ast-page-background-meta":{"desktop":{"background-color":"","background-image":"","background-repeat":"repeat","background-position":"center center","background-size":"auto","background-attachment":"scroll","background-type":"","background-media":"","overlay-type":"","overlay-color":"","overlay-opacity":"","overlay-gradient":""},"tablet":{"background-color":"","background-image":"","background-repeat":"repeat","background-position":"center center","background-size":"auto","background-attachment":"scroll","background-type":"","background-media":"","overlay-type":"","overlay-color":"","overlay-opacity":"","overlay-gradient":""},"mobile":{"background-color":"","background-image":"","background-repeat":"repeat","background-position":"center center","background-size":"auto","background-attachment":"scroll","background-type":"","background-media":"","overlay-type":"","overlay-color":"","overlay-opacity":"","overlay-gradient":""}},"ast-content-background-meta":{"desktop":{"background-color":"var(--ast-global-color-5)","background-image":"","background-repeat":"repeat","background-position":"center center","background-size":"auto","background-attachment":"scroll","background-type":"","background-media":"","overlay-type":"","overlay-color":"","overlay-opacity":"","overlay-gradient":""},"tablet":{"background-color":"var(--ast-global-color-5)","background-image":"","background-repeat":"repeat","background-position":"center center","background-size":"auto","background-attachment":"scroll","background-type":"","background-media":"","overlay-type":"","overlay-color":"","overlay-opacity":"","overlay-gradient":""},"mobile":{"background-color":"var(--ast-global-color-5)","background-image":"","background-repeat":"repeat","background-position":"center center","background-size":"auto","background-attachment":"scroll","background-type":"","background-media":"","overlay-type":"","overlay-color":"","overlay-opacity":"","overlay-gradient":""}}},"product_brand":[],"product_cat":[1157],"product_tag":[1021,1029,1025,1018,1026,1023,1016,1017,1028,1022,1035,1020,1034,1027,1024,1019,1033],"class_list":{"0":"post-18924","1":"product","2":"type-product","3":"status-publish","4":"has-post-thumbnail","6":"product_cat-antimykotische-kosmetik","7":"product_tag-alcohol-denat-de","8":"product_tag-antifungal-essential-oils-de","9":"product_tag-bisabolol-de","10":"product_tag-capric-triglyceride-de","11":"product_tag-chamomilla-recutita-flower-extract-de","12":"product_tag-clotrimazol-de","13":"product_tag-demykomed-nagelschutzol-de","14":"product_tag-essential-antifungal-oil-de","15":"product_tag-glycine-soja-oil-de","16":"product_tag-isopropyl-myristate-de","17":"product_tag-nagelregeneration","18":"product_tag-prunus-amygdalusdulcis-oil-de","19":"product_tag-regen-das-nagelwachstum-an","20":"product_tag-tocopherol-de","21":"product_tag-tocopheryl-acetate-de","22":"product_tag-vitis-vinifera-oil-de","23":"product_tag-wiederherstellung-der-nagelplatte","24":"desktop-align-center","25":"tablet-align-center","26":"mobile-align-center","28":"first","29":"instock","30":"shipping-taxable","31":"purchasable","32":"product-type-simple"},"yoast_head":"<!-- This site is optimized with the Yoast SEO plugin v27.4 - https:\/\/yoast.com\/product\/yoast-seo-wordpress\/ -->\n<title>DemykoMed Nagelschutzol 15ml - Podology.Shop<\/title>\n<meta name=\"description\" content=\"DemykoMed Nagelschutzol \u2013 Regenerierendes und antimykotisches \u00e4therisches \u00d6l f\u00fcr N\u00e4gel. Hilft, das Nagelwachstum zu stimulieren und vor Pilzkrankheiten und Infektionen zu sch\u00fctzen\" \/>\n<meta name=\"robots\" content=\"index, follow, max-snippet:-1, max-image-preview:large, max-video-preview:-1\" \/>\n<link rel=\"canonical\" href=\"https:\/\/podology.shop\/de\/produkt\/demykomed-nagelschutzol\/\" \/>\n<meta property=\"og:locale\" content=\"de_DE\" \/>\n<meta property=\"og:type\" content=\"article\" \/>\n<meta property=\"og:title\" content=\"DemykoMed Nagelschutzol 15ml - Podology.Shop\" \/>\n<meta property=\"og:description\" content=\"DemykoMed Nagelschutzol \u2013 Regenerierendes und antimykotisches \u00e4therisches \u00d6l f\u00fcr N\u00e4gel. Hilft, das Nagelwachstum zu stimulieren und vor Pilzkrankheiten und Infektionen zu sch\u00fctzen\" \/>\n<meta property=\"og:url\" content=\"https:\/\/podology.shop\/de\/produkt\/demykomed-nagelschutzol\/\" \/>\n<meta property=\"og:site_name\" content=\"Podology.Shop\" \/>\n<meta property=\"article:modified_time\" content=\"2025-08-06T17:26:46+00:00\" \/>\n<meta property=\"og:image\" content=\"https:\/\/podology.shop\/wp-content\/uploads\/2023\/10\/DemykoMed-Nagelschutzol.jpg\" \/>\n\t<meta property=\"og:image:width\" content=\"1024\" \/>\n\t<meta property=\"og:image:height\" content=\"1024\" \/>\n\t<meta property=\"og:image:type\" content=\"image\/jpeg\" \/>\n<meta name=\"twitter:card\" content=\"summary_large_image\" \/>\n<meta name=\"twitter:label1\" content=\"Gesch\u00e4tzte Lesezeit\" \/>\n\t<meta name=\"twitter:data1\" content=\"1\u00a0Minute\" \/>\n<script type=\"application\/ld+json\" class=\"yoast-schema-graph\">{\"@context\":\"https:\\\/\\\/schema.org\",\"@graph\":[{\"@type\":\"WebPage\",\"@id\":\"https:\\\/\\\/podology.shop\\\/de\\\/produkt\\\/demykomed-nagelschutzol\\\/\",\"url\":\"https:\\\/\\\/podology.shop\\\/de\\\/produkt\\\/demykomed-nagelschutzol\\\/\",\"name\":\"DemykoMed Nagelschutzol 15ml - Podology.Shop\",\"isPartOf\":{\"@id\":\"https:\\\/\\\/podology.shop\\\/de\\\/#website\"},\"primaryImageOfPage\":{\"@id\":\"https:\\\/\\\/podology.shop\\\/de\\\/produkt\\\/demykomed-nagelschutzol\\\/#primaryimage\"},\"image\":{\"@id\":\"https:\\\/\\\/podology.shop\\\/de\\\/produkt\\\/demykomed-nagelschutzol\\\/#primaryimage\"},\"thumbnailUrl\":\"https:\\\/\\\/podology.shop\\\/wp-content\\\/uploads\\\/2023\\\/10\\\/DemykoMed-Nagelschutzol.jpg\",\"datePublished\":\"2023-10-12T18:47:16+00:00\",\"dateModified\":\"2025-08-06T17:26:46+00:00\",\"description\":\"DemykoMed Nagelschutzol \u2013 Regenerierendes und antimykotisches \u00e4therisches \u00d6l f\u00fcr N\u00e4gel. Hilft, das Nagelwachstum zu stimulieren und vor Pilzkrankheiten und Infektionen zu sch\u00fctzen\",\"breadcrumb\":{\"@id\":\"https:\\\/\\\/podology.shop\\\/de\\\/produkt\\\/demykomed-nagelschutzol\\\/#breadcrumb\"},\"inLanguage\":\"de\",\"potentialAction\":[{\"@type\":\"ReadAction\",\"target\":[\"https:\\\/\\\/podology.shop\\\/de\\\/produkt\\\/demykomed-nagelschutzol\\\/\"]}]},{\"@type\":\"ImageObject\",\"inLanguage\":\"de\",\"@id\":\"https:\\\/\\\/podology.shop\\\/de\\\/produkt\\\/demykomed-nagelschutzol\\\/#primaryimage\",\"url\":\"https:\\\/\\\/podology.shop\\\/wp-content\\\/uploads\\\/2023\\\/10\\\/DemykoMed-Nagelschutzol.jpg\",\"contentUrl\":\"https:\\\/\\\/podology.shop\\\/wp-content\\\/uploads\\\/2023\\\/10\\\/DemykoMed-Nagelschutzol.jpg\",\"width\":1024,\"height\":1024,\"caption\":\"DemykoMed-Nagelschutzol Antimykotisches \u00e4therisches \u00d6l\"},{\"@type\":\"BreadcrumbList\",\"@id\":\"https:\\\/\\\/podology.shop\\\/de\\\/produkt\\\/demykomed-nagelschutzol\\\/#breadcrumb\",\"itemListElement\":[{\"@type\":\"ListItem\",\"position\":1,\"name\":\"Home\",\"item\":\"https:\\\/\\\/podology.shop\\\/de\\\/\"},{\"@type\":\"ListItem\",\"position\":2,\"name\":\"Shop\",\"item\":\"https:\\\/\\\/podology.shop\\\/de\\\/\"},{\"@type\":\"ListItem\",\"position\":3,\"name\":\"DemykoMed Nagelschutzol 15ml\"}]},{\"@type\":\"WebSite\",\"@id\":\"https:\\\/\\\/podology.shop\\\/de\\\/#website\",\"url\":\"https:\\\/\\\/podology.shop\\\/de\\\/\",\"name\":\"Podology.Shop\",\"description\":\"Podology.Shop\",\"publisher\":{\"@id\":\"https:\\\/\\\/podology.shop\\\/de\\\/#organization\"},\"potentialAction\":[{\"@type\":\"SearchAction\",\"target\":{\"@type\":\"EntryPoint\",\"urlTemplate\":\"https:\\\/\\\/podology.shop\\\/de\\\/?s={search_term_string}\"},\"query-input\":{\"@type\":\"PropertyValueSpecification\",\"valueRequired\":true,\"valueName\":\"search_term_string\"}}],\"inLanguage\":\"de\"},{\"@type\":\"Organization\",\"@id\":\"https:\\\/\\\/podology.shop\\\/de\\\/#organization\",\"name\":\"Podology.shop\",\"url\":\"https:\\\/\\\/podology.shop\\\/de\\\/\",\"logo\":{\"@type\":\"ImageObject\",\"inLanguage\":\"de\",\"@id\":\"https:\\\/\\\/podology.shop\\\/de\\\/#\\\/schema\\\/logo\\\/image\\\/\",\"url\":\"https:\\\/\\\/podology.shop\\\/wp-content\\\/uploads\\\/2020\\\/11\\\/125361778_1762772693887349_9190250941118524915_n-scaled.jpg\",\"contentUrl\":\"https:\\\/\\\/podology.shop\\\/wp-content\\\/uploads\\\/2020\\\/11\\\/125361778_1762772693887349_9190250941118524915_n-scaled.jpg\",\"width\":2560,\"height\":878,\"caption\":\"Podology.shop\"},\"image\":{\"@id\":\"https:\\\/\\\/podology.shop\\\/de\\\/#\\\/schema\\\/logo\\\/image\\\/\"}}]}<\/script>\n<!-- \/ Yoast SEO plugin. -->","yoast_head_json":{"title":"DemykoMed Nagelschutzol 15ml - Podology.Shop","description":"DemykoMed Nagelschutzol \u2013 Regenerierendes und antimykotisches \u00e4therisches \u00d6l f\u00fcr N\u00e4gel. Hilft, das Nagelwachstum zu stimulieren und vor Pilzkrankheiten und Infektionen zu sch\u00fctzen","robots":{"index":"index","follow":"follow","max-snippet":"max-snippet:-1","max-image-preview":"max-image-preview:large","max-video-preview":"max-video-preview:-1"},"canonical":"https:\/\/podology.shop\/de\/produkt\/demykomed-nagelschutzol\/","og_locale":"de_DE","og_type":"article","og_title":"DemykoMed Nagelschutzol 15ml - Podology.Shop","og_description":"DemykoMed Nagelschutzol \u2013 Regenerierendes und antimykotisches \u00e4therisches \u00d6l f\u00fcr N\u00e4gel. Hilft, das Nagelwachstum zu stimulieren und vor Pilzkrankheiten und Infektionen zu sch\u00fctzen","og_url":"https:\/\/podology.shop\/de\/produkt\/demykomed-nagelschutzol\/","og_site_name":"Podology.Shop","article_modified_time":"2025-08-06T17:26:46+00:00","og_image":[{"width":1024,"height":1024,"url":"https:\/\/podology.shop\/wp-content\/uploads\/2023\/10\/DemykoMed-Nagelschutzol.jpg","type":"image\/jpeg"}],"twitter_card":"summary_large_image","twitter_misc":{"Gesch\u00e4tzte Lesezeit":"1\u00a0Minute"},"schema":{"@context":"https:\/\/schema.org","@graph":[{"@type":"WebPage","@id":"https:\/\/podology.shop\/de\/produkt\/demykomed-nagelschutzol\/","url":"https:\/\/podology.shop\/de\/produkt\/demykomed-nagelschutzol\/","name":"DemykoMed Nagelschutzol 15ml - Podology.Shop","isPartOf":{"@id":"https:\/\/podology.shop\/de\/#website"},"primaryImageOfPage":{"@id":"https:\/\/podology.shop\/de\/produkt\/demykomed-nagelschutzol\/#primaryimage"},"image":{"@id":"https:\/\/podology.shop\/de\/produkt\/demykomed-nagelschutzol\/#primaryimage"},"thumbnailUrl":"https:\/\/podology.shop\/wp-content\/uploads\/2023\/10\/DemykoMed-Nagelschutzol.jpg","datePublished":"2023-10-12T18:47:16+00:00","dateModified":"2025-08-06T17:26:46+00:00","description":"DemykoMed Nagelschutzol \u2013 Regenerierendes und antimykotisches \u00e4therisches \u00d6l f\u00fcr N\u00e4gel. Hilft, das Nagelwachstum zu stimulieren und vor Pilzkrankheiten und Infektionen zu sch\u00fctzen","breadcrumb":{"@id":"https:\/\/podology.shop\/de\/produkt\/demykomed-nagelschutzol\/#breadcrumb"},"inLanguage":"de","potentialAction":[{"@type":"ReadAction","target":["https:\/\/podology.shop\/de\/produkt\/demykomed-nagelschutzol\/"]}]},{"@type":"ImageObject","inLanguage":"de","@id":"https:\/\/podology.shop\/de\/produkt\/demykomed-nagelschutzol\/#primaryimage","url":"https:\/\/podology.shop\/wp-content\/uploads\/2023\/10\/DemykoMed-Nagelschutzol.jpg","contentUrl":"https:\/\/podology.shop\/wp-content\/uploads\/2023\/10\/DemykoMed-Nagelschutzol.jpg","width":1024,"height":1024,"caption":"DemykoMed-Nagelschutzol Antimykotisches \u00e4therisches \u00d6l"},{"@type":"BreadcrumbList","@id":"https:\/\/podology.shop\/de\/produkt\/demykomed-nagelschutzol\/#breadcrumb","itemListElement":[{"@type":"ListItem","position":1,"name":"Home","item":"https:\/\/podology.shop\/de\/"},{"@type":"ListItem","position":2,"name":"Shop","item":"https:\/\/podology.shop\/de\/"},{"@type":"ListItem","position":3,"name":"DemykoMed Nagelschutzol 15ml"}]},{"@type":"WebSite","@id":"https:\/\/podology.shop\/de\/#website","url":"https:\/\/podology.shop\/de\/","name":"Podology.Shop","description":"Podology.Shop","publisher":{"@id":"https:\/\/podology.shop\/de\/#organization"},"potentialAction":[{"@type":"SearchAction","target":{"@type":"EntryPoint","urlTemplate":"https:\/\/podology.shop\/de\/?s={search_term_string}"},"query-input":{"@type":"PropertyValueSpecification","valueRequired":true,"valueName":"search_term_string"}}],"inLanguage":"de"},{"@type":"Organization","@id":"https:\/\/podology.shop\/de\/#organization","name":"Podology.shop","url":"https:\/\/podology.shop\/de\/","logo":{"@type":"ImageObject","inLanguage":"de","@id":"https:\/\/podology.shop\/de\/#\/schema\/logo\/image\/","url":"https:\/\/podology.shop\/wp-content\/uploads\/2020\/11\/125361778_1762772693887349_9190250941118524915_n-scaled.jpg","contentUrl":"https:\/\/podology.shop\/wp-content\/uploads\/2020\/11\/125361778_1762772693887349_9190250941118524915_n-scaled.jpg","width":2560,"height":878,"caption":"Podology.shop"},"image":{"@id":"https:\/\/podology.shop\/de\/#\/schema\/logo\/image\/"}}]}},"_links":{"self":[{"href":"https:\/\/podology.shop\/de\/wp-json\/wp\/v2\/product\/18924","targetHints":{"allow":["GET"]}}],"collection":[{"href":"https:\/\/podology.shop\/de\/wp-json\/wp\/v2\/product"}],"about":[{"href":"https:\/\/podology.shop\/de\/wp-json\/wp\/v2\/types\/product"}],"replies":[{"embeddable":true,"href":"https:\/\/podology.shop\/de\/wp-json\/wp\/v2\/comments?post=18924"}],"wp:featuredmedia":[{"embeddable":true,"href":"https:\/\/podology.shop\/de\/wp-json\/wp\/v2\/media\/18917"}],"wp:attachment":[{"href":"https:\/\/podology.shop\/de\/wp-json\/wp\/v2\/media?parent=18924"}],"wp:term":[{"taxonomy":"product_brand","embeddable":true,"href":"https:\/\/podology.shop\/de\/wp-json\/wp\/v2\/product_brand?post=18924"},{"taxonomy":"product_cat","embeddable":true,"href":"https:\/\/podology.shop\/de\/wp-json\/wp\/v2\/product_cat?post=18924"},{"taxonomy":"product_tag","embeddable":true,"href":"https:\/\/podology.shop\/de\/wp-json\/wp\/v2\/product_tag?post=18924"}],"curies":[{"name":"wp","href":"https:\/\/api.w.org\/{rel}","templated":true}]}}