{"id":19183,"date":"2023-10-15T01:25:50","date_gmt":"2023-10-14T21:32:21","guid":{"rendered":"https:\/\/podology.shop\/?post_type=product&#038;p=19183"},"modified":"2023-10-15T01:32:22","modified_gmt":"2023-10-14T21:32:22","slug":"demykomed-hautschutzspray","status":"publish","type":"product","link":"https:\/\/podology.shop\/de\/produkt\/demykomed-hautschutzspray\/","title":{"rendered":"DemykoMed Hautschutzspray 75ml"},"content":{"rendered":"<h4>Prophylaxe f\u00fcr pilzempfindliche F\u00fc\u00dfe<\/h4>\n<p>DemykoMed \u201eHautschutzspray\u201c ist die schnelle und zuverl\u00e4ssige Pro<br \/>\nphylaxe f\u00fcr pilzempfindliche F\u00fc\u00dfe. Gerade in Risikobereichen, in denen<br \/>\nvorwiegend barfu\u00df gelaufen wird, wie u.a. in Wasch- und Duschr\u00e4umen,<br \/>\nSaunen, Schwimmb\u00e4dern, Umkleidekabinen, Hotelzimmern, Fitness- und<br \/>\nSportstudios, Solarien oder beim Tragen von Leihschuhen (Skischuhe,<br \/>\nBowlingschuhe etc.), ist ein erh\u00f6htes Infektionsrisiko mit dem Fu\u00dfpilzer<br \/>\nreger gegeben. Mit demykoMed \u201eHautschutzspray\u201c reduzieren Sie das<br \/>\nInfektionsrisiko und st\u00e4rken dabei die Hautbarriere. Dar\u00fcber hinaus emp<br \/>\nfiehlt sich demykoMed \u201eHautschutzspray\u201c als vitalisierende Fu\u00dfpflege, vor<br \/>\nallem nach starker Beanspruchung der F\u00fc\u00dfe und hat zudem noch einen<br \/>\nk\u00fchlenden und erfrischenden Effekt. Frei von Parf\u00fcm und Farbstoffen.<\/p>\n<h4>Charakteristik<\/h4>\n<ul>\n<li>Prophylaxe f\u00fcr pilzempfindliche F\u00fc\u00dfe<\/li>\n<li>Erh\u00f6ht die Widerstandskraft der Hautbarriere<\/li>\n<li>Farbstoff- und Parf\u00fcmfrei<\/li>\n<li>Vitalisierend, k\u00fchlend und erfrischend<\/li>\n<li>Hautvertr\u00e4glich<\/li>\n<\/ul>\n<h4>Wichtige Inhaltsstoffe<\/h4>\n<p>Clotrimazol, Undecylenamide DEA, Urea, Garcinia Mangostana Peel Extrac<\/p>\n<h4>Ingredients (INCI): Alcohol Denat., Butane, Propane, Aqua, Urea, Glycerin, Garcinia Mangostana Peel Extract, Clotrimazole,<br \/>\nUndecylenamide DEA, Propanediol<\/h4>\n","protected":false},"excerpt":{"rendered":"<p>DemykoMed Hautschutzspray 75ml<\/p>\n","protected":false},"featured_media":18947,"comment_status":"closed","ping_status":"closed","template":"","meta":{"inline_featured_image":false,"_monsterinsights_skip_tracking":false,"_monsterinsights_sitenote_active":false,"_monsterinsights_sitenote_note":"","_monsterinsights_sitenote_category":0,"site-sidebar-layout":"default","site-content-layout":"","ast-site-content-layout":"default","site-content-style":"default","site-sidebar-style":"default","ast-global-header-display":"","ast-banner-title-visibility":"","ast-main-header-display":"","ast-hfb-above-header-display":"","ast-hfb-below-header-display":"","ast-hfb-mobile-header-display":"","site-post-title":"","ast-breadcrumbs-content":"","ast-featured-img":"","footer-sml-layout":"","ast-disable-related-posts":"","theme-transparent-header-meta":"default","adv-header-id-meta":"","stick-header-meta":"","header-above-stick-meta":"","header-main-stick-meta":"","header-below-stick-meta":"","astra-migrate-meta-layouts":"set","ast-page-background-enabled":"default","ast-page-background-meta":{"desktop":{"background-color":"","background-image":"","background-repeat":"repeat","background-position":"center center","background-size":"auto","background-attachment":"scroll","background-type":"","background-media":"","overlay-type":"","overlay-color":"","overlay-opacity":"","overlay-gradient":""},"tablet":{"background-color":"","background-image":"","background-repeat":"repeat","background-position":"center center","background-size":"auto","background-attachment":"scroll","background-type":"","background-media":"","overlay-type":"","overlay-color":"","overlay-opacity":"","overlay-gradient":""},"mobile":{"background-color":"","background-image":"","background-repeat":"repeat","background-position":"center center","background-size":"auto","background-attachment":"scroll","background-type":"","background-media":"","overlay-type":"","overlay-color":"","overlay-opacity":"","overlay-gradient":""}},"ast-content-background-meta":{"desktop":{"background-color":"var(--ast-global-color-5)","background-image":"","background-repeat":"repeat","background-position":"center center","background-size":"auto","background-attachment":"scroll","background-type":"","background-media":"","overlay-type":"","overlay-color":"","overlay-opacity":"","overlay-gradient":""},"tablet":{"background-color":"var(--ast-global-color-5)","background-image":"","background-repeat":"repeat","background-position":"center center","background-size":"auto","background-attachment":"scroll","background-type":"","background-media":"","overlay-type":"","overlay-color":"","overlay-opacity":"","overlay-gradient":""},"mobile":{"background-color":"var(--ast-global-color-5)","background-image":"","background-repeat":"repeat","background-position":"center center","background-size":"auto","background-attachment":"scroll","background-type":"","background-media":"","overlay-type":"","overlay-color":"","overlay-opacity":"","overlay-gradient":""}}},"product_brand":[],"product_cat":[1157,104],"product_tag":[1021,1087,1088,1111,1112,1113,1114,1115,1116,1051,1052],"class_list":{"0":"post-19183","1":"product","2":"type-product","3":"status-publish","4":"has-post-thumbnail","6":"product_cat-antimykotische-kosmetik","7":"product_cat-busch-rotation-instrumente-podologie","8":"product_tag-alcohol-denat-de","9":"product_tag-antifungal-medicine-de","10":"product_tag-antifungal-spray-de","11":"product_tag-butane-de","12":"product_tag-clotrimazole-de","13":"product_tag-garcinia-mangostana-peel-extract-de","14":"product_tag-glycerin-de","15":"product_tag-propane-de","16":"product_tag-propanediol-de","17":"product_tag-undecylenamide-dea-de","18":"product_tag-urea-de","19":"desktop-align-center","20":"tablet-align-center","21":"mobile-align-center","23":"first","24":"instock","25":"shipping-taxable","26":"purchasable","27":"product-type-simple"},"yoast_head":"<!-- This site is optimized with the Yoast SEO plugin v27.5 - https:\/\/yoast.com\/product\/yoast-seo-wordpress\/ -->\n<title>DemykoMed Hautschutzspray 75ml - Podology.Shop<\/title>\n<meta name=\"description\" content=\"DemykoMed Hautschutzspray Spray - Regenerative and Antifungal spray for skin. Help to protect from fungal diseases and infection.\" \/>\n<meta name=\"robots\" content=\"index, follow, max-snippet:-1, max-image-preview:large, max-video-preview:-1\" \/>\n<link rel=\"canonical\" href=\"https:\/\/podology.shop\/de\/produkt\/demykomed-hautschutzspray\/\" \/>\n<meta property=\"og:locale\" content=\"de_DE\" \/>\n<meta property=\"og:type\" content=\"article\" \/>\n<meta property=\"og:title\" content=\"DemykoMed Hautschutzspray 75ml - Podology.Shop\" \/>\n<meta property=\"og:description\" content=\"DemykoMed Hautschutzspray Spray - Regenerative and Antifungal spray for skin. Help to protect from fungal diseases and infection.\" \/>\n<meta property=\"og:url\" content=\"https:\/\/podology.shop\/de\/produkt\/demykomed-hautschutzspray\/\" \/>\n<meta property=\"og:site_name\" content=\"Podology.Shop\" \/>\n<meta property=\"article:modified_time\" content=\"2023-10-14T21:32:22+00:00\" \/>\n<meta property=\"og:image\" content=\"https:\/\/podology.shop\/wp-content\/uploads\/2023\/10\/demykomed-antifungal-spray.jpg\" \/>\n\t<meta property=\"og:image:width\" content=\"1024\" \/>\n\t<meta property=\"og:image:height\" content=\"1024\" \/>\n\t<meta property=\"og:image:type\" content=\"image\/jpeg\" \/>\n<meta name=\"twitter:card\" content=\"summary_large_image\" \/>\n<meta name=\"twitter:label1\" content=\"Gesch\u00e4tzte Lesezeit\" \/>\n\t<meta name=\"twitter:data1\" content=\"1\u00a0Minute\" \/>\n<script type=\"application\/ld+json\" class=\"yoast-schema-graph\">{\"@context\":\"https:\\\/\\\/schema.org\",\"@graph\":[{\"@type\":\"WebPage\",\"@id\":\"https:\\\/\\\/podology.shop\\\/de\\\/produkt\\\/demykomed-hautschutzspray\\\/\",\"url\":\"https:\\\/\\\/podology.shop\\\/de\\\/produkt\\\/demykomed-hautschutzspray\\\/\",\"name\":\"DemykoMed Hautschutzspray 75ml - Podology.Shop\",\"isPartOf\":{\"@id\":\"https:\\\/\\\/podology.shop\\\/de\\\/#website\"},\"primaryImageOfPage\":{\"@id\":\"https:\\\/\\\/podology.shop\\\/de\\\/produkt\\\/demykomed-hautschutzspray\\\/#primaryimage\"},\"image\":{\"@id\":\"https:\\\/\\\/podology.shop\\\/de\\\/produkt\\\/demykomed-hautschutzspray\\\/#primaryimage\"},\"thumbnailUrl\":\"https:\\\/\\\/podology.shop\\\/wp-content\\\/uploads\\\/2023\\\/10\\\/demykomed-antifungal-spray.jpg\",\"datePublished\":\"2023-10-14T21:32:21+00:00\",\"dateModified\":\"2023-10-14T21:32:22+00:00\",\"description\":\"DemykoMed Hautschutzspray Spray - Regenerative and Antifungal spray for skin. Help to protect from fungal diseases and infection.\",\"breadcrumb\":{\"@id\":\"https:\\\/\\\/podology.shop\\\/de\\\/produkt\\\/demykomed-hautschutzspray\\\/#breadcrumb\"},\"inLanguage\":\"de\",\"potentialAction\":[{\"@type\":\"ReadAction\",\"target\":[\"https:\\\/\\\/podology.shop\\\/de\\\/produkt\\\/demykomed-hautschutzspray\\\/\"]}]},{\"@type\":\"ImageObject\",\"inLanguage\":\"de\",\"@id\":\"https:\\\/\\\/podology.shop\\\/de\\\/produkt\\\/demykomed-hautschutzspray\\\/#primaryimage\",\"url\":\"https:\\\/\\\/podology.shop\\\/wp-content\\\/uploads\\\/2023\\\/10\\\/demykomed-antifungal-spray.jpg\",\"contentUrl\":\"https:\\\/\\\/podology.shop\\\/wp-content\\\/uploads\\\/2023\\\/10\\\/demykomed-antifungal-spray.jpg\",\"width\":1024,\"height\":1024,\"caption\":\"demykomed antimykotisches Spray f\u00fcr Haut und N\u00e4gel\"},{\"@type\":\"BreadcrumbList\",\"@id\":\"https:\\\/\\\/podology.shop\\\/de\\\/produkt\\\/demykomed-hautschutzspray\\\/#breadcrumb\",\"itemListElement\":[{\"@type\":\"ListItem\",\"position\":1,\"name\":\"Home\",\"item\":\"https:\\\/\\\/podology.shop\\\/de\\\/\"},{\"@type\":\"ListItem\",\"position\":2,\"name\":\"Shop\",\"item\":\"https:\\\/\\\/podology.shop\\\/de\\\/\"},{\"@type\":\"ListItem\",\"position\":3,\"name\":\"DemykoMed Hautschutzspray 75ml\"}]},{\"@type\":\"WebSite\",\"@id\":\"https:\\\/\\\/podology.shop\\\/de\\\/#website\",\"url\":\"https:\\\/\\\/podology.shop\\\/de\\\/\",\"name\":\"Podology.Shop\",\"description\":\"Podology.Shop\",\"publisher\":{\"@id\":\"https:\\\/\\\/podology.shop\\\/de\\\/#organization\"},\"potentialAction\":[{\"@type\":\"SearchAction\",\"target\":{\"@type\":\"EntryPoint\",\"urlTemplate\":\"https:\\\/\\\/podology.shop\\\/de\\\/?s={search_term_string}\"},\"query-input\":{\"@type\":\"PropertyValueSpecification\",\"valueRequired\":true,\"valueName\":\"search_term_string\"}}],\"inLanguage\":\"de\"},{\"@type\":\"Organization\",\"@id\":\"https:\\\/\\\/podology.shop\\\/de\\\/#organization\",\"name\":\"Podology.shop\",\"url\":\"https:\\\/\\\/podology.shop\\\/de\\\/\",\"logo\":{\"@type\":\"ImageObject\",\"inLanguage\":\"de\",\"@id\":\"https:\\\/\\\/podology.shop\\\/de\\\/#\\\/schema\\\/logo\\\/image\\\/\",\"url\":\"https:\\\/\\\/podology.shop\\\/wp-content\\\/uploads\\\/2020\\\/11\\\/125361778_1762772693887349_9190250941118524915_n-scaled.jpg\",\"contentUrl\":\"https:\\\/\\\/podology.shop\\\/wp-content\\\/uploads\\\/2020\\\/11\\\/125361778_1762772693887349_9190250941118524915_n-scaled.jpg\",\"width\":2560,\"height\":878,\"caption\":\"Podology.shop\"},\"image\":{\"@id\":\"https:\\\/\\\/podology.shop\\\/de\\\/#\\\/schema\\\/logo\\\/image\\\/\"}}]}<\/script>\n<!-- \/ Yoast SEO plugin. -->","yoast_head_json":{"title":"DemykoMed Hautschutzspray 75ml - Podology.Shop","description":"DemykoMed Hautschutzspray Spray - Regenerative and Antifungal spray for skin. Help to protect from fungal diseases and infection.","robots":{"index":"index","follow":"follow","max-snippet":"max-snippet:-1","max-image-preview":"max-image-preview:large","max-video-preview":"max-video-preview:-1"},"canonical":"https:\/\/podology.shop\/de\/produkt\/demykomed-hautschutzspray\/","og_locale":"de_DE","og_type":"article","og_title":"DemykoMed Hautschutzspray 75ml - Podology.Shop","og_description":"DemykoMed Hautschutzspray Spray - Regenerative and Antifungal spray for skin. Help to protect from fungal diseases and infection.","og_url":"https:\/\/podology.shop\/de\/produkt\/demykomed-hautschutzspray\/","og_site_name":"Podology.Shop","article_modified_time":"2023-10-14T21:32:22+00:00","og_image":[{"width":1024,"height":1024,"url":"https:\/\/podology.shop\/wp-content\/uploads\/2023\/10\/demykomed-antifungal-spray.jpg","type":"image\/jpeg"}],"twitter_card":"summary_large_image","twitter_misc":{"Gesch\u00e4tzte Lesezeit":"1\u00a0Minute"},"schema":{"@context":"https:\/\/schema.org","@graph":[{"@type":"WebPage","@id":"https:\/\/podology.shop\/de\/produkt\/demykomed-hautschutzspray\/","url":"https:\/\/podology.shop\/de\/produkt\/demykomed-hautschutzspray\/","name":"DemykoMed Hautschutzspray 75ml - Podology.Shop","isPartOf":{"@id":"https:\/\/podology.shop\/de\/#website"},"primaryImageOfPage":{"@id":"https:\/\/podology.shop\/de\/produkt\/demykomed-hautschutzspray\/#primaryimage"},"image":{"@id":"https:\/\/podology.shop\/de\/produkt\/demykomed-hautschutzspray\/#primaryimage"},"thumbnailUrl":"https:\/\/podology.shop\/wp-content\/uploads\/2023\/10\/demykomed-antifungal-spray.jpg","datePublished":"2023-10-14T21:32:21+00:00","dateModified":"2023-10-14T21:32:22+00:00","description":"DemykoMed Hautschutzspray Spray - Regenerative and Antifungal spray for skin. Help to protect from fungal diseases and infection.","breadcrumb":{"@id":"https:\/\/podology.shop\/de\/produkt\/demykomed-hautschutzspray\/#breadcrumb"},"inLanguage":"de","potentialAction":[{"@type":"ReadAction","target":["https:\/\/podology.shop\/de\/produkt\/demykomed-hautschutzspray\/"]}]},{"@type":"ImageObject","inLanguage":"de","@id":"https:\/\/podology.shop\/de\/produkt\/demykomed-hautschutzspray\/#primaryimage","url":"https:\/\/podology.shop\/wp-content\/uploads\/2023\/10\/demykomed-antifungal-spray.jpg","contentUrl":"https:\/\/podology.shop\/wp-content\/uploads\/2023\/10\/demykomed-antifungal-spray.jpg","width":1024,"height":1024,"caption":"demykomed antimykotisches Spray f\u00fcr Haut und N\u00e4gel"},{"@type":"BreadcrumbList","@id":"https:\/\/podology.shop\/de\/produkt\/demykomed-hautschutzspray\/#breadcrumb","itemListElement":[{"@type":"ListItem","position":1,"name":"Home","item":"https:\/\/podology.shop\/de\/"},{"@type":"ListItem","position":2,"name":"Shop","item":"https:\/\/podology.shop\/de\/"},{"@type":"ListItem","position":3,"name":"DemykoMed Hautschutzspray 75ml"}]},{"@type":"WebSite","@id":"https:\/\/podology.shop\/de\/#website","url":"https:\/\/podology.shop\/de\/","name":"Podology.Shop","description":"Podology.Shop","publisher":{"@id":"https:\/\/podology.shop\/de\/#organization"},"potentialAction":[{"@type":"SearchAction","target":{"@type":"EntryPoint","urlTemplate":"https:\/\/podology.shop\/de\/?s={search_term_string}"},"query-input":{"@type":"PropertyValueSpecification","valueRequired":true,"valueName":"search_term_string"}}],"inLanguage":"de"},{"@type":"Organization","@id":"https:\/\/podology.shop\/de\/#organization","name":"Podology.shop","url":"https:\/\/podology.shop\/de\/","logo":{"@type":"ImageObject","inLanguage":"de","@id":"https:\/\/podology.shop\/de\/#\/schema\/logo\/image\/","url":"https:\/\/podology.shop\/wp-content\/uploads\/2020\/11\/125361778_1762772693887349_9190250941118524915_n-scaled.jpg","contentUrl":"https:\/\/podology.shop\/wp-content\/uploads\/2020\/11\/125361778_1762772693887349_9190250941118524915_n-scaled.jpg","width":2560,"height":878,"caption":"Podology.shop"},"image":{"@id":"https:\/\/podology.shop\/de\/#\/schema\/logo\/image\/"}}]}},"_links":{"self":[{"href":"https:\/\/podology.shop\/de\/wp-json\/wp\/v2\/product\/19183","targetHints":{"allow":["GET"]}}],"collection":[{"href":"https:\/\/podology.shop\/de\/wp-json\/wp\/v2\/product"}],"about":[{"href":"https:\/\/podology.shop\/de\/wp-json\/wp\/v2\/types\/product"}],"replies":[{"embeddable":true,"href":"https:\/\/podology.shop\/de\/wp-json\/wp\/v2\/comments?post=19183"}],"wp:featuredmedia":[{"embeddable":true,"href":"https:\/\/podology.shop\/de\/wp-json\/wp\/v2\/media\/18947"}],"wp:attachment":[{"href":"https:\/\/podology.shop\/de\/wp-json\/wp\/v2\/media?parent=19183"}],"wp:term":[{"taxonomy":"product_brand","embeddable":true,"href":"https:\/\/podology.shop\/de\/wp-json\/wp\/v2\/product_brand?post=19183"},{"taxonomy":"product_cat","embeddable":true,"href":"https:\/\/podology.shop\/de\/wp-json\/wp\/v2\/product_cat?post=19183"},{"taxonomy":"product_tag","embeddable":true,"href":"https:\/\/podology.shop\/de\/wp-json\/wp\/v2\/product_tag?post=19183"}],"curies":[{"name":"wp","href":"https:\/\/api.w.org\/{rel}","templated":true}]}}