{"id":19191,"date":"2023-10-15T20:50:10","date_gmt":"2023-10-15T16:50:10","guid":{"rendered":"https:\/\/podology.shop\/product\/demykomed-nagel-und-hautschutzcreme\/"},"modified":"2023-10-15T20:50:10","modified_gmt":"2023-10-15T16:50:10","slug":"demykomed-nagel-und-hautschutzcreme","status":"publish","type":"product","link":"https:\/\/podology.shop\/de\/produkt\/demykomed-nagel-und-hautschutzcreme\/","title":{"rendered":"DemykoMed Nagel und Hautschutzcreme"},"content":{"rendered":"<h4>Pflegekombination f\u00fcr pilzempfindliche N\u00e4gel und Hautpartien<\/h4>\n<p>demykoMed \u201eNagel- und Hautschutzcreme\u201c ist eine schnell einziehende<br \/>\nund hochwertige Pflegekombination f\u00fcr pilzempfindliche N\u00e4gel und Haut<br \/>\npartien. Ausgesuchte Inhaltsstoffe pflegen Ihre N\u00e4gel und Hautpartien.<br \/>\nDurch den Inhaltsstoff Clotrimazol erh\u00f6ht sich die Widerstandskraft der<br \/>\nHaut. Die regelm\u00e4\u00dfige Anwendung von demykoMed \u201eNagel- und Haut<br \/>\nschutzcreme\u201c unterst\u00fctzt die Hautzellen bei ihrer Regeneration und gibt<br \/>\nein angenehm weiches und zartes Hautgef\u00fchl. N\u00e4gel bleiben weich und<br \/>\nelastisch.<\/p>\n<h4>Charakteristik<\/h4>\n<ul>\n<li>Schnell einziehende Creme<\/li>\n<li>Angenehmer Geruch<\/li>\n<li>Farblos<\/li>\n<li>Feuchtigkeitsspendend<\/li>\n<\/ul>\n<h4>Wichtige Inhaltsstoffe<\/h4>\n<p>Clotrimazol, Urea, Bisabolol, Panthenol (Provitamin B5), Allantoin<\/p>\n<h4>Ingredients (INCI) :Aqua, Aloe Barbadensis Leaf Juice, Glyceryl Stearate Se, Alcohol Denat, Isopropyl Myristate, Prunus Dulcis, Caprylic \/ Capric Triglyceride, Glycerin, Cetyl Alcohol, Urea, Clotrimazole, Bisabolol, Panthenol, Allantoin, Niacinamid, Sodium Carbomer, Parfum, Phenoxyethanol, Methylparaben, Ethylparaben, Propylparaben, Butylparaben, Isobutylparaben<\/h4>\n","protected":false},"excerpt":{"rendered":"<p>Antimykotische Creme<\/p>\n","protected":false},"featured_media":19188,"comment_status":"closed","ping_status":"closed","template":"","meta":{"inline_featured_image":false,"_monsterinsights_skip_tracking":false,"_monsterinsights_sitenote_active":false,"_monsterinsights_sitenote_note":"","_monsterinsights_sitenote_category":0,"site-sidebar-layout":"default","site-content-layout":"","ast-site-content-layout":"default","site-content-style":"default","site-sidebar-style":"default","ast-global-header-display":"","ast-banner-title-visibility":"","ast-main-header-display":"","ast-hfb-above-header-display":"","ast-hfb-below-header-display":"","ast-hfb-mobile-header-display":"","site-post-title":"","ast-breadcrumbs-content":"","ast-featured-img":"","footer-sml-layout":"","ast-disable-related-posts":"","theme-transparent-header-meta":"default","adv-header-id-meta":"","stick-header-meta":"","header-above-stick-meta":"","header-main-stick-meta":"","header-below-stick-meta":"","astra-migrate-meta-layouts":"default","ast-page-background-enabled":"default","ast-page-background-meta":{"desktop":{"background-color":"","background-image":"","background-repeat":"repeat","background-position":"center center","background-size":"auto","background-attachment":"scroll","background-type":"","background-media":"","overlay-type":"","overlay-color":"","overlay-opacity":"","overlay-gradient":""},"tablet":{"background-color":"","background-image":"","background-repeat":"repeat","background-position":"center center","background-size":"auto","background-attachment":"scroll","background-type":"","background-media":"","overlay-type":"","overlay-color":"","overlay-opacity":"","overlay-gradient":""},"mobile":{"background-color":"","background-image":"","background-repeat":"repeat","background-position":"center center","background-size":"auto","background-attachment":"scroll","background-type":"","background-media":"","overlay-type":"","overlay-color":"","overlay-opacity":"","overlay-gradient":""}},"ast-content-background-meta":{"desktop":{"background-color":"var(--ast-global-color-5)","background-image":"","background-repeat":"repeat","background-position":"center center","background-size":"auto","background-attachment":"scroll","background-type":"","background-media":"","overlay-type":"","overlay-color":"","overlay-opacity":"","overlay-gradient":""},"tablet":{"background-color":"var(--ast-global-color-5)","background-image":"","background-repeat":"repeat","background-position":"center center","background-size":"auto","background-attachment":"scroll","background-type":"","background-media":"","overlay-type":"","overlay-color":"","overlay-opacity":"","overlay-gradient":""},"mobile":{"background-color":"var(--ast-global-color-5)","background-image":"","background-repeat":"repeat","background-position":"center center","background-size":"auto","background-attachment":"scroll","background-type":"","background-media":"","overlay-type":"","overlay-color":"","overlay-opacity":"","overlay-gradient":""}}},"product_brand":[],"product_cat":[1157],"product_tag":[1021,1151,1146,1145,1025,1018,1149,1112,1155,1114,1147,1022,1154,1152,1150,1050,1148,1153,1052],"class_list":{"0":"post-19191","1":"product","2":"type-product","3":"status-publish","4":"has-post-thumbnail","6":"product_cat-antimykotische-kosmetik","7":"product_tag-alcohol-denat-de","8":"product_tag-allantoin-de","9":"product_tag-aloe-barbadensis-leaf-juice-de","10":"product_tag-antimykotische-creme","11":"product_tag-bisabolol-de","12":"product_tag-capric-triglyceride-de","13":"product_tag-cetyl-alcohol-de","14":"product_tag-clotrimazole-de","15":"product_tag-demykomed-nagel-und-hautschutzcreme-de","16":"product_tag-glycerin-de","17":"product_tag-glyceryl-stearate-se-de","18":"product_tag-isopropyl-myristate-de","19":"product_tag-methylparaben-de","20":"product_tag-niacinamid-de","21":"product_tag-panthenol-de","22":"product_tag-phenoxyethanol-de","23":"product_tag-prunus-dulcis-de","24":"product_tag-sodium-carbomer-de","25":"product_tag-urea-de","26":"desktop-align-center","27":"tablet-align-center","28":"mobile-align-center","30":"first","31":"instock","32":"shipping-taxable","33":"purchasable","34":"product-type-simple"},"yoast_head":"<!-- This site is optimized with the Yoast SEO plugin v27.1.1 - https:\/\/yoast.com\/product\/yoast-seo-wordpress\/ -->\n<title>DemykoMed Nagel und Hautschutzcreme - Podology.Shop<\/title>\n<meta name=\"description\" content=\"DemykoMed Nagel und Hautschutzcreme Antimykotische Creme f\u00fcr Haut und N\u00e4gel. Hilft, das Nagelwachstum zu stimulieren und vor Pilzkrankheiten und Infektionen zu sch\u00fctzen\" \/>\n<meta name=\"robots\" content=\"index, follow, max-snippet:-1, max-image-preview:large, max-video-preview:-1\" \/>\n<link rel=\"canonical\" href=\"https:\/\/podology.shop\/de\/produkt\/demykomed-nagel-und-hautschutzcreme\/\" \/>\n<meta property=\"og:locale\" content=\"de_DE\" \/>\n<meta property=\"og:type\" content=\"article\" \/>\n<meta property=\"og:title\" content=\"DemykoMed Nagel und Hautschutzcreme - Podology.Shop\" \/>\n<meta property=\"og:description\" content=\"DemykoMed Nagel und Hautschutzcreme Antimykotische Creme f\u00fcr Haut und N\u00e4gel. Hilft, das Nagelwachstum zu stimulieren und vor Pilzkrankheiten und Infektionen zu sch\u00fctzen\" \/>\n<meta property=\"og:url\" content=\"https:\/\/podology.shop\/de\/produkt\/demykomed-nagel-und-hautschutzcreme\/\" \/>\n<meta property=\"og:site_name\" content=\"Podology.Shop\" \/>\n<meta property=\"og:image\" content=\"https:\/\/podology.shop\/wp-content\/uploads\/2023\/10\/DemykoMed-antifungal-skin-and-nail-cream.jpg\" \/>\n\t<meta property=\"og:image:width\" content=\"1024\" \/>\n\t<meta property=\"og:image:height\" content=\"1024\" \/>\n\t<meta property=\"og:image:type\" content=\"image\/jpeg\" \/>\n<meta name=\"twitter:card\" content=\"summary_large_image\" \/>\n<meta name=\"twitter:label1\" content=\"Gesch\u00e4tzte Lesezeit\" \/>\n\t<meta name=\"twitter:data1\" content=\"1\u00a0Minute\" \/>\n<script type=\"application\/ld+json\" class=\"yoast-schema-graph\">{\"@context\":\"https:\/\/schema.org\",\"@graph\":[{\"@type\":\"WebPage\",\"@id\":\"https:\/\/podology.shop\/de\/produkt\/demykomed-nagel-und-hautschutzcreme\/\",\"url\":\"https:\/\/podology.shop\/de\/produkt\/demykomed-nagel-und-hautschutzcreme\/\",\"name\":\"DemykoMed Nagel und Hautschutzcreme - Podology.Shop\",\"isPartOf\":{\"@id\":\"https:\/\/podology.shop\/de\/#website\"},\"primaryImageOfPage\":{\"@id\":\"https:\/\/podology.shop\/de\/produkt\/demykomed-nagel-und-hautschutzcreme\/#primaryimage\"},\"image\":{\"@id\":\"https:\/\/podology.shop\/de\/produkt\/demykomed-nagel-und-hautschutzcreme\/#primaryimage\"},\"thumbnailUrl\":\"https:\/\/podology.shop\/wp-content\/uploads\/2023\/10\/DemykoMed-antifungal-skin-and-nail-cream.jpg\",\"datePublished\":\"2023-10-15T16:50:10+00:00\",\"description\":\"DemykoMed Nagel und Hautschutzcreme Antimykotische Creme f\u00fcr Haut und N\u00e4gel. Hilft, das Nagelwachstum zu stimulieren und vor Pilzkrankheiten und Infektionen zu sch\u00fctzen\",\"breadcrumb\":{\"@id\":\"https:\/\/podology.shop\/de\/produkt\/demykomed-nagel-und-hautschutzcreme\/#breadcrumb\"},\"inLanguage\":\"de\",\"potentialAction\":[{\"@type\":\"ReadAction\",\"target\":[\"https:\/\/podology.shop\/de\/produkt\/demykomed-nagel-und-hautschutzcreme\/\"]}]},{\"@type\":\"ImageObject\",\"inLanguage\":\"de\",\"@id\":\"https:\/\/podology.shop\/de\/produkt\/demykomed-nagel-und-hautschutzcreme\/#primaryimage\",\"url\":\"https:\/\/podology.shop\/wp-content\/uploads\/2023\/10\/DemykoMed-antifungal-skin-and-nail-cream.jpg\",\"contentUrl\":\"https:\/\/podology.shop\/wp-content\/uploads\/2023\/10\/DemykoMed-antifungal-skin-and-nail-cream.jpg\",\"width\":1024,\"height\":1024,\"caption\":\"DemykoMed Antimykotische Creme\"},{\"@type\":\"BreadcrumbList\",\"@id\":\"https:\/\/podology.shop\/de\/produkt\/demykomed-nagel-und-hautschutzcreme\/#breadcrumb\",\"itemListElement\":[{\"@type\":\"ListItem\",\"position\":1,\"name\":\"Home\",\"item\":\"https:\/\/podology.shop\/de\/\"},{\"@type\":\"ListItem\",\"position\":2,\"name\":\"Shop\",\"item\":\"https:\/\/podology.shop\/de\/\"},{\"@type\":\"ListItem\",\"position\":3,\"name\":\"DemykoMed Nagel und Hautschutzcreme\"}]},{\"@type\":\"WebSite\",\"@id\":\"https:\/\/podology.shop\/de\/#website\",\"url\":\"https:\/\/podology.shop\/de\/\",\"name\":\"Podology.Shop\",\"description\":\"Podology.Shop\",\"publisher\":{\"@id\":\"https:\/\/podology.shop\/de\/#organization\"},\"potentialAction\":[{\"@type\":\"SearchAction\",\"target\":{\"@type\":\"EntryPoint\",\"urlTemplate\":\"https:\/\/podology.shop\/de\/?s={search_term_string}\"},\"query-input\":{\"@type\":\"PropertyValueSpecification\",\"valueRequired\":true,\"valueName\":\"search_term_string\"}}],\"inLanguage\":\"de\"},{\"@type\":\"Organization\",\"@id\":\"https:\/\/podology.shop\/de\/#organization\",\"name\":\"Podology.shop\",\"url\":\"https:\/\/podology.shop\/de\/\",\"logo\":{\"@type\":\"ImageObject\",\"inLanguage\":\"de\",\"@id\":\"https:\/\/podology.shop\/de\/#\/schema\/logo\/image\/\",\"url\":\"https:\/\/podology.shop\/wp-content\/uploads\/2020\/11\/125361778_1762772693887349_9190250941118524915_n-scaled.jpg\",\"contentUrl\":\"https:\/\/podology.shop\/wp-content\/uploads\/2020\/11\/125361778_1762772693887349_9190250941118524915_n-scaled.jpg\",\"width\":2560,\"height\":878,\"caption\":\"Podology.shop\"},\"image\":{\"@id\":\"https:\/\/podology.shop\/de\/#\/schema\/logo\/image\/\"}}]}<\/script>\n<!-- \/ Yoast SEO plugin. -->","yoast_head_json":{"title":"DemykoMed Nagel und Hautschutzcreme - Podology.Shop","description":"DemykoMed Nagel und Hautschutzcreme Antimykotische Creme f\u00fcr Haut und N\u00e4gel. Hilft, das Nagelwachstum zu stimulieren und vor Pilzkrankheiten und Infektionen zu sch\u00fctzen","robots":{"index":"index","follow":"follow","max-snippet":"max-snippet:-1","max-image-preview":"max-image-preview:large","max-video-preview":"max-video-preview:-1"},"canonical":"https:\/\/podology.shop\/de\/produkt\/demykomed-nagel-und-hautschutzcreme\/","og_locale":"de_DE","og_type":"article","og_title":"DemykoMed Nagel und Hautschutzcreme - Podology.Shop","og_description":"DemykoMed Nagel und Hautschutzcreme Antimykotische Creme f\u00fcr Haut und N\u00e4gel. Hilft, das Nagelwachstum zu stimulieren und vor Pilzkrankheiten und Infektionen zu sch\u00fctzen","og_url":"https:\/\/podology.shop\/de\/produkt\/demykomed-nagel-und-hautschutzcreme\/","og_site_name":"Podology.Shop","og_image":[{"width":1024,"height":1024,"url":"https:\/\/podology.shop\/wp-content\/uploads\/2023\/10\/DemykoMed-antifungal-skin-and-nail-cream.jpg","type":"image\/jpeg"}],"twitter_card":"summary_large_image","twitter_misc":{"Gesch\u00e4tzte Lesezeit":"1\u00a0Minute"},"schema":{"@context":"https:\/\/schema.org","@graph":[{"@type":"WebPage","@id":"https:\/\/podology.shop\/de\/produkt\/demykomed-nagel-und-hautschutzcreme\/","url":"https:\/\/podology.shop\/de\/produkt\/demykomed-nagel-und-hautschutzcreme\/","name":"DemykoMed Nagel und Hautschutzcreme - Podology.Shop","isPartOf":{"@id":"https:\/\/podology.shop\/de\/#website"},"primaryImageOfPage":{"@id":"https:\/\/podology.shop\/de\/produkt\/demykomed-nagel-und-hautschutzcreme\/#primaryimage"},"image":{"@id":"https:\/\/podology.shop\/de\/produkt\/demykomed-nagel-und-hautschutzcreme\/#primaryimage"},"thumbnailUrl":"https:\/\/podology.shop\/wp-content\/uploads\/2023\/10\/DemykoMed-antifungal-skin-and-nail-cream.jpg","datePublished":"2023-10-15T16:50:10+00:00","description":"DemykoMed Nagel und Hautschutzcreme Antimykotische Creme f\u00fcr Haut und N\u00e4gel. Hilft, das Nagelwachstum zu stimulieren und vor Pilzkrankheiten und Infektionen zu sch\u00fctzen","breadcrumb":{"@id":"https:\/\/podology.shop\/de\/produkt\/demykomed-nagel-und-hautschutzcreme\/#breadcrumb"},"inLanguage":"de","potentialAction":[{"@type":"ReadAction","target":["https:\/\/podology.shop\/de\/produkt\/demykomed-nagel-und-hautschutzcreme\/"]}]},{"@type":"ImageObject","inLanguage":"de","@id":"https:\/\/podology.shop\/de\/produkt\/demykomed-nagel-und-hautschutzcreme\/#primaryimage","url":"https:\/\/podology.shop\/wp-content\/uploads\/2023\/10\/DemykoMed-antifungal-skin-and-nail-cream.jpg","contentUrl":"https:\/\/podology.shop\/wp-content\/uploads\/2023\/10\/DemykoMed-antifungal-skin-and-nail-cream.jpg","width":1024,"height":1024,"caption":"DemykoMed Antimykotische Creme"},{"@type":"BreadcrumbList","@id":"https:\/\/podology.shop\/de\/produkt\/demykomed-nagel-und-hautschutzcreme\/#breadcrumb","itemListElement":[{"@type":"ListItem","position":1,"name":"Home","item":"https:\/\/podology.shop\/de\/"},{"@type":"ListItem","position":2,"name":"Shop","item":"https:\/\/podology.shop\/de\/"},{"@type":"ListItem","position":3,"name":"DemykoMed Nagel und Hautschutzcreme"}]},{"@type":"WebSite","@id":"https:\/\/podology.shop\/de\/#website","url":"https:\/\/podology.shop\/de\/","name":"Podology.Shop","description":"Podology.Shop","publisher":{"@id":"https:\/\/podology.shop\/de\/#organization"},"potentialAction":[{"@type":"SearchAction","target":{"@type":"EntryPoint","urlTemplate":"https:\/\/podology.shop\/de\/?s={search_term_string}"},"query-input":{"@type":"PropertyValueSpecification","valueRequired":true,"valueName":"search_term_string"}}],"inLanguage":"de"},{"@type":"Organization","@id":"https:\/\/podology.shop\/de\/#organization","name":"Podology.shop","url":"https:\/\/podology.shop\/de\/","logo":{"@type":"ImageObject","inLanguage":"de","@id":"https:\/\/podology.shop\/de\/#\/schema\/logo\/image\/","url":"https:\/\/podology.shop\/wp-content\/uploads\/2020\/11\/125361778_1762772693887349_9190250941118524915_n-scaled.jpg","contentUrl":"https:\/\/podology.shop\/wp-content\/uploads\/2020\/11\/125361778_1762772693887349_9190250941118524915_n-scaled.jpg","width":2560,"height":878,"caption":"Podology.shop"},"image":{"@id":"https:\/\/podology.shop\/de\/#\/schema\/logo\/image\/"}}]}},"_links":{"self":[{"href":"https:\/\/podology.shop\/de\/wp-json\/wp\/v2\/product\/19191","targetHints":{"allow":["GET"]}}],"collection":[{"href":"https:\/\/podology.shop\/de\/wp-json\/wp\/v2\/product"}],"about":[{"href":"https:\/\/podology.shop\/de\/wp-json\/wp\/v2\/types\/product"}],"replies":[{"embeddable":true,"href":"https:\/\/podology.shop\/de\/wp-json\/wp\/v2\/comments?post=19191"}],"wp:featuredmedia":[{"embeddable":true,"href":"https:\/\/podology.shop\/de\/wp-json\/wp\/v2\/media\/19188"}],"wp:attachment":[{"href":"https:\/\/podology.shop\/de\/wp-json\/wp\/v2\/media?parent=19191"}],"wp:term":[{"taxonomy":"product_brand","embeddable":true,"href":"https:\/\/podology.shop\/de\/wp-json\/wp\/v2\/product_brand?post=19191"},{"taxonomy":"product_cat","embeddable":true,"href":"https:\/\/podology.shop\/de\/wp-json\/wp\/v2\/product_cat?post=19191"},{"taxonomy":"product_tag","embeddable":true,"href":"https:\/\/podology.shop\/de\/wp-json\/wp\/v2\/product_tag?post=19191"}],"curies":[{"name":"wp","href":"https:\/\/api.w.org\/{rel}","templated":true}]}}