{"id":19218,"date":"2023-10-18T20:16:56","date_gmt":"2023-10-18T16:16:56","guid":{"rendered":"https:\/\/podology.shop\/product\/sanamed-rubin\/"},"modified":"2023-10-19T21:43:55","modified_gmt":"2023-10-19T17:43:55","slug":"sanamed-rubin","status":"publish","type":"product","link":"https:\/\/podology.shop\/de\/produkt\/sanamed-rubin\/","title":{"rendered":"SANAMED Fu\u00df-Creme-Schaum \u201eRubin\u201c 150ml"},"content":{"rendered":"<p>SANAMED \u201eRubin\u201c ist die anspruchsvolle Hautpflege f\u00fcr Fu\u00df und Bein bei sehr trockener bis rissiger Haut. Er ist ein schnell einziehender Creme Schaum mit wohltuenden Komponenten wie Urea, Panthenol, Pentavitin\u00ae, Bisabolol und vielen weiteren hochwertigen Inhaltsstoffen. Durch seinen hohen Urea-Anteil von 15% werden verhornte Stellen sp\u00fcrbar weicher und geschmeidiger. Frei von PEG, Parf\u00fcm, Farb- und Konservierungsstoffen ist er auch f\u00fcr Diabetiker geeignet. SANAMED \u201eRubin\u201c versorgt die Haut mit der notwendigen Pflege und spendet Feuchtigkeit, ohne die nat\u00fcrliche Funktion der Haut zu beeintr\u00e4chtigen.<\/p>\n<h4>Charakteristik<\/h4>\n<ul>\n<li>Frei von PEG, Parf\u00fcm, Farb- und Konservierungsstoffen<\/li>\n<li>Regeneration und St\u00e4rkung der Hautbarriere<\/li>\n<li>Wirksame Prophylaxe gegen rissige und spr\u00f6de Haut<\/li>\n<li>Hoher Urea-Anteil (15%)<\/li>\n<li>Sparsame und gute Dosierung durch eine innovative Darreichungs<br \/>\nform (Creme-Schaum)<\/li>\n<\/ul>\n<h4>Wichtige Inhaltsstoffe<\/h4>\n<p>Urea, Panthenol (Provitamin B5), Pentavitin\u00ae, Bisabolol<\/p>\n","protected":false},"excerpt":{"rendered":"<p>F\u00fcr sehr trockene bis rissige Haut<\/p>\n","protected":false},"featured_media":19215,"comment_status":"closed","ping_status":"closed","template":"","meta":{"inline_featured_image":false,"_monsterinsights_skip_tracking":false,"_monsterinsights_sitenote_active":false,"_monsterinsights_sitenote_note":"","_monsterinsights_sitenote_category":0,"site-sidebar-layout":"default","site-content-layout":"","ast-site-content-layout":"default","site-content-style":"default","site-sidebar-style":"default","ast-global-header-display":"","ast-banner-title-visibility":"","ast-main-header-display":"","ast-hfb-above-header-display":"","ast-hfb-below-header-display":"","ast-hfb-mobile-header-display":"","site-post-title":"","ast-breadcrumbs-content":"","ast-featured-img":"","footer-sml-layout":"","ast-disable-related-posts":"","theme-transparent-header-meta":"default","adv-header-id-meta":"","stick-header-meta":"","header-above-stick-meta":"","header-main-stick-meta":"","header-below-stick-meta":"","astra-migrate-meta-layouts":"set","ast-page-background-enabled":"default","ast-page-background-meta":{"desktop":{"background-color":"","background-image":"","background-repeat":"repeat","background-position":"center center","background-size":"auto","background-attachment":"scroll","background-type":"","background-media":"","overlay-type":"","overlay-color":"","overlay-opacity":"","overlay-gradient":""},"tablet":{"background-color":"","background-image":"","background-repeat":"repeat","background-position":"center center","background-size":"auto","background-attachment":"scroll","background-type":"","background-media":"","overlay-type":"","overlay-color":"","overlay-opacity":"","overlay-gradient":""},"mobile":{"background-color":"","background-image":"","background-repeat":"repeat","background-position":"center center","background-size":"auto","background-attachment":"scroll","background-type":"","background-media":"","overlay-type":"","overlay-color":"","overlay-opacity":"","overlay-gradient":""}},"ast-content-background-meta":{"desktop":{"background-color":"var(--ast-global-color-5)","background-image":"","background-repeat":"repeat","background-position":"center center","background-size":"auto","background-attachment":"scroll","background-type":"","background-media":"","overlay-type":"","overlay-color":"","overlay-opacity":"","overlay-gradient":""},"tablet":{"background-color":"var(--ast-global-color-5)","background-image":"","background-repeat":"repeat","background-position":"center center","background-size":"auto","background-attachment":"scroll","background-type":"","background-media":"","overlay-type":"","overlay-color":"","overlay-opacity":"","overlay-gradient":""},"mobile":{"background-color":"var(--ast-global-color-5)","background-image":"","background-repeat":"repeat","background-position":"center center","background-size":"auto","background-attachment":"scroll","background-type":"","background-media":"","overlay-type":"","overlay-color":"","overlay-opacity":"","overlay-gradient":""}}},"product_brand":[],"product_cat":[1394],"product_tag":[1025,1170,1150,1171,1169,1168,1052],"class_list":{"0":"post-19218","1":"product","2":"type-product","3":"status-publish","4":"has-post-thumbnail","6":"product_cat-sanamed","7":"product_tag-bisabolol-de","8":"product_tag-caremed-de","9":"product_tag-panthenol-de","10":"product_tag-pentavitin-de","11":"product_tag-sanamed-de","12":"product_tag-sanamed-rubin-de","13":"product_tag-urea-de","14":"desktop-align-center","15":"tablet-align-center","16":"mobile-align-center","18":"first","19":"instock","20":"shipping-taxable","21":"purchasable","22":"product-type-simple"},"yoast_head":"<!-- This site is optimized with the Yoast SEO plugin v27.1.1 - https:\/\/yoast.com\/product\/yoast-seo-wordpress\/ -->\n<title>SANAMED Fu\u00df-Creme-Schaum \u201eRubin\u201c 150ml - Podology.Shop<\/title>\n<meta name=\"description\" content=\"SANAMED \u201eRubin\u201c ist die anspruchsvolle Hautpflege f\u00fcr Fu\u00df und Bein bei sehr trockener bis rissiger Haut.\" \/>\n<meta name=\"robots\" content=\"index, follow, max-snippet:-1, max-image-preview:large, max-video-preview:-1\" \/>\n<link rel=\"canonical\" href=\"https:\/\/podology.shop\/de\/produkt\/sanamed-rubin\/\" \/>\n<meta property=\"og:locale\" content=\"de_DE\" \/>\n<meta property=\"og:type\" content=\"article\" \/>\n<meta property=\"og:title\" content=\"SANAMED Fu\u00df-Creme-Schaum \u201eRubin\u201c 150ml - Podology.Shop\" \/>\n<meta property=\"og:description\" content=\"SANAMED \u201eRubin\u201c ist die anspruchsvolle Hautpflege f\u00fcr Fu\u00df und Bein bei sehr trockener bis rissiger Haut.\" \/>\n<meta property=\"og:url\" content=\"https:\/\/podology.shop\/de\/produkt\/sanamed-rubin\/\" \/>\n<meta property=\"og:site_name\" content=\"Podology.Shop\" \/>\n<meta property=\"article:modified_time\" content=\"2023-10-19T17:43:55+00:00\" \/>\n<meta property=\"og:image\" content=\"https:\/\/podology.shop\/wp-content\/uploads\/2023\/10\/sanamed-rubin-150ml.jpg\" \/>\n\t<meta property=\"og:image:width\" content=\"800\" \/>\n\t<meta property=\"og:image:height\" content=\"800\" \/>\n\t<meta property=\"og:image:type\" content=\"image\/jpeg\" \/>\n<meta name=\"twitter:card\" content=\"summary_large_image\" \/>\n<meta name=\"twitter:label1\" content=\"Gesch\u00e4tzte Lesezeit\" \/>\n\t<meta name=\"twitter:data1\" content=\"1\u00a0Minute\" \/>\n<script type=\"application\/ld+json\" class=\"yoast-schema-graph\">{\"@context\":\"https:\/\/schema.org\",\"@graph\":[{\"@type\":\"WebPage\",\"@id\":\"https:\/\/podology.shop\/de\/produkt\/sanamed-rubin\/\",\"url\":\"https:\/\/podology.shop\/de\/produkt\/sanamed-rubin\/\",\"name\":\"SANAMED Fu\u00df-Creme-Schaum \u201eRubin\u201c 150ml - Podology.Shop\",\"isPartOf\":{\"@id\":\"https:\/\/podology.shop\/de\/#website\"},\"primaryImageOfPage\":{\"@id\":\"https:\/\/podology.shop\/de\/produkt\/sanamed-rubin\/#primaryimage\"},\"image\":{\"@id\":\"https:\/\/podology.shop\/de\/produkt\/sanamed-rubin\/#primaryimage\"},\"thumbnailUrl\":\"https:\/\/podology.shop\/wp-content\/uploads\/2023\/10\/sanamed-rubin-150ml.jpg\",\"datePublished\":\"2023-10-18T16:16:56+00:00\",\"dateModified\":\"2023-10-19T17:43:55+00:00\",\"description\":\"SANAMED \u201eRubin\u201c ist die anspruchsvolle Hautpflege f\u00fcr Fu\u00df und Bein bei sehr trockener bis rissiger Haut.\",\"breadcrumb\":{\"@id\":\"https:\/\/podology.shop\/de\/produkt\/sanamed-rubin\/#breadcrumb\"},\"inLanguage\":\"de\",\"potentialAction\":[{\"@type\":\"ReadAction\",\"target\":[\"https:\/\/podology.shop\/de\/produkt\/sanamed-rubin\/\"]}]},{\"@type\":\"ImageObject\",\"inLanguage\":\"de\",\"@id\":\"https:\/\/podology.shop\/de\/produkt\/sanamed-rubin\/#primaryimage\",\"url\":\"https:\/\/podology.shop\/wp-content\/uploads\/2023\/10\/sanamed-rubin-150ml.jpg\",\"contentUrl\":\"https:\/\/podology.shop\/wp-content\/uploads\/2023\/10\/sanamed-rubin-150ml.jpg\",\"width\":800,\"height\":800,\"caption\":\"sanamed rubin 150ml\"},{\"@type\":\"BreadcrumbList\",\"@id\":\"https:\/\/podology.shop\/de\/produkt\/sanamed-rubin\/#breadcrumb\",\"itemListElement\":[{\"@type\":\"ListItem\",\"position\":1,\"name\":\"Home\",\"item\":\"https:\/\/podology.shop\/de\/\"},{\"@type\":\"ListItem\",\"position\":2,\"name\":\"Shop\",\"item\":\"https:\/\/podology.shop\/de\/\"},{\"@type\":\"ListItem\",\"position\":3,\"name\":\"SANAMED Fu\u00df-Creme-Schaum \u201eRubin\u201c 150ml\"}]},{\"@type\":\"WebSite\",\"@id\":\"https:\/\/podology.shop\/de\/#website\",\"url\":\"https:\/\/podology.shop\/de\/\",\"name\":\"Podology.Shop\",\"description\":\"Podology.Shop\",\"publisher\":{\"@id\":\"https:\/\/podology.shop\/de\/#organization\"},\"potentialAction\":[{\"@type\":\"SearchAction\",\"target\":{\"@type\":\"EntryPoint\",\"urlTemplate\":\"https:\/\/podology.shop\/de\/?s={search_term_string}\"},\"query-input\":{\"@type\":\"PropertyValueSpecification\",\"valueRequired\":true,\"valueName\":\"search_term_string\"}}],\"inLanguage\":\"de\"},{\"@type\":\"Organization\",\"@id\":\"https:\/\/podology.shop\/de\/#organization\",\"name\":\"Podology.shop\",\"url\":\"https:\/\/podology.shop\/de\/\",\"logo\":{\"@type\":\"ImageObject\",\"inLanguage\":\"de\",\"@id\":\"https:\/\/podology.shop\/de\/#\/schema\/logo\/image\/\",\"url\":\"https:\/\/podology.shop\/wp-content\/uploads\/2020\/11\/125361778_1762772693887349_9190250941118524915_n-scaled.jpg\",\"contentUrl\":\"https:\/\/podology.shop\/wp-content\/uploads\/2020\/11\/125361778_1762772693887349_9190250941118524915_n-scaled.jpg\",\"width\":2560,\"height\":878,\"caption\":\"Podology.shop\"},\"image\":{\"@id\":\"https:\/\/podology.shop\/de\/#\/schema\/logo\/image\/\"}}]}<\/script>\n<!-- \/ Yoast SEO plugin. -->","yoast_head_json":{"title":"SANAMED Fu\u00df-Creme-Schaum \u201eRubin\u201c 150ml - Podology.Shop","description":"SANAMED \u201eRubin\u201c ist die anspruchsvolle Hautpflege f\u00fcr Fu\u00df und Bein bei sehr trockener bis rissiger Haut.","robots":{"index":"index","follow":"follow","max-snippet":"max-snippet:-1","max-image-preview":"max-image-preview:large","max-video-preview":"max-video-preview:-1"},"canonical":"https:\/\/podology.shop\/de\/produkt\/sanamed-rubin\/","og_locale":"de_DE","og_type":"article","og_title":"SANAMED Fu\u00df-Creme-Schaum \u201eRubin\u201c 150ml - Podology.Shop","og_description":"SANAMED \u201eRubin\u201c ist die anspruchsvolle Hautpflege f\u00fcr Fu\u00df und Bein bei sehr trockener bis rissiger Haut.","og_url":"https:\/\/podology.shop\/de\/produkt\/sanamed-rubin\/","og_site_name":"Podology.Shop","article_modified_time":"2023-10-19T17:43:55+00:00","og_image":[{"width":800,"height":800,"url":"https:\/\/podology.shop\/wp-content\/uploads\/2023\/10\/sanamed-rubin-150ml.jpg","type":"image\/jpeg"}],"twitter_card":"summary_large_image","twitter_misc":{"Gesch\u00e4tzte Lesezeit":"1\u00a0Minute"},"schema":{"@context":"https:\/\/schema.org","@graph":[{"@type":"WebPage","@id":"https:\/\/podology.shop\/de\/produkt\/sanamed-rubin\/","url":"https:\/\/podology.shop\/de\/produkt\/sanamed-rubin\/","name":"SANAMED Fu\u00df-Creme-Schaum \u201eRubin\u201c 150ml - Podology.Shop","isPartOf":{"@id":"https:\/\/podology.shop\/de\/#website"},"primaryImageOfPage":{"@id":"https:\/\/podology.shop\/de\/produkt\/sanamed-rubin\/#primaryimage"},"image":{"@id":"https:\/\/podology.shop\/de\/produkt\/sanamed-rubin\/#primaryimage"},"thumbnailUrl":"https:\/\/podology.shop\/wp-content\/uploads\/2023\/10\/sanamed-rubin-150ml.jpg","datePublished":"2023-10-18T16:16:56+00:00","dateModified":"2023-10-19T17:43:55+00:00","description":"SANAMED \u201eRubin\u201c ist die anspruchsvolle Hautpflege f\u00fcr Fu\u00df und Bein bei sehr trockener bis rissiger Haut.","breadcrumb":{"@id":"https:\/\/podology.shop\/de\/produkt\/sanamed-rubin\/#breadcrumb"},"inLanguage":"de","potentialAction":[{"@type":"ReadAction","target":["https:\/\/podology.shop\/de\/produkt\/sanamed-rubin\/"]}]},{"@type":"ImageObject","inLanguage":"de","@id":"https:\/\/podology.shop\/de\/produkt\/sanamed-rubin\/#primaryimage","url":"https:\/\/podology.shop\/wp-content\/uploads\/2023\/10\/sanamed-rubin-150ml.jpg","contentUrl":"https:\/\/podology.shop\/wp-content\/uploads\/2023\/10\/sanamed-rubin-150ml.jpg","width":800,"height":800,"caption":"sanamed rubin 150ml"},{"@type":"BreadcrumbList","@id":"https:\/\/podology.shop\/de\/produkt\/sanamed-rubin\/#breadcrumb","itemListElement":[{"@type":"ListItem","position":1,"name":"Home","item":"https:\/\/podology.shop\/de\/"},{"@type":"ListItem","position":2,"name":"Shop","item":"https:\/\/podology.shop\/de\/"},{"@type":"ListItem","position":3,"name":"SANAMED Fu\u00df-Creme-Schaum \u201eRubin\u201c 150ml"}]},{"@type":"WebSite","@id":"https:\/\/podology.shop\/de\/#website","url":"https:\/\/podology.shop\/de\/","name":"Podology.Shop","description":"Podology.Shop","publisher":{"@id":"https:\/\/podology.shop\/de\/#organization"},"potentialAction":[{"@type":"SearchAction","target":{"@type":"EntryPoint","urlTemplate":"https:\/\/podology.shop\/de\/?s={search_term_string}"},"query-input":{"@type":"PropertyValueSpecification","valueRequired":true,"valueName":"search_term_string"}}],"inLanguage":"de"},{"@type":"Organization","@id":"https:\/\/podology.shop\/de\/#organization","name":"Podology.shop","url":"https:\/\/podology.shop\/de\/","logo":{"@type":"ImageObject","inLanguage":"de","@id":"https:\/\/podology.shop\/de\/#\/schema\/logo\/image\/","url":"https:\/\/podology.shop\/wp-content\/uploads\/2020\/11\/125361778_1762772693887349_9190250941118524915_n-scaled.jpg","contentUrl":"https:\/\/podology.shop\/wp-content\/uploads\/2020\/11\/125361778_1762772693887349_9190250941118524915_n-scaled.jpg","width":2560,"height":878,"caption":"Podology.shop"},"image":{"@id":"https:\/\/podology.shop\/de\/#\/schema\/logo\/image\/"}}]}},"_links":{"self":[{"href":"https:\/\/podology.shop\/de\/wp-json\/wp\/v2\/product\/19218","targetHints":{"allow":["GET"]}}],"collection":[{"href":"https:\/\/podology.shop\/de\/wp-json\/wp\/v2\/product"}],"about":[{"href":"https:\/\/podology.shop\/de\/wp-json\/wp\/v2\/types\/product"}],"replies":[{"embeddable":true,"href":"https:\/\/podology.shop\/de\/wp-json\/wp\/v2\/comments?post=19218"}],"wp:featuredmedia":[{"embeddable":true,"href":"https:\/\/podology.shop\/de\/wp-json\/wp\/v2\/media\/19215"}],"wp:attachment":[{"href":"https:\/\/podology.shop\/de\/wp-json\/wp\/v2\/media?parent=19218"}],"wp:term":[{"taxonomy":"product_brand","embeddable":true,"href":"https:\/\/podology.shop\/de\/wp-json\/wp\/v2\/product_brand?post=19218"},{"taxonomy":"product_cat","embeddable":true,"href":"https:\/\/podology.shop\/de\/wp-json\/wp\/v2\/product_cat?post=19218"},{"taxonomy":"product_tag","embeddable":true,"href":"https:\/\/podology.shop\/de\/wp-json\/wp\/v2\/product_tag?post=19218"}],"curies":[{"name":"wp","href":"https:\/\/api.w.org\/{rel}","templated":true}]}}