{"id":19270,"date":"2023-10-19T21:26:26","date_gmt":"2023-10-19T17:26:26","guid":{"rendered":"https:\/\/podology.shop\/product\/sanamed-microsilver-150ml\/"},"modified":"2023-10-19T21:26:26","modified_gmt":"2023-10-19T17:26:26","slug":"sanamed-microsilver-150ml","status":"publish","type":"product","link":"https:\/\/podology.shop\/de\/produkt\/sanamed-microsilver-150ml\/","title":{"rendered":"SANAMED Fu\u00df-Creme-Schaum \u201eMikrosilber\u201c 150ml"},"content":{"rendered":"<p><strong>SANAMED \u201eMikrosilber\u201c<\/strong> ist eine schnell einziehende und hochwertige Pfle<br \/>\ngekombination f\u00fcr trockene Haut. Die Inhaltsstoffe Harnstoff und Glycerin<br \/>\nbinden Feuchtigkeit in tieferen Hautschichten. Hornhaut wird geschmeidig<br \/>\nund \u00fcberm\u00e4\u00dfige Neubildung vermindert. SANAMED \u201eMikrosilber\u201c besitzt<br \/>\neinen angenehm, aber dezent riechenden Duft und versorgt die Haut mit<br \/>\nder notwendigen Pflege. Er verbessert dabei die Hautstruktur, ohne die<br \/>\nnat\u00fcrliche Funktion der Haut zu beeintr\u00e4chtigen. Die Haut bekommt ein<br \/>\nausgesprochen weiches und seidiges Gef\u00fchl.<\/p>\n<h4>Charakteristik<\/h4>\n<ul>\n<li>Angenehmer Duft<\/li>\n<li>Schnell einziehender Creme-Schaum<\/li>\n<li>10% Urea<\/li>\n<li>Frei von PEG, Farb- und Konservierungsstoffen<\/li>\n<li>Sparsame und gute Dosierung durch eine innovative Darreichungs<br \/>\nform (Creme-Schaum)<\/li>\n<\/ul>\n<h4>Wichtige Inhaltsstoffe<\/h4>\n<p>Urea, Panthenol (Provitamin B5), Squalan, Mikrosilber BGTM, Jojoba\u00f6l,<br \/>\nAllantoin<\/p>\n","protected":false},"excerpt":{"rendered":"<p>F\u00fcr trockene und pilzempfindiche Haut<\/p>\n","protected":false},"featured_media":19267,"comment_status":"closed","ping_status":"closed","template":"","meta":{"inline_featured_image":false,"_monsterinsights_skip_tracking":false,"_monsterinsights_sitenote_active":false,"_monsterinsights_sitenote_note":"","_monsterinsights_sitenote_category":0,"site-sidebar-layout":"default","site-content-layout":"","ast-site-content-layout":"default","site-content-style":"default","site-sidebar-style":"default","ast-global-header-display":"","ast-banner-title-visibility":"","ast-main-header-display":"","ast-hfb-above-header-display":"","ast-hfb-below-header-display":"","ast-hfb-mobile-header-display":"","site-post-title":"","ast-breadcrumbs-content":"","ast-featured-img":"","footer-sml-layout":"","ast-disable-related-posts":"","theme-transparent-header-meta":"default","adv-header-id-meta":"","stick-header-meta":"","header-above-stick-meta":"","header-main-stick-meta":"","header-below-stick-meta":"","astra-migrate-meta-layouts":"default","ast-page-background-enabled":"default","ast-page-background-meta":{"desktop":{"background-color":"","background-image":"","background-repeat":"repeat","background-position":"center center","background-size":"auto","background-attachment":"scroll","background-type":"","background-media":"","overlay-type":"","overlay-color":"","overlay-opacity":"","overlay-gradient":""},"tablet":{"background-color":"","background-image":"","background-repeat":"repeat","background-position":"center center","background-size":"auto","background-attachment":"scroll","background-type":"","background-media":"","overlay-type":"","overlay-color":"","overlay-opacity":"","overlay-gradient":""},"mobile":{"background-color":"","background-image":"","background-repeat":"repeat","background-position":"center center","background-size":"auto","background-attachment":"scroll","background-type":"","background-media":"","overlay-type":"","overlay-color":"","overlay-opacity":"","overlay-gradient":""}},"ast-content-background-meta":{"desktop":{"background-color":"var(--ast-global-color-5)","background-image":"","background-repeat":"repeat","background-position":"center center","background-size":"auto","background-attachment":"scroll","background-type":"","background-media":"","overlay-type":"","overlay-color":"","overlay-opacity":"","overlay-gradient":""},"tablet":{"background-color":"var(--ast-global-color-5)","background-image":"","background-repeat":"repeat","background-position":"center center","background-size":"auto","background-attachment":"scroll","background-type":"","background-media":"","overlay-type":"","overlay-color":"","overlay-opacity":"","overlay-gradient":""},"mobile":{"background-color":"var(--ast-global-color-5)","background-image":"","background-repeat":"repeat","background-position":"center center","background-size":"auto","background-attachment":"scroll","background-type":"","background-media":"","overlay-type":"","overlay-color":"","overlay-opacity":"","overlay-gradient":""}}},"product_brand":[],"product_cat":[1394],"product_tag":[1151,1244,1243,1150,1169,1242,1241,1194,1052],"class_list":{"0":"post-19270","1":"product","2":"type-product","3":"status-publish","4":"has-post-thumbnail","6":"product_cat-sanamed","7":"product_tag-allantoin-de","8":"product_tag-jojoba-oil-de","9":"product_tag-micro-silver-de","10":"product_tag-panthenol-de","11":"product_tag-sanamed-de","12":"product_tag-sanamed-microsilver-de","13":"product_tag-sanamed-microsilver-150ml-de","14":"product_tag-squalene-de","15":"product_tag-urea-de","16":"desktop-align-center","17":"tablet-align-center","18":"mobile-align-center","20":"first","21":"instock","22":"shipping-taxable","23":"purchasable","24":"product-type-simple"},"yoast_head":"<!-- This site is optimized with the Yoast SEO plugin v27.1.1 - https:\/\/yoast.com\/product\/yoast-seo-wordpress\/ -->\n<title>SANAMED Fu\u00df-Creme-Schaum \u201eMikrosilber\u201c 150ml - Podology.Shop<\/title>\n<meta name=\"description\" content=\"SANAMED \u201eMikrosilber\u201c ist eine schnell einziehende und hochwertige Pfle gekombination f\u00fcr trockene Haut\" \/>\n<meta name=\"robots\" content=\"index, follow, max-snippet:-1, max-image-preview:large, max-video-preview:-1\" \/>\n<link rel=\"canonical\" href=\"https:\/\/podology.shop\/de\/produkt\/sanamed-microsilver-150ml\/\" \/>\n<meta property=\"og:locale\" content=\"de_DE\" \/>\n<meta property=\"og:type\" content=\"article\" \/>\n<meta property=\"og:title\" content=\"SANAMED Fu\u00df-Creme-Schaum \u201eMikrosilber\u201c 150ml - Podology.Shop\" \/>\n<meta property=\"og:description\" content=\"SANAMED \u201eMikrosilber\u201c ist eine schnell einziehende und hochwertige Pfle gekombination f\u00fcr trockene Haut\" \/>\n<meta property=\"og:url\" content=\"https:\/\/podology.shop\/de\/produkt\/sanamed-microsilver-150ml\/\" \/>\n<meta property=\"og:site_name\" content=\"Podology.Shop\" \/>\n<meta property=\"og:image\" content=\"https:\/\/podology.shop\/wp-content\/uploads\/2023\/10\/sanamed-microsilber-150ml.jpg\" \/>\n\t<meta property=\"og:image:width\" content=\"800\" \/>\n\t<meta property=\"og:image:height\" content=\"800\" \/>\n\t<meta property=\"og:image:type\" content=\"image\/jpeg\" \/>\n<meta name=\"twitter:card\" content=\"summary_large_image\" \/>\n<meta name=\"twitter:label1\" content=\"Gesch\u00e4tzte Lesezeit\" \/>\n\t<meta name=\"twitter:data1\" content=\"1\u00a0Minute\" \/>\n<script type=\"application\/ld+json\" class=\"yoast-schema-graph\">{\"@context\":\"https:\/\/schema.org\",\"@graph\":[{\"@type\":\"WebPage\",\"@id\":\"https:\/\/podology.shop\/de\/produkt\/sanamed-microsilver-150ml\/\",\"url\":\"https:\/\/podology.shop\/de\/produkt\/sanamed-microsilver-150ml\/\",\"name\":\"SANAMED Fu\u00df-Creme-Schaum \u201eMikrosilber\u201c 150ml - Podology.Shop\",\"isPartOf\":{\"@id\":\"https:\/\/podology.shop\/de\/#website\"},\"primaryImageOfPage\":{\"@id\":\"https:\/\/podology.shop\/de\/produkt\/sanamed-microsilver-150ml\/#primaryimage\"},\"image\":{\"@id\":\"https:\/\/podology.shop\/de\/produkt\/sanamed-microsilver-150ml\/#primaryimage\"},\"thumbnailUrl\":\"https:\/\/podology.shop\/wp-content\/uploads\/2023\/10\/sanamed-microsilber-150ml.jpg\",\"datePublished\":\"2023-10-19T17:26:26+00:00\",\"description\":\"SANAMED \u201eMikrosilber\u201c ist eine schnell einziehende und hochwertige Pfle gekombination f\u00fcr trockene Haut\",\"breadcrumb\":{\"@id\":\"https:\/\/podology.shop\/de\/produkt\/sanamed-microsilver-150ml\/#breadcrumb\"},\"inLanguage\":\"de\",\"potentialAction\":[{\"@type\":\"ReadAction\",\"target\":[\"https:\/\/podology.shop\/de\/produkt\/sanamed-microsilver-150ml\/\"]}]},{\"@type\":\"ImageObject\",\"inLanguage\":\"de\",\"@id\":\"https:\/\/podology.shop\/de\/produkt\/sanamed-microsilver-150ml\/#primaryimage\",\"url\":\"https:\/\/podology.shop\/wp-content\/uploads\/2023\/10\/sanamed-microsilber-150ml.jpg\",\"contentUrl\":\"https:\/\/podology.shop\/wp-content\/uploads\/2023\/10\/sanamed-microsilber-150ml.jpg\",\"width\":800,\"height\":800,\"caption\":\"sanamed microsilber 150ml\"},{\"@type\":\"BreadcrumbList\",\"@id\":\"https:\/\/podology.shop\/de\/produkt\/sanamed-microsilver-150ml\/#breadcrumb\",\"itemListElement\":[{\"@type\":\"ListItem\",\"position\":1,\"name\":\"Home\",\"item\":\"https:\/\/podology.shop\/de\/\"},{\"@type\":\"ListItem\",\"position\":2,\"name\":\"Shop\",\"item\":\"https:\/\/podology.shop\/de\/\"},{\"@type\":\"ListItem\",\"position\":3,\"name\":\"SANAMED Fu\u00df-Creme-Schaum \u201eMikrosilber\u201c 150ml\"}]},{\"@type\":\"WebSite\",\"@id\":\"https:\/\/podology.shop\/de\/#website\",\"url\":\"https:\/\/podology.shop\/de\/\",\"name\":\"Podology.Shop\",\"description\":\"Podology.Shop\",\"publisher\":{\"@id\":\"https:\/\/podology.shop\/de\/#organization\"},\"potentialAction\":[{\"@type\":\"SearchAction\",\"target\":{\"@type\":\"EntryPoint\",\"urlTemplate\":\"https:\/\/podology.shop\/de\/?s={search_term_string}\"},\"query-input\":{\"@type\":\"PropertyValueSpecification\",\"valueRequired\":true,\"valueName\":\"search_term_string\"}}],\"inLanguage\":\"de\"},{\"@type\":\"Organization\",\"@id\":\"https:\/\/podology.shop\/de\/#organization\",\"name\":\"Podology.shop\",\"url\":\"https:\/\/podology.shop\/de\/\",\"logo\":{\"@type\":\"ImageObject\",\"inLanguage\":\"de\",\"@id\":\"https:\/\/podology.shop\/de\/#\/schema\/logo\/image\/\",\"url\":\"https:\/\/podology.shop\/wp-content\/uploads\/2020\/11\/125361778_1762772693887349_9190250941118524915_n-scaled.jpg\",\"contentUrl\":\"https:\/\/podology.shop\/wp-content\/uploads\/2020\/11\/125361778_1762772693887349_9190250941118524915_n-scaled.jpg\",\"width\":2560,\"height\":878,\"caption\":\"Podology.shop\"},\"image\":{\"@id\":\"https:\/\/podology.shop\/de\/#\/schema\/logo\/image\/\"}}]}<\/script>\n<!-- \/ Yoast SEO plugin. -->","yoast_head_json":{"title":"SANAMED Fu\u00df-Creme-Schaum \u201eMikrosilber\u201c 150ml - Podology.Shop","description":"SANAMED \u201eMikrosilber\u201c ist eine schnell einziehende und hochwertige Pfle gekombination f\u00fcr trockene Haut","robots":{"index":"index","follow":"follow","max-snippet":"max-snippet:-1","max-image-preview":"max-image-preview:large","max-video-preview":"max-video-preview:-1"},"canonical":"https:\/\/podology.shop\/de\/produkt\/sanamed-microsilver-150ml\/","og_locale":"de_DE","og_type":"article","og_title":"SANAMED Fu\u00df-Creme-Schaum \u201eMikrosilber\u201c 150ml - Podology.Shop","og_description":"SANAMED \u201eMikrosilber\u201c ist eine schnell einziehende und hochwertige Pfle gekombination f\u00fcr trockene Haut","og_url":"https:\/\/podology.shop\/de\/produkt\/sanamed-microsilver-150ml\/","og_site_name":"Podology.Shop","og_image":[{"width":800,"height":800,"url":"https:\/\/podology.shop\/wp-content\/uploads\/2023\/10\/sanamed-microsilber-150ml.jpg","type":"image\/jpeg"}],"twitter_card":"summary_large_image","twitter_misc":{"Gesch\u00e4tzte Lesezeit":"1\u00a0Minute"},"schema":{"@context":"https:\/\/schema.org","@graph":[{"@type":"WebPage","@id":"https:\/\/podology.shop\/de\/produkt\/sanamed-microsilver-150ml\/","url":"https:\/\/podology.shop\/de\/produkt\/sanamed-microsilver-150ml\/","name":"SANAMED Fu\u00df-Creme-Schaum \u201eMikrosilber\u201c 150ml - Podology.Shop","isPartOf":{"@id":"https:\/\/podology.shop\/de\/#website"},"primaryImageOfPage":{"@id":"https:\/\/podology.shop\/de\/produkt\/sanamed-microsilver-150ml\/#primaryimage"},"image":{"@id":"https:\/\/podology.shop\/de\/produkt\/sanamed-microsilver-150ml\/#primaryimage"},"thumbnailUrl":"https:\/\/podology.shop\/wp-content\/uploads\/2023\/10\/sanamed-microsilber-150ml.jpg","datePublished":"2023-10-19T17:26:26+00:00","description":"SANAMED \u201eMikrosilber\u201c ist eine schnell einziehende und hochwertige Pfle gekombination f\u00fcr trockene Haut","breadcrumb":{"@id":"https:\/\/podology.shop\/de\/produkt\/sanamed-microsilver-150ml\/#breadcrumb"},"inLanguage":"de","potentialAction":[{"@type":"ReadAction","target":["https:\/\/podology.shop\/de\/produkt\/sanamed-microsilver-150ml\/"]}]},{"@type":"ImageObject","inLanguage":"de","@id":"https:\/\/podology.shop\/de\/produkt\/sanamed-microsilver-150ml\/#primaryimage","url":"https:\/\/podology.shop\/wp-content\/uploads\/2023\/10\/sanamed-microsilber-150ml.jpg","contentUrl":"https:\/\/podology.shop\/wp-content\/uploads\/2023\/10\/sanamed-microsilber-150ml.jpg","width":800,"height":800,"caption":"sanamed microsilber 150ml"},{"@type":"BreadcrumbList","@id":"https:\/\/podology.shop\/de\/produkt\/sanamed-microsilver-150ml\/#breadcrumb","itemListElement":[{"@type":"ListItem","position":1,"name":"Home","item":"https:\/\/podology.shop\/de\/"},{"@type":"ListItem","position":2,"name":"Shop","item":"https:\/\/podology.shop\/de\/"},{"@type":"ListItem","position":3,"name":"SANAMED Fu\u00df-Creme-Schaum \u201eMikrosilber\u201c 150ml"}]},{"@type":"WebSite","@id":"https:\/\/podology.shop\/de\/#website","url":"https:\/\/podology.shop\/de\/","name":"Podology.Shop","description":"Podology.Shop","publisher":{"@id":"https:\/\/podology.shop\/de\/#organization"},"potentialAction":[{"@type":"SearchAction","target":{"@type":"EntryPoint","urlTemplate":"https:\/\/podology.shop\/de\/?s={search_term_string}"},"query-input":{"@type":"PropertyValueSpecification","valueRequired":true,"valueName":"search_term_string"}}],"inLanguage":"de"},{"@type":"Organization","@id":"https:\/\/podology.shop\/de\/#organization","name":"Podology.shop","url":"https:\/\/podology.shop\/de\/","logo":{"@type":"ImageObject","inLanguage":"de","@id":"https:\/\/podology.shop\/de\/#\/schema\/logo\/image\/","url":"https:\/\/podology.shop\/wp-content\/uploads\/2020\/11\/125361778_1762772693887349_9190250941118524915_n-scaled.jpg","contentUrl":"https:\/\/podology.shop\/wp-content\/uploads\/2020\/11\/125361778_1762772693887349_9190250941118524915_n-scaled.jpg","width":2560,"height":878,"caption":"Podology.shop"},"image":{"@id":"https:\/\/podology.shop\/de\/#\/schema\/logo\/image\/"}}]}},"_links":{"self":[{"href":"https:\/\/podology.shop\/de\/wp-json\/wp\/v2\/product\/19270","targetHints":{"allow":["GET"]}}],"collection":[{"href":"https:\/\/podology.shop\/de\/wp-json\/wp\/v2\/product"}],"about":[{"href":"https:\/\/podology.shop\/de\/wp-json\/wp\/v2\/types\/product"}],"replies":[{"embeddable":true,"href":"https:\/\/podology.shop\/de\/wp-json\/wp\/v2\/comments?post=19270"}],"wp:featuredmedia":[{"embeddable":true,"href":"https:\/\/podology.shop\/de\/wp-json\/wp\/v2\/media\/19267"}],"wp:attachment":[{"href":"https:\/\/podology.shop\/de\/wp-json\/wp\/v2\/media?parent=19270"}],"wp:term":[{"taxonomy":"product_brand","embeddable":true,"href":"https:\/\/podology.shop\/de\/wp-json\/wp\/v2\/product_brand?post=19270"},{"taxonomy":"product_cat","embeddable":true,"href":"https:\/\/podology.shop\/de\/wp-json\/wp\/v2\/product_cat?post=19270"},{"taxonomy":"product_tag","embeddable":true,"href":"https:\/\/podology.shop\/de\/wp-json\/wp\/v2\/product_tag?post=19270"}],"curies":[{"name":"wp","href":"https:\/\/api.w.org\/{rel}","templated":true}]}}