{"id":19313,"date":"2023-10-21T19:16:27","date_gmt":"2023-10-21T15:16:27","guid":{"rendered":"https:\/\/podology.shop\/product\/caremed-allgauer-schrundencreme-cream-125ml\/"},"modified":"2023-10-21T19:16:27","modified_gmt":"2023-10-21T15:16:27","slug":"caremed-allgauer-schrundencreme-cream-125ml","status":"publish","type":"product","link":"https:\/\/podology.shop\/de\/produkt\/caremed-allgauer-schrundencreme-cream-125ml\/","title":{"rendered":"Caremed Allg\u00e4uer Schrundencreme 125ml"},"content":{"rendered":"<p>Allg\u00e4uer Schrundencreme mit Salicyls\u00e4ure reduziert nachhaltig Hornhaut<br \/>\nund Risse, speziell an H\u00e4nden, F\u00fc\u00dfen und Ellenbogen. Die Haut erh\u00e4lt<br \/>\nihre nat\u00fcrliche Widerstandskraft und Elastizit\u00e4t zur\u00fcck. Hautirritationen<br \/>\nberuhigen sich anhaltend in der Prophylaxe. Allg\u00e4uer Schrundencreme<br \/>\nstabilisiert und regeneriert strapazierte Haut mit wertvollen Naturstoffen<br \/>\nwie Mandel\u00f6l, Rosmarin\u00f6l, Latschenkiefer\u00f6l, Mistel, Lemongras\u00f6l, Baldrian,<br \/>\nMelisse, Fenchel, Hopfen, Kamille, Schafgarbe, Sheabutter und Vitamin E.<\/p>\n<h4>Charakteristik<\/h4>\n<ul>\n<li>Pflegt spr\u00f6de, raue und rissige Haut<\/li>\n<li>Optimale Hautvertr\u00e4glichkeit<\/li>\n<li>Angenehmer Duft<\/li>\n<li>Feuchtigkeitsspendend<\/li>\n<\/ul>\n<h4>Wichtige Inhaltsstoffe<\/h4>\n<p>Mandel\u00f6l, Rosmarin\u00f6l, Latschenkiefer, Sheabutter, Urea<\/p>\n","protected":false},"excerpt":{"rendered":"<p>Zur t\u00e4glichen Pflege spr\u00f6der, rauer und rissiger Haut<\/p>\n","protected":false},"featured_media":19310,"comment_status":"closed","ping_status":"closed","template":"","meta":{"inline_featured_image":false,"_monsterinsights_skip_tracking":false,"_monsterinsights_sitenote_active":false,"_monsterinsights_sitenote_note":"","_monsterinsights_sitenote_category":0,"site-sidebar-layout":"default","site-content-layout":"","ast-site-content-layout":"default","site-content-style":"default","site-sidebar-style":"default","ast-global-header-display":"","ast-banner-title-visibility":"","ast-main-header-display":"","ast-hfb-above-header-display":"","ast-hfb-below-header-display":"","ast-hfb-mobile-header-display":"","site-post-title":"","ast-breadcrumbs-content":"","ast-featured-img":"","footer-sml-layout":"","ast-disable-related-posts":"","theme-transparent-header-meta":"default","adv-header-id-meta":"","stick-header-meta":"","header-above-stick-meta":"","header-main-stick-meta":"","header-below-stick-meta":"","astra-migrate-meta-layouts":"default","ast-page-background-enabled":"default","ast-page-background-meta":{"desktop":{"background-color":"","background-image":"","background-repeat":"repeat","background-position":"center center","background-size":"auto","background-attachment":"scroll","background-type":"","background-media":"","overlay-type":"","overlay-color":"","overlay-opacity":"","overlay-gradient":""},"tablet":{"background-color":"","background-image":"","background-repeat":"repeat","background-position":"center center","background-size":"auto","background-attachment":"scroll","background-type":"","background-media":"","overlay-type":"","overlay-color":"","overlay-opacity":"","overlay-gradient":""},"mobile":{"background-color":"","background-image":"","background-repeat":"repeat","background-position":"center center","background-size":"auto","background-attachment":"scroll","background-type":"","background-media":"","overlay-type":"","overlay-color":"","overlay-opacity":"","overlay-gradient":""}},"ast-content-background-meta":{"desktop":{"background-color":"var(--ast-global-color-5)","background-image":"","background-repeat":"repeat","background-position":"center center","background-size":"auto","background-attachment":"scroll","background-type":"","background-media":"","overlay-type":"","overlay-color":"","overlay-opacity":"","overlay-gradient":""},"tablet":{"background-color":"var(--ast-global-color-5)","background-image":"","background-repeat":"repeat","background-position":"center center","background-size":"auto","background-attachment":"scroll","background-type":"","background-media":"","overlay-type":"","overlay-color":"","overlay-opacity":"","overlay-gradient":""},"mobile":{"background-color":"var(--ast-global-color-5)","background-image":"","background-repeat":"repeat","background-position":"center center","background-size":"auto","background-attachment":"scroll","background-type":"","background-media":"","overlay-type":"","overlay-color":"","overlay-opacity":"","overlay-gradient":""}}},"product_brand":[],"product_cat":[1398],"product_tag":[1330,1170,1329,1323,1327,1328,1325,1322,1300,1191,1321,1324,1326],"class_list":{"0":"post-19313","1":"product","2":"type-product","3":"status-publish","4":"has-post-thumbnail","6":"product_cat-caremed","7":"product_tag-allgauer-schrundencreme-de","8":"product_tag-caremed-de","9":"product_tag-caremed-allgauer-schrundencreme-de","10":"product_tag-cedar-oil-de","11":"product_tag-cracked-skin-de","12":"product_tag-hyperkeratosis-de","13":"product_tag-lemongass-oil-de","14":"product_tag-mistletoe-oil-de","15":"product_tag-mountain-pine-oil-de","16":"product_tag-salicylic-acid-de","17":"product_tag-shea-butter-de","18":"product_tag-sweet-almond-oil-de","19":"product_tag-valerian-extract-de","20":"desktop-align-center","21":"tablet-align-center","22":"mobile-align-center","24":"first","25":"instock","26":"shipping-taxable","27":"purchasable","28":"product-type-simple"},"yoast_head":"<!-- This site is optimized with the Yoast SEO plugin v27.5 - https:\/\/yoast.com\/product\/yoast-seo-wordpress\/ -->\n<title>Caremed Allg\u00e4uer Schrundencreme 125ml - Podology.Shop<\/title>\n<meta name=\"description\" content=\"Allg\u00e4uer Schrundencreme mit Salicyls\u00e4ure reduziert nachhaltig Hornhaut und Risse, speziell an H\u00e4nden, F\u00fc\u00dfen und Ellenbogen.\" \/>\n<meta name=\"robots\" content=\"index, follow, max-snippet:-1, max-image-preview:large, max-video-preview:-1\" \/>\n<link rel=\"canonical\" href=\"https:\/\/podology.shop\/de\/produkt\/caremed-allgauer-schrundencreme-cream-125ml\/\" \/>\n<meta property=\"og:locale\" content=\"de_DE\" \/>\n<meta property=\"og:type\" content=\"article\" \/>\n<meta property=\"og:title\" content=\"Caremed Allg\u00e4uer Schrundencreme 125ml - Podology.Shop\" \/>\n<meta property=\"og:description\" content=\"Allg\u00e4uer Schrundencreme mit Salicyls\u00e4ure reduziert nachhaltig Hornhaut und Risse, speziell an H\u00e4nden, F\u00fc\u00dfen und Ellenbogen.\" \/>\n<meta property=\"og:url\" content=\"https:\/\/podology.shop\/de\/produkt\/caremed-allgauer-schrundencreme-cream-125ml\/\" \/>\n<meta property=\"og:site_name\" content=\"Podology.Shop\" \/>\n<meta property=\"og:image\" content=\"https:\/\/podology.shop\/wp-content\/uploads\/2023\/10\/CareMed-Allgauer-Schrundencreme-125ml.jpg\" \/>\n\t<meta property=\"og:image:width\" content=\"800\" \/>\n\t<meta property=\"og:image:height\" content=\"800\" \/>\n\t<meta property=\"og:image:type\" content=\"image\/jpeg\" \/>\n<meta name=\"twitter:card\" content=\"summary_large_image\" \/>\n<script type=\"application\/ld+json\" class=\"yoast-schema-graph\">{\"@context\":\"https:\\\/\\\/schema.org\",\"@graph\":[{\"@type\":\"WebPage\",\"@id\":\"https:\\\/\\\/podology.shop\\\/de\\\/produkt\\\/caremed-allgauer-schrundencreme-cream-125ml\\\/\",\"url\":\"https:\\\/\\\/podology.shop\\\/de\\\/produkt\\\/caremed-allgauer-schrundencreme-cream-125ml\\\/\",\"name\":\"Caremed Allg\u00e4uer Schrundencreme 125ml - Podology.Shop\",\"isPartOf\":{\"@id\":\"https:\\\/\\\/podology.shop\\\/de\\\/#website\"},\"primaryImageOfPage\":{\"@id\":\"https:\\\/\\\/podology.shop\\\/de\\\/produkt\\\/caremed-allgauer-schrundencreme-cream-125ml\\\/#primaryimage\"},\"image\":{\"@id\":\"https:\\\/\\\/podology.shop\\\/de\\\/produkt\\\/caremed-allgauer-schrundencreme-cream-125ml\\\/#primaryimage\"},\"thumbnailUrl\":\"https:\\\/\\\/podology.shop\\\/wp-content\\\/uploads\\\/2023\\\/10\\\/CareMed-Allgauer-Schrundencreme-125ml.jpg\",\"datePublished\":\"2023-10-21T15:16:27+00:00\",\"description\":\"Allg\u00e4uer Schrundencreme mit Salicyls\u00e4ure reduziert nachhaltig Hornhaut und Risse, speziell an H\u00e4nden, F\u00fc\u00dfen und Ellenbogen.\",\"breadcrumb\":{\"@id\":\"https:\\\/\\\/podology.shop\\\/de\\\/produkt\\\/caremed-allgauer-schrundencreme-cream-125ml\\\/#breadcrumb\"},\"inLanguage\":\"de\",\"potentialAction\":[{\"@type\":\"ReadAction\",\"target\":[\"https:\\\/\\\/podology.shop\\\/de\\\/produkt\\\/caremed-allgauer-schrundencreme-cream-125ml\\\/\"]}]},{\"@type\":\"ImageObject\",\"inLanguage\":\"de\",\"@id\":\"https:\\\/\\\/podology.shop\\\/de\\\/produkt\\\/caremed-allgauer-schrundencreme-cream-125ml\\\/#primaryimage\",\"url\":\"https:\\\/\\\/podology.shop\\\/wp-content\\\/uploads\\\/2023\\\/10\\\/CareMed-Allgauer-Schrundencreme-125ml.jpg\",\"contentUrl\":\"https:\\\/\\\/podology.shop\\\/wp-content\\\/uploads\\\/2023\\\/10\\\/CareMed-Allgauer-Schrundencreme-125ml.jpg\",\"width\":800,\"height\":800,\"caption\":\"CareMed Allg\u00e4uer Schrundencreme 125ml\"},{\"@type\":\"BreadcrumbList\",\"@id\":\"https:\\\/\\\/podology.shop\\\/de\\\/produkt\\\/caremed-allgauer-schrundencreme-cream-125ml\\\/#breadcrumb\",\"itemListElement\":[{\"@type\":\"ListItem\",\"position\":1,\"name\":\"Home\",\"item\":\"https:\\\/\\\/podology.shop\\\/de\\\/\"},{\"@type\":\"ListItem\",\"position\":2,\"name\":\"Shop\",\"item\":\"https:\\\/\\\/podology.shop\\\/de\\\/\"},{\"@type\":\"ListItem\",\"position\":3,\"name\":\"Caremed Allg\u00e4uer Schrundencreme 125ml\"}]},{\"@type\":\"WebSite\",\"@id\":\"https:\\\/\\\/podology.shop\\\/de\\\/#website\",\"url\":\"https:\\\/\\\/podology.shop\\\/de\\\/\",\"name\":\"Podology.Shop\",\"description\":\"Podology.Shop\",\"publisher\":{\"@id\":\"https:\\\/\\\/podology.shop\\\/de\\\/#organization\"},\"potentialAction\":[{\"@type\":\"SearchAction\",\"target\":{\"@type\":\"EntryPoint\",\"urlTemplate\":\"https:\\\/\\\/podology.shop\\\/de\\\/?s={search_term_string}\"},\"query-input\":{\"@type\":\"PropertyValueSpecification\",\"valueRequired\":true,\"valueName\":\"search_term_string\"}}],\"inLanguage\":\"de\"},{\"@type\":\"Organization\",\"@id\":\"https:\\\/\\\/podology.shop\\\/de\\\/#organization\",\"name\":\"Podology.shop\",\"url\":\"https:\\\/\\\/podology.shop\\\/de\\\/\",\"logo\":{\"@type\":\"ImageObject\",\"inLanguage\":\"de\",\"@id\":\"https:\\\/\\\/podology.shop\\\/de\\\/#\\\/schema\\\/logo\\\/image\\\/\",\"url\":\"https:\\\/\\\/podology.shop\\\/wp-content\\\/uploads\\\/2020\\\/11\\\/125361778_1762772693887349_9190250941118524915_n-scaled.jpg\",\"contentUrl\":\"https:\\\/\\\/podology.shop\\\/wp-content\\\/uploads\\\/2020\\\/11\\\/125361778_1762772693887349_9190250941118524915_n-scaled.jpg\",\"width\":2560,\"height\":878,\"caption\":\"Podology.shop\"},\"image\":{\"@id\":\"https:\\\/\\\/podology.shop\\\/de\\\/#\\\/schema\\\/logo\\\/image\\\/\"}}]}<\/script>\n<!-- \/ Yoast SEO plugin. -->","yoast_head_json":{"title":"Caremed Allg\u00e4uer Schrundencreme 125ml - Podology.Shop","description":"Allg\u00e4uer Schrundencreme mit Salicyls\u00e4ure reduziert nachhaltig Hornhaut und Risse, speziell an H\u00e4nden, F\u00fc\u00dfen und Ellenbogen.","robots":{"index":"index","follow":"follow","max-snippet":"max-snippet:-1","max-image-preview":"max-image-preview:large","max-video-preview":"max-video-preview:-1"},"canonical":"https:\/\/podology.shop\/de\/produkt\/caremed-allgauer-schrundencreme-cream-125ml\/","og_locale":"de_DE","og_type":"article","og_title":"Caremed Allg\u00e4uer Schrundencreme 125ml - Podology.Shop","og_description":"Allg\u00e4uer Schrundencreme mit Salicyls\u00e4ure reduziert nachhaltig Hornhaut und Risse, speziell an H\u00e4nden, F\u00fc\u00dfen und Ellenbogen.","og_url":"https:\/\/podology.shop\/de\/produkt\/caremed-allgauer-schrundencreme-cream-125ml\/","og_site_name":"Podology.Shop","og_image":[{"width":800,"height":800,"url":"https:\/\/podology.shop\/wp-content\/uploads\/2023\/10\/CareMed-Allgauer-Schrundencreme-125ml.jpg","type":"image\/jpeg"}],"twitter_card":"summary_large_image","schema":{"@context":"https:\/\/schema.org","@graph":[{"@type":"WebPage","@id":"https:\/\/podology.shop\/de\/produkt\/caremed-allgauer-schrundencreme-cream-125ml\/","url":"https:\/\/podology.shop\/de\/produkt\/caremed-allgauer-schrundencreme-cream-125ml\/","name":"Caremed Allg\u00e4uer Schrundencreme 125ml - Podology.Shop","isPartOf":{"@id":"https:\/\/podology.shop\/de\/#website"},"primaryImageOfPage":{"@id":"https:\/\/podology.shop\/de\/produkt\/caremed-allgauer-schrundencreme-cream-125ml\/#primaryimage"},"image":{"@id":"https:\/\/podology.shop\/de\/produkt\/caremed-allgauer-schrundencreme-cream-125ml\/#primaryimage"},"thumbnailUrl":"https:\/\/podology.shop\/wp-content\/uploads\/2023\/10\/CareMed-Allgauer-Schrundencreme-125ml.jpg","datePublished":"2023-10-21T15:16:27+00:00","description":"Allg\u00e4uer Schrundencreme mit Salicyls\u00e4ure reduziert nachhaltig Hornhaut und Risse, speziell an H\u00e4nden, F\u00fc\u00dfen und Ellenbogen.","breadcrumb":{"@id":"https:\/\/podology.shop\/de\/produkt\/caremed-allgauer-schrundencreme-cream-125ml\/#breadcrumb"},"inLanguage":"de","potentialAction":[{"@type":"ReadAction","target":["https:\/\/podology.shop\/de\/produkt\/caremed-allgauer-schrundencreme-cream-125ml\/"]}]},{"@type":"ImageObject","inLanguage":"de","@id":"https:\/\/podology.shop\/de\/produkt\/caremed-allgauer-schrundencreme-cream-125ml\/#primaryimage","url":"https:\/\/podology.shop\/wp-content\/uploads\/2023\/10\/CareMed-Allgauer-Schrundencreme-125ml.jpg","contentUrl":"https:\/\/podology.shop\/wp-content\/uploads\/2023\/10\/CareMed-Allgauer-Schrundencreme-125ml.jpg","width":800,"height":800,"caption":"CareMed Allg\u00e4uer Schrundencreme 125ml"},{"@type":"BreadcrumbList","@id":"https:\/\/podology.shop\/de\/produkt\/caremed-allgauer-schrundencreme-cream-125ml\/#breadcrumb","itemListElement":[{"@type":"ListItem","position":1,"name":"Home","item":"https:\/\/podology.shop\/de\/"},{"@type":"ListItem","position":2,"name":"Shop","item":"https:\/\/podology.shop\/de\/"},{"@type":"ListItem","position":3,"name":"Caremed Allg\u00e4uer Schrundencreme 125ml"}]},{"@type":"WebSite","@id":"https:\/\/podology.shop\/de\/#website","url":"https:\/\/podology.shop\/de\/","name":"Podology.Shop","description":"Podology.Shop","publisher":{"@id":"https:\/\/podology.shop\/de\/#organization"},"potentialAction":[{"@type":"SearchAction","target":{"@type":"EntryPoint","urlTemplate":"https:\/\/podology.shop\/de\/?s={search_term_string}"},"query-input":{"@type":"PropertyValueSpecification","valueRequired":true,"valueName":"search_term_string"}}],"inLanguage":"de"},{"@type":"Organization","@id":"https:\/\/podology.shop\/de\/#organization","name":"Podology.shop","url":"https:\/\/podology.shop\/de\/","logo":{"@type":"ImageObject","inLanguage":"de","@id":"https:\/\/podology.shop\/de\/#\/schema\/logo\/image\/","url":"https:\/\/podology.shop\/wp-content\/uploads\/2020\/11\/125361778_1762772693887349_9190250941118524915_n-scaled.jpg","contentUrl":"https:\/\/podology.shop\/wp-content\/uploads\/2020\/11\/125361778_1762772693887349_9190250941118524915_n-scaled.jpg","width":2560,"height":878,"caption":"Podology.shop"},"image":{"@id":"https:\/\/podology.shop\/de\/#\/schema\/logo\/image\/"}}]}},"_links":{"self":[{"href":"https:\/\/podology.shop\/de\/wp-json\/wp\/v2\/product\/19313","targetHints":{"allow":["GET"]}}],"collection":[{"href":"https:\/\/podology.shop\/de\/wp-json\/wp\/v2\/product"}],"about":[{"href":"https:\/\/podology.shop\/de\/wp-json\/wp\/v2\/types\/product"}],"replies":[{"embeddable":true,"href":"https:\/\/podology.shop\/de\/wp-json\/wp\/v2\/comments?post=19313"}],"wp:featuredmedia":[{"embeddable":true,"href":"https:\/\/podology.shop\/de\/wp-json\/wp\/v2\/media\/19310"}],"wp:attachment":[{"href":"https:\/\/podology.shop\/de\/wp-json\/wp\/v2\/media?parent=19313"}],"wp:term":[{"taxonomy":"product_brand","embeddable":true,"href":"https:\/\/podology.shop\/de\/wp-json\/wp\/v2\/product_brand?post=19313"},{"taxonomy":"product_cat","embeddable":true,"href":"https:\/\/podology.shop\/de\/wp-json\/wp\/v2\/product_cat?post=19313"},{"taxonomy":"product_tag","embeddable":true,"href":"https:\/\/podology.shop\/de\/wp-json\/wp\/v2\/product_tag?post=19313"}],"curies":[{"name":"wp","href":"https:\/\/api.w.org\/{rel}","templated":true}]}}