{"id":19844,"date":"2025-07-13T15:44:50","date_gmt":"2025-07-13T12:44:50","guid":{"rendered":"https:\/\/podology.shop\/product\/regenerierender-fussbalsam-mit-granatapfel-creme-150ml\/"},"modified":"2025-07-13T17:51:38","modified_gmt":"2025-07-13T14:51:38","slug":"regenerierender-fussbalsam-mit-granatapfel-creme-150ml","status":"publish","type":"product","link":"https:\/\/podology.shop\/de\/produkt\/regenerierender-fussbalsam-mit-granatapfel-creme-150ml\/","title":{"rendered":"Regenerierender Fu\u00dfbalsam mit Granatapfel 150ml"},"content":{"rendered":"<p data-start=\"45\" data-end=\"382\">Die <strong>regenerierende<\/strong> <strong>Fu\u00dfcreme<\/strong> von CareMed mit wertvollen Inhaltsstoffen wie Granatapfelsamenextrakt, Argan\u00f6l, Sheabutter, gr\u00fcnem Tee, Panthenol, Vitamin B3 und Vitamin E pflegt und sch\u00fctzt die F\u00fc\u00dfe vor sch\u00e4dlichen Umwelteinfl\u00fcssen. Der sinnliche, leichte Duft f\u00f6rdert ganzheitlich ein Gef\u00fchl von Wohlbefinden und Komfort.<\/p>\n<p data-start=\"384\" data-end=\"406\"><strong data-start=\"384\" data-end=\"404\">Merkmale:<\/strong><\/p>\n<ul data-start=\"407\" data-end=\"600\" data-is-last-node=\"\" data-is-only-node=\"\">\n<li data-start=\"407\" data-end=\"497\">\n<p data-start=\"409\" data-end=\"497\">Schutz vor \u00e4u\u00dferen Umwelteinfl\u00fcssen dank antioxidativer Inhaltsstoffe<\/p>\n<\/li>\n<li data-start=\"498\" data-end=\"547\">\n<p data-start=\"500\" data-end=\"547\">Reich an hochwertigen, hautpflegenden Inhaltsstoffen<\/p>\n<\/li>\n<li data-start=\"548\" data-end=\"564\">\n<p data-start=\"550\" data-end=\"564\">Feuchtigkeitsspendend<\/p>\n<\/li>\n<li data-start=\"565\" data-end=\"579\">\n<p data-start=\"567\" data-end=\"579\">Nicht fettend<\/p>\n<\/li>\n<li data-start=\"580\" data-end=\"600\" data-is-last-node=\"\">\n<p data-start=\"582\" data-end=\"600\" data-is-last-node=\"\">Angenehmer Duft<\/p>\n<\/li>\n<\/ul>\n<p><strong>Inhaltsstoffe (INCI):  <\/strong><\/p>\n<p>Aqua, Glyceryl Stearate SE, Methylpropanediol, Glycerin, Butyrospermum Parkii Butter, Cetearyl Alcohol, Caprylic\/Capric Triglyceride, Isopropyl Myristate, Punica Granatum Seed Extract, Camellia Sinensis Leaf Extract, Argania Spinosa Kernel Oil, Rosmarinus Officinalis Leaf Extract, Panthenol, Tocopheryl Acetate, Niacinamide, Disodium EDTA, Propylene Glycol, Carbomer, Ethylhexylglycerin, Dimethicone, Parfum, Citric Acid, Phenoxyethanol, Sodium Hydroxide, CI 16255<\/p>\n","protected":false},"excerpt":{"rendered":"<p>Antioxidantien und feuchtigkeitsspendender Fu\u00dfbalsam zur Verbesserung der Hautelastizit\u00e4t<\/p>\n","protected":false},"featured_media":19841,"comment_status":"closed","ping_status":"closed","template":"","meta":{"inline_featured_image":false,"_monsterinsights_skip_tracking":false,"_monsterinsights_sitenote_active":false,"_monsterinsights_sitenote_note":"","_monsterinsights_sitenote_category":0,"site-sidebar-layout":"default","site-content-layout":"","ast-site-content-layout":"default","site-content-style":"default","site-sidebar-style":"default","ast-global-header-display":"","ast-banner-title-visibility":"","ast-main-header-display":"","ast-hfb-above-header-display":"","ast-hfb-below-header-display":"","ast-hfb-mobile-header-display":"","site-post-title":"","ast-breadcrumbs-content":"","ast-featured-img":"","footer-sml-layout":"","ast-disable-related-posts":"","theme-transparent-header-meta":"default","adv-header-id-meta":"","stick-header-meta":"","header-above-stick-meta":"","header-main-stick-meta":"","header-below-stick-meta":"","astra-migrate-meta-layouts":"default","ast-page-background-enabled":"default","ast-page-background-meta":{"desktop":{"background-color":"","background-image":"","background-repeat":"repeat","background-position":"center center","background-size":"auto","background-attachment":"scroll","background-type":"","background-media":"","overlay-type":"","overlay-color":"","overlay-opacity":"","overlay-gradient":""},"tablet":{"background-color":"","background-image":"","background-repeat":"repeat","background-position":"center center","background-size":"auto","background-attachment":"scroll","background-type":"","background-media":"","overlay-type":"","overlay-color":"","overlay-opacity":"","overlay-gradient":""},"mobile":{"background-color":"","background-image":"","background-repeat":"repeat","background-position":"center center","background-size":"auto","background-attachment":"scroll","background-type":"","background-media":"","overlay-type":"","overlay-color":"","overlay-opacity":"","overlay-gradient":""}},"ast-content-background-meta":{"desktop":{"background-color":"var(--ast-global-color-5)","background-image":"","background-repeat":"repeat","background-position":"center center","background-size":"auto","background-attachment":"scroll","background-type":"","background-media":"","overlay-type":"","overlay-color":"","overlay-opacity":"","overlay-gradient":""},"tablet":{"background-color":"var(--ast-global-color-5)","background-image":"","background-repeat":"repeat","background-position":"center center","background-size":"auto","background-attachment":"scroll","background-type":"","background-media":"","overlay-type":"","overlay-color":"","overlay-opacity":"","overlay-gradient":""},"mobile":{"background-color":"var(--ast-global-color-5)","background-image":"","background-repeat":"repeat","background-position":"center center","background-size":"auto","background-attachment":"scroll","background-type":"","background-media":"","overlay-type":"","overlay-color":"","overlay-opacity":"","overlay-gradient":""}}},"product_brand":[],"product_cat":[1398],"product_tag":[1448,1447,1449,1150],"class_list":{"0":"post-19844","1":"product","2":"type-product","3":"status-publish","4":"has-post-thumbnail","6":"product_cat-caremed","7":"product_tag-arganol","8":"product_tag-granatapfel","9":"product_tag-gruner-tee","10":"product_tag-panthenol-de","11":"desktop-align-center","12":"tablet-align-center","13":"mobile-align-center","15":"first","16":"instock","17":"shipping-taxable","18":"purchasable","19":"product-type-simple"},"yoast_head":"<!-- This site is optimized with the Yoast SEO plugin v27.1.1 - https:\/\/yoast.com\/product\/yoast-seo-wordpress\/ -->\n<title>Regenerierender Fu\u00dfbalsam mit Granatapfel 150ml - Podology.Shop<\/title>\n<meta name=\"robots\" content=\"index, follow, max-snippet:-1, max-image-preview:large, max-video-preview:-1\" \/>\n<link rel=\"canonical\" href=\"https:\/\/podology.shop\/de\/produkt\/regenerierender-fussbalsam-mit-granatapfel-creme-150ml\/\" \/>\n<meta property=\"og:locale\" content=\"de_DE\" \/>\n<meta property=\"og:type\" content=\"article\" \/>\n<meta property=\"og:title\" content=\"Regenerierender Fu\u00dfbalsam mit Granatapfel 150ml - Podology.Shop\" \/>\n<meta property=\"og:description\" content=\"Antioxidantien und feuchtigkeitsspendender Fu\u00dfbalsam zur Verbesserung der Hautelastizit\u00e4t\" \/>\n<meta property=\"og:url\" content=\"https:\/\/podology.shop\/de\/produkt\/regenerierender-fussbalsam-mit-granatapfel-creme-150ml\/\" \/>\n<meta property=\"og:site_name\" content=\"Podology.Shop\" \/>\n<meta property=\"article:modified_time\" content=\"2025-07-13T14:51:38+00:00\" \/>\n<meta property=\"og:image\" content=\"https:\/\/podology.shop\/wp-content\/uploads\/2025\/07\/CareMed-Fusbalsam-mit-Aprikosenkernol-150ml-1.jpg\" \/>\n\t<meta property=\"og:image:width\" content=\"800\" \/>\n\t<meta property=\"og:image:height\" content=\"800\" \/>\n\t<meta property=\"og:image:type\" content=\"image\/jpeg\" \/>\n<meta name=\"twitter:card\" content=\"summary_large_image\" \/>\n<meta name=\"twitter:label1\" content=\"Gesch\u00e4tzte Lesezeit\" \/>\n\t<meta name=\"twitter:data1\" content=\"1\u00a0Minute\" \/>\n<script type=\"application\/ld+json\" class=\"yoast-schema-graph\">{\"@context\":\"https:\/\/schema.org\",\"@graph\":[{\"@type\":\"WebPage\",\"@id\":\"https:\/\/podology.shop\/de\/produkt\/regenerierender-fussbalsam-mit-granatapfel-creme-150ml\/\",\"url\":\"https:\/\/podology.shop\/de\/produkt\/regenerierender-fussbalsam-mit-granatapfel-creme-150ml\/\",\"name\":\"Regenerierender Fu\u00dfbalsam mit Granatapfel 150ml - Podology.Shop\",\"isPartOf\":{\"@id\":\"https:\/\/podology.shop\/de\/#website\"},\"primaryImageOfPage\":{\"@id\":\"https:\/\/podology.shop\/de\/produkt\/regenerierender-fussbalsam-mit-granatapfel-creme-150ml\/#primaryimage\"},\"image\":{\"@id\":\"https:\/\/podology.shop\/de\/produkt\/regenerierender-fussbalsam-mit-granatapfel-creme-150ml\/#primaryimage\"},\"thumbnailUrl\":\"https:\/\/podology.shop\/wp-content\/uploads\/2025\/07\/CareMed-Fusbalsam-mit-Aprikosenkernol-150ml-1.jpg\",\"datePublished\":\"2025-07-13T12:44:50+00:00\",\"dateModified\":\"2025-07-13T14:51:38+00:00\",\"breadcrumb\":{\"@id\":\"https:\/\/podology.shop\/de\/produkt\/regenerierender-fussbalsam-mit-granatapfel-creme-150ml\/#breadcrumb\"},\"inLanguage\":\"de\",\"potentialAction\":[{\"@type\":\"ReadAction\",\"target\":[\"https:\/\/podology.shop\/de\/produkt\/regenerierender-fussbalsam-mit-granatapfel-creme-150ml\/\"]}]},{\"@type\":\"ImageObject\",\"inLanguage\":\"de\",\"@id\":\"https:\/\/podology.shop\/de\/produkt\/regenerierender-fussbalsam-mit-granatapfel-creme-150ml\/#primaryimage\",\"url\":\"https:\/\/podology.shop\/wp-content\/uploads\/2025\/07\/CareMed-Fusbalsam-mit-Aprikosenkernol-150ml-1.jpg\",\"contentUrl\":\"https:\/\/podology.shop\/wp-content\/uploads\/2025\/07\/CareMed-Fusbalsam-mit-Aprikosenkernol-150ml-1.jpg\",\"width\":800,\"height\":800,\"caption\":\"CareMed Fu\u00dfbalsam mit Aprikosenkern\u00f6l 150ml\"},{\"@type\":\"BreadcrumbList\",\"@id\":\"https:\/\/podology.shop\/de\/produkt\/regenerierender-fussbalsam-mit-granatapfel-creme-150ml\/#breadcrumb\",\"itemListElement\":[{\"@type\":\"ListItem\",\"position\":1,\"name\":\"Home\",\"item\":\"https:\/\/podology.shop\/de\/\"},{\"@type\":\"ListItem\",\"position\":2,\"name\":\"Shop\",\"item\":\"https:\/\/podology.shop\/de\/\"},{\"@type\":\"ListItem\",\"position\":3,\"name\":\"Regenerierender Fu\u00dfbalsam mit Granatapfel 150ml\"}]},{\"@type\":\"WebSite\",\"@id\":\"https:\/\/podology.shop\/de\/#website\",\"url\":\"https:\/\/podology.shop\/de\/\",\"name\":\"Podology.Shop\",\"description\":\"Podology.Shop\",\"publisher\":{\"@id\":\"https:\/\/podology.shop\/de\/#organization\"},\"potentialAction\":[{\"@type\":\"SearchAction\",\"target\":{\"@type\":\"EntryPoint\",\"urlTemplate\":\"https:\/\/podology.shop\/de\/?s={search_term_string}\"},\"query-input\":{\"@type\":\"PropertyValueSpecification\",\"valueRequired\":true,\"valueName\":\"search_term_string\"}}],\"inLanguage\":\"de\"},{\"@type\":\"Organization\",\"@id\":\"https:\/\/podology.shop\/de\/#organization\",\"name\":\"Podology.shop\",\"url\":\"https:\/\/podology.shop\/de\/\",\"logo\":{\"@type\":\"ImageObject\",\"inLanguage\":\"de\",\"@id\":\"https:\/\/podology.shop\/de\/#\/schema\/logo\/image\/\",\"url\":\"https:\/\/podology.shop\/wp-content\/uploads\/2020\/11\/125361778_1762772693887349_9190250941118524915_n-scaled.jpg\",\"contentUrl\":\"https:\/\/podology.shop\/wp-content\/uploads\/2020\/11\/125361778_1762772693887349_9190250941118524915_n-scaled.jpg\",\"width\":2560,\"height\":878,\"caption\":\"Podology.shop\"},\"image\":{\"@id\":\"https:\/\/podology.shop\/de\/#\/schema\/logo\/image\/\"}}]}<\/script>\n<!-- \/ Yoast SEO plugin. -->","yoast_head_json":{"title":"Regenerierender Fu\u00dfbalsam mit Granatapfel 150ml - Podology.Shop","robots":{"index":"index","follow":"follow","max-snippet":"max-snippet:-1","max-image-preview":"max-image-preview:large","max-video-preview":"max-video-preview:-1"},"canonical":"https:\/\/podology.shop\/de\/produkt\/regenerierender-fussbalsam-mit-granatapfel-creme-150ml\/","og_locale":"de_DE","og_type":"article","og_title":"Regenerierender Fu\u00dfbalsam mit Granatapfel 150ml - Podology.Shop","og_description":"Antioxidantien und feuchtigkeitsspendender Fu\u00dfbalsam zur Verbesserung der Hautelastizit\u00e4t","og_url":"https:\/\/podology.shop\/de\/produkt\/regenerierender-fussbalsam-mit-granatapfel-creme-150ml\/","og_site_name":"Podology.Shop","article_modified_time":"2025-07-13T14:51:38+00:00","og_image":[{"width":800,"height":800,"url":"https:\/\/podology.shop\/wp-content\/uploads\/2025\/07\/CareMed-Fusbalsam-mit-Aprikosenkernol-150ml-1.jpg","type":"image\/jpeg"}],"twitter_card":"summary_large_image","twitter_misc":{"Gesch\u00e4tzte Lesezeit":"1\u00a0Minute"},"schema":{"@context":"https:\/\/schema.org","@graph":[{"@type":"WebPage","@id":"https:\/\/podology.shop\/de\/produkt\/regenerierender-fussbalsam-mit-granatapfel-creme-150ml\/","url":"https:\/\/podology.shop\/de\/produkt\/regenerierender-fussbalsam-mit-granatapfel-creme-150ml\/","name":"Regenerierender Fu\u00dfbalsam mit Granatapfel 150ml - Podology.Shop","isPartOf":{"@id":"https:\/\/podology.shop\/de\/#website"},"primaryImageOfPage":{"@id":"https:\/\/podology.shop\/de\/produkt\/regenerierender-fussbalsam-mit-granatapfel-creme-150ml\/#primaryimage"},"image":{"@id":"https:\/\/podology.shop\/de\/produkt\/regenerierender-fussbalsam-mit-granatapfel-creme-150ml\/#primaryimage"},"thumbnailUrl":"https:\/\/podology.shop\/wp-content\/uploads\/2025\/07\/CareMed-Fusbalsam-mit-Aprikosenkernol-150ml-1.jpg","datePublished":"2025-07-13T12:44:50+00:00","dateModified":"2025-07-13T14:51:38+00:00","breadcrumb":{"@id":"https:\/\/podology.shop\/de\/produkt\/regenerierender-fussbalsam-mit-granatapfel-creme-150ml\/#breadcrumb"},"inLanguage":"de","potentialAction":[{"@type":"ReadAction","target":["https:\/\/podology.shop\/de\/produkt\/regenerierender-fussbalsam-mit-granatapfel-creme-150ml\/"]}]},{"@type":"ImageObject","inLanguage":"de","@id":"https:\/\/podology.shop\/de\/produkt\/regenerierender-fussbalsam-mit-granatapfel-creme-150ml\/#primaryimage","url":"https:\/\/podology.shop\/wp-content\/uploads\/2025\/07\/CareMed-Fusbalsam-mit-Aprikosenkernol-150ml-1.jpg","contentUrl":"https:\/\/podology.shop\/wp-content\/uploads\/2025\/07\/CareMed-Fusbalsam-mit-Aprikosenkernol-150ml-1.jpg","width":800,"height":800,"caption":"CareMed Fu\u00dfbalsam mit Aprikosenkern\u00f6l 150ml"},{"@type":"BreadcrumbList","@id":"https:\/\/podology.shop\/de\/produkt\/regenerierender-fussbalsam-mit-granatapfel-creme-150ml\/#breadcrumb","itemListElement":[{"@type":"ListItem","position":1,"name":"Home","item":"https:\/\/podology.shop\/de\/"},{"@type":"ListItem","position":2,"name":"Shop","item":"https:\/\/podology.shop\/de\/"},{"@type":"ListItem","position":3,"name":"Regenerierender Fu\u00dfbalsam mit Granatapfel 150ml"}]},{"@type":"WebSite","@id":"https:\/\/podology.shop\/de\/#website","url":"https:\/\/podology.shop\/de\/","name":"Podology.Shop","description":"Podology.Shop","publisher":{"@id":"https:\/\/podology.shop\/de\/#organization"},"potentialAction":[{"@type":"SearchAction","target":{"@type":"EntryPoint","urlTemplate":"https:\/\/podology.shop\/de\/?s={search_term_string}"},"query-input":{"@type":"PropertyValueSpecification","valueRequired":true,"valueName":"search_term_string"}}],"inLanguage":"de"},{"@type":"Organization","@id":"https:\/\/podology.shop\/de\/#organization","name":"Podology.shop","url":"https:\/\/podology.shop\/de\/","logo":{"@type":"ImageObject","inLanguage":"de","@id":"https:\/\/podology.shop\/de\/#\/schema\/logo\/image\/","url":"https:\/\/podology.shop\/wp-content\/uploads\/2020\/11\/125361778_1762772693887349_9190250941118524915_n-scaled.jpg","contentUrl":"https:\/\/podology.shop\/wp-content\/uploads\/2020\/11\/125361778_1762772693887349_9190250941118524915_n-scaled.jpg","width":2560,"height":878,"caption":"Podology.shop"},"image":{"@id":"https:\/\/podology.shop\/de\/#\/schema\/logo\/image\/"}}]}},"_links":{"self":[{"href":"https:\/\/podology.shop\/de\/wp-json\/wp\/v2\/product\/19844","targetHints":{"allow":["GET"]}}],"collection":[{"href":"https:\/\/podology.shop\/de\/wp-json\/wp\/v2\/product"}],"about":[{"href":"https:\/\/podology.shop\/de\/wp-json\/wp\/v2\/types\/product"}],"replies":[{"embeddable":true,"href":"https:\/\/podology.shop\/de\/wp-json\/wp\/v2\/comments?post=19844"}],"wp:featuredmedia":[{"embeddable":true,"href":"https:\/\/podology.shop\/de\/wp-json\/wp\/v2\/media\/19841"}],"wp:attachment":[{"href":"https:\/\/podology.shop\/de\/wp-json\/wp\/v2\/media?parent=19844"}],"wp:term":[{"taxonomy":"product_brand","embeddable":true,"href":"https:\/\/podology.shop\/de\/wp-json\/wp\/v2\/product_brand?post=19844"},{"taxonomy":"product_cat","embeddable":true,"href":"https:\/\/podology.shop\/de\/wp-json\/wp\/v2\/product_cat?post=19844"},{"taxonomy":"product_tag","embeddable":true,"href":"https:\/\/podology.shop\/de\/wp-json\/wp\/v2\/product_tag?post=19844"}],"curies":[{"name":"wp","href":"https:\/\/api.w.org\/{rel}","templated":true}]}}