{"id":19854,"date":"2025-07-13T17:16:38","date_gmt":"2025-07-13T14:16:38","guid":{"rendered":"https:\/\/podology.shop\/product\/fuss-bein-wellnesscreme-creme-150ml\/"},"modified":"2025-07-13T17:53:26","modified_gmt":"2025-07-13T14:53:26","slug":"fuss-bein-wellnesscreme-creme-150ml","status":"publish","type":"product","link":"https:\/\/podology.shop\/de\/produkt\/fuss-bein-wellnesscreme-creme-150ml\/","title":{"rendered":"Fu\u00df &amp; Bein Wellnesscreme"},"content":{"rendered":"<p data-start=\"40\" data-end=\"318\"><strong data-start=\"40\" data-end=\"150\">Sp\u00fcren Sie die wohltuende Wirkung unseres hochwertigen Fu\u00dfbalsams, der speziell auf die Bed\u00fcrfnisse Ihrer F\u00fc\u00dfe abgestimmt ist.<\/strong>  Mit einer wertvollen Formulierung aus Propolis, Hyaluron, Urea, Sanddorn und Sheabutter bietet dieser Balsam umfassende Pflege, die Ihre F\u00fc\u00dfe revitalisiert und sch\u00fctzt.<\/p>\n<p data-start=\"320\" data-end=\"696\">Der einzigartige Inhaltsstoff Propolis wirkt als nat\u00fcrliches Antiseptikum, unterst\u00fctzt die Regeneration der Haut und hat entz\u00fcndungshemmende Eigenschaften. In Kombination mit Hyaluron, einem leistungsstarken Feuchtigkeitsspender, spendet es intensive Feuchtigkeit und verbessert die Elastizit\u00e4t der Haut. Gleichzeitig versorgt Urea die Haut mit Feuchtigkeit, f\u00f6rdert ein glattes Hautbild und verhindert die Bildung von Schwielen.<\/p>\n<p data-start=\"698\" data-end=\"950\">Die wertvollen Inhaltsstoffe des Sanddorns sind reich an Antioxidantien und Vitaminen, die die Haut vor sch\u00e4dlichen Umwelteinfl\u00fcssen sch\u00fctzen und die Heilung unterst\u00fctzen. Sheabutter sorgt f\u00fcr eine intensive Tiefenpflege, n\u00e4hrt trockene und rissige Haut und macht sie weich.<\/p>\n<p data-start=\"952\" data-end=\"1234\" data-is-last-node=\"\" data-is-only-node=\"\">Unsere Formulierung wird durch Traubenkern\u00f6l abgerundet, das reich an essentiellen Fetts\u00e4uren ist und die Haut vor oxidativem Stress sch\u00fctzt. Es f\u00f6rdert die Regeneration und sorgt f\u00fcr ein seidig-weiches Hautgef\u00fchl. Der angenehme, leichte Duft f\u00f6rdert ganzheitlich ein Gef\u00fchl des Wohlbefindens und des Komforts.<\/p>\n<p data-start=\"35\" data-end=\"56\"><strong data-start=\"35\" data-end=\"54\">Eigenschaften<\/strong><\/p>\n<ul data-start=\"58\" data-end=\"181\" data-is-last-node=\"\" data-is-only-node=\"\">\n<li data-start=\"58\" data-end=\"117\">\n<p data-start=\"60\" data-end=\"117\">Frei von Allergenen, Parabenen und k\u00fcnstlichen Farbstoffen<\/p>\n<\/li>\n<li data-start=\"118\" data-end=\"134\">\n<p data-start=\"120\" data-end=\"134\">Feuchtigkeitsspendend<\/p>\n<\/li>\n<li data-start=\"135\" data-end=\"181\" data-is-last-node=\"\">\n<p data-start=\"137\" data-end=\"181\" data-is-last-node=\"\">Zieht schnell ein und hinterl\u00e4sst keine fettigen R\u00fcckst\u00e4nde<\/p>\n<\/li>\n<\/ul>\n<p><strong>Inhaltsstoffe (INCI):<\/strong><\/p>\n<p>Aqua, glyceryl stearate SE, aloe barbadensis leaf juce, methilpropanediol, urea, isopropyl myristate, glycerin, capryliccapric triglyceride, cetyl alcohol, butyrospermum parkii butter, cocos nucifera oil, mel, royal jelly, propolis extract, Mel-Extrakt, Natriumhyaluronat, Hippophane rhamnoides Frucht\u00f6l, Vitis vinifera Samen\u00f6l, Korallenpulver, Tocopherylacetat, Kampfer, Kokosglucosid, Parfum, Ethylhexylglycerin, Butylenglycol, Natriumcarbomer, Phenoxyethanol<\/p>\n","protected":false},"excerpt":{"rendered":"<p>Beruhigende Fu\u00dfcreme f\u00fcr die t\u00e4gliche Pflege<\/p>\n","protected":false},"featured_media":19851,"comment_status":"closed","ping_status":"closed","template":"","meta":{"inline_featured_image":false,"_monsterinsights_skip_tracking":false,"_monsterinsights_sitenote_active":false,"_monsterinsights_sitenote_note":"","_monsterinsights_sitenote_category":0,"site-sidebar-layout":"default","site-content-layout":"","ast-site-content-layout":"default","site-content-style":"default","site-sidebar-style":"default","ast-global-header-display":"","ast-banner-title-visibility":"","ast-main-header-display":"","ast-hfb-above-header-display":"","ast-hfb-below-header-display":"","ast-hfb-mobile-header-display":"","site-post-title":"","ast-breadcrumbs-content":"","ast-featured-img":"","footer-sml-layout":"","ast-disable-related-posts":"","theme-transparent-header-meta":"default","adv-header-id-meta":"","stick-header-meta":"","header-above-stick-meta":"","header-main-stick-meta":"","header-below-stick-meta":"","astra-migrate-meta-layouts":"default","ast-page-background-enabled":"default","ast-page-background-meta":{"desktop":{"background-color":"","background-image":"","background-repeat":"repeat","background-position":"center center","background-size":"auto","background-attachment":"scroll","background-type":"","background-media":"","overlay-type":"","overlay-color":"","overlay-opacity":"","overlay-gradient":""},"tablet":{"background-color":"","background-image":"","background-repeat":"repeat","background-position":"center center","background-size":"auto","background-attachment":"scroll","background-type":"","background-media":"","overlay-type":"","overlay-color":"","overlay-opacity":"","overlay-gradient":""},"mobile":{"background-color":"","background-image":"","background-repeat":"repeat","background-position":"center center","background-size":"auto","background-attachment":"scroll","background-type":"","background-media":"","overlay-type":"","overlay-color":"","overlay-opacity":"","overlay-gradient":""}},"ast-content-background-meta":{"desktop":{"background-color":"var(--ast-global-color-5)","background-image":"","background-repeat":"repeat","background-position":"center center","background-size":"auto","background-attachment":"scroll","background-type":"","background-media":"","overlay-type":"","overlay-color":"","overlay-opacity":"","overlay-gradient":""},"tablet":{"background-color":"var(--ast-global-color-5)","background-image":"","background-repeat":"repeat","background-position":"center center","background-size":"auto","background-attachment":"scroll","background-type":"","background-media":"","overlay-type":"","overlay-color":"","overlay-opacity":"","overlay-gradient":""},"mobile":{"background-color":"var(--ast-global-color-5)","background-image":"","background-repeat":"repeat","background-position":"center center","background-size":"auto","background-attachment":"scroll","background-type":"","background-media":"","overlay-type":"","overlay-color":"","overlay-opacity":"","overlay-gradient":""}}},"product_brand":[],"product_cat":[1398],"product_tag":[1462,1461,1463,1464,1465,1052],"class_list":{"0":"post-19854","1":"product","2":"type-product","3":"status-publish","4":"has-post-thumbnail","6":"product_cat-caremed","7":"product_tag-hyaluron-de","8":"product_tag-propolis-de","9":"product_tag-sanddorn-de","10":"product_tag-sheabutter-de","11":"product_tag-traubenkernol-de","12":"product_tag-urea-de","13":"desktop-align-center","14":"tablet-align-center","15":"mobile-align-center","17":"first","18":"instock","19":"shipping-taxable","20":"purchasable","21":"product-type-simple"},"yoast_head":"<!-- This site is optimized with the Yoast SEO plugin v27.1.1 - https:\/\/yoast.com\/product\/yoast-seo-wordpress\/ -->\n<title>Fu\u00df &amp; Bein Wellnesscreme - Podology.Shop<\/title>\n<meta name=\"robots\" content=\"index, follow, max-snippet:-1, max-image-preview:large, max-video-preview:-1\" \/>\n<link rel=\"canonical\" href=\"https:\/\/podology.shop\/de\/produkt\/fuss-bein-wellnesscreme-creme-150ml\/\" \/>\n<meta property=\"og:locale\" content=\"de_DE\" \/>\n<meta property=\"og:type\" content=\"article\" \/>\n<meta property=\"og:title\" content=\"Fu\u00df &amp; Bein Wellnesscreme - Podology.Shop\" \/>\n<meta property=\"og:description\" content=\"Beruhigende Fu\u00dfcreme f\u00fcr die t\u00e4gliche Pflege\" \/>\n<meta property=\"og:url\" content=\"https:\/\/podology.shop\/de\/produkt\/fuss-bein-wellnesscreme-creme-150ml\/\" \/>\n<meta property=\"og:site_name\" content=\"Podology.Shop\" \/>\n<meta property=\"article:modified_time\" content=\"2025-07-13T14:53:26+00:00\" \/>\n<meta property=\"og:image\" content=\"https:\/\/podology.shop\/wp-content\/uploads\/2025\/07\/CareMed-Fuss-Bein-Wellnesscreme-150-ml.jpg\" \/>\n\t<meta property=\"og:image:width\" content=\"640\" \/>\n\t<meta property=\"og:image:height\" content=\"640\" \/>\n\t<meta property=\"og:image:type\" content=\"image\/jpeg\" \/>\n<meta name=\"twitter:card\" content=\"summary_large_image\" \/>\n<meta name=\"twitter:label1\" content=\"Gesch\u00e4tzte Lesezeit\" \/>\n\t<meta name=\"twitter:data1\" content=\"1\u00a0Minute\" \/>\n<script type=\"application\/ld+json\" class=\"yoast-schema-graph\">{\"@context\":\"https:\/\/schema.org\",\"@graph\":[{\"@type\":\"WebPage\",\"@id\":\"https:\/\/podology.shop\/de\/produkt\/fuss-bein-wellnesscreme-creme-150ml\/\",\"url\":\"https:\/\/podology.shop\/de\/produkt\/fuss-bein-wellnesscreme-creme-150ml\/\",\"name\":\"Fu\u00df &amp; Bein Wellnesscreme - Podology.Shop\",\"isPartOf\":{\"@id\":\"https:\/\/podology.shop\/de\/#website\"},\"primaryImageOfPage\":{\"@id\":\"https:\/\/podology.shop\/de\/produkt\/fuss-bein-wellnesscreme-creme-150ml\/#primaryimage\"},\"image\":{\"@id\":\"https:\/\/podology.shop\/de\/produkt\/fuss-bein-wellnesscreme-creme-150ml\/#primaryimage\"},\"thumbnailUrl\":\"https:\/\/podology.shop\/wp-content\/uploads\/2025\/07\/CareMed-Fuss-Bein-Wellnesscreme-150-ml.jpg\",\"datePublished\":\"2025-07-13T14:16:38+00:00\",\"dateModified\":\"2025-07-13T14:53:26+00:00\",\"breadcrumb\":{\"@id\":\"https:\/\/podology.shop\/de\/produkt\/fuss-bein-wellnesscreme-creme-150ml\/#breadcrumb\"},\"inLanguage\":\"de\",\"potentialAction\":[{\"@type\":\"ReadAction\",\"target\":[\"https:\/\/podology.shop\/de\/produkt\/fuss-bein-wellnesscreme-creme-150ml\/\"]}]},{\"@type\":\"ImageObject\",\"inLanguage\":\"de\",\"@id\":\"https:\/\/podology.shop\/de\/produkt\/fuss-bein-wellnesscreme-creme-150ml\/#primaryimage\",\"url\":\"https:\/\/podology.shop\/wp-content\/uploads\/2025\/07\/CareMed-Fuss-Bein-Wellnesscreme-150-ml.jpg\",\"contentUrl\":\"https:\/\/podology.shop\/wp-content\/uploads\/2025\/07\/CareMed-Fuss-Bein-Wellnesscreme-150-ml.jpg\",\"width\":640,\"height\":640,\"caption\":\"CareMed Fuss & Bein Wellnesscreme 150 ml\"},{\"@type\":\"BreadcrumbList\",\"@id\":\"https:\/\/podology.shop\/de\/produkt\/fuss-bein-wellnesscreme-creme-150ml\/#breadcrumb\",\"itemListElement\":[{\"@type\":\"ListItem\",\"position\":1,\"name\":\"Home\",\"item\":\"https:\/\/podology.shop\/de\/\"},{\"@type\":\"ListItem\",\"position\":2,\"name\":\"Shop\",\"item\":\"https:\/\/podology.shop\/de\/\"},{\"@type\":\"ListItem\",\"position\":3,\"name\":\"Fu\u00df &amp; Bein Wellnesscreme\"}]},{\"@type\":\"WebSite\",\"@id\":\"https:\/\/podology.shop\/de\/#website\",\"url\":\"https:\/\/podology.shop\/de\/\",\"name\":\"Podology.Shop\",\"description\":\"Podology.Shop\",\"publisher\":{\"@id\":\"https:\/\/podology.shop\/de\/#organization\"},\"potentialAction\":[{\"@type\":\"SearchAction\",\"target\":{\"@type\":\"EntryPoint\",\"urlTemplate\":\"https:\/\/podology.shop\/de\/?s={search_term_string}\"},\"query-input\":{\"@type\":\"PropertyValueSpecification\",\"valueRequired\":true,\"valueName\":\"search_term_string\"}}],\"inLanguage\":\"de\"},{\"@type\":\"Organization\",\"@id\":\"https:\/\/podology.shop\/de\/#organization\",\"name\":\"Podology.shop\",\"url\":\"https:\/\/podology.shop\/de\/\",\"logo\":{\"@type\":\"ImageObject\",\"inLanguage\":\"de\",\"@id\":\"https:\/\/podology.shop\/de\/#\/schema\/logo\/image\/\",\"url\":\"https:\/\/podology.shop\/wp-content\/uploads\/2020\/11\/125361778_1762772693887349_9190250941118524915_n-scaled.jpg\",\"contentUrl\":\"https:\/\/podology.shop\/wp-content\/uploads\/2020\/11\/125361778_1762772693887349_9190250941118524915_n-scaled.jpg\",\"width\":2560,\"height\":878,\"caption\":\"Podology.shop\"},\"image\":{\"@id\":\"https:\/\/podology.shop\/de\/#\/schema\/logo\/image\/\"}}]}<\/script>\n<!-- \/ Yoast SEO plugin. -->","yoast_head_json":{"title":"Fu\u00df &amp; Bein Wellnesscreme - Podology.Shop","robots":{"index":"index","follow":"follow","max-snippet":"max-snippet:-1","max-image-preview":"max-image-preview:large","max-video-preview":"max-video-preview:-1"},"canonical":"https:\/\/podology.shop\/de\/produkt\/fuss-bein-wellnesscreme-creme-150ml\/","og_locale":"de_DE","og_type":"article","og_title":"Fu\u00df &amp; Bein Wellnesscreme - Podology.Shop","og_description":"Beruhigende Fu\u00dfcreme f\u00fcr die t\u00e4gliche Pflege","og_url":"https:\/\/podology.shop\/de\/produkt\/fuss-bein-wellnesscreme-creme-150ml\/","og_site_name":"Podology.Shop","article_modified_time":"2025-07-13T14:53:26+00:00","og_image":[{"width":640,"height":640,"url":"https:\/\/podology.shop\/wp-content\/uploads\/2025\/07\/CareMed-Fuss-Bein-Wellnesscreme-150-ml.jpg","type":"image\/jpeg"}],"twitter_card":"summary_large_image","twitter_misc":{"Gesch\u00e4tzte Lesezeit":"1\u00a0Minute"},"schema":{"@context":"https:\/\/schema.org","@graph":[{"@type":"WebPage","@id":"https:\/\/podology.shop\/de\/produkt\/fuss-bein-wellnesscreme-creme-150ml\/","url":"https:\/\/podology.shop\/de\/produkt\/fuss-bein-wellnesscreme-creme-150ml\/","name":"Fu\u00df &amp; Bein Wellnesscreme - Podology.Shop","isPartOf":{"@id":"https:\/\/podology.shop\/de\/#website"},"primaryImageOfPage":{"@id":"https:\/\/podology.shop\/de\/produkt\/fuss-bein-wellnesscreme-creme-150ml\/#primaryimage"},"image":{"@id":"https:\/\/podology.shop\/de\/produkt\/fuss-bein-wellnesscreme-creme-150ml\/#primaryimage"},"thumbnailUrl":"https:\/\/podology.shop\/wp-content\/uploads\/2025\/07\/CareMed-Fuss-Bein-Wellnesscreme-150-ml.jpg","datePublished":"2025-07-13T14:16:38+00:00","dateModified":"2025-07-13T14:53:26+00:00","breadcrumb":{"@id":"https:\/\/podology.shop\/de\/produkt\/fuss-bein-wellnesscreme-creme-150ml\/#breadcrumb"},"inLanguage":"de","potentialAction":[{"@type":"ReadAction","target":["https:\/\/podology.shop\/de\/produkt\/fuss-bein-wellnesscreme-creme-150ml\/"]}]},{"@type":"ImageObject","inLanguage":"de","@id":"https:\/\/podology.shop\/de\/produkt\/fuss-bein-wellnesscreme-creme-150ml\/#primaryimage","url":"https:\/\/podology.shop\/wp-content\/uploads\/2025\/07\/CareMed-Fuss-Bein-Wellnesscreme-150-ml.jpg","contentUrl":"https:\/\/podology.shop\/wp-content\/uploads\/2025\/07\/CareMed-Fuss-Bein-Wellnesscreme-150-ml.jpg","width":640,"height":640,"caption":"CareMed Fuss & Bein Wellnesscreme 150 ml"},{"@type":"BreadcrumbList","@id":"https:\/\/podology.shop\/de\/produkt\/fuss-bein-wellnesscreme-creme-150ml\/#breadcrumb","itemListElement":[{"@type":"ListItem","position":1,"name":"Home","item":"https:\/\/podology.shop\/de\/"},{"@type":"ListItem","position":2,"name":"Shop","item":"https:\/\/podology.shop\/de\/"},{"@type":"ListItem","position":3,"name":"Fu\u00df &amp; Bein Wellnesscreme"}]},{"@type":"WebSite","@id":"https:\/\/podology.shop\/de\/#website","url":"https:\/\/podology.shop\/de\/","name":"Podology.Shop","description":"Podology.Shop","publisher":{"@id":"https:\/\/podology.shop\/de\/#organization"},"potentialAction":[{"@type":"SearchAction","target":{"@type":"EntryPoint","urlTemplate":"https:\/\/podology.shop\/de\/?s={search_term_string}"},"query-input":{"@type":"PropertyValueSpecification","valueRequired":true,"valueName":"search_term_string"}}],"inLanguage":"de"},{"@type":"Organization","@id":"https:\/\/podology.shop\/de\/#organization","name":"Podology.shop","url":"https:\/\/podology.shop\/de\/","logo":{"@type":"ImageObject","inLanguage":"de","@id":"https:\/\/podology.shop\/de\/#\/schema\/logo\/image\/","url":"https:\/\/podology.shop\/wp-content\/uploads\/2020\/11\/125361778_1762772693887349_9190250941118524915_n-scaled.jpg","contentUrl":"https:\/\/podology.shop\/wp-content\/uploads\/2020\/11\/125361778_1762772693887349_9190250941118524915_n-scaled.jpg","width":2560,"height":878,"caption":"Podology.shop"},"image":{"@id":"https:\/\/podology.shop\/de\/#\/schema\/logo\/image\/"}}]}},"_links":{"self":[{"href":"https:\/\/podology.shop\/de\/wp-json\/wp\/v2\/product\/19854","targetHints":{"allow":["GET"]}}],"collection":[{"href":"https:\/\/podology.shop\/de\/wp-json\/wp\/v2\/product"}],"about":[{"href":"https:\/\/podology.shop\/de\/wp-json\/wp\/v2\/types\/product"}],"replies":[{"embeddable":true,"href":"https:\/\/podology.shop\/de\/wp-json\/wp\/v2\/comments?post=19854"}],"wp:featuredmedia":[{"embeddable":true,"href":"https:\/\/podology.shop\/de\/wp-json\/wp\/v2\/media\/19851"}],"wp:attachment":[{"href":"https:\/\/podology.shop\/de\/wp-json\/wp\/v2\/media?parent=19854"}],"wp:term":[{"taxonomy":"product_brand","embeddable":true,"href":"https:\/\/podology.shop\/de\/wp-json\/wp\/v2\/product_brand?post=19854"},{"taxonomy":"product_cat","embeddable":true,"href":"https:\/\/podology.shop\/de\/wp-json\/wp\/v2\/product_cat?post=19854"},{"taxonomy":"product_tag","embeddable":true,"href":"https:\/\/podology.shop\/de\/wp-json\/wp\/v2\/product_tag?post=19854"}],"curies":[{"name":"wp","href":"https:\/\/api.w.org\/{rel}","templated":true}]}}