{"id":19863,"date":"2025-07-13T17:38:56","date_gmt":"2025-07-13T14:38:56","guid":{"rendered":"https:\/\/podology.shop\/product\/fussbalsam-mit-aprikosenkernoel-150ml\/"},"modified":"2025-07-13T17:39:39","modified_gmt":"2025-07-13T14:39:39","slug":"fussbalsam-mit-aprikosenkernoel-150ml","status":"publish","type":"product","link":"https:\/\/podology.shop\/de\/produkt\/fussbalsam-mit-aprikosenkernoel-150ml\/","title":{"rendered":"Fu\u00dfbalsam mit Aprikosenkern\u00f6l 150ml"},"content":{"rendered":"<p data-start=\"40\" data-end=\"425\"><strong data-start=\"40\" data-end=\"158\">Verw\u00f6hnen Sie Ihre F\u00fc\u00dfe mit unserem exklusiven Fu\u00dfbalsam mit Aprikosenkern\u00f6l, Hyalurons\u00e4ure, Panthenol und Jojoba\u00f6l.<\/strong>  Es ist reichhaltig, wirksam und l\u00e4sst Ihre F\u00fc\u00dfe gesund und gepflegt aussehen. Die Formulierung mit ausgew\u00e4hlten Inhaltsstoffen verleiht Ihren F\u00fc\u00dfen ein samtig-weiches Hautgef\u00fchl und spendet lang anhaltende Feuchtigkeit. G\u00f6nnen Sie sich und Ihren F\u00fc\u00dfen pure Entspannung und eine wohltuende Pause.<\/p>\n<p data-start=\"40\" data-end=\"425\"><strong data-start=\"35\" data-end=\"54\">Eigenschaften<\/strong><\/p>\n<ul data-start=\"427\" data-end=\"609\" data-is-last-node=\"\" data-is-only-node=\"\">\n<li data-start=\"427\" data-end=\"452\">\n<p data-start=\"429\" data-end=\"452\">Effektive Pflege Wirkung<\/p>\n<\/li>\n<li data-start=\"453\" data-end=\"494\">\n<p data-start=\"455\" data-end=\"494\">Leichte Textur f\u00fcr weiche, zarte F\u00fc\u00dfe<\/p>\n<\/li>\n<li data-start=\"495\" data-end=\"526\">\n<p data-start=\"497\" data-end=\"526\">Spendet intensive Feuchtigkeit<\/p>\n<\/li>\n<li data-start=\"527\" data-end=\"554\">\n<p data-start=\"529\" data-end=\"554\">Frei von Silikon\u00f6len<\/p>\n<\/li>\n<li data-start=\"555\" data-end=\"577\">\n<p data-start=\"557\" data-end=\"577\">Frei von Parabenen<\/p>\n<\/li>\n<li data-start=\"578\" data-end=\"601\">\n<p data-start=\"580\" data-end=\"601\">Frei von Farbstoffen<\/p>\n<\/li>\n<li data-start=\"602\" data-end=\"609\" data-is-last-node=\"\">\n<p data-start=\"604\" data-end=\"609\" data-is-last-node=\"\">Vegan<\/p>\n<\/li>\n<\/ul>\n<p><strong>Inhaltsstoffe (INCI):<\/strong><\/p>\n<p>Aqua, Paraffinum Liquidum, Methylpropanediol, Glyceryl Stearate, Glycerin, Cetyl Alcohol, Isopropyl Myristate, Cetearyl Alcohol, Prunus Armeniaca Kernel Oil, Sodium Hyaluronate, Simmondsia Chinensis Seed Oil, Panthenol, Tocopheryl Acetate, Niacinamide, Xanthan Gum, Citric Acid, Ethylhexylglycerin, Ceteareth-20, Cetyl Palmitate, Ceteareth-12, Disodium EDTA, Carbomer, Parfum, Phenoxyethanol, Sodium Hydroxide.<\/p>\n","protected":false},"excerpt":{"rendered":"<p>Die perfekte Pflege f\u00fcr m\u00fcde und gestresste F\u00fc\u00dfe<\/p>\n","protected":false},"featured_media":19837,"comment_status":"closed","ping_status":"closed","template":"","meta":{"inline_featured_image":false,"_monsterinsights_skip_tracking":false,"_monsterinsights_sitenote_active":false,"_monsterinsights_sitenote_note":"","_monsterinsights_sitenote_category":0,"site-sidebar-layout":"default","site-content-layout":"","ast-site-content-layout":"default","site-content-style":"default","site-sidebar-style":"default","ast-global-header-display":"","ast-banner-title-visibility":"","ast-main-header-display":"","ast-hfb-above-header-display":"","ast-hfb-below-header-display":"","ast-hfb-mobile-header-display":"","site-post-title":"","ast-breadcrumbs-content":"","ast-featured-img":"","footer-sml-layout":"","ast-disable-related-posts":"","theme-transparent-header-meta":"default","adv-header-id-meta":"","stick-header-meta":"","header-above-stick-meta":"","header-main-stick-meta":"","header-below-stick-meta":"","astra-migrate-meta-layouts":"default","ast-page-background-enabled":"default","ast-page-background-meta":{"desktop":{"background-color":"","background-image":"","background-repeat":"repeat","background-position":"center center","background-size":"auto","background-attachment":"scroll","background-type":"","background-media":"","overlay-type":"","overlay-color":"","overlay-opacity":"","overlay-gradient":""},"tablet":{"background-color":"","background-image":"","background-repeat":"repeat","background-position":"center center","background-size":"auto","background-attachment":"scroll","background-type":"","background-media":"","overlay-type":"","overlay-color":"","overlay-opacity":"","overlay-gradient":""},"mobile":{"background-color":"","background-image":"","background-repeat":"repeat","background-position":"center center","background-size":"auto","background-attachment":"scroll","background-type":"","background-media":"","overlay-type":"","overlay-color":"","overlay-opacity":"","overlay-gradient":""}},"ast-content-background-meta":{"desktop":{"background-color":"var(--ast-global-color-5)","background-image":"","background-repeat":"repeat","background-position":"center center","background-size":"auto","background-attachment":"scroll","background-type":"","background-media":"","overlay-type":"","overlay-color":"","overlay-opacity":"","overlay-gradient":""},"tablet":{"background-color":"var(--ast-global-color-5)","background-image":"","background-repeat":"repeat","background-position":"center center","background-size":"auto","background-attachment":"scroll","background-type":"","background-media":"","overlay-type":"","overlay-color":"","overlay-opacity":"","overlay-gradient":""},"mobile":{"background-color":"var(--ast-global-color-5)","background-image":"","background-repeat":"repeat","background-position":"center center","background-size":"auto","background-attachment":"scroll","background-type":"","background-media":"","overlay-type":"","overlay-color":"","overlay-opacity":"","overlay-gradient":""}}},"product_brand":[],"product_cat":[1398],"product_tag":[1479,1480,1244,1481,1150],"class_list":{"0":"post-19863","1":"product","2":"type-product","3":"status-publish","4":"has-post-thumbnail","6":"product_cat-caremed","7":"product_tag-aprikosenkernol","8":"product_tag-hyaluronsaure","9":"product_tag-jojoba-oil-de","10":"product_tag-niacinamid-de-2","11":"product_tag-panthenol-de","12":"desktop-align-center","13":"tablet-align-center","14":"mobile-align-center","16":"first","17":"instock","18":"featured","19":"shipping-taxable","20":"purchasable","21":"product-type-simple"},"yoast_head":"<!-- This site is optimized with the Yoast SEO plugin v27.1.1 - https:\/\/yoast.com\/product\/yoast-seo-wordpress\/ -->\n<title>Fu\u00dfbalsam mit Aprikosenkern\u00f6l 150ml - Podology.Shop<\/title>\n<meta name=\"robots\" content=\"index, follow, max-snippet:-1, max-image-preview:large, max-video-preview:-1\" \/>\n<link rel=\"canonical\" href=\"https:\/\/podology.shop\/de\/produkt\/fussbalsam-mit-aprikosenkernoel-150ml\/\" \/>\n<meta property=\"og:locale\" content=\"de_DE\" \/>\n<meta property=\"og:type\" content=\"article\" \/>\n<meta property=\"og:title\" content=\"Fu\u00dfbalsam mit Aprikosenkern\u00f6l 150ml - Podology.Shop\" \/>\n<meta property=\"og:description\" content=\"Die perfekte Pflege f\u00fcr m\u00fcde und gestresste F\u00fc\u00dfe\" \/>\n<meta property=\"og:url\" content=\"https:\/\/podology.shop\/de\/produkt\/fussbalsam-mit-aprikosenkernoel-150ml\/\" \/>\n<meta property=\"og:site_name\" content=\"Podology.Shop\" \/>\n<meta property=\"article:modified_time\" content=\"2025-07-13T14:39:39+00:00\" \/>\n<meta property=\"og:image\" content=\"https:\/\/podology.shop\/wp-content\/uploads\/2025\/07\/CareMed-Fusbalsam-mit-Aprikosenkernol-150ml.jpg\" \/>\n\t<meta property=\"og:image:width\" content=\"800\" \/>\n\t<meta property=\"og:image:height\" content=\"800\" \/>\n\t<meta property=\"og:image:type\" content=\"image\/jpeg\" \/>\n<meta name=\"twitter:card\" content=\"summary_large_image\" \/>\n<meta name=\"twitter:label1\" content=\"Gesch\u00e4tzte Lesezeit\" \/>\n\t<meta name=\"twitter:data1\" content=\"1\u00a0Minute\" \/>\n<script type=\"application\/ld+json\" class=\"yoast-schema-graph\">{\"@context\":\"https:\/\/schema.org\",\"@graph\":[{\"@type\":\"WebPage\",\"@id\":\"https:\/\/podology.shop\/de\/produkt\/fussbalsam-mit-aprikosenkernoel-150ml\/\",\"url\":\"https:\/\/podology.shop\/de\/produkt\/fussbalsam-mit-aprikosenkernoel-150ml\/\",\"name\":\"Fu\u00dfbalsam mit Aprikosenkern\u00f6l 150ml - Podology.Shop\",\"isPartOf\":{\"@id\":\"https:\/\/podology.shop\/de\/#website\"},\"primaryImageOfPage\":{\"@id\":\"https:\/\/podology.shop\/de\/produkt\/fussbalsam-mit-aprikosenkernoel-150ml\/#primaryimage\"},\"image\":{\"@id\":\"https:\/\/podology.shop\/de\/produkt\/fussbalsam-mit-aprikosenkernoel-150ml\/#primaryimage\"},\"thumbnailUrl\":\"https:\/\/podology.shop\/wp-content\/uploads\/2025\/07\/CareMed-Fusbalsam-mit-Aprikosenkernol-150ml.jpg\",\"datePublished\":\"2025-07-13T14:38:56+00:00\",\"dateModified\":\"2025-07-13T14:39:39+00:00\",\"breadcrumb\":{\"@id\":\"https:\/\/podology.shop\/de\/produkt\/fussbalsam-mit-aprikosenkernoel-150ml\/#breadcrumb\"},\"inLanguage\":\"de\",\"potentialAction\":[{\"@type\":\"ReadAction\",\"target\":[\"https:\/\/podology.shop\/de\/produkt\/fussbalsam-mit-aprikosenkernoel-150ml\/\"]}]},{\"@type\":\"ImageObject\",\"inLanguage\":\"de\",\"@id\":\"https:\/\/podology.shop\/de\/produkt\/fussbalsam-mit-aprikosenkernoel-150ml\/#primaryimage\",\"url\":\"https:\/\/podology.shop\/wp-content\/uploads\/2025\/07\/CareMed-Fusbalsam-mit-Aprikosenkernol-150ml.jpg\",\"contentUrl\":\"https:\/\/podology.shop\/wp-content\/uploads\/2025\/07\/CareMed-Fusbalsam-mit-Aprikosenkernol-150ml.jpg\",\"width\":800,\"height\":800,\"caption\":\"CareMed Fu\u00dfbalsam mit Aprikosenkern\u00f6l 150ml\"},{\"@type\":\"BreadcrumbList\",\"@id\":\"https:\/\/podology.shop\/de\/produkt\/fussbalsam-mit-aprikosenkernoel-150ml\/#breadcrumb\",\"itemListElement\":[{\"@type\":\"ListItem\",\"position\":1,\"name\":\"Home\",\"item\":\"https:\/\/podology.shop\/de\/\"},{\"@type\":\"ListItem\",\"position\":2,\"name\":\"Shop\",\"item\":\"https:\/\/podology.shop\/de\/\"},{\"@type\":\"ListItem\",\"position\":3,\"name\":\"Fu\u00dfbalsam mit Aprikosenkern\u00f6l 150ml\"}]},{\"@type\":\"WebSite\",\"@id\":\"https:\/\/podology.shop\/de\/#website\",\"url\":\"https:\/\/podology.shop\/de\/\",\"name\":\"Podology.Shop\",\"description\":\"Podology.Shop\",\"publisher\":{\"@id\":\"https:\/\/podology.shop\/de\/#organization\"},\"potentialAction\":[{\"@type\":\"SearchAction\",\"target\":{\"@type\":\"EntryPoint\",\"urlTemplate\":\"https:\/\/podology.shop\/de\/?s={search_term_string}\"},\"query-input\":{\"@type\":\"PropertyValueSpecification\",\"valueRequired\":true,\"valueName\":\"search_term_string\"}}],\"inLanguage\":\"de\"},{\"@type\":\"Organization\",\"@id\":\"https:\/\/podology.shop\/de\/#organization\",\"name\":\"Podology.shop\",\"url\":\"https:\/\/podology.shop\/de\/\",\"logo\":{\"@type\":\"ImageObject\",\"inLanguage\":\"de\",\"@id\":\"https:\/\/podology.shop\/de\/#\/schema\/logo\/image\/\",\"url\":\"https:\/\/podology.shop\/wp-content\/uploads\/2020\/11\/125361778_1762772693887349_9190250941118524915_n-scaled.jpg\",\"contentUrl\":\"https:\/\/podology.shop\/wp-content\/uploads\/2020\/11\/125361778_1762772693887349_9190250941118524915_n-scaled.jpg\",\"width\":2560,\"height\":878,\"caption\":\"Podology.shop\"},\"image\":{\"@id\":\"https:\/\/podology.shop\/de\/#\/schema\/logo\/image\/\"}}]}<\/script>\n<!-- \/ Yoast SEO plugin. -->","yoast_head_json":{"title":"Fu\u00dfbalsam mit Aprikosenkern\u00f6l 150ml - Podology.Shop","robots":{"index":"index","follow":"follow","max-snippet":"max-snippet:-1","max-image-preview":"max-image-preview:large","max-video-preview":"max-video-preview:-1"},"canonical":"https:\/\/podology.shop\/de\/produkt\/fussbalsam-mit-aprikosenkernoel-150ml\/","og_locale":"de_DE","og_type":"article","og_title":"Fu\u00dfbalsam mit Aprikosenkern\u00f6l 150ml - Podology.Shop","og_description":"Die perfekte Pflege f\u00fcr m\u00fcde und gestresste F\u00fc\u00dfe","og_url":"https:\/\/podology.shop\/de\/produkt\/fussbalsam-mit-aprikosenkernoel-150ml\/","og_site_name":"Podology.Shop","article_modified_time":"2025-07-13T14:39:39+00:00","og_image":[{"width":800,"height":800,"url":"https:\/\/podology.shop\/wp-content\/uploads\/2025\/07\/CareMed-Fusbalsam-mit-Aprikosenkernol-150ml.jpg","type":"image\/jpeg"}],"twitter_card":"summary_large_image","twitter_misc":{"Gesch\u00e4tzte Lesezeit":"1\u00a0Minute"},"schema":{"@context":"https:\/\/schema.org","@graph":[{"@type":"WebPage","@id":"https:\/\/podology.shop\/de\/produkt\/fussbalsam-mit-aprikosenkernoel-150ml\/","url":"https:\/\/podology.shop\/de\/produkt\/fussbalsam-mit-aprikosenkernoel-150ml\/","name":"Fu\u00dfbalsam mit Aprikosenkern\u00f6l 150ml - Podology.Shop","isPartOf":{"@id":"https:\/\/podology.shop\/de\/#website"},"primaryImageOfPage":{"@id":"https:\/\/podology.shop\/de\/produkt\/fussbalsam-mit-aprikosenkernoel-150ml\/#primaryimage"},"image":{"@id":"https:\/\/podology.shop\/de\/produkt\/fussbalsam-mit-aprikosenkernoel-150ml\/#primaryimage"},"thumbnailUrl":"https:\/\/podology.shop\/wp-content\/uploads\/2025\/07\/CareMed-Fusbalsam-mit-Aprikosenkernol-150ml.jpg","datePublished":"2025-07-13T14:38:56+00:00","dateModified":"2025-07-13T14:39:39+00:00","breadcrumb":{"@id":"https:\/\/podology.shop\/de\/produkt\/fussbalsam-mit-aprikosenkernoel-150ml\/#breadcrumb"},"inLanguage":"de","potentialAction":[{"@type":"ReadAction","target":["https:\/\/podology.shop\/de\/produkt\/fussbalsam-mit-aprikosenkernoel-150ml\/"]}]},{"@type":"ImageObject","inLanguage":"de","@id":"https:\/\/podology.shop\/de\/produkt\/fussbalsam-mit-aprikosenkernoel-150ml\/#primaryimage","url":"https:\/\/podology.shop\/wp-content\/uploads\/2025\/07\/CareMed-Fusbalsam-mit-Aprikosenkernol-150ml.jpg","contentUrl":"https:\/\/podology.shop\/wp-content\/uploads\/2025\/07\/CareMed-Fusbalsam-mit-Aprikosenkernol-150ml.jpg","width":800,"height":800,"caption":"CareMed Fu\u00dfbalsam mit Aprikosenkern\u00f6l 150ml"},{"@type":"BreadcrumbList","@id":"https:\/\/podology.shop\/de\/produkt\/fussbalsam-mit-aprikosenkernoel-150ml\/#breadcrumb","itemListElement":[{"@type":"ListItem","position":1,"name":"Home","item":"https:\/\/podology.shop\/de\/"},{"@type":"ListItem","position":2,"name":"Shop","item":"https:\/\/podology.shop\/de\/"},{"@type":"ListItem","position":3,"name":"Fu\u00dfbalsam mit Aprikosenkern\u00f6l 150ml"}]},{"@type":"WebSite","@id":"https:\/\/podology.shop\/de\/#website","url":"https:\/\/podology.shop\/de\/","name":"Podology.Shop","description":"Podology.Shop","publisher":{"@id":"https:\/\/podology.shop\/de\/#organization"},"potentialAction":[{"@type":"SearchAction","target":{"@type":"EntryPoint","urlTemplate":"https:\/\/podology.shop\/de\/?s={search_term_string}"},"query-input":{"@type":"PropertyValueSpecification","valueRequired":true,"valueName":"search_term_string"}}],"inLanguage":"de"},{"@type":"Organization","@id":"https:\/\/podology.shop\/de\/#organization","name":"Podology.shop","url":"https:\/\/podology.shop\/de\/","logo":{"@type":"ImageObject","inLanguage":"de","@id":"https:\/\/podology.shop\/de\/#\/schema\/logo\/image\/","url":"https:\/\/podology.shop\/wp-content\/uploads\/2020\/11\/125361778_1762772693887349_9190250941118524915_n-scaled.jpg","contentUrl":"https:\/\/podology.shop\/wp-content\/uploads\/2020\/11\/125361778_1762772693887349_9190250941118524915_n-scaled.jpg","width":2560,"height":878,"caption":"Podology.shop"},"image":{"@id":"https:\/\/podology.shop\/de\/#\/schema\/logo\/image\/"}}]}},"_links":{"self":[{"href":"https:\/\/podology.shop\/de\/wp-json\/wp\/v2\/product\/19863","targetHints":{"allow":["GET"]}}],"collection":[{"href":"https:\/\/podology.shop\/de\/wp-json\/wp\/v2\/product"}],"about":[{"href":"https:\/\/podology.shop\/de\/wp-json\/wp\/v2\/types\/product"}],"replies":[{"embeddable":true,"href":"https:\/\/podology.shop\/de\/wp-json\/wp\/v2\/comments?post=19863"}],"wp:featuredmedia":[{"embeddable":true,"href":"https:\/\/podology.shop\/de\/wp-json\/wp\/v2\/media\/19837"}],"wp:attachment":[{"href":"https:\/\/podology.shop\/de\/wp-json\/wp\/v2\/media?parent=19863"}],"wp:term":[{"taxonomy":"product_brand","embeddable":true,"href":"https:\/\/podology.shop\/de\/wp-json\/wp\/v2\/product_brand?post=19863"},{"taxonomy":"product_cat","embeddable":true,"href":"https:\/\/podology.shop\/de\/wp-json\/wp\/v2\/product_cat?post=19863"},{"taxonomy":"product_tag","embeddable":true,"href":"https:\/\/podology.shop\/de\/wp-json\/wp\/v2\/product_tag?post=19863"}],"curies":[{"name":"wp","href":"https:\/\/api.w.org\/{rel}","templated":true}]}}