{"id":19876,"date":"2025-07-13T18:40:05","date_gmt":"2025-07-13T15:40:05","guid":{"rendered":"https:\/\/podology.shop\/product\/urea-10-extra-basische-fusscreme-150ml\/"},"modified":"2025-07-13T18:41:04","modified_gmt":"2025-07-13T15:41:04","slug":"urea-10-extra-basische-fusscreme-150ml","status":"publish","type":"product","link":"https:\/\/podology.shop\/de\/produkt\/urea-10-extra-basische-fusscreme-150ml\/","title":{"rendered":"Urea 10% Extra &#8211; Basische Fu\u00dfcreme 150ml"},"content":{"rendered":"<p>Die alkalische Fu\u00dfcreme von CareMed mit 10% extra Urea ist eine Pflegekombination f\u00fcr sehr trockene, raue und gespannte Haut. Das Produkt verbessert und normalisiert den Hautzustand, indem es u.a. Feuchtigkeit, Lipide und Antioxidantien zuf\u00fchrt. Dadurch werden selbst verh\u00e4rtete Stellen sp\u00fcrbar weicher und geschmeidiger. Ausgew\u00e4hlte \u00d6le wie Rosmarin\u00f6l, Latschenkiefer\u00f6l und Lavendel\u00f6l sorgen f\u00fcr ein optimales Pflegeerlebnis, das sich auch positiv auf das allgemeine Wohlbefinden auswirken kann. Die alkalische Fu\u00dfcreme von CareMed mit 10% extra Urea bietet intensive Pflege, mindert Rauheit und sch\u00fctzt vor Feuchtigkeitsverlust und Spannungsgef\u00fchl. Die regelm\u00e4\u00dfige Anwendung f\u00f6rdert eine Verbesserung der Hautstruktur und erh\u00f6ht die Widerstandsf\u00e4higkeit der Haut.     <\/p>\n<p><strong>Merkmale:<\/strong><\/p>\n<ul>\n<li>Angenehmer Duft<\/li>\n<li>Sehr gute Hautvertr\u00e4glichkeit<\/li>\n<li>Sch\u00fctzt vor Feuchtigkeitsverlust und reduziert das Spannungsgef\u00fchl<\/li>\n<li>Verbessert die Struktur und Schutzfunktion der Haut<\/li>\n<\/ul>\n<p><strong>Inhaltsstoffe (INCI):<\/strong><\/p>\n<p>Aqua, Urea, Aloe Barbadensis Leaf Juice, Glyceryl Stearate SE, Methylpropanediol, Isopropyl Myristate, Caprylic\/Capric Triglyceride, Glycerin, Cetyl Alcohol, Menthol, Carbomer, Sodium Lactate, Lavandula Hybrida Oil, Vitis Vinifera Seed Extract, Rosmarinus Officinalis Leaf Oil, Pinus Mugo Leaf Oil, Parfum, Sodium Hydroxide, Ethylhexylglycerin, Phenoxyethanol, Limonene, Linalool, Coumarin<\/p>\n","protected":false},"excerpt":{"rendered":"<p>F\u00fcr sehr trockene, raue und gespannte Haut.<\/p>\n","protected":false},"featured_media":19873,"comment_status":"closed","ping_status":"closed","template":"","meta":{"inline_featured_image":false,"_monsterinsights_skip_tracking":false,"_monsterinsights_sitenote_active":false,"_monsterinsights_sitenote_note":"","_monsterinsights_sitenote_category":0,"site-sidebar-layout":"default","site-content-layout":"","ast-site-content-layout":"default","site-content-style":"default","site-sidebar-style":"default","ast-global-header-display":"","ast-banner-title-visibility":"","ast-main-header-display":"","ast-hfb-above-header-display":"","ast-hfb-below-header-display":"","ast-hfb-mobile-header-display":"","site-post-title":"","ast-breadcrumbs-content":"","ast-featured-img":"","footer-sml-layout":"","ast-disable-related-posts":"","theme-transparent-header-meta":"default","adv-header-id-meta":"","stick-header-meta":"","header-above-stick-meta":"","header-main-stick-meta":"","header-below-stick-meta":"","astra-migrate-meta-layouts":"default","ast-page-background-enabled":"default","ast-page-background-meta":{"desktop":{"background-color":"","background-image":"","background-repeat":"repeat","background-position":"center center","background-size":"auto","background-attachment":"scroll","background-type":"","background-media":"","overlay-type":"","overlay-color":"","overlay-opacity":"","overlay-gradient":""},"tablet":{"background-color":"","background-image":"","background-repeat":"repeat","background-position":"center center","background-size":"auto","background-attachment":"scroll","background-type":"","background-media":"","overlay-type":"","overlay-color":"","overlay-opacity":"","overlay-gradient":""},"mobile":{"background-color":"","background-image":"","background-repeat":"repeat","background-position":"center center","background-size":"auto","background-attachment":"scroll","background-type":"","background-media":"","overlay-type":"","overlay-color":"","overlay-opacity":"","overlay-gradient":""}},"ast-content-background-meta":{"desktop":{"background-color":"var(--ast-global-color-5)","background-image":"","background-repeat":"repeat","background-position":"center center","background-size":"auto","background-attachment":"scroll","background-type":"","background-media":"","overlay-type":"","overlay-color":"","overlay-opacity":"","overlay-gradient":""},"tablet":{"background-color":"var(--ast-global-color-5)","background-image":"","background-repeat":"repeat","background-position":"center center","background-size":"auto","background-attachment":"scroll","background-type":"","background-media":"","overlay-type":"","overlay-color":"","overlay-opacity":"","overlay-gradient":""},"mobile":{"background-color":"var(--ast-global-color-5)","background-image":"","background-repeat":"repeat","background-position":"center center","background-size":"auto","background-attachment":"scroll","background-type":"","background-media":"","overlay-type":"","overlay-color":"","overlay-opacity":"","overlay-gradient":""}}},"product_brand":[],"product_cat":[1398],"product_tag":[1490,1360,1362,1299,1300,1298],"class_list":{"0":"post-19876","1":"product","2":"type-product","3":"status-publish","4":"has-post-thumbnail","6":"product_cat-caremed","7":"product_tag-10-harnstoff","8":"product_tag-aloe-vera-de","9":"product_tag-grape-seed-extract-de","10":"product_tag-lavender-oil-de","11":"product_tag-mountain-pine-oil-de","12":"product_tag-rosemary-oil-de","13":"desktop-align-center","14":"tablet-align-center","15":"mobile-align-center","17":"first","18":"instock","19":"featured","20":"shipping-taxable","21":"purchasable","22":"product-type-simple"},"yoast_head":"<!-- This site is optimized with the Yoast SEO plugin v27.1.1 - https:\/\/yoast.com\/product\/yoast-seo-wordpress\/ -->\n<title>Urea 10% Extra - Basische Fu\u00dfcreme 150ml - Podology.Shop<\/title>\n<meta name=\"robots\" content=\"index, follow, max-snippet:-1, max-image-preview:large, max-video-preview:-1\" \/>\n<link rel=\"canonical\" href=\"https:\/\/podology.shop\/de\/produkt\/urea-10-extra-basische-fusscreme-150ml\/\" \/>\n<meta property=\"og:locale\" content=\"de_DE\" \/>\n<meta property=\"og:type\" content=\"article\" \/>\n<meta property=\"og:title\" content=\"Urea 10% Extra - Basische Fu\u00dfcreme 150ml - Podology.Shop\" \/>\n<meta property=\"og:description\" content=\"F\u00fcr sehr trockene, raue und gespannte Haut.\" \/>\n<meta property=\"og:url\" content=\"https:\/\/podology.shop\/de\/produkt\/urea-10-extra-basische-fusscreme-150ml\/\" \/>\n<meta property=\"og:site_name\" content=\"Podology.Shop\" \/>\n<meta property=\"article:modified_time\" content=\"2025-07-13T15:41:04+00:00\" \/>\n<meta property=\"og:image\" content=\"https:\/\/podology.shop\/wp-content\/uploads\/2025\/07\/Caremed-Basische-Fusscreme-Urea-10-150ml.jpg\" \/>\n\t<meta property=\"og:image:width\" content=\"800\" \/>\n\t<meta property=\"og:image:height\" content=\"800\" \/>\n\t<meta property=\"og:image:type\" content=\"image\/jpeg\" \/>\n<meta name=\"twitter:card\" content=\"summary_large_image\" \/>\n<meta name=\"twitter:label1\" content=\"Gesch\u00e4tzte Lesezeit\" \/>\n\t<meta name=\"twitter:data1\" content=\"1\u00a0Minute\" \/>\n<script type=\"application\/ld+json\" class=\"yoast-schema-graph\">{\"@context\":\"https:\/\/schema.org\",\"@graph\":[{\"@type\":\"WebPage\",\"@id\":\"https:\/\/podology.shop\/de\/produkt\/urea-10-extra-basische-fusscreme-150ml\/\",\"url\":\"https:\/\/podology.shop\/de\/produkt\/urea-10-extra-basische-fusscreme-150ml\/\",\"name\":\"Urea 10% Extra - Basische Fu\u00dfcreme 150ml - Podology.Shop\",\"isPartOf\":{\"@id\":\"https:\/\/podology.shop\/de\/#website\"},\"primaryImageOfPage\":{\"@id\":\"https:\/\/podology.shop\/de\/produkt\/urea-10-extra-basische-fusscreme-150ml\/#primaryimage\"},\"image\":{\"@id\":\"https:\/\/podology.shop\/de\/produkt\/urea-10-extra-basische-fusscreme-150ml\/#primaryimage\"},\"thumbnailUrl\":\"https:\/\/podology.shop\/wp-content\/uploads\/2025\/07\/Caremed-Basische-Fusscreme-Urea-10-150ml.jpg\",\"datePublished\":\"2025-07-13T15:40:05+00:00\",\"dateModified\":\"2025-07-13T15:41:04+00:00\",\"breadcrumb\":{\"@id\":\"https:\/\/podology.shop\/de\/produkt\/urea-10-extra-basische-fusscreme-150ml\/#breadcrumb\"},\"inLanguage\":\"de\",\"potentialAction\":[{\"@type\":\"ReadAction\",\"target\":[\"https:\/\/podology.shop\/de\/produkt\/urea-10-extra-basische-fusscreme-150ml\/\"]}]},{\"@type\":\"ImageObject\",\"inLanguage\":\"de\",\"@id\":\"https:\/\/podology.shop\/de\/produkt\/urea-10-extra-basische-fusscreme-150ml\/#primaryimage\",\"url\":\"https:\/\/podology.shop\/wp-content\/uploads\/2025\/07\/Caremed-Basische-Fusscreme-Urea-10-150ml.jpg\",\"contentUrl\":\"https:\/\/podology.shop\/wp-content\/uploads\/2025\/07\/Caremed-Basische-Fusscreme-Urea-10-150ml.jpg\",\"width\":800,\"height\":800,\"caption\":\"Caremed Basische Fusscreme Urea 10% 150ml\"},{\"@type\":\"BreadcrumbList\",\"@id\":\"https:\/\/podology.shop\/de\/produkt\/urea-10-extra-basische-fusscreme-150ml\/#breadcrumb\",\"itemListElement\":[{\"@type\":\"ListItem\",\"position\":1,\"name\":\"Home\",\"item\":\"https:\/\/podology.shop\/de\/\"},{\"@type\":\"ListItem\",\"position\":2,\"name\":\"Shop\",\"item\":\"https:\/\/podology.shop\/de\/\"},{\"@type\":\"ListItem\",\"position\":3,\"name\":\"Urea 10% Extra &#8211; Basische Fu\u00dfcreme 150ml\"}]},{\"@type\":\"WebSite\",\"@id\":\"https:\/\/podology.shop\/de\/#website\",\"url\":\"https:\/\/podology.shop\/de\/\",\"name\":\"Podology.Shop\",\"description\":\"Podology.Shop\",\"publisher\":{\"@id\":\"https:\/\/podology.shop\/de\/#organization\"},\"potentialAction\":[{\"@type\":\"SearchAction\",\"target\":{\"@type\":\"EntryPoint\",\"urlTemplate\":\"https:\/\/podology.shop\/de\/?s={search_term_string}\"},\"query-input\":{\"@type\":\"PropertyValueSpecification\",\"valueRequired\":true,\"valueName\":\"search_term_string\"}}],\"inLanguage\":\"de\"},{\"@type\":\"Organization\",\"@id\":\"https:\/\/podology.shop\/de\/#organization\",\"name\":\"Podology.shop\",\"url\":\"https:\/\/podology.shop\/de\/\",\"logo\":{\"@type\":\"ImageObject\",\"inLanguage\":\"de\",\"@id\":\"https:\/\/podology.shop\/de\/#\/schema\/logo\/image\/\",\"url\":\"https:\/\/podology.shop\/wp-content\/uploads\/2020\/11\/125361778_1762772693887349_9190250941118524915_n-scaled.jpg\",\"contentUrl\":\"https:\/\/podology.shop\/wp-content\/uploads\/2020\/11\/125361778_1762772693887349_9190250941118524915_n-scaled.jpg\",\"width\":2560,\"height\":878,\"caption\":\"Podology.shop\"},\"image\":{\"@id\":\"https:\/\/podology.shop\/de\/#\/schema\/logo\/image\/\"}}]}<\/script>\n<!-- \/ Yoast SEO plugin. -->","yoast_head_json":{"title":"Urea 10% Extra - Basische Fu\u00dfcreme 150ml - Podology.Shop","robots":{"index":"index","follow":"follow","max-snippet":"max-snippet:-1","max-image-preview":"max-image-preview:large","max-video-preview":"max-video-preview:-1"},"canonical":"https:\/\/podology.shop\/de\/produkt\/urea-10-extra-basische-fusscreme-150ml\/","og_locale":"de_DE","og_type":"article","og_title":"Urea 10% Extra - Basische Fu\u00dfcreme 150ml - Podology.Shop","og_description":"F\u00fcr sehr trockene, raue und gespannte Haut.","og_url":"https:\/\/podology.shop\/de\/produkt\/urea-10-extra-basische-fusscreme-150ml\/","og_site_name":"Podology.Shop","article_modified_time":"2025-07-13T15:41:04+00:00","og_image":[{"width":800,"height":800,"url":"https:\/\/podology.shop\/wp-content\/uploads\/2025\/07\/Caremed-Basische-Fusscreme-Urea-10-150ml.jpg","type":"image\/jpeg"}],"twitter_card":"summary_large_image","twitter_misc":{"Gesch\u00e4tzte Lesezeit":"1\u00a0Minute"},"schema":{"@context":"https:\/\/schema.org","@graph":[{"@type":"WebPage","@id":"https:\/\/podology.shop\/de\/produkt\/urea-10-extra-basische-fusscreme-150ml\/","url":"https:\/\/podology.shop\/de\/produkt\/urea-10-extra-basische-fusscreme-150ml\/","name":"Urea 10% Extra - Basische Fu\u00dfcreme 150ml - Podology.Shop","isPartOf":{"@id":"https:\/\/podology.shop\/de\/#website"},"primaryImageOfPage":{"@id":"https:\/\/podology.shop\/de\/produkt\/urea-10-extra-basische-fusscreme-150ml\/#primaryimage"},"image":{"@id":"https:\/\/podology.shop\/de\/produkt\/urea-10-extra-basische-fusscreme-150ml\/#primaryimage"},"thumbnailUrl":"https:\/\/podology.shop\/wp-content\/uploads\/2025\/07\/Caremed-Basische-Fusscreme-Urea-10-150ml.jpg","datePublished":"2025-07-13T15:40:05+00:00","dateModified":"2025-07-13T15:41:04+00:00","breadcrumb":{"@id":"https:\/\/podology.shop\/de\/produkt\/urea-10-extra-basische-fusscreme-150ml\/#breadcrumb"},"inLanguage":"de","potentialAction":[{"@type":"ReadAction","target":["https:\/\/podology.shop\/de\/produkt\/urea-10-extra-basische-fusscreme-150ml\/"]}]},{"@type":"ImageObject","inLanguage":"de","@id":"https:\/\/podology.shop\/de\/produkt\/urea-10-extra-basische-fusscreme-150ml\/#primaryimage","url":"https:\/\/podology.shop\/wp-content\/uploads\/2025\/07\/Caremed-Basische-Fusscreme-Urea-10-150ml.jpg","contentUrl":"https:\/\/podology.shop\/wp-content\/uploads\/2025\/07\/Caremed-Basische-Fusscreme-Urea-10-150ml.jpg","width":800,"height":800,"caption":"Caremed Basische Fusscreme Urea 10% 150ml"},{"@type":"BreadcrumbList","@id":"https:\/\/podology.shop\/de\/produkt\/urea-10-extra-basische-fusscreme-150ml\/#breadcrumb","itemListElement":[{"@type":"ListItem","position":1,"name":"Home","item":"https:\/\/podology.shop\/de\/"},{"@type":"ListItem","position":2,"name":"Shop","item":"https:\/\/podology.shop\/de\/"},{"@type":"ListItem","position":3,"name":"Urea 10% Extra &#8211; Basische Fu\u00dfcreme 150ml"}]},{"@type":"WebSite","@id":"https:\/\/podology.shop\/de\/#website","url":"https:\/\/podology.shop\/de\/","name":"Podology.Shop","description":"Podology.Shop","publisher":{"@id":"https:\/\/podology.shop\/de\/#organization"},"potentialAction":[{"@type":"SearchAction","target":{"@type":"EntryPoint","urlTemplate":"https:\/\/podology.shop\/de\/?s={search_term_string}"},"query-input":{"@type":"PropertyValueSpecification","valueRequired":true,"valueName":"search_term_string"}}],"inLanguage":"de"},{"@type":"Organization","@id":"https:\/\/podology.shop\/de\/#organization","name":"Podology.shop","url":"https:\/\/podology.shop\/de\/","logo":{"@type":"ImageObject","inLanguage":"de","@id":"https:\/\/podology.shop\/de\/#\/schema\/logo\/image\/","url":"https:\/\/podology.shop\/wp-content\/uploads\/2020\/11\/125361778_1762772693887349_9190250941118524915_n-scaled.jpg","contentUrl":"https:\/\/podology.shop\/wp-content\/uploads\/2020\/11\/125361778_1762772693887349_9190250941118524915_n-scaled.jpg","width":2560,"height":878,"caption":"Podology.shop"},"image":{"@id":"https:\/\/podology.shop\/de\/#\/schema\/logo\/image\/"}}]}},"_links":{"self":[{"href":"https:\/\/podology.shop\/de\/wp-json\/wp\/v2\/product\/19876","targetHints":{"allow":["GET"]}}],"collection":[{"href":"https:\/\/podology.shop\/de\/wp-json\/wp\/v2\/product"}],"about":[{"href":"https:\/\/podology.shop\/de\/wp-json\/wp\/v2\/types\/product"}],"replies":[{"embeddable":true,"href":"https:\/\/podology.shop\/de\/wp-json\/wp\/v2\/comments?post=19876"}],"wp:featuredmedia":[{"embeddable":true,"href":"https:\/\/podology.shop\/de\/wp-json\/wp\/v2\/media\/19873"}],"wp:attachment":[{"href":"https:\/\/podology.shop\/de\/wp-json\/wp\/v2\/media?parent=19876"}],"wp:term":[{"taxonomy":"product_brand","embeddable":true,"href":"https:\/\/podology.shop\/de\/wp-json\/wp\/v2\/product_brand?post=19876"},{"taxonomy":"product_cat","embeddable":true,"href":"https:\/\/podology.shop\/de\/wp-json\/wp\/v2\/product_cat?post=19876"},{"taxonomy":"product_tag","embeddable":true,"href":"https:\/\/podology.shop\/de\/wp-json\/wp\/v2\/product_tag?post=19876"}],"curies":[{"name":"wp","href":"https:\/\/api.w.org\/{rel}","templated":true}]}}