{"id":19973,"date":"2025-10-14T19:35:40","date_gmt":"2025-10-14T16:35:40","guid":{"rendered":"https:\/\/podology.shop\/product\/christmas-set-2025\/"},"modified":"2025-10-14T19:35:40","modified_gmt":"2025-10-14T16:35:40","slug":"christmas-set-2025","status":"publish","type":"product","link":"https:\/\/podology.shop\/de\/produkt\/christmas-set-2025\/","title":{"rendered":"Christmas-Set 2025"},"content":{"rendered":"<div class=\"TextEditorStandardFont\">\n<p><strong>Fu\u00dfbalsam mit Granatapfel\u00a0&amp; Argan\u00f6l\u00a0(50 ml)<\/strong><br \/>\nDie regenerierende Fu\u00dfcreme von CareMed mit wertvollen Inhaltsstoffen wie Granatapfelsamen-Extrakt, Argan\u00f6l, Sheabutter, gr\u00fcner Tee, Panthenol, Vitamin B3 und Vitamin E, pflegt und sch\u00fctzt F\u00fc\u00dfe vor sch\u00e4digenden Umwelteinfl\u00fcssen. Der sinnliche, leichte Duft sorgt ganzheitlich f\u00fcr Wohlbefinden und Behaglichkeit.<\/p>\n<p><strong>Charakteristik:<\/strong><\/p>\n<ul>\n<li>Schutz vor \u00e4u\u00dferen Umwelteinfl\u00fcssen durch antioxidative Inhaltsstoffe<\/li>\n<li>Reich an hochwertigen, hautpflegenden Inhaltsstoffen<\/li>\n<li>Feuchtigkeitsspendend<\/li>\n<li>Nicht fettend<\/li>\n<li>Angenehmer Duft<\/li>\n<\/ul>\n<p><strong>Wichtige Inhaltsstoffe:<\/strong><br \/>\nGranatapfel,\u00a0Argan\u00f6l,\u00a0Panthenol,\u00a0Gr\u00fcner Tee<\/p>\n<\/div>\n<div class=\"TextEditorStandardFont\"><\/div>\n<div class=\"TextEditorStandardFont\"><strong>Fu\u00dfbadegel orange (75 ml)<\/strong><br \/>\nEin einzigartiger Frischekick erwartet Sie mit dem Orangen Fu\u00dfbadegel von CareMed. Der Duft von s\u00fc\u00dfen frischen Orangen versetzt Sie sofort in ein Wohlf\u00fchlerlebnis, in welchem Sie die Ruhe und Entspannung finden, um neue Energie und Kraft zu tanken. Die Kombination aus hochwertigen Inhaltsstoffen\u00a0sorgt nicht nur dem Austrocknen der Haut entgegen, sondern gibt Ihren F\u00fc\u00dfen die Pflege, die sie verdienen. Jedes Bad sorgt daher f\u00fcr ein sommerliches Wellnesserlebnis, woran man sich gerne erinnert.<\/div>\n","protected":false},"excerpt":{"rendered":"<p>So macht schenken gleich doppelt Freude! Unser limitiertes Sonderset\u00a0zur Weihnachtszeit 2025<\/p>\n","protected":false},"featured_media":19970,"comment_status":"closed","ping_status":"closed","template":"","meta":{"inline_featured_image":false,"_monsterinsights_skip_tracking":false,"_monsterinsights_sitenote_active":false,"_monsterinsights_sitenote_note":"","_monsterinsights_sitenote_category":0,"site-sidebar-layout":"default","site-content-layout":"","ast-site-content-layout":"default","site-content-style":"default","site-sidebar-style":"default","ast-global-header-display":"","ast-banner-title-visibility":"","ast-main-header-display":"","ast-hfb-above-header-display":"","ast-hfb-below-header-display":"","ast-hfb-mobile-header-display":"","site-post-title":"","ast-breadcrumbs-content":"","ast-featured-img":"","footer-sml-layout":"","ast-disable-related-posts":"","theme-transparent-header-meta":"default","adv-header-id-meta":"","stick-header-meta":"","header-above-stick-meta":"","header-main-stick-meta":"","header-below-stick-meta":"","astra-migrate-meta-layouts":"default","ast-page-background-enabled":"default","ast-page-background-meta":{"desktop":{"background-color":"","background-image":"","background-repeat":"repeat","background-position":"center center","background-size":"auto","background-attachment":"scroll","background-type":"","background-media":"","overlay-type":"","overlay-color":"","overlay-opacity":"","overlay-gradient":""},"tablet":{"background-color":"","background-image":"","background-repeat":"repeat","background-position":"center center","background-size":"auto","background-attachment":"scroll","background-type":"","background-media":"","overlay-type":"","overlay-color":"","overlay-opacity":"","overlay-gradient":""},"mobile":{"background-color":"","background-image":"","background-repeat":"repeat","background-position":"center center","background-size":"auto","background-attachment":"scroll","background-type":"","background-media":"","overlay-type":"","overlay-color":"","overlay-opacity":"","overlay-gradient":""}},"ast-content-background-meta":{"desktop":{"background-color":"var(--ast-global-color-5)","background-image":"","background-repeat":"repeat","background-position":"center center","background-size":"auto","background-attachment":"scroll","background-type":"","background-media":"","overlay-type":"","overlay-color":"","overlay-opacity":"","overlay-gradient":""},"tablet":{"background-color":"var(--ast-global-color-5)","background-image":"","background-repeat":"repeat","background-position":"center center","background-size":"auto","background-attachment":"scroll","background-type":"","background-media":"","overlay-type":"","overlay-color":"","overlay-opacity":"","overlay-gradient":""},"mobile":{"background-color":"var(--ast-global-color-5)","background-image":"","background-repeat":"repeat","background-position":"center center","background-size":"auto","background-attachment":"scroll","background-type":"","background-media":"","overlay-type":"","overlay-color":"","overlay-opacity":"","overlay-gradient":""}}},"product_brand":[],"product_cat":[1398],"product_tag":[],"class_list":{"0":"post-19973","1":"product","2":"type-product","3":"status-publish","4":"has-post-thumbnail","6":"product_cat-caremed","7":"desktop-align-center","8":"tablet-align-center","9":"mobile-align-center","11":"first","12":"instock","13":"shipping-taxable","14":"purchasable","15":"product-type-simple"},"yoast_head":"<!-- This site is optimized with the Yoast SEO plugin v27.1.1 - https:\/\/yoast.com\/product\/yoast-seo-wordpress\/ -->\n<title>Christmas-Set 2025 - Podology.Shop<\/title>\n<meta name=\"robots\" content=\"index, follow, max-snippet:-1, max-image-preview:large, max-video-preview:-1\" \/>\n<link rel=\"canonical\" href=\"https:\/\/podology.shop\/de\/produkt\/christmas-set-2025\/\" \/>\n<meta property=\"og:locale\" content=\"de_DE\" \/>\n<meta property=\"og:type\" content=\"article\" \/>\n<meta property=\"og:title\" content=\"Christmas-Set 2025 - Podology.Shop\" \/>\n<meta property=\"og:description\" content=\"So macht schenken gleich doppelt Freude! Unser limitiertes Sonderset\u00a0zur Weihnachtszeit 2025\" \/>\n<meta property=\"og:url\" content=\"https:\/\/podology.shop\/de\/produkt\/christmas-set-2025\/\" \/>\n<meta property=\"og:site_name\" content=\"Podology.Shop\" \/>\n<meta property=\"og:image\" content=\"https:\/\/podology.shop\/wp-content\/uploads\/2025\/10\/Christmasset-2025-Caremed.jpg\" \/>\n\t<meta property=\"og:image:width\" content=\"1920\" \/>\n\t<meta property=\"og:image:height\" content=\"1920\" \/>\n\t<meta property=\"og:image:type\" content=\"image\/jpeg\" \/>\n<meta name=\"twitter:card\" content=\"summary_large_image\" \/>\n<meta name=\"twitter:label1\" content=\"Gesch\u00e4tzte Lesezeit\" \/>\n\t<meta name=\"twitter:data1\" content=\"1\u00a0Minute\" \/>\n<script type=\"application\/ld+json\" class=\"yoast-schema-graph\">{\"@context\":\"https:\/\/schema.org\",\"@graph\":[{\"@type\":\"WebPage\",\"@id\":\"https:\/\/podology.shop\/de\/produkt\/christmas-set-2025\/\",\"url\":\"https:\/\/podology.shop\/de\/produkt\/christmas-set-2025\/\",\"name\":\"Christmas-Set 2025 - Podology.Shop\",\"isPartOf\":{\"@id\":\"https:\/\/podology.shop\/de\/#website\"},\"primaryImageOfPage\":{\"@id\":\"https:\/\/podology.shop\/de\/produkt\/christmas-set-2025\/#primaryimage\"},\"image\":{\"@id\":\"https:\/\/podology.shop\/de\/produkt\/christmas-set-2025\/#primaryimage\"},\"thumbnailUrl\":\"https:\/\/podology.shop\/wp-content\/uploads\/2025\/10\/Christmasset-2025-Caremed.jpg\",\"datePublished\":\"2025-10-14T16:35:40+00:00\",\"breadcrumb\":{\"@id\":\"https:\/\/podology.shop\/de\/produkt\/christmas-set-2025\/#breadcrumb\"},\"inLanguage\":\"de\",\"potentialAction\":[{\"@type\":\"ReadAction\",\"target\":[\"https:\/\/podology.shop\/de\/produkt\/christmas-set-2025\/\"]}]},{\"@type\":\"ImageObject\",\"inLanguage\":\"de\",\"@id\":\"https:\/\/podology.shop\/de\/produkt\/christmas-set-2025\/#primaryimage\",\"url\":\"https:\/\/podology.shop\/wp-content\/uploads\/2025\/10\/Christmasset-2025-Caremed.jpg\",\"contentUrl\":\"https:\/\/podology.shop\/wp-content\/uploads\/2025\/10\/Christmasset-2025-Caremed.jpg\",\"width\":1920,\"height\":1920,\"caption\":\"Christmasset 2025 Caremed\"},{\"@type\":\"BreadcrumbList\",\"@id\":\"https:\/\/podology.shop\/de\/produkt\/christmas-set-2025\/#breadcrumb\",\"itemListElement\":[{\"@type\":\"ListItem\",\"position\":1,\"name\":\"Home\",\"item\":\"https:\/\/podology.shop\/de\/\"},{\"@type\":\"ListItem\",\"position\":2,\"name\":\"Shop\",\"item\":\"https:\/\/podology.shop\/de\/\"},{\"@type\":\"ListItem\",\"position\":3,\"name\":\"Christmas-Set 2025\"}]},{\"@type\":\"WebSite\",\"@id\":\"https:\/\/podology.shop\/de\/#website\",\"url\":\"https:\/\/podology.shop\/de\/\",\"name\":\"Podology.Shop\",\"description\":\"Podology.Shop\",\"publisher\":{\"@id\":\"https:\/\/podology.shop\/de\/#organization\"},\"potentialAction\":[{\"@type\":\"SearchAction\",\"target\":{\"@type\":\"EntryPoint\",\"urlTemplate\":\"https:\/\/podology.shop\/de\/?s={search_term_string}\"},\"query-input\":{\"@type\":\"PropertyValueSpecification\",\"valueRequired\":true,\"valueName\":\"search_term_string\"}}],\"inLanguage\":\"de\"},{\"@type\":\"Organization\",\"@id\":\"https:\/\/podology.shop\/de\/#organization\",\"name\":\"Podology.shop\",\"url\":\"https:\/\/podology.shop\/de\/\",\"logo\":{\"@type\":\"ImageObject\",\"inLanguage\":\"de\",\"@id\":\"https:\/\/podology.shop\/de\/#\/schema\/logo\/image\/\",\"url\":\"https:\/\/podology.shop\/wp-content\/uploads\/2020\/11\/125361778_1762772693887349_9190250941118524915_n-scaled.jpg\",\"contentUrl\":\"https:\/\/podology.shop\/wp-content\/uploads\/2020\/11\/125361778_1762772693887349_9190250941118524915_n-scaled.jpg\",\"width\":2560,\"height\":878,\"caption\":\"Podology.shop\"},\"image\":{\"@id\":\"https:\/\/podology.shop\/de\/#\/schema\/logo\/image\/\"}}]}<\/script>\n<!-- \/ Yoast SEO plugin. -->","yoast_head_json":{"title":"Christmas-Set 2025 - Podology.Shop","robots":{"index":"index","follow":"follow","max-snippet":"max-snippet:-1","max-image-preview":"max-image-preview:large","max-video-preview":"max-video-preview:-1"},"canonical":"https:\/\/podology.shop\/de\/produkt\/christmas-set-2025\/","og_locale":"de_DE","og_type":"article","og_title":"Christmas-Set 2025 - Podology.Shop","og_description":"So macht schenken gleich doppelt Freude! Unser limitiertes Sonderset\u00a0zur Weihnachtszeit 2025","og_url":"https:\/\/podology.shop\/de\/produkt\/christmas-set-2025\/","og_site_name":"Podology.Shop","og_image":[{"width":1920,"height":1920,"url":"https:\/\/podology.shop\/wp-content\/uploads\/2025\/10\/Christmasset-2025-Caremed.jpg","type":"image\/jpeg"}],"twitter_card":"summary_large_image","twitter_misc":{"Gesch\u00e4tzte Lesezeit":"1\u00a0Minute"},"schema":{"@context":"https:\/\/schema.org","@graph":[{"@type":"WebPage","@id":"https:\/\/podology.shop\/de\/produkt\/christmas-set-2025\/","url":"https:\/\/podology.shop\/de\/produkt\/christmas-set-2025\/","name":"Christmas-Set 2025 - Podology.Shop","isPartOf":{"@id":"https:\/\/podology.shop\/de\/#website"},"primaryImageOfPage":{"@id":"https:\/\/podology.shop\/de\/produkt\/christmas-set-2025\/#primaryimage"},"image":{"@id":"https:\/\/podology.shop\/de\/produkt\/christmas-set-2025\/#primaryimage"},"thumbnailUrl":"https:\/\/podology.shop\/wp-content\/uploads\/2025\/10\/Christmasset-2025-Caremed.jpg","datePublished":"2025-10-14T16:35:40+00:00","breadcrumb":{"@id":"https:\/\/podology.shop\/de\/produkt\/christmas-set-2025\/#breadcrumb"},"inLanguage":"de","potentialAction":[{"@type":"ReadAction","target":["https:\/\/podology.shop\/de\/produkt\/christmas-set-2025\/"]}]},{"@type":"ImageObject","inLanguage":"de","@id":"https:\/\/podology.shop\/de\/produkt\/christmas-set-2025\/#primaryimage","url":"https:\/\/podology.shop\/wp-content\/uploads\/2025\/10\/Christmasset-2025-Caremed.jpg","contentUrl":"https:\/\/podology.shop\/wp-content\/uploads\/2025\/10\/Christmasset-2025-Caremed.jpg","width":1920,"height":1920,"caption":"Christmasset 2025 Caremed"},{"@type":"BreadcrumbList","@id":"https:\/\/podology.shop\/de\/produkt\/christmas-set-2025\/#breadcrumb","itemListElement":[{"@type":"ListItem","position":1,"name":"Home","item":"https:\/\/podology.shop\/de\/"},{"@type":"ListItem","position":2,"name":"Shop","item":"https:\/\/podology.shop\/de\/"},{"@type":"ListItem","position":3,"name":"Christmas-Set 2025"}]},{"@type":"WebSite","@id":"https:\/\/podology.shop\/de\/#website","url":"https:\/\/podology.shop\/de\/","name":"Podology.Shop","description":"Podology.Shop","publisher":{"@id":"https:\/\/podology.shop\/de\/#organization"},"potentialAction":[{"@type":"SearchAction","target":{"@type":"EntryPoint","urlTemplate":"https:\/\/podology.shop\/de\/?s={search_term_string}"},"query-input":{"@type":"PropertyValueSpecification","valueRequired":true,"valueName":"search_term_string"}}],"inLanguage":"de"},{"@type":"Organization","@id":"https:\/\/podology.shop\/de\/#organization","name":"Podology.shop","url":"https:\/\/podology.shop\/de\/","logo":{"@type":"ImageObject","inLanguage":"de","@id":"https:\/\/podology.shop\/de\/#\/schema\/logo\/image\/","url":"https:\/\/podology.shop\/wp-content\/uploads\/2020\/11\/125361778_1762772693887349_9190250941118524915_n-scaled.jpg","contentUrl":"https:\/\/podology.shop\/wp-content\/uploads\/2020\/11\/125361778_1762772693887349_9190250941118524915_n-scaled.jpg","width":2560,"height":878,"caption":"Podology.shop"},"image":{"@id":"https:\/\/podology.shop\/de\/#\/schema\/logo\/image\/"}}]}},"_links":{"self":[{"href":"https:\/\/podology.shop\/de\/wp-json\/wp\/v2\/product\/19973","targetHints":{"allow":["GET"]}}],"collection":[{"href":"https:\/\/podology.shop\/de\/wp-json\/wp\/v2\/product"}],"about":[{"href":"https:\/\/podology.shop\/de\/wp-json\/wp\/v2\/types\/product"}],"replies":[{"embeddable":true,"href":"https:\/\/podology.shop\/de\/wp-json\/wp\/v2\/comments?post=19973"}],"wp:featuredmedia":[{"embeddable":true,"href":"https:\/\/podology.shop\/de\/wp-json\/wp\/v2\/media\/19970"}],"wp:attachment":[{"href":"https:\/\/podology.shop\/de\/wp-json\/wp\/v2\/media?parent=19973"}],"wp:term":[{"taxonomy":"product_brand","embeddable":true,"href":"https:\/\/podology.shop\/de\/wp-json\/wp\/v2\/product_brand?post=19973"},{"taxonomy":"product_cat","embeddable":true,"href":"https:\/\/podology.shop\/de\/wp-json\/wp\/v2\/product_cat?post=19973"},{"taxonomy":"product_tag","embeddable":true,"href":"https:\/\/podology.shop\/de\/wp-json\/wp\/v2\/product_tag?post=19973"}],"curies":[{"name":"wp","href":"https:\/\/api.w.org\/{rel}","templated":true}]}}