{"id":20215,"date":"2026-04-21T20:46:32","date_gmt":"2026-04-21T17:46:32","guid":{"rendered":"https:\/\/podology.shop\/?post_type=product&#038;p=20215"},"modified":"2026-04-21T22:13:48","modified_gmt":"2026-04-21T19:13:48","slug":"smart-electric-shoe-dryer-with-timer-function","status":"publish","type":"product","link":"https:\/\/podology.shop\/de\/produkt\/smart-electric-shoe-dryer-with-timer-function\/","title":{"rendered":"Elektrischer Schuhtrockner mit Timerfunktion"},"content":{"rendered":"<p><span style=\"font-weight: 400;\">Kompakter und effizienter elektrischer Schuhtrockner zum schnellen Trocknen von Schuhen, zur Reduzierung unangenehmer Ger\u00fcche und zur Verbesserung der Schuhhygiene. Das Ger\u00e4t hilft, angesammelte Feuchtigkeit aus dem Inneren der Schuhe zu entfernen und sorgt f\u00fcr eine warme und trockene Umgebung. <\/span><span style=\"font-weight: 400;\"><br \/>\n<\/span><span style=\"font-weight: 400;\">  Dank der gleichm\u00e4\u00dfigen W\u00e4rmeverteilung wird das Schuhwerk effizient und gleichm\u00e4\u00dfig getrocknet, w\u00e4hrend das kompakte Design das Ger\u00e4t bequem zu Hause, bei der Arbeit, nach dem Sport oder auf Reisen einsetzbar macht. Es ist auch perfekt zum Trocknen von Handschuhen geeignet. <\/span><\/p>\n<p><b>Vorteile<\/b><\/p>\n<p><b>Konstante Temperaturhaltung<\/b><b><br \/>\n<\/b> <span style=\"font-weight: 400;\"> Der Schuhtrockner verwendet <\/span><em>PTC-Keramik-Heiztechnologie<\/em><span style=\"font-weight: 400;\">die eine schnelle, stabile und gleichm\u00e4\u00dfige Erw\u00e4rmung gew\u00e4hrleistet. W\u00e4hrend des Betriebs wird die Oberfl\u00e4chentemperatur auf etwa   <\/span>50-60 \u00b0C<span style=\"font-weight: 400;\">, so dass Schuhe effizienter und sicherer getrocknet werden k\u00f6nnen und das Ger\u00e4t f\u00fcr verschiedene Materialien geeignet ist.<\/span><\/p>\n<p><b>Desodorierende Funktion<\/b><b><br \/>\n<\/b><span style=\"font-weight: 400;\">  Hilft, unangenehmen Geruch zu reduzieren und beseitigt Pilze und Bakterien.<\/span><\/p>\n<p><b>Gleichm\u00e4\u00dfige W\u00e4rmeverteilung<\/b><b><br \/>\n<\/b><span style=\"font-weight: 400;\">  Die \u00fcber den ganzen K\u00f6rper verteilten Bel\u00fcftungs\u00f6ffnungen sorgen f\u00fcr eine breitere und gleichm\u00e4\u00dfigere W\u00e4rmeabgabe.<\/span><\/p>\n<p><b>Timer-Funktion<\/b><b><br \/>\n<\/b> <span style=\"font-weight: 400;\"> Verf\u00fcgbare Betriebsmodi: <\/span>4 \/ 8 \/ 12 Stunden<span style=\"font-weight: 400;\"> mit automatischer Abschaltung.<\/span><\/p>\n<p><b>Hitzebest\u00e4ndige Materialien<\/b><b><br \/>\n<\/b><span style=\"font-weight: 400;\">  Das Geh\u00e4use ist aus haltbaren, hitzebest\u00e4ndigen und flammhemmenden Materialien gefertigt.<\/span><\/p>\n<p><b>Kompaktes Design<\/b><b><br \/>\n<\/b><span style=\"font-weight: 400;\">  Leicht, praktisch und platzsparend &#8211; ideal f\u00fcr den t\u00e4glichen Gebrauch und f\u00fcr Reisen.<\/span><\/p>\n<p><b>Geeignet f\u00fcr verschiedene Schuhe und Handschuhe<\/b><\/p>\n<ul>\n<li><span style=\"font-weight: 400;\">Sportschuhe<\/span><\/li>\n<li><span style=\"font-weight: 400;\">Freizeitschuhe<\/span><\/li>\n<li><span style=\"font-weight: 400;\">Stiefel<\/span><\/li>\n<li><span style=\"font-weight: 400;\">Arbeitsschuhe<\/span><\/li>\n<li><span style=\"font-weight: 400;\">Hausschuhe<\/span><\/li>\n<li><span style=\"font-weight: 400;\">Schuhe f\u00fcr die ganze Familie<\/span><\/li>\n<li><span style=\"font-weight: 400;\">Skischuhe<\/span><\/li>\n<li><span style=\"font-weight: 400;\">Motorradstiefel<\/span><\/li>\n<\/ul>\n<p><b>Praktisch f\u00fcr zu Hause und unterwegs<\/b><b><br \/>\n<\/b><span style=\"font-weight: 400;\">  Dank seiner kompakten Gr\u00f6\u00dfe und leichten Bauweise nimmt das Ger\u00e4t nur wenig Platz in Anspruch, so dass Sie es bequem zu Hause aufbewahren oder auf Reisen, Gesch\u00e4ftsreisen, Skitouren, Angelausfl\u00fcgen, Sportcamps oder Ausfl\u00fcgen mitnehmen k\u00f6nnen. Es ist eine praktische L\u00f6sung f\u00fcr alle, die ihr Schuhwerk schnell und einfach pflegen m\u00f6chten. <\/span><\/p>\n<p><span style=\"font-weight: 400;\">Ein Produkt, das von Podologen und Fu\u00dfpflegespezialisten empfohlen wird, um Fu\u00df- und Nagelpilz zu bek\u00e4mpfen.<\/span><\/p>\n<p><b>Technische Informationen<\/b><\/p>\n<p><b>Produkt:<\/b><span style=\"font-weight: 400;\"> Smartshoe-Trockner<\/span><span style=\"font-weight: 400;\"><br \/>\n<\/span> <b>Spannung:<\/b><span style=\"font-weight: 400;\"> 220 V<\/span><span style=\"font-weight: 400;\"><br \/>\n<\/span> <b>Leistung:<\/b><span style=\"font-weight: 400;\"> 12 W<\/span><span style=\"font-weight: 400;\"><br \/>\n<\/span> <b>Frequenz:<\/b><span style=\"font-weight: 400;\"> 50 Hz<\/span><span style=\"font-weight: 400;\"><br \/>\n<\/span> <b>Heiztemperatur:<\/b><span style=\"font-weight: 400;\"> 50-60 \u00b0C<\/span><span style=\"font-weight: 400;\"><br \/>\n<\/span> <b>L\u00e4nge des Kabels:<\/b><span style=\"font-weight: 400;\"> 120 cm<\/span><span style=\"font-weight: 400;\"><br \/>\n<\/span> <b>Farbe:<\/b><span style=\"font-weight: 400;\"> Wei\u00df<\/span><span style=\"font-weight: 400;\"><br \/>\n<\/span> <b>Abmessungen:<\/b><span style=\"font-weight: 400;\"> 18 \u00d7 6,5 cm<\/span><span style=\"font-weight: 400;\"><br \/>\n<\/span> <b>Verpackungsgr\u00f6\u00dfe:<\/b><span style=\"font-weight: 400;\"> 70 \u00d7 190 mm<\/span><\/p>\n","protected":false},"excerpt":{"rendered":"<p><b>Beseitigt schlechten Geruch, t\u00f6tet Bakterien und Pilze.<\/b><\/p>\n","protected":false},"featured_media":20221,"comment_status":"closed","ping_status":"closed","template":"","meta":{"inline_featured_image":false,"_monsterinsights_skip_tracking":false,"_monsterinsights_sitenote_active":false,"_monsterinsights_sitenote_note":"","_monsterinsights_sitenote_category":0,"site-sidebar-layout":"default","site-content-layout":"","ast-site-content-layout":"default","site-content-style":"default","site-sidebar-style":"default","ast-global-header-display":"","ast-banner-title-visibility":"","ast-main-header-display":"","ast-hfb-above-header-display":"","ast-hfb-below-header-display":"","ast-hfb-mobile-header-display":"","site-post-title":"","ast-breadcrumbs-content":"","ast-featured-img":"","footer-sml-layout":"","ast-disable-related-posts":"","theme-transparent-header-meta":"default","adv-header-id-meta":"","stick-header-meta":"","header-above-stick-meta":"","header-main-stick-meta":"","header-below-stick-meta":"","astra-migrate-meta-layouts":"set","ast-page-background-enabled":"default","ast-page-background-meta":{"desktop":{"background-color":"","background-image":"","background-repeat":"repeat","background-position":"center center","background-size":"auto","background-attachment":"scroll","background-type":"","background-media":"","overlay-type":"","overlay-color":"","overlay-opacity":"","overlay-gradient":""},"tablet":{"background-color":"","background-image":"","background-repeat":"repeat","background-position":"center center","background-size":"auto","background-attachment":"scroll","background-type":"","background-media":"","overlay-type":"","overlay-color":"","overlay-opacity":"","overlay-gradient":""},"mobile":{"background-color":"","background-image":"","background-repeat":"repeat","background-position":"center center","background-size":"auto","background-attachment":"scroll","background-type":"","background-media":"","overlay-type":"","overlay-color":"","overlay-opacity":"","overlay-gradient":""}},"ast-content-background-meta":{"desktop":{"background-color":"var(--ast-global-color-5)","background-image":"","background-repeat":"repeat","background-position":"center center","background-size":"auto","background-attachment":"scroll","background-type":"","background-media":"","overlay-type":"","overlay-color":"","overlay-opacity":"","overlay-gradient":""},"tablet":{"background-color":"var(--ast-global-color-5)","background-image":"","background-repeat":"repeat","background-position":"center center","background-size":"auto","background-attachment":"scroll","background-type":"","background-media":"","overlay-type":"","overlay-color":"","overlay-opacity":"","overlay-gradient":""},"mobile":{"background-color":"var(--ast-global-color-5)","background-image":"","background-repeat":"repeat","background-position":"center center","background-size":"auto","background-attachment":"scroll","background-type":"","background-media":"","overlay-type":"","overlay-color":"","overlay-opacity":"","overlay-gradient":""}}},"product_brand":[],"product_cat":[936],"product_tag":[],"class_list":{"0":"post-20215","1":"product","2":"type-product","3":"status-publish","4":"has-post-thumbnail","6":"product_cat-vorbeugen-produkte","7":"desktop-align-center","8":"tablet-align-center","9":"mobile-align-center","11":"first","12":"instock","13":"featured","14":"shipping-taxable","15":"purchasable","16":"product-type-simple"},"yoast_head":"<!-- This site is optimized with the Yoast SEO plugin v27.1.1 - https:\/\/yoast.com\/product\/yoast-seo-wordpress\/ -->\n<title>Elektrischer Schuhtrockner mit Timerfunktion - Podology.Shop<\/title>\n<meta name=\"robots\" content=\"index, follow, max-snippet:-1, max-image-preview:large, max-video-preview:-1\" \/>\n<link rel=\"canonical\" href=\"https:\/\/podology.shop\/de\/produkt\/smart-electric-shoe-dryer-with-timer-function\/\" \/>\n<meta property=\"og:locale\" content=\"de_DE\" \/>\n<meta property=\"og:type\" content=\"article\" \/>\n<meta property=\"og:title\" content=\"Elektrischer Schuhtrockner mit Timerfunktion - Podology.Shop\" \/>\n<meta property=\"og:description\" content=\"Beseitigt schlechten Geruch, t\u00f6tet Bakterien und Pilze.\" \/>\n<meta property=\"og:url\" content=\"https:\/\/podology.shop\/de\/produkt\/smart-electric-shoe-dryer-with-timer-function\/\" \/>\n<meta property=\"og:site_name\" content=\"Podology.Shop\" \/>\n<meta property=\"article:modified_time\" content=\"2026-04-21T19:13:48+00:00\" \/>\n<meta property=\"og:image\" content=\"https:\/\/podology.shop\/wp-content\/uploads\/2026\/04\/Ismani-Batu-dziovykle.jpg\" \/>\n\t<meta property=\"og:image:width\" content=\"1255\" \/>\n\t<meta property=\"og:image:height\" content=\"1207\" \/>\n\t<meta property=\"og:image:type\" content=\"image\/jpeg\" \/>\n<meta name=\"twitter:card\" content=\"summary_large_image\" \/>\n<meta name=\"twitter:label1\" content=\"Gesch\u00e4tzte Lesezeit\" \/>\n\t<meta name=\"twitter:data1\" content=\"2\u00a0Minuten\" \/>\n<script type=\"application\/ld+json\" class=\"yoast-schema-graph\">{\"@context\":\"https:\/\/schema.org\",\"@graph\":[{\"@type\":\"WebPage\",\"@id\":\"https:\/\/podology.shop\/de\/produkt\/smart-electric-shoe-dryer-with-timer-function\/\",\"url\":\"https:\/\/podology.shop\/de\/produkt\/smart-electric-shoe-dryer-with-timer-function\/\",\"name\":\"Elektrischer Schuhtrockner mit Timerfunktion - Podology.Shop\",\"isPartOf\":{\"@id\":\"https:\/\/podology.shop\/de\/#website\"},\"primaryImageOfPage\":{\"@id\":\"https:\/\/podology.shop\/de\/produkt\/smart-electric-shoe-dryer-with-timer-function\/#primaryimage\"},\"image\":{\"@id\":\"https:\/\/podology.shop\/de\/produkt\/smart-electric-shoe-dryer-with-timer-function\/#primaryimage\"},\"thumbnailUrl\":\"https:\/\/podology.shop\/wp-content\/uploads\/2026\/04\/Ismani-Batu-dziovykle.jpg\",\"datePublished\":\"2026-04-21T17:46:32+00:00\",\"dateModified\":\"2026-04-21T19:13:48+00:00\",\"breadcrumb\":{\"@id\":\"https:\/\/podology.shop\/de\/produkt\/smart-electric-shoe-dryer-with-timer-function\/#breadcrumb\"},\"inLanguage\":\"de\",\"potentialAction\":[{\"@type\":\"ReadAction\",\"target\":[\"https:\/\/podology.shop\/de\/produkt\/smart-electric-shoe-dryer-with-timer-function\/\"]}]},{\"@type\":\"ImageObject\",\"inLanguage\":\"de\",\"@id\":\"https:\/\/podology.shop\/de\/produkt\/smart-electric-shoe-dryer-with-timer-function\/#primaryimage\",\"url\":\"https:\/\/podology.shop\/wp-content\/uploads\/2026\/04\/Ismani-Batu-dziovykle.jpg\",\"contentUrl\":\"https:\/\/podology.shop\/wp-content\/uploads\/2026\/04\/Ismani-Batu-dziovykle.jpg\",\"width\":1255,\"height\":1207},{\"@type\":\"BreadcrumbList\",\"@id\":\"https:\/\/podology.shop\/de\/produkt\/smart-electric-shoe-dryer-with-timer-function\/#breadcrumb\",\"itemListElement\":[{\"@type\":\"ListItem\",\"position\":1,\"name\":\"Home\",\"item\":\"https:\/\/podology.shop\/de\/\"},{\"@type\":\"ListItem\",\"position\":2,\"name\":\"Shop\",\"item\":\"https:\/\/podology.shop\/de\/\"},{\"@type\":\"ListItem\",\"position\":3,\"name\":\"Elektrischer Schuhtrockner mit Timerfunktion\"}]},{\"@type\":\"WebSite\",\"@id\":\"https:\/\/podology.shop\/de\/#website\",\"url\":\"https:\/\/podology.shop\/de\/\",\"name\":\"Podology.Shop\",\"description\":\"Podology.Shop\",\"publisher\":{\"@id\":\"https:\/\/podology.shop\/de\/#organization\"},\"potentialAction\":[{\"@type\":\"SearchAction\",\"target\":{\"@type\":\"EntryPoint\",\"urlTemplate\":\"https:\/\/podology.shop\/de\/?s={search_term_string}\"},\"query-input\":{\"@type\":\"PropertyValueSpecification\",\"valueRequired\":true,\"valueName\":\"search_term_string\"}}],\"inLanguage\":\"de\"},{\"@type\":\"Organization\",\"@id\":\"https:\/\/podology.shop\/de\/#organization\",\"name\":\"Podology.shop\",\"url\":\"https:\/\/podology.shop\/de\/\",\"logo\":{\"@type\":\"ImageObject\",\"inLanguage\":\"de\",\"@id\":\"https:\/\/podology.shop\/de\/#\/schema\/logo\/image\/\",\"url\":\"https:\/\/podology.shop\/wp-content\/uploads\/2020\/11\/125361778_1762772693887349_9190250941118524915_n-scaled.jpg\",\"contentUrl\":\"https:\/\/podology.shop\/wp-content\/uploads\/2020\/11\/125361778_1762772693887349_9190250941118524915_n-scaled.jpg\",\"width\":2560,\"height\":878,\"caption\":\"Podology.shop\"},\"image\":{\"@id\":\"https:\/\/podology.shop\/de\/#\/schema\/logo\/image\/\"}}]}<\/script>\n<!-- \/ Yoast SEO plugin. -->","yoast_head_json":{"title":"Elektrischer Schuhtrockner mit Timerfunktion - Podology.Shop","robots":{"index":"index","follow":"follow","max-snippet":"max-snippet:-1","max-image-preview":"max-image-preview:large","max-video-preview":"max-video-preview:-1"},"canonical":"https:\/\/podology.shop\/de\/produkt\/smart-electric-shoe-dryer-with-timer-function\/","og_locale":"de_DE","og_type":"article","og_title":"Elektrischer Schuhtrockner mit Timerfunktion - Podology.Shop","og_description":"Beseitigt schlechten Geruch, t\u00f6tet Bakterien und Pilze.","og_url":"https:\/\/podology.shop\/de\/produkt\/smart-electric-shoe-dryer-with-timer-function\/","og_site_name":"Podology.Shop","article_modified_time":"2026-04-21T19:13:48+00:00","og_image":[{"width":1255,"height":1207,"url":"https:\/\/podology.shop\/wp-content\/uploads\/2026\/04\/Ismani-Batu-dziovykle.jpg","type":"image\/jpeg"}],"twitter_card":"summary_large_image","twitter_misc":{"Gesch\u00e4tzte Lesezeit":"2\u00a0Minuten"},"schema":{"@context":"https:\/\/schema.org","@graph":[{"@type":"WebPage","@id":"https:\/\/podology.shop\/de\/produkt\/smart-electric-shoe-dryer-with-timer-function\/","url":"https:\/\/podology.shop\/de\/produkt\/smart-electric-shoe-dryer-with-timer-function\/","name":"Elektrischer Schuhtrockner mit Timerfunktion - Podology.Shop","isPartOf":{"@id":"https:\/\/podology.shop\/de\/#website"},"primaryImageOfPage":{"@id":"https:\/\/podology.shop\/de\/produkt\/smart-electric-shoe-dryer-with-timer-function\/#primaryimage"},"image":{"@id":"https:\/\/podology.shop\/de\/produkt\/smart-electric-shoe-dryer-with-timer-function\/#primaryimage"},"thumbnailUrl":"https:\/\/podology.shop\/wp-content\/uploads\/2026\/04\/Ismani-Batu-dziovykle.jpg","datePublished":"2026-04-21T17:46:32+00:00","dateModified":"2026-04-21T19:13:48+00:00","breadcrumb":{"@id":"https:\/\/podology.shop\/de\/produkt\/smart-electric-shoe-dryer-with-timer-function\/#breadcrumb"},"inLanguage":"de","potentialAction":[{"@type":"ReadAction","target":["https:\/\/podology.shop\/de\/produkt\/smart-electric-shoe-dryer-with-timer-function\/"]}]},{"@type":"ImageObject","inLanguage":"de","@id":"https:\/\/podology.shop\/de\/produkt\/smart-electric-shoe-dryer-with-timer-function\/#primaryimage","url":"https:\/\/podology.shop\/wp-content\/uploads\/2026\/04\/Ismani-Batu-dziovykle.jpg","contentUrl":"https:\/\/podology.shop\/wp-content\/uploads\/2026\/04\/Ismani-Batu-dziovykle.jpg","width":1255,"height":1207},{"@type":"BreadcrumbList","@id":"https:\/\/podology.shop\/de\/produkt\/smart-electric-shoe-dryer-with-timer-function\/#breadcrumb","itemListElement":[{"@type":"ListItem","position":1,"name":"Home","item":"https:\/\/podology.shop\/de\/"},{"@type":"ListItem","position":2,"name":"Shop","item":"https:\/\/podology.shop\/de\/"},{"@type":"ListItem","position":3,"name":"Elektrischer Schuhtrockner mit Timerfunktion"}]},{"@type":"WebSite","@id":"https:\/\/podology.shop\/de\/#website","url":"https:\/\/podology.shop\/de\/","name":"Podology.Shop","description":"Podology.Shop","publisher":{"@id":"https:\/\/podology.shop\/de\/#organization"},"potentialAction":[{"@type":"SearchAction","target":{"@type":"EntryPoint","urlTemplate":"https:\/\/podology.shop\/de\/?s={search_term_string}"},"query-input":{"@type":"PropertyValueSpecification","valueRequired":true,"valueName":"search_term_string"}}],"inLanguage":"de"},{"@type":"Organization","@id":"https:\/\/podology.shop\/de\/#organization","name":"Podology.shop","url":"https:\/\/podology.shop\/de\/","logo":{"@type":"ImageObject","inLanguage":"de","@id":"https:\/\/podology.shop\/de\/#\/schema\/logo\/image\/","url":"https:\/\/podology.shop\/wp-content\/uploads\/2020\/11\/125361778_1762772693887349_9190250941118524915_n-scaled.jpg","contentUrl":"https:\/\/podology.shop\/wp-content\/uploads\/2020\/11\/125361778_1762772693887349_9190250941118524915_n-scaled.jpg","width":2560,"height":878,"caption":"Podology.shop"},"image":{"@id":"https:\/\/podology.shop\/de\/#\/schema\/logo\/image\/"}}]}},"_links":{"self":[{"href":"https:\/\/podology.shop\/de\/wp-json\/wp\/v2\/product\/20215","targetHints":{"allow":["GET"]}}],"collection":[{"href":"https:\/\/podology.shop\/de\/wp-json\/wp\/v2\/product"}],"about":[{"href":"https:\/\/podology.shop\/de\/wp-json\/wp\/v2\/types\/product"}],"replies":[{"embeddable":true,"href":"https:\/\/podology.shop\/de\/wp-json\/wp\/v2\/comments?post=20215"}],"wp:featuredmedia":[{"embeddable":true,"href":"https:\/\/podology.shop\/de\/wp-json\/wp\/v2\/media\/20221"}],"wp:attachment":[{"href":"https:\/\/podology.shop\/de\/wp-json\/wp\/v2\/media?parent=20215"}],"wp:term":[{"taxonomy":"product_brand","embeddable":true,"href":"https:\/\/podology.shop\/de\/wp-json\/wp\/v2\/product_brand?post=20215"},{"taxonomy":"product_cat","embeddable":true,"href":"https:\/\/podology.shop\/de\/wp-json\/wp\/v2\/product_cat?post=20215"},{"taxonomy":"product_tag","embeddable":true,"href":"https:\/\/podology.shop\/de\/wp-json\/wp\/v2\/product_tag?post=20215"}],"curies":[{"name":"wp","href":"https:\/\/api.w.org\/{rel}","templated":true}]}}