{"id":13152,"date":"2020-12-21T20:45:24","date_gmt":"2020-12-21T16:45:24","guid":{"rendered":"https:\/\/podology.shop\/apie\/"},"modified":"2026-04-05T13:52:50","modified_gmt":"2026-04-05T10:52:50","slug":"apie","status":"publish","type":"page","link":"https:\/\/podology.shop\/lt\/apie\/","title":{"rendered":"Apie mus"},"content":{"rendered":"<h4>Elektronin\u0117 parduotuv\u0117 sukurta remiantis ilgamete kvalifikuot\u0173 podologijos specialist\u0173 patirtimi. M\u016bs\u0173 siekis &#8211; teikti auk\u0161\u010diausios kokyb\u0117s prekes, siekiant \u012fgyvendinti \u0161\u012f tiksl\u0105 suk\u016br\u0117me \u0161i\u0105 internetin\u0119 parduotuv\u0119. Joje rasite ne t\u016bkstan\u010dius neai\u0161ki\u0173 preki\u0173 i\u0161 ma\u017eai \u017einom\u0173 gamintoj\u0173, o tik auk\u0161\u010diausios kokyb\u0117s ir teigiamai \u012fvertintus, m\u016bs\u0173 i\u0161m\u0117gintus ir laiko patikrintus produktus. I\u0161 profesional\u0173 &#8211; profesionalams.<\/h4>\n\n\n<p>MB Podologijos klinika<br>\u012f.k. 307227021<br>Antakalnio 40, VIlnius LT- 10305. Lithuania<br>tel. +37062094999<\/p>\n\n\n\n<p><strong>Registracija vizitui pas podolog\u0105 Vilniuje , <a href=\"https:\/\/podologijosklinika.lt\/\">Podologijos klinikoje<\/a>\u00a0telefonu : <a href=\"tel:+370 620 94999\">+370 620 94999<\/a><\/strong><\/p>\n\n\n\n<figure class=\"wp-block-image is-resized\"><a href=\"https:\/\/podologijosklinika.lt\/\"><img decoding=\"async\" width=\"2560\" height=\"1106\" src=\"https:\/\/podology.shop\/wp-content\/uploads\/2026\/04\/JPG-scaled.jpg\" alt=\"\" class=\"wp-image-20145\" style=\"aspect-ratio:2.314750572399917;width:310px;height:auto\" srcset=\"https:\/\/podology.shop\/wp-content\/uploads\/2026\/04\/JPG-scaled.jpg 2560w, https:\/\/podology.shop\/wp-content\/uploads\/2026\/04\/JPG-300x130.jpg 300w, https:\/\/podology.shop\/wp-content\/uploads\/2026\/04\/JPG-1024x442.jpg 1024w, https:\/\/podology.shop\/wp-content\/uploads\/2026\/04\/JPG-768x332.jpg 768w, https:\/\/podology.shop\/wp-content\/uploads\/2026\/04\/JPG-1536x663.jpg 1536w, https:\/\/podology.shop\/wp-content\/uploads\/2026\/04\/JPG-2048x884.jpg 2048w, https:\/\/podology.shop\/wp-content\/uploads\/2026\/04\/JPG-600x259.jpg 600w, https:\/\/podology.shop\/wp-content\/uploads\/2026\/04\/JPG-64x28.jpg 64w\" sizes=\"(max-width: 2560px) 100vw, 2560px\" \/><\/a><\/figure>\n\n\n\n<p><\/p>\n","protected":false},"excerpt":{"rendered":"<p>Elektronin\u0117 parduotuv\u0117 sukurta remiantis ilgamete kvalifikuot\u0173 podologijos specialist\u0173 patirtimi. M\u016bs\u0173 siekis &#8211; teikti auk\u0161\u010diausios kokyb\u0117s prekes, siekiant \u012fgyvendinti \u0161\u012f tiksl\u0105 suk\u016br\u0117me \u0161i\u0105 internetin\u0119 parduotuv\u0119. Joje rasite ne t\u016bkstan\u010dius neai\u0161ki\u0173 preki\u0173 i\u0161 ma\u017eai \u017einom\u0173 gamintoj\u0173, o tik auk\u0161\u010diausios kokyb\u0117s ir teigiamai \u012fvertintus, m\u016bs\u0173 i\u0161m\u0117gintus ir laiko patikrintus produktus. I\u0161 profesional\u0173 &#8211; profesionalams. MB Podologijos klinika\u012f.k. 307227021Antakalnio [&hellip;]<\/p>\n","protected":false},"author":1,"featured_media":0,"parent":0,"menu_order":0,"comment_status":"closed","ping_status":"closed","template":"","meta":{"inline_featured_image":false,"_monsterinsights_skip_tracking":false,"_monsterinsights_sitenote_active":false,"_monsterinsights_sitenote_note":"","_monsterinsights_sitenote_category":0,"site-sidebar-layout":"no-sidebar","site-content-layout":"default","ast-site-content-layout":"default","site-content-style":"default","site-sidebar-style":"default","ast-global-header-display":"","ast-banner-title-visibility":"","ast-main-header-display":"","ast-hfb-above-header-display":"","ast-hfb-below-header-display":"","ast-hfb-mobile-header-display":"","site-post-title":"","ast-breadcrumbs-content":"","ast-featured-img":"","footer-sml-layout":"","ast-disable-related-posts":"","theme-transparent-header-meta":"default","adv-header-id-meta":"","stick-header-meta":"","header-above-stick-meta":"","header-main-stick-meta":"","header-below-stick-meta":"","astra-migrate-meta-layouts":"set","ast-page-background-enabled":"default","ast-page-background-meta":{"desktop":{"background-color":"","background-image":"","background-repeat":"repeat","background-position":"center center","background-size":"auto","background-attachment":"scroll","background-type":"","background-media":"","overlay-type":"","overlay-color":"","overlay-opacity":"","overlay-gradient":""},"tablet":{"background-color":"","background-image":"","background-repeat":"repeat","background-position":"center center","background-size":"auto","background-attachment":"scroll","background-type":"","background-media":"","overlay-type":"","overlay-color":"","overlay-opacity":"","overlay-gradient":""},"mobile":{"background-color":"","background-image":"","background-repeat":"repeat","background-position":"center center","background-size":"auto","background-attachment":"scroll","background-type":"","background-media":"","overlay-type":"","overlay-color":"","overlay-opacity":"","overlay-gradient":""}},"ast-content-background-meta":{"desktop":{"background-color":"var(--ast-global-color-5)","background-image":"","background-repeat":"repeat","background-position":"center center","background-size":"auto","background-attachment":"scroll","background-type":"","background-media":"","overlay-type":"","overlay-color":"","overlay-opacity":"","overlay-gradient":""},"tablet":{"background-color":"var(--ast-global-color-5)","background-image":"","background-repeat":"repeat","background-position":"center center","background-size":"auto","background-attachment":"scroll","background-type":"","background-media":"","overlay-type":"","overlay-color":"","overlay-opacity":"","overlay-gradient":""},"mobile":{"background-color":"var(--ast-global-color-5)","background-image":"","background-repeat":"repeat","background-position":"center center","background-size":"auto","background-attachment":"scroll","background-type":"","background-media":"","overlay-type":"","overlay-color":"","overlay-opacity":"","overlay-gradient":""}},"footnotes":""},"class_list":["post-13152","page","type-page","status-publish","hentry"],"yoast_head":"<!-- This site is optimized with the Yoast SEO plugin v27.1.1 - https:\/\/yoast.com\/product\/yoast-seo-wordpress\/ -->\n<title>Apie mus - Podology.Shop<\/title>\n<meta name=\"robots\" content=\"index, follow, max-snippet:-1, max-image-preview:large, max-video-preview:-1\" \/>\n<link rel=\"canonical\" href=\"https:\/\/podology.shop\/lt\/apie\/\" \/>\n<meta property=\"og:locale\" content=\"lt_LT\" \/>\n<meta property=\"og:type\" content=\"article\" \/>\n<meta property=\"og:title\" content=\"Apie mus - Podology.Shop\" \/>\n<meta property=\"og:description\" content=\"Elektronin\u0117 parduotuv\u0117 sukurta remiantis ilgamete kvalifikuot\u0173 podologijos specialist\u0173 patirtimi. M\u016bs\u0173 siekis &#8211; teikti auk\u0161\u010diausios kokyb\u0117s prekes, siekiant \u012fgyvendinti \u0161\u012f tiksl\u0105 suk\u016br\u0117me \u0161i\u0105 internetin\u0119 parduotuv\u0119. Joje rasite ne t\u016bkstan\u010dius neai\u0161ki\u0173 preki\u0173 i\u0161 ma\u017eai \u017einom\u0173 gamintoj\u0173, o tik auk\u0161\u010diausios kokyb\u0117s ir teigiamai \u012fvertintus, m\u016bs\u0173 i\u0161m\u0117gintus ir laiko patikrintus produktus. I\u0161 profesional\u0173 &#8211; profesionalams. MB Podologijos klinika\u012f.k. 307227021Antakalnio [&hellip;]\" \/>\n<meta property=\"og:url\" content=\"https:\/\/podology.shop\/lt\/apie\/\" \/>\n<meta property=\"og:site_name\" content=\"Podology.Shop\" \/>\n<meta property=\"article:modified_time\" content=\"2026-04-05T10:52:50+00:00\" \/>\n<meta property=\"og:image\" content=\"https:\/\/podology.shop\/wp-content\/uploads\/2026\/04\/JPG-scaled.jpg\" \/>\n\t<meta property=\"og:image:width\" content=\"2560\" \/>\n\t<meta property=\"og:image:height\" content=\"1106\" \/>\n\t<meta property=\"og:image:type\" content=\"image\/jpeg\" \/>\n<meta name=\"twitter:card\" content=\"summary_large_image\" \/>\n<script type=\"application\/ld+json\" class=\"yoast-schema-graph\">{\"@context\":\"https:\/\/schema.org\",\"@graph\":[{\"@type\":\"WebPage\",\"@id\":\"https:\/\/podology.shop\/lt\/apie\/\",\"url\":\"https:\/\/podology.shop\/lt\/apie\/\",\"name\":\"Apie mus - Podology.Shop\",\"isPartOf\":{\"@id\":\"https:\/\/podology.shop\/lt\/#website\"},\"primaryImageOfPage\":{\"@id\":\"https:\/\/podology.shop\/lt\/apie\/#primaryimage\"},\"image\":{\"@id\":\"https:\/\/podology.shop\/lt\/apie\/#primaryimage\"},\"thumbnailUrl\":\"https:\/\/podology.shop\/wp-content\/uploads\/2026\/04\/JPG-scaled.jpg\",\"datePublished\":\"2020-12-21T16:45:24+00:00\",\"dateModified\":\"2026-04-05T10:52:50+00:00\",\"breadcrumb\":{\"@id\":\"https:\/\/podology.shop\/lt\/apie\/#breadcrumb\"},\"inLanguage\":\"lt-LT\",\"potentialAction\":[{\"@type\":\"ReadAction\",\"target\":[\"https:\/\/podology.shop\/lt\/apie\/\"]}]},{\"@type\":\"ImageObject\",\"inLanguage\":\"lt-LT\",\"@id\":\"https:\/\/podology.shop\/lt\/apie\/#primaryimage\",\"url\":\"https:\/\/podology.shop\/wp-content\/uploads\/2026\/04\/JPG-scaled.jpg\",\"contentUrl\":\"https:\/\/podology.shop\/wp-content\/uploads\/2026\/04\/JPG-scaled.jpg\"},{\"@type\":\"BreadcrumbList\",\"@id\":\"https:\/\/podology.shop\/lt\/apie\/#breadcrumb\",\"itemListElement\":[{\"@type\":\"ListItem\",\"position\":1,\"name\":\"Home\",\"item\":\"https:\/\/podology.shop\/lt\/\"},{\"@type\":\"ListItem\",\"position\":2,\"name\":\"Apie mus\"}]},{\"@type\":\"WebSite\",\"@id\":\"https:\/\/podology.shop\/lt\/#website\",\"url\":\"https:\/\/podology.shop\/lt\/\",\"name\":\"Podology.Shop\",\"description\":\"Podology.Shop\",\"publisher\":{\"@id\":\"https:\/\/podology.shop\/lt\/#organization\"},\"potentialAction\":[{\"@type\":\"SearchAction\",\"target\":{\"@type\":\"EntryPoint\",\"urlTemplate\":\"https:\/\/podology.shop\/lt\/?s={search_term_string}\"},\"query-input\":{\"@type\":\"PropertyValueSpecification\",\"valueRequired\":true,\"valueName\":\"search_term_string\"}}],\"inLanguage\":\"lt-LT\"},{\"@type\":\"Organization\",\"@id\":\"https:\/\/podology.shop\/lt\/#organization\",\"name\":\"Podology.shop\",\"url\":\"https:\/\/podology.shop\/lt\/\",\"logo\":{\"@type\":\"ImageObject\",\"inLanguage\":\"lt-LT\",\"@id\":\"https:\/\/podology.shop\/lt\/#\/schema\/logo\/image\/\",\"url\":\"https:\/\/podology.shop\/wp-content\/uploads\/2020\/11\/125361778_1762772693887349_9190250941118524915_n-scaled.jpg\",\"contentUrl\":\"https:\/\/podology.shop\/wp-content\/uploads\/2020\/11\/125361778_1762772693887349_9190250941118524915_n-scaled.jpg\",\"width\":2560,\"height\":878,\"caption\":\"Podology.shop\"},\"image\":{\"@id\":\"https:\/\/podology.shop\/lt\/#\/schema\/logo\/image\/\"}}]}<\/script>\n<!-- \/ Yoast SEO plugin. -->","yoast_head_json":{"title":"Apie mus - Podology.Shop","robots":{"index":"index","follow":"follow","max-snippet":"max-snippet:-1","max-image-preview":"max-image-preview:large","max-video-preview":"max-video-preview:-1"},"canonical":"https:\/\/podology.shop\/lt\/apie\/","og_locale":"lt_LT","og_type":"article","og_title":"Apie mus - Podology.Shop","og_description":"Elektronin\u0117 parduotuv\u0117 sukurta remiantis ilgamete kvalifikuot\u0173 podologijos specialist\u0173 patirtimi. M\u016bs\u0173 siekis &#8211; teikti auk\u0161\u010diausios kokyb\u0117s prekes, siekiant \u012fgyvendinti \u0161\u012f tiksl\u0105 suk\u016br\u0117me \u0161i\u0105 internetin\u0119 parduotuv\u0119. Joje rasite ne t\u016bkstan\u010dius neai\u0161ki\u0173 preki\u0173 i\u0161 ma\u017eai \u017einom\u0173 gamintoj\u0173, o tik auk\u0161\u010diausios kokyb\u0117s ir teigiamai \u012fvertintus, m\u016bs\u0173 i\u0161m\u0117gintus ir laiko patikrintus produktus. I\u0161 profesional\u0173 &#8211; profesionalams. MB Podologijos klinika\u012f.k. 307227021Antakalnio [&hellip;]","og_url":"https:\/\/podology.shop\/lt\/apie\/","og_site_name":"Podology.Shop","article_modified_time":"2026-04-05T10:52:50+00:00","og_image":[{"width":2560,"height":1106,"url":"https:\/\/podology.shop\/wp-content\/uploads\/2026\/04\/JPG-scaled.jpg","type":"image\/jpeg"}],"twitter_card":"summary_large_image","schema":{"@context":"https:\/\/schema.org","@graph":[{"@type":"WebPage","@id":"https:\/\/podology.shop\/lt\/apie\/","url":"https:\/\/podology.shop\/lt\/apie\/","name":"Apie mus - Podology.Shop","isPartOf":{"@id":"https:\/\/podology.shop\/lt\/#website"},"primaryImageOfPage":{"@id":"https:\/\/podology.shop\/lt\/apie\/#primaryimage"},"image":{"@id":"https:\/\/podology.shop\/lt\/apie\/#primaryimage"},"thumbnailUrl":"https:\/\/podology.shop\/wp-content\/uploads\/2026\/04\/JPG-scaled.jpg","datePublished":"2020-12-21T16:45:24+00:00","dateModified":"2026-04-05T10:52:50+00:00","breadcrumb":{"@id":"https:\/\/podology.shop\/lt\/apie\/#breadcrumb"},"inLanguage":"lt-LT","potentialAction":[{"@type":"ReadAction","target":["https:\/\/podology.shop\/lt\/apie\/"]}]},{"@type":"ImageObject","inLanguage":"lt-LT","@id":"https:\/\/podology.shop\/lt\/apie\/#primaryimage","url":"https:\/\/podology.shop\/wp-content\/uploads\/2026\/04\/JPG-scaled.jpg","contentUrl":"https:\/\/podology.shop\/wp-content\/uploads\/2026\/04\/JPG-scaled.jpg"},{"@type":"BreadcrumbList","@id":"https:\/\/podology.shop\/lt\/apie\/#breadcrumb","itemListElement":[{"@type":"ListItem","position":1,"name":"Home","item":"https:\/\/podology.shop\/lt\/"},{"@type":"ListItem","position":2,"name":"Apie mus"}]},{"@type":"WebSite","@id":"https:\/\/podology.shop\/lt\/#website","url":"https:\/\/podology.shop\/lt\/","name":"Podology.Shop","description":"Podology.Shop","publisher":{"@id":"https:\/\/podology.shop\/lt\/#organization"},"potentialAction":[{"@type":"SearchAction","target":{"@type":"EntryPoint","urlTemplate":"https:\/\/podology.shop\/lt\/?s={search_term_string}"},"query-input":{"@type":"PropertyValueSpecification","valueRequired":true,"valueName":"search_term_string"}}],"inLanguage":"lt-LT"},{"@type":"Organization","@id":"https:\/\/podology.shop\/lt\/#organization","name":"Podology.shop","url":"https:\/\/podology.shop\/lt\/","logo":{"@type":"ImageObject","inLanguage":"lt-LT","@id":"https:\/\/podology.shop\/lt\/#\/schema\/logo\/image\/","url":"https:\/\/podology.shop\/wp-content\/uploads\/2020\/11\/125361778_1762772693887349_9190250941118524915_n-scaled.jpg","contentUrl":"https:\/\/podology.shop\/wp-content\/uploads\/2020\/11\/125361778_1762772693887349_9190250941118524915_n-scaled.jpg","width":2560,"height":878,"caption":"Podology.shop"},"image":{"@id":"https:\/\/podology.shop\/lt\/#\/schema\/logo\/image\/"}}]}},"_links":{"self":[{"href":"https:\/\/podology.shop\/lt\/wp-json\/wp\/v2\/pages\/13152","targetHints":{"allow":["GET"]}}],"collection":[{"href":"https:\/\/podology.shop\/lt\/wp-json\/wp\/v2\/pages"}],"about":[{"href":"https:\/\/podology.shop\/lt\/wp-json\/wp\/v2\/types\/page"}],"author":[{"embeddable":true,"href":"https:\/\/podology.shop\/lt\/wp-json\/wp\/v2\/users\/1"}],"replies":[{"embeddable":true,"href":"https:\/\/podology.shop\/lt\/wp-json\/wp\/v2\/comments?post=13152"}],"version-history":[{"count":18,"href":"https:\/\/podology.shop\/lt\/wp-json\/wp\/v2\/pages\/13152\/revisions"}],"predecessor-version":[{"id":20163,"href":"https:\/\/podology.shop\/lt\/wp-json\/wp\/v2\/pages\/13152\/revisions\/20163"}],"wp:attachment":[{"href":"https:\/\/podology.shop\/lt\/wp-json\/wp\/v2\/media?parent=13152"}],"curies":[{"name":"wp","href":"https:\/\/api.w.org\/{rel}","templated":true}]}}