{"id":13369,"date":"2020-12-22T19:23:47","date_gmt":"2020-12-22T15:23:47","guid":{"rendered":"https:\/\/podology.shop\/pristatymo-informacija-ir-grazinimo-politika\/"},"modified":"2023-04-14T13:44:46","modified_gmt":"2023-04-14T09:44:46","slug":"pristatymo-informacija-ir-grazinimo-politika","status":"publish","type":"page","link":"https:\/\/podology.shop\/lt\/pristatymo-informacija-ir-grazinimo-politika\/","title":{"rendered":"Pristatymo informacija ir gr\u0105\u017einimo politika"},"content":{"rendered":"\n<p>Naudojame DPD paslaugas kaip pagrindin\u012f pristatymo b\u016bd\u0105 . Pristatymo terminas: BUSCH prek\u0117ms 5-20 darbo dien\u0173, visoms kitoms prek\u0117ms iki 7 darbo dien\u0173<\/p>\n\n\n\n<p>Siuntimas galimas \u012f \u0161ias \u0161alis:<\/p>\n\n\n\n<p>Austrija, Belgija, Bulgarija, Kroatija, \u010cekija, Danija, Estija, Suomija, Pranc\u016bzija, Vokietija, Graikija, Vengrija, Airija, Italija, Latvija, Lietuva, Liuksemburgas, Nyderlandai, Lenkija, Portugalija, Rumunija, Slovakija, Slov\u0117nija, Ispanija, \u0160vedija<\/p>\n\n\n\n<p>Jei j\u016bs\u0173 \u0161alies n\u0117ra s\u0105ra\u0161e, susisiekite su mumis per kontaktin\u0119 form\u0105.<\/p>\n\n\n\n<div class=\"wp-block-buttons is-content-justification-center is-layout-flex wp-container-core-buttons-is-layout-a89b3969 wp-block-buttons-is-layout-flex\">\n<div class=\"wp-block-button\"><a class=\"wp-block-button__link has-white-color has-vivid-cyan-blue-to-vivid-purple-gradient-background has-text-color has-background\" href=\"https:\/\/podology.shop\/kontaktai\/?lang=lt\" style=\"border-radius:50px\">Susisiekite su mumis<\/a><\/div>\n<\/div>\n\n\n\n<p><strong>Pa\u017eeista pakuot\u0117:<\/strong><\/p>\n\n\n\n<p>Jei Jums pristatytos pa\u017eeistos pakuot\u0117s &#8211; nepriimkite j\u0173 ir susisiekite su mumis ne v\u0117liau kaip per 5 darbo dienas<\/p>\n\n\n\n<p><strong>Prek\u0117s su tr\u016bkumais arba nepilnas u\u017esakymas:<\/strong><\/p>\n\n\n\n<p>Jei gavote defektuot\u0105 prek\u0119 arba nepilnos komplektacijos prek\u0119 pa\u0161ome susisiekti su mumis ne v\u0117liau kaip per 5 darbo dienas, , mes padarysime visk\u0105, kad situacija b\u016bt\u0173 greitai ir teisingai i\u0161taisyta.<\/p>\n\n\n\n<p><strong>Kokybi\u0161k\u0173 preki\u0173 gr\u0105\u017einimo politika:<\/strong><\/p>\n\n\n\n<p>Prek\u0117s turi b\u016bti gr\u0105\u017eintos per 14 dien\u0173 nuo pristatymo. Galima gr\u0105\u017einti tik nei\u0161pakuotas prekes . Siuntimo i\u0161laidos nekompensuojamos. Klientas prisiima vis\u0105 atsakomyb\u0119 u\u017e gr\u0105\u017einim\u0105 ir siuntimo i\u0161laidas.<\/p>\n\n\n\n<p><strong>Nekei\u010diamos ir negr\u0105\u017einamos prek\u0117s :<\/strong><\/p>\n\n\n\n<p><strong>-Odos prie\u017ei\u016bros priemon\u0117s ir kosmetika.<\/strong><\/p>\n\n\n\n<p><strong>-Medicinos reikmenys ir prietaisai .<\/strong><\/p>\n\n\n\n<p><strong>&#8211; Asmeninio naudojimo prek\u0117s<\/strong><\/p>\n\n\n\n<p><\/p>\n\n\n\n<p>Daugiau informacijos :<\/p>\n\n\n\n<p><a href=\"https:\/\/e-seimas.lrs.lt\/portal\/legalAct\/lt\/TAD\/3e3f6a70164711e4aa9bb36470fb9e6e\">https:\/\/e-seimas.lrs.lt\/portal\/legalAct\/lt\/TAD\/3e3f6a70164711e4aa9bb36470fb9e6e<\/a><\/p>\n","protected":false},"excerpt":{"rendered":"<p>Naudojame DPD paslaugas kaip pagrindin\u012f pristatymo b\u016bd\u0105 . Pristatymo terminas: BUSCH prek\u0117ms 5-20 darbo dien\u0173, visoms kitoms prek\u0117ms iki 7 darbo dien\u0173 Siuntimas galimas \u012f \u0161ias \u0161alis: Austrija, Belgija, Bulgarija, Kroatija, \u010cekija, Danija, Estija, Suomija, Pranc\u016bzija, Vokietija, Graikija, Vengrija, Airija, Italija, Latvija, Lietuva, Liuksemburgas, Nyderlandai, Lenkija, Portugalija, Rumunija, Slovakija, Slov\u0117nija, Ispanija, \u0160vedija Jei j\u016bs\u0173 \u0161alies [&hellip;]<\/p>\n","protected":false},"author":1,"featured_media":0,"parent":0,"menu_order":0,"comment_status":"closed","ping_status":"closed","template":"","meta":{"inline_featured_image":false,"_monsterinsights_skip_tracking":false,"_monsterinsights_sitenote_active":false,"_monsterinsights_sitenote_note":"","_monsterinsights_sitenote_category":0,"site-sidebar-layout":"no-sidebar","site-content-layout":"default","ast-site-content-layout":"default","site-content-style":"default","site-sidebar-style":"default","ast-global-header-display":"","ast-banner-title-visibility":"","ast-main-header-display":"","ast-hfb-above-header-display":"","ast-hfb-below-header-display":"","ast-hfb-mobile-header-display":"","site-post-title":"","ast-breadcrumbs-content":"","ast-featured-img":"","footer-sml-layout":"","ast-disable-related-posts":"","theme-transparent-header-meta":"default","adv-header-id-meta":"","stick-header-meta":"","header-above-stick-meta":"","header-main-stick-meta":"","header-below-stick-meta":"","astra-migrate-meta-layouts":"default","ast-page-background-enabled":"default","ast-page-background-meta":{"desktop":{"background-color":"","background-image":"","background-repeat":"repeat","background-position":"center center","background-size":"auto","background-attachment":"scroll","background-type":"","background-media":"","overlay-type":"","overlay-color":"","overlay-opacity":"","overlay-gradient":""},"tablet":{"background-color":"","background-image":"","background-repeat":"repeat","background-position":"center center","background-size":"auto","background-attachment":"scroll","background-type":"","background-media":"","overlay-type":"","overlay-color":"","overlay-opacity":"","overlay-gradient":""},"mobile":{"background-color":"","background-image":"","background-repeat":"repeat","background-position":"center center","background-size":"auto","background-attachment":"scroll","background-type":"","background-media":"","overlay-type":"","overlay-color":"","overlay-opacity":"","overlay-gradient":""}},"ast-content-background-meta":{"desktop":{"background-color":"var(--ast-global-color-5)","background-image":"","background-repeat":"repeat","background-position":"center center","background-size":"auto","background-attachment":"scroll","background-type":"","background-media":"","overlay-type":"","overlay-color":"","overlay-opacity":"","overlay-gradient":""},"tablet":{"background-color":"var(--ast-global-color-5)","background-image":"","background-repeat":"repeat","background-position":"center center","background-size":"auto","background-attachment":"scroll","background-type":"","background-media":"","overlay-type":"","overlay-color":"","overlay-opacity":"","overlay-gradient":""},"mobile":{"background-color":"var(--ast-global-color-5)","background-image":"","background-repeat":"repeat","background-position":"center center","background-size":"auto","background-attachment":"scroll","background-type":"","background-media":"","overlay-type":"","overlay-color":"","overlay-opacity":"","overlay-gradient":""}},"footnotes":""},"class_list":["post-13369","page","type-page","status-publish","hentry"],"yoast_head":"<!-- This site is optimized with the Yoast SEO plugin v27.1.1 - https:\/\/yoast.com\/product\/yoast-seo-wordpress\/ -->\n<title>Pristatymo informacija ir gr\u0105\u017einimo politika - Podology.Shop<\/title>\n<meta name=\"robots\" content=\"index, follow, max-snippet:-1, max-image-preview:large, max-video-preview:-1\" \/>\n<link rel=\"canonical\" href=\"https:\/\/podology.shop\/lt\/pristatymo-informacija-ir-grazinimo-politika\/\" \/>\n<meta property=\"og:locale\" content=\"lt_LT\" \/>\n<meta property=\"og:type\" content=\"article\" \/>\n<meta property=\"og:title\" content=\"Pristatymo informacija ir gr\u0105\u017einimo politika - Podology.Shop\" \/>\n<meta property=\"og:description\" content=\"Naudojame DPD paslaugas kaip pagrindin\u012f pristatymo b\u016bd\u0105 . Pristatymo terminas: BUSCH prek\u0117ms 5-20 darbo dien\u0173, visoms kitoms prek\u0117ms iki 7 darbo dien\u0173 Siuntimas galimas \u012f \u0161ias \u0161alis: Austrija, Belgija, Bulgarija, Kroatija, \u010cekija, Danija, Estija, Suomija, Pranc\u016bzija, Vokietija, Graikija, Vengrija, Airija, Italija, Latvija, Lietuva, Liuksemburgas, Nyderlandai, Lenkija, Portugalija, Rumunija, Slovakija, Slov\u0117nija, Ispanija, \u0160vedija Jei j\u016bs\u0173 \u0161alies [&hellip;]\" \/>\n<meta property=\"og:url\" content=\"https:\/\/podology.shop\/lt\/pristatymo-informacija-ir-grazinimo-politika\/\" \/>\n<meta property=\"og:site_name\" content=\"Podology.Shop\" \/>\n<meta property=\"article:modified_time\" content=\"2023-04-14T09:44:46+00:00\" \/>\n<meta name=\"twitter:card\" content=\"summary_large_image\" \/>\n<meta name=\"twitter:label1\" content=\"Est. reading time\" \/>\n\t<meta name=\"twitter:data1\" content=\"1 minut\u0117\" \/>\n<script type=\"application\/ld+json\" class=\"yoast-schema-graph\">{\"@context\":\"https:\/\/schema.org\",\"@graph\":[{\"@type\":\"WebPage\",\"@id\":\"https:\/\/podology.shop\/lt\/pristatymo-informacija-ir-grazinimo-politika\/\",\"url\":\"https:\/\/podology.shop\/lt\/pristatymo-informacija-ir-grazinimo-politika\/\",\"name\":\"Pristatymo informacija ir gr\u0105\u017einimo politika - Podology.Shop\",\"isPartOf\":{\"@id\":\"https:\/\/podology.shop\/lt\/#website\"},\"datePublished\":\"2020-12-22T15:23:47+00:00\",\"dateModified\":\"2023-04-14T09:44:46+00:00\",\"breadcrumb\":{\"@id\":\"https:\/\/podology.shop\/lt\/pristatymo-informacija-ir-grazinimo-politika\/#breadcrumb\"},\"inLanguage\":\"lt-LT\",\"potentialAction\":[{\"@type\":\"ReadAction\",\"target\":[\"https:\/\/podology.shop\/lt\/pristatymo-informacija-ir-grazinimo-politika\/\"]}]},{\"@type\":\"BreadcrumbList\",\"@id\":\"https:\/\/podology.shop\/lt\/pristatymo-informacija-ir-grazinimo-politika\/#breadcrumb\",\"itemListElement\":[{\"@type\":\"ListItem\",\"position\":1,\"name\":\"Home\",\"item\":\"https:\/\/podology.shop\/lt\/\"},{\"@type\":\"ListItem\",\"position\":2,\"name\":\"Pristatymo informacija ir gr\u0105\u017einimo politika\"}]},{\"@type\":\"WebSite\",\"@id\":\"https:\/\/podology.shop\/lt\/#website\",\"url\":\"https:\/\/podology.shop\/lt\/\",\"name\":\"Podology.Shop\",\"description\":\"Podology.Shop\",\"publisher\":{\"@id\":\"https:\/\/podology.shop\/lt\/#organization\"},\"potentialAction\":[{\"@type\":\"SearchAction\",\"target\":{\"@type\":\"EntryPoint\",\"urlTemplate\":\"https:\/\/podology.shop\/lt\/?s={search_term_string}\"},\"query-input\":{\"@type\":\"PropertyValueSpecification\",\"valueRequired\":true,\"valueName\":\"search_term_string\"}}],\"inLanguage\":\"lt-LT\"},{\"@type\":\"Organization\",\"@id\":\"https:\/\/podology.shop\/lt\/#organization\",\"name\":\"Podology.shop\",\"url\":\"https:\/\/podology.shop\/lt\/\",\"logo\":{\"@type\":\"ImageObject\",\"inLanguage\":\"lt-LT\",\"@id\":\"https:\/\/podology.shop\/lt\/#\/schema\/logo\/image\/\",\"url\":\"https:\/\/podology.shop\/wp-content\/uploads\/2020\/11\/125361778_1762772693887349_9190250941118524915_n-scaled.jpg\",\"contentUrl\":\"https:\/\/podology.shop\/wp-content\/uploads\/2020\/11\/125361778_1762772693887349_9190250941118524915_n-scaled.jpg\",\"width\":2560,\"height\":878,\"caption\":\"Podology.shop\"},\"image\":{\"@id\":\"https:\/\/podology.shop\/lt\/#\/schema\/logo\/image\/\"}}]}<\/script>\n<!-- \/ Yoast SEO plugin. -->","yoast_head_json":{"title":"Pristatymo informacija ir gr\u0105\u017einimo politika - Podology.Shop","robots":{"index":"index","follow":"follow","max-snippet":"max-snippet:-1","max-image-preview":"max-image-preview:large","max-video-preview":"max-video-preview:-1"},"canonical":"https:\/\/podology.shop\/lt\/pristatymo-informacija-ir-grazinimo-politika\/","og_locale":"lt_LT","og_type":"article","og_title":"Pristatymo informacija ir gr\u0105\u017einimo politika - Podology.Shop","og_description":"Naudojame DPD paslaugas kaip pagrindin\u012f pristatymo b\u016bd\u0105 . Pristatymo terminas: BUSCH prek\u0117ms 5-20 darbo dien\u0173, visoms kitoms prek\u0117ms iki 7 darbo dien\u0173 Siuntimas galimas \u012f \u0161ias \u0161alis: Austrija, Belgija, Bulgarija, Kroatija, \u010cekija, Danija, Estija, Suomija, Pranc\u016bzija, Vokietija, Graikija, Vengrija, Airija, Italija, Latvija, Lietuva, Liuksemburgas, Nyderlandai, Lenkija, Portugalija, Rumunija, Slovakija, Slov\u0117nija, Ispanija, \u0160vedija Jei j\u016bs\u0173 \u0161alies [&hellip;]","og_url":"https:\/\/podology.shop\/lt\/pristatymo-informacija-ir-grazinimo-politika\/","og_site_name":"Podology.Shop","article_modified_time":"2023-04-14T09:44:46+00:00","twitter_card":"summary_large_image","twitter_misc":{"Est. reading time":"1 minut\u0117"},"schema":{"@context":"https:\/\/schema.org","@graph":[{"@type":"WebPage","@id":"https:\/\/podology.shop\/lt\/pristatymo-informacija-ir-grazinimo-politika\/","url":"https:\/\/podology.shop\/lt\/pristatymo-informacija-ir-grazinimo-politika\/","name":"Pristatymo informacija ir gr\u0105\u017einimo politika - Podology.Shop","isPartOf":{"@id":"https:\/\/podology.shop\/lt\/#website"},"datePublished":"2020-12-22T15:23:47+00:00","dateModified":"2023-04-14T09:44:46+00:00","breadcrumb":{"@id":"https:\/\/podology.shop\/lt\/pristatymo-informacija-ir-grazinimo-politika\/#breadcrumb"},"inLanguage":"lt-LT","potentialAction":[{"@type":"ReadAction","target":["https:\/\/podology.shop\/lt\/pristatymo-informacija-ir-grazinimo-politika\/"]}]},{"@type":"BreadcrumbList","@id":"https:\/\/podology.shop\/lt\/pristatymo-informacija-ir-grazinimo-politika\/#breadcrumb","itemListElement":[{"@type":"ListItem","position":1,"name":"Home","item":"https:\/\/podology.shop\/lt\/"},{"@type":"ListItem","position":2,"name":"Pristatymo informacija ir gr\u0105\u017einimo politika"}]},{"@type":"WebSite","@id":"https:\/\/podology.shop\/lt\/#website","url":"https:\/\/podology.shop\/lt\/","name":"Podology.Shop","description":"Podology.Shop","publisher":{"@id":"https:\/\/podology.shop\/lt\/#organization"},"potentialAction":[{"@type":"SearchAction","target":{"@type":"EntryPoint","urlTemplate":"https:\/\/podology.shop\/lt\/?s={search_term_string}"},"query-input":{"@type":"PropertyValueSpecification","valueRequired":true,"valueName":"search_term_string"}}],"inLanguage":"lt-LT"},{"@type":"Organization","@id":"https:\/\/podology.shop\/lt\/#organization","name":"Podology.shop","url":"https:\/\/podology.shop\/lt\/","logo":{"@type":"ImageObject","inLanguage":"lt-LT","@id":"https:\/\/podology.shop\/lt\/#\/schema\/logo\/image\/","url":"https:\/\/podology.shop\/wp-content\/uploads\/2020\/11\/125361778_1762772693887349_9190250941118524915_n-scaled.jpg","contentUrl":"https:\/\/podology.shop\/wp-content\/uploads\/2020\/11\/125361778_1762772693887349_9190250941118524915_n-scaled.jpg","width":2560,"height":878,"caption":"Podology.shop"},"image":{"@id":"https:\/\/podology.shop\/lt\/#\/schema\/logo\/image\/"}}]}},"_links":{"self":[{"href":"https:\/\/podology.shop\/lt\/wp-json\/wp\/v2\/pages\/13369","targetHints":{"allow":["GET"]}}],"collection":[{"href":"https:\/\/podology.shop\/lt\/wp-json\/wp\/v2\/pages"}],"about":[{"href":"https:\/\/podology.shop\/lt\/wp-json\/wp\/v2\/types\/page"}],"author":[{"embeddable":true,"href":"https:\/\/podology.shop\/lt\/wp-json\/wp\/v2\/users\/1"}],"replies":[{"embeddable":true,"href":"https:\/\/podology.shop\/lt\/wp-json\/wp\/v2\/comments?post=13369"}],"version-history":[{"count":16,"href":"https:\/\/podology.shop\/lt\/wp-json\/wp\/v2\/pages\/13369\/revisions"}],"predecessor-version":[{"id":18862,"href":"https:\/\/podology.shop\/lt\/wp-json\/wp\/v2\/pages\/13369\/revisions\/18862"}],"wp:attachment":[{"href":"https:\/\/podology.shop\/lt\/wp-json\/wp\/v2\/media?parent=13369"}],"curies":[{"name":"wp","href":"https:\/\/api.w.org\/{rel}","templated":true}]}}