{"id":13375,"date":"2020-12-22T19:23:51","date_gmt":"2020-12-22T15:23:51","guid":{"rendered":"https:\/\/podology.shop\/terminai-ir-salygos\/"},"modified":"2026-04-05T21:33:24","modified_gmt":"2026-04-05T18:33:24","slug":"terminai-ir-salygos","status":"publish","type":"page","link":"https:\/\/podology.shop\/lt\/terminai-ir-salygos\/","title":{"rendered":"Taisykl\u0117s ir s\u0105lygos"},"content":{"rendered":"\n<p><strong>Preki\u0173 pirkimo- pardavimo taisykl\u0117s internetiniame prekybos centre <a href=\"https:\/\/podology.shop\/?lang=lt\" class=\"rank-math-link\">https:\/\/podology.shop<\/a><\/strong><\/p>\n\n\n\n<p><strong>1. Bendrosios nuostatos<\/strong><\/p>\n\n\n\n<p>1.1. \u0160ios preki\u0173 pirkimo \u2013 pardavimo taisykl\u0117s (toliau \u201eTaisykl\u0117s\u201c), jas patvirtinus Pirk\u0117jui (paspaudus mygtuka &#8222;Apmok\u0117ti&#8221; ), yra \u0161alims privalomas teisinis dokumentas, kuriame nustatomos Pirk\u0117jo ir Pardav\u0117jo teis\u0117s bei pareigos, preki\u0173 \u012fsigijimo bei apmok\u0117jimo u\u017e jas s\u0105lygos, preki\u0173 pristatymo ir gr\u0105\u017einimo tvarka, \u0161ali\u0173 atsakomyb\u0117 bei kitos su preki\u0173 pirkimu \u2013 pardavimu https:\/\/podology.shop internetin\u0117je parduotuv\u0117je susijusios nuostatos.<a href=\"https:\/\/podology.shop\/?lang=lt\" class=\"rank-math-link\"> <\/a><strong><a class=\"rank-math-link\" href=\"https:\/\/podology.shop\/?lang=lt\">https:\/\/podology.shop<\/a><\/strong><\/p>\n\n\n\n<p>1.2. Pardav\u0117jas pasilieka teis\u0119 bet kuriuo metu pakeisti, taisyti ar papildyti Taisykles, atsi\u017evelgdamas \u012f teis\u0117s akt\u0173 nustatytus reikalavimus.<\/p>\n\n\n\n<p>1.3. Pirkti m\u016bs\u0173 elektronin\u0117je parduotuv\u0117je turi teis\u0119:<\/p>\n\n\n\n<p>  1.3.1. veiksn\u016bs fiziniai asmenys, t.y. asmenys, sulauk\u0119 pilnametyst\u0117s, kuri\u0173 veiksnumas n\u0117ra apribotas teismo tvarka;<\/p>\n\n\n\n<p>  1.3.2. nepilname\u010diai nuo keturiolikos iki a\u0161tuoniolikos met\u0173 am\u017eiaus, tik tur\u0117dami t\u0117v\u0173 arba r\u016bpintoj\u0173 sutikim\u0105, i\u0161skyrus tuos atvejus, kai jie savaranki\u0161kai disponuoja savo pajamomis;<\/p>\n\n\n\n<p>  1.3.3. juridiniai asmenys;<\/p>\n\n\n\n<p>1.4. \u0160ios taisykl\u0117s parengtos vadovaujantis Lietuvos Respublikos \u012fstatymais.<\/p>\n\n\n\n<p><strong>3. Asmens duomen\u0173 apsauga<\/strong><\/p>\n\n\n\n<p>3.1. Pirk\u0117jas patvirtindamas \u0161ias Taisykles sutinka, jog jo asmens duomenys b\u016bt\u0173 tvarkomi preki\u0173 ir paslaug\u0173 pardavimo elektronin\u0117je parduotuv\u0117je<a href=\"https:\/\/podology.shop\/?lang=lt\" class=\"rank-math-link\"> <\/a><strong><a class=\"rank-math-link\" href=\"https:\/\/podology.shop\/?lang=lt\">https:\/\/podology.shop<\/a><\/strong>, pardav\u0117jo veiklos analiz\u0117s ir tiesiogin\u0117s rinkodaros tikslais.<\/p>\n\n\n\n<p>3.2. Pirk\u0117jas, sutikdamas, kad jo asmens duomenys b\u016bt\u0173 tvarkomi preki\u0173 ir paslaug\u0173 pardavimo Pardav\u0117jo elektronin\u0117je parduotuv\u0117je tikslu, taip pat sutinka, kad jo nurodytais elektroninio pa\u0161to adresu ir telefono numeriu b\u016bt\u0173 siun\u010diami informaciniai prane\u0161imai, kurie b\u016btini preki\u0173 u\u017esakymui \u012fvykdyti.<\/p>\n\n\n\n<p>3.3. Pirk\u0117jas, nepageidaujantis, kad jo elektroninio pa\u0161to adresas ir telefono numeris b\u016bt\u0173 tvarkomas tiesiogin\u0117s rinkodaros tikslu, turi informuoti apie tai Pardav\u0117j\u0105, elektroniniu pa\u0161tu i\u0161si\u0173sdamas prane\u0161im\u0105 adresu <strong><a href=\"https:\/\/podology.shop\/kontaktai\/?lang=lt\" class=\"rank-math-link\">https:\/\/podology.shop\/contact\/<\/a>.<\/strong><\/p>\n\n\n\n<p>3.4. Pardav\u0117jas patvirtina, jog Pirk\u0117jo nurodyti asmens duomenys bus tvarkomi tik preki\u0173 ir paslaug\u0173 pardavimo elektronin\u0117je parduotuv\u0117je <strong><a href=\"https:\/\/podology.shop\/?lang=lt\" class=\"rank-math-link\">https:\/\/podology.shop<\/a><\/strong>, Pardav\u0117jo veiklos analiz\u0117s ir tiesiogin\u0117s rinkodaros (i\u0161skyrus atvejus, kai Pirk\u0117jas Taisykli\u0173 3.3 punkte nurodyta tvarka prane\u0161a, kad nepageidauja, jog jo asmens duomenys b\u016bt\u0173 tvarkomi tiesiogin\u0117s rinkodaros tikslu) tikslais. Pardav\u0117jas \u012fsipareigoja neatskleisti Pirk\u0117jo asmens duomen\u0173 tretiesiems asmenims, i\u0161skyrus Pardav\u0117jo partnerius, teikian\u010dius preki\u0173 pristatymo ar kitas, su Pirk\u0117jo u\u017esakymo tinkamu \u012fvykdymu susijusias paslaugas. Visais kitais atvejais Pirk\u0117jo asmens duomenys tretiesiems asmenims gali b\u016bti atskleid\u017eiami tik LR teis\u0117s akt\u0173 numatyta tvarka.<\/p>\n\n\n\n<p>3.5. Siekiant, kad Pirk\u0117jui b\u016bt\u0173 suteiktos pilnavert\u0117s internetin\u0117s parduotuv\u0117s <a href=\"https:\/\/podology.shop\/?lang=lt\" class=\"rank-math-link\"><strong>https:\/\/podology.shop<\/strong><\/a>paslaugos, Pirk\u0117jo kompiuteryje (\u012frenginyje) Pardav\u0117jas \u012fra\u0161o informacij\u0105 \u2013 slapukus (angl. cookies). \u012era\u0161yt\u0105 informacij\u0105 Pardav\u0117jas naudoja Pirk\u0117jo kaip ankstesnio <strong><a href=\"https:\/\/podology.shop\/?lang=lt\" class=\"rank-math-link\">https:\/\/podology.shop<\/a><\/strong> , internetin\u0117s parduotuv\u0117s lankytojo atpa\u017einimui, informacijos apie pirkinius, \u012fd\u0117tus \u012f Pirk\u0117jo preki\u0173 krep\u0161el\u012f, i\u0161saugojimui, svetain\u0117s lankomumo statistikos rinkimui, Pirk\u0117jo filtr\u0173 pasirinkim\u0173 saugojimui. Pirk\u0117jas turi galimyb\u0119 per\u017ei\u016br\u0117ti, koki\u0105 informacij\u0105 (slapukus) Pardav\u0117jas \u012fra\u0161o, ir gali i\u0161trinti dal\u012f ar visus \u012fra\u0161ytus slapukus. Pirk\u0117jas taip pat turi teis\u0119 nesutikti, kad b\u016bt\u0173 \u012fra\u0161oma ir naudojama informacija (slapukai) jo kompiuteryje (\u012frenginyje), ta\u010diau tokiu atveju tam tikros internetin\u0117s parduotuv\u0117s <a href=\"https:\/\/podology.shop\/?lang=lt\" class=\"rank-math-link\"><strong>https:\/\/podology.shop<\/strong><\/a> funkcijos jam gali b\u016bti neprieinamos Pirk\u0117jas, patvirtindamas sutikim\u0105 su Taisykl\u0117mis, sutinka, kad jo kompiuteryje (\u012frenginyje) b\u016bt\u0173 \u012fra\u0161oma informacija. \u0160\u012f sutikim\u0105 Pirk\u0117jas gali bet kada at\u0161aukti, pakeisdamas savo interneto nar\u0161ykl\u0117s nustatymus.<\/p>\n\n\n\n<p>3.6. Pirk\u0117jui nesutinkant su \u0161iame Taisykli\u0173 skyriuje nurodytomis Asmens duomen\u0173 apsaugos nuostatomis, Pirk\u0117jas praranda teis\u0119 naudotis internetin\u0117s parduotuv\u0117s <strong><a href=\"https:\/\/podology.shop\/?lang=lt\" class=\"rank-math-link\">https:\/\/podology.shop<\/a><\/strong> teikiamomis paslaugomis.<\/p>\n\n\n\n<p><strong>4. <\/strong><strong>Pirkimo \u2013 pardavimo sutarties sudarymo momentas<\/strong><\/p>\n\n\n\n<p>4.1. Susitarimas tarp Pirk\u0117jo ir Pardav\u0117jo laikomas sudarytu:<\/p>\n\n\n\n<p>4.1.1. Kai Pirk\u0117jas, i\u0161sirink\u0119s perkam\u0105(-as) prek\u0119(-es), suformav\u0119s preki\u0173 krep\u0161el\u012f, paspaud\u017eia mygtuk\u0105 \u201c<strong>Apmok\u0117ti<\/strong>\u201d ir Pardav\u0117jas sutinka pateikti prekes, Pirk\u0117jo pasirinktomis s\u0105lygomis, pakeisdamas u\u017esakymo b\u016bsen\u0105 \u012f \u201c<strong>Vykdomas<\/strong>\u201d.<\/p>\n\n\n\n<p>4.2. Spaud\u017eiant mygtuk\u0105 \u201c<strong><strong>Apmok\u0117ti<\/strong><\/strong>\u201d . Pirk\u0117jas patvirtina kad susipa\u017eino su \u0161iomis taisykl\u0117mis<\/p>\n\n\n\n<p>4.3. Kiekvienas Pirk\u0117jo u\u017esakymas yra registruojamas ir saugomas <strong><a href=\"https:\/\/podology.shop\/?lang=lt\" class=\"rank-math-link\">https:\/\/podology.shop<\/a><\/strong> internetin\u0117s parduotuv\u0117s duomenu baz\u0117je<\/p>\n\n\n\n<p><strong>5. Pirk\u0117jo teis\u0117s<\/strong><\/p>\n\n\n\n<p>5.1. Pirk\u0117jas turi teis\u0119 pirkti prekes<strong><a href=\"https:\/\/podology.shop\/?lang=lt\" class=\"rank-math-link\">https:\/\/podology.shop<\/a><\/strong> internetin\u0117je parduotuv\u0117je \u0161i\u0173 Taisykli\u0173 ir kitose Pardav\u0117jo internetin\u0117s parduotuv\u0117s informacijos skiltyse nustatyta tvarka.<\/p>\n\n\n\n<p><strong>6. Pirk\u0117jo \u012fsipareigojimai<\/strong><\/p>\n\n\n\n<p>6.1. Pirk\u0117jas privalo sumok\u0117ti u\u017e prekes ir priimti jas \u0161i\u0173 Taisykli\u0173 nustatyta tvarka.<\/p>\n\n\n\n<p>6.2. U\u017esiregistrav\u0119s Pirk\u0117jas \u012fsipareigoja neperduoti tretiesiems asmenims savo prisijungimo duomen\u0173. Jei Pirk\u0117jas praranda prisijungimo duomenis, jis privalo nedelsiant informuoti apie tai Pardav\u0117j\u0105 skyriuje \u201eKontaktai\u201c nurodytomis susisiekimo priemon\u0117mis.<\/p>\n\n\n\n<p>6.3. Jeigu pasikei\u010dia u\u017esiregistravusio Pirk\u0117jo registracijos formoje pateikti duomenys, jis privalo nedelsdamas juos atnaujinti. Pirk\u0117jas, naudodamasis internetine parduotuve, \u012fsipareigoja laikytis \u0161i\u0173 Taisykli\u0173, kit\u0173 s\u0105lyg\u0173, ai\u0161kiai nurodyt\u0173 internetin\u0117je parduotuv\u0117je, bei nepa\u017eeisti Lietuvos Respublikos teis\u0117s akt\u0173<\/p>\n\n\n\n<p><strong>7. Pardav\u0117jo teis\u0117s<\/strong><\/p>\n\n\n\n<p>7.1. Jei Pirk\u0117jas bando pakenkti internetin\u0117s parduotuv\u0117s darbo stabilumui ir saugumui ar pa\u017eeid\u017eia savo \u012fsipareigojimus, Pardav\u0117jas turi teis\u0119 nedelsiant ir be persp\u0117jimo apriboti ar sustabdyti jam galimyb\u0119 naudotis internetine parduotuve arba i\u0161skirtiniais atvejais panaikinti Pirk\u0117jo registracij\u0105.<\/p>\n\n\n\n<p>7.2. Susidarius svarbioms aplinkyb\u0117ms, Pardav\u0117jas gali laikinai arba i\u0161 viso nutraukti internetin\u0117s parduotuv\u0117s veikl\u0105, apie tai i\u0161 anksto neprane\u0161\u0119 Pirk\u0117jui.<\/p>\n\n\n\n<p><strong>8. Pardav\u0117jo \u012fsipareigojimai<\/strong><\/p>\n\n\n\n<p>8.1. Pardav\u0117jas \u012fsipareigoja \u0161iose Taisykl\u0117se ir internetin\u0117je parduotuv\u0117je nustatytomis s\u0105lygomis sudaryti Pirk\u0117jui galimyb\u0119 naudotis internetin\u0117s parduotuv\u0117s <strong><a href=\"https:\/\/podology.shop\/?lang=lt\" class=\"rank-math-link\">https:\/\/podology.shop<\/a><\/strong> teikiamomis paslaugomis.<\/p>\n\n\n\n<p>8.2. Pardav\u0117jas \u012fsipareigoja gerbti ir saugoti Pirk\u0117jo privatumo teis\u0119 \u012f jam priklausan\u010di\u0105 asmenin\u0119 informacij\u0105, nurodyt\u0105 internetinio prekybos centro registracijos formoje, laikantis Lietuvos Respublikos \u012fstatym\u0173.<\/p>\n\n\n\n<p>8.3. Pardav\u0117jas \u012fsipareigoja pristatyti Pirk\u0117jo u\u017esakytas prekes jo nurodytu adresu taisykl\u0117se nurodytomis s\u0105lygomis.<\/p>\n\n\n\n<p>8.4. Pardav\u0117jas, d\u0117l svarbi\u0173 aplinkybi\u0173 negal\u0117damas pristatyti Pirk\u0117jui u\u017esakytos prek\u0117s, \u012fsipareigoja pasi\u016blyti analogi\u0161k\u0105 ar kiek \u012fmanoma savo savyb\u0117mis pana\u0161esn\u0119 prek\u0119. Pirk\u0117jui atsisakius priimti analogi\u0161k\u0105 ar savo savyb\u0117mis pana\u0161iausi\u0105 prek\u0119, Pardav\u0117jas \u012fsipareigoja gr\u0105\u017einti Pirk\u0117jui sumok\u0117tus pinigus per 5 (penkias) darbo dienas, jeigu buvo atliktas i\u0161ankstinis apmok\u0117jimas.<\/p>\n\n\n\n<p><strong>9.<\/strong> <strong>Pristatymo informacija ir gr\u0105\u017einimo politika<\/strong><\/p>\n\n\n\n<p>Naudojame DPD paslaugas kaip pagrindin\u012f pristatymo b\u016bd\u0105 . Pristatymo terminas: BUSCH prek\u0117ms 5-20 darbo dien\u0173, visoms kitoms prek\u0117ms iki 7 darbo dien\u0173. <\/p>\n\n\n\n<p>Siuntimas galimas \u012f \u0161ias \u0161alis:<\/p>\n\n\n\n<p>Austrija, Belgija, Bulgarija, Kroatija, \u010cekija, Danija, Estija, Suomija, Pranc\u016bzija, Vokietija, Graikija, Vengrija, Airija, Italija, Latvija, Lietuva, Liuksemburgas, Nyderlandai, Lenkija, Portugalija, Rumunija, Slovakija, Slov\u0117nija, Ispanija, \u0160vedija<\/p>\n\n\n\n<p>Jei j\u016bs\u0173 \u0161alies n\u0117ra s\u0105ra\u0161e, susisiekite su mumis per kontaktin\u0119 form\u0105.<a class=\"rank-math-link\" href=\"https:\/\/podology.shop\/kontaktai\/?lang=lt\">Susisiekite su mumis<\/a><\/p>\n\n\n\n<p><strong>Pa\u017eeista pakuot\u0117:<\/strong><\/p>\n\n\n\n<p>Jei Jums pristatytos pa\u017eeistos pakuot\u0117s \u2013 nepriimkite j\u0173 ir susisiekite su mumis ne v\u0117liau kaip per 5 darbo dienas<\/p>\n\n\n\n<p><strong>Prek\u0117s su tr\u016bkumais arba nepilnas u\u017esakymas:<\/strong><\/p>\n\n\n\n<p>Jei gavote defektuot\u0105 prek\u0119 arba nepilnos komplektacijos prek\u0119 pa\u0161ome susisiekti su mumis ne v\u0117liau kaip per 5 darbo dienas, , mes padarysime visk\u0105, kad situacija b\u016bt\u0173 greitai ir teisingai i\u0161taisyta.<\/p>\n\n\n\n<p><strong>Kokybi\u0161k\u0173 preki\u0173 gr\u0105\u017einimo politika:<\/strong><\/p>\n\n\n\n<p>Prek\u0117s turi b\u016bti gr\u0105\u017eintos per 14 dien\u0173 nuo pristatymo. Galima gr\u0105\u017einti tik nei\u0161pakuotas prekes . Siuntimo i\u0161laidos nekompensuojamos. Klientas prisiima vis\u0105 atsakomyb\u0119 u\u017e gr\u0105\u017einim\u0105 ir siuntimo i\u0161laidas.<\/p>\n\n\n\n<p><strong>Nekei\u010diamos ir negr\u0105\u017einamos prek\u0117s :<\/strong><\/p>\n\n\n\n<p><strong>-Odos prie\u017ei\u016bros priemon\u0117s ir kosmetika.<\/strong><\/p>\n\n\n\n<p><strong>-Medicinos reikmenys ir prietaisai .<\/strong><\/p>\n\n\n\n<p><strong>&#8211; Asmeninio naudojimo prek\u0117s<\/strong><\/p>\n\n\n\n<p>Daugiau informacijos :<\/p>\n\n\n\n<p><a class=\"rank-math-link\" href=\"https:\/\/e-seimas.lrs.lt\/portal\/legalAct\/lt\/TAD\/3e3f6a70164711e4aa9bb36470fb9e6e\">https:\/\/e-seimas.lrs.lt\/portal\/legalAct\/lt\/TAD\/3e3f6a70164711e4aa9bb36470fb9e6e<\/a><\/p>\n\n\n\n<p><strong>10. Preki\u0173 kainos, apmok\u0117jimo tvarka ir terminai<\/strong><\/p>\n\n\n\n<p>10.1. Preki\u0173 kainos internetin\u0117je parduotuv\u0117je ir suformuotame u\u017esakyme nurodomos eurais.<\/p>\n\n\n\n<p>10.2. Sistemos preki\u0173 atsiskaitymo b\u016bdai nustatomi pagal pasirinktas prekes ir pasirinkt\u0105 preki\u0173 pateikimo b\u016bd\u0105.<\/p>\n\n\n\n<p>10.3. Pirk\u0117jas atsiskaito u\u017e prekes vienu i\u0161 \u0161i\u0173 b\u016bd\u0173:<\/p>\n\n\n\n<p>10.3.1. Apmok\u0117jimas banko pavedimu \u2013 tai i\u0161ankstinis apmok\u0117jimas, kai Pirk\u0117jas, atsispausdin\u0119s u\u017esakym\u0105 ir elektronin\u0117s bankininkystes pagalba ar nu\u0117j\u0119s \u012f artimiausi\u0105 banko skyri\u0173, perveda pinigus \u012f banko s\u0105skait\u0105.<\/p>\n\n\n\n<p>10.3.2. Apmok\u0117jimas naudojant PAYSERA sistem\u0105.<\/p>\n\n\n\n<p><strong>11. Apsikeitimas informacija<\/strong><\/p>\n\n\n\n<p>11.1. Pardav\u0117jas visus prane\u0161imus siun\u010dia Pirk\u0117jo pateiktu elektroninio pa\u0161to adresu.<\/p>\n\n\n\n<p>11.2. Pirk\u0117jas visus prane\u0161imus ir klausimus siun\u010dia Pardav\u0117jo internetiniame prekybos centre nurodytomis susisiekimo priemon\u0117mis.<\/p>\n\n\n\n<p><strong>12. Baigiamosios nuostatos<\/strong><\/p>\n\n\n\n<p>12.1. \u0160ios taisykl\u0117s sudarytos vadovaujantis LR teis\u0117s aktais.<\/p>\n\n\n\n<p>12.2. \u0160i\u0173 taisykli\u0173 pagrindu kylantiems santykiams taikoma LR teis\u0117.<\/p>\n\n\n\n<p>12.3. Visi nesutarimai, kil\u0119 d\u0117l \u0161i\u0173 taisykli\u0173 vykdymo, sprend\u017eiami deryb\u0173 b\u016bdu. Nepavykus susitarti, gin\u010dai sprend\u017eiami LR \u012fstatym\u0173 nustatyta tvarka.<\/p>\n","protected":false},"excerpt":{"rendered":"<p>Preki\u0173 pirkimo- pardavimo taisykl\u0117s internetiniame prekybos centre https:\/\/podology.shop 1. Bendrosios nuostatos 1.1. \u0160ios preki\u0173 pirkimo \u2013 pardavimo taisykl\u0117s (toliau \u201eTaisykl\u0117s\u201c), jas patvirtinus Pirk\u0117jui (paspaudus mygtuka &#8222;Apmok\u0117ti&#8221; ), yra \u0161alims privalomas teisinis dokumentas, kuriame nustatomos Pirk\u0117jo ir Pardav\u0117jo teis\u0117s bei pareigos, preki\u0173 \u012fsigijimo bei apmok\u0117jimo u\u017e jas s\u0105lygos, preki\u0173 pristatymo ir gr\u0105\u017einimo tvarka, \u0161ali\u0173 atsakomyb\u0117 bei [&hellip;]<\/p>\n","protected":false},"author":1,"featured_media":0,"parent":0,"menu_order":0,"comment_status":"closed","ping_status":"closed","template":"","meta":{"inline_featured_image":false,"_monsterinsights_skip_tracking":false,"_monsterinsights_sitenote_active":false,"_monsterinsights_sitenote_note":"","_monsterinsights_sitenote_category":0,"site-sidebar-layout":"no-sidebar","site-content-layout":"default","ast-site-content-layout":"default","site-content-style":"default","site-sidebar-style":"default","ast-global-header-display":"","ast-banner-title-visibility":"","ast-main-header-display":"","ast-hfb-above-header-display":"","ast-hfb-below-header-display":"","ast-hfb-mobile-header-display":"","site-post-title":"","ast-breadcrumbs-content":"","ast-featured-img":"","footer-sml-layout":"","ast-disable-related-posts":"","theme-transparent-header-meta":"default","adv-header-id-meta":"","stick-header-meta":"","header-above-stick-meta":"","header-main-stick-meta":"","header-below-stick-meta":"","astra-migrate-meta-layouts":"set","ast-page-background-enabled":"default","ast-page-background-meta":{"desktop":{"background-color":"","background-image":"","background-repeat":"repeat","background-position":"center center","background-size":"auto","background-attachment":"scroll","background-type":"","background-media":"","overlay-type":"","overlay-color":"","overlay-opacity":"","overlay-gradient":""},"tablet":{"background-color":"","background-image":"","background-repeat":"repeat","background-position":"center center","background-size":"auto","background-attachment":"scroll","background-type":"","background-media":"","overlay-type":"","overlay-color":"","overlay-opacity":"","overlay-gradient":""},"mobile":{"background-color":"","background-image":"","background-repeat":"repeat","background-position":"center center","background-size":"auto","background-attachment":"scroll","background-type":"","background-media":"","overlay-type":"","overlay-color":"","overlay-opacity":"","overlay-gradient":""}},"ast-content-background-meta":{"desktop":{"background-color":"var(--ast-global-color-5)","background-image":"","background-repeat":"repeat","background-position":"center center","background-size":"auto","background-attachment":"scroll","background-type":"","background-media":"","overlay-type":"","overlay-color":"","overlay-opacity":"","overlay-gradient":""},"tablet":{"background-color":"var(--ast-global-color-5)","background-image":"","background-repeat":"repeat","background-position":"center center","background-size":"auto","background-attachment":"scroll","background-type":"","background-media":"","overlay-type":"","overlay-color":"","overlay-opacity":"","overlay-gradient":""},"mobile":{"background-color":"var(--ast-global-color-5)","background-image":"","background-repeat":"repeat","background-position":"center center","background-size":"auto","background-attachment":"scroll","background-type":"","background-media":"","overlay-type":"","overlay-color":"","overlay-opacity":"","overlay-gradient":""}},"footnotes":""},"class_list":["post-13375","page","type-page","status-publish","hentry"],"yoast_head":"<!-- This site is optimized with the Yoast SEO plugin v27.1.1 - https:\/\/yoast.com\/product\/yoast-seo-wordpress\/ -->\n<title>Taisykl\u0117s ir s\u0105lygos - Podology.Shop<\/title>\n<meta name=\"robots\" content=\"index, follow, max-snippet:-1, max-image-preview:large, max-video-preview:-1\" \/>\n<link rel=\"canonical\" href=\"https:\/\/podology.shop\/lt\/terminai-ir-salygos\/\" \/>\n<meta property=\"og:locale\" content=\"lt_LT\" \/>\n<meta property=\"og:type\" content=\"article\" \/>\n<meta property=\"og:title\" content=\"Taisykl\u0117s ir s\u0105lygos - Podology.Shop\" \/>\n<meta property=\"og:description\" content=\"Preki\u0173 pirkimo- pardavimo taisykl\u0117s internetiniame prekybos centre https:\/\/podology.shop 1. Bendrosios nuostatos 1.1. \u0160ios preki\u0173 pirkimo \u2013 pardavimo taisykl\u0117s (toliau \u201eTaisykl\u0117s\u201c), jas patvirtinus Pirk\u0117jui (paspaudus mygtuka &#8222;Apmok\u0117ti&#8221; ), yra \u0161alims privalomas teisinis dokumentas, kuriame nustatomos Pirk\u0117jo ir Pardav\u0117jo teis\u0117s bei pareigos, preki\u0173 \u012fsigijimo bei apmok\u0117jimo u\u017e jas s\u0105lygos, preki\u0173 pristatymo ir gr\u0105\u017einimo tvarka, \u0161ali\u0173 atsakomyb\u0117 bei [&hellip;]\" \/>\n<meta property=\"og:url\" content=\"https:\/\/podology.shop\/lt\/terminai-ir-salygos\/\" \/>\n<meta property=\"og:site_name\" content=\"Podology.Shop\" \/>\n<meta property=\"article:modified_time\" content=\"2026-04-05T18:33:24+00:00\" \/>\n<meta name=\"twitter:card\" content=\"summary_large_image\" \/>\n<meta name=\"twitter:label1\" content=\"Est. reading time\" \/>\n\t<meta name=\"twitter:data1\" content=\"7 minut\u0117s\" \/>\n<script type=\"application\/ld+json\" class=\"yoast-schema-graph\">{\"@context\":\"https:\/\/schema.org\",\"@graph\":[{\"@type\":\"WebPage\",\"@id\":\"https:\/\/podology.shop\/lt\/terminai-ir-salygos\/\",\"url\":\"https:\/\/podology.shop\/lt\/terminai-ir-salygos\/\",\"name\":\"Taisykl\u0117s ir s\u0105lygos - Podology.Shop\",\"isPartOf\":{\"@id\":\"https:\/\/podology.shop\/lt\/#website\"},\"datePublished\":\"2020-12-22T15:23:51+00:00\",\"dateModified\":\"2026-04-05T18:33:24+00:00\",\"breadcrumb\":{\"@id\":\"https:\/\/podology.shop\/lt\/terminai-ir-salygos\/#breadcrumb\"},\"inLanguage\":\"lt-LT\",\"potentialAction\":[{\"@type\":\"ReadAction\",\"target\":[\"https:\/\/podology.shop\/lt\/terminai-ir-salygos\/\"]}]},{\"@type\":\"BreadcrumbList\",\"@id\":\"https:\/\/podology.shop\/lt\/terminai-ir-salygos\/#breadcrumb\",\"itemListElement\":[{\"@type\":\"ListItem\",\"position\":1,\"name\":\"Home\",\"item\":\"https:\/\/podology.shop\/lt\/\"},{\"@type\":\"ListItem\",\"position\":2,\"name\":\"Taisykl\u0117s ir s\u0105lygos\"}]},{\"@type\":\"WebSite\",\"@id\":\"https:\/\/podology.shop\/lt\/#website\",\"url\":\"https:\/\/podology.shop\/lt\/\",\"name\":\"Podology.Shop\",\"description\":\"Podology.Shop\",\"publisher\":{\"@id\":\"https:\/\/podology.shop\/lt\/#organization\"},\"potentialAction\":[{\"@type\":\"SearchAction\",\"target\":{\"@type\":\"EntryPoint\",\"urlTemplate\":\"https:\/\/podology.shop\/lt\/?s={search_term_string}\"},\"query-input\":{\"@type\":\"PropertyValueSpecification\",\"valueRequired\":true,\"valueName\":\"search_term_string\"}}],\"inLanguage\":\"lt-LT\"},{\"@type\":\"Organization\",\"@id\":\"https:\/\/podology.shop\/lt\/#organization\",\"name\":\"Podology.shop\",\"url\":\"https:\/\/podology.shop\/lt\/\",\"logo\":{\"@type\":\"ImageObject\",\"inLanguage\":\"lt-LT\",\"@id\":\"https:\/\/podology.shop\/lt\/#\/schema\/logo\/image\/\",\"url\":\"https:\/\/podology.shop\/wp-content\/uploads\/2020\/11\/125361778_1762772693887349_9190250941118524915_n-scaled.jpg\",\"contentUrl\":\"https:\/\/podology.shop\/wp-content\/uploads\/2020\/11\/125361778_1762772693887349_9190250941118524915_n-scaled.jpg\",\"width\":2560,\"height\":878,\"caption\":\"Podology.shop\"},\"image\":{\"@id\":\"https:\/\/podology.shop\/lt\/#\/schema\/logo\/image\/\"}}]}<\/script>\n<!-- \/ Yoast SEO plugin. -->","yoast_head_json":{"title":"Taisykl\u0117s ir s\u0105lygos - Podology.Shop","robots":{"index":"index","follow":"follow","max-snippet":"max-snippet:-1","max-image-preview":"max-image-preview:large","max-video-preview":"max-video-preview:-1"},"canonical":"https:\/\/podology.shop\/lt\/terminai-ir-salygos\/","og_locale":"lt_LT","og_type":"article","og_title":"Taisykl\u0117s ir s\u0105lygos - Podology.Shop","og_description":"Preki\u0173 pirkimo- pardavimo taisykl\u0117s internetiniame prekybos centre https:\/\/podology.shop 1. Bendrosios nuostatos 1.1. \u0160ios preki\u0173 pirkimo \u2013 pardavimo taisykl\u0117s (toliau \u201eTaisykl\u0117s\u201c), jas patvirtinus Pirk\u0117jui (paspaudus mygtuka &#8222;Apmok\u0117ti&#8221; ), yra \u0161alims privalomas teisinis dokumentas, kuriame nustatomos Pirk\u0117jo ir Pardav\u0117jo teis\u0117s bei pareigos, preki\u0173 \u012fsigijimo bei apmok\u0117jimo u\u017e jas s\u0105lygos, preki\u0173 pristatymo ir gr\u0105\u017einimo tvarka, \u0161ali\u0173 atsakomyb\u0117 bei [&hellip;]","og_url":"https:\/\/podology.shop\/lt\/terminai-ir-salygos\/","og_site_name":"Podology.Shop","article_modified_time":"2026-04-05T18:33:24+00:00","twitter_card":"summary_large_image","twitter_misc":{"Est. reading time":"7 minut\u0117s"},"schema":{"@context":"https:\/\/schema.org","@graph":[{"@type":"WebPage","@id":"https:\/\/podology.shop\/lt\/terminai-ir-salygos\/","url":"https:\/\/podology.shop\/lt\/terminai-ir-salygos\/","name":"Taisykl\u0117s ir s\u0105lygos - Podology.Shop","isPartOf":{"@id":"https:\/\/podology.shop\/lt\/#website"},"datePublished":"2020-12-22T15:23:51+00:00","dateModified":"2026-04-05T18:33:24+00:00","breadcrumb":{"@id":"https:\/\/podology.shop\/lt\/terminai-ir-salygos\/#breadcrumb"},"inLanguage":"lt-LT","potentialAction":[{"@type":"ReadAction","target":["https:\/\/podology.shop\/lt\/terminai-ir-salygos\/"]}]},{"@type":"BreadcrumbList","@id":"https:\/\/podology.shop\/lt\/terminai-ir-salygos\/#breadcrumb","itemListElement":[{"@type":"ListItem","position":1,"name":"Home","item":"https:\/\/podology.shop\/lt\/"},{"@type":"ListItem","position":2,"name":"Taisykl\u0117s ir s\u0105lygos"}]},{"@type":"WebSite","@id":"https:\/\/podology.shop\/lt\/#website","url":"https:\/\/podology.shop\/lt\/","name":"Podology.Shop","description":"Podology.Shop","publisher":{"@id":"https:\/\/podology.shop\/lt\/#organization"},"potentialAction":[{"@type":"SearchAction","target":{"@type":"EntryPoint","urlTemplate":"https:\/\/podology.shop\/lt\/?s={search_term_string}"},"query-input":{"@type":"PropertyValueSpecification","valueRequired":true,"valueName":"search_term_string"}}],"inLanguage":"lt-LT"},{"@type":"Organization","@id":"https:\/\/podology.shop\/lt\/#organization","name":"Podology.shop","url":"https:\/\/podology.shop\/lt\/","logo":{"@type":"ImageObject","inLanguage":"lt-LT","@id":"https:\/\/podology.shop\/lt\/#\/schema\/logo\/image\/","url":"https:\/\/podology.shop\/wp-content\/uploads\/2020\/11\/125361778_1762772693887349_9190250941118524915_n-scaled.jpg","contentUrl":"https:\/\/podology.shop\/wp-content\/uploads\/2020\/11\/125361778_1762772693887349_9190250941118524915_n-scaled.jpg","width":2560,"height":878,"caption":"Podology.shop"},"image":{"@id":"https:\/\/podology.shop\/lt\/#\/schema\/logo\/image\/"}}]}},"_links":{"self":[{"href":"https:\/\/podology.shop\/lt\/wp-json\/wp\/v2\/pages\/13375","targetHints":{"allow":["GET"]}}],"collection":[{"href":"https:\/\/podology.shop\/lt\/wp-json\/wp\/v2\/pages"}],"about":[{"href":"https:\/\/podology.shop\/lt\/wp-json\/wp\/v2\/types\/page"}],"author":[{"embeddable":true,"href":"https:\/\/podology.shop\/lt\/wp-json\/wp\/v2\/users\/1"}],"replies":[{"embeddable":true,"href":"https:\/\/podology.shop\/lt\/wp-json\/wp\/v2\/comments?post=13375"}],"version-history":[{"count":9,"href":"https:\/\/podology.shop\/lt\/wp-json\/wp\/v2\/pages\/13375\/revisions"}],"predecessor-version":[{"id":20174,"href":"https:\/\/podology.shop\/lt\/wp-json\/wp\/v2\/pages\/13375\/revisions\/20174"}],"wp:attachment":[{"href":"https:\/\/podology.shop\/lt\/wp-json\/wp\/v2\/media?parent=13375"}],"curies":[{"name":"wp","href":"https:\/\/api.w.org\/{rel}","templated":true}]}}