{"id":12749,"date":"2020-12-11T16:57:51","date_gmt":"2020-12-11T12:57:51","guid":{"rendered":"https:\/\/podology.shop\/?post_type=product&#038;p=12749"},"modified":"2026-03-03T13:23:08","modified_gmt":"2026-03-03T10:23:08","slug":"deomed-cotton-silver-kojines","status":"publish","type":"product","link":"https:\/\/podology.shop\/lt\/produktas\/deomed-cotton-silver-kojines\/","title":{"rendered":"DeoMed\u00ae Cotton Silver kojin\u0117s"},"content":{"rendered":"<p><strong>DeoMed<\/strong><strong><sup>\u00ae<\/sup> Cotton Silver<\/strong> kojin\u0117s skirtos \u017emon\u0117ms, turintiems odos ir kraujotakos sutrikim\u0173 kojose ir p\u0117dose.<\/p>\n<p>&nbsp;<\/p>\n<p>Specialios strukt\u016bros audinys yra papildytas elastanu, tod\u0117l kojin\u0117s gerai priglunda prie koj\u0173 ir netrukdo kraujotakai. \u0160velnus medviln\u0117s poj\u016btis ir besi\u016blis per\u0117jimas \u012f pir\u0161t\u0173 dal\u012f apsaugo nuo br\u016b\u017einimo.<\/p>\n<p>&nbsp;<\/p>\n<p>Pluo\u0161te, i\u0161 kuri\u0173 pagamintos kojin\u0117s, yra <strong>sidabro.<\/strong> Jis stabdo mikrob\u0173 dauginim\u0105si audinyje, o tai savo ruo\u017etu slopina padid\u0117jus\u012f mikrob\u0173 dauginim\u0105si ant odos bei turi ilgalaik\u012f <strong>antibakterin\u012f<\/strong> ir <strong>prie\u0161grybelin\u012f<\/strong> poveik\u012f. \u0160ioms savyb\u0117ms sustiprinti, gamyboje naudojama \u0161veicari\u0161ka\u00a0 antimikrobin\u0117 technologija <strong>Sanitized<\/strong><strong><sup>\u00ae<\/sup><\/strong>. Kojin\u0117s ma\u017eina gaus\u0173 prakaitavim\u0105, tod\u0117l p\u0117dos jau\u010diasi gaivios.<\/p>\n<p>&nbsp;<\/p>\n<p>Atsi\u017evelgiant \u012f visas min\u0117tas savybes, kojin\u0117s vis\u0173 pirma yra rekomenduojamos diabetikams, ta\u010diau kaip prevencin\u0117 priemon\u0117 tinka visiems, kurie savo p\u0117domis nori r\u016bpintis kasdien.<\/p>\n<p>&nbsp;<\/p>\n<p><strong>SAVYBI\u0172 APIBENDRINIMAS<\/strong><\/p>\n<ul>\n<li><strong>Nespaud\u017eia<\/strong>, tod\u0117l netrukdo kraujotakai<\/li>\n<li>Turi <strong>antibakterin\u012f<\/strong> ir <strong>prie\u0161grybelin\u012f<\/strong> poveik\u012f<\/li>\n<li><strong>Besi\u016bl\u0117s<\/strong>, tod\u0117l nebr\u016b\u017eina pir\u0161t\u0173<\/li>\n<li><strong>Labai elastingos<\/strong> \u2013 neleid\u017eia kojoms tinti<\/li>\n<li><strong>Pralaid\u017eios orui<\/strong> \u2013 leid\u017eia odai kv\u0117puoti ir pa\u0161alina dr\u0117gm\u0119<\/li>\n<li><strong>Nedirgina ir nesukelia alergini\u0173 odos reakcij\u0173<\/strong><\/li>\n<li><strong>Naikina kvap\u0105<\/strong> \u2013 p\u0117dos i\u0161lieka gaivios<\/li>\n<\/ul>\n<p>&nbsp;<\/p>\n<p><strong>INDIKACIJOS<\/strong><\/p>\n<p>Kojin\u0117s gali b\u016bti d\u0117vimos kaip vietin\u0117 priemon\u0117 b\u016bklei palengvinti sergant \u0161iomis ligomis:<\/p>\n<p>&nbsp;<\/p>\n<ul>\n<li>diabetu;<\/li>\n<li>arterij\u0173 ir ven\u0173 nepakankamumu kojose;<\/li>\n<li>dermatitu;<\/li>\n<li>p\u0117d\u0173 grybeliu (mikoze);<\/li>\n<li>p\u0117d\u0173 prakaitavimu (hiperhidroze);<\/li>\n<li>nutikimu ir koj\u0173 tinimu.<\/li>\n<\/ul>\n<p>&nbsp;<\/p>\n<p><strong>KONTRAINDIKACIJOS<\/strong><\/p>\n<ul>\n<li>Negalima d\u0117v\u0117ti kojini\u0173 ant atvir\u0173 \u017eaizd\u0173<\/li>\n<li>Negalima d\u0117v\u0117ti netinkamo dyd\u017eio kojini\u0173 (dydis nurodytas ant etiket\u0117s)<\/li>\n<\/ul>\n<p>&nbsp;<\/p>\n<p><strong>NAUDOJIMAS<\/strong><\/p>\n<ul>\n<li>Apmaukite kojin\u0117mis \u0161varias ir sausas p\u0117das<\/li>\n<li>Keiskite ne ma\u017eiau kaip kart\u0105 per dien\u0105<\/li>\n<li>Kojin\u0117s yra asmeninio naudojimo gaminys, nesidalinkite juo su kitais<\/li>\n<\/ul>\n<p>&nbsp;<\/p>\n<p>&nbsp;<\/p>\n<p><strong>ES REGISTRUOTAS MEDICINOS PRIETAISAS<\/strong><\/p>\n<p>&nbsp;<\/p>\n<p>Gaminys gavo <strong>Diabetika Expo 2019<\/strong> parodos apdovanojim\u0105<\/p>\n<p>&nbsp;<\/p>\n<p>Gamintojas \u2013 patyrusi ir ilgalaikes tradicijas puosel\u0117janti \u012fmon\u0117, veikianti nuo 1989 met\u0173.<\/p>\n<p>&nbsp;<\/p>\n<p><strong>Sud\u0117tis:<\/strong><\/p>\n<ul>\n<li>Medviln\u0117 72%<\/li>\n<li>Prolen Siltex<strong><sup>\u00ae<\/sup><\/strong> pluo\u0161tas su sidabru 25%<\/li>\n<li>Elastanas 3%<\/li>\n<li>Apdorota Sanitized<strong><sup>\u00ae<\/sup><\/strong><\/li>\n<\/ul>\n<p>&nbsp;<\/p>\n<p><strong>Auk\u0161\u010diausios kokyb\u0117s gaminys<\/strong><\/p>\n<p>&nbsp;<\/p>\n<p>&nbsp;<\/p>\n","protected":false},"excerpt":{"rendered":"<p>MEDICININ\u0116S KOJIN\u0116S SU SIDARBU<\/p>\n","protected":false},"featured_media":9076,"comment_status":"open","ping_status":"closed","template":"","meta":{"inline_featured_image":false,"_monsterinsights_skip_tracking":false,"_monsterinsights_sitenote_active":false,"_monsterinsights_sitenote_note":"","_monsterinsights_sitenote_category":0,"site-sidebar-layout":"default","site-content-layout":"default","ast-site-content-layout":"default","site-content-style":"default","site-sidebar-style":"default","ast-global-header-display":"","ast-banner-title-visibility":"","ast-main-header-display":"","ast-hfb-above-header-display":"","ast-hfb-below-header-display":"","ast-hfb-mobile-header-display":"","site-post-title":"","ast-breadcrumbs-content":"","ast-featured-img":"","footer-sml-layout":"","ast-disable-related-posts":"","theme-transparent-header-meta":"default","adv-header-id-meta":"","stick-header-meta":"","header-above-stick-meta":"","header-main-stick-meta":"","header-below-stick-meta":"","astra-migrate-meta-layouts":"default","ast-page-background-enabled":"default","ast-page-background-meta":{"desktop":{"background-color":"","background-image":"","background-repeat":"repeat","background-position":"center center","background-size":"auto","background-attachment":"scroll","background-type":"","background-media":"","overlay-type":"","overlay-color":"","overlay-opacity":"","overlay-gradient":""},"tablet":{"background-color":"","background-image":"","background-repeat":"repeat","background-position":"center center","background-size":"auto","background-attachment":"scroll","background-type":"","background-media":"","overlay-type":"","overlay-color":"","overlay-opacity":"","overlay-gradient":""},"mobile":{"background-color":"","background-image":"","background-repeat":"repeat","background-position":"center center","background-size":"auto","background-attachment":"scroll","background-type":"","background-media":"","overlay-type":"","overlay-color":"","overlay-opacity":"","overlay-gradient":""}},"ast-content-background-meta":{"desktop":{"background-color":"var(--ast-global-color-5)","background-image":"","background-repeat":"repeat","background-position":"center center","background-size":"auto","background-attachment":"scroll","background-type":"","background-media":"","overlay-type":"","overlay-color":"","overlay-opacity":"","overlay-gradient":""},"tablet":{"background-color":"var(--ast-global-color-5)","background-image":"","background-repeat":"repeat","background-position":"center center","background-size":"auto","background-attachment":"scroll","background-type":"","background-media":"","overlay-type":"","overlay-color":"","overlay-opacity":"","overlay-gradient":""},"mobile":{"background-color":"var(--ast-global-color-5)","background-image":"","background-repeat":"repeat","background-position":"center center","background-size":"auto","background-attachment":"scroll","background-type":"","background-media":"","overlay-type":"","overlay-color":"","overlay-opacity":"","overlay-gradient":""}}},"product_brand":[],"product_cat":[688],"product_tag":[727,729,730,728],"class_list":{"0":"post-12749","1":"product","2":"type-product","3":"status-publish","4":"has-post-thumbnail","6":"product_cat-antibakterines-medicinines-kojines","7":"product_tag-antibakterines-kojines","8":"product_tag-antimikrobines-kojines","9":"product_tag-kojines-diabetikams","10":"product_tag-priesgrybelines-kojines","11":"desktop-align-center","12":"tablet-align-center","13":"mobile-align-center","15":"first","16":"instock","17":"purchasable","18":"product-type-variable"},"yoast_head":"<!-- This site is optimized with the Yoast SEO plugin v27.1.1 - https:\/\/yoast.com\/product\/yoast-seo-wordpress\/ -->\n<title>DeoMed\u00ae Cotton Silver kojin\u0117s - Podology.Shop<\/title>\n<meta name=\"robots\" content=\"index, follow, max-snippet:-1, max-image-preview:large, max-video-preview:-1\" \/>\n<link rel=\"canonical\" href=\"https:\/\/podology.shop\/lt\/produktas\/deomed-cotton-silver-kojines\/\" \/>\n<meta property=\"og:locale\" content=\"lt_LT\" \/>\n<meta property=\"og:type\" content=\"article\" \/>\n<meta property=\"og:title\" content=\"DeoMed\u00ae Cotton Silver kojin\u0117s - Podology.Shop\" \/>\n<meta property=\"og:description\" content=\"MEDICININ\u0116S KOJIN\u0116S SU SIDARBU\" \/>\n<meta property=\"og:url\" content=\"https:\/\/podology.shop\/lt\/produktas\/deomed-cotton-silver-kojines\/\" \/>\n<meta property=\"og:site_name\" content=\"Podology.Shop\" \/>\n<meta property=\"article:modified_time\" content=\"2026-03-03T10:23:08+00:00\" \/>\n<meta property=\"og:image\" content=\"https:\/\/podology.shop\/wp-content\/uploads\/2020\/12\/DeoMed-Cotton-Silver-medical-socks-lt-2.jpg\" \/>\n\t<meta property=\"og:image:width\" content=\"1600\" \/>\n\t<meta property=\"og:image:height\" content=\"1360\" \/>\n\t<meta property=\"og:image:type\" content=\"image\/jpeg\" \/>\n<meta name=\"twitter:card\" content=\"summary_large_image\" \/>\n<meta name=\"twitter:label1\" content=\"Est. reading time\" \/>\n\t<meta name=\"twitter:data1\" content=\"2 minut\u0117s\" \/>\n<script type=\"application\/ld+json\" class=\"yoast-schema-graph\">{\"@context\":\"https:\/\/schema.org\",\"@graph\":[{\"@type\":\"WebPage\",\"@id\":\"https:\/\/podology.shop\/lt\/produktas\/deomed-cotton-silver-kojines\/\",\"url\":\"https:\/\/podology.shop\/lt\/produktas\/deomed-cotton-silver-kojines\/\",\"name\":\"DeoMed\u00ae Cotton Silver kojin\u0117s - Podology.Shop\",\"isPartOf\":{\"@id\":\"https:\/\/podology.shop\/lt\/#website\"},\"primaryImageOfPage\":{\"@id\":\"https:\/\/podology.shop\/lt\/produktas\/deomed-cotton-silver-kojines\/#primaryimage\"},\"image\":{\"@id\":\"https:\/\/podology.shop\/lt\/produktas\/deomed-cotton-silver-kojines\/#primaryimage\"},\"thumbnailUrl\":\"https:\/\/podology.shop\/wp-content\/uploads\/2020\/12\/DeoMed-Cotton-Silver-medical-socks-lt-2.jpg\",\"datePublished\":\"2020-12-11T12:57:51+00:00\",\"dateModified\":\"2026-03-03T10:23:08+00:00\",\"breadcrumb\":{\"@id\":\"https:\/\/podology.shop\/lt\/produktas\/deomed-cotton-silver-kojines\/#breadcrumb\"},\"inLanguage\":\"lt-LT\",\"potentialAction\":[{\"@type\":\"ReadAction\",\"target\":[\"https:\/\/podology.shop\/lt\/produktas\/deomed-cotton-silver-kojines\/\"]}]},{\"@type\":\"ImageObject\",\"inLanguage\":\"lt-LT\",\"@id\":\"https:\/\/podology.shop\/lt\/produktas\/deomed-cotton-silver-kojines\/#primaryimage\",\"url\":\"https:\/\/podology.shop\/wp-content\/uploads\/2020\/12\/DeoMed-Cotton-Silver-medical-socks-lt-2.jpg\",\"contentUrl\":\"https:\/\/podology.shop\/wp-content\/uploads\/2020\/12\/DeoMed-Cotton-Silver-medical-socks-lt-2.jpg\",\"width\":1600,\"height\":1360,\"caption\":\"DeoMed Cotton Silver medical socks\"},{\"@type\":\"BreadcrumbList\",\"@id\":\"https:\/\/podology.shop\/lt\/produktas\/deomed-cotton-silver-kojines\/#breadcrumb\",\"itemListElement\":[{\"@type\":\"ListItem\",\"position\":1,\"name\":\"Home\",\"item\":\"https:\/\/podology.shop\/lt\/\"},{\"@type\":\"ListItem\",\"position\":2,\"name\":\"Shop\",\"item\":\"https:\/\/podology.shop\/lt\/\"},{\"@type\":\"ListItem\",\"position\":3,\"name\":\"DeoMed\u00ae Cotton Silver kojin\u0117s\"}]},{\"@type\":\"WebSite\",\"@id\":\"https:\/\/podology.shop\/lt\/#website\",\"url\":\"https:\/\/podology.shop\/lt\/\",\"name\":\"Podology.Shop\",\"description\":\"Podology.Shop\",\"publisher\":{\"@id\":\"https:\/\/podology.shop\/lt\/#organization\"},\"potentialAction\":[{\"@type\":\"SearchAction\",\"target\":{\"@type\":\"EntryPoint\",\"urlTemplate\":\"https:\/\/podology.shop\/lt\/?s={search_term_string}\"},\"query-input\":{\"@type\":\"PropertyValueSpecification\",\"valueRequired\":true,\"valueName\":\"search_term_string\"}}],\"inLanguage\":\"lt-LT\"},{\"@type\":\"Organization\",\"@id\":\"https:\/\/podology.shop\/lt\/#organization\",\"name\":\"Podology.shop\",\"url\":\"https:\/\/podology.shop\/lt\/\",\"logo\":{\"@type\":\"ImageObject\",\"inLanguage\":\"lt-LT\",\"@id\":\"https:\/\/podology.shop\/lt\/#\/schema\/logo\/image\/\",\"url\":\"https:\/\/podology.shop\/wp-content\/uploads\/2020\/11\/125361778_1762772693887349_9190250941118524915_n-scaled.jpg\",\"contentUrl\":\"https:\/\/podology.shop\/wp-content\/uploads\/2020\/11\/125361778_1762772693887349_9190250941118524915_n-scaled.jpg\",\"width\":2560,\"height\":878,\"caption\":\"Podology.shop\"},\"image\":{\"@id\":\"https:\/\/podology.shop\/lt\/#\/schema\/logo\/image\/\"}}]}<\/script>\n<!-- \/ Yoast SEO plugin. -->","yoast_head_json":{"title":"DeoMed\u00ae Cotton Silver kojin\u0117s - Podology.Shop","robots":{"index":"index","follow":"follow","max-snippet":"max-snippet:-1","max-image-preview":"max-image-preview:large","max-video-preview":"max-video-preview:-1"},"canonical":"https:\/\/podology.shop\/lt\/produktas\/deomed-cotton-silver-kojines\/","og_locale":"lt_LT","og_type":"article","og_title":"DeoMed\u00ae Cotton Silver kojin\u0117s - Podology.Shop","og_description":"MEDICININ\u0116S KOJIN\u0116S SU SIDARBU","og_url":"https:\/\/podology.shop\/lt\/produktas\/deomed-cotton-silver-kojines\/","og_site_name":"Podology.Shop","article_modified_time":"2026-03-03T10:23:08+00:00","og_image":[{"width":1600,"height":1360,"url":"https:\/\/podology.shop\/wp-content\/uploads\/2020\/12\/DeoMed-Cotton-Silver-medical-socks-lt-2.jpg","type":"image\/jpeg"}],"twitter_card":"summary_large_image","twitter_misc":{"Est. reading time":"2 minut\u0117s"},"schema":{"@context":"https:\/\/schema.org","@graph":[{"@type":"WebPage","@id":"https:\/\/podology.shop\/lt\/produktas\/deomed-cotton-silver-kojines\/","url":"https:\/\/podology.shop\/lt\/produktas\/deomed-cotton-silver-kojines\/","name":"DeoMed\u00ae Cotton Silver kojin\u0117s - Podology.Shop","isPartOf":{"@id":"https:\/\/podology.shop\/lt\/#website"},"primaryImageOfPage":{"@id":"https:\/\/podology.shop\/lt\/produktas\/deomed-cotton-silver-kojines\/#primaryimage"},"image":{"@id":"https:\/\/podology.shop\/lt\/produktas\/deomed-cotton-silver-kojines\/#primaryimage"},"thumbnailUrl":"https:\/\/podology.shop\/wp-content\/uploads\/2020\/12\/DeoMed-Cotton-Silver-medical-socks-lt-2.jpg","datePublished":"2020-12-11T12:57:51+00:00","dateModified":"2026-03-03T10:23:08+00:00","breadcrumb":{"@id":"https:\/\/podology.shop\/lt\/produktas\/deomed-cotton-silver-kojines\/#breadcrumb"},"inLanguage":"lt-LT","potentialAction":[{"@type":"ReadAction","target":["https:\/\/podology.shop\/lt\/produktas\/deomed-cotton-silver-kojines\/"]}]},{"@type":"ImageObject","inLanguage":"lt-LT","@id":"https:\/\/podology.shop\/lt\/produktas\/deomed-cotton-silver-kojines\/#primaryimage","url":"https:\/\/podology.shop\/wp-content\/uploads\/2020\/12\/DeoMed-Cotton-Silver-medical-socks-lt-2.jpg","contentUrl":"https:\/\/podology.shop\/wp-content\/uploads\/2020\/12\/DeoMed-Cotton-Silver-medical-socks-lt-2.jpg","width":1600,"height":1360,"caption":"DeoMed Cotton Silver medical socks"},{"@type":"BreadcrumbList","@id":"https:\/\/podology.shop\/lt\/produktas\/deomed-cotton-silver-kojines\/#breadcrumb","itemListElement":[{"@type":"ListItem","position":1,"name":"Home","item":"https:\/\/podology.shop\/lt\/"},{"@type":"ListItem","position":2,"name":"Shop","item":"https:\/\/podology.shop\/lt\/"},{"@type":"ListItem","position":3,"name":"DeoMed\u00ae Cotton Silver kojin\u0117s"}]},{"@type":"WebSite","@id":"https:\/\/podology.shop\/lt\/#website","url":"https:\/\/podology.shop\/lt\/","name":"Podology.Shop","description":"Podology.Shop","publisher":{"@id":"https:\/\/podology.shop\/lt\/#organization"},"potentialAction":[{"@type":"SearchAction","target":{"@type":"EntryPoint","urlTemplate":"https:\/\/podology.shop\/lt\/?s={search_term_string}"},"query-input":{"@type":"PropertyValueSpecification","valueRequired":true,"valueName":"search_term_string"}}],"inLanguage":"lt-LT"},{"@type":"Organization","@id":"https:\/\/podology.shop\/lt\/#organization","name":"Podology.shop","url":"https:\/\/podology.shop\/lt\/","logo":{"@type":"ImageObject","inLanguage":"lt-LT","@id":"https:\/\/podology.shop\/lt\/#\/schema\/logo\/image\/","url":"https:\/\/podology.shop\/wp-content\/uploads\/2020\/11\/125361778_1762772693887349_9190250941118524915_n-scaled.jpg","contentUrl":"https:\/\/podology.shop\/wp-content\/uploads\/2020\/11\/125361778_1762772693887349_9190250941118524915_n-scaled.jpg","width":2560,"height":878,"caption":"Podology.shop"},"image":{"@id":"https:\/\/podology.shop\/lt\/#\/schema\/logo\/image\/"}}]}},"_links":{"self":[{"href":"https:\/\/podology.shop\/lt\/wp-json\/wp\/v2\/product\/12749","targetHints":{"allow":["GET"]}}],"collection":[{"href":"https:\/\/podology.shop\/lt\/wp-json\/wp\/v2\/product"}],"about":[{"href":"https:\/\/podology.shop\/lt\/wp-json\/wp\/v2\/types\/product"}],"replies":[{"embeddable":true,"href":"https:\/\/podology.shop\/lt\/wp-json\/wp\/v2\/comments?post=12749"}],"wp:featuredmedia":[{"embeddable":true,"href":"https:\/\/podology.shop\/lt\/wp-json\/wp\/v2\/media\/9076"}],"wp:attachment":[{"href":"https:\/\/podology.shop\/lt\/wp-json\/wp\/v2\/media?parent=12749"}],"wp:term":[{"taxonomy":"product_brand","embeddable":true,"href":"https:\/\/podology.shop\/lt\/wp-json\/wp\/v2\/product_brand?post=12749"},{"taxonomy":"product_cat","embeddable":true,"href":"https:\/\/podology.shop\/lt\/wp-json\/wp\/v2\/product_cat?post=12749"},{"taxonomy":"product_tag","embeddable":true,"href":"https:\/\/podology.shop\/lt\/wp-json\/wp\/v2\/product_tag?post=12749"}],"curies":[{"name":"wp","href":"https:\/\/api.w.org\/{rel}","templated":true}]}}