{"id":13019,"date":"2020-12-12T19:51:56","date_gmt":"2020-12-12T15:51:56","guid":{"rendered":"https:\/\/podology.shop\/?post_type=product&#038;p=13019"},"modified":"2026-04-07T18:17:28","modified_gmt":"2026-04-07T15:17:28","slug":"deomed-wool-kojines","status":"publish","type":"product","link":"https:\/\/podology.shop\/lt\/produktas\/deomed-wool-kojines\/","title":{"rendered":"DeoMed\u00ae Wool kojin\u0117s"},"content":{"rendered":"<p><strong>DeoMed\u00ae Wool<\/strong> kojin\u0117s yra skirtos \u017emon\u0117ms, turintiems odos ir kraujotakos sutrikim\u0173 blauzd\u0173 ir p\u0117d\u0173 srityse. D\u0117l unikali\u0173 merino vilnos savybi\u0173, m\u016bvint \u0161ias kojines kojos i\u0161lieka \u0161iltos. Kojin\u0117s pagamintos naudojant \u0161veicari\u0161k\u0105 Sanitized\u00ae technologij\u0105, kurios d\u0117ka slopinamas mikrob\u0173 dauginimasis. Bandymais \u012frodyta, kad antimikrobinis gaminio poveikis i\u0161lieka net po 30 skalbim\u0173. Specialios strukt\u016bros pluo\u0161tas yra papildytas elastanu, tod\u0117l kojin\u0117s gerai priglunda prie koj\u0173 ir netrukdo kraujotakai. Mink\u0161ta ir \u0161velni vilna bei besi\u016blis sujungimas su pir\u0161t\u0173 zona apsaugo nuo nutrynim\u0173. Nat\u016bralios merino vilnos savyb\u0117s leid\u017eia p\u0117doms kv\u0117puoti ir i\u0161garina perteklin\u0119 dr\u0117gm\u0119. Kojin\u0117s ma\u017eina gaus\u0173 prakaitavim\u0105, tod\u0117l p\u0117dos i\u0161lieka gaivios. Atsi\u017evelgiant \u012f visas min\u0117tas savybes, kojin\u0117s vis\u0173 pirma yra rekomenduojamos diabetikams, ta\u010diau kaip prevencin\u0117 priemon\u0117 tinka visiems, kurie savo p\u0117domis nori r\u016bpintis kasdien.<\/p>\n<p>&nbsp;<\/p>\n<p><strong>SAVYB\u0116S<\/strong><\/p>\n<ul>\n<li><strong>Nespaud\u017eia<\/strong>, tod\u0117l netrukdo kraujotakai<\/li>\n<li>Turi <strong>antibakterin\u012f<\/strong> ir <strong>prie\u0161grybelin\u012f<\/strong> poveik\u012f<\/li>\n<li><strong>Besi\u016bl\u0117s<\/strong>, tod\u0117l netrina pir\u0161t\u0173<\/li>\n<li><strong>\u0160velnios liesti<\/strong><\/li>\n<li><strong>Labai elastingos <\/strong>\u2013 neleid\u017eia kojoms tinti<\/li>\n<li><strong>Pralaid\u017eios orui<\/strong> \u2013 leid\u017eia odai kv\u0117puoti ir pa\u0161alina dr\u0117gm\u0119<\/li>\n<li><strong>Nedirgina ir nesukelia alergini\u0173 odos reakcij\u0173<\/strong><\/li>\n<li><strong>Naikina kvap\u0105<\/strong> \u2013 p\u0117dos i\u0161lieka gaivios<\/li>\n<\/ul>\n<p>&nbsp;<\/p>\n<p><strong>INDIKACIJOS<\/strong><\/p>\n<p>Kojin\u0117s gali b\u016bti m\u016bvimos kaip i\u0161vir\u0161in\u0117 priemon\u0117 sergant \u0161iomis ligomis:<\/p>\n<ul>\n<li><strong> diabetu;<\/strong><\/li>\n<li><strong> arterij\u0173 ir ven\u0173 nepakankamumu kojose;<\/strong><\/li>\n<li><strong> dermatitu,<\/strong><\/li>\n<li><strong> p\u0117d\u0173 grybeliu (mikoze);<\/strong><\/li>\n<li><strong> p\u0117d\u0173 prakaitavimu (hiperhidroze);<\/strong><\/li>\n<li><strong> nutukimu ir koj\u0173 tinimu.<\/strong><\/li>\n<\/ul>\n<p><strong>\u00a0<\/strong><\/p>\n<p><strong>KONTRAINDIKACIJOS<\/strong><\/p>\n<ul>\n<li>Negalima d\u0117v\u0117ti kojini\u0173 ant atvir\u0173 \u017eaizd\u0173<\/li>\n<li>Negalima d\u0117v\u0117ti netinkamo dyd\u017eio kojini\u0173 (dydis nurodytas etiket\u0117je)<\/li>\n<\/ul>\n<p>&nbsp;<\/p>\n<p><strong>NAUDOJIMAS<\/strong><\/p>\n<ul>\n<li>Apmaukite kojin\u0117mis \u0161varias ir sausas p\u0117das<\/li>\n<li>Keiskite ne ma\u017eiau kaip kart\u0105 per dien\u0105<\/li>\n<li>Kojin\u0117s yra asmeninio naudojimo gaminys, nesidalinkite juo su kitais<\/li>\n<\/ul>\n<p>&nbsp;<\/p>\n<p><strong>\u00a0<\/strong><\/p>\n<p><strong>CE<\/strong>\u00a0\u00a0\u00a0\u00a0\u00a0\u00a0\u00a0\u00a0\u00a0\u00a0\u00a0\u00a0\u00a0\u00a0\u00a0\u00a0\u00a0\u00a0\u00a0\u00a0\u00a0\u00a0\u00a0\u00a0\u00a0 <strong>ES REGISTRUOTAS MEDICINOS PRIETAISAS<\/strong><\/p>\n<p>&nbsp;<\/p>\n<p>Gaminys gavo <strong>Diabetika Expo 2018<\/strong> parodos apdovanojim\u0105<\/p>\n<p>Rekomenduoja <strong>Lenkijos diabetik\u0173 asociacija<\/strong><\/p>\n<p>Gamintojas \u2013 patyrusi ir ilgalaikes tradicijas puosel\u0117janti \u012fmon\u0117, veikianti nuo 1989 met\u0173.<\/p>\n<p><strong>Sud\u0117tis:<\/strong><\/p>\n<ul>\n<li>Merino vilna 36%<\/li>\n<li>Akrilas 36%,<\/li>\n<li>Poliamidas 25%,<\/li>\n<li>Elastanas 3%.<\/li>\n<\/ul>\n<p>Aktyvioji biocidin\u0117 med\u017eiaga: cinko piritionas<\/p>\n<p><strong>\u00a0<\/strong><\/p>\n<p><strong>AUK\u0160\u010cIAUSIA KOKYB\u0116<\/strong><\/p>\n<p><strong>\u00a0<\/strong><\/p>\n<p><strong>\u00a0<\/strong><\/p>\n","protected":false},"excerpt":{"rendered":"<p>MEDICININ\u0116S KOJIN\u0116S I\u0160 MERINO VILNOS<\/p>\n","protected":false},"featured_media":9225,"comment_status":"open","ping_status":"closed","template":"","meta":{"inline_featured_image":false,"_monsterinsights_skip_tracking":false,"_monsterinsights_sitenote_active":false,"_monsterinsights_sitenote_note":"","_monsterinsights_sitenote_category":0,"site-sidebar-layout":"default","site-content-layout":"default","ast-site-content-layout":"default","site-content-style":"default","site-sidebar-style":"default","ast-global-header-display":"","ast-banner-title-visibility":"","ast-main-header-display":"","ast-hfb-above-header-display":"","ast-hfb-below-header-display":"","ast-hfb-mobile-header-display":"","site-post-title":"","ast-breadcrumbs-content":"","ast-featured-img":"","footer-sml-layout":"","ast-disable-related-posts":"","theme-transparent-header-meta":"default","adv-header-id-meta":"","stick-header-meta":"","header-above-stick-meta":"","header-main-stick-meta":"","header-below-stick-meta":"","astra-migrate-meta-layouts":"default","ast-page-background-enabled":"default","ast-page-background-meta":{"desktop":{"background-color":"","background-image":"","background-repeat":"repeat","background-position":"center center","background-size":"auto","background-attachment":"scroll","background-type":"","background-media":"","overlay-type":"","overlay-color":"","overlay-opacity":"","overlay-gradient":""},"tablet":{"background-color":"","background-image":"","background-repeat":"repeat","background-position":"center center","background-size":"auto","background-attachment":"scroll","background-type":"","background-media":"","overlay-type":"","overlay-color":"","overlay-opacity":"","overlay-gradient":""},"mobile":{"background-color":"","background-image":"","background-repeat":"repeat","background-position":"center center","background-size":"auto","background-attachment":"scroll","background-type":"","background-media":"","overlay-type":"","overlay-color":"","overlay-opacity":"","overlay-gradient":""}},"ast-content-background-meta":{"desktop":{"background-color":"var(--ast-global-color-5)","background-image":"","background-repeat":"repeat","background-position":"center center","background-size":"auto","background-attachment":"scroll","background-type":"","background-media":"","overlay-type":"","overlay-color":"","overlay-opacity":"","overlay-gradient":""},"tablet":{"background-color":"var(--ast-global-color-5)","background-image":"","background-repeat":"repeat","background-position":"center center","background-size":"auto","background-attachment":"scroll","background-type":"","background-media":"","overlay-type":"","overlay-color":"","overlay-opacity":"","overlay-gradient":""},"mobile":{"background-color":"var(--ast-global-color-5)","background-image":"","background-repeat":"repeat","background-position":"center center","background-size":"auto","background-attachment":"scroll","background-type":"","background-media":"","overlay-type":"","overlay-color":"","overlay-opacity":"","overlay-gradient":""}}},"product_brand":[],"product_cat":[688],"product_tag":[727,729,730,756,728],"class_list":{"0":"post-13019","1":"product","2":"type-product","3":"status-publish","4":"has-post-thumbnail","6":"product_cat-antibakterines-medicinines-kojines","7":"product_tag-antibakterines-kojines","8":"product_tag-antimikrobines-kojines","9":"product_tag-kojines-diabetikams","10":"product_tag-kojines-su-vilna","11":"product_tag-priesgrybelines-kojines","12":"desktop-align-center","13":"tablet-align-center","14":"mobile-align-center","16":"first","17":"instock","18":"purchasable","19":"product-type-variable"},"yoast_head":"<!-- This site is optimized with the Yoast SEO plugin v27.1.1 - https:\/\/yoast.com\/product\/yoast-seo-wordpress\/ -->\n<title>DeoMed\u00ae Wool kojin\u0117s - Podology.Shop<\/title>\n<meta name=\"robots\" content=\"index, follow, max-snippet:-1, max-image-preview:large, max-video-preview:-1\" \/>\n<link rel=\"canonical\" href=\"https:\/\/podology.shop\/lt\/produktas\/deomed-wool-kojines\/\" \/>\n<meta property=\"og:locale\" content=\"lt_LT\" \/>\n<meta property=\"og:type\" content=\"article\" \/>\n<meta property=\"og:title\" content=\"DeoMed\u00ae Wool kojin\u0117s - Podology.Shop\" \/>\n<meta property=\"og:description\" content=\"MEDICININ\u0116S KOJIN\u0116S I\u0160 MERINO VILNOS\" \/>\n<meta property=\"og:url\" content=\"https:\/\/podology.shop\/lt\/produktas\/deomed-wool-kojines\/\" \/>\n<meta property=\"og:site_name\" content=\"Podology.Shop\" \/>\n<meta property=\"article:modified_time\" content=\"2026-04-07T15:17:28+00:00\" \/>\n<meta property=\"og:image\" content=\"https:\/\/podology.shop\/wp-content\/uploads\/2020\/12\/DeoMed-Wool-medical-socks-lt-1.jpg\" \/>\n\t<meta property=\"og:image:width\" content=\"1600\" \/>\n\t<meta property=\"og:image:height\" content=\"1360\" \/>\n\t<meta property=\"og:image:type\" content=\"image\/jpeg\" \/>\n<meta name=\"twitter:card\" content=\"summary_large_image\" \/>\n<meta name=\"twitter:label1\" content=\"Est. reading time\" \/>\n\t<meta name=\"twitter:data1\" content=\"2 minut\u0117s\" \/>\n<script type=\"application\/ld+json\" class=\"yoast-schema-graph\">{\"@context\":\"https:\/\/schema.org\",\"@graph\":[{\"@type\":\"WebPage\",\"@id\":\"https:\/\/podology.shop\/lt\/produktas\/deomed-wool-kojines\/\",\"url\":\"https:\/\/podology.shop\/lt\/produktas\/deomed-wool-kojines\/\",\"name\":\"DeoMed\u00ae Wool kojin\u0117s - Podology.Shop\",\"isPartOf\":{\"@id\":\"https:\/\/podology.shop\/lt\/#website\"},\"primaryImageOfPage\":{\"@id\":\"https:\/\/podology.shop\/lt\/produktas\/deomed-wool-kojines\/#primaryimage\"},\"image\":{\"@id\":\"https:\/\/podology.shop\/lt\/produktas\/deomed-wool-kojines\/#primaryimage\"},\"thumbnailUrl\":\"https:\/\/podology.shop\/wp-content\/uploads\/2020\/12\/DeoMed-Wool-medical-socks-lt-1.jpg\",\"datePublished\":\"2020-12-12T15:51:56+00:00\",\"dateModified\":\"2026-04-07T15:17:28+00:00\",\"breadcrumb\":{\"@id\":\"https:\/\/podology.shop\/lt\/produktas\/deomed-wool-kojines\/#breadcrumb\"},\"inLanguage\":\"lt-LT\",\"potentialAction\":[{\"@type\":\"ReadAction\",\"target\":[\"https:\/\/podology.shop\/lt\/produktas\/deomed-wool-kojines\/\"]}]},{\"@type\":\"ImageObject\",\"inLanguage\":\"lt-LT\",\"@id\":\"https:\/\/podology.shop\/lt\/produktas\/deomed-wool-kojines\/#primaryimage\",\"url\":\"https:\/\/podology.shop\/wp-content\/uploads\/2020\/12\/DeoMed-Wool-medical-socks-lt-1.jpg\",\"contentUrl\":\"https:\/\/podology.shop\/wp-content\/uploads\/2020\/12\/DeoMed-Wool-medical-socks-lt-1.jpg\",\"width\":1600,\"height\":1360,\"caption\":\"DeoMed Wool medical socks\"},{\"@type\":\"BreadcrumbList\",\"@id\":\"https:\/\/podology.shop\/lt\/produktas\/deomed-wool-kojines\/#breadcrumb\",\"itemListElement\":[{\"@type\":\"ListItem\",\"position\":1,\"name\":\"Home\",\"item\":\"https:\/\/podology.shop\/lt\/\"},{\"@type\":\"ListItem\",\"position\":2,\"name\":\"Shop\",\"item\":\"https:\/\/podology.shop\/lt\/\"},{\"@type\":\"ListItem\",\"position\":3,\"name\":\"DeoMed\u00ae Wool kojin\u0117s\"}]},{\"@type\":\"WebSite\",\"@id\":\"https:\/\/podology.shop\/lt\/#website\",\"url\":\"https:\/\/podology.shop\/lt\/\",\"name\":\"Podology.Shop\",\"description\":\"Podology.Shop\",\"publisher\":{\"@id\":\"https:\/\/podology.shop\/lt\/#organization\"},\"potentialAction\":[{\"@type\":\"SearchAction\",\"target\":{\"@type\":\"EntryPoint\",\"urlTemplate\":\"https:\/\/podology.shop\/lt\/?s={search_term_string}\"},\"query-input\":{\"@type\":\"PropertyValueSpecification\",\"valueRequired\":true,\"valueName\":\"search_term_string\"}}],\"inLanguage\":\"lt-LT\"},{\"@type\":\"Organization\",\"@id\":\"https:\/\/podology.shop\/lt\/#organization\",\"name\":\"Podology.shop\",\"url\":\"https:\/\/podology.shop\/lt\/\",\"logo\":{\"@type\":\"ImageObject\",\"inLanguage\":\"lt-LT\",\"@id\":\"https:\/\/podology.shop\/lt\/#\/schema\/logo\/image\/\",\"url\":\"https:\/\/podology.shop\/wp-content\/uploads\/2020\/11\/125361778_1762772693887349_9190250941118524915_n-scaled.jpg\",\"contentUrl\":\"https:\/\/podology.shop\/wp-content\/uploads\/2020\/11\/125361778_1762772693887349_9190250941118524915_n-scaled.jpg\",\"width\":2560,\"height\":878,\"caption\":\"Podology.shop\"},\"image\":{\"@id\":\"https:\/\/podology.shop\/lt\/#\/schema\/logo\/image\/\"}}]}<\/script>\n<!-- \/ Yoast SEO plugin. -->","yoast_head_json":{"title":"DeoMed\u00ae Wool kojin\u0117s - Podology.Shop","robots":{"index":"index","follow":"follow","max-snippet":"max-snippet:-1","max-image-preview":"max-image-preview:large","max-video-preview":"max-video-preview:-1"},"canonical":"https:\/\/podology.shop\/lt\/produktas\/deomed-wool-kojines\/","og_locale":"lt_LT","og_type":"article","og_title":"DeoMed\u00ae Wool kojin\u0117s - Podology.Shop","og_description":"MEDICININ\u0116S KOJIN\u0116S I\u0160 MERINO VILNOS","og_url":"https:\/\/podology.shop\/lt\/produktas\/deomed-wool-kojines\/","og_site_name":"Podology.Shop","article_modified_time":"2026-04-07T15:17:28+00:00","og_image":[{"width":1600,"height":1360,"url":"https:\/\/podology.shop\/wp-content\/uploads\/2020\/12\/DeoMed-Wool-medical-socks-lt-1.jpg","type":"image\/jpeg"}],"twitter_card":"summary_large_image","twitter_misc":{"Est. reading time":"2 minut\u0117s"},"schema":{"@context":"https:\/\/schema.org","@graph":[{"@type":"WebPage","@id":"https:\/\/podology.shop\/lt\/produktas\/deomed-wool-kojines\/","url":"https:\/\/podology.shop\/lt\/produktas\/deomed-wool-kojines\/","name":"DeoMed\u00ae Wool kojin\u0117s - Podology.Shop","isPartOf":{"@id":"https:\/\/podology.shop\/lt\/#website"},"primaryImageOfPage":{"@id":"https:\/\/podology.shop\/lt\/produktas\/deomed-wool-kojines\/#primaryimage"},"image":{"@id":"https:\/\/podology.shop\/lt\/produktas\/deomed-wool-kojines\/#primaryimage"},"thumbnailUrl":"https:\/\/podology.shop\/wp-content\/uploads\/2020\/12\/DeoMed-Wool-medical-socks-lt-1.jpg","datePublished":"2020-12-12T15:51:56+00:00","dateModified":"2026-04-07T15:17:28+00:00","breadcrumb":{"@id":"https:\/\/podology.shop\/lt\/produktas\/deomed-wool-kojines\/#breadcrumb"},"inLanguage":"lt-LT","potentialAction":[{"@type":"ReadAction","target":["https:\/\/podology.shop\/lt\/produktas\/deomed-wool-kojines\/"]}]},{"@type":"ImageObject","inLanguage":"lt-LT","@id":"https:\/\/podology.shop\/lt\/produktas\/deomed-wool-kojines\/#primaryimage","url":"https:\/\/podology.shop\/wp-content\/uploads\/2020\/12\/DeoMed-Wool-medical-socks-lt-1.jpg","contentUrl":"https:\/\/podology.shop\/wp-content\/uploads\/2020\/12\/DeoMed-Wool-medical-socks-lt-1.jpg","width":1600,"height":1360,"caption":"DeoMed Wool medical socks"},{"@type":"BreadcrumbList","@id":"https:\/\/podology.shop\/lt\/produktas\/deomed-wool-kojines\/#breadcrumb","itemListElement":[{"@type":"ListItem","position":1,"name":"Home","item":"https:\/\/podology.shop\/lt\/"},{"@type":"ListItem","position":2,"name":"Shop","item":"https:\/\/podology.shop\/lt\/"},{"@type":"ListItem","position":3,"name":"DeoMed\u00ae Wool kojin\u0117s"}]},{"@type":"WebSite","@id":"https:\/\/podology.shop\/lt\/#website","url":"https:\/\/podology.shop\/lt\/","name":"Podology.Shop","description":"Podology.Shop","publisher":{"@id":"https:\/\/podology.shop\/lt\/#organization"},"potentialAction":[{"@type":"SearchAction","target":{"@type":"EntryPoint","urlTemplate":"https:\/\/podology.shop\/lt\/?s={search_term_string}"},"query-input":{"@type":"PropertyValueSpecification","valueRequired":true,"valueName":"search_term_string"}}],"inLanguage":"lt-LT"},{"@type":"Organization","@id":"https:\/\/podology.shop\/lt\/#organization","name":"Podology.shop","url":"https:\/\/podology.shop\/lt\/","logo":{"@type":"ImageObject","inLanguage":"lt-LT","@id":"https:\/\/podology.shop\/lt\/#\/schema\/logo\/image\/","url":"https:\/\/podology.shop\/wp-content\/uploads\/2020\/11\/125361778_1762772693887349_9190250941118524915_n-scaled.jpg","contentUrl":"https:\/\/podology.shop\/wp-content\/uploads\/2020\/11\/125361778_1762772693887349_9190250941118524915_n-scaled.jpg","width":2560,"height":878,"caption":"Podology.shop"},"image":{"@id":"https:\/\/podology.shop\/lt\/#\/schema\/logo\/image\/"}}]}},"_links":{"self":[{"href":"https:\/\/podology.shop\/lt\/wp-json\/wp\/v2\/product\/13019","targetHints":{"allow":["GET"]}}],"collection":[{"href":"https:\/\/podology.shop\/lt\/wp-json\/wp\/v2\/product"}],"about":[{"href":"https:\/\/podology.shop\/lt\/wp-json\/wp\/v2\/types\/product"}],"replies":[{"embeddable":true,"href":"https:\/\/podology.shop\/lt\/wp-json\/wp\/v2\/comments?post=13019"}],"wp:featuredmedia":[{"embeddable":true,"href":"https:\/\/podology.shop\/lt\/wp-json\/wp\/v2\/media\/9225"}],"wp:attachment":[{"href":"https:\/\/podology.shop\/lt\/wp-json\/wp\/v2\/media?parent=13019"}],"wp:term":[{"taxonomy":"product_brand","embeddable":true,"href":"https:\/\/podology.shop\/lt\/wp-json\/wp\/v2\/product_brand?post=13019"},{"taxonomy":"product_cat","embeddable":true,"href":"https:\/\/podology.shop\/lt\/wp-json\/wp\/v2\/product_cat?post=13019"},{"taxonomy":"product_tag","embeddable":true,"href":"https:\/\/podology.shop\/lt\/wp-json\/wp\/v2\/product_tag?post=13019"}],"curies":[{"name":"wp","href":"https:\/\/api.w.org\/{rel}","templated":true}]}}