{"id":13057,"date":"2020-12-08T14:15:57","date_gmt":"2020-12-08T10:15:57","guid":{"rendered":"https:\/\/podology.shop\/?post_type=product&#038;p=13057"},"modified":"2026-04-18T17:10:08","modified_gmt":"2026-04-18T14:10:08","slug":"deomed-mini-bamboo-kojines","status":"publish","type":"product","link":"https:\/\/podology.shop\/lt\/produktas\/deomed-mini-bamboo-kojines\/","title":{"rendered":"DEOMED Mini Bamboo kojin\u0117s"},"content":{"rendered":"<p><strong>Mini Bamboo<\/strong> kojinait\u0117s skirtos \u017emon\u0117ms, turintiems odos ar kraujotakos sutrikim\u0173 blauzd\u0173 ir p\u0117d\u0173 srityse. Nat\u016bralios ir ilgalaik\u012f antibakterin\u012f poveik\u012f turin\u010dios bambuko viskoz\u0117s savyb\u0117s yra papildomai sustiprintos gamybos metu naudojant Sanitized\u00ae \u0161veicari\u0161k\u0105 technologij\u0105, tod\u0117l kojin\u0117s beveik visi\u0161kai eliminuoja mikrobus ir i\u0161naikina blog\u0105 kvap\u0105. Antimikrobin\u0117s savyb\u0117s yra atsparios skalbimui.<\/p>\n<p>Specialios poliuretanin\u0117s juostel\u0117s d\u0117ka kojinait\u0117s puikiai priglunda prie odos ir laikosi nesmukdamos. Nat\u016bralios bambuko viskoz\u0117s savyb\u0117s leid\u017eia p\u0117doms kv\u0117puoti ir i\u0161garina perteklin\u0119 dr\u0117gm\u0119. Pluo\u0161to \u0161velnumas ir besi\u016blis sujungimas su pir\u0161t\u0173 zona apsaugo nuo nutrynim\u0173. Kojin\u0117s yra ypatingai patogios m\u016bv\u0117ti, nes yra \u0161velnios liesti, o sujungimas su pir\u0161t\u0173 zona yra besi\u016blis. Kojin\u0117s ma\u017eina gaus\u0173 prakaitavim\u0105, tod\u0117l p\u0117dos i\u0161lieka gaivios. Atsi\u017evelgiant \u012f visas min\u0117tas savybes, kojin\u0117s vis\u0173 pirma yra rekomenduojamos diabetikams, ta\u010diau kaip prevencin\u0117 priemon\u0117 tinka visiems, kurie savo p\u0117domis nori r\u016bpintis kasdien.<\/p>\n<p>&nbsp;<\/p>\n<p><strong>SAVYB\u0116S<\/strong><\/p>\n<p><strong>Nesmunka,<\/strong> nes turi specialias prilaikan\u010dias juosteles<\/p>\n<p><strong>Antibakterinis ir prie\u0161grybelinis poveikis <\/strong><\/p>\n<p><strong>Besi\u016blis<\/strong> per\u0117jimas \u012f pir\u0161t\u0173 zona saugo nuo nutrynim\u0173<\/p>\n<p><strong>Labai elastingos, <\/strong>tod\u0117l neleid\u017eia kojoms tinti<\/p>\n<p><strong>Ypatingai mink\u0161tos,<\/strong> tod\u0117l tinka ir jautriai odai<\/p>\n<p><strong>Pralaid\u017eios orui, <\/strong>leid\u017eia odai kv\u0117puoti ir i\u0161garina dr\u0117gm\u0119<\/p>\n<p><strong>Nedirgina ir nesukelia alergini\u0173 odos reakcij\u0173 <\/strong><\/p>\n<p><strong>Naikina kvap\u0105, <\/strong>tod\u0117l kojos i\u0161lieka gaivios<\/p>\n<p>&nbsp;<\/p>\n<p>Gaminys gavo <strong>Diabetika Expo 2018<\/strong> parodos apdovanojim\u0105<\/p>\n<p>Rekomenduoja <strong>Lenkijos diabetik\u0173 asociacija<\/strong><\/p>\n<p>Gamintojas \u2013 patyrusi ir ilgalaikes tradicijas puosel\u0117janti \u012fmon\u0117, veikianti nuo 1989 met\u0173.<\/p>\n<p><strong>Sud\u0117tis:<\/strong><\/p>\n<ul>\n<li>Viskoz\u0117 i\u0161 bambuko 72%<\/li>\n<li>Poliamidas 25%<\/li>\n<li>Elastanas 3%<\/li>\n<li>Sanitized\u00ae antimikrobinis preparatas.<\/li>\n<\/ul>\n<p>Aktyvioji biocidin\u0117 med\u017eiaga: cinko piritionas<\/p>\n<p>&nbsp;<\/p>\n<p><strong>AUK\u0160\u010cIAUSIA KOKYB\u0116<\/strong><\/p>\n","protected":false},"excerpt":{"rendered":"<p>ANTIMIKROBIN\u0116S TRUMPOS NESMUNKAN\u010cIOS KOJINAIT\u0116S I\u0160 BAMBUKO VISKOZ\u0116S<\/p>\n","protected":false},"featured_media":8338,"comment_status":"open","ping_status":"closed","template":"","meta":{"inline_featured_image":false,"_monsterinsights_skip_tracking":false,"_monsterinsights_sitenote_active":false,"_monsterinsights_sitenote_note":"","_monsterinsights_sitenote_category":0,"site-sidebar-layout":"default","site-content-layout":"default","ast-site-content-layout":"default","site-content-style":"default","site-sidebar-style":"default","ast-global-header-display":"","ast-banner-title-visibility":"","ast-main-header-display":"","ast-hfb-above-header-display":"","ast-hfb-below-header-display":"","ast-hfb-mobile-header-display":"","site-post-title":"","ast-breadcrumbs-content":"","ast-featured-img":"","footer-sml-layout":"","ast-disable-related-posts":"","theme-transparent-header-meta":"default","adv-header-id-meta":"","stick-header-meta":"","header-above-stick-meta":"","header-main-stick-meta":"","header-below-stick-meta":"","astra-migrate-meta-layouts":"default","ast-page-background-enabled":"default","ast-page-background-meta":{"desktop":{"background-color":"","background-image":"","background-repeat":"repeat","background-position":"center center","background-size":"auto","background-attachment":"scroll","background-type":"","background-media":"","overlay-type":"","overlay-color":"","overlay-opacity":"","overlay-gradient":""},"tablet":{"background-color":"","background-image":"","background-repeat":"repeat","background-position":"center center","background-size":"auto","background-attachment":"scroll","background-type":"","background-media":"","overlay-type":"","overlay-color":"","overlay-opacity":"","overlay-gradient":""},"mobile":{"background-color":"","background-image":"","background-repeat":"repeat","background-position":"center center","background-size":"auto","background-attachment":"scroll","background-type":"","background-media":"","overlay-type":"","overlay-color":"","overlay-opacity":"","overlay-gradient":""}},"ast-content-background-meta":{"desktop":{"background-color":"var(--ast-global-color-5)","background-image":"","background-repeat":"repeat","background-position":"center center","background-size":"auto","background-attachment":"scroll","background-type":"","background-media":"","overlay-type":"","overlay-color":"","overlay-opacity":"","overlay-gradient":""},"tablet":{"background-color":"var(--ast-global-color-5)","background-image":"","background-repeat":"repeat","background-position":"center center","background-size":"auto","background-attachment":"scroll","background-type":"","background-media":"","overlay-type":"","overlay-color":"","overlay-opacity":"","overlay-gradient":""},"mobile":{"background-color":"var(--ast-global-color-5)","background-image":"","background-repeat":"repeat","background-position":"center center","background-size":"auto","background-attachment":"scroll","background-type":"","background-media":"","overlay-type":"","overlay-color":"","overlay-opacity":"","overlay-gradient":""}}},"product_brand":[],"product_cat":[688],"product_tag":[727,729,751,730,728],"class_list":{"0":"post-13057","1":"product","2":"type-product","3":"status-publish","4":"has-post-thumbnail","6":"product_cat-antibakterines-medicinines-kojines","7":"product_tag-antibakterines-kojines","8":"product_tag-antimikrobines-kojines","9":"product_tag-bambukines-kojines","10":"product_tag-kojines-diabetikams","11":"product_tag-priesgrybelines-kojines","12":"desktop-align-center","13":"tablet-align-center","14":"mobile-align-center","16":"first","17":"instock","18":"featured","19":"purchasable","20":"product-type-variable","21":"has-default-attributes"},"yoast_head":"<!-- This site is optimized with the Yoast SEO plugin v27.1.1 - https:\/\/yoast.com\/product\/yoast-seo-wordpress\/ -->\n<title>DEOMED Mini Bamboo kojin\u0117s - Podology.Shop<\/title>\n<meta name=\"robots\" content=\"index, follow, max-snippet:-1, max-image-preview:large, max-video-preview:-1\" \/>\n<link rel=\"canonical\" href=\"https:\/\/podology.shop\/lt\/produktas\/deomed-mini-bamboo-kojines\/\" \/>\n<meta property=\"og:locale\" content=\"lt_LT\" \/>\n<meta property=\"og:type\" content=\"article\" \/>\n<meta property=\"og:title\" content=\"DEOMED Mini Bamboo kojin\u0117s - Podology.Shop\" \/>\n<meta property=\"og:description\" content=\"ANTIMIKROBIN\u0116S TRUMPOS NESMUNKAN\u010cIOS KOJINAIT\u0116S I\u0160 BAMBUKO VISKOZ\u0116S\" \/>\n<meta property=\"og:url\" content=\"https:\/\/podology.shop\/lt\/produktas\/deomed-mini-bamboo-kojines\/\" \/>\n<meta property=\"og:site_name\" content=\"Podology.Shop\" \/>\n<meta property=\"article:modified_time\" content=\"2026-04-18T14:10:08+00:00\" \/>\n<meta property=\"og:image\" content=\"https:\/\/podology.shop\/wp-content\/uploads\/2020\/12\/Mini-Bamboo-socks-lt-2-1.jpg\" \/>\n\t<meta property=\"og:image:width\" content=\"1600\" \/>\n\t<meta property=\"og:image:height\" content=\"1360\" \/>\n\t<meta property=\"og:image:type\" content=\"image\/jpeg\" \/>\n<meta name=\"twitter:card\" content=\"summary_large_image\" \/>\n<meta name=\"twitter:label1\" content=\"Est. reading time\" \/>\n\t<meta name=\"twitter:data1\" content=\"1 minut\u0117\" \/>\n<script type=\"application\/ld+json\" class=\"yoast-schema-graph\">{\"@context\":\"https:\/\/schema.org\",\"@graph\":[{\"@type\":\"WebPage\",\"@id\":\"https:\/\/podology.shop\/lt\/produktas\/deomed-mini-bamboo-kojines\/\",\"url\":\"https:\/\/podology.shop\/lt\/produktas\/deomed-mini-bamboo-kojines\/\",\"name\":\"DEOMED Mini Bamboo kojin\u0117s - Podology.Shop\",\"isPartOf\":{\"@id\":\"https:\/\/podology.shop\/lt\/#website\"},\"primaryImageOfPage\":{\"@id\":\"https:\/\/podology.shop\/lt\/produktas\/deomed-mini-bamboo-kojines\/#primaryimage\"},\"image\":{\"@id\":\"https:\/\/podology.shop\/lt\/produktas\/deomed-mini-bamboo-kojines\/#primaryimage\"},\"thumbnailUrl\":\"https:\/\/podology.shop\/wp-content\/uploads\/2020\/12\/Mini-Bamboo-socks-lt-2-1.jpg\",\"datePublished\":\"2020-12-08T10:15:57+00:00\",\"dateModified\":\"2026-04-18T14:10:08+00:00\",\"breadcrumb\":{\"@id\":\"https:\/\/podology.shop\/lt\/produktas\/deomed-mini-bamboo-kojines\/#breadcrumb\"},\"inLanguage\":\"lt-LT\",\"potentialAction\":[{\"@type\":\"ReadAction\",\"target\":[\"https:\/\/podology.shop\/lt\/produktas\/deomed-mini-bamboo-kojines\/\"]}]},{\"@type\":\"ImageObject\",\"inLanguage\":\"lt-LT\",\"@id\":\"https:\/\/podology.shop\/lt\/produktas\/deomed-mini-bamboo-kojines\/#primaryimage\",\"url\":\"https:\/\/podology.shop\/wp-content\/uploads\/2020\/12\/Mini-Bamboo-socks-lt-2-1.jpg\",\"contentUrl\":\"https:\/\/podology.shop\/wp-content\/uploads\/2020\/12\/Mini-Bamboo-socks-lt-2-1.jpg\",\"width\":1600,\"height\":1360,\"caption\":\"Mini Bamboo medical socks\"},{\"@type\":\"BreadcrumbList\",\"@id\":\"https:\/\/podology.shop\/lt\/produktas\/deomed-mini-bamboo-kojines\/#breadcrumb\",\"itemListElement\":[{\"@type\":\"ListItem\",\"position\":1,\"name\":\"Home\",\"item\":\"https:\/\/podology.shop\/lt\/\"},{\"@type\":\"ListItem\",\"position\":2,\"name\":\"Shop\",\"item\":\"https:\/\/podology.shop\/lt\/\"},{\"@type\":\"ListItem\",\"position\":3,\"name\":\"DEOMED Mini Bamboo kojin\u0117s\"}]},{\"@type\":\"WebSite\",\"@id\":\"https:\/\/podology.shop\/lt\/#website\",\"url\":\"https:\/\/podology.shop\/lt\/\",\"name\":\"Podology.Shop\",\"description\":\"Podology.Shop\",\"publisher\":{\"@id\":\"https:\/\/podology.shop\/lt\/#organization\"},\"potentialAction\":[{\"@type\":\"SearchAction\",\"target\":{\"@type\":\"EntryPoint\",\"urlTemplate\":\"https:\/\/podology.shop\/lt\/?s={search_term_string}\"},\"query-input\":{\"@type\":\"PropertyValueSpecification\",\"valueRequired\":true,\"valueName\":\"search_term_string\"}}],\"inLanguage\":\"lt-LT\"},{\"@type\":\"Organization\",\"@id\":\"https:\/\/podology.shop\/lt\/#organization\",\"name\":\"Podology.shop\",\"url\":\"https:\/\/podology.shop\/lt\/\",\"logo\":{\"@type\":\"ImageObject\",\"inLanguage\":\"lt-LT\",\"@id\":\"https:\/\/podology.shop\/lt\/#\/schema\/logo\/image\/\",\"url\":\"https:\/\/podology.shop\/wp-content\/uploads\/2020\/11\/125361778_1762772693887349_9190250941118524915_n-scaled.jpg\",\"contentUrl\":\"https:\/\/podology.shop\/wp-content\/uploads\/2020\/11\/125361778_1762772693887349_9190250941118524915_n-scaled.jpg\",\"width\":2560,\"height\":878,\"caption\":\"Podology.shop\"},\"image\":{\"@id\":\"https:\/\/podology.shop\/lt\/#\/schema\/logo\/image\/\"}}]}<\/script>\n<!-- \/ Yoast SEO plugin. -->","yoast_head_json":{"title":"DEOMED Mini Bamboo kojin\u0117s - Podology.Shop","robots":{"index":"index","follow":"follow","max-snippet":"max-snippet:-1","max-image-preview":"max-image-preview:large","max-video-preview":"max-video-preview:-1"},"canonical":"https:\/\/podology.shop\/lt\/produktas\/deomed-mini-bamboo-kojines\/","og_locale":"lt_LT","og_type":"article","og_title":"DEOMED Mini Bamboo kojin\u0117s - Podology.Shop","og_description":"ANTIMIKROBIN\u0116S TRUMPOS NESMUNKAN\u010cIOS KOJINAIT\u0116S I\u0160 BAMBUKO VISKOZ\u0116S","og_url":"https:\/\/podology.shop\/lt\/produktas\/deomed-mini-bamboo-kojines\/","og_site_name":"Podology.Shop","article_modified_time":"2026-04-18T14:10:08+00:00","og_image":[{"width":1600,"height":1360,"url":"https:\/\/podology.shop\/wp-content\/uploads\/2020\/12\/Mini-Bamboo-socks-lt-2-1.jpg","type":"image\/jpeg"}],"twitter_card":"summary_large_image","twitter_misc":{"Est. reading time":"1 minut\u0117"},"schema":{"@context":"https:\/\/schema.org","@graph":[{"@type":"WebPage","@id":"https:\/\/podology.shop\/lt\/produktas\/deomed-mini-bamboo-kojines\/","url":"https:\/\/podology.shop\/lt\/produktas\/deomed-mini-bamboo-kojines\/","name":"DEOMED Mini Bamboo kojin\u0117s - Podology.Shop","isPartOf":{"@id":"https:\/\/podology.shop\/lt\/#website"},"primaryImageOfPage":{"@id":"https:\/\/podology.shop\/lt\/produktas\/deomed-mini-bamboo-kojines\/#primaryimage"},"image":{"@id":"https:\/\/podology.shop\/lt\/produktas\/deomed-mini-bamboo-kojines\/#primaryimage"},"thumbnailUrl":"https:\/\/podology.shop\/wp-content\/uploads\/2020\/12\/Mini-Bamboo-socks-lt-2-1.jpg","datePublished":"2020-12-08T10:15:57+00:00","dateModified":"2026-04-18T14:10:08+00:00","breadcrumb":{"@id":"https:\/\/podology.shop\/lt\/produktas\/deomed-mini-bamboo-kojines\/#breadcrumb"},"inLanguage":"lt-LT","potentialAction":[{"@type":"ReadAction","target":["https:\/\/podology.shop\/lt\/produktas\/deomed-mini-bamboo-kojines\/"]}]},{"@type":"ImageObject","inLanguage":"lt-LT","@id":"https:\/\/podology.shop\/lt\/produktas\/deomed-mini-bamboo-kojines\/#primaryimage","url":"https:\/\/podology.shop\/wp-content\/uploads\/2020\/12\/Mini-Bamboo-socks-lt-2-1.jpg","contentUrl":"https:\/\/podology.shop\/wp-content\/uploads\/2020\/12\/Mini-Bamboo-socks-lt-2-1.jpg","width":1600,"height":1360,"caption":"Mini Bamboo medical socks"},{"@type":"BreadcrumbList","@id":"https:\/\/podology.shop\/lt\/produktas\/deomed-mini-bamboo-kojines\/#breadcrumb","itemListElement":[{"@type":"ListItem","position":1,"name":"Home","item":"https:\/\/podology.shop\/lt\/"},{"@type":"ListItem","position":2,"name":"Shop","item":"https:\/\/podology.shop\/lt\/"},{"@type":"ListItem","position":3,"name":"DEOMED Mini Bamboo kojin\u0117s"}]},{"@type":"WebSite","@id":"https:\/\/podology.shop\/lt\/#website","url":"https:\/\/podology.shop\/lt\/","name":"Podology.Shop","description":"Podology.Shop","publisher":{"@id":"https:\/\/podology.shop\/lt\/#organization"},"potentialAction":[{"@type":"SearchAction","target":{"@type":"EntryPoint","urlTemplate":"https:\/\/podology.shop\/lt\/?s={search_term_string}"},"query-input":{"@type":"PropertyValueSpecification","valueRequired":true,"valueName":"search_term_string"}}],"inLanguage":"lt-LT"},{"@type":"Organization","@id":"https:\/\/podology.shop\/lt\/#organization","name":"Podology.shop","url":"https:\/\/podology.shop\/lt\/","logo":{"@type":"ImageObject","inLanguage":"lt-LT","@id":"https:\/\/podology.shop\/lt\/#\/schema\/logo\/image\/","url":"https:\/\/podology.shop\/wp-content\/uploads\/2020\/11\/125361778_1762772693887349_9190250941118524915_n-scaled.jpg","contentUrl":"https:\/\/podology.shop\/wp-content\/uploads\/2020\/11\/125361778_1762772693887349_9190250941118524915_n-scaled.jpg","width":2560,"height":878,"caption":"Podology.shop"},"image":{"@id":"https:\/\/podology.shop\/lt\/#\/schema\/logo\/image\/"}}]}},"_links":{"self":[{"href":"https:\/\/podology.shop\/lt\/wp-json\/wp\/v2\/product\/13057","targetHints":{"allow":["GET"]}}],"collection":[{"href":"https:\/\/podology.shop\/lt\/wp-json\/wp\/v2\/product"}],"about":[{"href":"https:\/\/podology.shop\/lt\/wp-json\/wp\/v2\/types\/product"}],"replies":[{"embeddable":true,"href":"https:\/\/podology.shop\/lt\/wp-json\/wp\/v2\/comments?post=13057"}],"wp:featuredmedia":[{"embeddable":true,"href":"https:\/\/podology.shop\/lt\/wp-json\/wp\/v2\/media\/8338"}],"wp:attachment":[{"href":"https:\/\/podology.shop\/lt\/wp-json\/wp\/v2\/media?parent=13057"}],"wp:term":[{"taxonomy":"product_brand","embeddable":true,"href":"https:\/\/podology.shop\/lt\/wp-json\/wp\/v2\/product_brand?post=13057"},{"taxonomy":"product_cat","embeddable":true,"href":"https:\/\/podology.shop\/lt\/wp-json\/wp\/v2\/product_cat?post=13057"},{"taxonomy":"product_tag","embeddable":true,"href":"https:\/\/podology.shop\/lt\/wp-json\/wp\/v2\/product_tag?post=13057"}],"curies":[{"name":"wp","href":"https:\/\/api.w.org\/{rel}","templated":true}]}}