{"id":13097,"date":"2020-12-10T12:41:05","date_gmt":"2020-12-10T08:41:05","guid":{"rendered":"https:\/\/podology.shop\/?post_type=product&#038;p=13097"},"modified":"2026-03-31T14:42:52","modified_gmt":"2026-03-31T11:42:52","slug":"kid-deo-kojines","status":"publish","type":"product","link":"https:\/\/podology.shop\/lt\/produktas\/kid-deo-kojines\/","title":{"rendered":"Kid Deo\u00ae kojin\u0117s"},"content":{"rendered":"<p><strong>Kid Deo\u00ae<\/strong> kojin\u0117s skirtos vaikams, turintiems jautri\u0105 od\u0105 blauzd\u0173 ir p\u0117d\u0173 srityse. Jos gaminamos i\u0161 auk\u0161\u010diausios r\u016b\u0161ies \u0161ukuotos medviln\u0117s pluo\u0161to, kuris pasi\u017eymi ilgaam\u017ei\u0161kumu, mink\u0161tumu ir geromis ventiliacin\u0117mis savyb\u0117mis. \u0160velni medviln\u0117 ir besi\u016blis sujungimas su pir\u0161t\u0173 zona apsaugo nuo nutrynim\u0173. Sud\u0117tyje yra eslastano, tod\u0117l kojin\u0117s yra labai elastingos ir puikiai priglunda prie koj\u0173 j\u0173 nespausdamos. Pagamintos naudojant \u0161veicari\u0161k\u0105 antibakterin\u0119 Sanitized\u00ae technologij\u0105, kuri suteikia ilgalaiki\u0173 antibakterini\u0173 ir prie\u0161grybelini\u0173 savybi\u0173. Kojin\u0117s ma\u017eina gaus\u0173 prakaitavim\u0105, tod\u0117l p\u0117dos i\u0161lieka gaivios. \u0160ios kojin\u0117s rekomenduojamos kaip priemon\u0117, apsauganti nuo p\u0117d\u0173 infekcijos ir ma\u017einanti nemalonaus mikroorganizm\u0173 sukelto kvapo atsiradimo rizik\u0105. Kolekcij\u0105 sudaro \u012fvairi\u0173 spalv\u0173 mergait\u0117ms ir berniukams skirtos kojin\u0117s.<\/p>\n<p>&nbsp;<\/p>\n<p><strong>SAVYB\u0116S<\/strong><\/p>\n<p><strong>Antibakterinis ir prie\u0161grybelinis poveikis <\/strong><\/p>\n<p><strong>Besi\u016blis sujungimas<\/strong> apsaugo koj\u0173 pir\u0161tus nuo nutrynim\u0173<\/p>\n<p><strong>Didelis elastingumas <\/strong>apsaugo nuo tinimo<\/p>\n<p><strong>Mink\u0161tos<\/strong> kojin\u0117s tinka jautriai odai<\/p>\n<p><strong>Pralaid\u017eios orui, <\/strong>leid\u017eia odai kv\u0117puoti ir pa\u0161alina dr\u0117gm\u0119<\/p>\n<p><strong>Nedirgina ir nesukelia alergini\u0173 odos reakcij\u0173 <\/strong><\/p>\n<p><strong>Naikina kvap\u0105, <\/strong>tod\u0117l kojos i\u0161lieka gaivios<\/p>\n<p>&nbsp;<\/p>\n<p>Gamintojas \u2013 patyrusi ir ilgalaikes tradicijas puosel\u0117janti \u012fmon\u0117, veikianti nuo 1989 met\u0173.<\/p>\n<p><strong>Sud\u0117tis: <\/strong><\/p>\n<ul>\n<li>Medviln\u0117 72%<\/li>\n<li>Poliamidas 25%<\/li>\n<li>Elastanas 3%,<\/li>\n<li>Sanitized\u00ae antimikrobinis preparatas.<\/li>\n<\/ul>\n<p>Aktyvioji biocidin\u0117 med\u017eiaga: cinko piritionas<\/p>\n<p>&nbsp;<\/p>\n<p><strong>AUK\u0160\u010cIAUSIA KOKYB\u0116<\/strong><\/p>\n<p><strong>\u00a0<\/strong><\/p>\n<p><strong>\u00a0<\/strong><\/p>\n<p><strong>\u00a0<\/strong><\/p>\n","protected":false},"excerpt":{"rendered":"<p>ANTIMIKROBIN\u0116S MEDVILNIN\u0116S KOJIN\u0116S VAIKAMS<\/p>\n","protected":false},"featured_media":8512,"comment_status":"open","ping_status":"closed","template":"","meta":{"inline_featured_image":false,"_monsterinsights_skip_tracking":false,"_monsterinsights_sitenote_active":false,"_monsterinsights_sitenote_note":"","_monsterinsights_sitenote_category":0,"site-sidebar-layout":"default","site-content-layout":"default","ast-site-content-layout":"default","site-content-style":"default","site-sidebar-style":"default","ast-global-header-display":"","ast-banner-title-visibility":"","ast-main-header-display":"","ast-hfb-above-header-display":"","ast-hfb-below-header-display":"","ast-hfb-mobile-header-display":"","site-post-title":"","ast-breadcrumbs-content":"","ast-featured-img":"","footer-sml-layout":"","ast-disable-related-posts":"","theme-transparent-header-meta":"default","adv-header-id-meta":"","stick-header-meta":"","header-above-stick-meta":"","header-main-stick-meta":"","header-below-stick-meta":"","astra-migrate-meta-layouts":"default","ast-page-background-enabled":"default","ast-page-background-meta":{"desktop":{"background-color":"","background-image":"","background-repeat":"repeat","background-position":"center center","background-size":"auto","background-attachment":"scroll","background-type":"","background-media":"","overlay-type":"","overlay-color":"","overlay-opacity":"","overlay-gradient":""},"tablet":{"background-color":"","background-image":"","background-repeat":"repeat","background-position":"center center","background-size":"auto","background-attachment":"scroll","background-type":"","background-media":"","overlay-type":"","overlay-color":"","overlay-opacity":"","overlay-gradient":""},"mobile":{"background-color":"","background-image":"","background-repeat":"repeat","background-position":"center center","background-size":"auto","background-attachment":"scroll","background-type":"","background-media":"","overlay-type":"","overlay-color":"","overlay-opacity":"","overlay-gradient":""}},"ast-content-background-meta":{"desktop":{"background-color":"var(--ast-global-color-5)","background-image":"","background-repeat":"repeat","background-position":"center center","background-size":"auto","background-attachment":"scroll","background-type":"","background-media":"","overlay-type":"","overlay-color":"","overlay-opacity":"","overlay-gradient":""},"tablet":{"background-color":"var(--ast-global-color-5)","background-image":"","background-repeat":"repeat","background-position":"center center","background-size":"auto","background-attachment":"scroll","background-type":"","background-media":"","overlay-type":"","overlay-color":"","overlay-opacity":"","overlay-gradient":""},"mobile":{"background-color":"var(--ast-global-color-5)","background-image":"","background-repeat":"repeat","background-position":"center center","background-size":"auto","background-attachment":"scroll","background-type":"","background-media":"","overlay-type":"","overlay-color":"","overlay-opacity":"","overlay-gradient":""}}},"product_brand":[],"product_cat":[688],"product_tag":[727,729,730,728,760],"class_list":{"0":"post-13097","1":"product","2":"type-product","3":"status-publish","4":"has-post-thumbnail","6":"product_cat-antibakterines-medicinines-kojines","7":"product_tag-antibakterines-kojines","8":"product_tag-antimikrobines-kojines","9":"product_tag-kojines-diabetikams","10":"product_tag-priesgrybelines-kojines","11":"product_tag-vaikiskos-kojines","12":"desktop-align-center","13":"tablet-align-center","14":"mobile-align-center","16":"first","17":"instock","18":"purchasable","19":"product-type-variable"},"yoast_head":"<!-- This site is optimized with the Yoast SEO plugin v27.1.1 - https:\/\/yoast.com\/product\/yoast-seo-wordpress\/ -->\n<title>Kid Deo\u00ae kojin\u0117s - Podology.Shop<\/title>\n<meta name=\"robots\" content=\"index, follow, max-snippet:-1, max-image-preview:large, max-video-preview:-1\" \/>\n<link rel=\"canonical\" href=\"https:\/\/podology.shop\/lt\/produktas\/kid-deo-kojines\/\" \/>\n<meta property=\"og:locale\" content=\"lt_LT\" \/>\n<meta property=\"og:type\" content=\"article\" \/>\n<meta property=\"og:title\" content=\"Kid Deo\u00ae kojin\u0117s - Podology.Shop\" \/>\n<meta property=\"og:description\" content=\"ANTIMIKROBIN\u0116S MEDVILNIN\u0116S KOJIN\u0116S VAIKAMS\" \/>\n<meta property=\"og:url\" content=\"https:\/\/podology.shop\/lt\/produktas\/kid-deo-kojines\/\" \/>\n<meta property=\"og:site_name\" content=\"Podology.Shop\" \/>\n<meta property=\"article:modified_time\" content=\"2026-03-31T11:42:52+00:00\" \/>\n<meta property=\"og:image\" content=\"https:\/\/podology.shop\/wp-content\/uploads\/2020\/12\/Kid-Deo-deomed-socks-lt-1.jpg\" \/>\n\t<meta property=\"og:image:width\" content=\"1600\" \/>\n\t<meta property=\"og:image:height\" content=\"1360\" \/>\n\t<meta property=\"og:image:type\" content=\"image\/jpeg\" \/>\n<meta name=\"twitter:card\" content=\"summary_large_image\" \/>\n<meta name=\"twitter:label1\" content=\"Est. reading time\" \/>\n\t<meta name=\"twitter:data1\" content=\"1 minut\u0117\" \/>\n<script type=\"application\/ld+json\" class=\"yoast-schema-graph\">{\"@context\":\"https:\/\/schema.org\",\"@graph\":[{\"@type\":\"WebPage\",\"@id\":\"https:\/\/podology.shop\/lt\/produktas\/kid-deo-kojines\/\",\"url\":\"https:\/\/podology.shop\/lt\/produktas\/kid-deo-kojines\/\",\"name\":\"Kid Deo\u00ae kojin\u0117s - Podology.Shop\",\"isPartOf\":{\"@id\":\"https:\/\/podology.shop\/lt\/#website\"},\"primaryImageOfPage\":{\"@id\":\"https:\/\/podology.shop\/lt\/produktas\/kid-deo-kojines\/#primaryimage\"},\"image\":{\"@id\":\"https:\/\/podology.shop\/lt\/produktas\/kid-deo-kojines\/#primaryimage\"},\"thumbnailUrl\":\"https:\/\/podology.shop\/wp-content\/uploads\/2020\/12\/Kid-Deo-deomed-socks-lt-1.jpg\",\"datePublished\":\"2020-12-10T08:41:05+00:00\",\"dateModified\":\"2026-03-31T11:42:52+00:00\",\"breadcrumb\":{\"@id\":\"https:\/\/podology.shop\/lt\/produktas\/kid-deo-kojines\/#breadcrumb\"},\"inLanguage\":\"lt-LT\",\"potentialAction\":[{\"@type\":\"ReadAction\",\"target\":[\"https:\/\/podology.shop\/lt\/produktas\/kid-deo-kojines\/\"]}]},{\"@type\":\"ImageObject\",\"inLanguage\":\"lt-LT\",\"@id\":\"https:\/\/podology.shop\/lt\/produktas\/kid-deo-kojines\/#primaryimage\",\"url\":\"https:\/\/podology.shop\/wp-content\/uploads\/2020\/12\/Kid-Deo-deomed-socks-lt-1.jpg\",\"contentUrl\":\"https:\/\/podology.shop\/wp-content\/uploads\/2020\/12\/Kid-Deo-deomed-socks-lt-1.jpg\",\"width\":1600,\"height\":1360,\"caption\":\"Kid Deo deomed socks\"},{\"@type\":\"BreadcrumbList\",\"@id\":\"https:\/\/podology.shop\/lt\/produktas\/kid-deo-kojines\/#breadcrumb\",\"itemListElement\":[{\"@type\":\"ListItem\",\"position\":1,\"name\":\"Home\",\"item\":\"https:\/\/podology.shop\/lt\/\"},{\"@type\":\"ListItem\",\"position\":2,\"name\":\"Shop\",\"item\":\"https:\/\/podology.shop\/lt\/\"},{\"@type\":\"ListItem\",\"position\":3,\"name\":\"Kid Deo\u00ae kojin\u0117s\"}]},{\"@type\":\"WebSite\",\"@id\":\"https:\/\/podology.shop\/lt\/#website\",\"url\":\"https:\/\/podology.shop\/lt\/\",\"name\":\"Podology.Shop\",\"description\":\"Podology.Shop\",\"publisher\":{\"@id\":\"https:\/\/podology.shop\/lt\/#organization\"},\"potentialAction\":[{\"@type\":\"SearchAction\",\"target\":{\"@type\":\"EntryPoint\",\"urlTemplate\":\"https:\/\/podology.shop\/lt\/?s={search_term_string}\"},\"query-input\":{\"@type\":\"PropertyValueSpecification\",\"valueRequired\":true,\"valueName\":\"search_term_string\"}}],\"inLanguage\":\"lt-LT\"},{\"@type\":\"Organization\",\"@id\":\"https:\/\/podology.shop\/lt\/#organization\",\"name\":\"Podology.shop\",\"url\":\"https:\/\/podology.shop\/lt\/\",\"logo\":{\"@type\":\"ImageObject\",\"inLanguage\":\"lt-LT\",\"@id\":\"https:\/\/podology.shop\/lt\/#\/schema\/logo\/image\/\",\"url\":\"https:\/\/podology.shop\/wp-content\/uploads\/2020\/11\/125361778_1762772693887349_9190250941118524915_n-scaled.jpg\",\"contentUrl\":\"https:\/\/podology.shop\/wp-content\/uploads\/2020\/11\/125361778_1762772693887349_9190250941118524915_n-scaled.jpg\",\"width\":2560,\"height\":878,\"caption\":\"Podology.shop\"},\"image\":{\"@id\":\"https:\/\/podology.shop\/lt\/#\/schema\/logo\/image\/\"}}]}<\/script>\n<!-- \/ Yoast SEO plugin. -->","yoast_head_json":{"title":"Kid Deo\u00ae kojin\u0117s - Podology.Shop","robots":{"index":"index","follow":"follow","max-snippet":"max-snippet:-1","max-image-preview":"max-image-preview:large","max-video-preview":"max-video-preview:-1"},"canonical":"https:\/\/podology.shop\/lt\/produktas\/kid-deo-kojines\/","og_locale":"lt_LT","og_type":"article","og_title":"Kid Deo\u00ae kojin\u0117s - Podology.Shop","og_description":"ANTIMIKROBIN\u0116S MEDVILNIN\u0116S KOJIN\u0116S VAIKAMS","og_url":"https:\/\/podology.shop\/lt\/produktas\/kid-deo-kojines\/","og_site_name":"Podology.Shop","article_modified_time":"2026-03-31T11:42:52+00:00","og_image":[{"width":1600,"height":1360,"url":"https:\/\/podology.shop\/wp-content\/uploads\/2020\/12\/Kid-Deo-deomed-socks-lt-1.jpg","type":"image\/jpeg"}],"twitter_card":"summary_large_image","twitter_misc":{"Est. reading time":"1 minut\u0117"},"schema":{"@context":"https:\/\/schema.org","@graph":[{"@type":"WebPage","@id":"https:\/\/podology.shop\/lt\/produktas\/kid-deo-kojines\/","url":"https:\/\/podology.shop\/lt\/produktas\/kid-deo-kojines\/","name":"Kid Deo\u00ae kojin\u0117s - Podology.Shop","isPartOf":{"@id":"https:\/\/podology.shop\/lt\/#website"},"primaryImageOfPage":{"@id":"https:\/\/podology.shop\/lt\/produktas\/kid-deo-kojines\/#primaryimage"},"image":{"@id":"https:\/\/podology.shop\/lt\/produktas\/kid-deo-kojines\/#primaryimage"},"thumbnailUrl":"https:\/\/podology.shop\/wp-content\/uploads\/2020\/12\/Kid-Deo-deomed-socks-lt-1.jpg","datePublished":"2020-12-10T08:41:05+00:00","dateModified":"2026-03-31T11:42:52+00:00","breadcrumb":{"@id":"https:\/\/podology.shop\/lt\/produktas\/kid-deo-kojines\/#breadcrumb"},"inLanguage":"lt-LT","potentialAction":[{"@type":"ReadAction","target":["https:\/\/podology.shop\/lt\/produktas\/kid-deo-kojines\/"]}]},{"@type":"ImageObject","inLanguage":"lt-LT","@id":"https:\/\/podology.shop\/lt\/produktas\/kid-deo-kojines\/#primaryimage","url":"https:\/\/podology.shop\/wp-content\/uploads\/2020\/12\/Kid-Deo-deomed-socks-lt-1.jpg","contentUrl":"https:\/\/podology.shop\/wp-content\/uploads\/2020\/12\/Kid-Deo-deomed-socks-lt-1.jpg","width":1600,"height":1360,"caption":"Kid Deo deomed socks"},{"@type":"BreadcrumbList","@id":"https:\/\/podology.shop\/lt\/produktas\/kid-deo-kojines\/#breadcrumb","itemListElement":[{"@type":"ListItem","position":1,"name":"Home","item":"https:\/\/podology.shop\/lt\/"},{"@type":"ListItem","position":2,"name":"Shop","item":"https:\/\/podology.shop\/lt\/"},{"@type":"ListItem","position":3,"name":"Kid Deo\u00ae kojin\u0117s"}]},{"@type":"WebSite","@id":"https:\/\/podology.shop\/lt\/#website","url":"https:\/\/podology.shop\/lt\/","name":"Podology.Shop","description":"Podology.Shop","publisher":{"@id":"https:\/\/podology.shop\/lt\/#organization"},"potentialAction":[{"@type":"SearchAction","target":{"@type":"EntryPoint","urlTemplate":"https:\/\/podology.shop\/lt\/?s={search_term_string}"},"query-input":{"@type":"PropertyValueSpecification","valueRequired":true,"valueName":"search_term_string"}}],"inLanguage":"lt-LT"},{"@type":"Organization","@id":"https:\/\/podology.shop\/lt\/#organization","name":"Podology.shop","url":"https:\/\/podology.shop\/lt\/","logo":{"@type":"ImageObject","inLanguage":"lt-LT","@id":"https:\/\/podology.shop\/lt\/#\/schema\/logo\/image\/","url":"https:\/\/podology.shop\/wp-content\/uploads\/2020\/11\/125361778_1762772693887349_9190250941118524915_n-scaled.jpg","contentUrl":"https:\/\/podology.shop\/wp-content\/uploads\/2020\/11\/125361778_1762772693887349_9190250941118524915_n-scaled.jpg","width":2560,"height":878,"caption":"Podology.shop"},"image":{"@id":"https:\/\/podology.shop\/lt\/#\/schema\/logo\/image\/"}}]}},"_links":{"self":[{"href":"https:\/\/podology.shop\/lt\/wp-json\/wp\/v2\/product\/13097","targetHints":{"allow":["GET"]}}],"collection":[{"href":"https:\/\/podology.shop\/lt\/wp-json\/wp\/v2\/product"}],"about":[{"href":"https:\/\/podology.shop\/lt\/wp-json\/wp\/v2\/types\/product"}],"replies":[{"embeddable":true,"href":"https:\/\/podology.shop\/lt\/wp-json\/wp\/v2\/comments?post=13097"}],"wp:featuredmedia":[{"embeddable":true,"href":"https:\/\/podology.shop\/lt\/wp-json\/wp\/v2\/media\/8512"}],"wp:attachment":[{"href":"https:\/\/podology.shop\/lt\/wp-json\/wp\/v2\/media?parent=13097"}],"wp:term":[{"taxonomy":"product_brand","embeddable":true,"href":"https:\/\/podology.shop\/lt\/wp-json\/wp\/v2\/product_brand?post=13097"},{"taxonomy":"product_cat","embeddable":true,"href":"https:\/\/podology.shop\/lt\/wp-json\/wp\/v2\/product_cat?post=13097"},{"taxonomy":"product_tag","embeddable":true,"href":"https:\/\/podology.shop\/lt\/wp-json\/wp\/v2\/product_tag?post=13097"}],"curies":[{"name":"wp","href":"https:\/\/api.w.org\/{rel}","templated":true}]}}