{"id":13241,"date":"2020-12-22T16:43:56","date_gmt":"2020-12-22T12:49:28","guid":{"rendered":"https:\/\/podology.shop\/?post_type=product&#038;p=13241"},"modified":"2025-05-16T21:30:39","modified_gmt":"2025-05-16T17:30:39","slug":"medic-deo-long-kojines","status":"publish","type":"product","link":"https:\/\/podology.shop\/lt\/produktas\/medic-deo-long-kojines\/","title":{"rendered":"Medic Deo\u00ae Long kojin\u0117s"},"content":{"rendered":"<p><strong>Medic Deo<sup>\u00ae <\/sup>Long<\/strong> kojin\u0117s iki keli\u0173 yra skirtos \u017emon\u0117ms, turintiems odos ir kraujotakos sutrikim\u0173 blauzd\u0173 ir p\u0117d\u0173 srityse. Trij\u0173 sluoksni\u0173 frotinis audinys apsaugo jautrias p\u0117d\u0173 vietas, o plonas p\u0117das gaubiantis audinys u\u017etikrin\u0105 ger\u0105 ventiliacij\u0105. Kojin\u0117s pagamintos naudojant \u0161veicari\u0161k\u0105 Sanitized\u00ae technologij\u0105, kurios d\u0117ka slopinamas mikrob\u0173 dauginimasis. \u00a0Bandymais \u012frodyta, kad antimikrobinis gaminio poveikis i\u0161lieka net po 50 skalbim\u0173. Specialios strukt\u016bros pluo\u0161tas papildytas nedideliu laikros (Lycra<sup>\u00ae<\/sup>) kiekiu, tod\u0117l kojin\u0117s gerai priglunda prie koj\u0173 ir netrukdo kraujotakai. \u0160ios kojin\u0117s ypa\u010d rekomenduojamos fizi\u0161kai aktyviems \u017emon\u0117ms ir tiems, kurie nori kojas laikyti \u0161il\u010diau. Elastinga juosta ties p\u0117dos viduriu mank\u0161tinantis i\u0161laiko kojin\u0119 vienoje vietoje. Mink\u0161ta medviln\u0117 ir unikali ,,Rosso Patent<em>\u201d<\/em> plok\u0161\u010dia si\u016bl\u0117 kojos pir\u0161t\u0173 zonoje apsaugo nuo nutrynim\u0173. Kojin\u0117s ma\u017eina gaus\u0173 prakaitavim\u0105, tod\u0117l p\u0117dos i\u0161lieka gaivios. Atsi\u017evelgiant \u012f visas min\u0117tas savybes, \u0161ios kojin\u0117s vis\u0173 pirma yra rekomenduojamos diabetikams, ta\u010diau kaip prevencin\u0117 priemon\u0117 tinka visiems, kurie savo p\u0117domis nori r\u016bpintis kasdien.<\/p>\n<p><strong>\u00a0<\/strong><\/p>\n<p><strong>SAVYB\u0116S<\/strong><\/p>\n<ul>\n<li><strong>Nespaud\u017eia<\/strong>, tod\u0117l netrukdo kraujotakai<\/li>\n<li>Turi <strong>antibakterin\u012f<\/strong> ir <strong>prie\u0161grybelin\u012f<\/strong> poveik\u012f<\/li>\n<li><strong>Plok\u0161\u010dia sujungimo si\u016bl\u0117<\/strong>, kuri netrina pir\u0161t\u0173<\/li>\n<li><strong>Maksimaliai elastingos <\/strong>\u2013 neleid\u017eia kojoms tinti<\/li>\n<li><strong>Pralaid\u017eios orui<\/strong> \u2013 leid\u017eia odai kv\u0117puoti ir pa\u0161alina dr\u0117gm\u0119<\/li>\n<li><strong>Nedirgina ir nesukelia alergini\u0173 odos reakcij\u0173<\/strong><\/li>\n<li><strong>Naikina kvap\u0105<\/strong> \u2013 p\u0117dos i\u0161lieka gaivios<\/li>\n<\/ul>\n<p><strong>\u00a0<\/strong><\/p>\n<p><strong>INDIKACIJOS<\/strong><\/p>\n<p>Kojin\u0117s gali b\u016bti m\u016bvimos kaip i\u0161vir\u0161in\u0117 priemon\u0117 sergant \u0161iomis ligomis:<\/p>\n<ul>\n<li><strong> diabetu;<\/strong><\/li>\n<li><strong> arterij\u0173 ir ven\u0173 nepakankamumu kojose;<\/strong><\/li>\n<li><strong> dermatitu,<\/strong><\/li>\n<li><strong> p\u0117d\u0173 grybeliu (mikoze);<\/strong><\/li>\n<li><strong> p\u0117d\u0173 prakaitavimu (hiperhidroze);<\/strong><\/li>\n<li><strong> nutukimu ir koj\u0173 tinimu.<\/strong><\/li>\n<\/ul>\n<p><strong>\u00a0<\/strong><\/p>\n<p><strong>KONTRAINDIKACIJOS<\/strong><\/p>\n<ul>\n<li>Negalima d\u0117v\u0117ti kojini\u0173 ant atvir\u0173 \u017eaizd\u0173<\/li>\n<li>Negalima d\u0117v\u0117ti netinkamo dyd\u017eio kojini\u0173 (dydis nurodytas etiket\u0117je)<\/li>\n<\/ul>\n<p>&nbsp;<\/p>\n<p><strong>NAUDOJIMAS<\/strong><\/p>\n<ul>\n<li>Apmaukite kojin\u0117mis \u0161varias ir sausas p\u0117das<\/li>\n<li>Keiskite ne ma\u017eiau kaip kart\u0105 per dien\u0105<\/li>\n<li>Kojin\u0117s yra asmeninio naudojimo gaminys, nesidalinkite juo su kitais<\/li>\n<\/ul>\n<p><strong>\u00a0<\/strong><\/p>\n<p><strong>CE<\/strong>\u00a0\u00a0\u00a0\u00a0\u00a0\u00a0\u00a0\u00a0\u00a0\u00a0\u00a0\u00a0\u00a0\u00a0\u00a0\u00a0\u00a0\u00a0\u00a0\u00a0\u00a0\u00a0\u00a0\u00a0\u00a0 <strong>ES REGISTRUOTAS MEDICINOS PRIETAISAS<\/strong><\/p>\n<p>&nbsp;<\/p>\n<p>Gaminys gavo <strong>Diabetika Expo 2018<\/strong> parodos apdovanojim\u0105<\/p>\n<p>Rekomenduoja <strong>Lenkijos diabetik\u0173 asociacija<\/strong><\/p>\n<p>Gamintojas \u2013 patyrusi ir ilgalaikes tradicijas puosel\u0117janti \u012fmon\u0117, veikianti nuo 1989 met\u0173.<\/p>\n<p><strong>Sud\u0117tis:<\/strong><\/p>\n<ul>\n<li>Medviln\u0117 80%<\/li>\n<li>Poliamidas 17%<\/li>\n<li>Lycra\u00ae (elastanas) 3%<\/li>\n<li>Sanitized\u00ae antimikrobinis preparatas<\/li>\n<\/ul>\n<p>AKTYVIOJI BIOCIDIN\u0116 MED\u017dIAGA: cinko piritionas<\/p>\n<p><strong>AUK\u0160\u010cIAUSIA KOKYB\u0116<\/strong><\/p>\n<p>&nbsp;<\/p>\n<p>&nbsp;<\/p>\n","protected":false},"excerpt":{"rendered":"<p>MEDICININES FROTIN\u0116S KOJIN\u0116S IKI KELI\u0172 I\u0160 MEDVILN\u0116S<\/p>\n","protected":false},"featured_media":9504,"comment_status":"open","ping_status":"closed","template":"","meta":{"inline_featured_image":false,"_monsterinsights_skip_tracking":false,"_monsterinsights_sitenote_active":false,"_monsterinsights_sitenote_note":"","_monsterinsights_sitenote_category":0,"site-sidebar-layout":"default","site-content-layout":"default","ast-site-content-layout":"default","site-content-style":"default","site-sidebar-style":"default","ast-global-header-display":"","ast-banner-title-visibility":"","ast-main-header-display":"","ast-hfb-above-header-display":"","ast-hfb-below-header-display":"","ast-hfb-mobile-header-display":"","site-post-title":"","ast-breadcrumbs-content":"","ast-featured-img":"","footer-sml-layout":"","ast-disable-related-posts":"","theme-transparent-header-meta":"default","adv-header-id-meta":"","stick-header-meta":"","header-above-stick-meta":"","header-main-stick-meta":"","header-below-stick-meta":"","astra-migrate-meta-layouts":"default","ast-page-background-enabled":"default","ast-page-background-meta":{"desktop":{"background-color":"","background-image":"","background-repeat":"repeat","background-position":"center center","background-size":"auto","background-attachment":"scroll","background-type":"","background-media":"","overlay-type":"","overlay-color":"","overlay-opacity":"","overlay-gradient":""},"tablet":{"background-color":"","background-image":"","background-repeat":"repeat","background-position":"center center","background-size":"auto","background-attachment":"scroll","background-type":"","background-media":"","overlay-type":"","overlay-color":"","overlay-opacity":"","overlay-gradient":""},"mobile":{"background-color":"","background-image":"","background-repeat":"repeat","background-position":"center center","background-size":"auto","background-attachment":"scroll","background-type":"","background-media":"","overlay-type":"","overlay-color":"","overlay-opacity":"","overlay-gradient":""}},"ast-content-background-meta":{"desktop":{"background-color":"var(--ast-global-color-5)","background-image":"","background-repeat":"repeat","background-position":"center center","background-size":"auto","background-attachment":"scroll","background-type":"","background-media":"","overlay-type":"","overlay-color":"","overlay-opacity":"","overlay-gradient":""},"tablet":{"background-color":"var(--ast-global-color-5)","background-image":"","background-repeat":"repeat","background-position":"center center","background-size":"auto","background-attachment":"scroll","background-type":"","background-media":"","overlay-type":"","overlay-color":"","overlay-opacity":"","overlay-gradient":""},"mobile":{"background-color":"var(--ast-global-color-5)","background-image":"","background-repeat":"repeat","background-position":"center center","background-size":"auto","background-attachment":"scroll","background-type":"","background-media":"","overlay-type":"","overlay-color":"","overlay-opacity":"","overlay-gradient":""}}},"product_brand":[],"product_cat":[688],"product_tag":[727,729,730,728],"class_list":{"0":"post-13241","1":"product","2":"type-product","3":"status-publish","4":"has-post-thumbnail","6":"product_cat-antibakterines-medicinines-kojines","7":"product_tag-antibakterines-kojines","8":"product_tag-antimikrobines-kojines","9":"product_tag-kojines-diabetikams","10":"product_tag-priesgrybelines-kojines","11":"desktop-align-center","12":"tablet-align-center","13":"mobile-align-center","15":"first","16":"instock","17":"purchasable","18":"product-type-variable"},"yoast_head":"<!-- This site is optimized with the Yoast SEO plugin v27.4 - https:\/\/yoast.com\/product\/yoast-seo-wordpress\/ -->\n<title>Medic Deo\u00ae Long kojin\u0117s - Podology.Shop<\/title>\n<meta name=\"robots\" content=\"index, follow, max-snippet:-1, max-image-preview:large, max-video-preview:-1\" \/>\n<link rel=\"canonical\" href=\"https:\/\/podology.shop\/lt\/produktas\/medic-deo-long-kojines\/\" \/>\n<meta property=\"og:locale\" content=\"lt_LT\" \/>\n<meta property=\"og:type\" content=\"article\" \/>\n<meta property=\"og:title\" content=\"Medic Deo\u00ae Long kojin\u0117s - Podology.Shop\" \/>\n<meta property=\"og:description\" content=\"MEDICININES FROTIN\u0116S KOJIN\u0116S IKI KELI\u0172 I\u0160 MEDVILN\u0116S\" \/>\n<meta property=\"og:url\" content=\"https:\/\/podology.shop\/lt\/produktas\/medic-deo-long-kojines\/\" \/>\n<meta property=\"og:site_name\" content=\"Podology.Shop\" \/>\n<meta property=\"article:modified_time\" content=\"2025-05-16T17:30:39+00:00\" \/>\n<meta property=\"og:image\" content=\"https:\/\/podology.shop\/wp-content\/uploads\/2020\/12\/Medic-Deo-Long-medical-socks-lt-1.jpg\" \/>\n\t<meta property=\"og:image:width\" content=\"1600\" \/>\n\t<meta property=\"og:image:height\" content=\"1360\" \/>\n\t<meta property=\"og:image:type\" content=\"image\/jpeg\" \/>\n<meta name=\"twitter:card\" content=\"summary_large_image\" \/>\n<meta name=\"twitter:label1\" content=\"Est. reading time\" \/>\n\t<meta name=\"twitter:data1\" content=\"2 minut\u0117s\" \/>\n<script type=\"application\/ld+json\" class=\"yoast-schema-graph\">{\"@context\":\"https:\\\/\\\/schema.org\",\"@graph\":[{\"@type\":\"WebPage\",\"@id\":\"https:\\\/\\\/podology.shop\\\/lt\\\/produktas\\\/medic-deo-long-kojines\\\/\",\"url\":\"https:\\\/\\\/podology.shop\\\/lt\\\/produktas\\\/medic-deo-long-kojines\\\/\",\"name\":\"Medic Deo\u00ae Long kojin\u0117s - Podology.Shop\",\"isPartOf\":{\"@id\":\"https:\\\/\\\/podology.shop\\\/lt\\\/#website\"},\"primaryImageOfPage\":{\"@id\":\"https:\\\/\\\/podology.shop\\\/lt\\\/produktas\\\/medic-deo-long-kojines\\\/#primaryimage\"},\"image\":{\"@id\":\"https:\\\/\\\/podology.shop\\\/lt\\\/produktas\\\/medic-deo-long-kojines\\\/#primaryimage\"},\"thumbnailUrl\":\"https:\\\/\\\/podology.shop\\\/wp-content\\\/uploads\\\/2020\\\/12\\\/Medic-Deo-Long-medical-socks-lt-1.jpg\",\"datePublished\":\"2020-12-22T12:49:28+00:00\",\"dateModified\":\"2025-05-16T17:30:39+00:00\",\"breadcrumb\":{\"@id\":\"https:\\\/\\\/podology.shop\\\/lt\\\/produktas\\\/medic-deo-long-kojines\\\/#breadcrumb\"},\"inLanguage\":\"lt-LT\",\"potentialAction\":[{\"@type\":\"ReadAction\",\"target\":[\"https:\\\/\\\/podology.shop\\\/lt\\\/produktas\\\/medic-deo-long-kojines\\\/\"]}]},{\"@type\":\"ImageObject\",\"inLanguage\":\"lt-LT\",\"@id\":\"https:\\\/\\\/podology.shop\\\/lt\\\/produktas\\\/medic-deo-long-kojines\\\/#primaryimage\",\"url\":\"https:\\\/\\\/podology.shop\\\/wp-content\\\/uploads\\\/2020\\\/12\\\/Medic-Deo-Long-medical-socks-lt-1.jpg\",\"contentUrl\":\"https:\\\/\\\/podology.shop\\\/wp-content\\\/uploads\\\/2020\\\/12\\\/Medic-Deo-Long-medical-socks-lt-1.jpg\",\"width\":1600,\"height\":1360,\"caption\":\"Medic Deo Long medical socks\"},{\"@type\":\"BreadcrumbList\",\"@id\":\"https:\\\/\\\/podology.shop\\\/lt\\\/produktas\\\/medic-deo-long-kojines\\\/#breadcrumb\",\"itemListElement\":[{\"@type\":\"ListItem\",\"position\":1,\"name\":\"Home\",\"item\":\"https:\\\/\\\/podology.shop\\\/lt\\\/\"},{\"@type\":\"ListItem\",\"position\":2,\"name\":\"Shop\",\"item\":\"https:\\\/\\\/podology.shop\\\/lt\\\/\"},{\"@type\":\"ListItem\",\"position\":3,\"name\":\"Medic Deo\u00ae Long kojin\u0117s\"}]},{\"@type\":\"WebSite\",\"@id\":\"https:\\\/\\\/podology.shop\\\/lt\\\/#website\",\"url\":\"https:\\\/\\\/podology.shop\\\/lt\\\/\",\"name\":\"Podology.Shop\",\"description\":\"Podology.Shop\",\"publisher\":{\"@id\":\"https:\\\/\\\/podology.shop\\\/lt\\\/#organization\"},\"potentialAction\":[{\"@type\":\"SearchAction\",\"target\":{\"@type\":\"EntryPoint\",\"urlTemplate\":\"https:\\\/\\\/podology.shop\\\/lt\\\/?s={search_term_string}\"},\"query-input\":{\"@type\":\"PropertyValueSpecification\",\"valueRequired\":true,\"valueName\":\"search_term_string\"}}],\"inLanguage\":\"lt-LT\"},{\"@type\":\"Organization\",\"@id\":\"https:\\\/\\\/podology.shop\\\/lt\\\/#organization\",\"name\":\"Podology.shop\",\"url\":\"https:\\\/\\\/podology.shop\\\/lt\\\/\",\"logo\":{\"@type\":\"ImageObject\",\"inLanguage\":\"lt-LT\",\"@id\":\"https:\\\/\\\/podology.shop\\\/lt\\\/#\\\/schema\\\/logo\\\/image\\\/\",\"url\":\"https:\\\/\\\/podology.shop\\\/wp-content\\\/uploads\\\/2020\\\/11\\\/125361778_1762772693887349_9190250941118524915_n-scaled.jpg\",\"contentUrl\":\"https:\\\/\\\/podology.shop\\\/wp-content\\\/uploads\\\/2020\\\/11\\\/125361778_1762772693887349_9190250941118524915_n-scaled.jpg\",\"width\":2560,\"height\":878,\"caption\":\"Podology.shop\"},\"image\":{\"@id\":\"https:\\\/\\\/podology.shop\\\/lt\\\/#\\\/schema\\\/logo\\\/image\\\/\"}}]}<\/script>\n<!-- \/ Yoast SEO plugin. -->","yoast_head_json":{"title":"Medic Deo\u00ae Long kojin\u0117s - Podology.Shop","robots":{"index":"index","follow":"follow","max-snippet":"max-snippet:-1","max-image-preview":"max-image-preview:large","max-video-preview":"max-video-preview:-1"},"canonical":"https:\/\/podology.shop\/lt\/produktas\/medic-deo-long-kojines\/","og_locale":"lt_LT","og_type":"article","og_title":"Medic Deo\u00ae Long kojin\u0117s - Podology.Shop","og_description":"MEDICININES FROTIN\u0116S KOJIN\u0116S IKI KELI\u0172 I\u0160 MEDVILN\u0116S","og_url":"https:\/\/podology.shop\/lt\/produktas\/medic-deo-long-kojines\/","og_site_name":"Podology.Shop","article_modified_time":"2025-05-16T17:30:39+00:00","og_image":[{"width":1600,"height":1360,"url":"https:\/\/podology.shop\/wp-content\/uploads\/2020\/12\/Medic-Deo-Long-medical-socks-lt-1.jpg","type":"image\/jpeg"}],"twitter_card":"summary_large_image","twitter_misc":{"Est. reading time":"2 minut\u0117s"},"schema":{"@context":"https:\/\/schema.org","@graph":[{"@type":"WebPage","@id":"https:\/\/podology.shop\/lt\/produktas\/medic-deo-long-kojines\/","url":"https:\/\/podology.shop\/lt\/produktas\/medic-deo-long-kojines\/","name":"Medic Deo\u00ae Long kojin\u0117s - Podology.Shop","isPartOf":{"@id":"https:\/\/podology.shop\/lt\/#website"},"primaryImageOfPage":{"@id":"https:\/\/podology.shop\/lt\/produktas\/medic-deo-long-kojines\/#primaryimage"},"image":{"@id":"https:\/\/podology.shop\/lt\/produktas\/medic-deo-long-kojines\/#primaryimage"},"thumbnailUrl":"https:\/\/podology.shop\/wp-content\/uploads\/2020\/12\/Medic-Deo-Long-medical-socks-lt-1.jpg","datePublished":"2020-12-22T12:49:28+00:00","dateModified":"2025-05-16T17:30:39+00:00","breadcrumb":{"@id":"https:\/\/podology.shop\/lt\/produktas\/medic-deo-long-kojines\/#breadcrumb"},"inLanguage":"lt-LT","potentialAction":[{"@type":"ReadAction","target":["https:\/\/podology.shop\/lt\/produktas\/medic-deo-long-kojines\/"]}]},{"@type":"ImageObject","inLanguage":"lt-LT","@id":"https:\/\/podology.shop\/lt\/produktas\/medic-deo-long-kojines\/#primaryimage","url":"https:\/\/podology.shop\/wp-content\/uploads\/2020\/12\/Medic-Deo-Long-medical-socks-lt-1.jpg","contentUrl":"https:\/\/podology.shop\/wp-content\/uploads\/2020\/12\/Medic-Deo-Long-medical-socks-lt-1.jpg","width":1600,"height":1360,"caption":"Medic Deo Long medical socks"},{"@type":"BreadcrumbList","@id":"https:\/\/podology.shop\/lt\/produktas\/medic-deo-long-kojines\/#breadcrumb","itemListElement":[{"@type":"ListItem","position":1,"name":"Home","item":"https:\/\/podology.shop\/lt\/"},{"@type":"ListItem","position":2,"name":"Shop","item":"https:\/\/podology.shop\/lt\/"},{"@type":"ListItem","position":3,"name":"Medic Deo\u00ae Long kojin\u0117s"}]},{"@type":"WebSite","@id":"https:\/\/podology.shop\/lt\/#website","url":"https:\/\/podology.shop\/lt\/","name":"Podology.Shop","description":"Podology.Shop","publisher":{"@id":"https:\/\/podology.shop\/lt\/#organization"},"potentialAction":[{"@type":"SearchAction","target":{"@type":"EntryPoint","urlTemplate":"https:\/\/podology.shop\/lt\/?s={search_term_string}"},"query-input":{"@type":"PropertyValueSpecification","valueRequired":true,"valueName":"search_term_string"}}],"inLanguage":"lt-LT"},{"@type":"Organization","@id":"https:\/\/podology.shop\/lt\/#organization","name":"Podology.shop","url":"https:\/\/podology.shop\/lt\/","logo":{"@type":"ImageObject","inLanguage":"lt-LT","@id":"https:\/\/podology.shop\/lt\/#\/schema\/logo\/image\/","url":"https:\/\/podology.shop\/wp-content\/uploads\/2020\/11\/125361778_1762772693887349_9190250941118524915_n-scaled.jpg","contentUrl":"https:\/\/podology.shop\/wp-content\/uploads\/2020\/11\/125361778_1762772693887349_9190250941118524915_n-scaled.jpg","width":2560,"height":878,"caption":"Podology.shop"},"image":{"@id":"https:\/\/podology.shop\/lt\/#\/schema\/logo\/image\/"}}]}},"_links":{"self":[{"href":"https:\/\/podology.shop\/lt\/wp-json\/wp\/v2\/product\/13241","targetHints":{"allow":["GET"]}}],"collection":[{"href":"https:\/\/podology.shop\/lt\/wp-json\/wp\/v2\/product"}],"about":[{"href":"https:\/\/podology.shop\/lt\/wp-json\/wp\/v2\/types\/product"}],"replies":[{"embeddable":true,"href":"https:\/\/podology.shop\/lt\/wp-json\/wp\/v2\/comments?post=13241"}],"wp:featuredmedia":[{"embeddable":true,"href":"https:\/\/podology.shop\/lt\/wp-json\/wp\/v2\/media\/9504"}],"wp:attachment":[{"href":"https:\/\/podology.shop\/lt\/wp-json\/wp\/v2\/media?parent=13241"}],"wp:term":[{"taxonomy":"product_brand","embeddable":true,"href":"https:\/\/podology.shop\/lt\/wp-json\/wp\/v2\/product_brand?post=13241"},{"taxonomy":"product_cat","embeddable":true,"href":"https:\/\/podology.shop\/lt\/wp-json\/wp\/v2\/product_cat?post=13241"},{"taxonomy":"product_tag","embeddable":true,"href":"https:\/\/podology.shop\/lt\/wp-json\/wp\/v2\/product_tag?post=13241"}],"curies":[{"name":"wp","href":"https:\/\/api.w.org\/{rel}","templated":true}]}}