{"id":14536,"date":"2020-11-30T20:54:20","date_gmt":"2020-12-28T12:14:14","guid":{"rendered":"https:\/\/podology.shop\/product\/diatwister-mega-coarse-grit\/"},"modified":"2021-08-29T19:40:10","modified_gmt":"2021-08-29T16:40:10","slug":"dt4880-085-hp-dt4880-100-hp-dt4880-120-hp-busch-diatwister-freza-ypatingai-siurkstus-pavirsius","status":"publish","type":"product","link":"https:\/\/podology.shop\/lt\/produktas\/dt4880-085-hp-dt4880-100-hp-dt4880-120-hp-busch-diatwister-freza-ypatingai-siurkstus-pavirsius\/","title":{"rendered":"BUSCH DIATWISTER freza, ypatingai \u0161iurk\u0161tus pavir\u0161ius"},"content":{"rendered":"<p>Medicinos instrument\u0173 serija su integruota v\u0117sinimo technologija hiperkeratozei \u0161alinti. Naudojami dirbant sausa ir dr\u0117gna technika. Ypa\u010d didelis patvarumas.<\/p>\n<p>\u0160is naujausias, CE \u017eenklu pa\u017eym\u0117t\u0173 medicinos priemoni\u0173 asortimentas, pasi\u017eymi puikiu funkcionalumu, ekonominiu efektyvumu ir optimalia higiena.<br \/>\n\u2022 Kieta, nedylanti, trij\u0173 gr\u016bd\u0117tumo kategorij\u0173 deimantin\u0117 danga, padeda pasiekti geriausi\u0173 darbo rezultat\u0173 ir pasi\u017eymi ypa\u010d ilgu naudojimo ciklu.<br \/>\n\u2022 Patentuota technologija, tam tikra tvarka i\u0161d\u0117stytos \u012fstri\u017eos \u012fpjovos sukuria iki 100% didesn\u012f v\u0117sinimo potencial\u0105 lyginant su pana\u0161iais instrumentais.<br \/>\n\u2022 Trys ergonomi\u0161kos darbin\u0117s dalies formos, pasirenkamos pagal \u0161lifavimo technikos ypatumus ir poreikius, dirbant sausu ir dr\u0117gnu b\u016bdu.<\/p>\n<p>Ypatingai \u0161iurk\u0161tus pavir\u0161ius \u2013 labai storai hiperkeratozei \u0161alinti. (\u017dym\u0117jimas \u2013 dvi juodos linijos)<br \/>\nLabai \u0161iurk\u0161tus pavir\u0161ius &#8211; hiperkeratozei \u0161alinti. (\u017dym\u0117jimas &#8211; viena juoda linija)<br \/>\n\u0160iurk\u0161tus pavir\u0161ius &#8211; lengvam odos surag\u0117jimui \u0161alinti. (\u017dym\u0117jimas &#8211; viena \u017ealia linija)<\/p>\n","protected":false},"excerpt":{"rendered":"<p>Medicinos instrument\u0173 serija su integruota v\u0117sinimo technologija hiperkeratozei \u0161alinti.<br \/>\n\u2022 naudojami dirbant ir sausa ir dr\u0117gna technika.<br \/>\n\u2022 tam tikra tvarka i\u0161d\u0117stytos \u012fstri\u017eos \u012fpjovos.<br \/>\n\u2022 pagaminta i\u0161 ner\u016bdijan\u010dio plieno, o tai rei\u0161kia didesn\u012f patvarum\u0105 dezinfekuojant ir sterilizuojant.<br \/>\n\u2022 tikslus koncentri\u0161kumas, nes instrumentas yra vientisas.<\/p>\n","protected":false},"featured_media":15736,"comment_status":"open","ping_status":"closed","template":"","meta":{"inline_featured_image":false,"_monsterinsights_skip_tracking":false,"_monsterinsights_sitenote_active":false,"_monsterinsights_sitenote_note":"","_monsterinsights_sitenote_category":0,"site-sidebar-layout":"default","site-content-layout":"default","ast-site-content-layout":"default","site-content-style":"default","site-sidebar-style":"default","ast-global-header-display":"","ast-banner-title-visibility":"","ast-main-header-display":"","ast-hfb-above-header-display":"","ast-hfb-below-header-display":"","ast-hfb-mobile-header-display":"","site-post-title":"","ast-breadcrumbs-content":"","ast-featured-img":"","footer-sml-layout":"","ast-disable-related-posts":"","theme-transparent-header-meta":"default","adv-header-id-meta":"","stick-header-meta":"","header-above-stick-meta":"","header-main-stick-meta":"","header-below-stick-meta":"","astra-migrate-meta-layouts":"default","ast-page-background-enabled":"default","ast-page-background-meta":{"desktop":{"background-color":"","background-image":"","background-repeat":"repeat","background-position":"center center","background-size":"auto","background-attachment":"scroll","background-type":"","background-media":"","overlay-type":"","overlay-color":"","overlay-opacity":"","overlay-gradient":""},"tablet":{"background-color":"","background-image":"","background-repeat":"repeat","background-position":"center center","background-size":"auto","background-attachment":"scroll","background-type":"","background-media":"","overlay-type":"","overlay-color":"","overlay-opacity":"","overlay-gradient":""},"mobile":{"background-color":"","background-image":"","background-repeat":"repeat","background-position":"center center","background-size":"auto","background-attachment":"scroll","background-type":"","background-media":"","overlay-type":"","overlay-color":"","overlay-opacity":"","overlay-gradient":""}},"ast-content-background-meta":{"desktop":{"background-color":"var(--ast-global-color-5)","background-image":"","background-repeat":"repeat","background-position":"center center","background-size":"auto","background-attachment":"scroll","background-type":"","background-media":"","overlay-type":"","overlay-color":"","overlay-opacity":"","overlay-gradient":""},"tablet":{"background-color":"var(--ast-global-color-5)","background-image":"","background-repeat":"repeat","background-position":"center center","background-size":"auto","background-attachment":"scroll","background-type":"","background-media":"","overlay-type":"","overlay-color":"","overlay-opacity":"","overlay-gradient":""},"mobile":{"background-color":"var(--ast-global-color-5)","background-image":"","background-repeat":"repeat","background-position":"center center","background-size":"auto","background-attachment":"scroll","background-type":"","background-media":"","overlay-type":"","overlay-color":"","overlay-opacity":"","overlay-gradient":""}}},"product_brand":[],"product_cat":[148],"product_tag":[],"class_list":{"0":"post-14536","1":"product","2":"type-product","3":"status-publish","4":"has-post-thumbnail","6":"product_cat-busch-dia-twister-frezos","7":"desktop-align-center","8":"tablet-align-center","9":"mobile-align-center","11":"first","12":"instock","13":"shipping-taxable","14":"purchasable","15":"product-type-variable"},"yoast_head":"<!-- This site is optimized with the Yoast SEO plugin v27.1.1 - https:\/\/yoast.com\/product\/yoast-seo-wordpress\/ -->\n<title>BUSCH DIATWISTER freza, ypatingai \u0161iurk\u0161tus pavir\u0161ius - Podology.Shop<\/title>\n<meta name=\"robots\" content=\"index, follow, max-snippet:-1, max-image-preview:large, max-video-preview:-1\" \/>\n<link rel=\"canonical\" href=\"https:\/\/podology.shop\/lt\/produktas\/dt4880-085-hp-dt4880-100-hp-dt4880-120-hp-busch-diatwister-freza-ypatingai-siurkstus-pavirsius\/\" \/>\n<meta property=\"og:locale\" content=\"lt_LT\" \/>\n<meta property=\"og:type\" content=\"article\" \/>\n<meta property=\"og:title\" content=\"BUSCH DIATWISTER freza, ypatingai \u0161iurk\u0161tus pavir\u0161ius - Podology.Shop\" \/>\n<meta property=\"og:description\" content=\"Medicinos instrument\u0173 serija su integruota v\u0117sinimo technologija hiperkeratozei \u0161alinti. \u2022 naudojami dirbant ir sausa ir dr\u0117gna technika. \u2022 tam tikra tvarka i\u0161d\u0117stytos \u012fstri\u017eos \u012fpjovos. \u2022 pagaminta i\u0161 ner\u016bdijan\u010dio plieno, o tai rei\u0161kia didesn\u012f patvarum\u0105 dezinfekuojant ir sterilizuojant. \u2022 tikslus koncentri\u0161kumas, nes instrumentas yra vientisas.\" \/>\n<meta property=\"og:url\" content=\"https:\/\/podology.shop\/lt\/produktas\/dt4880-085-hp-dt4880-100-hp-dt4880-120-hp-busch-diatwister-freza-ypatingai-siurkstus-pavirsius\/\" \/>\n<meta property=\"og:site_name\" content=\"Podology.Shop\" \/>\n<meta property=\"article:modified_time\" content=\"2021-08-29T16:40:10+00:00\" \/>\n<meta property=\"og:image\" content=\"https:\/\/podology.shop\/wp-content\/uploads\/2021\/01\/DIATWISTER-MEGA-COARSE-GRIT-2-1.jpg\" \/>\n\t<meta property=\"og:image:width\" content=\"1600\" \/>\n\t<meta property=\"og:image:height\" content=\"1360\" \/>\n\t<meta property=\"og:image:type\" content=\"image\/jpeg\" \/>\n<meta name=\"twitter:card\" content=\"summary_large_image\" \/>\n<meta name=\"twitter:label1\" content=\"Est. reading time\" \/>\n\t<meta name=\"twitter:data1\" content=\"1 minut\u0117\" \/>\n<script type=\"application\/ld+json\" class=\"yoast-schema-graph\">{\"@context\":\"https:\/\/schema.org\",\"@graph\":[{\"@type\":\"WebPage\",\"@id\":\"https:\/\/podology.shop\/lt\/produktas\/dt4880-085-hp-dt4880-100-hp-dt4880-120-hp-busch-diatwister-freza-ypatingai-siurkstus-pavirsius\/\",\"url\":\"https:\/\/podology.shop\/lt\/produktas\/dt4880-085-hp-dt4880-100-hp-dt4880-120-hp-busch-diatwister-freza-ypatingai-siurkstus-pavirsius\/\",\"name\":\"BUSCH DIATWISTER freza, ypatingai \u0161iurk\u0161tus pavir\u0161ius - Podology.Shop\",\"isPartOf\":{\"@id\":\"https:\/\/podology.shop\/lt\/#website\"},\"primaryImageOfPage\":{\"@id\":\"https:\/\/podology.shop\/lt\/produktas\/dt4880-085-hp-dt4880-100-hp-dt4880-120-hp-busch-diatwister-freza-ypatingai-siurkstus-pavirsius\/#primaryimage\"},\"image\":{\"@id\":\"https:\/\/podology.shop\/lt\/produktas\/dt4880-085-hp-dt4880-100-hp-dt4880-120-hp-busch-diatwister-freza-ypatingai-siurkstus-pavirsius\/#primaryimage\"},\"thumbnailUrl\":\"https:\/\/podology.shop\/wp-content\/uploads\/2021\/01\/DIATWISTER-MEGA-COARSE-GRIT-2-1.jpg\",\"datePublished\":\"2020-12-28T12:14:14+00:00\",\"dateModified\":\"2021-08-29T16:40:10+00:00\",\"breadcrumb\":{\"@id\":\"https:\/\/podology.shop\/lt\/produktas\/dt4880-085-hp-dt4880-100-hp-dt4880-120-hp-busch-diatwister-freza-ypatingai-siurkstus-pavirsius\/#breadcrumb\"},\"inLanguage\":\"lt-LT\",\"potentialAction\":[{\"@type\":\"ReadAction\",\"target\":[\"https:\/\/podology.shop\/lt\/produktas\/dt4880-085-hp-dt4880-100-hp-dt4880-120-hp-busch-diatwister-freza-ypatingai-siurkstus-pavirsius\/\"]}]},{\"@type\":\"ImageObject\",\"inLanguage\":\"lt-LT\",\"@id\":\"https:\/\/podology.shop\/lt\/produktas\/dt4880-085-hp-dt4880-100-hp-dt4880-120-hp-busch-diatwister-freza-ypatingai-siurkstus-pavirsius\/#primaryimage\",\"url\":\"https:\/\/podology.shop\/wp-content\/uploads\/2021\/01\/DIATWISTER-MEGA-COARSE-GRIT-2-1.jpg\",\"contentUrl\":\"https:\/\/podology.shop\/wp-content\/uploads\/2021\/01\/DIATWISTER-MEGA-COARSE-GRIT-2-1.jpg\",\"width\":1600,\"height\":1360},{\"@type\":\"BreadcrumbList\",\"@id\":\"https:\/\/podology.shop\/lt\/produktas\/dt4880-085-hp-dt4880-100-hp-dt4880-120-hp-busch-diatwister-freza-ypatingai-siurkstus-pavirsius\/#breadcrumb\",\"itemListElement\":[{\"@type\":\"ListItem\",\"position\":1,\"name\":\"Home\",\"item\":\"https:\/\/podology.shop\/lt\/\"},{\"@type\":\"ListItem\",\"position\":2,\"name\":\"Shop\",\"item\":\"https:\/\/podology.shop\/lt\/\"},{\"@type\":\"ListItem\",\"position\":3,\"name\":\"BUSCH DIATWISTER freza, ypatingai \u0161iurk\u0161tus pavir\u0161ius\"}]},{\"@type\":\"WebSite\",\"@id\":\"https:\/\/podology.shop\/lt\/#website\",\"url\":\"https:\/\/podology.shop\/lt\/\",\"name\":\"Podology.Shop\",\"description\":\"Podology.Shop\",\"publisher\":{\"@id\":\"https:\/\/podology.shop\/lt\/#organization\"},\"potentialAction\":[{\"@type\":\"SearchAction\",\"target\":{\"@type\":\"EntryPoint\",\"urlTemplate\":\"https:\/\/podology.shop\/lt\/?s={search_term_string}\"},\"query-input\":{\"@type\":\"PropertyValueSpecification\",\"valueRequired\":true,\"valueName\":\"search_term_string\"}}],\"inLanguage\":\"lt-LT\"},{\"@type\":\"Organization\",\"@id\":\"https:\/\/podology.shop\/lt\/#organization\",\"name\":\"Podology.shop\",\"url\":\"https:\/\/podology.shop\/lt\/\",\"logo\":{\"@type\":\"ImageObject\",\"inLanguage\":\"lt-LT\",\"@id\":\"https:\/\/podology.shop\/lt\/#\/schema\/logo\/image\/\",\"url\":\"https:\/\/podology.shop\/wp-content\/uploads\/2020\/11\/125361778_1762772693887349_9190250941118524915_n-scaled.jpg\",\"contentUrl\":\"https:\/\/podology.shop\/wp-content\/uploads\/2020\/11\/125361778_1762772693887349_9190250941118524915_n-scaled.jpg\",\"width\":2560,\"height\":878,\"caption\":\"Podology.shop\"},\"image\":{\"@id\":\"https:\/\/podology.shop\/lt\/#\/schema\/logo\/image\/\"}}]}<\/script>\n<!-- \/ Yoast SEO plugin. -->","yoast_head_json":{"title":"BUSCH DIATWISTER freza, ypatingai \u0161iurk\u0161tus pavir\u0161ius - Podology.Shop","robots":{"index":"index","follow":"follow","max-snippet":"max-snippet:-1","max-image-preview":"max-image-preview:large","max-video-preview":"max-video-preview:-1"},"canonical":"https:\/\/podology.shop\/lt\/produktas\/dt4880-085-hp-dt4880-100-hp-dt4880-120-hp-busch-diatwister-freza-ypatingai-siurkstus-pavirsius\/","og_locale":"lt_LT","og_type":"article","og_title":"BUSCH DIATWISTER freza, ypatingai \u0161iurk\u0161tus pavir\u0161ius - Podology.Shop","og_description":"Medicinos instrument\u0173 serija su integruota v\u0117sinimo technologija hiperkeratozei \u0161alinti. \u2022 naudojami dirbant ir sausa ir dr\u0117gna technika. \u2022 tam tikra tvarka i\u0161d\u0117stytos \u012fstri\u017eos \u012fpjovos. \u2022 pagaminta i\u0161 ner\u016bdijan\u010dio plieno, o tai rei\u0161kia didesn\u012f patvarum\u0105 dezinfekuojant ir sterilizuojant. \u2022 tikslus koncentri\u0161kumas, nes instrumentas yra vientisas.","og_url":"https:\/\/podology.shop\/lt\/produktas\/dt4880-085-hp-dt4880-100-hp-dt4880-120-hp-busch-diatwister-freza-ypatingai-siurkstus-pavirsius\/","og_site_name":"Podology.Shop","article_modified_time":"2021-08-29T16:40:10+00:00","og_image":[{"width":1600,"height":1360,"url":"https:\/\/podology.shop\/wp-content\/uploads\/2021\/01\/DIATWISTER-MEGA-COARSE-GRIT-2-1.jpg","type":"image\/jpeg"}],"twitter_card":"summary_large_image","twitter_misc":{"Est. reading time":"1 minut\u0117"},"schema":{"@context":"https:\/\/schema.org","@graph":[{"@type":"WebPage","@id":"https:\/\/podology.shop\/lt\/produktas\/dt4880-085-hp-dt4880-100-hp-dt4880-120-hp-busch-diatwister-freza-ypatingai-siurkstus-pavirsius\/","url":"https:\/\/podology.shop\/lt\/produktas\/dt4880-085-hp-dt4880-100-hp-dt4880-120-hp-busch-diatwister-freza-ypatingai-siurkstus-pavirsius\/","name":"BUSCH DIATWISTER freza, ypatingai \u0161iurk\u0161tus pavir\u0161ius - Podology.Shop","isPartOf":{"@id":"https:\/\/podology.shop\/lt\/#website"},"primaryImageOfPage":{"@id":"https:\/\/podology.shop\/lt\/produktas\/dt4880-085-hp-dt4880-100-hp-dt4880-120-hp-busch-diatwister-freza-ypatingai-siurkstus-pavirsius\/#primaryimage"},"image":{"@id":"https:\/\/podology.shop\/lt\/produktas\/dt4880-085-hp-dt4880-100-hp-dt4880-120-hp-busch-diatwister-freza-ypatingai-siurkstus-pavirsius\/#primaryimage"},"thumbnailUrl":"https:\/\/podology.shop\/wp-content\/uploads\/2021\/01\/DIATWISTER-MEGA-COARSE-GRIT-2-1.jpg","datePublished":"2020-12-28T12:14:14+00:00","dateModified":"2021-08-29T16:40:10+00:00","breadcrumb":{"@id":"https:\/\/podology.shop\/lt\/produktas\/dt4880-085-hp-dt4880-100-hp-dt4880-120-hp-busch-diatwister-freza-ypatingai-siurkstus-pavirsius\/#breadcrumb"},"inLanguage":"lt-LT","potentialAction":[{"@type":"ReadAction","target":["https:\/\/podology.shop\/lt\/produktas\/dt4880-085-hp-dt4880-100-hp-dt4880-120-hp-busch-diatwister-freza-ypatingai-siurkstus-pavirsius\/"]}]},{"@type":"ImageObject","inLanguage":"lt-LT","@id":"https:\/\/podology.shop\/lt\/produktas\/dt4880-085-hp-dt4880-100-hp-dt4880-120-hp-busch-diatwister-freza-ypatingai-siurkstus-pavirsius\/#primaryimage","url":"https:\/\/podology.shop\/wp-content\/uploads\/2021\/01\/DIATWISTER-MEGA-COARSE-GRIT-2-1.jpg","contentUrl":"https:\/\/podology.shop\/wp-content\/uploads\/2021\/01\/DIATWISTER-MEGA-COARSE-GRIT-2-1.jpg","width":1600,"height":1360},{"@type":"BreadcrumbList","@id":"https:\/\/podology.shop\/lt\/produktas\/dt4880-085-hp-dt4880-100-hp-dt4880-120-hp-busch-diatwister-freza-ypatingai-siurkstus-pavirsius\/#breadcrumb","itemListElement":[{"@type":"ListItem","position":1,"name":"Home","item":"https:\/\/podology.shop\/lt\/"},{"@type":"ListItem","position":2,"name":"Shop","item":"https:\/\/podology.shop\/lt\/"},{"@type":"ListItem","position":3,"name":"BUSCH DIATWISTER freza, ypatingai \u0161iurk\u0161tus pavir\u0161ius"}]},{"@type":"WebSite","@id":"https:\/\/podology.shop\/lt\/#website","url":"https:\/\/podology.shop\/lt\/","name":"Podology.Shop","description":"Podology.Shop","publisher":{"@id":"https:\/\/podology.shop\/lt\/#organization"},"potentialAction":[{"@type":"SearchAction","target":{"@type":"EntryPoint","urlTemplate":"https:\/\/podology.shop\/lt\/?s={search_term_string}"},"query-input":{"@type":"PropertyValueSpecification","valueRequired":true,"valueName":"search_term_string"}}],"inLanguage":"lt-LT"},{"@type":"Organization","@id":"https:\/\/podology.shop\/lt\/#organization","name":"Podology.shop","url":"https:\/\/podology.shop\/lt\/","logo":{"@type":"ImageObject","inLanguage":"lt-LT","@id":"https:\/\/podology.shop\/lt\/#\/schema\/logo\/image\/","url":"https:\/\/podology.shop\/wp-content\/uploads\/2020\/11\/125361778_1762772693887349_9190250941118524915_n-scaled.jpg","contentUrl":"https:\/\/podology.shop\/wp-content\/uploads\/2020\/11\/125361778_1762772693887349_9190250941118524915_n-scaled.jpg","width":2560,"height":878,"caption":"Podology.shop"},"image":{"@id":"https:\/\/podology.shop\/lt\/#\/schema\/logo\/image\/"}}]}},"_links":{"self":[{"href":"https:\/\/podology.shop\/lt\/wp-json\/wp\/v2\/product\/14536","targetHints":{"allow":["GET"]}}],"collection":[{"href":"https:\/\/podology.shop\/lt\/wp-json\/wp\/v2\/product"}],"about":[{"href":"https:\/\/podology.shop\/lt\/wp-json\/wp\/v2\/types\/product"}],"replies":[{"embeddable":true,"href":"https:\/\/podology.shop\/lt\/wp-json\/wp\/v2\/comments?post=14536"}],"wp:featuredmedia":[{"embeddable":true,"href":"https:\/\/podology.shop\/lt\/wp-json\/wp\/v2\/media\/15736"}],"wp:attachment":[{"href":"https:\/\/podology.shop\/lt\/wp-json\/wp\/v2\/media?parent=14536"}],"wp:term":[{"taxonomy":"product_brand","embeddable":true,"href":"https:\/\/podology.shop\/lt\/wp-json\/wp\/v2\/product_brand?post=14536"},{"taxonomy":"product_cat","embeddable":true,"href":"https:\/\/podology.shop\/lt\/wp-json\/wp\/v2\/product_cat?post=14536"},{"taxonomy":"product_tag","embeddable":true,"href":"https:\/\/podology.shop\/lt\/wp-json\/wp\/v2\/product_tag?post=14536"}],"curies":[{"name":"wp","href":"https:\/\/api.w.org\/{rel}","templated":true}]}}