{"id":14687,"date":"2020-11-30T20:53:00","date_gmt":"2020-11-30T16:53:00","guid":{"rendered":"https:\/\/podology.shop\/product\/hybridtwister-tapered-tip-coarse-grit\/"},"modified":"2021-08-29T19:40:10","modified_gmt":"2021-08-29T16:40:10","slug":"hybridtwister-tapered-tip-coarse-grit","status":"publish","type":"product","link":"https:\/\/podology.shop\/lt\/produktas\/hybridtwister-tapered-tip-coarse-grit\/","title":{"rendered":"HYBRIDTWISTER TAPERED-TIP, \u0161iurk\u0161ti hibridin\u0117 danga"},"content":{"rendered":"<p>M\u016bs\u0173 ekspertas ypatingiems atvejams<\/p>\n<p>Pa\u0161alina dideles hiperkeratozes ir odos \u012ftr\u016bkimus, lokalias hiperkeratozes (pvz., ant koj\u0173 pir\u0161t\u0173 galiuk\u0173) ir nuospaudas, tam naudojant tik vien\u0105 instrument\u0105. \u0160ios fr\u0117zos formos ypatyb\u0117 yra ta, kad ilga, paraleliai smail\u0117janti galvut\u0117 tinkama \u0161lifuoti ir didesnius plotus, ir tarpupir\u0161\u010dius. Suma\u017e\u0117ja poreikis keisti instrumentus, ma\u017eiau laiko skiriama ir prietais\u0173 dezinfekavimui, tod\u0117l darbo procesas tampa paprastenis.<\/p>\n<p>Hibridin\u0117 \u2013 deimantin\u0117 ir keramikos danga yra labai efektyvi, tod\u0117l dirbti \u0161alinant hiperkeratozes yra patogu ir lengva. Jus nustebins frezos efektivumas . Nepaisant smulkesnio hibridin\u0117s dangos gr\u016bd\u0117tumo, hiperkeratoz\u0117s \u0161alinamos kaip niekad greitai, o odos pavir\u0161ius lieka lygesnis.<br \/>\nPasinaudokite visais HYBRIDTWISTER TAPERED-TIP privalumais:<br \/>\nDeimantin\u0117 abrazyvin\u0117 danga &#8211; ilgesnis tarnavimo laikas ir ekonomi\u0161kumas.<br \/>\nKeramin\u0117 abrazyvin\u0117 danga &#8211; na\u0161esnis atsluoksniavimas ir pavir\u0161iaus i\u0161lyginimas, laiko taupymas.<br \/>\nHYBRIDTWISTER TAPERED-TIP dizainas &#8211; optimalus v\u0117sinimas dirbant dr\u0117gna technika, ir geresn\u0117 siurbimo funkcija dirbant sausa technika.<\/p>\n","protected":false},"excerpt":{"rendered":"<p>\u0161iurk\u0161ti hibridin\u0117 danga<br \/>\n\u2022 darbui su hiperkeratoz\u0117.<br \/>\n\u2022 gili\u0173 odos \u012ftr\u016bkim\u0173 i\u0161lyginimui<\/p>\n<p>\u201eHybrid TWISTER Tapered-tip\u201c yra medicininis prietaisas, kur\u012f galima naudoti tiek sausoje, tiek dr\u0117gnoje technikoje ir kur\u012f galima lengvai integruoti \u012f prietaiso perdirbimo darbo eig\u0105.<\/p>\n","protected":false},"featured_media":9741,"comment_status":"open","ping_status":"closed","template":"","meta":{"inline_featured_image":false,"_monsterinsights_skip_tracking":false,"_monsterinsights_sitenote_active":false,"_monsterinsights_sitenote_note":"","_monsterinsights_sitenote_category":0,"site-sidebar-layout":"default","site-content-layout":"default","ast-site-content-layout":"default","site-content-style":"default","site-sidebar-style":"default","ast-global-header-display":"","ast-banner-title-visibility":"","ast-main-header-display":"","ast-hfb-above-header-display":"","ast-hfb-below-header-display":"","ast-hfb-mobile-header-display":"","site-post-title":"","ast-breadcrumbs-content":"","ast-featured-img":"","footer-sml-layout":"","ast-disable-related-posts":"","theme-transparent-header-meta":"default","adv-header-id-meta":"","stick-header-meta":"","header-above-stick-meta":"","header-main-stick-meta":"","header-below-stick-meta":"","astra-migrate-meta-layouts":"default","ast-page-background-enabled":"default","ast-page-background-meta":{"desktop":{"background-color":"","background-image":"","background-repeat":"repeat","background-position":"center center","background-size":"auto","background-attachment":"scroll","background-type":"","background-media":"","overlay-type":"","overlay-color":"","overlay-opacity":"","overlay-gradient":""},"tablet":{"background-color":"","background-image":"","background-repeat":"repeat","background-position":"center center","background-size":"auto","background-attachment":"scroll","background-type":"","background-media":"","overlay-type":"","overlay-color":"","overlay-opacity":"","overlay-gradient":""},"mobile":{"background-color":"","background-image":"","background-repeat":"repeat","background-position":"center center","background-size":"auto","background-attachment":"scroll","background-type":"","background-media":"","overlay-type":"","overlay-color":"","overlay-opacity":"","overlay-gradient":""}},"ast-content-background-meta":{"desktop":{"background-color":"var(--ast-global-color-5)","background-image":"","background-repeat":"repeat","background-position":"center center","background-size":"auto","background-attachment":"scroll","background-type":"","background-media":"","overlay-type":"","overlay-color":"","overlay-opacity":"","overlay-gradient":""},"tablet":{"background-color":"var(--ast-global-color-5)","background-image":"","background-repeat":"repeat","background-position":"center center","background-size":"auto","background-attachment":"scroll","background-type":"","background-media":"","overlay-type":"","overlay-color":"","overlay-opacity":"","overlay-gradient":""},"mobile":{"background-color":"var(--ast-global-color-5)","background-image":"","background-repeat":"repeat","background-position":"center center","background-size":"auto","background-attachment":"scroll","background-type":"","background-media":"","overlay-type":"","overlay-color":"","overlay-opacity":"","overlay-gradient":""}}},"product_brand":[],"product_cat":[105],"product_tag":[893],"class_list":{"0":"post-14687","1":"product","2":"type-product","3":"status-publish","4":"has-post-thumbnail","6":"product_cat-busch-frezos-pedikiurui-manikiurui","7":"product_tag-ht852115hp-lt","8":"desktop-align-center","9":"tablet-align-center","10":"mobile-align-center","12":"first","13":"outofstock","14":"shipping-taxable","15":"purchasable","16":"product-type-simple"},"yoast_head":"<!-- This site is optimized with the Yoast SEO plugin v27.1.1 - https:\/\/yoast.com\/product\/yoast-seo-wordpress\/ -->\n<title>HYBRIDTWISTER TAPERED-TIP, \u0161iurk\u0161ti hibridin\u0117 danga - Podology.Shop<\/title>\n<meta name=\"robots\" content=\"index, follow, max-snippet:-1, max-image-preview:large, max-video-preview:-1\" \/>\n<link rel=\"canonical\" href=\"https:\/\/podology.shop\/lt\/produktas\/hybridtwister-tapered-tip-coarse-grit\/\" \/>\n<meta property=\"og:locale\" content=\"lt_LT\" \/>\n<meta property=\"og:type\" content=\"article\" \/>\n<meta property=\"og:title\" content=\"HYBRIDTWISTER TAPERED-TIP, \u0161iurk\u0161ti hibridin\u0117 danga - Podology.Shop\" \/>\n<meta property=\"og:description\" content=\"\u0161iurk\u0161ti hibridin\u0117 danga \u2022 darbui su hiperkeratoz\u0117. \u2022 gili\u0173 odos \u012ftr\u016bkim\u0173 i\u0161lyginimui \u201eHybrid TWISTER Tapered-tip\u201c yra medicininis prietaisas, kur\u012f galima naudoti tiek sausoje, tiek dr\u0117gnoje technikoje ir kur\u012f galima lengvai integruoti \u012f prietaiso perdirbimo darbo eig\u0105.\" \/>\n<meta property=\"og:url\" content=\"https:\/\/podology.shop\/lt\/produktas\/hybridtwister-tapered-tip-coarse-grit\/\" \/>\n<meta property=\"og:site_name\" content=\"Podology.Shop\" \/>\n<meta property=\"article:modified_time\" content=\"2021-08-29T16:40:10+00:00\" \/>\n<meta property=\"og:image\" content=\"https:\/\/podology.shop\/wp-content\/uploads\/2020\/11\/HYBRIDTWISTER-TAPERED-TIP-COARSE-GRIT.jpg\" \/>\n\t<meta property=\"og:image:width\" content=\"1600\" \/>\n\t<meta property=\"og:image:height\" content=\"1360\" \/>\n\t<meta property=\"og:image:type\" content=\"image\/jpeg\" \/>\n<meta name=\"twitter:card\" content=\"summary_large_image\" \/>\n<meta name=\"twitter:label1\" content=\"Est. reading time\" \/>\n\t<meta name=\"twitter:data1\" content=\"1 minut\u0117\" \/>\n<script type=\"application\/ld+json\" class=\"yoast-schema-graph\">{\"@context\":\"https:\/\/schema.org\",\"@graph\":[{\"@type\":\"WebPage\",\"@id\":\"https:\/\/podology.shop\/lt\/produktas\/hybridtwister-tapered-tip-coarse-grit\/\",\"url\":\"https:\/\/podology.shop\/lt\/produktas\/hybridtwister-tapered-tip-coarse-grit\/\",\"name\":\"HYBRIDTWISTER TAPERED-TIP, \u0161iurk\u0161ti hibridin\u0117 danga - Podology.Shop\",\"isPartOf\":{\"@id\":\"https:\/\/podology.shop\/lt\/#website\"},\"primaryImageOfPage\":{\"@id\":\"https:\/\/podology.shop\/lt\/produktas\/hybridtwister-tapered-tip-coarse-grit\/#primaryimage\"},\"image\":{\"@id\":\"https:\/\/podology.shop\/lt\/produktas\/hybridtwister-tapered-tip-coarse-grit\/#primaryimage\"},\"thumbnailUrl\":\"https:\/\/podology.shop\/wp-content\/uploads\/2020\/11\/HYBRIDTWISTER-TAPERED-TIP-COARSE-GRIT.jpg\",\"datePublished\":\"2020-11-30T16:53:00+00:00\",\"dateModified\":\"2021-08-29T16:40:10+00:00\",\"breadcrumb\":{\"@id\":\"https:\/\/podology.shop\/lt\/produktas\/hybridtwister-tapered-tip-coarse-grit\/#breadcrumb\"},\"inLanguage\":\"lt-LT\",\"potentialAction\":[{\"@type\":\"ReadAction\",\"target\":[\"https:\/\/podology.shop\/lt\/produktas\/hybridtwister-tapered-tip-coarse-grit\/\"]}]},{\"@type\":\"ImageObject\",\"inLanguage\":\"lt-LT\",\"@id\":\"https:\/\/podology.shop\/lt\/produktas\/hybridtwister-tapered-tip-coarse-grit\/#primaryimage\",\"url\":\"https:\/\/podology.shop\/wp-content\/uploads\/2020\/11\/HYBRIDTWISTER-TAPERED-TIP-COARSE-GRIT.jpg\",\"contentUrl\":\"https:\/\/podology.shop\/wp-content\/uploads\/2020\/11\/HYBRIDTWISTER-TAPERED-TIP-COARSE-GRIT.jpg\",\"width\":1600,\"height\":1360,\"caption\":\"HT852 115 HP HYBRIDTWISTER TAPERED-TIP, \u0161iurk\u0161ti hibridin\u0117 danga\"},{\"@type\":\"BreadcrumbList\",\"@id\":\"https:\/\/podology.shop\/lt\/produktas\/hybridtwister-tapered-tip-coarse-grit\/#breadcrumb\",\"itemListElement\":[{\"@type\":\"ListItem\",\"position\":1,\"name\":\"Home\",\"item\":\"https:\/\/podology.shop\/lt\/\"},{\"@type\":\"ListItem\",\"position\":2,\"name\":\"Shop\",\"item\":\"https:\/\/podology.shop\/lt\/\"},{\"@type\":\"ListItem\",\"position\":3,\"name\":\"HYBRIDTWISTER TAPERED-TIP, \u0161iurk\u0161ti hibridin\u0117 danga\"}]},{\"@type\":\"WebSite\",\"@id\":\"https:\/\/podology.shop\/lt\/#website\",\"url\":\"https:\/\/podology.shop\/lt\/\",\"name\":\"Podology.Shop\",\"description\":\"Podology.Shop\",\"publisher\":{\"@id\":\"https:\/\/podology.shop\/lt\/#organization\"},\"potentialAction\":[{\"@type\":\"SearchAction\",\"target\":{\"@type\":\"EntryPoint\",\"urlTemplate\":\"https:\/\/podology.shop\/lt\/?s={search_term_string}\"},\"query-input\":{\"@type\":\"PropertyValueSpecification\",\"valueRequired\":true,\"valueName\":\"search_term_string\"}}],\"inLanguage\":\"lt-LT\"},{\"@type\":\"Organization\",\"@id\":\"https:\/\/podology.shop\/lt\/#organization\",\"name\":\"Podology.shop\",\"url\":\"https:\/\/podology.shop\/lt\/\",\"logo\":{\"@type\":\"ImageObject\",\"inLanguage\":\"lt-LT\",\"@id\":\"https:\/\/podology.shop\/lt\/#\/schema\/logo\/image\/\",\"url\":\"https:\/\/podology.shop\/wp-content\/uploads\/2020\/11\/125361778_1762772693887349_9190250941118524915_n-scaled.jpg\",\"contentUrl\":\"https:\/\/podology.shop\/wp-content\/uploads\/2020\/11\/125361778_1762772693887349_9190250941118524915_n-scaled.jpg\",\"width\":2560,\"height\":878,\"caption\":\"Podology.shop\"},\"image\":{\"@id\":\"https:\/\/podology.shop\/lt\/#\/schema\/logo\/image\/\"}}]}<\/script>\n<!-- \/ Yoast SEO plugin. -->","yoast_head_json":{"title":"HYBRIDTWISTER TAPERED-TIP, \u0161iurk\u0161ti hibridin\u0117 danga - Podology.Shop","robots":{"index":"index","follow":"follow","max-snippet":"max-snippet:-1","max-image-preview":"max-image-preview:large","max-video-preview":"max-video-preview:-1"},"canonical":"https:\/\/podology.shop\/lt\/produktas\/hybridtwister-tapered-tip-coarse-grit\/","og_locale":"lt_LT","og_type":"article","og_title":"HYBRIDTWISTER TAPERED-TIP, \u0161iurk\u0161ti hibridin\u0117 danga - Podology.Shop","og_description":"\u0161iurk\u0161ti hibridin\u0117 danga \u2022 darbui su hiperkeratoz\u0117. \u2022 gili\u0173 odos \u012ftr\u016bkim\u0173 i\u0161lyginimui \u201eHybrid TWISTER Tapered-tip\u201c yra medicininis prietaisas, kur\u012f galima naudoti tiek sausoje, tiek dr\u0117gnoje technikoje ir kur\u012f galima lengvai integruoti \u012f prietaiso perdirbimo darbo eig\u0105.","og_url":"https:\/\/podology.shop\/lt\/produktas\/hybridtwister-tapered-tip-coarse-grit\/","og_site_name":"Podology.Shop","article_modified_time":"2021-08-29T16:40:10+00:00","og_image":[{"width":1600,"height":1360,"url":"https:\/\/podology.shop\/wp-content\/uploads\/2020\/11\/HYBRIDTWISTER-TAPERED-TIP-COARSE-GRIT.jpg","type":"image\/jpeg"}],"twitter_card":"summary_large_image","twitter_misc":{"Est. reading time":"1 minut\u0117"},"schema":{"@context":"https:\/\/schema.org","@graph":[{"@type":"WebPage","@id":"https:\/\/podology.shop\/lt\/produktas\/hybridtwister-tapered-tip-coarse-grit\/","url":"https:\/\/podology.shop\/lt\/produktas\/hybridtwister-tapered-tip-coarse-grit\/","name":"HYBRIDTWISTER TAPERED-TIP, \u0161iurk\u0161ti hibridin\u0117 danga - Podology.Shop","isPartOf":{"@id":"https:\/\/podology.shop\/lt\/#website"},"primaryImageOfPage":{"@id":"https:\/\/podology.shop\/lt\/produktas\/hybridtwister-tapered-tip-coarse-grit\/#primaryimage"},"image":{"@id":"https:\/\/podology.shop\/lt\/produktas\/hybridtwister-tapered-tip-coarse-grit\/#primaryimage"},"thumbnailUrl":"https:\/\/podology.shop\/wp-content\/uploads\/2020\/11\/HYBRIDTWISTER-TAPERED-TIP-COARSE-GRIT.jpg","datePublished":"2020-11-30T16:53:00+00:00","dateModified":"2021-08-29T16:40:10+00:00","breadcrumb":{"@id":"https:\/\/podology.shop\/lt\/produktas\/hybridtwister-tapered-tip-coarse-grit\/#breadcrumb"},"inLanguage":"lt-LT","potentialAction":[{"@type":"ReadAction","target":["https:\/\/podology.shop\/lt\/produktas\/hybridtwister-tapered-tip-coarse-grit\/"]}]},{"@type":"ImageObject","inLanguage":"lt-LT","@id":"https:\/\/podology.shop\/lt\/produktas\/hybridtwister-tapered-tip-coarse-grit\/#primaryimage","url":"https:\/\/podology.shop\/wp-content\/uploads\/2020\/11\/HYBRIDTWISTER-TAPERED-TIP-COARSE-GRIT.jpg","contentUrl":"https:\/\/podology.shop\/wp-content\/uploads\/2020\/11\/HYBRIDTWISTER-TAPERED-TIP-COARSE-GRIT.jpg","width":1600,"height":1360,"caption":"HT852 115 HP HYBRIDTWISTER TAPERED-TIP, \u0161iurk\u0161ti hibridin\u0117 danga"},{"@type":"BreadcrumbList","@id":"https:\/\/podology.shop\/lt\/produktas\/hybridtwister-tapered-tip-coarse-grit\/#breadcrumb","itemListElement":[{"@type":"ListItem","position":1,"name":"Home","item":"https:\/\/podology.shop\/lt\/"},{"@type":"ListItem","position":2,"name":"Shop","item":"https:\/\/podology.shop\/lt\/"},{"@type":"ListItem","position":3,"name":"HYBRIDTWISTER TAPERED-TIP, \u0161iurk\u0161ti hibridin\u0117 danga"}]},{"@type":"WebSite","@id":"https:\/\/podology.shop\/lt\/#website","url":"https:\/\/podology.shop\/lt\/","name":"Podology.Shop","description":"Podology.Shop","publisher":{"@id":"https:\/\/podology.shop\/lt\/#organization"},"potentialAction":[{"@type":"SearchAction","target":{"@type":"EntryPoint","urlTemplate":"https:\/\/podology.shop\/lt\/?s={search_term_string}"},"query-input":{"@type":"PropertyValueSpecification","valueRequired":true,"valueName":"search_term_string"}}],"inLanguage":"lt-LT"},{"@type":"Organization","@id":"https:\/\/podology.shop\/lt\/#organization","name":"Podology.shop","url":"https:\/\/podology.shop\/lt\/","logo":{"@type":"ImageObject","inLanguage":"lt-LT","@id":"https:\/\/podology.shop\/lt\/#\/schema\/logo\/image\/","url":"https:\/\/podology.shop\/wp-content\/uploads\/2020\/11\/125361778_1762772693887349_9190250941118524915_n-scaled.jpg","contentUrl":"https:\/\/podology.shop\/wp-content\/uploads\/2020\/11\/125361778_1762772693887349_9190250941118524915_n-scaled.jpg","width":2560,"height":878,"caption":"Podology.shop"},"image":{"@id":"https:\/\/podology.shop\/lt\/#\/schema\/logo\/image\/"}}]}},"_links":{"self":[{"href":"https:\/\/podology.shop\/lt\/wp-json\/wp\/v2\/product\/14687","targetHints":{"allow":["GET"]}}],"collection":[{"href":"https:\/\/podology.shop\/lt\/wp-json\/wp\/v2\/product"}],"about":[{"href":"https:\/\/podology.shop\/lt\/wp-json\/wp\/v2\/types\/product"}],"replies":[{"embeddable":true,"href":"https:\/\/podology.shop\/lt\/wp-json\/wp\/v2\/comments?post=14687"}],"wp:featuredmedia":[{"embeddable":true,"href":"https:\/\/podology.shop\/lt\/wp-json\/wp\/v2\/media\/9741"}],"wp:attachment":[{"href":"https:\/\/podology.shop\/lt\/wp-json\/wp\/v2\/media?parent=14687"}],"wp:term":[{"taxonomy":"product_brand","embeddable":true,"href":"https:\/\/podology.shop\/lt\/wp-json\/wp\/v2\/product_brand?post=14687"},{"taxonomy":"product_cat","embeddable":true,"href":"https:\/\/podology.shop\/lt\/wp-json\/wp\/v2\/product_cat?post=14687"},{"taxonomy":"product_tag","embeddable":true,"href":"https:\/\/podology.shop\/lt\/wp-json\/wp\/v2\/product_tag?post=14687"}],"curies":[{"name":"wp","href":"https:\/\/api.w.org\/{rel}","templated":true}]}}