{"id":17827,"date":"2021-02-18T15:09:09","date_gmt":"2021-02-18T11:09:09","guid":{"rendered":"https:\/\/podology.shop\/product\/cuticle-nippers\/"},"modified":"2021-12-13T11:27:30","modified_gmt":"2021-12-13T07:27:30","slug":"znyplutes-odelems","status":"publish","type":"product","link":"https:\/\/podology.shop\/lt\/produktas\/znyplutes-odelems\/","title":{"rendered":"\u017dnyplut\u0117s odel\u0117ms"},"content":{"rendered":"<p>\u201cPROseries\u201d \u012frankiai suprojektuoti suvienijus podologijos specialist\u0173 praktin\u0119 patirt\u012f ir in\u017einieri\u0173 \u017einias, siekiant sukurti auk\u0161\u010diausios kokyb\u0117s gamin\u012f. Patogus dizainas, moderni\u0173 technologij\u0173 ir auk\u0161tos kokyb\u0117s Japoni\u0161ko ner\u016bdijan\u010dio plieno naudojimas \u2013 m\u016bs\u0173 \u012franki\u0173 i\u0161skirtinumas.<\/p>\n<p>Ner\u016bdijantis plienas. Galima autoklavuoti, sterilizuoti ir dezinfekuoti.<\/p>\n","protected":false},"excerpt":{"rendered":"<p>\u201cPROseries\u201d \u012frankiai suprojektuoti suvienijus podologijos specialist\u0173 praktin\u0119 patirt\u012f ir in\u017einieri\u0173 \u017einias, siekiant sukurti auk\u0161\u010diausios kokyb\u0117s gamin\u012f. Patogus dizainas, moderni\u0173 technologij\u0173 ir auk\u0161tos kokyb\u0117s Japoni\u0161ko ner\u016bdijan\u010dio plieno naudojimas \u2013 m\u016bs\u0173 \u012franki\u0173 i\u0161skirtinumas. Ner\u016bdijantis plienas. Galima autoklavuoti, sterilizuoti ir dezinfekuoti.<\/p>\n","protected":false},"featured_media":18581,"comment_status":"open","ping_status":"closed","template":"","meta":{"inline_featured_image":false,"_monsterinsights_skip_tracking":false,"_monsterinsights_sitenote_active":false,"_monsterinsights_sitenote_note":"","_monsterinsights_sitenote_category":0,"site-sidebar-layout":"default","site-content-layout":"default","ast-site-content-layout":"default","site-content-style":"default","site-sidebar-style":"default","ast-global-header-display":"","ast-banner-title-visibility":"","ast-main-header-display":"","ast-hfb-above-header-display":"","ast-hfb-below-header-display":"","ast-hfb-mobile-header-display":"","site-post-title":"","ast-breadcrumbs-content":"","ast-featured-img":"","footer-sml-layout":"","ast-disable-related-posts":"","theme-transparent-header-meta":"default","adv-header-id-meta":"","stick-header-meta":"","header-above-stick-meta":"","header-main-stick-meta":"","header-below-stick-meta":"","astra-migrate-meta-layouts":"default","ast-page-background-enabled":"default","ast-page-background-meta":{"desktop":{"background-color":"","background-image":"","background-repeat":"repeat","background-position":"center center","background-size":"auto","background-attachment":"scroll","background-type":"","background-media":"","overlay-type":"","overlay-color":"","overlay-opacity":"","overlay-gradient":""},"tablet":{"background-color":"","background-image":"","background-repeat":"repeat","background-position":"center center","background-size":"auto","background-attachment":"scroll","background-type":"","background-media":"","overlay-type":"","overlay-color":"","overlay-opacity":"","overlay-gradient":""},"mobile":{"background-color":"","background-image":"","background-repeat":"repeat","background-position":"center center","background-size":"auto","background-attachment":"scroll","background-type":"","background-media":"","overlay-type":"","overlay-color":"","overlay-opacity":"","overlay-gradient":""}},"ast-content-background-meta":{"desktop":{"background-color":"var(--ast-global-color-5)","background-image":"","background-repeat":"repeat","background-position":"center center","background-size":"auto","background-attachment":"scroll","background-type":"","background-media":"","overlay-type":"","overlay-color":"","overlay-opacity":"","overlay-gradient":""},"tablet":{"background-color":"var(--ast-global-color-5)","background-image":"","background-repeat":"repeat","background-position":"center center","background-size":"auto","background-attachment":"scroll","background-type":"","background-media":"","overlay-type":"","overlay-color":"","overlay-opacity":"","overlay-gradient":""},"mobile":{"background-color":"var(--ast-global-color-5)","background-image":"","background-repeat":"repeat","background-position":"center center","background-size":"auto","background-attachment":"scroll","background-type":"","background-media":"","overlay-type":"","overlay-color":"","overlay-opacity":"","overlay-gradient":""}}},"product_brand":[],"product_cat":[916],"product_tag":[940],"class_list":{"0":"post-17827","1":"product","2":"type-product","3":"status-publish","4":"has-post-thumbnail","6":"product_cat-pedikiuro-ir-manikiuro-instrumentai","7":"product_tag-tissue-nippers-lt","8":"desktop-align-center","9":"tablet-align-center","10":"mobile-align-center","12":"first","13":"instock","14":"shipping-taxable","15":"purchasable","16":"product-type-simple"},"yoast_head":"<!-- This site is optimized with the Yoast SEO plugin v27.1.1 - https:\/\/yoast.com\/product\/yoast-seo-wordpress\/ -->\n<title>\u017dnyplut\u0117s odel\u0117ms - Podology.Shop<\/title>\n<meta name=\"robots\" content=\"index, follow, max-snippet:-1, max-image-preview:large, max-video-preview:-1\" \/>\n<link rel=\"canonical\" href=\"https:\/\/podology.shop\/lt\/produktas\/znyplutes-odelems\/\" \/>\n<meta property=\"og:locale\" content=\"lt_LT\" \/>\n<meta property=\"og:type\" content=\"article\" \/>\n<meta property=\"og:title\" content=\"\u017dnyplut\u0117s odel\u0117ms - Podology.Shop\" \/>\n<meta property=\"og:description\" content=\"\u201cPROseries\u201d \u012frankiai suprojektuoti suvienijus podologijos specialist\u0173 praktin\u0119 patirt\u012f ir in\u017einieri\u0173 \u017einias, siekiant sukurti auk\u0161\u010diausios kokyb\u0117s gamin\u012f. Patogus dizainas, moderni\u0173 technologij\u0173 ir auk\u0161tos kokyb\u0117s Japoni\u0161ko ner\u016bdijan\u010dio plieno naudojimas \u2013 m\u016bs\u0173 \u012franki\u0173 i\u0161skirtinumas. Ner\u016bdijantis plienas. Galima autoklavuoti, sterilizuoti ir dezinfekuoti.\" \/>\n<meta property=\"og:url\" content=\"https:\/\/podology.shop\/lt\/produktas\/znyplutes-odelems\/\" \/>\n<meta property=\"og:site_name\" content=\"Podology.Shop\" \/>\n<meta property=\"article:modified_time\" content=\"2021-12-13T07:27:30+00:00\" \/>\n<meta property=\"og:image\" content=\"https:\/\/podology.shop\/wp-content\/uploads\/2021\/02\/PROseries-1003-Cuticle-Nippers-front-view-1.jpg\" \/>\n\t<meta property=\"og:image:width\" content=\"1600\" \/>\n\t<meta property=\"og:image:height\" content=\"1600\" \/>\n\t<meta property=\"og:image:type\" content=\"image\/jpeg\" \/>\n<meta name=\"twitter:card\" content=\"summary_large_image\" \/>\n<script type=\"application\/ld+json\" class=\"yoast-schema-graph\">{\"@context\":\"https:\/\/schema.org\",\"@graph\":[{\"@type\":\"WebPage\",\"@id\":\"https:\/\/podology.shop\/lt\/produktas\/znyplutes-odelems\/\",\"url\":\"https:\/\/podology.shop\/lt\/produktas\/znyplutes-odelems\/\",\"name\":\"\u017dnyplut\u0117s odel\u0117ms - Podology.Shop\",\"isPartOf\":{\"@id\":\"https:\/\/podology.shop\/lt\/#website\"},\"primaryImageOfPage\":{\"@id\":\"https:\/\/podology.shop\/lt\/produktas\/znyplutes-odelems\/#primaryimage\"},\"image\":{\"@id\":\"https:\/\/podology.shop\/lt\/produktas\/znyplutes-odelems\/#primaryimage\"},\"thumbnailUrl\":\"https:\/\/podology.shop\/wp-content\/uploads\/2021\/02\/PROseries-1003-Cuticle-Nippers-front-view-1.jpg\",\"datePublished\":\"2021-02-18T11:09:09+00:00\",\"dateModified\":\"2021-12-13T07:27:30+00:00\",\"breadcrumb\":{\"@id\":\"https:\/\/podology.shop\/lt\/produktas\/znyplutes-odelems\/#breadcrumb\"},\"inLanguage\":\"lt-LT\",\"potentialAction\":[{\"@type\":\"ReadAction\",\"target\":[\"https:\/\/podology.shop\/lt\/produktas\/znyplutes-odelems\/\"]}]},{\"@type\":\"ImageObject\",\"inLanguage\":\"lt-LT\",\"@id\":\"https:\/\/podology.shop\/lt\/produktas\/znyplutes-odelems\/#primaryimage\",\"url\":\"https:\/\/podology.shop\/wp-content\/uploads\/2021\/02\/PROseries-1003-Cuticle-Nippers-front-view-1.jpg\",\"contentUrl\":\"https:\/\/podology.shop\/wp-content\/uploads\/2021\/02\/PROseries-1003-Cuticle-Nippers-front-view-1.jpg\",\"width\":1600,\"height\":1600,\"caption\":\"PROseries 1003 Cuticle Nippers front view\"},{\"@type\":\"BreadcrumbList\",\"@id\":\"https:\/\/podology.shop\/lt\/produktas\/znyplutes-odelems\/#breadcrumb\",\"itemListElement\":[{\"@type\":\"ListItem\",\"position\":1,\"name\":\"Home\",\"item\":\"https:\/\/podology.shop\/lt\/\"},{\"@type\":\"ListItem\",\"position\":2,\"name\":\"Shop\",\"item\":\"https:\/\/podology.shop\/lt\/\"},{\"@type\":\"ListItem\",\"position\":3,\"name\":\"\u017dnyplut\u0117s odel\u0117ms\"}]},{\"@type\":\"WebSite\",\"@id\":\"https:\/\/podology.shop\/lt\/#website\",\"url\":\"https:\/\/podology.shop\/lt\/\",\"name\":\"Podology.Shop\",\"description\":\"Podology.Shop\",\"publisher\":{\"@id\":\"https:\/\/podology.shop\/lt\/#organization\"},\"potentialAction\":[{\"@type\":\"SearchAction\",\"target\":{\"@type\":\"EntryPoint\",\"urlTemplate\":\"https:\/\/podology.shop\/lt\/?s={search_term_string}\"},\"query-input\":{\"@type\":\"PropertyValueSpecification\",\"valueRequired\":true,\"valueName\":\"search_term_string\"}}],\"inLanguage\":\"lt-LT\"},{\"@type\":\"Organization\",\"@id\":\"https:\/\/podology.shop\/lt\/#organization\",\"name\":\"Podology.shop\",\"url\":\"https:\/\/podology.shop\/lt\/\",\"logo\":{\"@type\":\"ImageObject\",\"inLanguage\":\"lt-LT\",\"@id\":\"https:\/\/podology.shop\/lt\/#\/schema\/logo\/image\/\",\"url\":\"https:\/\/podology.shop\/wp-content\/uploads\/2020\/11\/125361778_1762772693887349_9190250941118524915_n-scaled.jpg\",\"contentUrl\":\"https:\/\/podology.shop\/wp-content\/uploads\/2020\/11\/125361778_1762772693887349_9190250941118524915_n-scaled.jpg\",\"width\":2560,\"height\":878,\"caption\":\"Podology.shop\"},\"image\":{\"@id\":\"https:\/\/podology.shop\/lt\/#\/schema\/logo\/image\/\"}}]}<\/script>\n<!-- \/ Yoast SEO plugin. -->","yoast_head_json":{"title":"\u017dnyplut\u0117s odel\u0117ms - Podology.Shop","robots":{"index":"index","follow":"follow","max-snippet":"max-snippet:-1","max-image-preview":"max-image-preview:large","max-video-preview":"max-video-preview:-1"},"canonical":"https:\/\/podology.shop\/lt\/produktas\/znyplutes-odelems\/","og_locale":"lt_LT","og_type":"article","og_title":"\u017dnyplut\u0117s odel\u0117ms - Podology.Shop","og_description":"\u201cPROseries\u201d \u012frankiai suprojektuoti suvienijus podologijos specialist\u0173 praktin\u0119 patirt\u012f ir in\u017einieri\u0173 \u017einias, siekiant sukurti auk\u0161\u010diausios kokyb\u0117s gamin\u012f. Patogus dizainas, moderni\u0173 technologij\u0173 ir auk\u0161tos kokyb\u0117s Japoni\u0161ko ner\u016bdijan\u010dio plieno naudojimas \u2013 m\u016bs\u0173 \u012franki\u0173 i\u0161skirtinumas. Ner\u016bdijantis plienas. Galima autoklavuoti, sterilizuoti ir dezinfekuoti.","og_url":"https:\/\/podology.shop\/lt\/produktas\/znyplutes-odelems\/","og_site_name":"Podology.Shop","article_modified_time":"2021-12-13T07:27:30+00:00","og_image":[{"width":1600,"height":1600,"url":"https:\/\/podology.shop\/wp-content\/uploads\/2021\/02\/PROseries-1003-Cuticle-Nippers-front-view-1.jpg","type":"image\/jpeg"}],"twitter_card":"summary_large_image","schema":{"@context":"https:\/\/schema.org","@graph":[{"@type":"WebPage","@id":"https:\/\/podology.shop\/lt\/produktas\/znyplutes-odelems\/","url":"https:\/\/podology.shop\/lt\/produktas\/znyplutes-odelems\/","name":"\u017dnyplut\u0117s odel\u0117ms - Podology.Shop","isPartOf":{"@id":"https:\/\/podology.shop\/lt\/#website"},"primaryImageOfPage":{"@id":"https:\/\/podology.shop\/lt\/produktas\/znyplutes-odelems\/#primaryimage"},"image":{"@id":"https:\/\/podology.shop\/lt\/produktas\/znyplutes-odelems\/#primaryimage"},"thumbnailUrl":"https:\/\/podology.shop\/wp-content\/uploads\/2021\/02\/PROseries-1003-Cuticle-Nippers-front-view-1.jpg","datePublished":"2021-02-18T11:09:09+00:00","dateModified":"2021-12-13T07:27:30+00:00","breadcrumb":{"@id":"https:\/\/podology.shop\/lt\/produktas\/znyplutes-odelems\/#breadcrumb"},"inLanguage":"lt-LT","potentialAction":[{"@type":"ReadAction","target":["https:\/\/podology.shop\/lt\/produktas\/znyplutes-odelems\/"]}]},{"@type":"ImageObject","inLanguage":"lt-LT","@id":"https:\/\/podology.shop\/lt\/produktas\/znyplutes-odelems\/#primaryimage","url":"https:\/\/podology.shop\/wp-content\/uploads\/2021\/02\/PROseries-1003-Cuticle-Nippers-front-view-1.jpg","contentUrl":"https:\/\/podology.shop\/wp-content\/uploads\/2021\/02\/PROseries-1003-Cuticle-Nippers-front-view-1.jpg","width":1600,"height":1600,"caption":"PROseries 1003 Cuticle Nippers front view"},{"@type":"BreadcrumbList","@id":"https:\/\/podology.shop\/lt\/produktas\/znyplutes-odelems\/#breadcrumb","itemListElement":[{"@type":"ListItem","position":1,"name":"Home","item":"https:\/\/podology.shop\/lt\/"},{"@type":"ListItem","position":2,"name":"Shop","item":"https:\/\/podology.shop\/lt\/"},{"@type":"ListItem","position":3,"name":"\u017dnyplut\u0117s odel\u0117ms"}]},{"@type":"WebSite","@id":"https:\/\/podology.shop\/lt\/#website","url":"https:\/\/podology.shop\/lt\/","name":"Podology.Shop","description":"Podology.Shop","publisher":{"@id":"https:\/\/podology.shop\/lt\/#organization"},"potentialAction":[{"@type":"SearchAction","target":{"@type":"EntryPoint","urlTemplate":"https:\/\/podology.shop\/lt\/?s={search_term_string}"},"query-input":{"@type":"PropertyValueSpecification","valueRequired":true,"valueName":"search_term_string"}}],"inLanguage":"lt-LT"},{"@type":"Organization","@id":"https:\/\/podology.shop\/lt\/#organization","name":"Podology.shop","url":"https:\/\/podology.shop\/lt\/","logo":{"@type":"ImageObject","inLanguage":"lt-LT","@id":"https:\/\/podology.shop\/lt\/#\/schema\/logo\/image\/","url":"https:\/\/podology.shop\/wp-content\/uploads\/2020\/11\/125361778_1762772693887349_9190250941118524915_n-scaled.jpg","contentUrl":"https:\/\/podology.shop\/wp-content\/uploads\/2020\/11\/125361778_1762772693887349_9190250941118524915_n-scaled.jpg","width":2560,"height":878,"caption":"Podology.shop"},"image":{"@id":"https:\/\/podology.shop\/lt\/#\/schema\/logo\/image\/"}}]}},"_links":{"self":[{"href":"https:\/\/podology.shop\/lt\/wp-json\/wp\/v2\/product\/17827","targetHints":{"allow":["GET"]}}],"collection":[{"href":"https:\/\/podology.shop\/lt\/wp-json\/wp\/v2\/product"}],"about":[{"href":"https:\/\/podology.shop\/lt\/wp-json\/wp\/v2\/types\/product"}],"replies":[{"embeddable":true,"href":"https:\/\/podology.shop\/lt\/wp-json\/wp\/v2\/comments?post=17827"}],"wp:featuredmedia":[{"embeddable":true,"href":"https:\/\/podology.shop\/lt\/wp-json\/wp\/v2\/media\/18581"}],"wp:attachment":[{"href":"https:\/\/podology.shop\/lt\/wp-json\/wp\/v2\/media?parent=17827"}],"wp:term":[{"taxonomy":"product_brand","embeddable":true,"href":"https:\/\/podology.shop\/lt\/wp-json\/wp\/v2\/product_brand?post=17827"},{"taxonomy":"product_cat","embeddable":true,"href":"https:\/\/podology.shop\/lt\/wp-json\/wp\/v2\/product_cat?post=17827"},{"taxonomy":"product_tag","embeddable":true,"href":"https:\/\/podology.shop\/lt\/wp-json\/wp\/v2\/product_tag?post=17827"}],"curies":[{"name":"wp","href":"https:\/\/api.w.org\/{rel}","templated":true}]}}