{"id":17836,"date":"2021-02-18T15:13:50","date_gmt":"2021-02-18T11:13:50","guid":{"rendered":"https:\/\/podology.shop\/product\/kineziterapine-teipavimo-juosta\/"},"modified":"2025-06-29T11:46:43","modified_gmt":"2025-06-29T07:46:43","slug":"kineziterapine-teipavimo-juosta","status":"publish","type":"product","link":"https:\/\/podology.shop\/lt\/produktas\/kineziterapine-teipavimo-juosta\/","title":{"rendered":"Kineziterapin\u0117 teipavimo juosta"},"content":{"rendered":"<p><strong>Kineziterapinis pleistras \u201eSportstage\u201c, skirtas sportui ir gydymui.<\/strong><\/p>\n<p>Kineziterapinis pleistras reabilitacijai po sportini\u0173 traum\u0173 ir nuo raumen\u0173 skausmo.<\/p>\n<p>Kineziterapinis pleistras yra pagamintas i\u0161 specialios tekstil\u0117s, kurios pynimas atkartoja odos funkcij\u0105. Jis pasi\u017eymi tokiomis savyb\u0117mis: tempimo galimyb\u0117 iki 170 %, kaip \u017emogaus odos; svoris ir storis kaip \u017emogaus odos; gali temptis 2 kryptimis, \u012fstri\u017eai i\u0161ilgin\u0117s a\u0161ies at\u017evilgiu; lengvai kerpamas; sud\u0117tyje n\u0117ra latekso; pralaidus orui ir dr\u0117gmei; 100 % akrilinis lipnus sluoksnis, hipoalerginis; atsparus dr\u0117gmei.<br \/>\nKineziterapin\u012f pleistr\u0105 galima naudoti: hipertonini\u0173 raumen\u0173 inhibicijai, fascij\u0173 funkcijos korekcijai, raumen\u0173 apsaugai nuo per didelio streso, s\u0105nari\u0173 apsaugai, propriocepcijos sistemos lavinimui, skausmo slopinimui, u\u017edegimo, limfin\u0117s edemos ir hematom\u0173 ma\u017einimui, judesi\u0173 apimties reguliavimui, hipotonini\u0173 raumen\u0173 stimuliavimui.<\/p>\n<p>Kineziterapin\u0117 teipavimo juosta registruota kaip <strong>1 klas\u0117s medicinos priemon\u0117.<\/strong><\/p>\n<p>Ritin\u0117lis 5 cm x 5 m.<\/p>\n<p>&nbsp;<\/p>\n","protected":false},"excerpt":{"rendered":"<p>Kineziterapinis pleistras \u201eSportstage\u201c, skirtas sportui ir gydymui. Kineziterapinis pleistras reabilitacijai po sportini\u0173 traum\u0173 ir nuo raumen\u0173 skausmo. Kineziterapinis pleistras yra pagamintas i\u0161 specialios tekstil\u0117s, kurios pynimas atkartoja odos funkcij\u0105. Jis pasi\u017eymi tokiomis savyb\u0117mis: tempimo galimyb\u0117 iki 170 %, kaip \u017emogaus odos; svoris ir storis kaip \u017emogaus odos; gali temptis 2 kryptimis, \u012fstri\u017eai i\u0161ilgin\u0117s a\u0161ies at\u017evilgiu; [&hellip;]<\/p>\n","protected":false},"featured_media":18060,"comment_status":"open","ping_status":"closed","template":"","meta":{"inline_featured_image":false,"_monsterinsights_skip_tracking":false,"_monsterinsights_sitenote_active":false,"_monsterinsights_sitenote_note":"","_monsterinsights_sitenote_category":0,"site-sidebar-layout":"default","site-content-layout":"default","ast-site-content-layout":"default","site-content-style":"default","site-sidebar-style":"default","ast-global-header-display":"","ast-banner-title-visibility":"","ast-main-header-display":"","ast-hfb-above-header-display":"","ast-hfb-below-header-display":"","ast-hfb-mobile-header-display":"","site-post-title":"","ast-breadcrumbs-content":"","ast-featured-img":"","footer-sml-layout":"","ast-disable-related-posts":"","theme-transparent-header-meta":"default","adv-header-id-meta":"","stick-header-meta":"","header-above-stick-meta":"","header-main-stick-meta":"","header-below-stick-meta":"","astra-migrate-meta-layouts":"default","ast-page-background-enabled":"default","ast-page-background-meta":{"desktop":{"background-color":"","background-image":"","background-repeat":"repeat","background-position":"center center","background-size":"auto","background-attachment":"scroll","background-type":"","background-media":"","overlay-type":"","overlay-color":"","overlay-opacity":"","overlay-gradient":""},"tablet":{"background-color":"","background-image":"","background-repeat":"repeat","background-position":"center center","background-size":"auto","background-attachment":"scroll","background-type":"","background-media":"","overlay-type":"","overlay-color":"","overlay-opacity":"","overlay-gradient":""},"mobile":{"background-color":"","background-image":"","background-repeat":"repeat","background-position":"center center","background-size":"auto","background-attachment":"scroll","background-type":"","background-media":"","overlay-type":"","overlay-color":"","overlay-opacity":"","overlay-gradient":""}},"ast-content-background-meta":{"desktop":{"background-color":"var(--ast-global-color-5)","background-image":"","background-repeat":"repeat","background-position":"center center","background-size":"auto","background-attachment":"scroll","background-type":"","background-media":"","overlay-type":"","overlay-color":"","overlay-opacity":"","overlay-gradient":""},"tablet":{"background-color":"var(--ast-global-color-5)","background-image":"","background-repeat":"repeat","background-position":"center center","background-size":"auto","background-attachment":"scroll","background-type":"","background-media":"","overlay-type":"","overlay-color":"","overlay-opacity":"","overlay-gradient":""},"mobile":{"background-color":"var(--ast-global-color-5)","background-image":"","background-repeat":"repeat","background-position":"center center","background-size":"auto","background-attachment":"scroll","background-type":"","background-media":"","overlay-type":"","overlay-color":"","overlay-opacity":"","overlay-gradient":""}}},"product_brand":[],"product_cat":[932],"product_tag":[],"class_list":{"0":"post-17836","1":"product","2":"type-product","3":"status-publish","4":"has-post-thumbnail","6":"product_cat-pagalbiniai-ir-profilaktiniai-produktai","7":"desktop-align-center","8":"tablet-align-center","9":"mobile-align-center","11":"first","12":"instock","13":"shipping-taxable","14":"purchasable","15":"product-type-variable"},"yoast_head":"<!-- This site is optimized with the Yoast SEO plugin v27.1.1 - https:\/\/yoast.com\/product\/yoast-seo-wordpress\/ -->\n<title>Kineziterapin\u0117 teipavimo juosta - Podology.Shop<\/title>\n<meta name=\"robots\" content=\"index, follow, max-snippet:-1, max-image-preview:large, max-video-preview:-1\" \/>\n<link rel=\"canonical\" href=\"https:\/\/podology.shop\/lt\/produktas\/kineziterapine-teipavimo-juosta\/\" \/>\n<meta property=\"og:locale\" content=\"lt_LT\" \/>\n<meta property=\"og:type\" content=\"article\" \/>\n<meta property=\"og:title\" content=\"Kineziterapin\u0117 teipavimo juosta - Podology.Shop\" \/>\n<meta property=\"og:description\" content=\"Kineziterapinis pleistras \u201eSportstage\u201c, skirtas sportui ir gydymui. Kineziterapinis pleistras reabilitacijai po sportini\u0173 traum\u0173 ir nuo raumen\u0173 skausmo. Kineziterapinis pleistras yra pagamintas i\u0161 specialios tekstil\u0117s, kurios pynimas atkartoja odos funkcij\u0105. Jis pasi\u017eymi tokiomis savyb\u0117mis: tempimo galimyb\u0117 iki 170 %, kaip \u017emogaus odos; svoris ir storis kaip \u017emogaus odos; gali temptis 2 kryptimis, \u012fstri\u017eai i\u0161ilgin\u0117s a\u0161ies at\u017evilgiu; [&hellip;]\" \/>\n<meta property=\"og:url\" content=\"https:\/\/podology.shop\/lt\/produktas\/kineziterapine-teipavimo-juosta\/\" \/>\n<meta property=\"og:site_name\" content=\"Podology.Shop\" \/>\n<meta property=\"article:modified_time\" content=\"2025-06-29T07:46:43+00:00\" \/>\n<meta property=\"og:image\" content=\"https:\/\/podology.shop\/wp-content\/uploads\/2021\/02\/Kinesiology-tape-body-color-1.jpg\" \/>\n\t<meta property=\"og:image:width\" content=\"1600\" \/>\n\t<meta property=\"og:image:height\" content=\"1360\" \/>\n\t<meta property=\"og:image:type\" content=\"image\/jpeg\" \/>\n<meta name=\"twitter:card\" content=\"summary_large_image\" \/>\n<meta name=\"twitter:label1\" content=\"Est. reading time\" \/>\n\t<meta name=\"twitter:data1\" content=\"1 minut\u0117\" \/>\n<script type=\"application\/ld+json\" class=\"yoast-schema-graph\">{\"@context\":\"https:\/\/schema.org\",\"@graph\":[{\"@type\":\"WebPage\",\"@id\":\"https:\/\/podology.shop\/lt\/produktas\/kineziterapine-teipavimo-juosta\/\",\"url\":\"https:\/\/podology.shop\/lt\/produktas\/kineziterapine-teipavimo-juosta\/\",\"name\":\"Kineziterapin\u0117 teipavimo juosta - Podology.Shop\",\"isPartOf\":{\"@id\":\"https:\/\/podology.shop\/lt\/#website\"},\"primaryImageOfPage\":{\"@id\":\"https:\/\/podology.shop\/lt\/produktas\/kineziterapine-teipavimo-juosta\/#primaryimage\"},\"image\":{\"@id\":\"https:\/\/podology.shop\/lt\/produktas\/kineziterapine-teipavimo-juosta\/#primaryimage\"},\"thumbnailUrl\":\"https:\/\/podology.shop\/wp-content\/uploads\/2021\/02\/Kinesiology-tape-body-color-1.jpg\",\"datePublished\":\"2021-02-18T11:13:50+00:00\",\"dateModified\":\"2025-06-29T07:46:43+00:00\",\"breadcrumb\":{\"@id\":\"https:\/\/podology.shop\/lt\/produktas\/kineziterapine-teipavimo-juosta\/#breadcrumb\"},\"inLanguage\":\"lt-LT\",\"potentialAction\":[{\"@type\":\"ReadAction\",\"target\":[\"https:\/\/podology.shop\/lt\/produktas\/kineziterapine-teipavimo-juosta\/\"]}]},{\"@type\":\"ImageObject\",\"inLanguage\":\"lt-LT\",\"@id\":\"https:\/\/podology.shop\/lt\/produktas\/kineziterapine-teipavimo-juosta\/#primaryimage\",\"url\":\"https:\/\/podology.shop\/wp-content\/uploads\/2021\/02\/Kinesiology-tape-body-color-1.jpg\",\"contentUrl\":\"https:\/\/podology.shop\/wp-content\/uploads\/2021\/02\/Kinesiology-tape-body-color-1.jpg\",\"width\":1600,\"height\":1360,\"caption\":\"Kinesiology tape body color\"},{\"@type\":\"BreadcrumbList\",\"@id\":\"https:\/\/podology.shop\/lt\/produktas\/kineziterapine-teipavimo-juosta\/#breadcrumb\",\"itemListElement\":[{\"@type\":\"ListItem\",\"position\":1,\"name\":\"Home\",\"item\":\"https:\/\/podology.shop\/lt\/\"},{\"@type\":\"ListItem\",\"position\":2,\"name\":\"Shop\",\"item\":\"https:\/\/podology.shop\/lt\/\"},{\"@type\":\"ListItem\",\"position\":3,\"name\":\"Kineziterapin\u0117 teipavimo juosta\"}]},{\"@type\":\"WebSite\",\"@id\":\"https:\/\/podology.shop\/lt\/#website\",\"url\":\"https:\/\/podology.shop\/lt\/\",\"name\":\"Podology.Shop\",\"description\":\"Podology.Shop\",\"publisher\":{\"@id\":\"https:\/\/podology.shop\/lt\/#organization\"},\"potentialAction\":[{\"@type\":\"SearchAction\",\"target\":{\"@type\":\"EntryPoint\",\"urlTemplate\":\"https:\/\/podology.shop\/lt\/?s={search_term_string}\"},\"query-input\":{\"@type\":\"PropertyValueSpecification\",\"valueRequired\":true,\"valueName\":\"search_term_string\"}}],\"inLanguage\":\"lt-LT\"},{\"@type\":\"Organization\",\"@id\":\"https:\/\/podology.shop\/lt\/#organization\",\"name\":\"Podology.shop\",\"url\":\"https:\/\/podology.shop\/lt\/\",\"logo\":{\"@type\":\"ImageObject\",\"inLanguage\":\"lt-LT\",\"@id\":\"https:\/\/podology.shop\/lt\/#\/schema\/logo\/image\/\",\"url\":\"https:\/\/podology.shop\/wp-content\/uploads\/2020\/11\/125361778_1762772693887349_9190250941118524915_n-scaled.jpg\",\"contentUrl\":\"https:\/\/podology.shop\/wp-content\/uploads\/2020\/11\/125361778_1762772693887349_9190250941118524915_n-scaled.jpg\",\"width\":2560,\"height\":878,\"caption\":\"Podology.shop\"},\"image\":{\"@id\":\"https:\/\/podology.shop\/lt\/#\/schema\/logo\/image\/\"}}]}<\/script>\n<!-- \/ Yoast SEO plugin. -->","yoast_head_json":{"title":"Kineziterapin\u0117 teipavimo juosta - Podology.Shop","robots":{"index":"index","follow":"follow","max-snippet":"max-snippet:-1","max-image-preview":"max-image-preview:large","max-video-preview":"max-video-preview:-1"},"canonical":"https:\/\/podology.shop\/lt\/produktas\/kineziterapine-teipavimo-juosta\/","og_locale":"lt_LT","og_type":"article","og_title":"Kineziterapin\u0117 teipavimo juosta - Podology.Shop","og_description":"Kineziterapinis pleistras \u201eSportstage\u201c, skirtas sportui ir gydymui. Kineziterapinis pleistras reabilitacijai po sportini\u0173 traum\u0173 ir nuo raumen\u0173 skausmo. Kineziterapinis pleistras yra pagamintas i\u0161 specialios tekstil\u0117s, kurios pynimas atkartoja odos funkcij\u0105. Jis pasi\u017eymi tokiomis savyb\u0117mis: tempimo galimyb\u0117 iki 170 %, kaip \u017emogaus odos; svoris ir storis kaip \u017emogaus odos; gali temptis 2 kryptimis, \u012fstri\u017eai i\u0161ilgin\u0117s a\u0161ies at\u017evilgiu; [&hellip;]","og_url":"https:\/\/podology.shop\/lt\/produktas\/kineziterapine-teipavimo-juosta\/","og_site_name":"Podology.Shop","article_modified_time":"2025-06-29T07:46:43+00:00","og_image":[{"width":1600,"height":1360,"url":"https:\/\/podology.shop\/wp-content\/uploads\/2021\/02\/Kinesiology-tape-body-color-1.jpg","type":"image\/jpeg"}],"twitter_card":"summary_large_image","twitter_misc":{"Est. reading time":"1 minut\u0117"},"schema":{"@context":"https:\/\/schema.org","@graph":[{"@type":"WebPage","@id":"https:\/\/podology.shop\/lt\/produktas\/kineziterapine-teipavimo-juosta\/","url":"https:\/\/podology.shop\/lt\/produktas\/kineziterapine-teipavimo-juosta\/","name":"Kineziterapin\u0117 teipavimo juosta - Podology.Shop","isPartOf":{"@id":"https:\/\/podology.shop\/lt\/#website"},"primaryImageOfPage":{"@id":"https:\/\/podology.shop\/lt\/produktas\/kineziterapine-teipavimo-juosta\/#primaryimage"},"image":{"@id":"https:\/\/podology.shop\/lt\/produktas\/kineziterapine-teipavimo-juosta\/#primaryimage"},"thumbnailUrl":"https:\/\/podology.shop\/wp-content\/uploads\/2021\/02\/Kinesiology-tape-body-color-1.jpg","datePublished":"2021-02-18T11:13:50+00:00","dateModified":"2025-06-29T07:46:43+00:00","breadcrumb":{"@id":"https:\/\/podology.shop\/lt\/produktas\/kineziterapine-teipavimo-juosta\/#breadcrumb"},"inLanguage":"lt-LT","potentialAction":[{"@type":"ReadAction","target":["https:\/\/podology.shop\/lt\/produktas\/kineziterapine-teipavimo-juosta\/"]}]},{"@type":"ImageObject","inLanguage":"lt-LT","@id":"https:\/\/podology.shop\/lt\/produktas\/kineziterapine-teipavimo-juosta\/#primaryimage","url":"https:\/\/podology.shop\/wp-content\/uploads\/2021\/02\/Kinesiology-tape-body-color-1.jpg","contentUrl":"https:\/\/podology.shop\/wp-content\/uploads\/2021\/02\/Kinesiology-tape-body-color-1.jpg","width":1600,"height":1360,"caption":"Kinesiology tape body color"},{"@type":"BreadcrumbList","@id":"https:\/\/podology.shop\/lt\/produktas\/kineziterapine-teipavimo-juosta\/#breadcrumb","itemListElement":[{"@type":"ListItem","position":1,"name":"Home","item":"https:\/\/podology.shop\/lt\/"},{"@type":"ListItem","position":2,"name":"Shop","item":"https:\/\/podology.shop\/lt\/"},{"@type":"ListItem","position":3,"name":"Kineziterapin\u0117 teipavimo juosta"}]},{"@type":"WebSite","@id":"https:\/\/podology.shop\/lt\/#website","url":"https:\/\/podology.shop\/lt\/","name":"Podology.Shop","description":"Podology.Shop","publisher":{"@id":"https:\/\/podology.shop\/lt\/#organization"},"potentialAction":[{"@type":"SearchAction","target":{"@type":"EntryPoint","urlTemplate":"https:\/\/podology.shop\/lt\/?s={search_term_string}"},"query-input":{"@type":"PropertyValueSpecification","valueRequired":true,"valueName":"search_term_string"}}],"inLanguage":"lt-LT"},{"@type":"Organization","@id":"https:\/\/podology.shop\/lt\/#organization","name":"Podology.shop","url":"https:\/\/podology.shop\/lt\/","logo":{"@type":"ImageObject","inLanguage":"lt-LT","@id":"https:\/\/podology.shop\/lt\/#\/schema\/logo\/image\/","url":"https:\/\/podology.shop\/wp-content\/uploads\/2020\/11\/125361778_1762772693887349_9190250941118524915_n-scaled.jpg","contentUrl":"https:\/\/podology.shop\/wp-content\/uploads\/2020\/11\/125361778_1762772693887349_9190250941118524915_n-scaled.jpg","width":2560,"height":878,"caption":"Podology.shop"},"image":{"@id":"https:\/\/podology.shop\/lt\/#\/schema\/logo\/image\/"}}]}},"_links":{"self":[{"href":"https:\/\/podology.shop\/lt\/wp-json\/wp\/v2\/product\/17836","targetHints":{"allow":["GET"]}}],"collection":[{"href":"https:\/\/podology.shop\/lt\/wp-json\/wp\/v2\/product"}],"about":[{"href":"https:\/\/podology.shop\/lt\/wp-json\/wp\/v2\/types\/product"}],"replies":[{"embeddable":true,"href":"https:\/\/podology.shop\/lt\/wp-json\/wp\/v2\/comments?post=17836"}],"wp:featuredmedia":[{"embeddable":true,"href":"https:\/\/podology.shop\/lt\/wp-json\/wp\/v2\/media\/18060"}],"wp:attachment":[{"href":"https:\/\/podology.shop\/lt\/wp-json\/wp\/v2\/media?parent=17836"}],"wp:term":[{"taxonomy":"product_brand","embeddable":true,"href":"https:\/\/podology.shop\/lt\/wp-json\/wp\/v2\/product_brand?post=17836"},{"taxonomy":"product_cat","embeddable":true,"href":"https:\/\/podology.shop\/lt\/wp-json\/wp\/v2\/product_cat?post=17836"},{"taxonomy":"product_tag","embeddable":true,"href":"https:\/\/podology.shop\/lt\/wp-json\/wp\/v2\/product_tag?post=17836"}],"curies":[{"name":"wp","href":"https:\/\/api.w.org\/{rel}","templated":true}]}}