{"id":17883,"date":"2021-02-18T18:30:59","date_gmt":"2021-02-18T14:30:59","guid":{"rendered":"https:\/\/podology.shop\/product\/pincetas-9cm\/"},"modified":"2025-04-25T12:43:16","modified_gmt":"2025-04-25T08:43:16","slug":"pincetas-9cm","status":"publish","type":"product","link":"https:\/\/podology.shop\/lt\/produktas\/pincetas-9cm\/","title":{"rendered":"Pincetas 9cm"},"content":{"rendered":"<p>&#8222;PROseries&#8221; \u012frankiai suprojektuoti suvienijus podologijos specialist\u0173 praktin\u0119 patirt\u012f ir in\u017einieri\u0173 \u017einias, siekiant sukurti auk\u0161\u010diausios kokyb\u0117s gamin\u012f. Patogus dizainas, moderni\u0173 technologij\u0173 ir auk\u0161tos kokyb\u0117s Japoni\u0161ko ner\u016bdijan\u010dio plieno naudojimas &#8211; m\u016bs\u0173 \u012franki\u0173 i\u0161skirtinumas.<\/p>\n<p>Ner\u016bdijantis plienas. Galima autoklavuoti, sterilizuoti ir dezinfekuoti.<\/p>\n","protected":false},"excerpt":{"rendered":"<p>&#8222;PROseries&#8221; \u012frankiai suprojektuoti suvienijus podologijos specialist\u0173 praktin\u0119 patirt\u012f ir in\u017einieri\u0173 \u017einias, siekiant sukurti auk\u0161\u010diausios kokyb\u0117s gamin\u012f. Patogus dizainas, moderni\u0173 technologij\u0173 ir auk\u0161tos kokyb\u0117s Japoni\u0161ko ner\u016bdijan\u010dio plieno naudojimas &#8211; m\u016bs\u0173 \u012franki\u0173 i\u0161skirtinumas. Ner\u016bdijantis plienas. Galima autoklavuoti, sterilizuoti ir dezinfekuoti.<\/p>\n","protected":false},"featured_media":18450,"comment_status":"open","ping_status":"closed","template":"","meta":{"inline_featured_image":false,"_monsterinsights_skip_tracking":false,"_monsterinsights_sitenote_active":false,"_monsterinsights_sitenote_note":"","_monsterinsights_sitenote_category":0,"site-sidebar-layout":"default","site-content-layout":"default","ast-site-content-layout":"default","site-content-style":"default","site-sidebar-style":"default","ast-global-header-display":"","ast-banner-title-visibility":"","ast-main-header-display":"","ast-hfb-above-header-display":"","ast-hfb-below-header-display":"","ast-hfb-mobile-header-display":"","site-post-title":"","ast-breadcrumbs-content":"","ast-featured-img":"","footer-sml-layout":"","ast-disable-related-posts":"","theme-transparent-header-meta":"default","adv-header-id-meta":"","stick-header-meta":"","header-above-stick-meta":"","header-main-stick-meta":"","header-below-stick-meta":"","astra-migrate-meta-layouts":"default","ast-page-background-enabled":"default","ast-page-background-meta":{"desktop":{"background-color":"","background-image":"","background-repeat":"repeat","background-position":"center center","background-size":"auto","background-attachment":"scroll","background-type":"","background-media":"","overlay-type":"","overlay-color":"","overlay-opacity":"","overlay-gradient":""},"tablet":{"background-color":"","background-image":"","background-repeat":"repeat","background-position":"center center","background-size":"auto","background-attachment":"scroll","background-type":"","background-media":"","overlay-type":"","overlay-color":"","overlay-opacity":"","overlay-gradient":""},"mobile":{"background-color":"","background-image":"","background-repeat":"repeat","background-position":"center center","background-size":"auto","background-attachment":"scroll","background-type":"","background-media":"","overlay-type":"","overlay-color":"","overlay-opacity":"","overlay-gradient":""}},"ast-content-background-meta":{"desktop":{"background-color":"var(--ast-global-color-5)","background-image":"","background-repeat":"repeat","background-position":"center center","background-size":"auto","background-attachment":"scroll","background-type":"","background-media":"","overlay-type":"","overlay-color":"","overlay-opacity":"","overlay-gradient":""},"tablet":{"background-color":"var(--ast-global-color-5)","background-image":"","background-repeat":"repeat","background-position":"center center","background-size":"auto","background-attachment":"scroll","background-type":"","background-media":"","overlay-type":"","overlay-color":"","overlay-opacity":"","overlay-gradient":""},"mobile":{"background-color":"var(--ast-global-color-5)","background-image":"","background-repeat":"repeat","background-position":"center center","background-size":"auto","background-attachment":"scroll","background-type":"","background-media":"","overlay-type":"","overlay-color":"","overlay-opacity":"","overlay-gradient":""}}},"product_brand":[],"product_cat":[916],"product_tag":[],"class_list":{"0":"post-17883","1":"product","2":"type-product","3":"status-publish","4":"has-post-thumbnail","6":"product_cat-pedikiuro-ir-manikiuro-instrumentai","7":"desktop-align-center","8":"tablet-align-center","9":"mobile-align-center","11":"first","12":"instock","13":"shipping-taxable","14":"purchasable","15":"product-type-simple"},"yoast_head":"<!-- This site is optimized with the Yoast SEO plugin v27.1.1 - https:\/\/yoast.com\/product\/yoast-seo-wordpress\/ -->\n<title>Pincetas 9cm - Podology.Shop<\/title>\n<meta name=\"robots\" content=\"index, follow, max-snippet:-1, max-image-preview:large, max-video-preview:-1\" \/>\n<link rel=\"canonical\" href=\"https:\/\/podology.shop\/lt\/produktas\/pincetas-9cm\/\" \/>\n<meta property=\"og:locale\" content=\"lt_LT\" \/>\n<meta property=\"og:type\" content=\"article\" \/>\n<meta property=\"og:title\" content=\"Pincetas 9cm - Podology.Shop\" \/>\n<meta property=\"og:description\" content=\"&#8222;PROseries&#8221; \u012frankiai suprojektuoti suvienijus podologijos specialist\u0173 praktin\u0119 patirt\u012f ir in\u017einieri\u0173 \u017einias, siekiant sukurti auk\u0161\u010diausios kokyb\u0117s gamin\u012f. Patogus dizainas, moderni\u0173 technologij\u0173 ir auk\u0161tos kokyb\u0117s Japoni\u0161ko ner\u016bdijan\u010dio plieno naudojimas &#8211; m\u016bs\u0173 \u012franki\u0173 i\u0161skirtinumas. Ner\u016bdijantis plienas. Galima autoklavuoti, sterilizuoti ir dezinfekuoti.\" \/>\n<meta property=\"og:url\" content=\"https:\/\/podology.shop\/lt\/produktas\/pincetas-9cm\/\" \/>\n<meta property=\"og:site_name\" content=\"Podology.Shop\" \/>\n<meta property=\"article:modified_time\" content=\"2025-04-25T08:43:16+00:00\" \/>\n<meta property=\"og:image\" content=\"https:\/\/podology.shop\/wp-content\/uploads\/2021\/02\/PROseries-1510-Splinter-Tweezers-9cm.jpg\" \/>\n\t<meta property=\"og:image:width\" content=\"1600\" \/>\n\t<meta property=\"og:image:height\" content=\"1600\" \/>\n\t<meta property=\"og:image:type\" content=\"image\/jpeg\" \/>\n<meta name=\"twitter:card\" content=\"summary_large_image\" \/>\n<script type=\"application\/ld+json\" class=\"yoast-schema-graph\">{\"@context\":\"https:\/\/schema.org\",\"@graph\":[{\"@type\":\"WebPage\",\"@id\":\"https:\/\/podology.shop\/lt\/produktas\/pincetas-9cm\/\",\"url\":\"https:\/\/podology.shop\/lt\/produktas\/pincetas-9cm\/\",\"name\":\"Pincetas 9cm - Podology.Shop\",\"isPartOf\":{\"@id\":\"https:\/\/podology.shop\/lt\/#website\"},\"primaryImageOfPage\":{\"@id\":\"https:\/\/podology.shop\/lt\/produktas\/pincetas-9cm\/#primaryimage\"},\"image\":{\"@id\":\"https:\/\/podology.shop\/lt\/produktas\/pincetas-9cm\/#primaryimage\"},\"thumbnailUrl\":\"https:\/\/podology.shop\/wp-content\/uploads\/2021\/02\/PROseries-1510-Splinter-Tweezers-9cm.jpg\",\"datePublished\":\"2021-02-18T14:30:59+00:00\",\"dateModified\":\"2025-04-25T08:43:16+00:00\",\"breadcrumb\":{\"@id\":\"https:\/\/podology.shop\/lt\/produktas\/pincetas-9cm\/#breadcrumb\"},\"inLanguage\":\"lt-LT\",\"potentialAction\":[{\"@type\":\"ReadAction\",\"target\":[\"https:\/\/podology.shop\/lt\/produktas\/pincetas-9cm\/\"]}]},{\"@type\":\"ImageObject\",\"inLanguage\":\"lt-LT\",\"@id\":\"https:\/\/podology.shop\/lt\/produktas\/pincetas-9cm\/#primaryimage\",\"url\":\"https:\/\/podology.shop\/wp-content\/uploads\/2021\/02\/PROseries-1510-Splinter-Tweezers-9cm.jpg\",\"contentUrl\":\"https:\/\/podology.shop\/wp-content\/uploads\/2021\/02\/PROseries-1510-Splinter-Tweezers-9cm.jpg\",\"width\":1600,\"height\":1600,\"caption\":\"PROseries 1510 Splinter Tweezers 9cm\"},{\"@type\":\"BreadcrumbList\",\"@id\":\"https:\/\/podology.shop\/lt\/produktas\/pincetas-9cm\/#breadcrumb\",\"itemListElement\":[{\"@type\":\"ListItem\",\"position\":1,\"name\":\"Home\",\"item\":\"https:\/\/podology.shop\/lt\/\"},{\"@type\":\"ListItem\",\"position\":2,\"name\":\"Shop\",\"item\":\"https:\/\/podology.shop\/lt\/\"},{\"@type\":\"ListItem\",\"position\":3,\"name\":\"Pincetas 9cm\"}]},{\"@type\":\"WebSite\",\"@id\":\"https:\/\/podology.shop\/lt\/#website\",\"url\":\"https:\/\/podology.shop\/lt\/\",\"name\":\"Podology.Shop\",\"description\":\"Podology.Shop\",\"publisher\":{\"@id\":\"https:\/\/podology.shop\/lt\/#organization\"},\"potentialAction\":[{\"@type\":\"SearchAction\",\"target\":{\"@type\":\"EntryPoint\",\"urlTemplate\":\"https:\/\/podology.shop\/lt\/?s={search_term_string}\"},\"query-input\":{\"@type\":\"PropertyValueSpecification\",\"valueRequired\":true,\"valueName\":\"search_term_string\"}}],\"inLanguage\":\"lt-LT\"},{\"@type\":\"Organization\",\"@id\":\"https:\/\/podology.shop\/lt\/#organization\",\"name\":\"Podology.shop\",\"url\":\"https:\/\/podology.shop\/lt\/\",\"logo\":{\"@type\":\"ImageObject\",\"inLanguage\":\"lt-LT\",\"@id\":\"https:\/\/podology.shop\/lt\/#\/schema\/logo\/image\/\",\"url\":\"https:\/\/podology.shop\/wp-content\/uploads\/2020\/11\/125361778_1762772693887349_9190250941118524915_n-scaled.jpg\",\"contentUrl\":\"https:\/\/podology.shop\/wp-content\/uploads\/2020\/11\/125361778_1762772693887349_9190250941118524915_n-scaled.jpg\",\"width\":2560,\"height\":878,\"caption\":\"Podology.shop\"},\"image\":{\"@id\":\"https:\/\/podology.shop\/lt\/#\/schema\/logo\/image\/\"}}]}<\/script>\n<!-- \/ Yoast SEO plugin. -->","yoast_head_json":{"title":"Pincetas 9cm - Podology.Shop","robots":{"index":"index","follow":"follow","max-snippet":"max-snippet:-1","max-image-preview":"max-image-preview:large","max-video-preview":"max-video-preview:-1"},"canonical":"https:\/\/podology.shop\/lt\/produktas\/pincetas-9cm\/","og_locale":"lt_LT","og_type":"article","og_title":"Pincetas 9cm - Podology.Shop","og_description":"&#8222;PROseries&#8221; \u012frankiai suprojektuoti suvienijus podologijos specialist\u0173 praktin\u0119 patirt\u012f ir in\u017einieri\u0173 \u017einias, siekiant sukurti auk\u0161\u010diausios kokyb\u0117s gamin\u012f. Patogus dizainas, moderni\u0173 technologij\u0173 ir auk\u0161tos kokyb\u0117s Japoni\u0161ko ner\u016bdijan\u010dio plieno naudojimas &#8211; m\u016bs\u0173 \u012franki\u0173 i\u0161skirtinumas. Ner\u016bdijantis plienas. Galima autoklavuoti, sterilizuoti ir dezinfekuoti.","og_url":"https:\/\/podology.shop\/lt\/produktas\/pincetas-9cm\/","og_site_name":"Podology.Shop","article_modified_time":"2025-04-25T08:43:16+00:00","og_image":[{"width":1600,"height":1600,"url":"https:\/\/podology.shop\/wp-content\/uploads\/2021\/02\/PROseries-1510-Splinter-Tweezers-9cm.jpg","type":"image\/jpeg"}],"twitter_card":"summary_large_image","schema":{"@context":"https:\/\/schema.org","@graph":[{"@type":"WebPage","@id":"https:\/\/podology.shop\/lt\/produktas\/pincetas-9cm\/","url":"https:\/\/podology.shop\/lt\/produktas\/pincetas-9cm\/","name":"Pincetas 9cm - Podology.Shop","isPartOf":{"@id":"https:\/\/podology.shop\/lt\/#website"},"primaryImageOfPage":{"@id":"https:\/\/podology.shop\/lt\/produktas\/pincetas-9cm\/#primaryimage"},"image":{"@id":"https:\/\/podology.shop\/lt\/produktas\/pincetas-9cm\/#primaryimage"},"thumbnailUrl":"https:\/\/podology.shop\/wp-content\/uploads\/2021\/02\/PROseries-1510-Splinter-Tweezers-9cm.jpg","datePublished":"2021-02-18T14:30:59+00:00","dateModified":"2025-04-25T08:43:16+00:00","breadcrumb":{"@id":"https:\/\/podology.shop\/lt\/produktas\/pincetas-9cm\/#breadcrumb"},"inLanguage":"lt-LT","potentialAction":[{"@type":"ReadAction","target":["https:\/\/podology.shop\/lt\/produktas\/pincetas-9cm\/"]}]},{"@type":"ImageObject","inLanguage":"lt-LT","@id":"https:\/\/podology.shop\/lt\/produktas\/pincetas-9cm\/#primaryimage","url":"https:\/\/podology.shop\/wp-content\/uploads\/2021\/02\/PROseries-1510-Splinter-Tweezers-9cm.jpg","contentUrl":"https:\/\/podology.shop\/wp-content\/uploads\/2021\/02\/PROseries-1510-Splinter-Tweezers-9cm.jpg","width":1600,"height":1600,"caption":"PROseries 1510 Splinter Tweezers 9cm"},{"@type":"BreadcrumbList","@id":"https:\/\/podology.shop\/lt\/produktas\/pincetas-9cm\/#breadcrumb","itemListElement":[{"@type":"ListItem","position":1,"name":"Home","item":"https:\/\/podology.shop\/lt\/"},{"@type":"ListItem","position":2,"name":"Shop","item":"https:\/\/podology.shop\/lt\/"},{"@type":"ListItem","position":3,"name":"Pincetas 9cm"}]},{"@type":"WebSite","@id":"https:\/\/podology.shop\/lt\/#website","url":"https:\/\/podology.shop\/lt\/","name":"Podology.Shop","description":"Podology.Shop","publisher":{"@id":"https:\/\/podology.shop\/lt\/#organization"},"potentialAction":[{"@type":"SearchAction","target":{"@type":"EntryPoint","urlTemplate":"https:\/\/podology.shop\/lt\/?s={search_term_string}"},"query-input":{"@type":"PropertyValueSpecification","valueRequired":true,"valueName":"search_term_string"}}],"inLanguage":"lt-LT"},{"@type":"Organization","@id":"https:\/\/podology.shop\/lt\/#organization","name":"Podology.shop","url":"https:\/\/podology.shop\/lt\/","logo":{"@type":"ImageObject","inLanguage":"lt-LT","@id":"https:\/\/podology.shop\/lt\/#\/schema\/logo\/image\/","url":"https:\/\/podology.shop\/wp-content\/uploads\/2020\/11\/125361778_1762772693887349_9190250941118524915_n-scaled.jpg","contentUrl":"https:\/\/podology.shop\/wp-content\/uploads\/2020\/11\/125361778_1762772693887349_9190250941118524915_n-scaled.jpg","width":2560,"height":878,"caption":"Podology.shop"},"image":{"@id":"https:\/\/podology.shop\/lt\/#\/schema\/logo\/image\/"}}]}},"_links":{"self":[{"href":"https:\/\/podology.shop\/lt\/wp-json\/wp\/v2\/product\/17883","targetHints":{"allow":["GET"]}}],"collection":[{"href":"https:\/\/podology.shop\/lt\/wp-json\/wp\/v2\/product"}],"about":[{"href":"https:\/\/podology.shop\/lt\/wp-json\/wp\/v2\/types\/product"}],"replies":[{"embeddable":true,"href":"https:\/\/podology.shop\/lt\/wp-json\/wp\/v2\/comments?post=17883"}],"wp:featuredmedia":[{"embeddable":true,"href":"https:\/\/podology.shop\/lt\/wp-json\/wp\/v2\/media\/18450"}],"wp:attachment":[{"href":"https:\/\/podology.shop\/lt\/wp-json\/wp\/v2\/media?parent=17883"}],"wp:term":[{"taxonomy":"product_brand","embeddable":true,"href":"https:\/\/podology.shop\/lt\/wp-json\/wp\/v2\/product_brand?post=17883"},{"taxonomy":"product_cat","embeddable":true,"href":"https:\/\/podology.shop\/lt\/wp-json\/wp\/v2\/product_cat?post=17883"},{"taxonomy":"product_tag","embeddable":true,"href":"https:\/\/podology.shop\/lt\/wp-json\/wp\/v2\/product_tag?post=17883"}],"curies":[{"name":"wp","href":"https:\/\/api.w.org\/{rel}","templated":true}]}}