{"id":18922,"date":"2023-10-12T22:47:16","date_gmt":"2023-10-12T18:47:16","guid":{"rendered":"https:\/\/podology.shop\/product\/demykomed-nagelschutzol-protective-oil-for-nails-15ml\/"},"modified":"2026-04-18T17:10:01","modified_gmt":"2026-04-18T14:10:01","slug":"demykomed-nagelschutzol","status":"publish","type":"product","link":"https:\/\/podology.shop\/lt\/produktas\/demykomed-nagelschutzol\/","title":{"rendered":"DemykoMed aliejukas skatinantis nag\u0173 augim\u0105 15 ml"},"content":{"rendered":"<h4>Produkto apra\u0161ymas<\/h4>\n<p>DemykoMed apsauginis nag\u0173 aliejukas maitina ir apsaugo nagus bei nago odeles, padeda atstatyti nago plok\u0161tel\u0119, skatina nag\u0173 augim\u0105 ir pagreitina odos regeneracijos procesus.Itin auk\u0161tos kokyb\u0117s Klotrimazolis padidina nag\u0173 ir odos atsparum\u0105 grybelini\u0173 infekcij\u0173 ligoms. Demykomed aliejus pad\u0117s apsaugoti p\u0117d\u0173 od\u0105 ir nagus lankantis baseinuose, pirtyse, sporto sal\u0117se ir kitose vie\u0161ose erdv\u0117se, taip pat naudokite j\u012f nuomojant batus (slidin\u0117jimo batus, boulingo batus, riedu\u010dius ir kt.)<\/p>\n<h4>Taikymas ir naudojimas<\/h4>\n<p>U\u017etepkite plon\u0105 sluoksn\u012f 2 kartus per dien\u0105 ant nag\u0173 ir odeli\u0173 ir palikite i\u0161d\u017ei\u016bti.<\/p>\n<h4>Kaip pasiekti geriausi\u0173 rezultat\u0173?<\/h4>\n<p>Nor\u0117dami gauti greitesni\u0173 ir geresni\u0173 rezultat\u0173, naudokite \u0161\u012f <strong>PROTOKOL\u0104<\/strong>:<\/p>\n<p>Jums reik\u0117s 3 demykomed produkt\u0173: <strong>Demykomed aliejaus<\/strong>, <strong>Demykomed skys\u010dio<\/strong> ir <strong>Demykomed pur\u0161kalo<\/strong>.<\/p>\n<blockquote class=\"wp-embedded-content\" data-secret=\"uWZDWcWDtQ\"><p><a href=\"https:\/\/podology.shop\/lt\/?attachment_id=18937\">DemykoMed Nagel- und Hautschutzliquid<\/a><\/p><\/blockquote>\n<p><iframe class=\"wp-embedded-content\" sandbox=\"allow-scripts\" security=\"restricted\" style=\"position: absolute; visibility: hidden;\" title=\"&#8220;DemykoMed Nagel- und Hautschutzliquid&#8221; &#8212; Podology.Shop\" src=\"https:\/\/podology.shop\/lt\/embed\/?attachment_id=18937#?secret=IZSEkC0Og8#?secret=uWZDWcWDtQ\" data-secret=\"uWZDWcWDtQ\" width=\"500\" height=\"282\" frameborder=\"0\" marginwidth=\"0\" marginheight=\"0\" scrolling=\"no\"><\/iframe><\/p>\n<blockquote class=\"wp-embedded-content\" data-secret=\"23m0vx9ivY\"><p><a href=\"https:\/\/podology.shop\/lt\/?attachment_id=18944\">demykomed-hautschutzspray<\/a><\/p><\/blockquote>\n<p><iframe class=\"wp-embedded-content\" sandbox=\"allow-scripts\" security=\"restricted\" style=\"position: absolute; visibility: hidden;\" title=\"&#8220;demykomed-hautschutzspray&#8221; &#8212; Podology.Shop\" src=\"https:\/\/podology.shop\/lt\/embed\/?attachment_id=18944#?secret=iTuqoH4uwc#?secret=23m0vx9ivY\" data-secret=\"23m0vx9ivY\" width=\"500\" height=\"282\" frameborder=\"0\" marginwidth=\"0\" marginheight=\"0\" scrolling=\"no\"><\/iframe><\/p>\n<h5>Rytais:<\/h5>\n<ul>\n<li>U\u017etepkite <strong>Demykomed skys\u010dio<\/strong> ant nag\u0173 ir odos, leiskite i\u0161d\u017ei\u016bti<\/li>\n<li>Naudokite <strong>Demykomed aliej\u0173<\/strong> ant nag\u0173 ir odeli\u0173<\/li>\n<\/ul>\n<h5>Vakarais:<\/h5>\n<ul>\n<li>U\u017etepkite <strong>Demykomed skys\u010dio<\/strong> ant nag\u0173 ir odos, leiskite i\u0161d\u017ei\u016bti<\/li>\n<li>Naudokite <strong>Demykomed aliej\u0173<\/strong> ant nag\u0173 ir odeli\u0173<\/li>\n<li>Apipurk\u0161kite vidin\u0119 avalyn\u0117s dal\u012f, kuri\u0105 naudosite rytoj, naudodami <strong>Demykomed pur\u0161kal\u0105<\/strong>. (pur\u0161kite 2 kartus)<\/li>\n<\/ul>\n<h3>Aktyv\u016bs ingredientai:<\/h3>\n<p><strong>Klotrimazolis:<\/strong>\u00a0 tai prie\u0161grybelinis vaistas, da\u017enai vartojamas gydant \u012fvairias grybelines infekcijas. Tai azoli\u0173 grup\u0117s preparatas slopindamas grybeli\u0173 augim\u0105.<\/p>\n<ul>\n<li><strong>Prie\u0161grybelinis<\/strong>: Klotrimazolis yra pla\u010diai pripa\u017eintas d\u0117l savo prie\u0161grybelini\u0173 savybi\u0173, efektyviai gydant \u012fvairias nag\u0173 grybelio infekcijas.<br \/>\n<strong>Prevencija:<\/strong> Reguliarus naudojimas gali pad\u0117ti u\u017ekirsti keli\u0105 grybelini\u0173 infekcij\u0173 pasikartojimui.<\/li>\n<\/ul>\n<p><strong>Bisabololis<\/strong>: yra naudingas ingredientas nag\u0173 prie\u017ei\u016bros produktuose d\u0117l savo raminan\u010di\u0173, gydom\u0173j\u0173 ir apsaugini\u0173 savybi\u0173. Ypa\u010d naudingas siekiant i\u0161laikyti sveikas nago odeles ir u\u017ekirsti keli\u0105 nag\u0173 problemoms.<\/p>\n<ul>\n<li><strong>Ramintis:<\/strong> Bisabololis gali nuraminti od\u0105 aplink nagus, suteikti palengv\u0117jim\u0105 nuo u\u017edegimo ar paraudimo.<br \/>\n<strong>Gydomasis<\/strong>: Skatina pa\u017eeist\u0173 nag\u0173 bei odeles regeneracij\u0105.<br \/>\n<strong>Prie\u0161u\u017edegiminis:<\/strong> Padeda ma\u017einti u\u017edegim\u0105.<br \/>\n<strong>Antimikrobinis<\/strong>: Apsauga nuo tam tikr\u0173 mikroorganizm\u0173, galimai u\u017ekertant keli\u0105 grybeliniui.<br \/>\n<strong>Dr\u0117kinamasis:<\/strong> Prisid\u0117da prie nago odeli\u0173 ir nag\u0173 dr\u0117kinimo, u\u017ekertant keli\u0105 i\u0161saus\u0117jimui ir odos pleiskanojimui.<\/li>\n<\/ul>\n<p><strong>Prunus Amygdalus Dulcis Oil<\/strong>: dar \u017einomas kaip sald\u017ei\u0173j\u0173 migdol\u0173 aliejus, tai universalus aliejus, gautas i\u0161 sald\u017ei\u0173j\u0173 migdol\u0173, ir pla\u010diai naudojamas \u012fvairiose odos ir nag\u0173 prie\u017ei\u016bros kosmetin\u0117se priemon\u0117se d\u0117l daugelio nauding\u0173 savybi\u0173.<\/p>\n<ul>\n<li><strong>Dr\u0117kinamasis:<\/strong> Dr\u0117kina ir apsaugo od\u0105 bei nagus nuo sausumo.<br \/>\n<strong>Raminti:<\/strong> Nuramina dirginan\u010di\u0105 ir jautri\u0105 od\u0105.<br \/>\n<strong>Nuo sen\u0117jimo:<\/strong> Sud\u0117tyje yra vitamino E, kuris ma\u017eina oksidacin\u012f stres\u0105.<br \/>\n<strong>Nago Odeli\u0173 Prie\u017ei\u016bra:<\/strong> Mink\u0161tina ir dr\u0117kina nago odeles.<br \/>\n<strong>Sustiprinantis:<\/strong> Skatina stipr\u0173, sveik\u0105 nag\u0173 augim\u0105.<br \/>\n<strong>Prie\u0161grybelinis:<\/strong> Gali apsaugoti nuo grybelini\u0173 infekcij\u0173.<\/li>\n<\/ul>\n<p><strong>Tocopheryl Acetate:<\/strong> taip pat \u017einomas kaip vitamino E acetatas, turintis tiek antioksidacini\u0173, tiek od\u0105 kondicionuojan\u010di\u0173 savybi\u0173. Tai yra vitamino E forma, da\u017enai randama odos prie\u017ei\u016bros produktuose.<\/p>\n<ul>\n<li><strong>Antioksidacin\u0117s Savyb\u0117s:<\/strong> apsaugo od\u0105 nuo \u017ealos, kuri\u0105 sukelia laisvieji radikalai, galintys prisid\u0117ti prie sen\u0117jimo proceso.<br \/>\n<strong>Dr\u0117kinamasis<\/strong>: Padeda i\u0161laikyti odos riebal\u0173 balans\u0105.<br \/>\n<strong>Gydomasis:<\/strong> Palaiko odos gijimo proces\u0105.<\/li>\n<\/ul>\n<h4><strong>Sud\u0117tis (INCI)<\/strong>: Caprylic\/Capric Triglyceride, Vitis Vinifera Oil, Prunus Amygdalus Dulcis Oil, Alcohol Denat.,\u00a0 Isopropyl Myristate, Parfum, Clotrimazol, Tocopheryl Acetate,\u00a0 Bisabolol, Chamomilla Recutita Flower Extract, Tocopherol, Glycine Soja Oil.<\/h4>\n","protected":false},"excerpt":{"rendered":"<p>Regeneracinis ir prie\u0161grybelinis aliejukas nagams<\/p>\n","protected":false},"featured_media":18918,"comment_status":"closed","ping_status":"closed","template":"","meta":{"inline_featured_image":false,"_monsterinsights_skip_tracking":false,"_monsterinsights_sitenote_active":false,"_monsterinsights_sitenote_note":"","_monsterinsights_sitenote_category":0,"site-sidebar-layout":"default","site-content-layout":"","ast-site-content-layout":"default","site-content-style":"default","site-sidebar-style":"default","ast-global-header-display":"","ast-banner-title-visibility":"","ast-main-header-display":"","ast-hfb-above-header-display":"","ast-hfb-below-header-display":"","ast-hfb-mobile-header-display":"","site-post-title":"","ast-breadcrumbs-content":"","ast-featured-img":"","footer-sml-layout":"","ast-disable-related-posts":"","theme-transparent-header-meta":"default","adv-header-id-meta":"","stick-header-meta":"","header-above-stick-meta":"","header-main-stick-meta":"","header-below-stick-meta":"","astra-migrate-meta-layouts":"set","ast-page-background-enabled":"default","ast-page-background-meta":{"desktop":{"background-color":"","background-image":"","background-repeat":"repeat","background-position":"center center","background-size":"auto","background-attachment":"scroll","background-type":"","background-media":"","overlay-type":"","overlay-color":"","overlay-opacity":"","overlay-gradient":""},"tablet":{"background-color":"","background-image":"","background-repeat":"repeat","background-position":"center center","background-size":"auto","background-attachment":"scroll","background-type":"","background-media":"","overlay-type":"","overlay-color":"","overlay-opacity":"","overlay-gradient":""},"mobile":{"background-color":"","background-image":"","background-repeat":"repeat","background-position":"center center","background-size":"auto","background-attachment":"scroll","background-type":"","background-media":"","overlay-type":"","overlay-color":"","overlay-opacity":"","overlay-gradient":""}},"ast-content-background-meta":{"desktop":{"background-color":"var(--ast-global-color-5)","background-image":"","background-repeat":"repeat","background-position":"center center","background-size":"auto","background-attachment":"scroll","background-type":"","background-media":"","overlay-type":"","overlay-color":"","overlay-opacity":"","overlay-gradient":""},"tablet":{"background-color":"var(--ast-global-color-5)","background-image":"","background-repeat":"repeat","background-position":"center center","background-size":"auto","background-attachment":"scroll","background-type":"","background-media":"","overlay-type":"","overlay-color":"","overlay-opacity":"","overlay-gradient":""},"mobile":{"background-color":"var(--ast-global-color-5)","background-image":"","background-repeat":"repeat","background-position":"center center","background-size":"auto","background-attachment":"scroll","background-type":"","background-media":"","overlay-type":"","overlay-color":"","overlay-opacity":"","overlay-gradient":""}}},"product_brand":[],"product_cat":[1158],"product_tag":[988,989,990,991,992,993,994,995,996,997,998,999,1000,1001],"class_list":{"0":"post-18922","1":"product","2":"type-product","3":"status-publish","4":"has-post-thumbnail","6":"product_cat-priemones-nuo-nagu-grybelio","7":"product_tag-alcohol-denat-lt","8":"product_tag-antifungal-essential-oils-lt","9":"product_tag-bisabolol-lt","10":"product_tag-capric-triglyceride-lt","11":"product_tag-chamomilla-recutita-flower-extract-lt","12":"product_tag-clotrimazol-lt","13":"product_tag-demykomed-nagelschutzol-lt","14":"product_tag-essential-antifungal-oil-lt","15":"product_tag-glycine-soja-oil-lt","16":"product_tag-isopropyl-myristate-lt","17":"product_tag-prunus-amygdalusdulcis-oil-lt","18":"product_tag-tocopherol-lt","19":"product_tag-tocopheryl-acetate-lt","20":"product_tag-vitis-vinifera-oil-lt","21":"desktop-align-center","22":"tablet-align-center","23":"mobile-align-center","25":"first","26":"instock","27":"shipping-taxable","28":"purchasable","29":"product-type-simple"},"yoast_head":"<!-- This site is optimized with the Yoast SEO plugin v27.1.1 - https:\/\/yoast.com\/product\/yoast-seo-wordpress\/ -->\n<title>DemykoMed aliejukas skatinantis nag\u0173 augim\u0105 15 ml - Podology.Shop<\/title>\n<meta name=\"description\" content=\"DemykoMed aliejukas nuo nag\u0173 grybelio - Regeneracinis ir prie\u0161grybelinis aliejukas nagams. Helps to stimulate nail growth, protect from fungal diseases and infections\" \/>\n<meta name=\"robots\" content=\"index, follow, max-snippet:-1, max-image-preview:large, max-video-preview:-1\" \/>\n<link rel=\"canonical\" href=\"https:\/\/podology.shop\/lt\/produktas\/demykomed-nagelschutzol\/\" \/>\n<meta property=\"og:locale\" content=\"lt_LT\" \/>\n<meta property=\"og:type\" content=\"article\" \/>\n<meta property=\"og:title\" content=\"DemykoMed aliejukas skatinantis nag\u0173 augim\u0105 15 ml - Podology.Shop\" \/>\n<meta property=\"og:description\" content=\"DemykoMed aliejukas nuo nag\u0173 grybelio - Regeneracinis ir prie\u0161grybelinis aliejukas nagams. Helps to stimulate nail growth, protect from fungal diseases and infections\" \/>\n<meta property=\"og:url\" content=\"https:\/\/podology.shop\/lt\/produktas\/demykomed-nagelschutzol\/\" \/>\n<meta property=\"og:site_name\" content=\"Podology.Shop\" \/>\n<meta property=\"article:modified_time\" content=\"2026-04-18T14:10:01+00:00\" \/>\n<meta property=\"og:image\" content=\"https:\/\/podology.shop\/wp-content\/uploads\/2023\/10\/DemykoMed-Nagelschutzol.jpg\" \/>\n\t<meta property=\"og:image:width\" content=\"1024\" \/>\n\t<meta property=\"og:image:height\" content=\"1024\" \/>\n\t<meta property=\"og:image:type\" content=\"image\/jpeg\" \/>\n<meta name=\"twitter:card\" content=\"summary_large_image\" \/>\n<meta name=\"twitter:label1\" content=\"Est. reading time\" \/>\n\t<meta name=\"twitter:data1\" content=\"3 minut\u0117s\" \/>\n<script type=\"application\/ld+json\" class=\"yoast-schema-graph\">{\"@context\":\"https:\/\/schema.org\",\"@graph\":[{\"@type\":\"WebPage\",\"@id\":\"https:\/\/podology.shop\/lt\/produktas\/demykomed-nagelschutzol\/\",\"url\":\"https:\/\/podology.shop\/lt\/produktas\/demykomed-nagelschutzol\/\",\"name\":\"DemykoMed aliejukas skatinantis nag\u0173 augim\u0105 15 ml - Podology.Shop\",\"isPartOf\":{\"@id\":\"https:\/\/podology.shop\/lt\/#website\"},\"primaryImageOfPage\":{\"@id\":\"https:\/\/podology.shop\/lt\/produktas\/demykomed-nagelschutzol\/#primaryimage\"},\"image\":{\"@id\":\"https:\/\/podology.shop\/lt\/produktas\/demykomed-nagelschutzol\/#primaryimage\"},\"thumbnailUrl\":\"https:\/\/podology.shop\/wp-content\/uploads\/2023\/10\/DemykoMed-Nagelschutzol.jpg\",\"datePublished\":\"2023-10-12T18:47:16+00:00\",\"dateModified\":\"2026-04-18T14:10:01+00:00\",\"description\":\"DemykoMed aliejukas nuo nag\u0173 grybelio - Regeneracinis ir prie\u0161grybelinis aliejukas nagams. Helps to stimulate nail growth, protect from fungal diseases and infections\",\"breadcrumb\":{\"@id\":\"https:\/\/podology.shop\/lt\/produktas\/demykomed-nagelschutzol\/#breadcrumb\"},\"inLanguage\":\"lt-LT\",\"potentialAction\":[{\"@type\":\"ReadAction\",\"target\":[\"https:\/\/podology.shop\/lt\/produktas\/demykomed-nagelschutzol\/\"]}]},{\"@type\":\"ImageObject\",\"inLanguage\":\"lt-LT\",\"@id\":\"https:\/\/podology.shop\/lt\/produktas\/demykomed-nagelschutzol\/#primaryimage\",\"url\":\"https:\/\/podology.shop\/wp-content\/uploads\/2023\/10\/DemykoMed-Nagelschutzol.jpg\",\"contentUrl\":\"https:\/\/podology.shop\/wp-content\/uploads\/2023\/10\/DemykoMed-Nagelschutzol.jpg\",\"width\":1024,\"height\":1024,\"caption\":\"DemykoMed-Regeneracinis ir prie\u0161grybelinis aliejukas nagams\"},{\"@type\":\"BreadcrumbList\",\"@id\":\"https:\/\/podology.shop\/lt\/produktas\/demykomed-nagelschutzol\/#breadcrumb\",\"itemListElement\":[{\"@type\":\"ListItem\",\"position\":1,\"name\":\"Home\",\"item\":\"https:\/\/podology.shop\/lt\/\"},{\"@type\":\"ListItem\",\"position\":2,\"name\":\"Shop\",\"item\":\"https:\/\/podology.shop\/lt\/\"},{\"@type\":\"ListItem\",\"position\":3,\"name\":\"DemykoMed aliejukas skatinantis nag\u0173 augim\u0105 15 ml\"}]},{\"@type\":\"WebSite\",\"@id\":\"https:\/\/podology.shop\/lt\/#website\",\"url\":\"https:\/\/podology.shop\/lt\/\",\"name\":\"Podology.Shop\",\"description\":\"Podology.Shop\",\"publisher\":{\"@id\":\"https:\/\/podology.shop\/lt\/#organization\"},\"potentialAction\":[{\"@type\":\"SearchAction\",\"target\":{\"@type\":\"EntryPoint\",\"urlTemplate\":\"https:\/\/podology.shop\/lt\/?s={search_term_string}\"},\"query-input\":{\"@type\":\"PropertyValueSpecification\",\"valueRequired\":true,\"valueName\":\"search_term_string\"}}],\"inLanguage\":\"lt-LT\"},{\"@type\":\"Organization\",\"@id\":\"https:\/\/podology.shop\/lt\/#organization\",\"name\":\"Podology.shop\",\"url\":\"https:\/\/podology.shop\/lt\/\",\"logo\":{\"@type\":\"ImageObject\",\"inLanguage\":\"lt-LT\",\"@id\":\"https:\/\/podology.shop\/lt\/#\/schema\/logo\/image\/\",\"url\":\"https:\/\/podology.shop\/wp-content\/uploads\/2020\/11\/125361778_1762772693887349_9190250941118524915_n-scaled.jpg\",\"contentUrl\":\"https:\/\/podology.shop\/wp-content\/uploads\/2020\/11\/125361778_1762772693887349_9190250941118524915_n-scaled.jpg\",\"width\":2560,\"height\":878,\"caption\":\"Podology.shop\"},\"image\":{\"@id\":\"https:\/\/podology.shop\/lt\/#\/schema\/logo\/image\/\"}}]}<\/script>\n<!-- \/ Yoast SEO plugin. -->","yoast_head_json":{"title":"DemykoMed aliejukas skatinantis nag\u0173 augim\u0105 15 ml - Podology.Shop","description":"DemykoMed aliejukas nuo nag\u0173 grybelio - Regeneracinis ir prie\u0161grybelinis aliejukas nagams. Helps to stimulate nail growth, protect from fungal diseases and infections","robots":{"index":"index","follow":"follow","max-snippet":"max-snippet:-1","max-image-preview":"max-image-preview:large","max-video-preview":"max-video-preview:-1"},"canonical":"https:\/\/podology.shop\/lt\/produktas\/demykomed-nagelschutzol\/","og_locale":"lt_LT","og_type":"article","og_title":"DemykoMed aliejukas skatinantis nag\u0173 augim\u0105 15 ml - Podology.Shop","og_description":"DemykoMed aliejukas nuo nag\u0173 grybelio - Regeneracinis ir prie\u0161grybelinis aliejukas nagams. Helps to stimulate nail growth, protect from fungal diseases and infections","og_url":"https:\/\/podology.shop\/lt\/produktas\/demykomed-nagelschutzol\/","og_site_name":"Podology.Shop","article_modified_time":"2026-04-18T14:10:01+00:00","og_image":[{"width":1024,"height":1024,"url":"https:\/\/podology.shop\/wp-content\/uploads\/2023\/10\/DemykoMed-Nagelschutzol.jpg","type":"image\/jpeg"}],"twitter_card":"summary_large_image","twitter_misc":{"Est. reading time":"3 minut\u0117s"},"schema":{"@context":"https:\/\/schema.org","@graph":[{"@type":"WebPage","@id":"https:\/\/podology.shop\/lt\/produktas\/demykomed-nagelschutzol\/","url":"https:\/\/podology.shop\/lt\/produktas\/demykomed-nagelschutzol\/","name":"DemykoMed aliejukas skatinantis nag\u0173 augim\u0105 15 ml - Podology.Shop","isPartOf":{"@id":"https:\/\/podology.shop\/lt\/#website"},"primaryImageOfPage":{"@id":"https:\/\/podology.shop\/lt\/produktas\/demykomed-nagelschutzol\/#primaryimage"},"image":{"@id":"https:\/\/podology.shop\/lt\/produktas\/demykomed-nagelschutzol\/#primaryimage"},"thumbnailUrl":"https:\/\/podology.shop\/wp-content\/uploads\/2023\/10\/DemykoMed-Nagelschutzol.jpg","datePublished":"2023-10-12T18:47:16+00:00","dateModified":"2026-04-18T14:10:01+00:00","description":"DemykoMed aliejukas nuo nag\u0173 grybelio - Regeneracinis ir prie\u0161grybelinis aliejukas nagams. Helps to stimulate nail growth, protect from fungal diseases and infections","breadcrumb":{"@id":"https:\/\/podology.shop\/lt\/produktas\/demykomed-nagelschutzol\/#breadcrumb"},"inLanguage":"lt-LT","potentialAction":[{"@type":"ReadAction","target":["https:\/\/podology.shop\/lt\/produktas\/demykomed-nagelschutzol\/"]}]},{"@type":"ImageObject","inLanguage":"lt-LT","@id":"https:\/\/podology.shop\/lt\/produktas\/demykomed-nagelschutzol\/#primaryimage","url":"https:\/\/podology.shop\/wp-content\/uploads\/2023\/10\/DemykoMed-Nagelschutzol.jpg","contentUrl":"https:\/\/podology.shop\/wp-content\/uploads\/2023\/10\/DemykoMed-Nagelschutzol.jpg","width":1024,"height":1024,"caption":"DemykoMed-Regeneracinis ir prie\u0161grybelinis aliejukas nagams"},{"@type":"BreadcrumbList","@id":"https:\/\/podology.shop\/lt\/produktas\/demykomed-nagelschutzol\/#breadcrumb","itemListElement":[{"@type":"ListItem","position":1,"name":"Home","item":"https:\/\/podology.shop\/lt\/"},{"@type":"ListItem","position":2,"name":"Shop","item":"https:\/\/podology.shop\/lt\/"},{"@type":"ListItem","position":3,"name":"DemykoMed aliejukas skatinantis nag\u0173 augim\u0105 15 ml"}]},{"@type":"WebSite","@id":"https:\/\/podology.shop\/lt\/#website","url":"https:\/\/podology.shop\/lt\/","name":"Podology.Shop","description":"Podology.Shop","publisher":{"@id":"https:\/\/podology.shop\/lt\/#organization"},"potentialAction":[{"@type":"SearchAction","target":{"@type":"EntryPoint","urlTemplate":"https:\/\/podology.shop\/lt\/?s={search_term_string}"},"query-input":{"@type":"PropertyValueSpecification","valueRequired":true,"valueName":"search_term_string"}}],"inLanguage":"lt-LT"},{"@type":"Organization","@id":"https:\/\/podology.shop\/lt\/#organization","name":"Podology.shop","url":"https:\/\/podology.shop\/lt\/","logo":{"@type":"ImageObject","inLanguage":"lt-LT","@id":"https:\/\/podology.shop\/lt\/#\/schema\/logo\/image\/","url":"https:\/\/podology.shop\/wp-content\/uploads\/2020\/11\/125361778_1762772693887349_9190250941118524915_n-scaled.jpg","contentUrl":"https:\/\/podology.shop\/wp-content\/uploads\/2020\/11\/125361778_1762772693887349_9190250941118524915_n-scaled.jpg","width":2560,"height":878,"caption":"Podology.shop"},"image":{"@id":"https:\/\/podology.shop\/lt\/#\/schema\/logo\/image\/"}}]}},"_links":{"self":[{"href":"https:\/\/podology.shop\/lt\/wp-json\/wp\/v2\/product\/18922","targetHints":{"allow":["GET"]}}],"collection":[{"href":"https:\/\/podology.shop\/lt\/wp-json\/wp\/v2\/product"}],"about":[{"href":"https:\/\/podology.shop\/lt\/wp-json\/wp\/v2\/types\/product"}],"replies":[{"embeddable":true,"href":"https:\/\/podology.shop\/lt\/wp-json\/wp\/v2\/comments?post=18922"}],"wp:featuredmedia":[{"embeddable":true,"href":"https:\/\/podology.shop\/lt\/wp-json\/wp\/v2\/media\/18918"}],"wp:attachment":[{"href":"https:\/\/podology.shop\/lt\/wp-json\/wp\/v2\/media?parent=18922"}],"wp:term":[{"taxonomy":"product_brand","embeddable":true,"href":"https:\/\/podology.shop\/lt\/wp-json\/wp\/v2\/product_brand?post=18922"},{"taxonomy":"product_cat","embeddable":true,"href":"https:\/\/podology.shop\/lt\/wp-json\/wp\/v2\/product_cat?post=18922"},{"taxonomy":"product_tag","embeddable":true,"href":"https:\/\/podology.shop\/lt\/wp-json\/wp\/v2\/product_tag?post=18922"}],"curies":[{"name":"wp","href":"https:\/\/api.w.org\/{rel}","templated":true}]}}