{"id":18933,"date":"2023-10-14T21:02:22","date_gmt":"2023-10-14T17:02:22","guid":{"rendered":"https:\/\/podology.shop\/product\/demykomed-nagel-und-hautschutzliquid\/"},"modified":"2026-04-17T16:42:12","modified_gmt":"2026-04-17T13:42:12","slug":"demykomed-nagel-und-hautschutzliquid","status":"publish","type":"product","link":"https:\/\/podology.shop\/lt\/produktas\/demykomed-nagel-und-hautschutzliquid\/","title":{"rendered":"DemykoMed Nag\u0173 ir odos apsauginis skystis 50ml"},"content":{"rendered":"<h4>Produkto apra\u0161ymas<\/h4>\n<p>Nag\u0173 ir odos apsaugos skystis DemykoMed skirtas \u012f mikoz\u0119 linkusiems nagams ir odai. Padidina nat\u016bral\u0173 atsparum\u0105 grybelin\u0117ms infekcijoms ir i\u0161laiko j\u016bs\u0173 p\u0117das higieni\u0161kai \u0161vie\u017eias. DemykoMed skystis pad\u0117s apsaugoti p\u0117d\u0173 od\u0105 ir nagus lankantis baseinuose, pirtyse, sporto sal\u0117se ir kitose vie\u0161ose erdv\u0117se, taip pat naudokite j\u012f nuomojant batus (slidin\u0117jimo batus, boulingo batus, riedu\u010dius ir kt.)<\/p>\n<h4>Taikymas ir naudojimas<\/h4>\n<p>U\u017etepkite plon\u0105 sluoksn\u012f 2 kartus per dien\u0105 ant nag\u0173 ir odeli\u0173 ir palikite i\u0161d\u017ei\u016bti.<\/p>\n<h4>Kaip pasiekti geriausi\u0173 rezultat\u0173?<\/h4>\n<p>Nor\u0117dami gauti greitesni\u0173 ir geresni\u0173 rezultat\u0173, naudokite \u0161\u012f\u00a0<strong>PROTOKOL\u0104<\/strong>:<\/p>\n<p>Jums reik\u0117s 3 demykomed produkt\u0173:\u00a0<a href=\"https:\/\/podology.shop\/lt\/produktas\/demykomed-nagelschutzol\/\">Demykomed aliejaus<\/a>, <a href=\"https:\/\/podology.shop\/lt\/produktas\/demykomed-nagel-und-hautschutzliquid\/\">Demykomed skys\u010dio<\/a> ir <a href=\"https:\/\/podology.shop\/lt\/produktas\/demykomed-hautschutzspray\/\">Demykomed pur\u0161kalo<\/a>.<\/p>\n<h5>Rytais:<\/h5>\n<ul>\n<li>U\u017etepkite <a href=\"https:\/\/podology.shop\/lt\/produktas\/demykomed-nagel-und-hautschutzliquid\/\">Demykomed skys\u010dio<\/a> ant nag\u0173 ir odos, leiskite i\u0161d\u017ei\u016bti<\/li>\n<li>Naudokite\u00a0<a href=\"https:\/\/podology.shop\/lt\/produktas\/demykomed-nagelschutzol\/\">Demykomed aliej\u0173<\/a>\u00a0ant nag\u0173 ir odeli\u0173<\/li>\n<\/ul>\n<h5>Vakarais:<\/h5>\n<ul>\n<li>U\u017etepkite <a href=\"https:\/\/podology.shop\/lt\/produktas\/demykomed-nagel-und-hautschutzliquid\/\">Demykomed skys\u010dio<\/a> ant nag\u0173 ir odos, leiskite i\u0161d\u017ei\u016bti<\/li>\n<li>Naudokite\u00a0<a href=\"https:\/\/podology.shop\/lt\/produktas\/demykomed-nagelschutzol\/\">Demykomed aliej\u0173<\/a>\u00a0ant nag\u0173 ir odeli\u0173<\/li>\n<li>Apipurk\u0161kite vidin\u0119 avalyn\u0117s dal\u012f, kuri\u0105 naudosite rytoj, naudodami <a href=\"https:\/\/podology.shop\/lt\/produktas\/demykomed-hautschutzspray\/\">Demykomed pur\u0161kalas<\/a>. (pur\u0161kite 2 kartus)<\/li>\n<\/ul>\n<h3>Aktyv\u016bs ingredientai:<\/h3>\n<p><strong>Klotrimazolis<\/strong>: tai prie\u0161grybelinis vaistas, da\u017enai vartojamas gydant \u012fvairias grybelines infekcijas. Tai azoli\u0173 grup\u0117s preparatas slopindamas grybeli\u0173 augim\u0105.<\/p>\n<ul>\n<li>Prie\u0161grybelinis: Klotrimazolis yra pla\u010diai pripa\u017eintas d\u0117l savo prie\u0161grybelini\u0173 savybi\u0173, efektyviai gydant \u012fvairias nag\u0173 grybelio infekcijas.<\/li>\n<li>Prevencija: Reguliarus naudojimas gali pad\u0117ti u\u017ekirsti keli\u0105 grybelini\u0173 infekcij\u0173 pasikartojimui.<\/li>\n<\/ul>\n<p><strong>UREA<\/strong>: yra junginys, da\u017eniausiai naudojamas nag\u0173 ir odos prie\u017ei\u016bros produktuose. Jis tarnauja dviem pagrindiniais tikslais:<\/p>\n<ul>\n<li><em>Dr\u0117kina<\/em>: Karbamidas dr\u0117kina ir mink\u0161tina od\u0105, tod\u0117l jis yra vertingas ingredientas sausai odai ir nagams.<br \/>\n<em>\u0160veitimas<\/em>: veikia kaip \u0161velnus \u0161veitiklis, padedantis pa\u0161alinti negyvas odos l\u0105steles ir pagerinti odos tekst\u016br\u0105.<\/li>\n<\/ul>\n<p><strong>Undecilenamidas DEA<\/strong>: padeda sukurti stabilius aliejaus ir vandens mi\u0161inius.<\/p>\n<h4><strong>Ingredients (INCI): <\/strong><strong>Isopropanol, Aqua, Undecylenamide DEA, UREA, Clotrimazol, Phenoxyethanol, Ethylhexyglycerin.<\/strong><\/h4>\n","protected":false},"excerpt":{"rendered":"<p>Regeneruojantis ir prie\u0161grybelinis skystis odai ir nagams<\/p>\n","protected":false},"featured_media":18937,"comment_status":"closed","ping_status":"closed","template":"","meta":{"inline_featured_image":false,"_monsterinsights_skip_tracking":false,"_monsterinsights_sitenote_active":false,"_monsterinsights_sitenote_note":"","_monsterinsights_sitenote_category":0,"site-sidebar-layout":"default","site-content-layout":"","ast-site-content-layout":"default","site-content-style":"default","site-sidebar-style":"default","ast-global-header-display":"","ast-banner-title-visibility":"","ast-main-header-display":"","ast-hfb-above-header-display":"","ast-hfb-below-header-display":"","ast-hfb-mobile-header-display":"","site-post-title":"","ast-breadcrumbs-content":"","ast-featured-img":"","footer-sml-layout":"","ast-disable-related-posts":"","theme-transparent-header-meta":"default","adv-header-id-meta":"","stick-header-meta":"","header-above-stick-meta":"","header-main-stick-meta":"","header-below-stick-meta":"","astra-migrate-meta-layouts":"set","ast-page-background-enabled":"default","ast-page-background-meta":{"desktop":{"background-color":"","background-image":"","background-repeat":"repeat","background-position":"center center","background-size":"auto","background-attachment":"scroll","background-type":"","background-media":"","overlay-type":"","overlay-color":"","overlay-opacity":"","overlay-gradient":""},"tablet":{"background-color":"","background-image":"","background-repeat":"repeat","background-position":"center center","background-size":"auto","background-attachment":"scroll","background-type":"","background-media":"","overlay-type":"","overlay-color":"","overlay-opacity":"","overlay-gradient":""},"mobile":{"background-color":"","background-image":"","background-repeat":"repeat","background-position":"center center","background-size":"auto","background-attachment":"scroll","background-type":"","background-media":"","overlay-type":"","overlay-color":"","overlay-opacity":"","overlay-gradient":""}},"ast-content-background-meta":{"desktop":{"background-color":"var(--ast-global-color-5)","background-image":"","background-repeat":"repeat","background-position":"center center","background-size":"auto","background-attachment":"scroll","background-type":"","background-media":"","overlay-type":"","overlay-color":"","overlay-opacity":"","overlay-gradient":""},"tablet":{"background-color":"var(--ast-global-color-5)","background-image":"","background-repeat":"repeat","background-position":"center center","background-size":"auto","background-attachment":"scroll","background-type":"","background-media":"","overlay-type":"","overlay-color":"","overlay-opacity":"","overlay-gradient":""},"mobile":{"background-color":"var(--ast-global-color-5)","background-image":"","background-repeat":"repeat","background-position":"center center","background-size":"auto","background-attachment":"scroll","background-type":"","background-media":"","overlay-type":"","overlay-color":"","overlay-opacity":"","overlay-gradient":""}}},"product_brand":[],"product_cat":[1158],"product_tag":[1053,993,1054,1055,1056,1057,1058,1059],"class_list":{"0":"post-18933","1":"product","2":"type-product","3":"status-publish","4":"has-post-thumbnail","6":"product_cat-priemones-nuo-nagu-grybelio","7":"product_tag-antifungal-liquid-lt","8":"product_tag-clotrimazol-lt","9":"product_tag-demykomed-nagel-und-hautschutzliquid-lt","10":"product_tag-ethylhexyglycerin-lt","11":"product_tag-isopropanol-lt","12":"product_tag-phenoxyethanol-lt","13":"product_tag-undecylenamide-dea-lt","14":"product_tag-urea-lt","15":"desktop-align-center","16":"tablet-align-center","17":"mobile-align-center","19":"first","20":"instock","21":"shipping-taxable","22":"purchasable","23":"product-type-simple"},"yoast_head":"<!-- This site is optimized with the Yoast SEO plugin v27.1.1 - https:\/\/yoast.com\/product\/yoast-seo-wordpress\/ -->\n<title>DemykoMed Nag\u0173 ir odos apsauginis skystis 50ml - Podology.Shop<\/title>\n<meta name=\"description\" content=\"DemykoMed Nagel und Hautschutzliquid \u2013 regeneruojantis ir prie\u0161grybelinis skystis nagams. Padeda skatinti nag\u0173 augim\u0105, apsaugoti nuo grybelini\u0173 lig\u0173 ir infekcij\u0173.\" \/>\n<meta name=\"robots\" content=\"index, follow, max-snippet:-1, max-image-preview:large, max-video-preview:-1\" \/>\n<link rel=\"canonical\" href=\"https:\/\/podology.shop\/lt\/produktas\/demykomed-nagel-und-hautschutzliquid\/\" \/>\n<meta property=\"og:locale\" content=\"lt_LT\" \/>\n<meta property=\"og:type\" content=\"article\" \/>\n<meta property=\"og:title\" content=\"DemykoMed Nag\u0173 ir odos apsauginis skystis 50ml - Podology.Shop\" \/>\n<meta property=\"og:description\" content=\"DemykoMed Nagel und Hautschutzliquid \u2013 regeneruojantis ir prie\u0161grybelinis skystis nagams. Padeda skatinti nag\u0173 augim\u0105, apsaugoti nuo grybelini\u0173 lig\u0173 ir infekcij\u0173.\" \/>\n<meta property=\"og:url\" content=\"https:\/\/podology.shop\/lt\/produktas\/demykomed-nagel-und-hautschutzliquid\/\" \/>\n<meta property=\"og:site_name\" content=\"Podology.Shop\" \/>\n<meta property=\"article:modified_time\" content=\"2026-04-17T13:42:12+00:00\" \/>\n<meta property=\"og:image\" content=\"https:\/\/podology.shop\/wp-content\/uploads\/2023\/10\/DemykoMed-Nagel-und-Hautschutzliquid.jpg\" \/>\n\t<meta property=\"og:image:width\" content=\"1024\" \/>\n\t<meta property=\"og:image:height\" content=\"1024\" \/>\n\t<meta property=\"og:image:type\" content=\"image\/jpeg\" \/>\n<meta name=\"twitter:card\" content=\"summary_large_image\" \/>\n<meta name=\"twitter:label1\" content=\"Est. reading time\" \/>\n\t<meta name=\"twitter:data1\" content=\"2 minut\u0117s\" \/>\n<script type=\"application\/ld+json\" class=\"yoast-schema-graph\">{\"@context\":\"https:\/\/schema.org\",\"@graph\":[{\"@type\":\"WebPage\",\"@id\":\"https:\/\/podology.shop\/lt\/produktas\/demykomed-nagel-und-hautschutzliquid\/\",\"url\":\"https:\/\/podology.shop\/lt\/produktas\/demykomed-nagel-und-hautschutzliquid\/\",\"name\":\"DemykoMed Nag\u0173 ir odos apsauginis skystis 50ml - Podology.Shop\",\"isPartOf\":{\"@id\":\"https:\/\/podology.shop\/lt\/#website\"},\"primaryImageOfPage\":{\"@id\":\"https:\/\/podology.shop\/lt\/produktas\/demykomed-nagel-und-hautschutzliquid\/#primaryimage\"},\"image\":{\"@id\":\"https:\/\/podology.shop\/lt\/produktas\/demykomed-nagel-und-hautschutzliquid\/#primaryimage\"},\"thumbnailUrl\":\"https:\/\/podology.shop\/wp-content\/uploads\/2023\/10\/DemykoMed-Nagel-und-Hautschutzliquid.jpg\",\"datePublished\":\"2023-10-14T17:02:22+00:00\",\"dateModified\":\"2026-04-17T13:42:12+00:00\",\"description\":\"DemykoMed Nagel und Hautschutzliquid \u2013 regeneruojantis ir prie\u0161grybelinis skystis nagams. Padeda skatinti nag\u0173 augim\u0105, apsaugoti nuo grybelini\u0173 lig\u0173 ir infekcij\u0173.\",\"breadcrumb\":{\"@id\":\"https:\/\/podology.shop\/lt\/produktas\/demykomed-nagel-und-hautschutzliquid\/#breadcrumb\"},\"inLanguage\":\"lt-LT\",\"potentialAction\":[{\"@type\":\"ReadAction\",\"target\":[\"https:\/\/podology.shop\/lt\/produktas\/demykomed-nagel-und-hautschutzliquid\/\"]}]},{\"@type\":\"ImageObject\",\"inLanguage\":\"lt-LT\",\"@id\":\"https:\/\/podology.shop\/lt\/produktas\/demykomed-nagel-und-hautschutzliquid\/#primaryimage\",\"url\":\"https:\/\/podology.shop\/wp-content\/uploads\/2023\/10\/DemykoMed-Nagel-und-Hautschutzliquid.jpg\",\"contentUrl\":\"https:\/\/podology.shop\/wp-content\/uploads\/2023\/10\/DemykoMed-Nagel-und-Hautschutzliquid.jpg\",\"width\":1024,\"height\":1024,\"caption\":\"DemykoMed Nail and Skin protection liquid\"},{\"@type\":\"BreadcrumbList\",\"@id\":\"https:\/\/podology.shop\/lt\/produktas\/demykomed-nagel-und-hautschutzliquid\/#breadcrumb\",\"itemListElement\":[{\"@type\":\"ListItem\",\"position\":1,\"name\":\"Home\",\"item\":\"https:\/\/podology.shop\/lt\/\"},{\"@type\":\"ListItem\",\"position\":2,\"name\":\"Shop\",\"item\":\"https:\/\/podology.shop\/lt\/\"},{\"@type\":\"ListItem\",\"position\":3,\"name\":\"DemykoMed Nag\u0173 ir odos apsauginis skystis 50ml\"}]},{\"@type\":\"WebSite\",\"@id\":\"https:\/\/podology.shop\/lt\/#website\",\"url\":\"https:\/\/podology.shop\/lt\/\",\"name\":\"Podology.Shop\",\"description\":\"Podology.Shop\",\"publisher\":{\"@id\":\"https:\/\/podology.shop\/lt\/#organization\"},\"potentialAction\":[{\"@type\":\"SearchAction\",\"target\":{\"@type\":\"EntryPoint\",\"urlTemplate\":\"https:\/\/podology.shop\/lt\/?s={search_term_string}\"},\"query-input\":{\"@type\":\"PropertyValueSpecification\",\"valueRequired\":true,\"valueName\":\"search_term_string\"}}],\"inLanguage\":\"lt-LT\"},{\"@type\":\"Organization\",\"@id\":\"https:\/\/podology.shop\/lt\/#organization\",\"name\":\"Podology.shop\",\"url\":\"https:\/\/podology.shop\/lt\/\",\"logo\":{\"@type\":\"ImageObject\",\"inLanguage\":\"lt-LT\",\"@id\":\"https:\/\/podology.shop\/lt\/#\/schema\/logo\/image\/\",\"url\":\"https:\/\/podology.shop\/wp-content\/uploads\/2020\/11\/125361778_1762772693887349_9190250941118524915_n-scaled.jpg\",\"contentUrl\":\"https:\/\/podology.shop\/wp-content\/uploads\/2020\/11\/125361778_1762772693887349_9190250941118524915_n-scaled.jpg\",\"width\":2560,\"height\":878,\"caption\":\"Podology.shop\"},\"image\":{\"@id\":\"https:\/\/podology.shop\/lt\/#\/schema\/logo\/image\/\"}}]}<\/script>\n<!-- \/ Yoast SEO plugin. -->","yoast_head_json":{"title":"DemykoMed Nag\u0173 ir odos apsauginis skystis 50ml - Podology.Shop","description":"DemykoMed Nagel und Hautschutzliquid \u2013 regeneruojantis ir prie\u0161grybelinis skystis nagams. Padeda skatinti nag\u0173 augim\u0105, apsaugoti nuo grybelini\u0173 lig\u0173 ir infekcij\u0173.","robots":{"index":"index","follow":"follow","max-snippet":"max-snippet:-1","max-image-preview":"max-image-preview:large","max-video-preview":"max-video-preview:-1"},"canonical":"https:\/\/podology.shop\/lt\/produktas\/demykomed-nagel-und-hautschutzliquid\/","og_locale":"lt_LT","og_type":"article","og_title":"DemykoMed Nag\u0173 ir odos apsauginis skystis 50ml - Podology.Shop","og_description":"DemykoMed Nagel und Hautschutzliquid \u2013 regeneruojantis ir prie\u0161grybelinis skystis nagams. Padeda skatinti nag\u0173 augim\u0105, apsaugoti nuo grybelini\u0173 lig\u0173 ir infekcij\u0173.","og_url":"https:\/\/podology.shop\/lt\/produktas\/demykomed-nagel-und-hautschutzliquid\/","og_site_name":"Podology.Shop","article_modified_time":"2026-04-17T13:42:12+00:00","og_image":[{"width":1024,"height":1024,"url":"https:\/\/podology.shop\/wp-content\/uploads\/2023\/10\/DemykoMed-Nagel-und-Hautschutzliquid.jpg","type":"image\/jpeg"}],"twitter_card":"summary_large_image","twitter_misc":{"Est. reading time":"2 minut\u0117s"},"schema":{"@context":"https:\/\/schema.org","@graph":[{"@type":"WebPage","@id":"https:\/\/podology.shop\/lt\/produktas\/demykomed-nagel-und-hautschutzliquid\/","url":"https:\/\/podology.shop\/lt\/produktas\/demykomed-nagel-und-hautschutzliquid\/","name":"DemykoMed Nag\u0173 ir odos apsauginis skystis 50ml - Podology.Shop","isPartOf":{"@id":"https:\/\/podology.shop\/lt\/#website"},"primaryImageOfPage":{"@id":"https:\/\/podology.shop\/lt\/produktas\/demykomed-nagel-und-hautschutzliquid\/#primaryimage"},"image":{"@id":"https:\/\/podology.shop\/lt\/produktas\/demykomed-nagel-und-hautschutzliquid\/#primaryimage"},"thumbnailUrl":"https:\/\/podology.shop\/wp-content\/uploads\/2023\/10\/DemykoMed-Nagel-und-Hautschutzliquid.jpg","datePublished":"2023-10-14T17:02:22+00:00","dateModified":"2026-04-17T13:42:12+00:00","description":"DemykoMed Nagel und Hautschutzliquid \u2013 regeneruojantis ir prie\u0161grybelinis skystis nagams. Padeda skatinti nag\u0173 augim\u0105, apsaugoti nuo grybelini\u0173 lig\u0173 ir infekcij\u0173.","breadcrumb":{"@id":"https:\/\/podology.shop\/lt\/produktas\/demykomed-nagel-und-hautschutzliquid\/#breadcrumb"},"inLanguage":"lt-LT","potentialAction":[{"@type":"ReadAction","target":["https:\/\/podology.shop\/lt\/produktas\/demykomed-nagel-und-hautschutzliquid\/"]}]},{"@type":"ImageObject","inLanguage":"lt-LT","@id":"https:\/\/podology.shop\/lt\/produktas\/demykomed-nagel-und-hautschutzliquid\/#primaryimage","url":"https:\/\/podology.shop\/wp-content\/uploads\/2023\/10\/DemykoMed-Nagel-und-Hautschutzliquid.jpg","contentUrl":"https:\/\/podology.shop\/wp-content\/uploads\/2023\/10\/DemykoMed-Nagel-und-Hautschutzliquid.jpg","width":1024,"height":1024,"caption":"DemykoMed Nail and Skin protection liquid"},{"@type":"BreadcrumbList","@id":"https:\/\/podology.shop\/lt\/produktas\/demykomed-nagel-und-hautschutzliquid\/#breadcrumb","itemListElement":[{"@type":"ListItem","position":1,"name":"Home","item":"https:\/\/podology.shop\/lt\/"},{"@type":"ListItem","position":2,"name":"Shop","item":"https:\/\/podology.shop\/lt\/"},{"@type":"ListItem","position":3,"name":"DemykoMed Nag\u0173 ir odos apsauginis skystis 50ml"}]},{"@type":"WebSite","@id":"https:\/\/podology.shop\/lt\/#website","url":"https:\/\/podology.shop\/lt\/","name":"Podology.Shop","description":"Podology.Shop","publisher":{"@id":"https:\/\/podology.shop\/lt\/#organization"},"potentialAction":[{"@type":"SearchAction","target":{"@type":"EntryPoint","urlTemplate":"https:\/\/podology.shop\/lt\/?s={search_term_string}"},"query-input":{"@type":"PropertyValueSpecification","valueRequired":true,"valueName":"search_term_string"}}],"inLanguage":"lt-LT"},{"@type":"Organization","@id":"https:\/\/podology.shop\/lt\/#organization","name":"Podology.shop","url":"https:\/\/podology.shop\/lt\/","logo":{"@type":"ImageObject","inLanguage":"lt-LT","@id":"https:\/\/podology.shop\/lt\/#\/schema\/logo\/image\/","url":"https:\/\/podology.shop\/wp-content\/uploads\/2020\/11\/125361778_1762772693887349_9190250941118524915_n-scaled.jpg","contentUrl":"https:\/\/podology.shop\/wp-content\/uploads\/2020\/11\/125361778_1762772693887349_9190250941118524915_n-scaled.jpg","width":2560,"height":878,"caption":"Podology.shop"},"image":{"@id":"https:\/\/podology.shop\/lt\/#\/schema\/logo\/image\/"}}]}},"_links":{"self":[{"href":"https:\/\/podology.shop\/lt\/wp-json\/wp\/v2\/product\/18933","targetHints":{"allow":["GET"]}}],"collection":[{"href":"https:\/\/podology.shop\/lt\/wp-json\/wp\/v2\/product"}],"about":[{"href":"https:\/\/podology.shop\/lt\/wp-json\/wp\/v2\/types\/product"}],"replies":[{"embeddable":true,"href":"https:\/\/podology.shop\/lt\/wp-json\/wp\/v2\/comments?post=18933"}],"wp:featuredmedia":[{"embeddable":true,"href":"https:\/\/podology.shop\/lt\/wp-json\/wp\/v2\/media\/18937"}],"wp:attachment":[{"href":"https:\/\/podology.shop\/lt\/wp-json\/wp\/v2\/media?parent=18933"}],"wp:term":[{"taxonomy":"product_brand","embeddable":true,"href":"https:\/\/podology.shop\/lt\/wp-json\/wp\/v2\/product_brand?post=18933"},{"taxonomy":"product_cat","embeddable":true,"href":"https:\/\/podology.shop\/lt\/wp-json\/wp\/v2\/product_cat?post=18933"},{"taxonomy":"product_tag","embeddable":true,"href":"https:\/\/podology.shop\/lt\/wp-json\/wp\/v2\/product_tag?post=18933"}],"curies":[{"name":"wp","href":"https:\/\/api.w.org\/{rel}","templated":true}]}}