{"id":19181,"date":"2023-10-15T01:25:50","date_gmt":"2023-10-14T21:25:50","guid":{"rendered":"https:\/\/podology.shop\/?post_type=product&#038;p=19181"},"modified":"2026-04-25T14:49:08","modified_gmt":"2026-04-25T11:49:08","slug":"demykomed-hautschutzspray","status":"publish","type":"product","link":"https:\/\/podology.shop\/lt\/produktas\/demykomed-hautschutzspray\/","title":{"rendered":"DemykoMed pur\u0161kalas odai ir avalynei 75ml"},"content":{"rendered":"<h4>Apra\u0161ymas<\/h4>\n<p>DemykoMed pur\u0161kalas odai ir avalynei skirtas \u012f mikoz\u0119 linkusiems nagams ir odai. Padidina nat\u016bral\u0173 atsparum\u0105 grybelin\u0117ms infekcijoms ir i\u0161laiko j\u016bs\u0173 p\u0117das higieni\u0161kai \u0161vie\u017eias. DemykoMed pur\u0161kalas pad\u0117s apsaugoti p\u0117d\u0173 od\u0105 ir nagus lankantis baseinuose, pirtyse, sporto sal\u0117se ir kitose vie\u0161ose erdv\u0117se, taip pat naudokite j\u012f nuomojant batus (slidin\u0117jimo batus, boulingo batus, riedu\u010dius ir kt.)<\/p>\n<h4>Taikymas ir naudojimas<\/h4>\n<p>Pur\u0161kite DemykoMed Hautschutzspray tiesiai ant pa\u017eeistos odos ir tarp pir\u0161t\u0173. DemykoMed apsauginis pur\u0161kalas taip pat gali b\u016bti naudojamas tiesiai ant kojini\u0173 ir bat\u0173.<\/p>\n<h4>Kaip pasiekti geriausi\u0173 rezultat\u0173?<\/h4>\n<p>Nor\u0117dami pasiekti greitesni\u0173 ir geresni\u0173 rezultat\u0173, naudokite \u0161\u012f <strong>PROTOKOL\u0104<\/strong>:<\/p>\n<p>Jums reik\u0117s 3 demykomed produkt\u0173:\u00a0<a href=\"https:\/\/podology.shop\/lt\/produktas\/demykomed-nagelschutzol\/\">Demykomed aliejaus<\/a>,\u00a0<a href=\"https:\/\/podology.shop\/lt\/produktas\/demykomed-nagel-und-hautschutzliquid\/\">Demykomed skys\u010dio<\/a>\u00a0ir <a href=\"https:\/\/podology.shop\/lt\/produktas\/demykomed-hautschutzspray\/\">Demykomed pur\u0161kalo<\/a>.<\/p>\n<p><strong>Rytais:<\/strong><br \/>\nU\u017etepkite\u00a0<a href=\"https:\/\/podology.shop\/lt\/produktas\/demykomed-nagel-und-hautschutzliquid\/\">Demykomed skys\u010dio<\/a>\u00a0ant nag\u0173 ir odos, leiskite i\u0161d\u017ei\u016bti<br \/>\nNaudokite\u00a0<a href=\"https:\/\/podology.shop\/lt\/produktas\/demykomed-nagelschutzol\/\">Demykomed aliej\u0173<\/a>\u00a0ant nag\u0173 ir odeli\u0173<br \/>\n<strong>Vakarais:<\/strong><br \/>\nU\u017etepkite\u00a0<a href=\"https:\/\/podology.shop\/lt\/produktas\/demykomed-nagel-und-hautschutzliquid\/\">Demykomed skys\u010dio<\/a>\u00a0ant nag\u0173 ir odos, leiskite i\u0161d\u017ei\u016bti<br \/>\nNaudokite\u00a0<a href=\"https:\/\/podology.shop\/lt\/produktas\/demykomed-nagelschutzol\/\">Demykomed aliej\u0173<\/a>\u00a0ant nag\u0173 ir odeli\u0173<br \/>\nApipurk\u0161kite vidin\u0119 avalyn\u0117s dal\u012f, kuri\u0105 naudosite rytoj, naudodami <a href=\"https:\/\/podology.shop\/lt\/produktas\/demykomed-hautschutzspray\/\">Demykomed pur\u0161kalas<\/a>. (pur\u0161kite 2 kartus)<\/p>\n<h3>Aktyv\u016bs ingredientai:<\/h3>\n<p><strong>Klotrimazolis<\/strong>: tai prie\u0161grybelinis vaistas, da\u017enai vartojamas gydant \u012fvairias grybelines infekcijas. Tai azoli\u0173 grup\u0117s preparatas slopindamas grybeli\u0173 augim\u0105.<\/p>\n<p>Prie\u0161grybelinis: Klotrimazolis yra pla\u010diai pripa\u017eintas d\u0117l savo prie\u0161grybelini\u0173 savybi\u0173, efektyviai gydant \u012fvairias nag\u0173 grybelio infekcijas.<br \/>\nPrevencija: Reguliarus naudojimas gali pad\u0117ti u\u017ekirsti keli\u0105 grybelini\u0173 infekcij\u0173 pasikartojimui.<\/p>\n<p><strong>UREA<\/strong>: yra junginys, da\u017eniausiai naudojamas nag\u0173 ir odos prie\u017ei\u016bros produktuose. Jis tarnauja dviem pagrindiniais tikslais:<\/p>\n<p>Dr\u0117kina: Karbamidas dr\u0117kina ir mink\u0161tina od\u0105, tod\u0117l jis yra vertingas ingredientas sausai odai ir nagams.<br \/>\n\u0160veitimas: veikia kaip \u0161velnus \u0161veitiklis, padedantis pa\u0161alinti negyvas odos l\u0105steles ir pagerinti odos tekst\u016br\u0105.<\/p>\n<p><strong>Garcinia Mangostana Peel Extract:<\/strong> Garcinia mangostana, paprastai \u017einomas kaip mangostanas, yra atogr\u0105\u017e\u0173 vaisius, \u017einomas d\u0117l savo galimos naudos sveikatai. \u0160io vaisiaus \u017eievel\u0117s ekstraktai da\u017enai dedami \u012f odos ir nag\u0173 prie\u017ei\u016bros produktus d\u0117l keli\u0173 prie\u017eas\u010di\u0173:<\/p>\n<p>Antioksidacinis: Mangostano \u017eievel\u0117s ekstrakte gausu antioksidant\u0173, ypa\u010d ksanton\u0173. \u0160ie antioksidantai atlieka lemiam\u0105 vaidmen\u012f apsaugant od\u0105 ir nagus nuo laisv\u0173j\u0173 radikal\u0173, kurie gali pagreitinti sen\u0117jim\u0105 ir pakenkti odos bei nag\u0173 sveikatai. Stiprus mangostano ekstrakto antioksidacinis aktyvumas gali skatinti sveikesn\u0119, atsparesn\u0119 od\u0105 ir nagus.<br \/>\nPrie\u0161u\u017edegimin\u0117s savyb\u0117s: kai kurie mangostano \u017eievel\u0117s ekstrakto junginiai turi prie\u0161u\u017edegimini\u0173 savybi\u0173. D\u0117l to jis vertingas odos ir nag\u0173 prie\u017ei\u016broje, ramina ir suma\u017eina sudirgusi\u0105 od\u0105 ar nagus, veiksmingai suma\u017eina paraudim\u0105 ir diskomfort\u0105.<br \/>\nOdos ir nag\u0173 drekinimas: Jis padeda palaikyti tinkam\u0105 hidratacij\u0105, tod\u0117l oda ir nagai i\u0161lieka elastingi ir gerai maitinami. \u0160i savyb\u0117 ypa\u010d naudinga nag\u0173 prie\u017ei\u016bros produktuose, siekiant pagerinti bendr\u0105 nag\u0173 b\u016bkl\u0119, \u012fskaitant odeli\u0173 prie\u017ei\u016br\u0105<\/p>\n<p><strong>Undecilenamidas DEA:<\/strong> padeda sukurti stabilius aliejaus ir vandens mi\u0161inius.<\/p>\n<h4>Sud\u0117tis (INCI): Alcohol Denat., Butane, Propane, Aqua, Urea, Glycerin, Garcinia Mangostana Peel Extract, Clotrimazole,<br \/>\nUndecylenamide DEA, Propanediol.<\/h4>\n","protected":false},"excerpt":{"rendered":"<p>DemykoMed pur\u0161kalas nuo grybelio<\/p>\n","protected":false},"featured_media":18948,"comment_status":"closed","ping_status":"closed","template":"","meta":{"inline_featured_image":false,"_monsterinsights_skip_tracking":false,"_monsterinsights_sitenote_active":false,"_monsterinsights_sitenote_note":"","_monsterinsights_sitenote_category":0,"site-sidebar-layout":"default","site-content-layout":"","ast-site-content-layout":"default","site-content-style":"default","site-sidebar-style":"default","ast-global-header-display":"","ast-banner-title-visibility":"","ast-main-header-display":"","ast-hfb-above-header-display":"","ast-hfb-below-header-display":"","ast-hfb-mobile-header-display":"","site-post-title":"","ast-breadcrumbs-content":"","ast-featured-img":"","footer-sml-layout":"","ast-disable-related-posts":"","theme-transparent-header-meta":"default","adv-header-id-meta":"","stick-header-meta":"","header-above-stick-meta":"","header-main-stick-meta":"","header-below-stick-meta":"","astra-migrate-meta-layouts":"set","ast-page-background-enabled":"default","ast-page-background-meta":{"desktop":{"background-color":"","background-image":"","background-repeat":"repeat","background-position":"center center","background-size":"auto","background-attachment":"scroll","background-type":"","background-media":"","overlay-type":"","overlay-color":"","overlay-opacity":"","overlay-gradient":""},"tablet":{"background-color":"","background-image":"","background-repeat":"repeat","background-position":"center center","background-size":"auto","background-attachment":"scroll","background-type":"","background-media":"","overlay-type":"","overlay-color":"","overlay-opacity":"","overlay-gradient":""},"mobile":{"background-color":"","background-image":"","background-repeat":"repeat","background-position":"center center","background-size":"auto","background-attachment":"scroll","background-type":"","background-media":"","overlay-type":"","overlay-color":"","overlay-opacity":"","overlay-gradient":""}},"ast-content-background-meta":{"desktop":{"background-color":"var(--ast-global-color-5)","background-image":"","background-repeat":"repeat","background-position":"center center","background-size":"auto","background-attachment":"scroll","background-type":"","background-media":"","overlay-type":"","overlay-color":"","overlay-opacity":"","overlay-gradient":""},"tablet":{"background-color":"var(--ast-global-color-5)","background-image":"","background-repeat":"repeat","background-position":"center center","background-size":"auto","background-attachment":"scroll","background-type":"","background-media":"","overlay-type":"","overlay-color":"","overlay-opacity":"","overlay-gradient":""},"mobile":{"background-color":"var(--ast-global-color-5)","background-image":"","background-repeat":"repeat","background-position":"center center","background-size":"auto","background-attachment":"scroll","background-type":"","background-media":"","overlay-type":"","overlay-color":"","overlay-opacity":"","overlay-gradient":""}}},"product_brand":[],"product_cat":[105,1158],"product_tag":[988,1093,1094,1117,1118,1119,1120,1121,1122,1058,1059],"class_list":{"0":"post-19181","1":"product","2":"type-product","3":"status-publish","4":"has-post-thumbnail","6":"product_cat-busch-frezos-pedikiurui-manikiurui","7":"product_cat-priemones-nuo-nagu-grybelio","8":"product_tag-alcohol-denat-lt","9":"product_tag-antifungal-medicine-lt","10":"product_tag-antifungal-spray-lt","11":"product_tag-butane-lt","12":"product_tag-clotrimazole-lt","13":"product_tag-garcinia-mangostana-peel-extract-lt","14":"product_tag-glycerin-lt","15":"product_tag-propane-lt","16":"product_tag-propanediol-lt","17":"product_tag-undecylenamide-dea-lt","18":"product_tag-urea-lt","19":"desktop-align-center","20":"tablet-align-center","21":"mobile-align-center","23":"first","24":"instock","25":"shipping-taxable","26":"purchasable","27":"product-type-simple"},"yoast_head":"<!-- This site is optimized with the Yoast SEO plugin v27.5 - https:\/\/yoast.com\/product\/yoast-seo-wordpress\/ -->\n<title>DemykoMed pur\u0161kalas odai ir avalynei 75ml - Podology.Shop<\/title>\n<meta name=\"description\" content=\"DemykoMed Hautschutzspray Spray \u2013 regeneruojantis ir prie\u0161grybelinis pur\u0161kalas odai. Padeda apsisaugoti nuo grybelini\u0173 lig\u0173 ir infekcij\u0173.\" \/>\n<meta name=\"robots\" content=\"index, follow, max-snippet:-1, max-image-preview:large, max-video-preview:-1\" \/>\n<link rel=\"canonical\" href=\"https:\/\/podology.shop\/lt\/produktas\/demykomed-hautschutzspray\/\" \/>\n<meta property=\"og:locale\" content=\"lt_LT\" \/>\n<meta property=\"og:type\" content=\"article\" \/>\n<meta property=\"og:title\" content=\"DemykoMed pur\u0161kalas odai ir avalynei 75ml - Podology.Shop\" \/>\n<meta property=\"og:description\" content=\"DemykoMed Hautschutzspray Spray \u2013 regeneruojantis ir prie\u0161grybelinis pur\u0161kalas odai. Padeda apsisaugoti nuo grybelini\u0173 lig\u0173 ir infekcij\u0173.\" \/>\n<meta property=\"og:url\" content=\"https:\/\/podology.shop\/lt\/produktas\/demykomed-hautschutzspray\/\" \/>\n<meta property=\"og:site_name\" content=\"Podology.Shop\" \/>\n<meta property=\"article:modified_time\" content=\"2026-04-25T11:49:08+00:00\" \/>\n<meta property=\"og:image\" content=\"https:\/\/podology.shop\/wp-content\/uploads\/2023\/10\/demykomed-antifungal-spray.jpg\" \/>\n\t<meta property=\"og:image:width\" content=\"1024\" \/>\n\t<meta property=\"og:image:height\" content=\"1024\" \/>\n\t<meta property=\"og:image:type\" content=\"image\/jpeg\" \/>\n<meta name=\"twitter:card\" content=\"summary_large_image\" \/>\n<meta name=\"twitter:label1\" content=\"Est. reading time\" \/>\n\t<meta name=\"twitter:data1\" content=\"2 minut\u0117s\" \/>\n<script type=\"application\/ld+json\" class=\"yoast-schema-graph\">{\"@context\":\"https:\\\/\\\/schema.org\",\"@graph\":[{\"@type\":\"WebPage\",\"@id\":\"https:\\\/\\\/podology.shop\\\/lt\\\/produktas\\\/demykomed-hautschutzspray\\\/\",\"url\":\"https:\\\/\\\/podology.shop\\\/lt\\\/produktas\\\/demykomed-hautschutzspray\\\/\",\"name\":\"DemykoMed pur\u0161kalas odai ir avalynei 75ml - Podology.Shop\",\"isPartOf\":{\"@id\":\"https:\\\/\\\/podology.shop\\\/lt\\\/#website\"},\"primaryImageOfPage\":{\"@id\":\"https:\\\/\\\/podology.shop\\\/lt\\\/produktas\\\/demykomed-hautschutzspray\\\/#primaryimage\"},\"image\":{\"@id\":\"https:\\\/\\\/podology.shop\\\/lt\\\/produktas\\\/demykomed-hautschutzspray\\\/#primaryimage\"},\"thumbnailUrl\":\"https:\\\/\\\/podology.shop\\\/wp-content\\\/uploads\\\/2023\\\/10\\\/demykomed-antifungal-spray.jpg\",\"datePublished\":\"2023-10-14T21:25:50+00:00\",\"dateModified\":\"2026-04-25T11:49:08+00:00\",\"description\":\"DemykoMed Hautschutzspray Spray \u2013 regeneruojantis ir prie\u0161grybelinis pur\u0161kalas odai. Padeda apsisaugoti nuo grybelini\u0173 lig\u0173 ir infekcij\u0173.\",\"breadcrumb\":{\"@id\":\"https:\\\/\\\/podology.shop\\\/lt\\\/produktas\\\/demykomed-hautschutzspray\\\/#breadcrumb\"},\"inLanguage\":\"lt-LT\",\"potentialAction\":[{\"@type\":\"ReadAction\",\"target\":[\"https:\\\/\\\/podology.shop\\\/lt\\\/produktas\\\/demykomed-hautschutzspray\\\/\"]}]},{\"@type\":\"ImageObject\",\"inLanguage\":\"lt-LT\",\"@id\":\"https:\\\/\\\/podology.shop\\\/lt\\\/produktas\\\/demykomed-hautschutzspray\\\/#primaryimage\",\"url\":\"https:\\\/\\\/podology.shop\\\/wp-content\\\/uploads\\\/2023\\\/10\\\/demykomed-antifungal-spray.jpg\",\"contentUrl\":\"https:\\\/\\\/podology.shop\\\/wp-content\\\/uploads\\\/2023\\\/10\\\/demykomed-antifungal-spray.jpg\",\"width\":1024,\"height\":1024,\"caption\":\"demykomed prie\u0161grybelinis pur\u0161kalas odai ir nagams\"},{\"@type\":\"BreadcrumbList\",\"@id\":\"https:\\\/\\\/podology.shop\\\/lt\\\/produktas\\\/demykomed-hautschutzspray\\\/#breadcrumb\",\"itemListElement\":[{\"@type\":\"ListItem\",\"position\":1,\"name\":\"Home\",\"item\":\"https:\\\/\\\/podology.shop\\\/lt\\\/\"},{\"@type\":\"ListItem\",\"position\":2,\"name\":\"Shop\",\"item\":\"https:\\\/\\\/podology.shop\\\/lt\\\/\"},{\"@type\":\"ListItem\",\"position\":3,\"name\":\"DemykoMed pur\u0161kalas odai ir avalynei 75ml\"}]},{\"@type\":\"WebSite\",\"@id\":\"https:\\\/\\\/podology.shop\\\/lt\\\/#website\",\"url\":\"https:\\\/\\\/podology.shop\\\/lt\\\/\",\"name\":\"Podology.Shop\",\"description\":\"Podology.Shop\",\"publisher\":{\"@id\":\"https:\\\/\\\/podology.shop\\\/lt\\\/#organization\"},\"potentialAction\":[{\"@type\":\"SearchAction\",\"target\":{\"@type\":\"EntryPoint\",\"urlTemplate\":\"https:\\\/\\\/podology.shop\\\/lt\\\/?s={search_term_string}\"},\"query-input\":{\"@type\":\"PropertyValueSpecification\",\"valueRequired\":true,\"valueName\":\"search_term_string\"}}],\"inLanguage\":\"lt-LT\"},{\"@type\":\"Organization\",\"@id\":\"https:\\\/\\\/podology.shop\\\/lt\\\/#organization\",\"name\":\"Podology.shop\",\"url\":\"https:\\\/\\\/podology.shop\\\/lt\\\/\",\"logo\":{\"@type\":\"ImageObject\",\"inLanguage\":\"lt-LT\",\"@id\":\"https:\\\/\\\/podology.shop\\\/lt\\\/#\\\/schema\\\/logo\\\/image\\\/\",\"url\":\"https:\\\/\\\/podology.shop\\\/wp-content\\\/uploads\\\/2020\\\/11\\\/125361778_1762772693887349_9190250941118524915_n-scaled.jpg\",\"contentUrl\":\"https:\\\/\\\/podology.shop\\\/wp-content\\\/uploads\\\/2020\\\/11\\\/125361778_1762772693887349_9190250941118524915_n-scaled.jpg\",\"width\":2560,\"height\":878,\"caption\":\"Podology.shop\"},\"image\":{\"@id\":\"https:\\\/\\\/podology.shop\\\/lt\\\/#\\\/schema\\\/logo\\\/image\\\/\"}}]}<\/script>\n<!-- \/ Yoast SEO plugin. -->","yoast_head_json":{"title":"DemykoMed pur\u0161kalas odai ir avalynei 75ml - Podology.Shop","description":"DemykoMed Hautschutzspray Spray \u2013 regeneruojantis ir prie\u0161grybelinis pur\u0161kalas odai. Padeda apsisaugoti nuo grybelini\u0173 lig\u0173 ir infekcij\u0173.","robots":{"index":"index","follow":"follow","max-snippet":"max-snippet:-1","max-image-preview":"max-image-preview:large","max-video-preview":"max-video-preview:-1"},"canonical":"https:\/\/podology.shop\/lt\/produktas\/demykomed-hautschutzspray\/","og_locale":"lt_LT","og_type":"article","og_title":"DemykoMed pur\u0161kalas odai ir avalynei 75ml - Podology.Shop","og_description":"DemykoMed Hautschutzspray Spray \u2013 regeneruojantis ir prie\u0161grybelinis pur\u0161kalas odai. Padeda apsisaugoti nuo grybelini\u0173 lig\u0173 ir infekcij\u0173.","og_url":"https:\/\/podology.shop\/lt\/produktas\/demykomed-hautschutzspray\/","og_site_name":"Podology.Shop","article_modified_time":"2026-04-25T11:49:08+00:00","og_image":[{"width":1024,"height":1024,"url":"https:\/\/podology.shop\/wp-content\/uploads\/2023\/10\/demykomed-antifungal-spray.jpg","type":"image\/jpeg"}],"twitter_card":"summary_large_image","twitter_misc":{"Est. reading time":"2 minut\u0117s"},"schema":{"@context":"https:\/\/schema.org","@graph":[{"@type":"WebPage","@id":"https:\/\/podology.shop\/lt\/produktas\/demykomed-hautschutzspray\/","url":"https:\/\/podology.shop\/lt\/produktas\/demykomed-hautschutzspray\/","name":"DemykoMed pur\u0161kalas odai ir avalynei 75ml - Podology.Shop","isPartOf":{"@id":"https:\/\/podology.shop\/lt\/#website"},"primaryImageOfPage":{"@id":"https:\/\/podology.shop\/lt\/produktas\/demykomed-hautschutzspray\/#primaryimage"},"image":{"@id":"https:\/\/podology.shop\/lt\/produktas\/demykomed-hautschutzspray\/#primaryimage"},"thumbnailUrl":"https:\/\/podology.shop\/wp-content\/uploads\/2023\/10\/demykomed-antifungal-spray.jpg","datePublished":"2023-10-14T21:25:50+00:00","dateModified":"2026-04-25T11:49:08+00:00","description":"DemykoMed Hautschutzspray Spray \u2013 regeneruojantis ir prie\u0161grybelinis pur\u0161kalas odai. Padeda apsisaugoti nuo grybelini\u0173 lig\u0173 ir infekcij\u0173.","breadcrumb":{"@id":"https:\/\/podology.shop\/lt\/produktas\/demykomed-hautschutzspray\/#breadcrumb"},"inLanguage":"lt-LT","potentialAction":[{"@type":"ReadAction","target":["https:\/\/podology.shop\/lt\/produktas\/demykomed-hautschutzspray\/"]}]},{"@type":"ImageObject","inLanguage":"lt-LT","@id":"https:\/\/podology.shop\/lt\/produktas\/demykomed-hautschutzspray\/#primaryimage","url":"https:\/\/podology.shop\/wp-content\/uploads\/2023\/10\/demykomed-antifungal-spray.jpg","contentUrl":"https:\/\/podology.shop\/wp-content\/uploads\/2023\/10\/demykomed-antifungal-spray.jpg","width":1024,"height":1024,"caption":"demykomed prie\u0161grybelinis pur\u0161kalas odai ir nagams"},{"@type":"BreadcrumbList","@id":"https:\/\/podology.shop\/lt\/produktas\/demykomed-hautschutzspray\/#breadcrumb","itemListElement":[{"@type":"ListItem","position":1,"name":"Home","item":"https:\/\/podology.shop\/lt\/"},{"@type":"ListItem","position":2,"name":"Shop","item":"https:\/\/podology.shop\/lt\/"},{"@type":"ListItem","position":3,"name":"DemykoMed pur\u0161kalas odai ir avalynei 75ml"}]},{"@type":"WebSite","@id":"https:\/\/podology.shop\/lt\/#website","url":"https:\/\/podology.shop\/lt\/","name":"Podology.Shop","description":"Podology.Shop","publisher":{"@id":"https:\/\/podology.shop\/lt\/#organization"},"potentialAction":[{"@type":"SearchAction","target":{"@type":"EntryPoint","urlTemplate":"https:\/\/podology.shop\/lt\/?s={search_term_string}"},"query-input":{"@type":"PropertyValueSpecification","valueRequired":true,"valueName":"search_term_string"}}],"inLanguage":"lt-LT"},{"@type":"Organization","@id":"https:\/\/podology.shop\/lt\/#organization","name":"Podology.shop","url":"https:\/\/podology.shop\/lt\/","logo":{"@type":"ImageObject","inLanguage":"lt-LT","@id":"https:\/\/podology.shop\/lt\/#\/schema\/logo\/image\/","url":"https:\/\/podology.shop\/wp-content\/uploads\/2020\/11\/125361778_1762772693887349_9190250941118524915_n-scaled.jpg","contentUrl":"https:\/\/podology.shop\/wp-content\/uploads\/2020\/11\/125361778_1762772693887349_9190250941118524915_n-scaled.jpg","width":2560,"height":878,"caption":"Podology.shop"},"image":{"@id":"https:\/\/podology.shop\/lt\/#\/schema\/logo\/image\/"}}]}},"_links":{"self":[{"href":"https:\/\/podology.shop\/lt\/wp-json\/wp\/v2\/product\/19181","targetHints":{"allow":["GET"]}}],"collection":[{"href":"https:\/\/podology.shop\/lt\/wp-json\/wp\/v2\/product"}],"about":[{"href":"https:\/\/podology.shop\/lt\/wp-json\/wp\/v2\/types\/product"}],"replies":[{"embeddable":true,"href":"https:\/\/podology.shop\/lt\/wp-json\/wp\/v2\/comments?post=19181"}],"wp:featuredmedia":[{"embeddable":true,"href":"https:\/\/podology.shop\/lt\/wp-json\/wp\/v2\/media\/18948"}],"wp:attachment":[{"href":"https:\/\/podology.shop\/lt\/wp-json\/wp\/v2\/media?parent=19181"}],"wp:term":[{"taxonomy":"product_brand","embeddable":true,"href":"https:\/\/podology.shop\/lt\/wp-json\/wp\/v2\/product_brand?post=19181"},{"taxonomy":"product_cat","embeddable":true,"href":"https:\/\/podology.shop\/lt\/wp-json\/wp\/v2\/product_cat?post=19181"},{"taxonomy":"product_tag","embeddable":true,"href":"https:\/\/podology.shop\/lt\/wp-json\/wp\/v2\/product_tag?post=19181"}],"curies":[{"name":"wp","href":"https:\/\/api.w.org\/{rel}","templated":true}]}}