{"id":19219,"date":"2023-10-18T20:16:56","date_gmt":"2023-10-18T16:16:56","guid":{"rendered":"https:\/\/podology.shop\/product\/sanamed-rubin\/"},"modified":"2026-04-06T10:49:51","modified_gmt":"2026-04-06T07:49:51","slug":"sanamed-rubin","status":"publish","type":"product","link":"https:\/\/podology.shop\/lt\/produktas\/sanamed-rubin\/","title":{"rendered":"Sanamed kremas-putos Rubin 150ml"},"content":{"rendered":"<p><span class=\"a_GcMg font-feature-liga-off font-feature-clig-off font-feature-calt-off text-decoration-none text-strikethrough-none\"><strong>SANAMED Rubin<\/strong> \u2013 kremo putos <strong>labai sausai<\/strong>, pleiskanojan\u010diai p\u0117d\u0173 bei koj\u0173 odai, praturtintos karbamidu (15%), pantenoliu, Pentavitin\u00ae ir bisabololiu. Karbamidas mink\u0161tina od\u0105, o pantenolis su bisabololiu ramina ir atkuria sudirgusi\u0105 od\u0105. Be PEG, kvapi\u0173j\u0173 med\u017eiag\u0173, da\u017eikli\u0173 ir konservant\u0173, tinka diabetikams, intensyviai dr\u0117kina, maitina ir saugo od\u0105. <\/span>D\u0117l didelio karbamido kiekio 15%, surag\u0117jusios odos plotai tampa daug mink\u0161tesni ir lygesni.<\/p>\n<h4>Naudojimas<\/h4>\n<p>Prie\u0161 naudojim\u0105 gerai suplakite . Laikykite skardin\u0119 vertikaliai dozatoriumi \u012f vir\u0161\u0173 ir naudokite atsargiai. Naudokite kasdien ryte ir vakare. I\u0161spauskite nedidel\u012f produkto kiek\u012f ant odos ir masa\u017euokite, kol visi\u0161kai susigers. Laikykite kambario temperat\u016broje.<\/p>\n<p><strong>Ypa\u010d geras poveikis naudojant kartu su <a href=\"https:\/\/podology.shop\/lt\/produktas\/caremed-allgauer-schrundencreme-cream-125ml\/\">CareMed Allg\u00e4uer Schrundencreme kremu.<\/a><\/strong><\/p>\n<p><span class=\"a_GcMg font-feature-liga-off font-feature-clig-off font-feature-calt-off text-decoration-none text-strikethrough-none\">Kursas \u2013 2\u20133 m\u0117nesiai.\u00a0 Paskui pereiti ant <strong>Sanamed Smaragd <\/strong>\u00a0palaikomajai prie\u017eiurai.<\/span><\/p>\n<blockquote class=\"wp-embedded-content\" data-secret=\"TUERxMZ4GN\"><p><a href=\"https:\/\/podology.shop\/lt\/?attachment_id=19278\">sanamed smaragd 150ml<\/a><\/p><\/blockquote>\n<p><iframe class=\"wp-embedded-content\" sandbox=\"allow-scripts\" security=\"restricted\" style=\"position: absolute; visibility: hidden;\" title=\"&#8220;sanamed smaragd 150ml&#8221; &#8212; Podology.Shop\" src=\"https:\/\/podology.shop\/lt\/embed\/?attachment_id=19278#?secret=2EYlj8KP2d#?secret=TUERxMZ4GN\" data-secret=\"TUERxMZ4GN\" width=\"500\" height=\"282\" frameborder=\"0\" marginwidth=\"0\" marginheight=\"0\" scrolling=\"no\"><\/iframe><\/p>\n<h4>Sud\u0117tis (INCI)<\/h4>\n<p>Aqua, Urea, Butane, Isopropyl Myristate, Propane, Cetyl Alcohol, C 14-22 Alcohol (and) C 12-20 Alkyl Glucoside,\u00a0Caprylic\/Capric Triglyceride, Glycerin, Glyceryl Stearate, Persea Gratissima Oil, Simmondsia Chinensis Seed Oil,\u00a0Aloe Barbadensis Leaf Extract, Saccharide Isomerate, Panthenol, Menthol, Bisabolol, Rosmarinus Officinalis\u00a0Leaf Oil, Pinus Mugo Twig Oil, Lavandula Angustifolia Flower Oil, Allantoin, Sodium Lauroyl Sarcosinate, Citric\u00a0Acid, Sodium Citrate, Sodium Hydroxide, Caprylyl Glycol.<\/p>\n","protected":false},"excerpt":{"rendered":"<p>LABAI SAUSAI ODAI, JAUTRIAI ODAI, ODOS \u012eTR\u016aKIMAMS, NUOSPAUDOMS, TINKA DIABETIKAMS<\/p>\n","protected":false},"featured_media":19216,"comment_status":"closed","ping_status":"closed","template":"","meta":{"inline_featured_image":false,"_monsterinsights_skip_tracking":false,"_monsterinsights_sitenote_active":false,"_monsterinsights_sitenote_note":"","_monsterinsights_sitenote_category":0,"site-sidebar-layout":"default","site-content-layout":"","ast-site-content-layout":"default","site-content-style":"default","site-sidebar-style":"default","ast-global-header-display":"","ast-banner-title-visibility":"","ast-main-header-display":"","ast-hfb-above-header-display":"","ast-hfb-below-header-display":"","ast-hfb-mobile-header-display":"","site-post-title":"","ast-breadcrumbs-content":"","ast-featured-img":"","footer-sml-layout":"","ast-disable-related-posts":"","theme-transparent-header-meta":"default","adv-header-id-meta":"","stick-header-meta":"","header-above-stick-meta":"","header-main-stick-meta":"","header-below-stick-meta":"","astra-migrate-meta-layouts":"set","ast-page-background-enabled":"default","ast-page-background-meta":{"desktop":{"background-color":"","background-image":"","background-repeat":"repeat","background-position":"center center","background-size":"auto","background-attachment":"scroll","background-type":"","background-media":"","overlay-type":"","overlay-color":"","overlay-opacity":"","overlay-gradient":""},"tablet":{"background-color":"","background-image":"","background-repeat":"repeat","background-position":"center center","background-size":"auto","background-attachment":"scroll","background-type":"","background-media":"","overlay-type":"","overlay-color":"","overlay-opacity":"","overlay-gradient":""},"mobile":{"background-color":"","background-image":"","background-repeat":"repeat","background-position":"center center","background-size":"auto","background-attachment":"scroll","background-type":"","background-media":"","overlay-type":"","overlay-color":"","overlay-opacity":"","overlay-gradient":""}},"ast-content-background-meta":{"desktop":{"background-color":"var(--ast-global-color-5)","background-image":"","background-repeat":"repeat","background-position":"center center","background-size":"auto","background-attachment":"scroll","background-type":"","background-media":"","overlay-type":"","overlay-color":"","overlay-opacity":"","overlay-gradient":""},"tablet":{"background-color":"var(--ast-global-color-5)","background-image":"","background-repeat":"repeat","background-position":"center center","background-size":"auto","background-attachment":"scroll","background-type":"","background-media":"","overlay-type":"","overlay-color":"","overlay-opacity":"","overlay-gradient":""},"mobile":{"background-color":"var(--ast-global-color-5)","background-image":"","background-repeat":"repeat","background-position":"center center","background-size":"auto","background-attachment":"scroll","background-type":"","background-media":"","overlay-type":"","overlay-color":"","overlay-opacity":"","overlay-gradient":""}}},"product_brand":[],"product_cat":[1395],"product_tag":[990,1175,1172,1176,1174,1173,1059],"class_list":{"0":"post-19219","1":"product","2":"type-product","3":"status-publish","4":"has-post-thumbnail","6":"product_cat-sanamed-linija","7":"product_tag-bisabolol-lt","8":"product_tag-caremed-lt","9":"product_tag-panthenol-lt","10":"product_tag-pentavitin-lt","11":"product_tag-sanamed-lt","12":"product_tag-sanamed-rubin-lt","13":"product_tag-urea-lt","14":"desktop-align-center","15":"tablet-align-center","16":"mobile-align-center","18":"first","19":"instock","20":"shipping-taxable","21":"purchasable","22":"product-type-simple"},"yoast_head":"<!-- This site is optimized with the Yoast SEO plugin v27.4 - https:\/\/yoast.com\/product\/yoast-seo-wordpress\/ -->\n<title>Sanamed kremas-putos Rubin 150ml - Podology.Shop<\/title>\n<meta name=\"description\" content=\"SANAMED \u201eRubin\u201c yra specializuota odos prie\u017ei\u016bros priemon\u0117 labai sausai odai, odos \u012ftr\u016bkimams ir nuospaudoms. Tai yra greitai susigeriantis kremas-putos su raminan\u010diais komponentais\" \/>\n<meta name=\"robots\" content=\"index, follow, max-snippet:-1, max-image-preview:large, max-video-preview:-1\" \/>\n<link rel=\"canonical\" href=\"https:\/\/podology.shop\/lt\/produktas\/sanamed-rubin\/\" \/>\n<meta property=\"og:locale\" content=\"lt_LT\" \/>\n<meta property=\"og:type\" content=\"article\" \/>\n<meta property=\"og:title\" content=\"Sanamed kremas-putos Rubin 150ml - Podology.Shop\" \/>\n<meta property=\"og:description\" content=\"SANAMED \u201eRubin\u201c yra specializuota odos prie\u017ei\u016bros priemon\u0117 labai sausai odai, odos \u012ftr\u016bkimams ir nuospaudoms. Tai yra greitai susigeriantis kremas-putos su raminan\u010diais komponentais\" \/>\n<meta property=\"og:url\" content=\"https:\/\/podology.shop\/lt\/produktas\/sanamed-rubin\/\" \/>\n<meta property=\"og:site_name\" content=\"Podology.Shop\" \/>\n<meta property=\"article:modified_time\" content=\"2026-04-06T07:49:51+00:00\" \/>\n<meta property=\"og:image\" content=\"https:\/\/podology.shop\/wp-content\/uploads\/2023\/10\/sanamed-rubin-150ml.jpg\" \/>\n\t<meta property=\"og:image:width\" content=\"800\" \/>\n\t<meta property=\"og:image:height\" content=\"800\" \/>\n\t<meta property=\"og:image:type\" content=\"image\/jpeg\" \/>\n<meta name=\"twitter:card\" content=\"summary_large_image\" \/>\n<meta name=\"twitter:label1\" content=\"Est. reading time\" \/>\n\t<meta name=\"twitter:data1\" content=\"1 minut\u0117\" \/>\n<script type=\"application\/ld+json\" class=\"yoast-schema-graph\">{\"@context\":\"https:\\\/\\\/schema.org\",\"@graph\":[{\"@type\":\"WebPage\",\"@id\":\"https:\\\/\\\/podology.shop\\\/lt\\\/produktas\\\/sanamed-rubin\\\/\",\"url\":\"https:\\\/\\\/podology.shop\\\/lt\\\/produktas\\\/sanamed-rubin\\\/\",\"name\":\"Sanamed kremas-putos Rubin 150ml - Podology.Shop\",\"isPartOf\":{\"@id\":\"https:\\\/\\\/podology.shop\\\/lt\\\/#website\"},\"primaryImageOfPage\":{\"@id\":\"https:\\\/\\\/podology.shop\\\/lt\\\/produktas\\\/sanamed-rubin\\\/#primaryimage\"},\"image\":{\"@id\":\"https:\\\/\\\/podology.shop\\\/lt\\\/produktas\\\/sanamed-rubin\\\/#primaryimage\"},\"thumbnailUrl\":\"https:\\\/\\\/podology.shop\\\/wp-content\\\/uploads\\\/2023\\\/10\\\/sanamed-rubin-150ml.jpg\",\"datePublished\":\"2023-10-18T16:16:56+00:00\",\"dateModified\":\"2026-04-06T07:49:51+00:00\",\"description\":\"SANAMED \u201eRubin\u201c yra specializuota odos prie\u017ei\u016bros priemon\u0117 labai sausai odai, odos \u012ftr\u016bkimams ir nuospaudoms. Tai yra greitai susigeriantis kremas-putos su raminan\u010diais komponentais\",\"breadcrumb\":{\"@id\":\"https:\\\/\\\/podology.shop\\\/lt\\\/produktas\\\/sanamed-rubin\\\/#breadcrumb\"},\"inLanguage\":\"lt-LT\",\"potentialAction\":[{\"@type\":\"ReadAction\",\"target\":[\"https:\\\/\\\/podology.shop\\\/lt\\\/produktas\\\/sanamed-rubin\\\/\"]}]},{\"@type\":\"ImageObject\",\"inLanguage\":\"lt-LT\",\"@id\":\"https:\\\/\\\/podology.shop\\\/lt\\\/produktas\\\/sanamed-rubin\\\/#primaryimage\",\"url\":\"https:\\\/\\\/podology.shop\\\/wp-content\\\/uploads\\\/2023\\\/10\\\/sanamed-rubin-150ml.jpg\",\"contentUrl\":\"https:\\\/\\\/podology.shop\\\/wp-content\\\/uploads\\\/2023\\\/10\\\/sanamed-rubin-150ml.jpg\",\"width\":800,\"height\":800,\"caption\":\"sanamed rubin 150ml\"},{\"@type\":\"BreadcrumbList\",\"@id\":\"https:\\\/\\\/podology.shop\\\/lt\\\/produktas\\\/sanamed-rubin\\\/#breadcrumb\",\"itemListElement\":[{\"@type\":\"ListItem\",\"position\":1,\"name\":\"Home\",\"item\":\"https:\\\/\\\/podology.shop\\\/lt\\\/\"},{\"@type\":\"ListItem\",\"position\":2,\"name\":\"Shop\",\"item\":\"https:\\\/\\\/podology.shop\\\/lt\\\/\"},{\"@type\":\"ListItem\",\"position\":3,\"name\":\"Sanamed kremas-putos Rubin 150ml\"}]},{\"@type\":\"WebSite\",\"@id\":\"https:\\\/\\\/podology.shop\\\/lt\\\/#website\",\"url\":\"https:\\\/\\\/podology.shop\\\/lt\\\/\",\"name\":\"Podology.Shop\",\"description\":\"Podology.Shop\",\"publisher\":{\"@id\":\"https:\\\/\\\/podology.shop\\\/lt\\\/#organization\"},\"potentialAction\":[{\"@type\":\"SearchAction\",\"target\":{\"@type\":\"EntryPoint\",\"urlTemplate\":\"https:\\\/\\\/podology.shop\\\/lt\\\/?s={search_term_string}\"},\"query-input\":{\"@type\":\"PropertyValueSpecification\",\"valueRequired\":true,\"valueName\":\"search_term_string\"}}],\"inLanguage\":\"lt-LT\"},{\"@type\":\"Organization\",\"@id\":\"https:\\\/\\\/podology.shop\\\/lt\\\/#organization\",\"name\":\"Podology.shop\",\"url\":\"https:\\\/\\\/podology.shop\\\/lt\\\/\",\"logo\":{\"@type\":\"ImageObject\",\"inLanguage\":\"lt-LT\",\"@id\":\"https:\\\/\\\/podology.shop\\\/lt\\\/#\\\/schema\\\/logo\\\/image\\\/\",\"url\":\"https:\\\/\\\/podology.shop\\\/wp-content\\\/uploads\\\/2020\\\/11\\\/125361778_1762772693887349_9190250941118524915_n-scaled.jpg\",\"contentUrl\":\"https:\\\/\\\/podology.shop\\\/wp-content\\\/uploads\\\/2020\\\/11\\\/125361778_1762772693887349_9190250941118524915_n-scaled.jpg\",\"width\":2560,\"height\":878,\"caption\":\"Podology.shop\"},\"image\":{\"@id\":\"https:\\\/\\\/podology.shop\\\/lt\\\/#\\\/schema\\\/logo\\\/image\\\/\"}}]}<\/script>\n<!-- \/ Yoast SEO plugin. -->","yoast_head_json":{"title":"Sanamed kremas-putos Rubin 150ml - Podology.Shop","description":"SANAMED \u201eRubin\u201c yra specializuota odos prie\u017ei\u016bros priemon\u0117 labai sausai odai, odos \u012ftr\u016bkimams ir nuospaudoms. Tai yra greitai susigeriantis kremas-putos su raminan\u010diais komponentais","robots":{"index":"index","follow":"follow","max-snippet":"max-snippet:-1","max-image-preview":"max-image-preview:large","max-video-preview":"max-video-preview:-1"},"canonical":"https:\/\/podology.shop\/lt\/produktas\/sanamed-rubin\/","og_locale":"lt_LT","og_type":"article","og_title":"Sanamed kremas-putos Rubin 150ml - Podology.Shop","og_description":"SANAMED \u201eRubin\u201c yra specializuota odos prie\u017ei\u016bros priemon\u0117 labai sausai odai, odos \u012ftr\u016bkimams ir nuospaudoms. Tai yra greitai susigeriantis kremas-putos su raminan\u010diais komponentais","og_url":"https:\/\/podology.shop\/lt\/produktas\/sanamed-rubin\/","og_site_name":"Podology.Shop","article_modified_time":"2026-04-06T07:49:51+00:00","og_image":[{"width":800,"height":800,"url":"https:\/\/podology.shop\/wp-content\/uploads\/2023\/10\/sanamed-rubin-150ml.jpg","type":"image\/jpeg"}],"twitter_card":"summary_large_image","twitter_misc":{"Est. reading time":"1 minut\u0117"},"schema":{"@context":"https:\/\/schema.org","@graph":[{"@type":"WebPage","@id":"https:\/\/podology.shop\/lt\/produktas\/sanamed-rubin\/","url":"https:\/\/podology.shop\/lt\/produktas\/sanamed-rubin\/","name":"Sanamed kremas-putos Rubin 150ml - Podology.Shop","isPartOf":{"@id":"https:\/\/podology.shop\/lt\/#website"},"primaryImageOfPage":{"@id":"https:\/\/podology.shop\/lt\/produktas\/sanamed-rubin\/#primaryimage"},"image":{"@id":"https:\/\/podology.shop\/lt\/produktas\/sanamed-rubin\/#primaryimage"},"thumbnailUrl":"https:\/\/podology.shop\/wp-content\/uploads\/2023\/10\/sanamed-rubin-150ml.jpg","datePublished":"2023-10-18T16:16:56+00:00","dateModified":"2026-04-06T07:49:51+00:00","description":"SANAMED \u201eRubin\u201c yra specializuota odos prie\u017ei\u016bros priemon\u0117 labai sausai odai, odos \u012ftr\u016bkimams ir nuospaudoms. Tai yra greitai susigeriantis kremas-putos su raminan\u010diais komponentais","breadcrumb":{"@id":"https:\/\/podology.shop\/lt\/produktas\/sanamed-rubin\/#breadcrumb"},"inLanguage":"lt-LT","potentialAction":[{"@type":"ReadAction","target":["https:\/\/podology.shop\/lt\/produktas\/sanamed-rubin\/"]}]},{"@type":"ImageObject","inLanguage":"lt-LT","@id":"https:\/\/podology.shop\/lt\/produktas\/sanamed-rubin\/#primaryimage","url":"https:\/\/podology.shop\/wp-content\/uploads\/2023\/10\/sanamed-rubin-150ml.jpg","contentUrl":"https:\/\/podology.shop\/wp-content\/uploads\/2023\/10\/sanamed-rubin-150ml.jpg","width":800,"height":800,"caption":"sanamed rubin 150ml"},{"@type":"BreadcrumbList","@id":"https:\/\/podology.shop\/lt\/produktas\/sanamed-rubin\/#breadcrumb","itemListElement":[{"@type":"ListItem","position":1,"name":"Home","item":"https:\/\/podology.shop\/lt\/"},{"@type":"ListItem","position":2,"name":"Shop","item":"https:\/\/podology.shop\/lt\/"},{"@type":"ListItem","position":3,"name":"Sanamed kremas-putos Rubin 150ml"}]},{"@type":"WebSite","@id":"https:\/\/podology.shop\/lt\/#website","url":"https:\/\/podology.shop\/lt\/","name":"Podology.Shop","description":"Podology.Shop","publisher":{"@id":"https:\/\/podology.shop\/lt\/#organization"},"potentialAction":[{"@type":"SearchAction","target":{"@type":"EntryPoint","urlTemplate":"https:\/\/podology.shop\/lt\/?s={search_term_string}"},"query-input":{"@type":"PropertyValueSpecification","valueRequired":true,"valueName":"search_term_string"}}],"inLanguage":"lt-LT"},{"@type":"Organization","@id":"https:\/\/podology.shop\/lt\/#organization","name":"Podology.shop","url":"https:\/\/podology.shop\/lt\/","logo":{"@type":"ImageObject","inLanguage":"lt-LT","@id":"https:\/\/podology.shop\/lt\/#\/schema\/logo\/image\/","url":"https:\/\/podology.shop\/wp-content\/uploads\/2020\/11\/125361778_1762772693887349_9190250941118524915_n-scaled.jpg","contentUrl":"https:\/\/podology.shop\/wp-content\/uploads\/2020\/11\/125361778_1762772693887349_9190250941118524915_n-scaled.jpg","width":2560,"height":878,"caption":"Podology.shop"},"image":{"@id":"https:\/\/podology.shop\/lt\/#\/schema\/logo\/image\/"}}]}},"_links":{"self":[{"href":"https:\/\/podology.shop\/lt\/wp-json\/wp\/v2\/product\/19219","targetHints":{"allow":["GET"]}}],"collection":[{"href":"https:\/\/podology.shop\/lt\/wp-json\/wp\/v2\/product"}],"about":[{"href":"https:\/\/podology.shop\/lt\/wp-json\/wp\/v2\/types\/product"}],"replies":[{"embeddable":true,"href":"https:\/\/podology.shop\/lt\/wp-json\/wp\/v2\/comments?post=19219"}],"wp:featuredmedia":[{"embeddable":true,"href":"https:\/\/podology.shop\/lt\/wp-json\/wp\/v2\/media\/19216"}],"wp:attachment":[{"href":"https:\/\/podology.shop\/lt\/wp-json\/wp\/v2\/media?parent=19219"}],"wp:term":[{"taxonomy":"product_brand","embeddable":true,"href":"https:\/\/podology.shop\/lt\/wp-json\/wp\/v2\/product_brand?post=19219"},{"taxonomy":"product_cat","embeddable":true,"href":"https:\/\/podology.shop\/lt\/wp-json\/wp\/v2\/product_cat?post=19219"},{"taxonomy":"product_tag","embeddable":true,"href":"https:\/\/podology.shop\/lt\/wp-json\/wp\/v2\/product_tag?post=19219"}],"curies":[{"name":"wp","href":"https:\/\/api.w.org\/{rel}","templated":true}]}}