{"id":19229,"date":"2023-10-18T21:06:07","date_gmt":"2023-10-18T17:06:07","guid":{"rendered":"https:\/\/podology.shop\/product\/sanamed-saphir-150ml\/"},"modified":"2026-04-07T18:23:34","modified_gmt":"2026-04-07T15:23:34","slug":"sanamed-saphir-150ml","status":"publish","type":"product","link":"https:\/\/podology.shop\/lt\/produktas\/sanamed-saphir-150ml\/","title":{"rendered":"Sanamed kremas-putos Saphir 150ml"},"content":{"rendered":"<p>Kremas-putos SANAMED &#8222;Saphir&#8221; yra specializuotas produktas p\u0117d\u0173 odai, linkusiai formuoti nuospaudas ir odos \u012ftr\u016bkimus. Karbamidas ir glicerinas u\u017etikrina dr\u0117gm\u0117s prasiskverbim\u0105 \u012f gilius odos sluoksnius, taip u\u017etikrinant greit\u0105 ir \u0161veln\u0173 poveik\u012f. Mink\u0161tina ir i\u0161lygina od\u0105. Poveik\u012f pasteb\u0117site jau po pirmo naudojimo. Pagrindinis \u0161io naujovi\u0161ko produkto tikslas \u2013 maksimalus efektas ir malon\u016bs poj\u016b\u010diai naudojant minimal\u0173 produkto kiek\u012f. Sud\u0117tyje n\u0117ra PEG, kvapi\u0173j\u0173 med\u017eiag\u0173 ar da\u017eikli\u0173. Dr\u0117kina od\u0105, daro j\u0105 \u0161velni\u0105 ir \u0161ilkin\u0119. <strong>Ypa\u010d geras poveikis naudojant kartu su <a href=\"https:\/\/podology.shop\/lt\/produktas\/urea-10-extra-pedu-kremas-su-slapalu-150ml\/\">\u201eUrea 10% Extra\u201d P\u0117d\u0173 kremu <\/a><\/strong><\/p>\n<blockquote class=\"wp-embedded-content\" data-secret=\"4yRC3W7Hfz\"><p><a href=\"https:\/\/podology.shop\/lt\/produktas\/urea-10-extra-pedu-kremas-su-slapalu-150ml\/\">&#8222;Urea 10% Extra&#8221; P\u0117d\u0173 kremas su \u0161lapalu. Labai sausai, \u0161iurk\u0161\u010diai ir \u012ftemptai odai.<\/a><\/p><\/blockquote>\n<p><iframe class=\"wp-embedded-content\" sandbox=\"allow-scripts\" security=\"restricted\" style=\"position: absolute; visibility: hidden;\" title=\"&#8220;&#8222;Urea 10% Extra&#8221; P\u0117d\u0173 kremas su \u0161lapalu. Labai sausai, \u0161iurk\u0161\u010diai ir \u012ftemptai odai.&#8221; &#8212; Podology.Shop\" src=\"https:\/\/podology.shop\/lt\/produktas\/urea-10-extra-pedu-kremas-su-slapalu-150ml\/embed\/#?secret=1ZXhqlKWBl#?secret=4yRC3W7Hfz\" data-secret=\"4yRC3W7Hfz\" width=\"500\" height=\"282\" frameborder=\"0\" marginwidth=\"0\" marginheight=\"0\" scrolling=\"no\"><\/iframe><\/p>\n<h4>Naudojimas<\/h4>\n<p>Prie\u0161 naudojim\u0105 gerai suplakite. Laikykite skardin\u0119 vertikaliai, dozatoriumi \u012f vir\u0161\u0173, ir naudokite atsargiai. Naudokite kasdien ryte ir vakare. I\u0161spauskite nedidel\u012f produkto kiek\u012f ir masa\u017euojamaisiais judesiais \u012ftrinkite \u012f p\u0117d\u0173 od\u0105, kol visi\u0161kai \u012fsigers. Laikyti kambario temperat\u016broje.<\/p>\n<h4>Sud\u0117tis<\/h4>\n<p>Aqua, Urea, Butane, C 14-22 Alcohol (and) C 12-20 Alkyl Glucoside, Propane, Cetyl Alcohol, Isopropyl Myristate,\u00a0Glycerin, Glyceryl Stearate, Prunus Amygdalus Dulcis Oil, Squalane, Calendula Officinalis Extract, Glycine Soja\u00a0Oil, Salix Alba Bark Extract, Salicylic Acid, Caprylic\/Capric Triglyceride, Panthenol, Aloe Barbadensis Extract,\u00a0Bisabolol, Allantoin, Sodium Lauroyl Sarcosinate, Tocopherol, Propylene Glycol, Sorbitol.<\/p>\n","protected":false},"excerpt":{"rendered":"<p>ODOS \u012eTR\u016aKIMAI IR NUOSPAUDOS<\/p>\n","protected":false},"featured_media":19225,"comment_status":"closed","ping_status":"closed","template":"","meta":{"inline_featured_image":false,"_monsterinsights_skip_tracking":false,"_monsterinsights_sitenote_active":false,"_monsterinsights_sitenote_note":"","_monsterinsights_sitenote_category":0,"site-sidebar-layout":"default","site-content-layout":"","ast-site-content-layout":"default","site-content-style":"default","site-sidebar-style":"default","ast-global-header-display":"","ast-banner-title-visibility":"","ast-main-header-display":"","ast-hfb-above-header-display":"","ast-hfb-below-header-display":"","ast-hfb-mobile-header-display":"","site-post-title":"","ast-breadcrumbs-content":"","ast-featured-img":"","footer-sml-layout":"","ast-disable-related-posts":"","theme-transparent-header-meta":"default","adv-header-id-meta":"","stick-header-meta":"","header-above-stick-meta":"","header-main-stick-meta":"","header-below-stick-meta":"","astra-migrate-meta-layouts":"default","ast-page-background-enabled":"default","ast-page-background-meta":{"desktop":{"background-color":"","background-image":"","background-repeat":"repeat","background-position":"center center","background-size":"auto","background-attachment":"scroll","background-type":"","background-media":"","overlay-type":"","overlay-color":"","overlay-opacity":"","overlay-gradient":""},"tablet":{"background-color":"","background-image":"","background-repeat":"repeat","background-position":"center center","background-size":"auto","background-attachment":"scroll","background-type":"","background-media":"","overlay-type":"","overlay-color":"","overlay-opacity":"","overlay-gradient":""},"mobile":{"background-color":"","background-image":"","background-repeat":"repeat","background-position":"center center","background-size":"auto","background-attachment":"scroll","background-type":"","background-media":"","overlay-type":"","overlay-color":"","overlay-opacity":"","overlay-gradient":""}},"ast-content-background-meta":{"desktop":{"background-color":"var(--ast-global-color-5)","background-image":"","background-repeat":"repeat","background-position":"center center","background-size":"auto","background-attachment":"scroll","background-type":"","background-media":"","overlay-type":"","overlay-color":"","overlay-opacity":"","overlay-gradient":""},"tablet":{"background-color":"var(--ast-global-color-5)","background-image":"","background-repeat":"repeat","background-position":"center center","background-size":"auto","background-attachment":"scroll","background-type":"","background-media":"","overlay-type":"","overlay-color":"","overlay-opacity":"","overlay-gradient":""},"mobile":{"background-color":"var(--ast-global-color-5)","background-image":"","background-repeat":"repeat","background-position":"center center","background-size":"auto","background-attachment":"scroll","background-type":"","background-media":"","overlay-type":"","overlay-color":"","overlay-opacity":"","overlay-gradient":""}}},"product_brand":[],"product_cat":[1395],"product_tag":[1204,1205,1203,1174,1201,1206,1202],"class_list":{"0":"post-19229","1":"product","2":"type-product","3":"status-publish","4":"has-post-thumbnail","6":"product_cat-sanamed-linija","7":"product_tag-almond-oil-lt","8":"product_tag-calendula-oil-lt","9":"product_tag-salicylic-acid-lt","10":"product_tag-sanamed-lt","11":"product_tag-sanamed-saphir-lt","12":"product_tag-squalene-lt","13":"product_tag-willow-bark-extract-lt","14":"desktop-align-center","15":"tablet-align-center","16":"mobile-align-center","18":"first","19":"instock","20":"shipping-taxable","21":"purchasable","22":"product-type-simple"},"yoast_head":"<!-- This site is optimized with the Yoast SEO plugin v27.5 - https:\/\/yoast.com\/product\/yoast-seo-wordpress\/ -->\n<title>Sanamed kremas-putos Saphir 150ml - Podology.Shop<\/title>\n<meta name=\"description\" content=\"Kremas-putos SANAMED &quot;Sapphire&quot; yra specializuotas produktas odai, linkusiai formuoti nuospaudas ir odos \u012ftr\u016bkimus.\" \/>\n<meta name=\"robots\" content=\"index, follow, max-snippet:-1, max-image-preview:large, max-video-preview:-1\" \/>\n<link rel=\"canonical\" href=\"https:\/\/podology.shop\/lt\/produktas\/sanamed-saphir-150ml\/\" \/>\n<meta property=\"og:locale\" content=\"lt_LT\" \/>\n<meta property=\"og:type\" content=\"article\" \/>\n<meta property=\"og:title\" content=\"Sanamed kremas-putos Saphir 150ml - Podology.Shop\" \/>\n<meta property=\"og:description\" content=\"Kremas-putos SANAMED &quot;Sapphire&quot; yra specializuotas produktas odai, linkusiai formuoti nuospaudas ir odos \u012ftr\u016bkimus.\" \/>\n<meta property=\"og:url\" content=\"https:\/\/podology.shop\/lt\/produktas\/sanamed-saphir-150ml\/\" \/>\n<meta property=\"og:site_name\" content=\"Podology.Shop\" \/>\n<meta property=\"article:modified_time\" content=\"2026-04-07T15:23:34+00:00\" \/>\n<meta property=\"og:image\" content=\"https:\/\/podology.shop\/wp-content\/uploads\/2023\/10\/sanamed-saphir-150ml.jpg\" \/>\n\t<meta property=\"og:image:width\" content=\"800\" \/>\n\t<meta property=\"og:image:height\" content=\"800\" \/>\n\t<meta property=\"og:image:type\" content=\"image\/jpeg\" \/>\n<meta name=\"twitter:card\" content=\"summary_large_image\" \/>\n<meta name=\"twitter:label1\" content=\"Est. reading time\" \/>\n\t<meta name=\"twitter:data1\" content=\"1 minut\u0117\" \/>\n<script type=\"application\/ld+json\" class=\"yoast-schema-graph\">{\"@context\":\"https:\\\/\\\/schema.org\",\"@graph\":[{\"@type\":\"WebPage\",\"@id\":\"https:\\\/\\\/podology.shop\\\/lt\\\/produktas\\\/sanamed-saphir-150ml\\\/\",\"url\":\"https:\\\/\\\/podology.shop\\\/lt\\\/produktas\\\/sanamed-saphir-150ml\\\/\",\"name\":\"Sanamed kremas-putos Saphir 150ml - Podology.Shop\",\"isPartOf\":{\"@id\":\"https:\\\/\\\/podology.shop\\\/lt\\\/#website\"},\"primaryImageOfPage\":{\"@id\":\"https:\\\/\\\/podology.shop\\\/lt\\\/produktas\\\/sanamed-saphir-150ml\\\/#primaryimage\"},\"image\":{\"@id\":\"https:\\\/\\\/podology.shop\\\/lt\\\/produktas\\\/sanamed-saphir-150ml\\\/#primaryimage\"},\"thumbnailUrl\":\"https:\\\/\\\/podology.shop\\\/wp-content\\\/uploads\\\/2023\\\/10\\\/sanamed-saphir-150ml.jpg\",\"datePublished\":\"2023-10-18T17:06:07+00:00\",\"dateModified\":\"2026-04-07T15:23:34+00:00\",\"description\":\"Kremas-putos SANAMED \\\"Sapphire\\\" yra specializuotas produktas odai, linkusiai formuoti nuospaudas ir odos \u012ftr\u016bkimus.\",\"breadcrumb\":{\"@id\":\"https:\\\/\\\/podology.shop\\\/lt\\\/produktas\\\/sanamed-saphir-150ml\\\/#breadcrumb\"},\"inLanguage\":\"lt-LT\",\"potentialAction\":[{\"@type\":\"ReadAction\",\"target\":[\"https:\\\/\\\/podology.shop\\\/lt\\\/produktas\\\/sanamed-saphir-150ml\\\/\"]}]},{\"@type\":\"ImageObject\",\"inLanguage\":\"lt-LT\",\"@id\":\"https:\\\/\\\/podology.shop\\\/lt\\\/produktas\\\/sanamed-saphir-150ml\\\/#primaryimage\",\"url\":\"https:\\\/\\\/podology.shop\\\/wp-content\\\/uploads\\\/2023\\\/10\\\/sanamed-saphir-150ml.jpg\",\"contentUrl\":\"https:\\\/\\\/podology.shop\\\/wp-content\\\/uploads\\\/2023\\\/10\\\/sanamed-saphir-150ml.jpg\",\"width\":800,\"height\":800,\"caption\":\"sanamed saphir 150ml\"},{\"@type\":\"BreadcrumbList\",\"@id\":\"https:\\\/\\\/podology.shop\\\/lt\\\/produktas\\\/sanamed-saphir-150ml\\\/#breadcrumb\",\"itemListElement\":[{\"@type\":\"ListItem\",\"position\":1,\"name\":\"Home\",\"item\":\"https:\\\/\\\/podology.shop\\\/lt\\\/\"},{\"@type\":\"ListItem\",\"position\":2,\"name\":\"Shop\",\"item\":\"https:\\\/\\\/podology.shop\\\/lt\\\/\"},{\"@type\":\"ListItem\",\"position\":3,\"name\":\"Sanamed kremas-putos Saphir 150ml\"}]},{\"@type\":\"WebSite\",\"@id\":\"https:\\\/\\\/podology.shop\\\/lt\\\/#website\",\"url\":\"https:\\\/\\\/podology.shop\\\/lt\\\/\",\"name\":\"Podology.Shop\",\"description\":\"Podology.Shop\",\"publisher\":{\"@id\":\"https:\\\/\\\/podology.shop\\\/lt\\\/#organization\"},\"potentialAction\":[{\"@type\":\"SearchAction\",\"target\":{\"@type\":\"EntryPoint\",\"urlTemplate\":\"https:\\\/\\\/podology.shop\\\/lt\\\/?s={search_term_string}\"},\"query-input\":{\"@type\":\"PropertyValueSpecification\",\"valueRequired\":true,\"valueName\":\"search_term_string\"}}],\"inLanguage\":\"lt-LT\"},{\"@type\":\"Organization\",\"@id\":\"https:\\\/\\\/podology.shop\\\/lt\\\/#organization\",\"name\":\"Podology.shop\",\"url\":\"https:\\\/\\\/podology.shop\\\/lt\\\/\",\"logo\":{\"@type\":\"ImageObject\",\"inLanguage\":\"lt-LT\",\"@id\":\"https:\\\/\\\/podology.shop\\\/lt\\\/#\\\/schema\\\/logo\\\/image\\\/\",\"url\":\"https:\\\/\\\/podology.shop\\\/wp-content\\\/uploads\\\/2020\\\/11\\\/125361778_1762772693887349_9190250941118524915_n-scaled.jpg\",\"contentUrl\":\"https:\\\/\\\/podology.shop\\\/wp-content\\\/uploads\\\/2020\\\/11\\\/125361778_1762772693887349_9190250941118524915_n-scaled.jpg\",\"width\":2560,\"height\":878,\"caption\":\"Podology.shop\"},\"image\":{\"@id\":\"https:\\\/\\\/podology.shop\\\/lt\\\/#\\\/schema\\\/logo\\\/image\\\/\"}}]}<\/script>\n<!-- \/ Yoast SEO plugin. -->","yoast_head_json":{"title":"Sanamed kremas-putos Saphir 150ml - Podology.Shop","description":"Kremas-putos SANAMED \"Sapphire\" yra specializuotas produktas odai, linkusiai formuoti nuospaudas ir odos \u012ftr\u016bkimus.","robots":{"index":"index","follow":"follow","max-snippet":"max-snippet:-1","max-image-preview":"max-image-preview:large","max-video-preview":"max-video-preview:-1"},"canonical":"https:\/\/podology.shop\/lt\/produktas\/sanamed-saphir-150ml\/","og_locale":"lt_LT","og_type":"article","og_title":"Sanamed kremas-putos Saphir 150ml - Podology.Shop","og_description":"Kremas-putos SANAMED \"Sapphire\" yra specializuotas produktas odai, linkusiai formuoti nuospaudas ir odos \u012ftr\u016bkimus.","og_url":"https:\/\/podology.shop\/lt\/produktas\/sanamed-saphir-150ml\/","og_site_name":"Podology.Shop","article_modified_time":"2026-04-07T15:23:34+00:00","og_image":[{"width":800,"height":800,"url":"https:\/\/podology.shop\/wp-content\/uploads\/2023\/10\/sanamed-saphir-150ml.jpg","type":"image\/jpeg"}],"twitter_card":"summary_large_image","twitter_misc":{"Est. reading time":"1 minut\u0117"},"schema":{"@context":"https:\/\/schema.org","@graph":[{"@type":"WebPage","@id":"https:\/\/podology.shop\/lt\/produktas\/sanamed-saphir-150ml\/","url":"https:\/\/podology.shop\/lt\/produktas\/sanamed-saphir-150ml\/","name":"Sanamed kremas-putos Saphir 150ml - Podology.Shop","isPartOf":{"@id":"https:\/\/podology.shop\/lt\/#website"},"primaryImageOfPage":{"@id":"https:\/\/podology.shop\/lt\/produktas\/sanamed-saphir-150ml\/#primaryimage"},"image":{"@id":"https:\/\/podology.shop\/lt\/produktas\/sanamed-saphir-150ml\/#primaryimage"},"thumbnailUrl":"https:\/\/podology.shop\/wp-content\/uploads\/2023\/10\/sanamed-saphir-150ml.jpg","datePublished":"2023-10-18T17:06:07+00:00","dateModified":"2026-04-07T15:23:34+00:00","description":"Kremas-putos SANAMED \"Sapphire\" yra specializuotas produktas odai, linkusiai formuoti nuospaudas ir odos \u012ftr\u016bkimus.","breadcrumb":{"@id":"https:\/\/podology.shop\/lt\/produktas\/sanamed-saphir-150ml\/#breadcrumb"},"inLanguage":"lt-LT","potentialAction":[{"@type":"ReadAction","target":["https:\/\/podology.shop\/lt\/produktas\/sanamed-saphir-150ml\/"]}]},{"@type":"ImageObject","inLanguage":"lt-LT","@id":"https:\/\/podology.shop\/lt\/produktas\/sanamed-saphir-150ml\/#primaryimage","url":"https:\/\/podology.shop\/wp-content\/uploads\/2023\/10\/sanamed-saphir-150ml.jpg","contentUrl":"https:\/\/podology.shop\/wp-content\/uploads\/2023\/10\/sanamed-saphir-150ml.jpg","width":800,"height":800,"caption":"sanamed saphir 150ml"},{"@type":"BreadcrumbList","@id":"https:\/\/podology.shop\/lt\/produktas\/sanamed-saphir-150ml\/#breadcrumb","itemListElement":[{"@type":"ListItem","position":1,"name":"Home","item":"https:\/\/podology.shop\/lt\/"},{"@type":"ListItem","position":2,"name":"Shop","item":"https:\/\/podology.shop\/lt\/"},{"@type":"ListItem","position":3,"name":"Sanamed kremas-putos Saphir 150ml"}]},{"@type":"WebSite","@id":"https:\/\/podology.shop\/lt\/#website","url":"https:\/\/podology.shop\/lt\/","name":"Podology.Shop","description":"Podology.Shop","publisher":{"@id":"https:\/\/podology.shop\/lt\/#organization"},"potentialAction":[{"@type":"SearchAction","target":{"@type":"EntryPoint","urlTemplate":"https:\/\/podology.shop\/lt\/?s={search_term_string}"},"query-input":{"@type":"PropertyValueSpecification","valueRequired":true,"valueName":"search_term_string"}}],"inLanguage":"lt-LT"},{"@type":"Organization","@id":"https:\/\/podology.shop\/lt\/#organization","name":"Podology.shop","url":"https:\/\/podology.shop\/lt\/","logo":{"@type":"ImageObject","inLanguage":"lt-LT","@id":"https:\/\/podology.shop\/lt\/#\/schema\/logo\/image\/","url":"https:\/\/podology.shop\/wp-content\/uploads\/2020\/11\/125361778_1762772693887349_9190250941118524915_n-scaled.jpg","contentUrl":"https:\/\/podology.shop\/wp-content\/uploads\/2020\/11\/125361778_1762772693887349_9190250941118524915_n-scaled.jpg","width":2560,"height":878,"caption":"Podology.shop"},"image":{"@id":"https:\/\/podology.shop\/lt\/#\/schema\/logo\/image\/"}}]}},"_links":{"self":[{"href":"https:\/\/podology.shop\/lt\/wp-json\/wp\/v2\/product\/19229","targetHints":{"allow":["GET"]}}],"collection":[{"href":"https:\/\/podology.shop\/lt\/wp-json\/wp\/v2\/product"}],"about":[{"href":"https:\/\/podology.shop\/lt\/wp-json\/wp\/v2\/types\/product"}],"replies":[{"embeddable":true,"href":"https:\/\/podology.shop\/lt\/wp-json\/wp\/v2\/comments?post=19229"}],"wp:featuredmedia":[{"embeddable":true,"href":"https:\/\/podology.shop\/lt\/wp-json\/wp\/v2\/media\/19225"}],"wp:attachment":[{"href":"https:\/\/podology.shop\/lt\/wp-json\/wp\/v2\/media?parent=19229"}],"wp:term":[{"taxonomy":"product_brand","embeddable":true,"href":"https:\/\/podology.shop\/lt\/wp-json\/wp\/v2\/product_brand?post=19229"},{"taxonomy":"product_cat","embeddable":true,"href":"https:\/\/podology.shop\/lt\/wp-json\/wp\/v2\/product_cat?post=19229"},{"taxonomy":"product_tag","embeddable":true,"href":"https:\/\/podology.shop\/lt\/wp-json\/wp\/v2\/product_tag?post=19229"}],"curies":[{"name":"wp","href":"https:\/\/api.w.org\/{rel}","templated":true}]}}