{"id":19262,"date":"2023-10-19T20:44:49","date_gmt":"2023-10-19T16:44:49","guid":{"rendered":"https:\/\/podology.shop\/product\/sanamed-jade-150ml\/"},"modified":"2025-04-29T18:44:14","modified_gmt":"2025-04-29T14:44:14","slug":"sanamed-jade-150ml","status":"publish","type":"product","link":"https:\/\/podology.shop\/lt\/produktas\/sanamed-jade-150ml\/","title":{"rendered":"Sanamed kremas-putos Jade 150ml"},"content":{"rendered":"<p><strong>SANAMED \u201eJade\u201c<\/strong> kremas-putos susideda i\u0161 auk\u0161tos kokyb\u0117s ingredient\u0173, skirtas kasdienei p\u0117d\u0173 ir koj\u0173 prie\u017ei\u016brai, puikiai tinka visiems odos tipams. Aliejai i\u0161 avokado vaisi\u0173 ir babassu palmi\u0173 suteikia odai \u0161velnumo ir papildo tr\u016bkstamais lipidais. Subalansuoti imbiero ir bambuko ekstraktai, taip pat alavijas, bisabololis, alantoinas, pantenolis ir karbamidas suteikia odai reikiama prie\u017ei\u016bra ir dr\u0117kina. Maloniai gaivus ir egzoti\u0161kas kvapas.<\/p>\n<h4>Naudojimas<\/h4>\n<p>Prie\u0161 naudojim\u0105 gerai suplakite. Laikykite skardin\u0119 vertikaliai, dozatoriumi \u012f vir\u0161\u0173, ir naudokite atsargiai. Naudokite kasdien ryte ir vakare. I\u0161spauskite nedidel\u012f produkto kiek\u012f ir masa\u017euojamaisiais judesiais \u012ftrinkite \u012f p\u0117d\u0173 od\u0105, kol visi\u0161kai \u012fsigers. Laikyti kambario temperat\u016broje.<\/p>\n<h4>Sud\u0117tis<\/h4>\n<p>Aqua, Butane, Urea, Propane, Cetyl Alcohol, Propylene Glycol, Isopropyl Myristate, C 14-22 Alcohol (and) C 12-20 Alkyl Glucoside, Glyceryl Stearate, Persea Gratissima Oil, Glycerin, Caprylic\/Capric Triglyceride, Orbignya Oleifera Seed Oil, Bambusa Vulgaris Shoot Extract, Zingiber Officinale Root Extract, Squalane, Panthenol, Aloe Barbadensis Extract, Bisabolol, Allantoin, Caprylyl Glycol, Sodium Lauroyl Sarcosinate, Parfum, Sorbitol.<\/p>\n","protected":false},"excerpt":{"rendered":"<p>DRY SKIN<\/p>\n","protected":false},"featured_media":19259,"comment_status":"closed","ping_status":"closed","template":"","meta":{"inline_featured_image":false,"_monsterinsights_skip_tracking":false,"_monsterinsights_sitenote_active":false,"_monsterinsights_sitenote_note":"","_monsterinsights_sitenote_category":0,"site-sidebar-layout":"default","site-content-layout":"","ast-site-content-layout":"default","site-content-style":"default","site-sidebar-style":"default","ast-global-header-display":"","ast-banner-title-visibility":"","ast-main-header-display":"","ast-hfb-above-header-display":"","ast-hfb-below-header-display":"","ast-hfb-mobile-header-display":"","site-post-title":"","ast-breadcrumbs-content":"","ast-featured-img":"","footer-sml-layout":"","ast-disable-related-posts":"","theme-transparent-header-meta":"default","adv-header-id-meta":"","stick-header-meta":"","header-above-stick-meta":"","header-main-stick-meta":"","header-below-stick-meta":"","astra-migrate-meta-layouts":"set","ast-page-background-enabled":"default","ast-page-background-meta":{"desktop":{"background-color":"","background-image":"","background-repeat":"repeat","background-position":"center center","background-size":"auto","background-attachment":"scroll","background-type":"","background-media":"","overlay-type":"","overlay-color":"","overlay-opacity":"","overlay-gradient":""},"tablet":{"background-color":"","background-image":"","background-repeat":"repeat","background-position":"center center","background-size":"auto","background-attachment":"scroll","background-type":"","background-media":"","overlay-type":"","overlay-color":"","overlay-opacity":"","overlay-gradient":""},"mobile":{"background-color":"","background-image":"","background-repeat":"repeat","background-position":"center center","background-size":"auto","background-attachment":"scroll","background-type":"","background-media":"","overlay-type":"","overlay-color":"","overlay-opacity":"","overlay-gradient":""}},"ast-content-background-meta":{"desktop":{"background-color":"var(--ast-global-color-5)","background-image":"","background-repeat":"repeat","background-position":"center center","background-size":"auto","background-attachment":"scroll","background-type":"","background-media":"","overlay-type":"","overlay-color":"","overlay-opacity":"","overlay-gradient":""},"tablet":{"background-color":"var(--ast-global-color-5)","background-image":"","background-repeat":"repeat","background-position":"center center","background-size":"auto","background-attachment":"scroll","background-type":"","background-media":"","overlay-type":"","overlay-color":"","overlay-opacity":"","overlay-gradient":""},"mobile":{"background-color":"var(--ast-global-color-5)","background-image":"","background-repeat":"repeat","background-position":"center center","background-size":"auto","background-attachment":"scroll","background-type":"","background-media":"","overlay-type":"","overlay-color":"","overlay-opacity":"","overlay-gradient":""}}},"product_brand":[],"product_cat":[1395],"product_tag":[1228,1229,1227,1226,1172,1174,1225,1224],"class_list":{"0":"post-19262","1":"product","2":"type-product","3":"status-publish","4":"has-post-thumbnail","6":"product_cat-sanamed-linija","7":"product_tag-avocado-oil-lt","8":"product_tag-babassu-oil-lt","9":"product_tag-bamboo-extract-lt","10":"product_tag-ginger-extract-lt","11":"product_tag-panthenol-lt","12":"product_tag-sanamed-lt","13":"product_tag-sanamed-jade-lt","14":"product_tag-sanamed-jade-150ml-lt","15":"desktop-align-center","16":"tablet-align-center","17":"mobile-align-center","19":"first","20":"instock","21":"shipping-taxable","22":"purchasable","23":"product-type-simple"},"yoast_head":"<!-- This site is optimized with the Yoast SEO plugin v27.1.1 - https:\/\/yoast.com\/product\/yoast-seo-wordpress\/ -->\n<title>Sanamed kremas-putos Jade 150ml - Podology.Shop<\/title>\n<meta name=\"description\" content=\"SANAMED \u201eJade\u201c consists of a rich combination of high-quality ingredients for daily demanding foot and leg care, with very good skin compatibility.\" \/>\n<meta name=\"robots\" content=\"index, follow, max-snippet:-1, max-image-preview:large, max-video-preview:-1\" \/>\n<link rel=\"canonical\" href=\"https:\/\/podology.shop\/lt\/produktas\/sanamed-jade-150ml\/\" \/>\n<meta property=\"og:locale\" content=\"lt_LT\" \/>\n<meta property=\"og:type\" content=\"article\" \/>\n<meta property=\"og:title\" content=\"Sanamed kremas-putos Jade 150ml - Podology.Shop\" \/>\n<meta property=\"og:description\" content=\"SANAMED \u201eJade\u201c consists of a rich combination of high-quality ingredients for daily demanding foot and leg care, with very good skin compatibility.\" \/>\n<meta property=\"og:url\" content=\"https:\/\/podology.shop\/lt\/produktas\/sanamed-jade-150ml\/\" \/>\n<meta property=\"og:site_name\" content=\"Podology.Shop\" \/>\n<meta property=\"article:modified_time\" content=\"2025-04-29T14:44:14+00:00\" \/>\n<meta property=\"og:image\" content=\"https:\/\/podology.shop\/wp-content\/uploads\/2023\/10\/sanamed-jade-150ml.jpg\" \/>\n\t<meta property=\"og:image:width\" content=\"800\" \/>\n\t<meta property=\"og:image:height\" content=\"800\" \/>\n\t<meta property=\"og:image:type\" content=\"image\/jpeg\" \/>\n<meta name=\"twitter:card\" content=\"summary_large_image\" \/>\n<meta name=\"twitter:label1\" content=\"Est. reading time\" \/>\n\t<meta name=\"twitter:data1\" content=\"1 minut\u0117\" \/>\n<script type=\"application\/ld+json\" class=\"yoast-schema-graph\">{\"@context\":\"https:\/\/schema.org\",\"@graph\":[{\"@type\":\"WebPage\",\"@id\":\"https:\/\/podology.shop\/lt\/produktas\/sanamed-jade-150ml\/\",\"url\":\"https:\/\/podology.shop\/lt\/produktas\/sanamed-jade-150ml\/\",\"name\":\"Sanamed kremas-putos Jade 150ml - Podology.Shop\",\"isPartOf\":{\"@id\":\"https:\/\/podology.shop\/lt\/#website\"},\"primaryImageOfPage\":{\"@id\":\"https:\/\/podology.shop\/lt\/produktas\/sanamed-jade-150ml\/#primaryimage\"},\"image\":{\"@id\":\"https:\/\/podology.shop\/lt\/produktas\/sanamed-jade-150ml\/#primaryimage\"},\"thumbnailUrl\":\"https:\/\/podology.shop\/wp-content\/uploads\/2023\/10\/sanamed-jade-150ml.jpg\",\"datePublished\":\"2023-10-19T16:44:49+00:00\",\"dateModified\":\"2025-04-29T14:44:14+00:00\",\"description\":\"SANAMED \u201eJade\u201c consists of a rich combination of high-quality ingredients for daily demanding foot and leg care, with very good skin compatibility.\",\"breadcrumb\":{\"@id\":\"https:\/\/podology.shop\/lt\/produktas\/sanamed-jade-150ml\/#breadcrumb\"},\"inLanguage\":\"lt-LT\",\"potentialAction\":[{\"@type\":\"ReadAction\",\"target\":[\"https:\/\/podology.shop\/lt\/produktas\/sanamed-jade-150ml\/\"]}]},{\"@type\":\"ImageObject\",\"inLanguage\":\"lt-LT\",\"@id\":\"https:\/\/podology.shop\/lt\/produktas\/sanamed-jade-150ml\/#primaryimage\",\"url\":\"https:\/\/podology.shop\/wp-content\/uploads\/2023\/10\/sanamed-jade-150ml.jpg\",\"contentUrl\":\"https:\/\/podology.shop\/wp-content\/uploads\/2023\/10\/sanamed-jade-150ml.jpg\",\"width\":800,\"height\":800,\"caption\":\"sanamed jade 150ml\"},{\"@type\":\"BreadcrumbList\",\"@id\":\"https:\/\/podology.shop\/lt\/produktas\/sanamed-jade-150ml\/#breadcrumb\",\"itemListElement\":[{\"@type\":\"ListItem\",\"position\":1,\"name\":\"Home\",\"item\":\"https:\/\/podology.shop\/lt\/\"},{\"@type\":\"ListItem\",\"position\":2,\"name\":\"Shop\",\"item\":\"https:\/\/podology.shop\/lt\/\"},{\"@type\":\"ListItem\",\"position\":3,\"name\":\"Sanamed kremas-putos Jade 150ml\"}]},{\"@type\":\"WebSite\",\"@id\":\"https:\/\/podology.shop\/lt\/#website\",\"url\":\"https:\/\/podology.shop\/lt\/\",\"name\":\"Podology.Shop\",\"description\":\"Podology.Shop\",\"publisher\":{\"@id\":\"https:\/\/podology.shop\/lt\/#organization\"},\"potentialAction\":[{\"@type\":\"SearchAction\",\"target\":{\"@type\":\"EntryPoint\",\"urlTemplate\":\"https:\/\/podology.shop\/lt\/?s={search_term_string}\"},\"query-input\":{\"@type\":\"PropertyValueSpecification\",\"valueRequired\":true,\"valueName\":\"search_term_string\"}}],\"inLanguage\":\"lt-LT\"},{\"@type\":\"Organization\",\"@id\":\"https:\/\/podology.shop\/lt\/#organization\",\"name\":\"Podology.shop\",\"url\":\"https:\/\/podology.shop\/lt\/\",\"logo\":{\"@type\":\"ImageObject\",\"inLanguage\":\"lt-LT\",\"@id\":\"https:\/\/podology.shop\/lt\/#\/schema\/logo\/image\/\",\"url\":\"https:\/\/podology.shop\/wp-content\/uploads\/2020\/11\/125361778_1762772693887349_9190250941118524915_n-scaled.jpg\",\"contentUrl\":\"https:\/\/podology.shop\/wp-content\/uploads\/2020\/11\/125361778_1762772693887349_9190250941118524915_n-scaled.jpg\",\"width\":2560,\"height\":878,\"caption\":\"Podology.shop\"},\"image\":{\"@id\":\"https:\/\/podology.shop\/lt\/#\/schema\/logo\/image\/\"}}]}<\/script>\n<!-- \/ Yoast SEO plugin. -->","yoast_head_json":{"title":"Sanamed kremas-putos Jade 150ml - Podology.Shop","description":"SANAMED \u201eJade\u201c consists of a rich combination of high-quality ingredients for daily demanding foot and leg care, with very good skin compatibility.","robots":{"index":"index","follow":"follow","max-snippet":"max-snippet:-1","max-image-preview":"max-image-preview:large","max-video-preview":"max-video-preview:-1"},"canonical":"https:\/\/podology.shop\/lt\/produktas\/sanamed-jade-150ml\/","og_locale":"lt_LT","og_type":"article","og_title":"Sanamed kremas-putos Jade 150ml - Podology.Shop","og_description":"SANAMED \u201eJade\u201c consists of a rich combination of high-quality ingredients for daily demanding foot and leg care, with very good skin compatibility.","og_url":"https:\/\/podology.shop\/lt\/produktas\/sanamed-jade-150ml\/","og_site_name":"Podology.Shop","article_modified_time":"2025-04-29T14:44:14+00:00","og_image":[{"width":800,"height":800,"url":"https:\/\/podology.shop\/wp-content\/uploads\/2023\/10\/sanamed-jade-150ml.jpg","type":"image\/jpeg"}],"twitter_card":"summary_large_image","twitter_misc":{"Est. reading time":"1 minut\u0117"},"schema":{"@context":"https:\/\/schema.org","@graph":[{"@type":"WebPage","@id":"https:\/\/podology.shop\/lt\/produktas\/sanamed-jade-150ml\/","url":"https:\/\/podology.shop\/lt\/produktas\/sanamed-jade-150ml\/","name":"Sanamed kremas-putos Jade 150ml - Podology.Shop","isPartOf":{"@id":"https:\/\/podology.shop\/lt\/#website"},"primaryImageOfPage":{"@id":"https:\/\/podology.shop\/lt\/produktas\/sanamed-jade-150ml\/#primaryimage"},"image":{"@id":"https:\/\/podology.shop\/lt\/produktas\/sanamed-jade-150ml\/#primaryimage"},"thumbnailUrl":"https:\/\/podology.shop\/wp-content\/uploads\/2023\/10\/sanamed-jade-150ml.jpg","datePublished":"2023-10-19T16:44:49+00:00","dateModified":"2025-04-29T14:44:14+00:00","description":"SANAMED \u201eJade\u201c consists of a rich combination of high-quality ingredients for daily demanding foot and leg care, with very good skin compatibility.","breadcrumb":{"@id":"https:\/\/podology.shop\/lt\/produktas\/sanamed-jade-150ml\/#breadcrumb"},"inLanguage":"lt-LT","potentialAction":[{"@type":"ReadAction","target":["https:\/\/podology.shop\/lt\/produktas\/sanamed-jade-150ml\/"]}]},{"@type":"ImageObject","inLanguage":"lt-LT","@id":"https:\/\/podology.shop\/lt\/produktas\/sanamed-jade-150ml\/#primaryimage","url":"https:\/\/podology.shop\/wp-content\/uploads\/2023\/10\/sanamed-jade-150ml.jpg","contentUrl":"https:\/\/podology.shop\/wp-content\/uploads\/2023\/10\/sanamed-jade-150ml.jpg","width":800,"height":800,"caption":"sanamed jade 150ml"},{"@type":"BreadcrumbList","@id":"https:\/\/podology.shop\/lt\/produktas\/sanamed-jade-150ml\/#breadcrumb","itemListElement":[{"@type":"ListItem","position":1,"name":"Home","item":"https:\/\/podology.shop\/lt\/"},{"@type":"ListItem","position":2,"name":"Shop","item":"https:\/\/podology.shop\/lt\/"},{"@type":"ListItem","position":3,"name":"Sanamed kremas-putos Jade 150ml"}]},{"@type":"WebSite","@id":"https:\/\/podology.shop\/lt\/#website","url":"https:\/\/podology.shop\/lt\/","name":"Podology.Shop","description":"Podology.Shop","publisher":{"@id":"https:\/\/podology.shop\/lt\/#organization"},"potentialAction":[{"@type":"SearchAction","target":{"@type":"EntryPoint","urlTemplate":"https:\/\/podology.shop\/lt\/?s={search_term_string}"},"query-input":{"@type":"PropertyValueSpecification","valueRequired":true,"valueName":"search_term_string"}}],"inLanguage":"lt-LT"},{"@type":"Organization","@id":"https:\/\/podology.shop\/lt\/#organization","name":"Podology.shop","url":"https:\/\/podology.shop\/lt\/","logo":{"@type":"ImageObject","inLanguage":"lt-LT","@id":"https:\/\/podology.shop\/lt\/#\/schema\/logo\/image\/","url":"https:\/\/podology.shop\/wp-content\/uploads\/2020\/11\/125361778_1762772693887349_9190250941118524915_n-scaled.jpg","contentUrl":"https:\/\/podology.shop\/wp-content\/uploads\/2020\/11\/125361778_1762772693887349_9190250941118524915_n-scaled.jpg","width":2560,"height":878,"caption":"Podology.shop"},"image":{"@id":"https:\/\/podology.shop\/lt\/#\/schema\/logo\/image\/"}}]}},"_links":{"self":[{"href":"https:\/\/podology.shop\/lt\/wp-json\/wp\/v2\/product\/19262","targetHints":{"allow":["GET"]}}],"collection":[{"href":"https:\/\/podology.shop\/lt\/wp-json\/wp\/v2\/product"}],"about":[{"href":"https:\/\/podology.shop\/lt\/wp-json\/wp\/v2\/types\/product"}],"replies":[{"embeddable":true,"href":"https:\/\/podology.shop\/lt\/wp-json\/wp\/v2\/comments?post=19262"}],"wp:featuredmedia":[{"embeddable":true,"href":"https:\/\/podology.shop\/lt\/wp-json\/wp\/v2\/media\/19259"}],"wp:attachment":[{"href":"https:\/\/podology.shop\/lt\/wp-json\/wp\/v2\/media?parent=19262"}],"wp:term":[{"taxonomy":"product_brand","embeddable":true,"href":"https:\/\/podology.shop\/lt\/wp-json\/wp\/v2\/product_brand?post=19262"},{"taxonomy":"product_cat","embeddable":true,"href":"https:\/\/podology.shop\/lt\/wp-json\/wp\/v2\/product_cat?post=19262"},{"taxonomy":"product_tag","embeddable":true,"href":"https:\/\/podology.shop\/lt\/wp-json\/wp\/v2\/product_tag?post=19262"}],"curies":[{"name":"wp","href":"https:\/\/api.w.org\/{rel}","templated":true}]}}