{"id":19281,"date":"2023-10-19T22:08:53","date_gmt":"2023-10-19T18:08:53","guid":{"rendered":"https:\/\/podology.shop\/product\/sanamed-smaragd-150ml\/"},"modified":"2026-04-05T17:50:14","modified_gmt":"2026-04-05T14:50:14","slug":"sanamed-smaragd-150ml","status":"publish","type":"product","link":"https:\/\/podology.shop\/lt\/produktas\/sanamed-smaragd-150ml\/","title":{"rendered":"Sanamed kremas-putos Smaragd 150ml"},"content":{"rendered":"<p><span class=\"a_GcMg font-feature-liga-off font-feature-clig-off font-feature-calt-off text-decoration-none text-strikethrough-none\"><strong>SANAMED Smaragd<\/strong> \u2013 subalansuotas auk\u0161tos kokyb\u0117s produktas sausai ir jautriai odai, patenkinantis net i\u0161rankiausi\u0173 klient\u0173 poreikius. Nakvi\u0161\u0173 aliejus maitina ir ramina od\u0105, karbamidas palaiko dr\u0117gm\u0119, o alantoinas su alaviju \u0161velnina, regeneruoja ir stiprina od\u0105. Tinka diabetikams. Reguliariai naudojant, oda tampa \u0161velni, elastinga ir sveikai spindinti. Idealiai tinka palaikomajai prie\u017ei\u016brai po <a href=\"https:\/\/podology.shop\/lt\/produktas\/sanamed-rubin\/\"><strong>Sanamed Rubin<\/strong><\/a> kurso.<\/span><\/p>\n<p class=\"cvGsUA direction-ltr align-justify para-style-body\"><strong><span class=\"a_GcMg font-feature-liga-off font-feature-clig-off font-feature-calt-off text-decoration-none text-strikethrough-none\">Naudojimas<\/span><\/strong><\/p>\n<p class=\"cvGsUA direction-ltr align-justify para-style-body\"><span class=\"a_GcMg font-feature-liga-off font-feature-clig-off font-feature-calt-off text-decoration-none text-strikethrough-none\">Prie\u0161 naudojim\u0105 suplakite. Laikykite pur\u0161kiam\u0105 buteliuk\u0105 vertikaliai, dozatoriumi \u012f vir\u0161\u0173. Naudokite kasdien ryte ir vakare \u2013 i\u0161spauskite nedidel\u012f kiek\u012f ir \u012fmasa\u017euokite \u012f p\u0117d\u0173 od\u0105, kol visi\u0161kai \u012fsigers. Laikykite kambario temperat\u016broje.<\/span><\/p>\n<p><strong>Sud\u0117tis<\/strong><\/p>\n<p>Aqua, Butane, Urea, Isopropyl Myristate, Propane, Cetyl Alcohol, C 14-22 Alcohol (and) C 12-20 Alkyl Glucoside,\u00a0Caprylic\/Capric Triglyceride, Glycerin, Glyceryl Stearate, Prunus Amygdalus Dulcis Oil, Oenothera Biennis Oil,\u00a0Aloe Barbadensis Leaf Extract, Panthenol, Menthol, Rosmarinus Officinalis Leaf Oil, Pinus Mugo Twig Oil,\u00a0Lavandula Angustifolia Flower Oil, Allantoin, Sodium Lauroyl Sarcosinate, Parfum, Sodium Hydroxide, Caprylyl\u00a0Glycol, Benzyl Benzoate, Citral, Citronellol, Geraniol, Hydroxycitronellal, Limonene, Linalool.<\/p>\n","protected":false},"excerpt":{"rendered":"<p>Jautri ir sausa oda<\/p>\n","protected":false},"featured_media":19278,"comment_status":"closed","ping_status":"closed","template":"","meta":{"inline_featured_image":false,"_monsterinsights_skip_tracking":false,"_monsterinsights_sitenote_active":false,"_monsterinsights_sitenote_note":"","_monsterinsights_sitenote_category":0,"site-sidebar-layout":"default","site-content-layout":"","ast-site-content-layout":"default","site-content-style":"default","site-sidebar-style":"default","ast-global-header-display":"","ast-banner-title-visibility":"","ast-main-header-display":"","ast-hfb-above-header-display":"","ast-hfb-below-header-display":"","ast-hfb-mobile-header-display":"","site-post-title":"","ast-breadcrumbs-content":"","ast-featured-img":"","footer-sml-layout":"","ast-disable-related-posts":"","theme-transparent-header-meta":"default","adv-header-id-meta":"","stick-header-meta":"","header-above-stick-meta":"","header-main-stick-meta":"","header-below-stick-meta":"","astra-migrate-meta-layouts":"default","ast-page-background-enabled":"default","ast-page-background-meta":{"desktop":{"background-color":"","background-image":"","background-repeat":"repeat","background-position":"center center","background-size":"auto","background-attachment":"scroll","background-type":"","background-media":"","overlay-type":"","overlay-color":"","overlay-opacity":"","overlay-gradient":""},"tablet":{"background-color":"","background-image":"","background-repeat":"repeat","background-position":"center center","background-size":"auto","background-attachment":"scroll","background-type":"","background-media":"","overlay-type":"","overlay-color":"","overlay-opacity":"","overlay-gradient":""},"mobile":{"background-color":"","background-image":"","background-repeat":"repeat","background-position":"center center","background-size":"auto","background-attachment":"scroll","background-type":"","background-media":"","overlay-type":"","overlay-color":"","overlay-opacity":"","overlay-gradient":""}},"ast-content-background-meta":{"desktop":{"background-color":"var(--ast-global-color-5)","background-image":"","background-repeat":"repeat","background-position":"center center","background-size":"auto","background-attachment":"scroll","background-type":"","background-media":"","overlay-type":"","overlay-color":"","overlay-opacity":"","overlay-gradient":""},"tablet":{"background-color":"var(--ast-global-color-5)","background-image":"","background-repeat":"repeat","background-position":"center center","background-size":"auto","background-attachment":"scroll","background-type":"","background-media":"","overlay-type":"","overlay-color":"","overlay-opacity":"","overlay-gradient":""},"mobile":{"background-color":"var(--ast-global-color-5)","background-image":"","background-repeat":"repeat","background-position":"center center","background-size":"auto","background-attachment":"scroll","background-type":"","background-media":"","overlay-type":"","overlay-color":"","overlay-opacity":"","overlay-gradient":""}}},"product_brand":[],"product_cat":[1395],"product_tag":[1228,1229,1227,1226,1172,1174,1260,1259],"class_list":{"0":"post-19281","1":"product","2":"type-product","3":"status-publish","4":"has-post-thumbnail","6":"product_cat-sanamed-linija","7":"product_tag-avocado-oil-lt","8":"product_tag-babassu-oil-lt","9":"product_tag-bamboo-extract-lt","10":"product_tag-ginger-extract-lt","11":"product_tag-panthenol-lt","12":"product_tag-sanamed-lt","13":"product_tag-sanamed-smaragd-lt","14":"product_tag-sanamed-smaragd-150ml-lt","15":"desktop-align-center","16":"tablet-align-center","17":"mobile-align-center","19":"first","20":"instock","21":"shipping-taxable","22":"purchasable","23":"product-type-simple"},"yoast_head":"<!-- This site is optimized with the Yoast SEO plugin v27.1.1 - https:\/\/yoast.com\/product\/yoast-seo-wordpress\/ -->\n<title>Sanamed kremas-putos Smaragd 150ml - Podology.Shop<\/title>\n<meta name=\"description\" content=\"\u201eSANAMED Smaragd\u201c vilioja i\u0161rankius klientus savo gerai subalansuotu\u00a0 ingredient\u0173 deriniu.\" \/>\n<meta name=\"robots\" content=\"index, follow, max-snippet:-1, max-image-preview:large, max-video-preview:-1\" \/>\n<link rel=\"canonical\" href=\"https:\/\/podology.shop\/lt\/produktas\/sanamed-smaragd-150ml\/\" \/>\n<meta property=\"og:locale\" content=\"lt_LT\" \/>\n<meta property=\"og:type\" content=\"article\" \/>\n<meta property=\"og:title\" content=\"Sanamed kremas-putos Smaragd 150ml - Podology.Shop\" \/>\n<meta property=\"og:description\" content=\"\u201eSANAMED Smaragd\u201c vilioja i\u0161rankius klientus savo gerai subalansuotu\u00a0 ingredient\u0173 deriniu.\" \/>\n<meta property=\"og:url\" content=\"https:\/\/podology.shop\/lt\/produktas\/sanamed-smaragd-150ml\/\" \/>\n<meta property=\"og:site_name\" content=\"Podology.Shop\" \/>\n<meta property=\"article:modified_time\" content=\"2026-04-05T14:50:14+00:00\" \/>\n<meta property=\"og:image\" content=\"https:\/\/podology.shop\/wp-content\/uploads\/2023\/10\/sanamed-smaragd-150ml.jpg\" \/>\n\t<meta property=\"og:image:width\" content=\"800\" \/>\n\t<meta property=\"og:image:height\" content=\"800\" \/>\n\t<meta property=\"og:image:type\" content=\"image\/jpeg\" \/>\n<meta name=\"twitter:card\" content=\"summary_large_image\" \/>\n<meta name=\"twitter:label1\" content=\"Est. reading time\" \/>\n\t<meta name=\"twitter:data1\" content=\"1 minut\u0117\" \/>\n<script type=\"application\/ld+json\" class=\"yoast-schema-graph\">{\"@context\":\"https:\/\/schema.org\",\"@graph\":[{\"@type\":\"WebPage\",\"@id\":\"https:\/\/podology.shop\/lt\/produktas\/sanamed-smaragd-150ml\/\",\"url\":\"https:\/\/podology.shop\/lt\/produktas\/sanamed-smaragd-150ml\/\",\"name\":\"Sanamed kremas-putos Smaragd 150ml - Podology.Shop\",\"isPartOf\":{\"@id\":\"https:\/\/podology.shop\/lt\/#website\"},\"primaryImageOfPage\":{\"@id\":\"https:\/\/podology.shop\/lt\/produktas\/sanamed-smaragd-150ml\/#primaryimage\"},\"image\":{\"@id\":\"https:\/\/podology.shop\/lt\/produktas\/sanamed-smaragd-150ml\/#primaryimage\"},\"thumbnailUrl\":\"https:\/\/podology.shop\/wp-content\/uploads\/2023\/10\/sanamed-smaragd-150ml.jpg\",\"datePublished\":\"2023-10-19T18:08:53+00:00\",\"dateModified\":\"2026-04-05T14:50:14+00:00\",\"description\":\"\u201eSANAMED Smaragd\u201c vilioja i\u0161rankius klientus savo gerai subalansuotu\u00a0 ingredient\u0173 deriniu.\",\"breadcrumb\":{\"@id\":\"https:\/\/podology.shop\/lt\/produktas\/sanamed-smaragd-150ml\/#breadcrumb\"},\"inLanguage\":\"lt-LT\",\"potentialAction\":[{\"@type\":\"ReadAction\",\"target\":[\"https:\/\/podology.shop\/lt\/produktas\/sanamed-smaragd-150ml\/\"]}]},{\"@type\":\"ImageObject\",\"inLanguage\":\"lt-LT\",\"@id\":\"https:\/\/podology.shop\/lt\/produktas\/sanamed-smaragd-150ml\/#primaryimage\",\"url\":\"https:\/\/podology.shop\/wp-content\/uploads\/2023\/10\/sanamed-smaragd-150ml.jpg\",\"contentUrl\":\"https:\/\/podology.shop\/wp-content\/uploads\/2023\/10\/sanamed-smaragd-150ml.jpg\",\"width\":800,\"height\":800,\"caption\":\"sanamed smaragd 150ml\"},{\"@type\":\"BreadcrumbList\",\"@id\":\"https:\/\/podology.shop\/lt\/produktas\/sanamed-smaragd-150ml\/#breadcrumb\",\"itemListElement\":[{\"@type\":\"ListItem\",\"position\":1,\"name\":\"Home\",\"item\":\"https:\/\/podology.shop\/lt\/\"},{\"@type\":\"ListItem\",\"position\":2,\"name\":\"Shop\",\"item\":\"https:\/\/podology.shop\/lt\/\"},{\"@type\":\"ListItem\",\"position\":3,\"name\":\"Sanamed kremas-putos Smaragd 150ml\"}]},{\"@type\":\"WebSite\",\"@id\":\"https:\/\/podology.shop\/lt\/#website\",\"url\":\"https:\/\/podology.shop\/lt\/\",\"name\":\"Podology.Shop\",\"description\":\"Podology.Shop\",\"publisher\":{\"@id\":\"https:\/\/podology.shop\/lt\/#organization\"},\"potentialAction\":[{\"@type\":\"SearchAction\",\"target\":{\"@type\":\"EntryPoint\",\"urlTemplate\":\"https:\/\/podology.shop\/lt\/?s={search_term_string}\"},\"query-input\":{\"@type\":\"PropertyValueSpecification\",\"valueRequired\":true,\"valueName\":\"search_term_string\"}}],\"inLanguage\":\"lt-LT\"},{\"@type\":\"Organization\",\"@id\":\"https:\/\/podology.shop\/lt\/#organization\",\"name\":\"Podology.shop\",\"url\":\"https:\/\/podology.shop\/lt\/\",\"logo\":{\"@type\":\"ImageObject\",\"inLanguage\":\"lt-LT\",\"@id\":\"https:\/\/podology.shop\/lt\/#\/schema\/logo\/image\/\",\"url\":\"https:\/\/podology.shop\/wp-content\/uploads\/2020\/11\/125361778_1762772693887349_9190250941118524915_n-scaled.jpg\",\"contentUrl\":\"https:\/\/podology.shop\/wp-content\/uploads\/2020\/11\/125361778_1762772693887349_9190250941118524915_n-scaled.jpg\",\"width\":2560,\"height\":878,\"caption\":\"Podology.shop\"},\"image\":{\"@id\":\"https:\/\/podology.shop\/lt\/#\/schema\/logo\/image\/\"}}]}<\/script>\n<!-- \/ Yoast SEO plugin. -->","yoast_head_json":{"title":"Sanamed kremas-putos Smaragd 150ml - Podology.Shop","description":"\u201eSANAMED Smaragd\u201c vilioja i\u0161rankius klientus savo gerai subalansuotu\u00a0 ingredient\u0173 deriniu.","robots":{"index":"index","follow":"follow","max-snippet":"max-snippet:-1","max-image-preview":"max-image-preview:large","max-video-preview":"max-video-preview:-1"},"canonical":"https:\/\/podology.shop\/lt\/produktas\/sanamed-smaragd-150ml\/","og_locale":"lt_LT","og_type":"article","og_title":"Sanamed kremas-putos Smaragd 150ml - Podology.Shop","og_description":"\u201eSANAMED Smaragd\u201c vilioja i\u0161rankius klientus savo gerai subalansuotu\u00a0 ingredient\u0173 deriniu.","og_url":"https:\/\/podology.shop\/lt\/produktas\/sanamed-smaragd-150ml\/","og_site_name":"Podology.Shop","article_modified_time":"2026-04-05T14:50:14+00:00","og_image":[{"width":800,"height":800,"url":"https:\/\/podology.shop\/wp-content\/uploads\/2023\/10\/sanamed-smaragd-150ml.jpg","type":"image\/jpeg"}],"twitter_card":"summary_large_image","twitter_misc":{"Est. reading time":"1 minut\u0117"},"schema":{"@context":"https:\/\/schema.org","@graph":[{"@type":"WebPage","@id":"https:\/\/podology.shop\/lt\/produktas\/sanamed-smaragd-150ml\/","url":"https:\/\/podology.shop\/lt\/produktas\/sanamed-smaragd-150ml\/","name":"Sanamed kremas-putos Smaragd 150ml - Podology.Shop","isPartOf":{"@id":"https:\/\/podology.shop\/lt\/#website"},"primaryImageOfPage":{"@id":"https:\/\/podology.shop\/lt\/produktas\/sanamed-smaragd-150ml\/#primaryimage"},"image":{"@id":"https:\/\/podology.shop\/lt\/produktas\/sanamed-smaragd-150ml\/#primaryimage"},"thumbnailUrl":"https:\/\/podology.shop\/wp-content\/uploads\/2023\/10\/sanamed-smaragd-150ml.jpg","datePublished":"2023-10-19T18:08:53+00:00","dateModified":"2026-04-05T14:50:14+00:00","description":"\u201eSANAMED Smaragd\u201c vilioja i\u0161rankius klientus savo gerai subalansuotu\u00a0 ingredient\u0173 deriniu.","breadcrumb":{"@id":"https:\/\/podology.shop\/lt\/produktas\/sanamed-smaragd-150ml\/#breadcrumb"},"inLanguage":"lt-LT","potentialAction":[{"@type":"ReadAction","target":["https:\/\/podology.shop\/lt\/produktas\/sanamed-smaragd-150ml\/"]}]},{"@type":"ImageObject","inLanguage":"lt-LT","@id":"https:\/\/podology.shop\/lt\/produktas\/sanamed-smaragd-150ml\/#primaryimage","url":"https:\/\/podology.shop\/wp-content\/uploads\/2023\/10\/sanamed-smaragd-150ml.jpg","contentUrl":"https:\/\/podology.shop\/wp-content\/uploads\/2023\/10\/sanamed-smaragd-150ml.jpg","width":800,"height":800,"caption":"sanamed smaragd 150ml"},{"@type":"BreadcrumbList","@id":"https:\/\/podology.shop\/lt\/produktas\/sanamed-smaragd-150ml\/#breadcrumb","itemListElement":[{"@type":"ListItem","position":1,"name":"Home","item":"https:\/\/podology.shop\/lt\/"},{"@type":"ListItem","position":2,"name":"Shop","item":"https:\/\/podology.shop\/lt\/"},{"@type":"ListItem","position":3,"name":"Sanamed kremas-putos Smaragd 150ml"}]},{"@type":"WebSite","@id":"https:\/\/podology.shop\/lt\/#website","url":"https:\/\/podology.shop\/lt\/","name":"Podology.Shop","description":"Podology.Shop","publisher":{"@id":"https:\/\/podology.shop\/lt\/#organization"},"potentialAction":[{"@type":"SearchAction","target":{"@type":"EntryPoint","urlTemplate":"https:\/\/podology.shop\/lt\/?s={search_term_string}"},"query-input":{"@type":"PropertyValueSpecification","valueRequired":true,"valueName":"search_term_string"}}],"inLanguage":"lt-LT"},{"@type":"Organization","@id":"https:\/\/podology.shop\/lt\/#organization","name":"Podology.shop","url":"https:\/\/podology.shop\/lt\/","logo":{"@type":"ImageObject","inLanguage":"lt-LT","@id":"https:\/\/podology.shop\/lt\/#\/schema\/logo\/image\/","url":"https:\/\/podology.shop\/wp-content\/uploads\/2020\/11\/125361778_1762772693887349_9190250941118524915_n-scaled.jpg","contentUrl":"https:\/\/podology.shop\/wp-content\/uploads\/2020\/11\/125361778_1762772693887349_9190250941118524915_n-scaled.jpg","width":2560,"height":878,"caption":"Podology.shop"},"image":{"@id":"https:\/\/podology.shop\/lt\/#\/schema\/logo\/image\/"}}]}},"_links":{"self":[{"href":"https:\/\/podology.shop\/lt\/wp-json\/wp\/v2\/product\/19281","targetHints":{"allow":["GET"]}}],"collection":[{"href":"https:\/\/podology.shop\/lt\/wp-json\/wp\/v2\/product"}],"about":[{"href":"https:\/\/podology.shop\/lt\/wp-json\/wp\/v2\/types\/product"}],"replies":[{"embeddable":true,"href":"https:\/\/podology.shop\/lt\/wp-json\/wp\/v2\/comments?post=19281"}],"wp:featuredmedia":[{"embeddable":true,"href":"https:\/\/podology.shop\/lt\/wp-json\/wp\/v2\/media\/19278"}],"wp:attachment":[{"href":"https:\/\/podology.shop\/lt\/wp-json\/wp\/v2\/media?parent=19281"}],"wp:term":[{"taxonomy":"product_brand","embeddable":true,"href":"https:\/\/podology.shop\/lt\/wp-json\/wp\/v2\/product_brand?post=19281"},{"taxonomy":"product_cat","embeddable":true,"href":"https:\/\/podology.shop\/lt\/wp-json\/wp\/v2\/product_cat?post=19281"},{"taxonomy":"product_tag","embeddable":true,"href":"https:\/\/podology.shop\/lt\/wp-json\/wp\/v2\/product_tag?post=19281"}],"curies":[{"name":"wp","href":"https:\/\/api.w.org\/{rel}","templated":true}]}}