{"id":19307,"date":"2023-10-20T16:58:48","date_gmt":"2023-10-20T12:58:48","guid":{"rendered":"https:\/\/podology.shop\/product\/sanamed-feueropal-150ml\/"},"modified":"2025-12-07T01:37:16","modified_gmt":"2025-12-06T22:37:16","slug":"sanamed-feueropal-150ml","status":"publish","type":"product","link":"https:\/\/podology.shop\/lt\/produktas\/sanamed-feueropal-150ml\/","title":{"rendered":"Sanamed kremas-putos Feueropal 150ml"},"content":{"rendered":"<p>Sanamed \u201eFire opal\u201c \u2013 tai naujas Sanamed produktas, apsaugantis j\u016bs\u0173 p\u0117d\u0173 od\u0105 nuo \u0161al\u010dio . Veikliosios med\u017eiagos stimuliuoja odos receptorius ir suteikia malon\u0173 \u0161ilumos efekt\u0105 vos per kelias minutes. \u0160ilumos poj\u016btis trunka kelet\u0105 valand\u0173. Nat\u016bral\u016bs eteriniai aliejai skatina kraujotak\u0105 ir taip palaiko \u0161ildant\u012f poveik\u012f. Tuo pat metu dr\u0117kina ir r\u016bpinasi pavargusia p\u0117d\u0173 oda. Sanamed \u201eFire opal\u201c\u00a0 ypa\u010d tinka u\u017esiimin\u0117jant \u017eiemos \u017eygiais,\u00a0 \u017evejyba, slidin\u0117jant ar vakare atsigulus i lov\u0105 su \u0161altom kojom<\/p>\n<h4>Naudojimas<\/h4>\n<p>Prie\u0161 naudojim\u0105 gerai suplakite. Laikykite skardin\u0119 vertikaliai, dozatoriumi \u012f vir\u0161\u0173, ir naudokite atsargiai. Naudokite kasdien ryte ir vakare. I\u0161spauskite nedidel\u012f produkto kiek\u012f ir masa\u017euojamaisiais judesiais \u012ftrinkite \u012f p\u0117d\u0173 od\u0105, kol visi\u0161kai \u012fsigers. Laikyti kambario temperat\u016broje.<\/p>\n<h4>Sud\u0117tis<\/h4>\n<p>Aqua, Urea, Butane, Isopropyl Myristate, Cetyl Alcohol, Glycerin, Propane, C 14-22 Alcohol (and) C 12-20 Alkyl Glucoside, Caprylic\/Capric Triglyceride, Glyceryl Stearate, Prunus Amygadalus Dulcis Oil, Vanillyl Buthyl Ether, Caprylyl Glycol, Panthenol, Aloe Barbadensis Extract, Menthol, Allantoin, Rosmarinus Officinalis Leaf Oil, Pinus Mugo Twig Oil, Lavandula Angustifolia Flower Oil, Sodium Lauroyl Sarcosinate, Parfum, Linalool, Limonene, Citral, Cinnamyl Alcohol, Benzyl Benzoate, Citronellol, Geraniol, Hydroxycitronellal.<\/p>\n","protected":false},"excerpt":{"rendered":"<p>\u0160ILDANTIS<\/p>\n","protected":false},"featured_media":19298,"comment_status":"closed","ping_status":"closed","template":"","meta":{"inline_featured_image":false,"_monsterinsights_skip_tracking":false,"_monsterinsights_sitenote_active":false,"_monsterinsights_sitenote_note":"","_monsterinsights_sitenote_category":0,"site-sidebar-layout":"default","site-content-layout":"","ast-site-content-layout":"default","site-content-style":"default","site-sidebar-style":"default","ast-global-header-display":"","ast-banner-title-visibility":"","ast-main-header-display":"","ast-hfb-above-header-display":"","ast-hfb-below-header-display":"","ast-hfb-mobile-header-display":"","site-post-title":"","ast-breadcrumbs-content":"","ast-featured-img":"","footer-sml-layout":"","ast-disable-related-posts":"","theme-transparent-header-meta":"default","adv-header-id-meta":"","stick-header-meta":"","header-above-stick-meta":"","header-main-stick-meta":"","header-below-stick-meta":"","astra-migrate-meta-layouts":"default","ast-page-background-enabled":"default","ast-page-background-meta":{"desktop":{"background-color":"","background-image":"","background-repeat":"repeat","background-position":"center center","background-size":"auto","background-attachment":"scroll","background-type":"","background-media":"","overlay-type":"","overlay-color":"","overlay-opacity":"","overlay-gradient":""},"tablet":{"background-color":"","background-image":"","background-repeat":"repeat","background-position":"center center","background-size":"auto","background-attachment":"scroll","background-type":"","background-media":"","overlay-type":"","overlay-color":"","overlay-opacity":"","overlay-gradient":""},"mobile":{"background-color":"","background-image":"","background-repeat":"repeat","background-position":"center center","background-size":"auto","background-attachment":"scroll","background-type":"","background-media":"","overlay-type":"","overlay-color":"","overlay-opacity":"","overlay-gradient":""}},"ast-content-background-meta":{"desktop":{"background-color":"var(--ast-global-color-5)","background-image":"","background-repeat":"repeat","background-position":"center center","background-size":"auto","background-attachment":"scroll","background-type":"","background-media":"","overlay-type":"","overlay-color":"","overlay-opacity":"","overlay-gradient":""},"tablet":{"background-color":"var(--ast-global-color-5)","background-image":"","background-repeat":"repeat","background-position":"center center","background-size":"auto","background-attachment":"scroll","background-type":"","background-media":"","overlay-type":"","overlay-color":"","overlay-opacity":"","overlay-gradient":""},"mobile":{"background-color":"var(--ast-global-color-5)","background-image":"","background-repeat":"repeat","background-position":"center center","background-size":"auto","background-attachment":"scroll","background-type":"","background-media":"","overlay-type":"","overlay-color":"","overlay-opacity":"","overlay-gradient":""}}},"product_brand":[],"product_cat":[1395],"product_tag":[1204,1309,1310,1172,1308,1174,1307,1306],"class_list":{"0":"post-19307","1":"product","2":"type-product","3":"status-publish","4":"has-post-thumbnail","6":"product_cat-sanamed-linija","7":"product_tag-almond-oil-lt","8":"product_tag-lavender-oil-lt","9":"product_tag-mountain-pine-oil-lt","10":"product_tag-panthenol-lt","11":"product_tag-rosemary-oil-lt","12":"product_tag-sanamed-lt","13":"product_tag-sanamed-feueropal-lt","14":"product_tag-sanamed-feueropal-150ml-lt","15":"desktop-align-center","16":"tablet-align-center","17":"mobile-align-center","19":"first","20":"instock","21":"featured","22":"shipping-taxable","23":"purchasable","24":"product-type-simple"},"yoast_head":"<!-- This site is optimized with the Yoast SEO plugin v27.1.1 - https:\/\/yoast.com\/product\/yoast-seo-wordpress\/ -->\n<title>Sanamed kremas-putos Feueropal 150ml - Podology.Shop<\/title>\n<meta name=\"description\" content=\"Sanamed \u201eFire opal\u201c \u2013 tai naujas Sanamed produktas, apsaugantis j\u016bs\u0173 p\u0117d\u0173 od\u0105 nuo \u0161al\u010dio\" \/>\n<meta name=\"robots\" content=\"index, follow, max-snippet:-1, max-image-preview:large, max-video-preview:-1\" \/>\n<link rel=\"canonical\" href=\"https:\/\/podology.shop\/lt\/produktas\/sanamed-feueropal-150ml\/\" \/>\n<meta property=\"og:locale\" content=\"lt_LT\" \/>\n<meta property=\"og:type\" content=\"article\" \/>\n<meta property=\"og:title\" content=\"Sanamed kremas-putos Feueropal 150ml - Podology.Shop\" \/>\n<meta property=\"og:description\" content=\"Sanamed \u201eFire opal\u201c \u2013 tai naujas Sanamed produktas, apsaugantis j\u016bs\u0173 p\u0117d\u0173 od\u0105 nuo \u0161al\u010dio\" \/>\n<meta property=\"og:url\" content=\"https:\/\/podology.shop\/lt\/produktas\/sanamed-feueropal-150ml\/\" \/>\n<meta property=\"og:site_name\" content=\"Podology.Shop\" \/>\n<meta property=\"article:modified_time\" content=\"2025-12-06T22:37:16+00:00\" \/>\n<meta property=\"og:image\" content=\"https:\/\/podology.shop\/wp-content\/uploads\/2023\/10\/sanamed-feueropal-150ml.jpg\" \/>\n\t<meta property=\"og:image:width\" content=\"800\" \/>\n\t<meta property=\"og:image:height\" content=\"800\" \/>\n\t<meta property=\"og:image:type\" content=\"image\/jpeg\" \/>\n<meta name=\"twitter:card\" content=\"summary_large_image\" \/>\n<meta name=\"twitter:label1\" content=\"Est. reading time\" \/>\n\t<meta name=\"twitter:data1\" content=\"1 minut\u0117\" \/>\n<script type=\"application\/ld+json\" class=\"yoast-schema-graph\">{\"@context\":\"https:\/\/schema.org\",\"@graph\":[{\"@type\":\"WebPage\",\"@id\":\"https:\/\/podology.shop\/lt\/produktas\/sanamed-feueropal-150ml\/\",\"url\":\"https:\/\/podology.shop\/lt\/produktas\/sanamed-feueropal-150ml\/\",\"name\":\"Sanamed kremas-putos Feueropal 150ml - Podology.Shop\",\"isPartOf\":{\"@id\":\"https:\/\/podology.shop\/lt\/#website\"},\"primaryImageOfPage\":{\"@id\":\"https:\/\/podology.shop\/lt\/produktas\/sanamed-feueropal-150ml\/#primaryimage\"},\"image\":{\"@id\":\"https:\/\/podology.shop\/lt\/produktas\/sanamed-feueropal-150ml\/#primaryimage\"},\"thumbnailUrl\":\"https:\/\/podology.shop\/wp-content\/uploads\/2023\/10\/sanamed-feueropal-150ml.jpg\",\"datePublished\":\"2023-10-20T12:58:48+00:00\",\"dateModified\":\"2025-12-06T22:37:16+00:00\",\"description\":\"Sanamed \u201eFire opal\u201c \u2013 tai naujas Sanamed produktas, apsaugantis j\u016bs\u0173 p\u0117d\u0173 od\u0105 nuo \u0161al\u010dio\",\"breadcrumb\":{\"@id\":\"https:\/\/podology.shop\/lt\/produktas\/sanamed-feueropal-150ml\/#breadcrumb\"},\"inLanguage\":\"lt-LT\",\"potentialAction\":[{\"@type\":\"ReadAction\",\"target\":[\"https:\/\/podology.shop\/lt\/produktas\/sanamed-feueropal-150ml\/\"]}]},{\"@type\":\"ImageObject\",\"inLanguage\":\"lt-LT\",\"@id\":\"https:\/\/podology.shop\/lt\/produktas\/sanamed-feueropal-150ml\/#primaryimage\",\"url\":\"https:\/\/podology.shop\/wp-content\/uploads\/2023\/10\/sanamed-feueropal-150ml.jpg\",\"contentUrl\":\"https:\/\/podology.shop\/wp-content\/uploads\/2023\/10\/sanamed-feueropal-150ml.jpg\",\"width\":800,\"height\":800,\"caption\":\"sanamed feueropal 150ml\"},{\"@type\":\"BreadcrumbList\",\"@id\":\"https:\/\/podology.shop\/lt\/produktas\/sanamed-feueropal-150ml\/#breadcrumb\",\"itemListElement\":[{\"@type\":\"ListItem\",\"position\":1,\"name\":\"Home\",\"item\":\"https:\/\/podology.shop\/lt\/\"},{\"@type\":\"ListItem\",\"position\":2,\"name\":\"Shop\",\"item\":\"https:\/\/podology.shop\/lt\/\"},{\"@type\":\"ListItem\",\"position\":3,\"name\":\"Sanamed kremas-putos Feueropal 150ml\"}]},{\"@type\":\"WebSite\",\"@id\":\"https:\/\/podology.shop\/lt\/#website\",\"url\":\"https:\/\/podology.shop\/lt\/\",\"name\":\"Podology.Shop\",\"description\":\"Podology.Shop\",\"publisher\":{\"@id\":\"https:\/\/podology.shop\/lt\/#organization\"},\"potentialAction\":[{\"@type\":\"SearchAction\",\"target\":{\"@type\":\"EntryPoint\",\"urlTemplate\":\"https:\/\/podology.shop\/lt\/?s={search_term_string}\"},\"query-input\":{\"@type\":\"PropertyValueSpecification\",\"valueRequired\":true,\"valueName\":\"search_term_string\"}}],\"inLanguage\":\"lt-LT\"},{\"@type\":\"Organization\",\"@id\":\"https:\/\/podology.shop\/lt\/#organization\",\"name\":\"Podology.shop\",\"url\":\"https:\/\/podology.shop\/lt\/\",\"logo\":{\"@type\":\"ImageObject\",\"inLanguage\":\"lt-LT\",\"@id\":\"https:\/\/podology.shop\/lt\/#\/schema\/logo\/image\/\",\"url\":\"https:\/\/podology.shop\/wp-content\/uploads\/2020\/11\/125361778_1762772693887349_9190250941118524915_n-scaled.jpg\",\"contentUrl\":\"https:\/\/podology.shop\/wp-content\/uploads\/2020\/11\/125361778_1762772693887349_9190250941118524915_n-scaled.jpg\",\"width\":2560,\"height\":878,\"caption\":\"Podology.shop\"},\"image\":{\"@id\":\"https:\/\/podology.shop\/lt\/#\/schema\/logo\/image\/\"}}]}<\/script>\n<!-- \/ Yoast SEO plugin. -->","yoast_head_json":{"title":"Sanamed kremas-putos Feueropal 150ml - Podology.Shop","description":"Sanamed \u201eFire opal\u201c \u2013 tai naujas Sanamed produktas, apsaugantis j\u016bs\u0173 p\u0117d\u0173 od\u0105 nuo \u0161al\u010dio","robots":{"index":"index","follow":"follow","max-snippet":"max-snippet:-1","max-image-preview":"max-image-preview:large","max-video-preview":"max-video-preview:-1"},"canonical":"https:\/\/podology.shop\/lt\/produktas\/sanamed-feueropal-150ml\/","og_locale":"lt_LT","og_type":"article","og_title":"Sanamed kremas-putos Feueropal 150ml - Podology.Shop","og_description":"Sanamed \u201eFire opal\u201c \u2013 tai naujas Sanamed produktas, apsaugantis j\u016bs\u0173 p\u0117d\u0173 od\u0105 nuo \u0161al\u010dio","og_url":"https:\/\/podology.shop\/lt\/produktas\/sanamed-feueropal-150ml\/","og_site_name":"Podology.Shop","article_modified_time":"2025-12-06T22:37:16+00:00","og_image":[{"width":800,"height":800,"url":"https:\/\/podology.shop\/wp-content\/uploads\/2023\/10\/sanamed-feueropal-150ml.jpg","type":"image\/jpeg"}],"twitter_card":"summary_large_image","twitter_misc":{"Est. reading time":"1 minut\u0117"},"schema":{"@context":"https:\/\/schema.org","@graph":[{"@type":"WebPage","@id":"https:\/\/podology.shop\/lt\/produktas\/sanamed-feueropal-150ml\/","url":"https:\/\/podology.shop\/lt\/produktas\/sanamed-feueropal-150ml\/","name":"Sanamed kremas-putos Feueropal 150ml - Podology.Shop","isPartOf":{"@id":"https:\/\/podology.shop\/lt\/#website"},"primaryImageOfPage":{"@id":"https:\/\/podology.shop\/lt\/produktas\/sanamed-feueropal-150ml\/#primaryimage"},"image":{"@id":"https:\/\/podology.shop\/lt\/produktas\/sanamed-feueropal-150ml\/#primaryimage"},"thumbnailUrl":"https:\/\/podology.shop\/wp-content\/uploads\/2023\/10\/sanamed-feueropal-150ml.jpg","datePublished":"2023-10-20T12:58:48+00:00","dateModified":"2025-12-06T22:37:16+00:00","description":"Sanamed \u201eFire opal\u201c \u2013 tai naujas Sanamed produktas, apsaugantis j\u016bs\u0173 p\u0117d\u0173 od\u0105 nuo \u0161al\u010dio","breadcrumb":{"@id":"https:\/\/podology.shop\/lt\/produktas\/sanamed-feueropal-150ml\/#breadcrumb"},"inLanguage":"lt-LT","potentialAction":[{"@type":"ReadAction","target":["https:\/\/podology.shop\/lt\/produktas\/sanamed-feueropal-150ml\/"]}]},{"@type":"ImageObject","inLanguage":"lt-LT","@id":"https:\/\/podology.shop\/lt\/produktas\/sanamed-feueropal-150ml\/#primaryimage","url":"https:\/\/podology.shop\/wp-content\/uploads\/2023\/10\/sanamed-feueropal-150ml.jpg","contentUrl":"https:\/\/podology.shop\/wp-content\/uploads\/2023\/10\/sanamed-feueropal-150ml.jpg","width":800,"height":800,"caption":"sanamed feueropal 150ml"},{"@type":"BreadcrumbList","@id":"https:\/\/podology.shop\/lt\/produktas\/sanamed-feueropal-150ml\/#breadcrumb","itemListElement":[{"@type":"ListItem","position":1,"name":"Home","item":"https:\/\/podology.shop\/lt\/"},{"@type":"ListItem","position":2,"name":"Shop","item":"https:\/\/podology.shop\/lt\/"},{"@type":"ListItem","position":3,"name":"Sanamed kremas-putos Feueropal 150ml"}]},{"@type":"WebSite","@id":"https:\/\/podology.shop\/lt\/#website","url":"https:\/\/podology.shop\/lt\/","name":"Podology.Shop","description":"Podology.Shop","publisher":{"@id":"https:\/\/podology.shop\/lt\/#organization"},"potentialAction":[{"@type":"SearchAction","target":{"@type":"EntryPoint","urlTemplate":"https:\/\/podology.shop\/lt\/?s={search_term_string}"},"query-input":{"@type":"PropertyValueSpecification","valueRequired":true,"valueName":"search_term_string"}}],"inLanguage":"lt-LT"},{"@type":"Organization","@id":"https:\/\/podology.shop\/lt\/#organization","name":"Podology.shop","url":"https:\/\/podology.shop\/lt\/","logo":{"@type":"ImageObject","inLanguage":"lt-LT","@id":"https:\/\/podology.shop\/lt\/#\/schema\/logo\/image\/","url":"https:\/\/podology.shop\/wp-content\/uploads\/2020\/11\/125361778_1762772693887349_9190250941118524915_n-scaled.jpg","contentUrl":"https:\/\/podology.shop\/wp-content\/uploads\/2020\/11\/125361778_1762772693887349_9190250941118524915_n-scaled.jpg","width":2560,"height":878,"caption":"Podology.shop"},"image":{"@id":"https:\/\/podology.shop\/lt\/#\/schema\/logo\/image\/"}}]}},"_links":{"self":[{"href":"https:\/\/podology.shop\/lt\/wp-json\/wp\/v2\/product\/19307","targetHints":{"allow":["GET"]}}],"collection":[{"href":"https:\/\/podology.shop\/lt\/wp-json\/wp\/v2\/product"}],"about":[{"href":"https:\/\/podology.shop\/lt\/wp-json\/wp\/v2\/types\/product"}],"replies":[{"embeddable":true,"href":"https:\/\/podology.shop\/lt\/wp-json\/wp\/v2\/comments?post=19307"}],"wp:featuredmedia":[{"embeddable":true,"href":"https:\/\/podology.shop\/lt\/wp-json\/wp\/v2\/media\/19298"}],"wp:attachment":[{"href":"https:\/\/podology.shop\/lt\/wp-json\/wp\/v2\/media?parent=19307"}],"wp:term":[{"taxonomy":"product_brand","embeddable":true,"href":"https:\/\/podology.shop\/lt\/wp-json\/wp\/v2\/product_brand?post=19307"},{"taxonomy":"product_cat","embeddable":true,"href":"https:\/\/podology.shop\/lt\/wp-json\/wp\/v2\/product_cat?post=19307"},{"taxonomy":"product_tag","embeddable":true,"href":"https:\/\/podology.shop\/lt\/wp-json\/wp\/v2\/product_tag?post=19307"}],"curies":[{"name":"wp","href":"https:\/\/api.w.org\/{rel}","templated":true}]}}