{"id":19341,"date":"2023-10-23T14:00:09","date_gmt":"2023-10-23T10:00:09","guid":{"rendered":"https:\/\/podology.shop\/product\/fussfit-basische-cream\/"},"modified":"2026-04-07T12:23:24","modified_gmt":"2026-04-07T09:23:24","slug":"fussfit-basische-cream","status":"publish","type":"product","link":"https:\/\/podology.shop\/lt\/produktas\/fussfit-basische-cream\/","title":{"rendered":"FussFit \u0161arminis kremas p\u0117doms mikrocirkuliacijai gerinti"},"content":{"rendered":"<p><span class=\"a_GcMg font-feature-liga-off font-feature-clig-off font-feature-calt-off text-decoration-none text-strikethrough-none\">\u201eCareMed\u201c bazinis p\u0117d\u0173 ir koj\u0173 kremas \u2013 rekomenduojamas esant koj\u0173 tinimui, varikozei ir nuovargiui. Turi v\u0117sinam\u0105j\u012f poveik\u012f, mal\u0161ina sunkumo jausm\u0105 nuo p\u0117d\u0173 iki \u0161laun\u0173, gerina mikrocirkuliacij\u0105. Puikiai tinka n\u0117\u0161\u010diosioms bei \u017emon\u0117ms, daug laiko praleid\u017eiantiems ant koj\u0173. Taip pat gali b\u016bti naudojamas blauzd\u0173 raumen\u0173 masa\u017eui. Subalansuotas alijo\u0161iaus, karbamido, koral\u0173 milteli\u0173 ir vynuogi\u0173 s\u0117kl\u0173 ekstrakto derinys dr\u0117kina, ramina ir apsaugo od\u0105 nuo laisv\u0173j\u0173 radikal\u0173. U\u017etikrina kasdien\u0119 koj\u0173 ir p\u0117d\u0173 prie\u017ei\u016br\u0105, suteikdamas komforto ir \u0161velnumo poj\u016bt\u012f. Tinka<\/span> <span class=\"a_GcMg font-feature-liga-off font-feature-clig-off font-feature-calt-off text-decoration-none text-strikethrough-none\">diabetu sergantiems \u017emon\u0117ms.<\/span><\/p>\n<h3>Apra\u0161ymas<\/h3>\n<ul>\n<li><span class=\"a_GcMg font-feature-liga-off font-feature-clig-off font-feature-calt-off text-decoration-none text-strikethrough-none\">Tinka<\/span> <span class=\"a_GcMg font-feature-liga-off font-feature-clig-off font-feature-calt-off text-decoration-none text-strikethrough-none\">diabetu sergantiems \u017emon\u0117ms.<\/span><\/li>\n<li>Gerina mikrocirkuliacij\u0105.<\/li>\n<li>Greitai \u012fsisavinantis<\/li>\n<li>Palaiko r\u016bg\u0161\u010di\u0173 ir \u0161arm\u0173 pusiausvyr\u0105<\/li>\n<li>Higroskopinis<\/li>\n<li>\u0160velnus spygliuo\u010di\u0173 medienos kvapas<\/li>\n<\/ul>\n<h3>Pagrindiniai ingredientai<\/h3>\n<ul>\n<li>Karbamidas<\/li>\n<li>Alavijas<\/li>\n<li>Koral\u0173 milteliai<\/li>\n<li>Vynuogi\u0173 s\u0117kl\u0173 ekstraktas<\/li>\n<\/ul>\n<h3 class=\"cvGsUA direction-ltr align-justify para-style-body\"><span class=\"a_GcMg font-feature-liga-off font-feature-clig-off font-feature-calt-off text-decoration-none text-strikethrough-none\">Naudojimas<\/span><\/h3>\n<p class=\"cvGsUA direction-ltr align-justify para-style-body\"><span class=\"a_GcMg font-feature-liga-off font-feature-clig-off font-feature-calt-off text-decoration-none text-strikethrough-none\">Naudokite ryte ir vakare. Nedidel\u012f kiek\u012f \u012fmasa\u017euokite \u012f p\u0117d\u0173 ar blauzd\u0173 od\u0105.<\/span><\/p>\n","protected":false},"excerpt":{"rendered":"<p>Rekomenduojamas esant koj\u0173 tinimui ir ven\u0173 varikozei. Gerina mikrocirkuliacij\u0105.<\/p>\n","protected":false},"featured_media":19333,"comment_status":"closed","ping_status":"closed","template":"","meta":{"inline_featured_image":false,"_monsterinsights_skip_tracking":false,"_monsterinsights_sitenote_active":false,"_monsterinsights_sitenote_note":"","_monsterinsights_sitenote_category":0,"site-sidebar-layout":"default","site-content-layout":"","ast-site-content-layout":"default","site-content-style":"default","site-sidebar-style":"default","ast-global-header-display":"","ast-banner-title-visibility":"","ast-main-header-display":"","ast-hfb-above-header-display":"","ast-hfb-below-header-display":"","ast-hfb-mobile-header-display":"","site-post-title":"","ast-breadcrumbs-content":"","ast-featured-img":"","footer-sml-layout":"","ast-disable-related-posts":"","theme-transparent-header-meta":"default","adv-header-id-meta":"","stick-header-meta":"","header-above-stick-meta":"","header-main-stick-meta":"","header-below-stick-meta":"","astra-migrate-meta-layouts":"default","ast-page-background-enabled":"default","ast-page-background-meta":{"desktop":{"background-color":"","background-image":"","background-repeat":"repeat","background-position":"center center","background-size":"auto","background-attachment":"scroll","background-type":"","background-media":"","overlay-type":"","overlay-color":"","overlay-opacity":"","overlay-gradient":""},"tablet":{"background-color":"","background-image":"","background-repeat":"repeat","background-position":"center center","background-size":"auto","background-attachment":"scroll","background-type":"","background-media":"","overlay-type":"","overlay-color":"","overlay-opacity":"","overlay-gradient":""},"mobile":{"background-color":"","background-image":"","background-repeat":"repeat","background-position":"center center","background-size":"auto","background-attachment":"scroll","background-type":"","background-media":"","overlay-type":"","overlay-color":"","overlay-opacity":"","overlay-gradient":""}},"ast-content-background-meta":{"desktop":{"background-color":"var(--ast-global-color-5)","background-image":"","background-repeat":"repeat","background-position":"center center","background-size":"auto","background-attachment":"scroll","background-type":"","background-media":"","overlay-type":"","overlay-color":"","overlay-opacity":"","overlay-gradient":""},"tablet":{"background-color":"var(--ast-global-color-5)","background-image":"","background-repeat":"repeat","background-position":"center center","background-size":"auto","background-attachment":"scroll","background-type":"","background-media":"","overlay-type":"","overlay-color":"","overlay-opacity":"","overlay-gradient":""},"mobile":{"background-color":"var(--ast-global-color-5)","background-image":"","background-repeat":"repeat","background-position":"center center","background-size":"auto","background-attachment":"scroll","background-type":"","background-media":"","overlay-type":"","overlay-color":"","overlay-opacity":"","overlay-gradient":""}}},"product_brand":[],"product_cat":[1399],"product_tag":[1370,1175,1371,1373,1374,1372,1059],"class_list":{"0":"post-19341","1":"product","2":"type-product","3":"status-publish","4":"has-post-thumbnail","6":"product_cat-caremed-kremu-linija","7":"product_tag-aloe-vera-lt","8":"product_tag-caremed-lt","9":"product_tag-coral-powder-lt","10":"product_tag-fussfit-lt","11":"product_tag-fussfit-basische-fusscreme-lt","12":"product_tag-grape-seed-extract-lt","13":"product_tag-urea-lt","14":"desktop-align-center","15":"tablet-align-center","16":"mobile-align-center","18":"first","19":"instock","20":"shipping-taxable","21":"purchasable","22":"product-type-variable"},"yoast_head":"<!-- This site is optimized with the Yoast SEO plugin v27.4 - https:\/\/yoast.com\/product\/yoast-seo-wordpress\/ -->\n<title>FussFit \u0161arminis kremas p\u0117doms mikrocirkuliacijai gerinti - Podology.Shop<\/title>\n<meta name=\"description\" content=\"&quot;CareMed&quot; bazinis (\u0161arminis) p\u0117d\u0173 ir koj\u0173 kremas yra odos prie\u017ei\u016bros priemon\u0117, pagaminta i\u0161 atrinkt\u0173 vaista\u017eoli\u0173 mi\u0161inio, skirta p\u0117d\u0173 ir koj\u0173 kosmetiniam gydymui.\" \/>\n<meta name=\"robots\" content=\"index, follow, max-snippet:-1, max-image-preview:large, max-video-preview:-1\" \/>\n<link rel=\"canonical\" href=\"https:\/\/podology.shop\/lt\/produktas\/fussfit-basische-cream\/\" \/>\n<meta property=\"og:locale\" content=\"lt_LT\" \/>\n<meta property=\"og:type\" content=\"article\" \/>\n<meta property=\"og:title\" content=\"FussFit \u0161arminis kremas p\u0117doms mikrocirkuliacijai gerinti - Podology.Shop\" \/>\n<meta property=\"og:description\" content=\"&quot;CareMed&quot; bazinis (\u0161arminis) p\u0117d\u0173 ir koj\u0173 kremas yra odos prie\u017ei\u016bros priemon\u0117, pagaminta i\u0161 atrinkt\u0173 vaista\u017eoli\u0173 mi\u0161inio, skirta p\u0117d\u0173 ir koj\u0173 kosmetiniam gydymui.\" \/>\n<meta property=\"og:url\" content=\"https:\/\/podology.shop\/lt\/produktas\/fussfit-basische-cream\/\" \/>\n<meta property=\"og:site_name\" content=\"Podology.Shop\" \/>\n<meta property=\"article:modified_time\" content=\"2026-04-07T09:23:24+00:00\" \/>\n<meta property=\"og:image\" content=\"https:\/\/podology.shop\/wp-content\/uploads\/2023\/10\/caremed-fussfit-basische-fusscreme.jpg\" \/>\n\t<meta property=\"og:image:width\" content=\"800\" \/>\n\t<meta property=\"og:image:height\" content=\"800\" \/>\n\t<meta property=\"og:image:type\" content=\"image\/jpeg\" \/>\n<meta name=\"twitter:card\" content=\"summary_large_image\" \/>\n<meta name=\"twitter:label1\" content=\"Est. reading time\" \/>\n\t<meta name=\"twitter:data1\" content=\"1 minut\u0117\" \/>\n<script type=\"application\/ld+json\" class=\"yoast-schema-graph\">{\"@context\":\"https:\\\/\\\/schema.org\",\"@graph\":[{\"@type\":\"WebPage\",\"@id\":\"https:\\\/\\\/podology.shop\\\/lt\\\/produktas\\\/fussfit-basische-cream\\\/\",\"url\":\"https:\\\/\\\/podology.shop\\\/lt\\\/produktas\\\/fussfit-basische-cream\\\/\",\"name\":\"FussFit \u0161arminis kremas p\u0117doms mikrocirkuliacijai gerinti - Podology.Shop\",\"isPartOf\":{\"@id\":\"https:\\\/\\\/podology.shop\\\/lt\\\/#website\"},\"primaryImageOfPage\":{\"@id\":\"https:\\\/\\\/podology.shop\\\/lt\\\/produktas\\\/fussfit-basische-cream\\\/#primaryimage\"},\"image\":{\"@id\":\"https:\\\/\\\/podology.shop\\\/lt\\\/produktas\\\/fussfit-basische-cream\\\/#primaryimage\"},\"thumbnailUrl\":\"https:\\\/\\\/podology.shop\\\/wp-content\\\/uploads\\\/2023\\\/10\\\/caremed-fussfit-basische-fusscreme.jpg\",\"datePublished\":\"2023-10-23T10:00:09+00:00\",\"dateModified\":\"2026-04-07T09:23:24+00:00\",\"description\":\"\\\"CareMed\\\" bazinis (\u0161arminis) p\u0117d\u0173 ir koj\u0173 kremas yra odos prie\u017ei\u016bros priemon\u0117, pagaminta i\u0161 atrinkt\u0173 vaista\u017eoli\u0173 mi\u0161inio, skirta p\u0117d\u0173 ir koj\u0173 kosmetiniam gydymui.\",\"breadcrumb\":{\"@id\":\"https:\\\/\\\/podology.shop\\\/lt\\\/produktas\\\/fussfit-basische-cream\\\/#breadcrumb\"},\"inLanguage\":\"lt-LT\",\"potentialAction\":[{\"@type\":\"ReadAction\",\"target\":[\"https:\\\/\\\/podology.shop\\\/lt\\\/produktas\\\/fussfit-basische-cream\\\/\"]}]},{\"@type\":\"ImageObject\",\"inLanguage\":\"lt-LT\",\"@id\":\"https:\\\/\\\/podology.shop\\\/lt\\\/produktas\\\/fussfit-basische-cream\\\/#primaryimage\",\"url\":\"https:\\\/\\\/podology.shop\\\/wp-content\\\/uploads\\\/2023\\\/10\\\/caremed-fussfit-basische-fusscreme.jpg\",\"contentUrl\":\"https:\\\/\\\/podology.shop\\\/wp-content\\\/uploads\\\/2023\\\/10\\\/caremed-fussfit-basische-fusscreme.jpg\",\"width\":800,\"height\":800,\"caption\":\"caremed fussfit basische fusscreme\"},{\"@type\":\"BreadcrumbList\",\"@id\":\"https:\\\/\\\/podology.shop\\\/lt\\\/produktas\\\/fussfit-basische-cream\\\/#breadcrumb\",\"itemListElement\":[{\"@type\":\"ListItem\",\"position\":1,\"name\":\"Home\",\"item\":\"https:\\\/\\\/podology.shop\\\/lt\\\/\"},{\"@type\":\"ListItem\",\"position\":2,\"name\":\"Shop\",\"item\":\"https:\\\/\\\/podology.shop\\\/lt\\\/\"},{\"@type\":\"ListItem\",\"position\":3,\"name\":\"FussFit \u0161arminis kremas p\u0117doms mikrocirkuliacijai gerinti\"}]},{\"@type\":\"WebSite\",\"@id\":\"https:\\\/\\\/podology.shop\\\/lt\\\/#website\",\"url\":\"https:\\\/\\\/podology.shop\\\/lt\\\/\",\"name\":\"Podology.Shop\",\"description\":\"Podology.Shop\",\"publisher\":{\"@id\":\"https:\\\/\\\/podology.shop\\\/lt\\\/#organization\"},\"potentialAction\":[{\"@type\":\"SearchAction\",\"target\":{\"@type\":\"EntryPoint\",\"urlTemplate\":\"https:\\\/\\\/podology.shop\\\/lt\\\/?s={search_term_string}\"},\"query-input\":{\"@type\":\"PropertyValueSpecification\",\"valueRequired\":true,\"valueName\":\"search_term_string\"}}],\"inLanguage\":\"lt-LT\"},{\"@type\":\"Organization\",\"@id\":\"https:\\\/\\\/podology.shop\\\/lt\\\/#organization\",\"name\":\"Podology.shop\",\"url\":\"https:\\\/\\\/podology.shop\\\/lt\\\/\",\"logo\":{\"@type\":\"ImageObject\",\"inLanguage\":\"lt-LT\",\"@id\":\"https:\\\/\\\/podology.shop\\\/lt\\\/#\\\/schema\\\/logo\\\/image\\\/\",\"url\":\"https:\\\/\\\/podology.shop\\\/wp-content\\\/uploads\\\/2020\\\/11\\\/125361778_1762772693887349_9190250941118524915_n-scaled.jpg\",\"contentUrl\":\"https:\\\/\\\/podology.shop\\\/wp-content\\\/uploads\\\/2020\\\/11\\\/125361778_1762772693887349_9190250941118524915_n-scaled.jpg\",\"width\":2560,\"height\":878,\"caption\":\"Podology.shop\"},\"image\":{\"@id\":\"https:\\\/\\\/podology.shop\\\/lt\\\/#\\\/schema\\\/logo\\\/image\\\/\"}}]}<\/script>\n<!-- \/ Yoast SEO plugin. -->","yoast_head_json":{"title":"FussFit \u0161arminis kremas p\u0117doms mikrocirkuliacijai gerinti - Podology.Shop","description":"\"CareMed\" bazinis (\u0161arminis) p\u0117d\u0173 ir koj\u0173 kremas yra odos prie\u017ei\u016bros priemon\u0117, pagaminta i\u0161 atrinkt\u0173 vaista\u017eoli\u0173 mi\u0161inio, skirta p\u0117d\u0173 ir koj\u0173 kosmetiniam gydymui.","robots":{"index":"index","follow":"follow","max-snippet":"max-snippet:-1","max-image-preview":"max-image-preview:large","max-video-preview":"max-video-preview:-1"},"canonical":"https:\/\/podology.shop\/lt\/produktas\/fussfit-basische-cream\/","og_locale":"lt_LT","og_type":"article","og_title":"FussFit \u0161arminis kremas p\u0117doms mikrocirkuliacijai gerinti - Podology.Shop","og_description":"\"CareMed\" bazinis (\u0161arminis) p\u0117d\u0173 ir koj\u0173 kremas yra odos prie\u017ei\u016bros priemon\u0117, pagaminta i\u0161 atrinkt\u0173 vaista\u017eoli\u0173 mi\u0161inio, skirta p\u0117d\u0173 ir koj\u0173 kosmetiniam gydymui.","og_url":"https:\/\/podology.shop\/lt\/produktas\/fussfit-basische-cream\/","og_site_name":"Podology.Shop","article_modified_time":"2026-04-07T09:23:24+00:00","og_image":[{"width":800,"height":800,"url":"https:\/\/podology.shop\/wp-content\/uploads\/2023\/10\/caremed-fussfit-basische-fusscreme.jpg","type":"image\/jpeg"}],"twitter_card":"summary_large_image","twitter_misc":{"Est. reading time":"1 minut\u0117"},"schema":{"@context":"https:\/\/schema.org","@graph":[{"@type":"WebPage","@id":"https:\/\/podology.shop\/lt\/produktas\/fussfit-basische-cream\/","url":"https:\/\/podology.shop\/lt\/produktas\/fussfit-basische-cream\/","name":"FussFit \u0161arminis kremas p\u0117doms mikrocirkuliacijai gerinti - Podology.Shop","isPartOf":{"@id":"https:\/\/podology.shop\/lt\/#website"},"primaryImageOfPage":{"@id":"https:\/\/podology.shop\/lt\/produktas\/fussfit-basische-cream\/#primaryimage"},"image":{"@id":"https:\/\/podology.shop\/lt\/produktas\/fussfit-basische-cream\/#primaryimage"},"thumbnailUrl":"https:\/\/podology.shop\/wp-content\/uploads\/2023\/10\/caremed-fussfit-basische-fusscreme.jpg","datePublished":"2023-10-23T10:00:09+00:00","dateModified":"2026-04-07T09:23:24+00:00","description":"\"CareMed\" bazinis (\u0161arminis) p\u0117d\u0173 ir koj\u0173 kremas yra odos prie\u017ei\u016bros priemon\u0117, pagaminta i\u0161 atrinkt\u0173 vaista\u017eoli\u0173 mi\u0161inio, skirta p\u0117d\u0173 ir koj\u0173 kosmetiniam gydymui.","breadcrumb":{"@id":"https:\/\/podology.shop\/lt\/produktas\/fussfit-basische-cream\/#breadcrumb"},"inLanguage":"lt-LT","potentialAction":[{"@type":"ReadAction","target":["https:\/\/podology.shop\/lt\/produktas\/fussfit-basische-cream\/"]}]},{"@type":"ImageObject","inLanguage":"lt-LT","@id":"https:\/\/podology.shop\/lt\/produktas\/fussfit-basische-cream\/#primaryimage","url":"https:\/\/podology.shop\/wp-content\/uploads\/2023\/10\/caremed-fussfit-basische-fusscreme.jpg","contentUrl":"https:\/\/podology.shop\/wp-content\/uploads\/2023\/10\/caremed-fussfit-basische-fusscreme.jpg","width":800,"height":800,"caption":"caremed fussfit basische fusscreme"},{"@type":"BreadcrumbList","@id":"https:\/\/podology.shop\/lt\/produktas\/fussfit-basische-cream\/#breadcrumb","itemListElement":[{"@type":"ListItem","position":1,"name":"Home","item":"https:\/\/podology.shop\/lt\/"},{"@type":"ListItem","position":2,"name":"Shop","item":"https:\/\/podology.shop\/lt\/"},{"@type":"ListItem","position":3,"name":"FussFit \u0161arminis kremas p\u0117doms mikrocirkuliacijai gerinti"}]},{"@type":"WebSite","@id":"https:\/\/podology.shop\/lt\/#website","url":"https:\/\/podology.shop\/lt\/","name":"Podology.Shop","description":"Podology.Shop","publisher":{"@id":"https:\/\/podology.shop\/lt\/#organization"},"potentialAction":[{"@type":"SearchAction","target":{"@type":"EntryPoint","urlTemplate":"https:\/\/podology.shop\/lt\/?s={search_term_string}"},"query-input":{"@type":"PropertyValueSpecification","valueRequired":true,"valueName":"search_term_string"}}],"inLanguage":"lt-LT"},{"@type":"Organization","@id":"https:\/\/podology.shop\/lt\/#organization","name":"Podology.shop","url":"https:\/\/podology.shop\/lt\/","logo":{"@type":"ImageObject","inLanguage":"lt-LT","@id":"https:\/\/podology.shop\/lt\/#\/schema\/logo\/image\/","url":"https:\/\/podology.shop\/wp-content\/uploads\/2020\/11\/125361778_1762772693887349_9190250941118524915_n-scaled.jpg","contentUrl":"https:\/\/podology.shop\/wp-content\/uploads\/2020\/11\/125361778_1762772693887349_9190250941118524915_n-scaled.jpg","width":2560,"height":878,"caption":"Podology.shop"},"image":{"@id":"https:\/\/podology.shop\/lt\/#\/schema\/logo\/image\/"}}]}},"_links":{"self":[{"href":"https:\/\/podology.shop\/lt\/wp-json\/wp\/v2\/product\/19341","targetHints":{"allow":["GET"]}}],"collection":[{"href":"https:\/\/podology.shop\/lt\/wp-json\/wp\/v2\/product"}],"about":[{"href":"https:\/\/podology.shop\/lt\/wp-json\/wp\/v2\/types\/product"}],"replies":[{"embeddable":true,"href":"https:\/\/podology.shop\/lt\/wp-json\/wp\/v2\/comments?post=19341"}],"wp:featuredmedia":[{"embeddable":true,"href":"https:\/\/podology.shop\/lt\/wp-json\/wp\/v2\/media\/19333"}],"wp:attachment":[{"href":"https:\/\/podology.shop\/lt\/wp-json\/wp\/v2\/media?parent=19341"}],"wp:term":[{"taxonomy":"product_brand","embeddable":true,"href":"https:\/\/podology.shop\/lt\/wp-json\/wp\/v2\/product_brand?post=19341"},{"taxonomy":"product_cat","embeddable":true,"href":"https:\/\/podology.shop\/lt\/wp-json\/wp\/v2\/product_cat?post=19341"},{"taxonomy":"product_tag","embeddable":true,"href":"https:\/\/podology.shop\/lt\/wp-json\/wp\/v2\/product_tag?post=19341"}],"curies":[{"name":"wp","href":"https:\/\/api.w.org\/{rel}","templated":true}]}}