{"id":19344,"date":"2023-10-15T20:50:10","date_gmt":"2023-10-15T16:50:10","guid":{"rendered":"https:\/\/podology.shop\/product\/demykomed-nagel-und-hautschutzcreme\/"},"modified":"2026-04-16T19:03:04","modified_gmt":"2026-04-16T16:03:04","slug":"demykomed-nagel-und-hautschutzcreme","status":"publish","type":"product","link":"https:\/\/podology.shop\/lt\/produktas\/demykomed-nagel-und-hautschutzcreme\/","title":{"rendered":"DemykoMed apsauginis kremas odai"},"content":{"rendered":"<p>DemykoMed apsauginis kremas odai skirtas \u012f mikoz\u0119 linkusei odai. Padidina nat\u016bral\u0173 atsparum\u0105 grybelin\u0117ms infekcijoms ir i\u0161laiko j\u016bs\u0173 p\u0117das higieni\u0161kai \u0161vie\u017eias. DemykoMed apsauginis kremas odai pad\u0117s apsaugoti p\u0117d\u0173 od\u0105 ir nagus lankantis baseinuose, pirtyse, sporto sal\u0117se ir kitose vie\u0161ose erdv\u0117se, taip pat naudokite j\u012f nuomojant batus (slidin\u0117jimo batus, boulingo batus, riedu\u010dius ir kt.)<\/p>\n<h4>Taikymas ir naudojimas<\/h4>\n<p>U\u017etepkite plon\u0105 sluoksn\u012f 2 kartus per dien\u0105 ant visos p\u0117d\u0173 odos ir palikite i\u0161d\u017ei\u016bti.<\/p>\n<h4>Kaip pasiekti geriausi\u0173 rezultat\u0173?<\/h4>\n<p>Nor\u0117dami gauti greitesni\u0173 ir geresni\u0173 rezultat\u0173, naudokite \u0161\u012f\u00a0<strong>PROTOKOL\u0104<\/strong>:<\/p>\n<p>Jums reik\u0117s 3 demykomed produkt\u0173:\u00a0<a href=\"https:\/\/podology.shop\/lt\/produktas\/demykomed-nagelschutzol\/\">Demykomed aliejaus<\/a>,\u00a0<a href=\"https:\/\/podology.shop\/lt\/produktas\/demykomed-nagel-und-hautschutzliquid\/\">Demykomed skys\u010dio<\/a>\u00a0ir\u00a0<a href=\"https:\/\/podology.shop\/lt\/produktas\/demykomed-hautschutzspray\/\">Demykomed pur\u0161kalo<\/a>.<\/p>\n<h5>Rytais:<\/h5>\n<ul>\n<li>U\u017etepkite\u00a0<a href=\"https:\/\/podology.shop\/lt\/produktas\/demykomed-nagel-und-hautschutzliquid\/\">Demykomed skys\u010dio<\/a>\u00a0ant nag\u0173 ir odos, leiskite i\u0161d\u017ei\u016bti<\/li>\n<li>Naudokite\u00a0<a href=\"https:\/\/podology.shop\/lt\/produktas\/demykomed-nagelschutzol\/\">Demykomed aliej\u0173<\/a>\u00a0ant nag\u0173 ir odeli\u0173<\/li>\n<\/ul>\n<h5>Vakarais:<\/h5>\n<ul>\n<li>U\u017etepkite\u00a0<a href=\"https:\/\/podology.shop\/lt\/produktas\/demykomed-nagel-und-hautschutzliquid\/\">Demykomed skys\u010dio<\/a>\u00a0ant nag\u0173 ir odos, leiskite i\u0161d\u017ei\u016bti<\/li>\n<li>Naudokite\u00a0<a href=\"https:\/\/podology.shop\/lt\/produktas\/demykomed-nagelschutzol\/\">Demykomed aliej\u0173<\/a>\u00a0ant nag\u0173 ir odeli\u0173<\/li>\n<li>Apipurk\u0161kite vidin\u0119 avalyn\u0117s dal\u012f, kuri\u0105 naudosite rytoj, naudodami\u00a0<a href=\"https:\/\/podology.shop\/lt\/produktas\/demykomed-hautschutzspray\/\">Demykomed pur\u0161kalas<\/a>. (pur\u0161kite 2 kartus)<\/li>\n<\/ul>\n<h3>Aktyv\u016bs ingredientai:<\/h3>\n<p><strong>Klotrimazolis<\/strong>: tai prie\u0161grybelinis vaistas, da\u017enai vartojamas gydant \u012fvairias grybelines infekcijas. Tai azoli\u0173 grup\u0117s preparatas slopindamas grybeli\u0173 augim\u0105.<\/p>\n<ul>\n<li>Prie\u0161grybelinis: Klotrimazolis yra pla\u010diai pripa\u017eintas d\u0117l savo prie\u0161grybelini\u0173 savybi\u0173, efektyviai gydant \u012fvairias nag\u0173 grybelio infekcijas.<\/li>\n<li>Prevencija: Reguliarus naudojimas gali pad\u0117ti u\u017ekirsti keli\u0105 grybelini\u0173 infekcij\u0173 pasikartojimui.<\/li>\n<\/ul>\n<p><strong>UREA<\/strong>: yra junginys, da\u017eniausiai naudojamas nag\u0173 ir odos prie\u017ei\u016bros produktuose. Jis tarnauja dviem pagrindiniais tikslais:<\/p>\n<ul>\n<li><em>Dr\u0117kina<\/em>: Karbamidas dr\u0117kina ir mink\u0161tina od\u0105, tod\u0117l jis yra vertingas ingredientas sausai odai ir nagams.<br \/>\n<em>\u0160veitimas<\/em>: veikia kaip \u0161velnus \u0161veitiklis, padedantis pa\u0161alinti negyvas odos l\u0105steles ir pagerinti odos tekst\u016br\u0105.<\/li>\n<\/ul>\n<h4>Ingredients (INCI) : Aqua, Aloe Barbadensis Leaf Juice, Glyceryl Stearate Se, Alcohol Denat, Isopropyl Myristate, Prunus Dulcis, Caprylic \/ Capric Triglyceride, Glycerin, Cetyl Alcohol, Urea, Clotrimazole, Bisabolol, Panthenol, Allantoin,<br \/>\nNiacinamid, Sodium Carbomer, Parfum, Phenoxyethanol, Methylparaben, Ethylparaben, Propylparaben, Butylparaben, Isobutylparaben<\/h4>\n","protected":false},"excerpt":{"rendered":"<p>Prie\u0161grybelinis kremas<\/p>\n","protected":false},"featured_media":19189,"comment_status":"closed","ping_status":"closed","template":"","meta":{"inline_featured_image":false,"_monsterinsights_skip_tracking":false,"_monsterinsights_sitenote_active":false,"_monsterinsights_sitenote_note":"","_monsterinsights_sitenote_category":0,"site-sidebar-layout":"default","site-content-layout":"","ast-site-content-layout":"default","site-content-style":"default","site-sidebar-style":"default","ast-global-header-display":"","ast-banner-title-visibility":"","ast-main-header-display":"","ast-hfb-above-header-display":"","ast-hfb-below-header-display":"","ast-hfb-mobile-header-display":"","site-post-title":"","ast-breadcrumbs-content":"","ast-featured-img":"","footer-sml-layout":"","ast-disable-related-posts":"","theme-transparent-header-meta":"default","adv-header-id-meta":"","stick-header-meta":"","header-above-stick-meta":"","header-main-stick-meta":"","header-below-stick-meta":"","astra-migrate-meta-layouts":"default","ast-page-background-enabled":"default","ast-page-background-meta":{"desktop":{"background-color":"","background-image":"","background-repeat":"repeat","background-position":"center center","background-size":"auto","background-attachment":"scroll","background-type":"","background-media":"","overlay-type":"","overlay-color":"","overlay-opacity":"","overlay-gradient":""},"tablet":{"background-color":"","background-image":"","background-repeat":"repeat","background-position":"center center","background-size":"auto","background-attachment":"scroll","background-type":"","background-media":"","overlay-type":"","overlay-color":"","overlay-opacity":"","overlay-gradient":""},"mobile":{"background-color":"","background-image":"","background-repeat":"repeat","background-position":"center center","background-size":"auto","background-attachment":"scroll","background-type":"","background-media":"","overlay-type":"","overlay-color":"","overlay-opacity":"","overlay-gradient":""}},"ast-content-background-meta":{"desktop":{"background-color":"var(--ast-global-color-5)","background-image":"","background-repeat":"repeat","background-position":"center center","background-size":"auto","background-attachment":"scroll","background-type":"","background-media":"","overlay-type":"","overlay-color":"","overlay-opacity":"","overlay-gradient":""},"tablet":{"background-color":"var(--ast-global-color-5)","background-image":"","background-repeat":"repeat","background-position":"center center","background-size":"auto","background-attachment":"scroll","background-type":"","background-media":"","overlay-type":"","overlay-color":"","overlay-opacity":"","overlay-gradient":""},"mobile":{"background-color":"var(--ast-global-color-5)","background-image":"","background-repeat":"repeat","background-position":"center center","background-size":"auto","background-attachment":"scroll","background-type":"","background-media":"","overlay-type":"","overlay-color":"","overlay-opacity":"","overlay-gradient":""}}},"product_brand":[],"product_cat":[1158],"product_tag":[988,1245,1376,1375,990,991,1379,1118,1383,1120,1377,997,1382,1380,1172,1057,1378,1381,1059],"class_list":{"0":"post-19344","1":"product","2":"type-product","3":"status-publish","4":"has-post-thumbnail","6":"product_cat-priemones-nuo-nagu-grybelio","7":"product_tag-alcohol-denat-lt","8":"product_tag-allantoin-lt","9":"product_tag-aloe-barbadensis-leaf-juice-lt","10":"product_tag-antifungal-cream-lt","11":"product_tag-bisabolol-lt","12":"product_tag-capric-triglyceride-lt","13":"product_tag-cetyl-alcohol-lt","14":"product_tag-clotrimazole-lt","15":"product_tag-demykomed-nagel-und-hautschutzcreme-lt","16":"product_tag-glycerin-lt","17":"product_tag-glyceryl-stearate-se-lt","18":"product_tag-isopropyl-myristate-lt","19":"product_tag-methylparaben-lt","20":"product_tag-niacinamid-lt","21":"product_tag-panthenol-lt","22":"product_tag-phenoxyethanol-lt","23":"product_tag-prunus-dulcis-lt","24":"product_tag-sodium-carbomer-lt","25":"product_tag-urea-lt","26":"desktop-align-center","27":"tablet-align-center","28":"mobile-align-center","30":"first","31":"instock","32":"shipping-taxable","33":"purchasable","34":"product-type-simple"},"yoast_head":"<!-- This site is optimized with the Yoast SEO plugin v27.1.1 - https:\/\/yoast.com\/product\/yoast-seo-wordpress\/ -->\n<title>DemykoMed apsauginis kremas odai - Podology.Shop<\/title>\n<meta name=\"description\" content=\"DemykoMed apsauginis kremas odai skirtas \u012f mikoz\u0119 linkusei odai. Padidina nat\u016bral\u0173 atsparum\u0105 grybelin\u0117ms infekcijoms ir i\u0161laiko j\u016bs\u0173 p\u0117das higieni\u0161kai \u0161vie\u017eias.\" \/>\n<meta name=\"robots\" content=\"index, follow, max-snippet:-1, max-image-preview:large, max-video-preview:-1\" \/>\n<link rel=\"canonical\" href=\"https:\/\/podology.shop\/lt\/produktas\/demykomed-nagel-und-hautschutzcreme\/\" \/>\n<meta property=\"og:locale\" content=\"lt_LT\" \/>\n<meta property=\"og:type\" content=\"article\" \/>\n<meta property=\"og:title\" content=\"DemykoMed apsauginis kremas odai - Podology.Shop\" \/>\n<meta property=\"og:description\" content=\"DemykoMed apsauginis kremas odai skirtas \u012f mikoz\u0119 linkusei odai. Padidina nat\u016bral\u0173 atsparum\u0105 grybelin\u0117ms infekcijoms ir i\u0161laiko j\u016bs\u0173 p\u0117das higieni\u0161kai \u0161vie\u017eias.\" \/>\n<meta property=\"og:url\" content=\"https:\/\/podology.shop\/lt\/produktas\/demykomed-nagel-und-hautschutzcreme\/\" \/>\n<meta property=\"og:site_name\" content=\"Podology.Shop\" \/>\n<meta property=\"article:modified_time\" content=\"2026-04-16T16:03:04+00:00\" \/>\n<meta property=\"og:image\" content=\"https:\/\/podology.shop\/wp-content\/uploads\/2023\/10\/DemykoMed-antifungal-skin-and-nail-cream.jpg\" \/>\n\t<meta property=\"og:image:width\" content=\"1024\" \/>\n\t<meta property=\"og:image:height\" content=\"1024\" \/>\n\t<meta property=\"og:image:type\" content=\"image\/jpeg\" \/>\n<meta name=\"twitter:card\" content=\"summary_large_image\" \/>\n<meta name=\"twitter:label1\" content=\"Est. reading time\" \/>\n\t<meta name=\"twitter:data1\" content=\"2 minut\u0117s\" \/>\n<script type=\"application\/ld+json\" class=\"yoast-schema-graph\">{\"@context\":\"https:\/\/schema.org\",\"@graph\":[{\"@type\":\"WebPage\",\"@id\":\"https:\/\/podology.shop\/lt\/produktas\/demykomed-nagel-und-hautschutzcreme\/\",\"url\":\"https:\/\/podology.shop\/lt\/produktas\/demykomed-nagel-und-hautschutzcreme\/\",\"name\":\"DemykoMed apsauginis kremas odai - Podology.Shop\",\"isPartOf\":{\"@id\":\"https:\/\/podology.shop\/lt\/#website\"},\"primaryImageOfPage\":{\"@id\":\"https:\/\/podology.shop\/lt\/produktas\/demykomed-nagel-und-hautschutzcreme\/#primaryimage\"},\"image\":{\"@id\":\"https:\/\/podology.shop\/lt\/produktas\/demykomed-nagel-und-hautschutzcreme\/#primaryimage\"},\"thumbnailUrl\":\"https:\/\/podology.shop\/wp-content\/uploads\/2023\/10\/DemykoMed-antifungal-skin-and-nail-cream.jpg\",\"datePublished\":\"2023-10-15T16:50:10+00:00\",\"dateModified\":\"2026-04-16T16:03:04+00:00\",\"description\":\"DemykoMed apsauginis kremas odai skirtas \u012f mikoz\u0119 linkusei odai. Padidina nat\u016bral\u0173 atsparum\u0105 grybelin\u0117ms infekcijoms ir i\u0161laiko j\u016bs\u0173 p\u0117das higieni\u0161kai \u0161vie\u017eias.\",\"breadcrumb\":{\"@id\":\"https:\/\/podology.shop\/lt\/produktas\/demykomed-nagel-und-hautschutzcreme\/#breadcrumb\"},\"inLanguage\":\"lt-LT\",\"potentialAction\":[{\"@type\":\"ReadAction\",\"target\":[\"https:\/\/podology.shop\/lt\/produktas\/demykomed-nagel-und-hautschutzcreme\/\"]}]},{\"@type\":\"ImageObject\",\"inLanguage\":\"lt-LT\",\"@id\":\"https:\/\/podology.shop\/lt\/produktas\/demykomed-nagel-und-hautschutzcreme\/#primaryimage\",\"url\":\"https:\/\/podology.shop\/wp-content\/uploads\/2023\/10\/DemykoMed-antifungal-skin-and-nail-cream.jpg\",\"contentUrl\":\"https:\/\/podology.shop\/wp-content\/uploads\/2023\/10\/DemykoMed-antifungal-skin-and-nail-cream.jpg\",\"width\":1024,\"height\":1024,\"caption\":\"DemykoMed antifungal skin and nail cream\"},{\"@type\":\"BreadcrumbList\",\"@id\":\"https:\/\/podology.shop\/lt\/produktas\/demykomed-nagel-und-hautschutzcreme\/#breadcrumb\",\"itemListElement\":[{\"@type\":\"ListItem\",\"position\":1,\"name\":\"Home\",\"item\":\"https:\/\/podology.shop\/lt\/\"},{\"@type\":\"ListItem\",\"position\":2,\"name\":\"Shop\",\"item\":\"https:\/\/podology.shop\/lt\/\"},{\"@type\":\"ListItem\",\"position\":3,\"name\":\"DemykoMed apsauginis kremas odai\"}]},{\"@type\":\"WebSite\",\"@id\":\"https:\/\/podology.shop\/lt\/#website\",\"url\":\"https:\/\/podology.shop\/lt\/\",\"name\":\"Podology.Shop\",\"description\":\"Podology.Shop\",\"publisher\":{\"@id\":\"https:\/\/podology.shop\/lt\/#organization\"},\"potentialAction\":[{\"@type\":\"SearchAction\",\"target\":{\"@type\":\"EntryPoint\",\"urlTemplate\":\"https:\/\/podology.shop\/lt\/?s={search_term_string}\"},\"query-input\":{\"@type\":\"PropertyValueSpecification\",\"valueRequired\":true,\"valueName\":\"search_term_string\"}}],\"inLanguage\":\"lt-LT\"},{\"@type\":\"Organization\",\"@id\":\"https:\/\/podology.shop\/lt\/#organization\",\"name\":\"Podology.shop\",\"url\":\"https:\/\/podology.shop\/lt\/\",\"logo\":{\"@type\":\"ImageObject\",\"inLanguage\":\"lt-LT\",\"@id\":\"https:\/\/podology.shop\/lt\/#\/schema\/logo\/image\/\",\"url\":\"https:\/\/podology.shop\/wp-content\/uploads\/2020\/11\/125361778_1762772693887349_9190250941118524915_n-scaled.jpg\",\"contentUrl\":\"https:\/\/podology.shop\/wp-content\/uploads\/2020\/11\/125361778_1762772693887349_9190250941118524915_n-scaled.jpg\",\"width\":2560,\"height\":878,\"caption\":\"Podology.shop\"},\"image\":{\"@id\":\"https:\/\/podology.shop\/lt\/#\/schema\/logo\/image\/\"}}]}<\/script>\n<!-- \/ Yoast SEO plugin. -->","yoast_head_json":{"title":"DemykoMed apsauginis kremas odai - Podology.Shop","description":"DemykoMed apsauginis kremas odai skirtas \u012f mikoz\u0119 linkusei odai. Padidina nat\u016bral\u0173 atsparum\u0105 grybelin\u0117ms infekcijoms ir i\u0161laiko j\u016bs\u0173 p\u0117das higieni\u0161kai \u0161vie\u017eias.","robots":{"index":"index","follow":"follow","max-snippet":"max-snippet:-1","max-image-preview":"max-image-preview:large","max-video-preview":"max-video-preview:-1"},"canonical":"https:\/\/podology.shop\/lt\/produktas\/demykomed-nagel-und-hautschutzcreme\/","og_locale":"lt_LT","og_type":"article","og_title":"DemykoMed apsauginis kremas odai - Podology.Shop","og_description":"DemykoMed apsauginis kremas odai skirtas \u012f mikoz\u0119 linkusei odai. Padidina nat\u016bral\u0173 atsparum\u0105 grybelin\u0117ms infekcijoms ir i\u0161laiko j\u016bs\u0173 p\u0117das higieni\u0161kai \u0161vie\u017eias.","og_url":"https:\/\/podology.shop\/lt\/produktas\/demykomed-nagel-und-hautschutzcreme\/","og_site_name":"Podology.Shop","article_modified_time":"2026-04-16T16:03:04+00:00","og_image":[{"width":1024,"height":1024,"url":"https:\/\/podology.shop\/wp-content\/uploads\/2023\/10\/DemykoMed-antifungal-skin-and-nail-cream.jpg","type":"image\/jpeg"}],"twitter_card":"summary_large_image","twitter_misc":{"Est. reading time":"2 minut\u0117s"},"schema":{"@context":"https:\/\/schema.org","@graph":[{"@type":"WebPage","@id":"https:\/\/podology.shop\/lt\/produktas\/demykomed-nagel-und-hautschutzcreme\/","url":"https:\/\/podology.shop\/lt\/produktas\/demykomed-nagel-und-hautschutzcreme\/","name":"DemykoMed apsauginis kremas odai - Podology.Shop","isPartOf":{"@id":"https:\/\/podology.shop\/lt\/#website"},"primaryImageOfPage":{"@id":"https:\/\/podology.shop\/lt\/produktas\/demykomed-nagel-und-hautschutzcreme\/#primaryimage"},"image":{"@id":"https:\/\/podology.shop\/lt\/produktas\/demykomed-nagel-und-hautschutzcreme\/#primaryimage"},"thumbnailUrl":"https:\/\/podology.shop\/wp-content\/uploads\/2023\/10\/DemykoMed-antifungal-skin-and-nail-cream.jpg","datePublished":"2023-10-15T16:50:10+00:00","dateModified":"2026-04-16T16:03:04+00:00","description":"DemykoMed apsauginis kremas odai skirtas \u012f mikoz\u0119 linkusei odai. Padidina nat\u016bral\u0173 atsparum\u0105 grybelin\u0117ms infekcijoms ir i\u0161laiko j\u016bs\u0173 p\u0117das higieni\u0161kai \u0161vie\u017eias.","breadcrumb":{"@id":"https:\/\/podology.shop\/lt\/produktas\/demykomed-nagel-und-hautschutzcreme\/#breadcrumb"},"inLanguage":"lt-LT","potentialAction":[{"@type":"ReadAction","target":["https:\/\/podology.shop\/lt\/produktas\/demykomed-nagel-und-hautschutzcreme\/"]}]},{"@type":"ImageObject","inLanguage":"lt-LT","@id":"https:\/\/podology.shop\/lt\/produktas\/demykomed-nagel-und-hautschutzcreme\/#primaryimage","url":"https:\/\/podology.shop\/wp-content\/uploads\/2023\/10\/DemykoMed-antifungal-skin-and-nail-cream.jpg","contentUrl":"https:\/\/podology.shop\/wp-content\/uploads\/2023\/10\/DemykoMed-antifungal-skin-and-nail-cream.jpg","width":1024,"height":1024,"caption":"DemykoMed antifungal skin and nail cream"},{"@type":"BreadcrumbList","@id":"https:\/\/podology.shop\/lt\/produktas\/demykomed-nagel-und-hautschutzcreme\/#breadcrumb","itemListElement":[{"@type":"ListItem","position":1,"name":"Home","item":"https:\/\/podology.shop\/lt\/"},{"@type":"ListItem","position":2,"name":"Shop","item":"https:\/\/podology.shop\/lt\/"},{"@type":"ListItem","position":3,"name":"DemykoMed apsauginis kremas odai"}]},{"@type":"WebSite","@id":"https:\/\/podology.shop\/lt\/#website","url":"https:\/\/podology.shop\/lt\/","name":"Podology.Shop","description":"Podology.Shop","publisher":{"@id":"https:\/\/podology.shop\/lt\/#organization"},"potentialAction":[{"@type":"SearchAction","target":{"@type":"EntryPoint","urlTemplate":"https:\/\/podology.shop\/lt\/?s={search_term_string}"},"query-input":{"@type":"PropertyValueSpecification","valueRequired":true,"valueName":"search_term_string"}}],"inLanguage":"lt-LT"},{"@type":"Organization","@id":"https:\/\/podology.shop\/lt\/#organization","name":"Podology.shop","url":"https:\/\/podology.shop\/lt\/","logo":{"@type":"ImageObject","inLanguage":"lt-LT","@id":"https:\/\/podology.shop\/lt\/#\/schema\/logo\/image\/","url":"https:\/\/podology.shop\/wp-content\/uploads\/2020\/11\/125361778_1762772693887349_9190250941118524915_n-scaled.jpg","contentUrl":"https:\/\/podology.shop\/wp-content\/uploads\/2020\/11\/125361778_1762772693887349_9190250941118524915_n-scaled.jpg","width":2560,"height":878,"caption":"Podology.shop"},"image":{"@id":"https:\/\/podology.shop\/lt\/#\/schema\/logo\/image\/"}}]}},"_links":{"self":[{"href":"https:\/\/podology.shop\/lt\/wp-json\/wp\/v2\/product\/19344","targetHints":{"allow":["GET"]}}],"collection":[{"href":"https:\/\/podology.shop\/lt\/wp-json\/wp\/v2\/product"}],"about":[{"href":"https:\/\/podology.shop\/lt\/wp-json\/wp\/v2\/types\/product"}],"replies":[{"embeddable":true,"href":"https:\/\/podology.shop\/lt\/wp-json\/wp\/v2\/comments?post=19344"}],"wp:featuredmedia":[{"embeddable":true,"href":"https:\/\/podology.shop\/lt\/wp-json\/wp\/v2\/media\/19189"}],"wp:attachment":[{"href":"https:\/\/podology.shop\/lt\/wp-json\/wp\/v2\/media?parent=19344"}],"wp:term":[{"taxonomy":"product_brand","embeddable":true,"href":"https:\/\/podology.shop\/lt\/wp-json\/wp\/v2\/product_brand?post=19344"},{"taxonomy":"product_cat","embeddable":true,"href":"https:\/\/podology.shop\/lt\/wp-json\/wp\/v2\/product_cat?post=19344"},{"taxonomy":"product_tag","embeddable":true,"href":"https:\/\/podology.shop\/lt\/wp-json\/wp\/v2\/product_tag?post=19344"}],"curies":[{"name":"wp","href":"https:\/\/api.w.org\/{rel}","templated":true}]}}