{"id":19715,"date":"2025-07-08T21:17:40","date_gmt":"2025-07-08T18:17:40","guid":{"rendered":"https:\/\/podology.shop\/product\/sanamed-kremas-putos-eiskristall-150ml\/"},"modified":"2025-10-13T19:55:32","modified_gmt":"2025-10-13T16:55:32","slug":"sanamed-kremas-putos-eiskristall-150ml","status":"publish","type":"product","link":"https:\/\/podology.shop\/lt\/produktas\/sanamed-kremas-putos-eiskristall-150ml\/","title":{"rendered":"Sanamed pur\u0161kalas Eiskristall 150ml"},"content":{"rendered":"<p data-start=\"109\" data-end=\"491\">Atv\u0117sina ir atgaivina kar\u0161tas bei pavargusias p\u0117das. Ypa\u010d naudinga po ilgo stov\u0117jimo arba intensyvios fizin\u0117s veiklos. Auk\u0161tos kokyb\u0117s veikliosios med\u017eiagos padeda palaikyti kraujagysli\u0173 sistemos funkcijas, dr\u0117kina od\u0105, skatina odos regeneracij\u0105 ir palaiko normalias odos funkcijas. Puikiai tinka ilgoms pasivaik\u0161\u010diojimo i\u0161vykoms, va\u017eiavimui dvira\u010diu ir kitai sportinei veiklai.<\/p>\n<p data-start=\"493\" data-end=\"507\">Naudojimas<\/p>\n<p data-start=\"509\" data-end=\"814\">Prie\u0161 naudojim\u0105 gerai suplakite SANAMED Eiskristall Ice Crystal balion\u0117l\u012f. Laikykite balion\u0117l\u012f vertikaliai, purk\u0161tuku \u012f vir\u0161\u0173, ir naudokite atsargiai. Pur\u0161kiamas kaip skystas aerozolis. Nedidel\u012f kiek\u012f produkto u\u017etepkite ant p\u0117d\u0173 odos ir \u012fmasa\u017euokite, kol susigers. Laikyti kambario temperat\u016broje.<\/p>\n<p data-start=\"816\" data-end=\"834\">Sud\u0117tis (INCI)<\/p>\n<p data-start=\"836\" data-end=\"1194\">Butane, Aqua, Alcohol denat., Propane, Quercus Robur Bark Extract, Salvia Officinalis Leaf Extract, Glycerin, PPG-6-Decyltetradeceth-30, Sorbitol, Menthol, Xanthan Gum, Sodium Polyacrylate, Propylene Glycol, Butylene Glycol, Citric Acid, Phenoxyethanol, Sodium Hydroxide, Ethylhexylglycerin, Parfum, Citral, Citronellol, Eugenol, Geraniol, Limonene, Linalool<\/p>\n","protected":false},"excerpt":{"rendered":"<p>Atv\u0117sina ir atgaivina kar\u0161tas bei pavargusias p\u0117das<\/p>\n","protected":false},"featured_media":19712,"comment_status":"closed","ping_status":"closed","template":"","meta":{"inline_featured_image":false,"_monsterinsights_skip_tracking":false,"_monsterinsights_sitenote_active":false,"_monsterinsights_sitenote_note":"","_monsterinsights_sitenote_category":0,"site-sidebar-layout":"default","site-content-layout":"","ast-site-content-layout":"default","site-content-style":"default","site-sidebar-style":"default","ast-global-header-display":"","ast-banner-title-visibility":"","ast-main-header-display":"","ast-hfb-above-header-display":"","ast-hfb-below-header-display":"","ast-hfb-mobile-header-display":"","site-post-title":"","ast-breadcrumbs-content":"","ast-featured-img":"","footer-sml-layout":"","ast-disable-related-posts":"","theme-transparent-header-meta":"default","adv-header-id-meta":"","stick-header-meta":"","header-above-stick-meta":"","header-main-stick-meta":"","header-below-stick-meta":"","astra-migrate-meta-layouts":"default","ast-page-background-enabled":"default","ast-page-background-meta":{"desktop":{"background-color":"","background-image":"","background-repeat":"repeat","background-position":"center center","background-size":"auto","background-attachment":"scroll","background-type":"","background-media":"","overlay-type":"","overlay-color":"","overlay-opacity":"","overlay-gradient":""},"tablet":{"background-color":"","background-image":"","background-repeat":"repeat","background-position":"center center","background-size":"auto","background-attachment":"scroll","background-type":"","background-media":"","overlay-type":"","overlay-color":"","overlay-opacity":"","overlay-gradient":""},"mobile":{"background-color":"","background-image":"","background-repeat":"repeat","background-position":"center center","background-size":"auto","background-attachment":"scroll","background-type":"","background-media":"","overlay-type":"","overlay-color":"","overlay-opacity":"","overlay-gradient":""}},"ast-content-background-meta":{"desktop":{"background-color":"var(--ast-global-color-5)","background-image":"","background-repeat":"repeat","background-position":"center center","background-size":"auto","background-attachment":"scroll","background-type":"","background-media":"","overlay-type":"","overlay-color":"","overlay-opacity":"","overlay-gradient":""},"tablet":{"background-color":"var(--ast-global-color-5)","background-image":"","background-repeat":"repeat","background-position":"center center","background-size":"auto","background-attachment":"scroll","background-type":"","background-media":"","overlay-type":"","overlay-color":"","overlay-opacity":"","overlay-gradient":""},"mobile":{"background-color":"var(--ast-global-color-5)","background-image":"","background-repeat":"repeat","background-position":"center center","background-size":"auto","background-attachment":"scroll","background-type":"","background-media":"","overlay-type":"","overlay-color":"","overlay-opacity":"","overlay-gradient":""}}},"product_brand":[],"product_cat":[1395],"product_tag":[1413,1284,1285,1412,1411],"class_list":{"0":"post-19715","1":"product","2":"type-product","3":"status-publish","4":"has-post-thumbnail","6":"product_cat-sanamed-linija","7":"product_tag-menthol-lt","8":"product_tag-oak-bark-extract-lt","9":"product_tag-sage-lt","10":"product_tag-sanamed-eiskristall-lt","11":"product_tag-tired-legs-lt","12":"desktop-align-center","13":"tablet-align-center","14":"mobile-align-center","16":"first","17":"instock","18":"shipping-taxable","19":"purchasable","20":"product-type-simple"},"yoast_head":"<!-- This site is optimized with the Yoast SEO plugin v27.1.1 - https:\/\/yoast.com\/product\/yoast-seo-wordpress\/ -->\n<title>Sanamed pur\u0161kalas Eiskristall 150ml - Podology.Shop<\/title>\n<meta name=\"robots\" content=\"index, follow, max-snippet:-1, max-image-preview:large, max-video-preview:-1\" \/>\n<link rel=\"canonical\" href=\"https:\/\/podology.shop\/lt\/produktas\/sanamed-kremas-putos-eiskristall-150ml\/\" \/>\n<meta property=\"og:locale\" content=\"lt_LT\" \/>\n<meta property=\"og:type\" content=\"article\" \/>\n<meta property=\"og:title\" content=\"Sanamed pur\u0161kalas Eiskristall 150ml - Podology.Shop\" \/>\n<meta property=\"og:description\" content=\"Atv\u0117sina ir atgaivina kar\u0161tas bei pavargusias p\u0117das\" \/>\n<meta property=\"og:url\" content=\"https:\/\/podology.shop\/lt\/produktas\/sanamed-kremas-putos-eiskristall-150ml\/\" \/>\n<meta property=\"og:site_name\" content=\"Podology.Shop\" \/>\n<meta property=\"article:modified_time\" content=\"2025-10-13T16:55:32+00:00\" \/>\n<meta property=\"og:image\" content=\"https:\/\/podology.shop\/wp-content\/uploads\/2025\/07\/sanamed-eiskristall-150ml.jpg\" \/>\n\t<meta property=\"og:image:width\" content=\"800\" \/>\n\t<meta property=\"og:image:height\" content=\"800\" \/>\n\t<meta property=\"og:image:type\" content=\"image\/jpeg\" \/>\n<meta name=\"twitter:card\" content=\"summary_large_image\" \/>\n<meta name=\"twitter:label1\" content=\"Est. reading time\" \/>\n\t<meta name=\"twitter:data1\" content=\"1 minut\u0117\" \/>\n<script type=\"application\/ld+json\" class=\"yoast-schema-graph\">{\"@context\":\"https:\/\/schema.org\",\"@graph\":[{\"@type\":\"WebPage\",\"@id\":\"https:\/\/podology.shop\/lt\/produktas\/sanamed-kremas-putos-eiskristall-150ml\/\",\"url\":\"https:\/\/podology.shop\/lt\/produktas\/sanamed-kremas-putos-eiskristall-150ml\/\",\"name\":\"Sanamed pur\u0161kalas Eiskristall 150ml - Podology.Shop\",\"isPartOf\":{\"@id\":\"https:\/\/podology.shop\/lt\/#website\"},\"primaryImageOfPage\":{\"@id\":\"https:\/\/podology.shop\/lt\/produktas\/sanamed-kremas-putos-eiskristall-150ml\/#primaryimage\"},\"image\":{\"@id\":\"https:\/\/podology.shop\/lt\/produktas\/sanamed-kremas-putos-eiskristall-150ml\/#primaryimage\"},\"thumbnailUrl\":\"https:\/\/podology.shop\/wp-content\/uploads\/2025\/07\/sanamed-eiskristall-150ml.jpg\",\"datePublished\":\"2025-07-08T18:17:40+00:00\",\"dateModified\":\"2025-10-13T16:55:32+00:00\",\"breadcrumb\":{\"@id\":\"https:\/\/podology.shop\/lt\/produktas\/sanamed-kremas-putos-eiskristall-150ml\/#breadcrumb\"},\"inLanguage\":\"lt-LT\",\"potentialAction\":[{\"@type\":\"ReadAction\",\"target\":[\"https:\/\/podology.shop\/lt\/produktas\/sanamed-kremas-putos-eiskristall-150ml\/\"]}]},{\"@type\":\"ImageObject\",\"inLanguage\":\"lt-LT\",\"@id\":\"https:\/\/podology.shop\/lt\/produktas\/sanamed-kremas-putos-eiskristall-150ml\/#primaryimage\",\"url\":\"https:\/\/podology.shop\/wp-content\/uploads\/2025\/07\/sanamed-eiskristall-150ml.jpg\",\"contentUrl\":\"https:\/\/podology.shop\/wp-content\/uploads\/2025\/07\/sanamed-eiskristall-150ml.jpg\",\"width\":800,\"height\":800,\"caption\":\"sanamed eiskristall\"},{\"@type\":\"BreadcrumbList\",\"@id\":\"https:\/\/podology.shop\/lt\/produktas\/sanamed-kremas-putos-eiskristall-150ml\/#breadcrumb\",\"itemListElement\":[{\"@type\":\"ListItem\",\"position\":1,\"name\":\"Home\",\"item\":\"https:\/\/podology.shop\/lt\/\"},{\"@type\":\"ListItem\",\"position\":2,\"name\":\"Shop\",\"item\":\"https:\/\/podology.shop\/lt\/\"},{\"@type\":\"ListItem\",\"position\":3,\"name\":\"Sanamed pur\u0161kalas Eiskristall 150ml\"}]},{\"@type\":\"WebSite\",\"@id\":\"https:\/\/podology.shop\/lt\/#website\",\"url\":\"https:\/\/podology.shop\/lt\/\",\"name\":\"Podology.Shop\",\"description\":\"Podology.Shop\",\"publisher\":{\"@id\":\"https:\/\/podology.shop\/lt\/#organization\"},\"potentialAction\":[{\"@type\":\"SearchAction\",\"target\":{\"@type\":\"EntryPoint\",\"urlTemplate\":\"https:\/\/podology.shop\/lt\/?s={search_term_string}\"},\"query-input\":{\"@type\":\"PropertyValueSpecification\",\"valueRequired\":true,\"valueName\":\"search_term_string\"}}],\"inLanguage\":\"lt-LT\"},{\"@type\":\"Organization\",\"@id\":\"https:\/\/podology.shop\/lt\/#organization\",\"name\":\"Podology.shop\",\"url\":\"https:\/\/podology.shop\/lt\/\",\"logo\":{\"@type\":\"ImageObject\",\"inLanguage\":\"lt-LT\",\"@id\":\"https:\/\/podology.shop\/lt\/#\/schema\/logo\/image\/\",\"url\":\"https:\/\/podology.shop\/wp-content\/uploads\/2020\/11\/125361778_1762772693887349_9190250941118524915_n-scaled.jpg\",\"contentUrl\":\"https:\/\/podology.shop\/wp-content\/uploads\/2020\/11\/125361778_1762772693887349_9190250941118524915_n-scaled.jpg\",\"width\":2560,\"height\":878,\"caption\":\"Podology.shop\"},\"image\":{\"@id\":\"https:\/\/podology.shop\/lt\/#\/schema\/logo\/image\/\"}}]}<\/script>\n<!-- \/ Yoast SEO plugin. -->","yoast_head_json":{"title":"Sanamed pur\u0161kalas Eiskristall 150ml - Podology.Shop","robots":{"index":"index","follow":"follow","max-snippet":"max-snippet:-1","max-image-preview":"max-image-preview:large","max-video-preview":"max-video-preview:-1"},"canonical":"https:\/\/podology.shop\/lt\/produktas\/sanamed-kremas-putos-eiskristall-150ml\/","og_locale":"lt_LT","og_type":"article","og_title":"Sanamed pur\u0161kalas Eiskristall 150ml - Podology.Shop","og_description":"Atv\u0117sina ir atgaivina kar\u0161tas bei pavargusias p\u0117das","og_url":"https:\/\/podology.shop\/lt\/produktas\/sanamed-kremas-putos-eiskristall-150ml\/","og_site_name":"Podology.Shop","article_modified_time":"2025-10-13T16:55:32+00:00","og_image":[{"width":800,"height":800,"url":"https:\/\/podology.shop\/wp-content\/uploads\/2025\/07\/sanamed-eiskristall-150ml.jpg","type":"image\/jpeg"}],"twitter_card":"summary_large_image","twitter_misc":{"Est. reading time":"1 minut\u0117"},"schema":{"@context":"https:\/\/schema.org","@graph":[{"@type":"WebPage","@id":"https:\/\/podology.shop\/lt\/produktas\/sanamed-kremas-putos-eiskristall-150ml\/","url":"https:\/\/podology.shop\/lt\/produktas\/sanamed-kremas-putos-eiskristall-150ml\/","name":"Sanamed pur\u0161kalas Eiskristall 150ml - Podology.Shop","isPartOf":{"@id":"https:\/\/podology.shop\/lt\/#website"},"primaryImageOfPage":{"@id":"https:\/\/podology.shop\/lt\/produktas\/sanamed-kremas-putos-eiskristall-150ml\/#primaryimage"},"image":{"@id":"https:\/\/podology.shop\/lt\/produktas\/sanamed-kremas-putos-eiskristall-150ml\/#primaryimage"},"thumbnailUrl":"https:\/\/podology.shop\/wp-content\/uploads\/2025\/07\/sanamed-eiskristall-150ml.jpg","datePublished":"2025-07-08T18:17:40+00:00","dateModified":"2025-10-13T16:55:32+00:00","breadcrumb":{"@id":"https:\/\/podology.shop\/lt\/produktas\/sanamed-kremas-putos-eiskristall-150ml\/#breadcrumb"},"inLanguage":"lt-LT","potentialAction":[{"@type":"ReadAction","target":["https:\/\/podology.shop\/lt\/produktas\/sanamed-kremas-putos-eiskristall-150ml\/"]}]},{"@type":"ImageObject","inLanguage":"lt-LT","@id":"https:\/\/podology.shop\/lt\/produktas\/sanamed-kremas-putos-eiskristall-150ml\/#primaryimage","url":"https:\/\/podology.shop\/wp-content\/uploads\/2025\/07\/sanamed-eiskristall-150ml.jpg","contentUrl":"https:\/\/podology.shop\/wp-content\/uploads\/2025\/07\/sanamed-eiskristall-150ml.jpg","width":800,"height":800,"caption":"sanamed eiskristall"},{"@type":"BreadcrumbList","@id":"https:\/\/podology.shop\/lt\/produktas\/sanamed-kremas-putos-eiskristall-150ml\/#breadcrumb","itemListElement":[{"@type":"ListItem","position":1,"name":"Home","item":"https:\/\/podology.shop\/lt\/"},{"@type":"ListItem","position":2,"name":"Shop","item":"https:\/\/podology.shop\/lt\/"},{"@type":"ListItem","position":3,"name":"Sanamed pur\u0161kalas Eiskristall 150ml"}]},{"@type":"WebSite","@id":"https:\/\/podology.shop\/lt\/#website","url":"https:\/\/podology.shop\/lt\/","name":"Podology.Shop","description":"Podology.Shop","publisher":{"@id":"https:\/\/podology.shop\/lt\/#organization"},"potentialAction":[{"@type":"SearchAction","target":{"@type":"EntryPoint","urlTemplate":"https:\/\/podology.shop\/lt\/?s={search_term_string}"},"query-input":{"@type":"PropertyValueSpecification","valueRequired":true,"valueName":"search_term_string"}}],"inLanguage":"lt-LT"},{"@type":"Organization","@id":"https:\/\/podology.shop\/lt\/#organization","name":"Podology.shop","url":"https:\/\/podology.shop\/lt\/","logo":{"@type":"ImageObject","inLanguage":"lt-LT","@id":"https:\/\/podology.shop\/lt\/#\/schema\/logo\/image\/","url":"https:\/\/podology.shop\/wp-content\/uploads\/2020\/11\/125361778_1762772693887349_9190250941118524915_n-scaled.jpg","contentUrl":"https:\/\/podology.shop\/wp-content\/uploads\/2020\/11\/125361778_1762772693887349_9190250941118524915_n-scaled.jpg","width":2560,"height":878,"caption":"Podology.shop"},"image":{"@id":"https:\/\/podology.shop\/lt\/#\/schema\/logo\/image\/"}}]}},"_links":{"self":[{"href":"https:\/\/podology.shop\/lt\/wp-json\/wp\/v2\/product\/19715","targetHints":{"allow":["GET"]}}],"collection":[{"href":"https:\/\/podology.shop\/lt\/wp-json\/wp\/v2\/product"}],"about":[{"href":"https:\/\/podology.shop\/lt\/wp-json\/wp\/v2\/types\/product"}],"replies":[{"embeddable":true,"href":"https:\/\/podology.shop\/lt\/wp-json\/wp\/v2\/comments?post=19715"}],"wp:featuredmedia":[{"embeddable":true,"href":"https:\/\/podology.shop\/lt\/wp-json\/wp\/v2\/media\/19712"}],"wp:attachment":[{"href":"https:\/\/podology.shop\/lt\/wp-json\/wp\/v2\/media?parent=19715"}],"wp:term":[{"taxonomy":"product_brand","embeddable":true,"href":"https:\/\/podology.shop\/lt\/wp-json\/wp\/v2\/product_brand?post=19715"},{"taxonomy":"product_cat","embeddable":true,"href":"https:\/\/podology.shop\/lt\/wp-json\/wp\/v2\/product_cat?post=19715"},{"taxonomy":"product_tag","embeddable":true,"href":"https:\/\/podology.shop\/lt\/wp-json\/wp\/v2\/product_tag?post=19715"}],"curies":[{"name":"wp","href":"https:\/\/api.w.org\/{rel}","templated":true}]}}