{"id":19846,"date":"2025-07-13T15:44:50","date_gmt":"2025-07-13T12:44:50","guid":{"rendered":"https:\/\/podology.shop\/product\/fusbalsam-mit-granatapfel-regeneruojantis-pedu-kremas-150ml\/"},"modified":"2025-07-13T17:50:07","modified_gmt":"2025-07-13T14:50:07","slug":"fusbalsam-mit-granatapfel-regeneruojantis-pedu-kremas-150ml","status":"publish","type":"product","link":"https:\/\/podology.shop\/lt\/produktas\/fusbalsam-mit-granatapfel-regeneruojantis-pedu-kremas-150ml\/","title":{"rendered":"Regeneruojantis p\u0117d\u0173 balzamas su granat\u0173 s\u0117kl\u0173 ekstraktu 150ml"},"content":{"rendered":"<p data-start=\"45\" data-end=\"382\"><strong>&#8222;CareMed&#8221;<\/strong> atstotamasis <strong>p\u0117d\u0173 kremas<\/strong> su vertingais ingredientais, tokiais kaip granat\u0173 s\u0117kl\u0173 ekstraktas, argano aliejus, taukmed\u017eio sviestas, \u017ealioji arbata, pantenolis, vitaminas B3 ir vitaminas E, maitina ir apsaugo p\u0117das nuo \u017ealingo aplinkos poveikio. Jausmingas, lengvas aromatas visapusi\u0161kai skatina ger\u0105 savijaut\u0105 ir komforto jausm\u0105.<\/p>\n<p data-start=\"384\" data-end=\"406\"><strong data-start=\"384\" data-end=\"404\">Charakteristikos:<\/strong><\/p>\n<ul data-start=\"407\" data-end=\"600\" data-is-last-node=\"\" data-is-only-node=\"\">\n<li data-start=\"407\" data-end=\"497\">\n<p data-start=\"409\" data-end=\"497\">Apsauga nuo i\u0161orini\u0173 aplinkos veiksni\u0173 d\u0117l antioksidacini\u0173 ingredient\u0173<\/p>\n<\/li>\n<li data-start=\"498\" data-end=\"547\">\n<p data-start=\"500\" data-end=\"547\">Gausu auk\u0161tos kokyb\u0117s od\u0105 puosel\u0117jan\u010di\u0173 ingredient\u0173<\/p>\n<\/li>\n<li data-start=\"548\" data-end=\"564\">\n<p data-start=\"550\" data-end=\"564\">Dr\u0117kinamasis<\/p>\n<\/li>\n<li data-start=\"565\" data-end=\"579\">\n<p data-start=\"567\" data-end=\"579\">Neriebus<\/p>\n<\/li>\n<li data-start=\"580\" data-end=\"600\" data-is-last-node=\"\">\n<p data-start=\"582\" data-end=\"600\" data-is-last-node=\"\">Malonus kvapas<\/p>\n<\/li>\n<\/ul>\n<p><strong>Sudedamosios dalys (INCI):  <\/strong><\/p>\n<p>Vanduo, glicerilo stearatas SE, metilpropandiolis, glicerinas, sviestas Butyrospermum Parkii, cetearilo alkoholis, kaprilo\/kapriko trigliceridas, izopropilo miristatas, Punica Granatum s\u0117kl\u0173 ekstraktas, Camellia Sinensis lap\u0173 ekstraktas, Argania Spinosa branduoli\u0173 aliejus, Rosmarinus Officinalis lap\u0173 ekstraktas, pantenolis, tokoferilo acetatas, niacinamidas, dinatrio EDTA, propilenglikolis, karbomeras, etilheksilglicerinas, dimetikonas, parfumas, citrin\u0173 r\u016bg\u0161tis, fenoksietanolis, natrio hidroksidas, CI 16255<\/p>\n","protected":false},"excerpt":{"rendered":"<p>Antioksidacinis ir dr\u0117kinamasis p\u0117d\u0173 balzamas, gerinantis odos elastingum\u0105<\/p>\n","protected":false},"featured_media":19842,"comment_status":"closed","ping_status":"closed","template":"","meta":{"inline_featured_image":false,"_monsterinsights_skip_tracking":false,"_monsterinsights_sitenote_active":false,"_monsterinsights_sitenote_note":"","_monsterinsights_sitenote_category":0,"site-sidebar-layout":"default","site-content-layout":"","ast-site-content-layout":"default","site-content-style":"default","site-sidebar-style":"default","ast-global-header-display":"","ast-banner-title-visibility":"","ast-main-header-display":"","ast-hfb-above-header-display":"","ast-hfb-below-header-display":"","ast-hfb-mobile-header-display":"","site-post-title":"","ast-breadcrumbs-content":"","ast-featured-img":"","footer-sml-layout":"","ast-disable-related-posts":"","theme-transparent-header-meta":"default","adv-header-id-meta":"","stick-header-meta":"","header-above-stick-meta":"","header-main-stick-meta":"","header-below-stick-meta":"","astra-migrate-meta-layouts":"default","ast-page-background-enabled":"default","ast-page-background-meta":{"desktop":{"background-color":"","background-image":"","background-repeat":"repeat","background-position":"center center","background-size":"auto","background-attachment":"scroll","background-type":"","background-media":"","overlay-type":"","overlay-color":"","overlay-opacity":"","overlay-gradient":""},"tablet":{"background-color":"","background-image":"","background-repeat":"repeat","background-position":"center center","background-size":"auto","background-attachment":"scroll","background-type":"","background-media":"","overlay-type":"","overlay-color":"","overlay-opacity":"","overlay-gradient":""},"mobile":{"background-color":"","background-image":"","background-repeat":"repeat","background-position":"center center","background-size":"auto","background-attachment":"scroll","background-type":"","background-media":"","overlay-type":"","overlay-color":"","overlay-opacity":"","overlay-gradient":""}},"ast-content-background-meta":{"desktop":{"background-color":"var(--ast-global-color-5)","background-image":"","background-repeat":"repeat","background-position":"center center","background-size":"auto","background-attachment":"scroll","background-type":"","background-media":"","overlay-type":"","overlay-color":"","overlay-opacity":"","overlay-gradient":""},"tablet":{"background-color":"var(--ast-global-color-5)","background-image":"","background-repeat":"repeat","background-position":"center center","background-size":"auto","background-attachment":"scroll","background-type":"","background-media":"","overlay-type":"","overlay-color":"","overlay-opacity":"","overlay-gradient":""},"mobile":{"background-color":"var(--ast-global-color-5)","background-image":"","background-repeat":"repeat","background-position":"center center","background-size":"auto","background-attachment":"scroll","background-type":"","background-media":"","overlay-type":"","overlay-color":"","overlay-opacity":"","overlay-gradient":""}}},"product_brand":[],"product_cat":[1399],"product_tag":[1451,1450,1172,1452],"class_list":{"0":"post-19846","1":"product","2":"type-product","3":"status-publish","4":"has-post-thumbnail","6":"product_cat-caremed-kremu-linija","7":"product_tag-argano-aliejus","8":"product_tag-granatai","9":"product_tag-panthenol-lt","10":"product_tag-zalioji-arbata","11":"desktop-align-center","12":"tablet-align-center","13":"mobile-align-center","15":"first","16":"instock","17":"shipping-taxable","18":"purchasable","19":"product-type-simple"},"yoast_head":"<!-- This site is optimized with the Yoast SEO plugin v27.4 - https:\/\/yoast.com\/product\/yoast-seo-wordpress\/ -->\n<title>Regeneruojantis p\u0117d\u0173 balzamas su granat\u0173 s\u0117kl\u0173 ekstraktu 150ml - Podology.Shop<\/title>\n<meta name=\"robots\" content=\"index, follow, max-snippet:-1, max-image-preview:large, max-video-preview:-1\" \/>\n<link rel=\"canonical\" href=\"https:\/\/podology.shop\/lt\/produktas\/fusbalsam-mit-granatapfel-regeneruojantis-pedu-kremas-150ml\/\" \/>\n<meta property=\"og:locale\" content=\"lt_LT\" \/>\n<meta property=\"og:type\" content=\"article\" \/>\n<meta property=\"og:title\" content=\"Regeneruojantis p\u0117d\u0173 balzamas su granat\u0173 s\u0117kl\u0173 ekstraktu 150ml - Podology.Shop\" \/>\n<meta property=\"og:description\" content=\"Antioksidacinis ir dr\u0117kinamasis p\u0117d\u0173 balzamas, gerinantis odos elastingum\u0105\" \/>\n<meta property=\"og:url\" content=\"https:\/\/podology.shop\/lt\/produktas\/fusbalsam-mit-granatapfel-regeneruojantis-pedu-kremas-150ml\/\" \/>\n<meta property=\"og:site_name\" content=\"Podology.Shop\" \/>\n<meta property=\"article:modified_time\" content=\"2025-07-13T14:50:07+00:00\" \/>\n<meta property=\"og:image\" content=\"https:\/\/podology.shop\/wp-content\/uploads\/2025\/07\/CareMed-Fusbalsam-mit-Aprikosenkernol-150ml-1.jpg\" \/>\n\t<meta property=\"og:image:width\" content=\"800\" \/>\n\t<meta property=\"og:image:height\" content=\"800\" \/>\n\t<meta property=\"og:image:type\" content=\"image\/jpeg\" \/>\n<meta name=\"twitter:card\" content=\"summary_large_image\" \/>\n<meta name=\"twitter:label1\" content=\"Est. reading time\" \/>\n\t<meta name=\"twitter:data1\" content=\"1 minut\u0117\" \/>\n<script type=\"application\/ld+json\" class=\"yoast-schema-graph\">{\"@context\":\"https:\\\/\\\/schema.org\",\"@graph\":[{\"@type\":\"WebPage\",\"@id\":\"https:\\\/\\\/podology.shop\\\/lt\\\/produktas\\\/fusbalsam-mit-granatapfel-regeneruojantis-pedu-kremas-150ml\\\/\",\"url\":\"https:\\\/\\\/podology.shop\\\/lt\\\/produktas\\\/fusbalsam-mit-granatapfel-regeneruojantis-pedu-kremas-150ml\\\/\",\"name\":\"Regeneruojantis p\u0117d\u0173 balzamas su granat\u0173 s\u0117kl\u0173 ekstraktu 150ml - Podology.Shop\",\"isPartOf\":{\"@id\":\"https:\\\/\\\/podology.shop\\\/lt\\\/#website\"},\"primaryImageOfPage\":{\"@id\":\"https:\\\/\\\/podology.shop\\\/lt\\\/produktas\\\/fusbalsam-mit-granatapfel-regeneruojantis-pedu-kremas-150ml\\\/#primaryimage\"},\"image\":{\"@id\":\"https:\\\/\\\/podology.shop\\\/lt\\\/produktas\\\/fusbalsam-mit-granatapfel-regeneruojantis-pedu-kremas-150ml\\\/#primaryimage\"},\"thumbnailUrl\":\"https:\\\/\\\/podology.shop\\\/wp-content\\\/uploads\\\/2025\\\/07\\\/CareMed-Fusbalsam-mit-Aprikosenkernol-150ml-1.jpg\",\"datePublished\":\"2025-07-13T12:44:50+00:00\",\"dateModified\":\"2025-07-13T14:50:07+00:00\",\"breadcrumb\":{\"@id\":\"https:\\\/\\\/podology.shop\\\/lt\\\/produktas\\\/fusbalsam-mit-granatapfel-regeneruojantis-pedu-kremas-150ml\\\/#breadcrumb\"},\"inLanguage\":\"lt-LT\",\"potentialAction\":[{\"@type\":\"ReadAction\",\"target\":[\"https:\\\/\\\/podology.shop\\\/lt\\\/produktas\\\/fusbalsam-mit-granatapfel-regeneruojantis-pedu-kremas-150ml\\\/\"]}]},{\"@type\":\"ImageObject\",\"inLanguage\":\"lt-LT\",\"@id\":\"https:\\\/\\\/podology.shop\\\/lt\\\/produktas\\\/fusbalsam-mit-granatapfel-regeneruojantis-pedu-kremas-150ml\\\/#primaryimage\",\"url\":\"https:\\\/\\\/podology.shop\\\/wp-content\\\/uploads\\\/2025\\\/07\\\/CareMed-Fusbalsam-mit-Aprikosenkernol-150ml-1.jpg\",\"contentUrl\":\"https:\\\/\\\/podology.shop\\\/wp-content\\\/uploads\\\/2025\\\/07\\\/CareMed-Fusbalsam-mit-Aprikosenkernol-150ml-1.jpg\",\"width\":800,\"height\":800,\"caption\":\"CareMed Fu\u00dfbalsam mit Aprikosenkern\u00f6l 150ml\"},{\"@type\":\"BreadcrumbList\",\"@id\":\"https:\\\/\\\/podology.shop\\\/lt\\\/produktas\\\/fusbalsam-mit-granatapfel-regeneruojantis-pedu-kremas-150ml\\\/#breadcrumb\",\"itemListElement\":[{\"@type\":\"ListItem\",\"position\":1,\"name\":\"Home\",\"item\":\"https:\\\/\\\/podology.shop\\\/lt\\\/\"},{\"@type\":\"ListItem\",\"position\":2,\"name\":\"Shop\",\"item\":\"https:\\\/\\\/podology.shop\\\/lt\\\/\"},{\"@type\":\"ListItem\",\"position\":3,\"name\":\"Regeneruojantis p\u0117d\u0173 balzamas su granat\u0173 s\u0117kl\u0173 ekstraktu 150ml\"}]},{\"@type\":\"WebSite\",\"@id\":\"https:\\\/\\\/podology.shop\\\/lt\\\/#website\",\"url\":\"https:\\\/\\\/podology.shop\\\/lt\\\/\",\"name\":\"Podology.Shop\",\"description\":\"Podology.Shop\",\"publisher\":{\"@id\":\"https:\\\/\\\/podology.shop\\\/lt\\\/#organization\"},\"potentialAction\":[{\"@type\":\"SearchAction\",\"target\":{\"@type\":\"EntryPoint\",\"urlTemplate\":\"https:\\\/\\\/podology.shop\\\/lt\\\/?s={search_term_string}\"},\"query-input\":{\"@type\":\"PropertyValueSpecification\",\"valueRequired\":true,\"valueName\":\"search_term_string\"}}],\"inLanguage\":\"lt-LT\"},{\"@type\":\"Organization\",\"@id\":\"https:\\\/\\\/podology.shop\\\/lt\\\/#organization\",\"name\":\"Podology.shop\",\"url\":\"https:\\\/\\\/podology.shop\\\/lt\\\/\",\"logo\":{\"@type\":\"ImageObject\",\"inLanguage\":\"lt-LT\",\"@id\":\"https:\\\/\\\/podology.shop\\\/lt\\\/#\\\/schema\\\/logo\\\/image\\\/\",\"url\":\"https:\\\/\\\/podology.shop\\\/wp-content\\\/uploads\\\/2020\\\/11\\\/125361778_1762772693887349_9190250941118524915_n-scaled.jpg\",\"contentUrl\":\"https:\\\/\\\/podology.shop\\\/wp-content\\\/uploads\\\/2020\\\/11\\\/125361778_1762772693887349_9190250941118524915_n-scaled.jpg\",\"width\":2560,\"height\":878,\"caption\":\"Podology.shop\"},\"image\":{\"@id\":\"https:\\\/\\\/podology.shop\\\/lt\\\/#\\\/schema\\\/logo\\\/image\\\/\"}}]}<\/script>\n<!-- \/ Yoast SEO plugin. -->","yoast_head_json":{"title":"Regeneruojantis p\u0117d\u0173 balzamas su granat\u0173 s\u0117kl\u0173 ekstraktu 150ml - Podology.Shop","robots":{"index":"index","follow":"follow","max-snippet":"max-snippet:-1","max-image-preview":"max-image-preview:large","max-video-preview":"max-video-preview:-1"},"canonical":"https:\/\/podology.shop\/lt\/produktas\/fusbalsam-mit-granatapfel-regeneruojantis-pedu-kremas-150ml\/","og_locale":"lt_LT","og_type":"article","og_title":"Regeneruojantis p\u0117d\u0173 balzamas su granat\u0173 s\u0117kl\u0173 ekstraktu 150ml - Podology.Shop","og_description":"Antioksidacinis ir dr\u0117kinamasis p\u0117d\u0173 balzamas, gerinantis odos elastingum\u0105","og_url":"https:\/\/podology.shop\/lt\/produktas\/fusbalsam-mit-granatapfel-regeneruojantis-pedu-kremas-150ml\/","og_site_name":"Podology.Shop","article_modified_time":"2025-07-13T14:50:07+00:00","og_image":[{"width":800,"height":800,"url":"https:\/\/podology.shop\/wp-content\/uploads\/2025\/07\/CareMed-Fusbalsam-mit-Aprikosenkernol-150ml-1.jpg","type":"image\/jpeg"}],"twitter_card":"summary_large_image","twitter_misc":{"Est. reading time":"1 minut\u0117"},"schema":{"@context":"https:\/\/schema.org","@graph":[{"@type":"WebPage","@id":"https:\/\/podology.shop\/lt\/produktas\/fusbalsam-mit-granatapfel-regeneruojantis-pedu-kremas-150ml\/","url":"https:\/\/podology.shop\/lt\/produktas\/fusbalsam-mit-granatapfel-regeneruojantis-pedu-kremas-150ml\/","name":"Regeneruojantis p\u0117d\u0173 balzamas su granat\u0173 s\u0117kl\u0173 ekstraktu 150ml - Podology.Shop","isPartOf":{"@id":"https:\/\/podology.shop\/lt\/#website"},"primaryImageOfPage":{"@id":"https:\/\/podology.shop\/lt\/produktas\/fusbalsam-mit-granatapfel-regeneruojantis-pedu-kremas-150ml\/#primaryimage"},"image":{"@id":"https:\/\/podology.shop\/lt\/produktas\/fusbalsam-mit-granatapfel-regeneruojantis-pedu-kremas-150ml\/#primaryimage"},"thumbnailUrl":"https:\/\/podology.shop\/wp-content\/uploads\/2025\/07\/CareMed-Fusbalsam-mit-Aprikosenkernol-150ml-1.jpg","datePublished":"2025-07-13T12:44:50+00:00","dateModified":"2025-07-13T14:50:07+00:00","breadcrumb":{"@id":"https:\/\/podology.shop\/lt\/produktas\/fusbalsam-mit-granatapfel-regeneruojantis-pedu-kremas-150ml\/#breadcrumb"},"inLanguage":"lt-LT","potentialAction":[{"@type":"ReadAction","target":["https:\/\/podology.shop\/lt\/produktas\/fusbalsam-mit-granatapfel-regeneruojantis-pedu-kremas-150ml\/"]}]},{"@type":"ImageObject","inLanguage":"lt-LT","@id":"https:\/\/podology.shop\/lt\/produktas\/fusbalsam-mit-granatapfel-regeneruojantis-pedu-kremas-150ml\/#primaryimage","url":"https:\/\/podology.shop\/wp-content\/uploads\/2025\/07\/CareMed-Fusbalsam-mit-Aprikosenkernol-150ml-1.jpg","contentUrl":"https:\/\/podology.shop\/wp-content\/uploads\/2025\/07\/CareMed-Fusbalsam-mit-Aprikosenkernol-150ml-1.jpg","width":800,"height":800,"caption":"CareMed Fu\u00dfbalsam mit Aprikosenkern\u00f6l 150ml"},{"@type":"BreadcrumbList","@id":"https:\/\/podology.shop\/lt\/produktas\/fusbalsam-mit-granatapfel-regeneruojantis-pedu-kremas-150ml\/#breadcrumb","itemListElement":[{"@type":"ListItem","position":1,"name":"Home","item":"https:\/\/podology.shop\/lt\/"},{"@type":"ListItem","position":2,"name":"Shop","item":"https:\/\/podology.shop\/lt\/"},{"@type":"ListItem","position":3,"name":"Regeneruojantis p\u0117d\u0173 balzamas su granat\u0173 s\u0117kl\u0173 ekstraktu 150ml"}]},{"@type":"WebSite","@id":"https:\/\/podology.shop\/lt\/#website","url":"https:\/\/podology.shop\/lt\/","name":"Podology.Shop","description":"Podology.Shop","publisher":{"@id":"https:\/\/podology.shop\/lt\/#organization"},"potentialAction":[{"@type":"SearchAction","target":{"@type":"EntryPoint","urlTemplate":"https:\/\/podology.shop\/lt\/?s={search_term_string}"},"query-input":{"@type":"PropertyValueSpecification","valueRequired":true,"valueName":"search_term_string"}}],"inLanguage":"lt-LT"},{"@type":"Organization","@id":"https:\/\/podology.shop\/lt\/#organization","name":"Podology.shop","url":"https:\/\/podology.shop\/lt\/","logo":{"@type":"ImageObject","inLanguage":"lt-LT","@id":"https:\/\/podology.shop\/lt\/#\/schema\/logo\/image\/","url":"https:\/\/podology.shop\/wp-content\/uploads\/2020\/11\/125361778_1762772693887349_9190250941118524915_n-scaled.jpg","contentUrl":"https:\/\/podology.shop\/wp-content\/uploads\/2020\/11\/125361778_1762772693887349_9190250941118524915_n-scaled.jpg","width":2560,"height":878,"caption":"Podology.shop"},"image":{"@id":"https:\/\/podology.shop\/lt\/#\/schema\/logo\/image\/"}}]}},"_links":{"self":[{"href":"https:\/\/podology.shop\/lt\/wp-json\/wp\/v2\/product\/19846","targetHints":{"allow":["GET"]}}],"collection":[{"href":"https:\/\/podology.shop\/lt\/wp-json\/wp\/v2\/product"}],"about":[{"href":"https:\/\/podology.shop\/lt\/wp-json\/wp\/v2\/types\/product"}],"replies":[{"embeddable":true,"href":"https:\/\/podology.shop\/lt\/wp-json\/wp\/v2\/comments?post=19846"}],"wp:featuredmedia":[{"embeddable":true,"href":"https:\/\/podology.shop\/lt\/wp-json\/wp\/v2\/media\/19842"}],"wp:attachment":[{"href":"https:\/\/podology.shop\/lt\/wp-json\/wp\/v2\/media?parent=19846"}],"wp:term":[{"taxonomy":"product_brand","embeddable":true,"href":"https:\/\/podology.shop\/lt\/wp-json\/wp\/v2\/product_brand?post=19846"},{"taxonomy":"product_cat","embeddable":true,"href":"https:\/\/podology.shop\/lt\/wp-json\/wp\/v2\/product_cat?post=19846"},{"taxonomy":"product_tag","embeddable":true,"href":"https:\/\/podology.shop\/lt\/wp-json\/wp\/v2\/product_tag?post=19846"}],"curies":[{"name":"wp","href":"https:\/\/api.w.org\/{rel}","templated":true}]}}