{"id":19855,"date":"2025-07-13T17:16:38","date_gmt":"2025-07-13T14:16:38","guid":{"rendered":"https:\/\/podology.shop\/product\/fus-bein-wellnesscreme-pedu-ir-koju-prieziuros-kremas-150-ml\/"},"modified":"2025-10-16T19:21:49","modified_gmt":"2025-10-16T16:21:49","slug":"fus-bein-wellnesscreme-pedu-ir-koju-prieziuros-kremas-150-ml","status":"publish","type":"product","link":"https:\/\/podology.shop\/lt\/produktas\/fus-bein-wellnesscreme-pedu-ir-koju-prieziuros-kremas-150-ml\/","title":{"rendered":"P\u0117d\u0173 kremas kasdienei prie\u017ei\u016brai su propoliu ir hialurono rug\u0161tim 150 ml"},"content":{"rendered":"<p data-start=\"40\" data-end=\"318\"><strong data-start=\"40\" data-end=\"150\">Pajuskite raminam\u0105j\u012f auk\u0161tos kokyb\u0117s p\u0117d\u0173 balzamo, specialiai sukurto j\u016bs\u0173 p\u0117doms, poveik\u012f.<\/strong> \u0160is balzamas, kurio sud\u0117tyje yra propolio, hialurono, karbamido, \u0161altalanki\u0173 ir taukmed\u017eio sviesto, u\u017etikrina visapusi\u0161k\u0105 p\u0117d\u0173 prie\u017ei\u016br\u0105, atgaivina ir apsaugo p\u0117das.<\/p>\n<p data-start=\"320\" data-end=\"696\">Unikali sudedamoji dalis propolis veikia kaip nat\u016bralus antiseptikas, palaiko odos regeneracij\u0105 ir pasi\u017eymi prie\u0161u\u017edegimin\u0117mis savyb\u0117mis. Kartu su hialuronu, galingu dr\u0117kikliu, jis intensyviai dr\u0117kina ir gerina odos elastingum\u0105. Karbamidas apr\u016bpina od\u0105 dr\u0117gme, skatina lygi\u0105 odos tekst\u016br\u0105 ir neleid\u017eia susidaryti nuospaudoms.<\/p>\n<p data-start=\"698\" data-end=\"950\">\u0160altalanki\u0173 ekstrakte gausu antioksidant\u0173 ir vitamin\u0173, kurie apsaugo od\u0105 nuo \u017ealingo aplinkos poveikio ir palaiko regeneracija. Taukmed\u017eio sviestas giliai ir intensyviai pri\u017ei\u016bri, maitina ir mink\u0161tina saus\u0105 ir suskilin\u0117jusi\u0105 od\u0105.<\/p>\n<p data-start=\"952\" data-end=\"1234\" data-is-last-node=\"\" data-is-only-node=\"\">M\u016bs\u0173 formul\u0119 papildo vynuogi\u0173 s\u0117kl\u0173 aliejus, kuriame gausu nepakei\u010diam\u0173j\u0173 riebal\u0173 r\u016bg\u0161\u010di\u0173 ir kuris apsaugo od\u0105 nuo oksidacinio streso. Jis skatina regeneracij\u0105 ir u\u017etikrina \u0161ilkin\u012f odos \u0161velnum\u0105. Malonus, lengvas aromatas visapusi\u0161kai skatina ger\u0105 savijaut\u0105 ir komforto jausm\u0105.<\/p>\n<p data-start=\"35\" data-end=\"56\"><strong data-start=\"35\" data-end=\"54\">Charakteristikos<\/strong><\/p>\n<ul data-start=\"58\" data-end=\"181\" data-is-last-node=\"\" data-is-only-node=\"\">\n<li data-start=\"58\" data-end=\"117\">\n<p data-start=\"60\" data-end=\"117\">Be alergen\u0173, paraben\u0173 ir dirbtini\u0173 da\u017eikli\u0173<\/p>\n<\/li>\n<li data-start=\"118\" data-end=\"134\">\n<p data-start=\"120\" data-end=\"134\">Dr\u0117kinamasis<\/p>\n<\/li>\n<li data-start=\"135\" data-end=\"181\" data-is-last-node=\"\">\n<p data-start=\"137\" data-end=\"181\" data-is-last-node=\"\">Greitai \u012fsigeria ir nepalieka riebi\u0173 liku\u010di\u0173<\/p>\n<\/li>\n<\/ul>\n<p><strong>Sudedamosios dalys (INCI):<\/strong><\/p>\n<p>Aqua, glyceryl stearate SE, aloe barbadensis leaf juce, methilpropanediol, urea, isopropyl myristate, glycerin, capryliccapric triglyceride, cetyl alcohol, butyrospermum parkii butter, cocos nucifera oil, mel, royal jelly, propolis extract, mel extract, sodium hyaluronate, hippophane rhamnoides fruit oil, vitis vinifera seed oil, coral powder, tocopheryl acetate, camphor, coco-glucoside, parfum, ethylhexylglycerin, butylene glycol, sodium carbomer, phenoxyethanol<\/p>\n","protected":false},"excerpt":{"rendered":"<p>Raminamasis p\u0117d\u0173 kremas kasdienei prie\u017ei\u016brai<\/p>\n","protected":false},"featured_media":19852,"comment_status":"closed","ping_status":"closed","template":"","meta":{"inline_featured_image":false,"_monsterinsights_skip_tracking":false,"_monsterinsights_sitenote_active":false,"_monsterinsights_sitenote_note":"","_monsterinsights_sitenote_category":0,"site-sidebar-layout":"default","site-content-layout":"","ast-site-content-layout":"default","site-content-style":"default","site-sidebar-style":"default","ast-global-header-display":"","ast-banner-title-visibility":"","ast-main-header-display":"","ast-hfb-above-header-display":"","ast-hfb-below-header-display":"","ast-hfb-mobile-header-display":"","site-post-title":"","ast-breadcrumbs-content":"","ast-featured-img":"","footer-sml-layout":"","ast-disable-related-posts":"","theme-transparent-header-meta":"default","adv-header-id-meta":"","stick-header-meta":"","header-above-stick-meta":"","header-main-stick-meta":"","header-below-stick-meta":"","astra-migrate-meta-layouts":"default","ast-page-background-enabled":"default","ast-page-background-meta":{"desktop":{"background-color":"","background-image":"","background-repeat":"repeat","background-position":"center center","background-size":"auto","background-attachment":"scroll","background-type":"","background-media":"","overlay-type":"","overlay-color":"","overlay-opacity":"","overlay-gradient":""},"tablet":{"background-color":"","background-image":"","background-repeat":"repeat","background-position":"center center","background-size":"auto","background-attachment":"scroll","background-type":"","background-media":"","overlay-type":"","overlay-color":"","overlay-opacity":"","overlay-gradient":""},"mobile":{"background-color":"","background-image":"","background-repeat":"repeat","background-position":"center center","background-size":"auto","background-attachment":"scroll","background-type":"","background-media":"","overlay-type":"","overlay-color":"","overlay-opacity":"","overlay-gradient":""}},"ast-content-background-meta":{"desktop":{"background-color":"var(--ast-global-color-5)","background-image":"","background-repeat":"repeat","background-position":"center center","background-size":"auto","background-attachment":"scroll","background-type":"","background-media":"","overlay-type":"","overlay-color":"","overlay-opacity":"","overlay-gradient":""},"tablet":{"background-color":"var(--ast-global-color-5)","background-image":"","background-repeat":"repeat","background-position":"center center","background-size":"auto","background-attachment":"scroll","background-type":"","background-media":"","overlay-type":"","overlay-color":"","overlay-opacity":"","overlay-gradient":""},"mobile":{"background-color":"var(--ast-global-color-5)","background-image":"","background-repeat":"repeat","background-position":"center center","background-size":"auto","background-attachment":"scroll","background-type":"","background-media":"","overlay-type":"","overlay-color":"","overlay-opacity":"","overlay-gradient":""}}},"product_brand":[],"product_cat":[1399],"product_tag":[1467,1466,1468,1469,1470,1059],"class_list":{"0":"post-19855","1":"product","2":"type-product","3":"status-publish","4":"has-post-thumbnail","6":"product_cat-caremed-kremu-linija","7":"product_tag-hialuronas","8":"product_tag-propolis-lt","9":"product_tag-sanddorn-lt","10":"product_tag-sheabutter-lt","11":"product_tag-traubenkernol-lt","12":"product_tag-urea-lt","13":"desktop-align-center","14":"tablet-align-center","15":"mobile-align-center","17":"first","18":"instock","19":"shipping-taxable","20":"purchasable","21":"product-type-simple"},"yoast_head":"<!-- This site is optimized with the Yoast SEO plugin v27.4 - https:\/\/yoast.com\/product\/yoast-seo-wordpress\/ -->\n<title>P\u0117d\u0173 kremas kasdienei prie\u017ei\u016brai su propoliu ir hialurono rug\u0161tim 150 ml - Podology.Shop<\/title>\n<meta name=\"robots\" content=\"index, follow, max-snippet:-1, max-image-preview:large, max-video-preview:-1\" \/>\n<link rel=\"canonical\" href=\"https:\/\/podology.shop\/lt\/produktas\/fus-bein-wellnesscreme-pedu-ir-koju-prieziuros-kremas-150-ml\/\" \/>\n<meta property=\"og:locale\" content=\"lt_LT\" \/>\n<meta property=\"og:type\" content=\"article\" \/>\n<meta property=\"og:title\" content=\"P\u0117d\u0173 kremas kasdienei prie\u017ei\u016brai su propoliu ir hialurono rug\u0161tim 150 ml - Podology.Shop\" \/>\n<meta property=\"og:description\" content=\"Raminamasis p\u0117d\u0173 kremas kasdienei prie\u017ei\u016brai\" \/>\n<meta property=\"og:url\" content=\"https:\/\/podology.shop\/lt\/produktas\/fus-bein-wellnesscreme-pedu-ir-koju-prieziuros-kremas-150-ml\/\" \/>\n<meta property=\"og:site_name\" content=\"Podology.Shop\" \/>\n<meta property=\"article:modified_time\" content=\"2025-10-16T16:21:49+00:00\" \/>\n<meta property=\"og:image\" content=\"https:\/\/podology.shop\/wp-content\/uploads\/2025\/07\/CareMed-Fuss-Bein-Wellnesscreme-150-ml.jpg\" \/>\n\t<meta property=\"og:image:width\" content=\"640\" \/>\n\t<meta property=\"og:image:height\" content=\"640\" \/>\n\t<meta property=\"og:image:type\" content=\"image\/jpeg\" \/>\n<meta name=\"twitter:card\" content=\"summary_large_image\" \/>\n<meta name=\"twitter:label1\" content=\"Est. reading time\" \/>\n\t<meta name=\"twitter:data1\" content=\"1 minut\u0117\" \/>\n<script type=\"application\/ld+json\" class=\"yoast-schema-graph\">{\"@context\":\"https:\\\/\\\/schema.org\",\"@graph\":[{\"@type\":\"WebPage\",\"@id\":\"https:\\\/\\\/podology.shop\\\/lt\\\/produktas\\\/fus-bein-wellnesscreme-pedu-ir-koju-prieziuros-kremas-150-ml\\\/\",\"url\":\"https:\\\/\\\/podology.shop\\\/lt\\\/produktas\\\/fus-bein-wellnesscreme-pedu-ir-koju-prieziuros-kremas-150-ml\\\/\",\"name\":\"P\u0117d\u0173 kremas kasdienei prie\u017ei\u016brai su propoliu ir hialurono rug\u0161tim 150 ml - Podology.Shop\",\"isPartOf\":{\"@id\":\"https:\\\/\\\/podology.shop\\\/lt\\\/#website\"},\"primaryImageOfPage\":{\"@id\":\"https:\\\/\\\/podology.shop\\\/lt\\\/produktas\\\/fus-bein-wellnesscreme-pedu-ir-koju-prieziuros-kremas-150-ml\\\/#primaryimage\"},\"image\":{\"@id\":\"https:\\\/\\\/podology.shop\\\/lt\\\/produktas\\\/fus-bein-wellnesscreme-pedu-ir-koju-prieziuros-kremas-150-ml\\\/#primaryimage\"},\"thumbnailUrl\":\"https:\\\/\\\/podology.shop\\\/wp-content\\\/uploads\\\/2025\\\/07\\\/CareMed-Fuss-Bein-Wellnesscreme-150-ml.jpg\",\"datePublished\":\"2025-07-13T14:16:38+00:00\",\"dateModified\":\"2025-10-16T16:21:49+00:00\",\"breadcrumb\":{\"@id\":\"https:\\\/\\\/podology.shop\\\/lt\\\/produktas\\\/fus-bein-wellnesscreme-pedu-ir-koju-prieziuros-kremas-150-ml\\\/#breadcrumb\"},\"inLanguage\":\"lt-LT\",\"potentialAction\":[{\"@type\":\"ReadAction\",\"target\":[\"https:\\\/\\\/podology.shop\\\/lt\\\/produktas\\\/fus-bein-wellnesscreme-pedu-ir-koju-prieziuros-kremas-150-ml\\\/\"]}]},{\"@type\":\"ImageObject\",\"inLanguage\":\"lt-LT\",\"@id\":\"https:\\\/\\\/podology.shop\\\/lt\\\/produktas\\\/fus-bein-wellnesscreme-pedu-ir-koju-prieziuros-kremas-150-ml\\\/#primaryimage\",\"url\":\"https:\\\/\\\/podology.shop\\\/wp-content\\\/uploads\\\/2025\\\/07\\\/CareMed-Fuss-Bein-Wellnesscreme-150-ml.jpg\",\"contentUrl\":\"https:\\\/\\\/podology.shop\\\/wp-content\\\/uploads\\\/2025\\\/07\\\/CareMed-Fuss-Bein-Wellnesscreme-150-ml.jpg\",\"width\":640,\"height\":640,\"caption\":\"CareMed Fuss & Bein Wellnesscreme 150 ml\"},{\"@type\":\"BreadcrumbList\",\"@id\":\"https:\\\/\\\/podology.shop\\\/lt\\\/produktas\\\/fus-bein-wellnesscreme-pedu-ir-koju-prieziuros-kremas-150-ml\\\/#breadcrumb\",\"itemListElement\":[{\"@type\":\"ListItem\",\"position\":1,\"name\":\"Home\",\"item\":\"https:\\\/\\\/podology.shop\\\/lt\\\/\"},{\"@type\":\"ListItem\",\"position\":2,\"name\":\"Shop\",\"item\":\"https:\\\/\\\/podology.shop\\\/lt\\\/\"},{\"@type\":\"ListItem\",\"position\":3,\"name\":\"P\u0117d\u0173 kremas kasdienei prie\u017ei\u016brai su propoliu ir hialurono rug\u0161tim 150 ml\"}]},{\"@type\":\"WebSite\",\"@id\":\"https:\\\/\\\/podology.shop\\\/lt\\\/#website\",\"url\":\"https:\\\/\\\/podology.shop\\\/lt\\\/\",\"name\":\"Podology.Shop\",\"description\":\"Podology.Shop\",\"publisher\":{\"@id\":\"https:\\\/\\\/podology.shop\\\/lt\\\/#organization\"},\"potentialAction\":[{\"@type\":\"SearchAction\",\"target\":{\"@type\":\"EntryPoint\",\"urlTemplate\":\"https:\\\/\\\/podology.shop\\\/lt\\\/?s={search_term_string}\"},\"query-input\":{\"@type\":\"PropertyValueSpecification\",\"valueRequired\":true,\"valueName\":\"search_term_string\"}}],\"inLanguage\":\"lt-LT\"},{\"@type\":\"Organization\",\"@id\":\"https:\\\/\\\/podology.shop\\\/lt\\\/#organization\",\"name\":\"Podology.shop\",\"url\":\"https:\\\/\\\/podology.shop\\\/lt\\\/\",\"logo\":{\"@type\":\"ImageObject\",\"inLanguage\":\"lt-LT\",\"@id\":\"https:\\\/\\\/podology.shop\\\/lt\\\/#\\\/schema\\\/logo\\\/image\\\/\",\"url\":\"https:\\\/\\\/podology.shop\\\/wp-content\\\/uploads\\\/2020\\\/11\\\/125361778_1762772693887349_9190250941118524915_n-scaled.jpg\",\"contentUrl\":\"https:\\\/\\\/podology.shop\\\/wp-content\\\/uploads\\\/2020\\\/11\\\/125361778_1762772693887349_9190250941118524915_n-scaled.jpg\",\"width\":2560,\"height\":878,\"caption\":\"Podology.shop\"},\"image\":{\"@id\":\"https:\\\/\\\/podology.shop\\\/lt\\\/#\\\/schema\\\/logo\\\/image\\\/\"}}]}<\/script>\n<!-- \/ Yoast SEO plugin. -->","yoast_head_json":{"title":"P\u0117d\u0173 kremas kasdienei prie\u017ei\u016brai su propoliu ir hialurono rug\u0161tim 150 ml - Podology.Shop","robots":{"index":"index","follow":"follow","max-snippet":"max-snippet:-1","max-image-preview":"max-image-preview:large","max-video-preview":"max-video-preview:-1"},"canonical":"https:\/\/podology.shop\/lt\/produktas\/fus-bein-wellnesscreme-pedu-ir-koju-prieziuros-kremas-150-ml\/","og_locale":"lt_LT","og_type":"article","og_title":"P\u0117d\u0173 kremas kasdienei prie\u017ei\u016brai su propoliu ir hialurono rug\u0161tim 150 ml - Podology.Shop","og_description":"Raminamasis p\u0117d\u0173 kremas kasdienei prie\u017ei\u016brai","og_url":"https:\/\/podology.shop\/lt\/produktas\/fus-bein-wellnesscreme-pedu-ir-koju-prieziuros-kremas-150-ml\/","og_site_name":"Podology.Shop","article_modified_time":"2025-10-16T16:21:49+00:00","og_image":[{"width":640,"height":640,"url":"https:\/\/podology.shop\/wp-content\/uploads\/2025\/07\/CareMed-Fuss-Bein-Wellnesscreme-150-ml.jpg","type":"image\/jpeg"}],"twitter_card":"summary_large_image","twitter_misc":{"Est. reading time":"1 minut\u0117"},"schema":{"@context":"https:\/\/schema.org","@graph":[{"@type":"WebPage","@id":"https:\/\/podology.shop\/lt\/produktas\/fus-bein-wellnesscreme-pedu-ir-koju-prieziuros-kremas-150-ml\/","url":"https:\/\/podology.shop\/lt\/produktas\/fus-bein-wellnesscreme-pedu-ir-koju-prieziuros-kremas-150-ml\/","name":"P\u0117d\u0173 kremas kasdienei prie\u017ei\u016brai su propoliu ir hialurono rug\u0161tim 150 ml - Podology.Shop","isPartOf":{"@id":"https:\/\/podology.shop\/lt\/#website"},"primaryImageOfPage":{"@id":"https:\/\/podology.shop\/lt\/produktas\/fus-bein-wellnesscreme-pedu-ir-koju-prieziuros-kremas-150-ml\/#primaryimage"},"image":{"@id":"https:\/\/podology.shop\/lt\/produktas\/fus-bein-wellnesscreme-pedu-ir-koju-prieziuros-kremas-150-ml\/#primaryimage"},"thumbnailUrl":"https:\/\/podology.shop\/wp-content\/uploads\/2025\/07\/CareMed-Fuss-Bein-Wellnesscreme-150-ml.jpg","datePublished":"2025-07-13T14:16:38+00:00","dateModified":"2025-10-16T16:21:49+00:00","breadcrumb":{"@id":"https:\/\/podology.shop\/lt\/produktas\/fus-bein-wellnesscreme-pedu-ir-koju-prieziuros-kremas-150-ml\/#breadcrumb"},"inLanguage":"lt-LT","potentialAction":[{"@type":"ReadAction","target":["https:\/\/podology.shop\/lt\/produktas\/fus-bein-wellnesscreme-pedu-ir-koju-prieziuros-kremas-150-ml\/"]}]},{"@type":"ImageObject","inLanguage":"lt-LT","@id":"https:\/\/podology.shop\/lt\/produktas\/fus-bein-wellnesscreme-pedu-ir-koju-prieziuros-kremas-150-ml\/#primaryimage","url":"https:\/\/podology.shop\/wp-content\/uploads\/2025\/07\/CareMed-Fuss-Bein-Wellnesscreme-150-ml.jpg","contentUrl":"https:\/\/podology.shop\/wp-content\/uploads\/2025\/07\/CareMed-Fuss-Bein-Wellnesscreme-150-ml.jpg","width":640,"height":640,"caption":"CareMed Fuss & Bein Wellnesscreme 150 ml"},{"@type":"BreadcrumbList","@id":"https:\/\/podology.shop\/lt\/produktas\/fus-bein-wellnesscreme-pedu-ir-koju-prieziuros-kremas-150-ml\/#breadcrumb","itemListElement":[{"@type":"ListItem","position":1,"name":"Home","item":"https:\/\/podology.shop\/lt\/"},{"@type":"ListItem","position":2,"name":"Shop","item":"https:\/\/podology.shop\/lt\/"},{"@type":"ListItem","position":3,"name":"P\u0117d\u0173 kremas kasdienei prie\u017ei\u016brai su propoliu ir hialurono rug\u0161tim 150 ml"}]},{"@type":"WebSite","@id":"https:\/\/podology.shop\/lt\/#website","url":"https:\/\/podology.shop\/lt\/","name":"Podology.Shop","description":"Podology.Shop","publisher":{"@id":"https:\/\/podology.shop\/lt\/#organization"},"potentialAction":[{"@type":"SearchAction","target":{"@type":"EntryPoint","urlTemplate":"https:\/\/podology.shop\/lt\/?s={search_term_string}"},"query-input":{"@type":"PropertyValueSpecification","valueRequired":true,"valueName":"search_term_string"}}],"inLanguage":"lt-LT"},{"@type":"Organization","@id":"https:\/\/podology.shop\/lt\/#organization","name":"Podology.shop","url":"https:\/\/podology.shop\/lt\/","logo":{"@type":"ImageObject","inLanguage":"lt-LT","@id":"https:\/\/podology.shop\/lt\/#\/schema\/logo\/image\/","url":"https:\/\/podology.shop\/wp-content\/uploads\/2020\/11\/125361778_1762772693887349_9190250941118524915_n-scaled.jpg","contentUrl":"https:\/\/podology.shop\/wp-content\/uploads\/2020\/11\/125361778_1762772693887349_9190250941118524915_n-scaled.jpg","width":2560,"height":878,"caption":"Podology.shop"},"image":{"@id":"https:\/\/podology.shop\/lt\/#\/schema\/logo\/image\/"}}]}},"_links":{"self":[{"href":"https:\/\/podology.shop\/lt\/wp-json\/wp\/v2\/product\/19855","targetHints":{"allow":["GET"]}}],"collection":[{"href":"https:\/\/podology.shop\/lt\/wp-json\/wp\/v2\/product"}],"about":[{"href":"https:\/\/podology.shop\/lt\/wp-json\/wp\/v2\/types\/product"}],"replies":[{"embeddable":true,"href":"https:\/\/podology.shop\/lt\/wp-json\/wp\/v2\/comments?post=19855"}],"wp:featuredmedia":[{"embeddable":true,"href":"https:\/\/podology.shop\/lt\/wp-json\/wp\/v2\/media\/19852"}],"wp:attachment":[{"href":"https:\/\/podology.shop\/lt\/wp-json\/wp\/v2\/media?parent=19855"}],"wp:term":[{"taxonomy":"product_brand","embeddable":true,"href":"https:\/\/podology.shop\/lt\/wp-json\/wp\/v2\/product_brand?post=19855"},{"taxonomy":"product_cat","embeddable":true,"href":"https:\/\/podology.shop\/lt\/wp-json\/wp\/v2\/product_cat?post=19855"},{"taxonomy":"product_tag","embeddable":true,"href":"https:\/\/podology.shop\/lt\/wp-json\/wp\/v2\/product_tag?post=19855"}],"curies":[{"name":"wp","href":"https:\/\/api.w.org\/{rel}","templated":true}]}}