{"id":19878,"date":"2025-07-13T18:40:05","date_gmt":"2025-07-13T15:40:05","guid":{"rendered":"https:\/\/podology.shop\/product\/urea-10-extra-pedu-kremas-su-slapalu-150ml\/"},"modified":"2026-04-07T18:30:53","modified_gmt":"2026-04-07T15:30:53","slug":"urea-10-extra-pedu-kremas-su-slapalu-150ml","status":"publish","type":"product","link":"https:\/\/podology.shop\/lt\/produktas\/urea-10-extra-pedu-kremas-su-slapalu-150ml\/","title":{"rendered":"&#8222;Urea 10% Extra&#8221; P\u0117d\u0173 kremas su \u0161lapalu. Labai sausai, \u0161iurk\u0161\u010diai ir \u012ftemptai odai."},"content":{"rendered":"<p>&#8222;CareMed&#8221; \u0161arminis p\u0117d\u0173 kremas su 10 % papildomu karbamido kiekiu &#8211; tai labai sausos, \u0161iurk\u0161\u010dios ir \u012ftemptos odos prie\u017ei\u016bros derinys. Produktas pagerina ir normalizuoja odos b\u016bkl\u0119, nes, be kita ko, apr\u016bpina j\u0105 dr\u0117gme, lipidais ir antioksidantais. D\u0117l to net sukiet\u0117jusios vietos tampa pastebimai mink\u0161tesn\u0117s ir elastingesn\u0117s. Pasirinkti aliejai, tokie kaip rozmarin\u0173 aliejus, kalnini\u0173 pu\u0161\u0173 aliejus ir levand\u0173 aliejus, u\u017etikrina geriausi\u0105 \u012fmanom\u0105 prie\u017ei\u016bros patirt\u012f, kuri taip pat gali tur\u0117ti teigiam\u0105 poveik\u012f bendrai savijautai. &#8222;CareMed&#8221; \u0161arminis p\u0117d\u0173 kremas su 10 proc. papildomo karbamido suteikia intensyvi\u0105 prie\u017ei\u016br\u0105, ma\u017eina \u0161iurk\u0161tum\u0105, apsaugo nuo dr\u0117gm\u0117s praradimo ir tempimo. Reguliarus naudojimas gerina odos strukt\u016br\u0105 ir didina odos atsparum\u0105. Naudokite kasdien rytais ir vakarais. Labai geri rezultatai naudojant kartu su\u00a0 <strong>Sanamed Saphir kremu-putomis<\/strong><\/p>\n<p>&nbsp;<\/p>\n<blockquote class=\"wp-embedded-content\" data-secret=\"2vrxyJMWGV\"><p><a href=\"https:\/\/podology.shop\/lt\/?attachment_id=19225\">sanamed saphir 150ml<\/a><\/p><\/blockquote>\n<p><iframe class=\"wp-embedded-content\" sandbox=\"allow-scripts\" security=\"restricted\" style=\"position: absolute; visibility: hidden;\" title=\"&#8220;sanamed saphir 150ml&#8221; &#8212; Podology.Shop\" src=\"https:\/\/podology.shop\/lt\/embed\/?attachment_id=19225#?secret=fD61oCCJ6b#?secret=2vrxyJMWGV\" data-secret=\"2vrxyJMWGV\" width=\"500\" height=\"282\" frameborder=\"0\" marginwidth=\"0\" marginheight=\"0\" scrolling=\"no\"><\/iframe><\/p>\n<p><strong>Charakteristikos:<\/strong><\/p>\n<ul>\n<li>Malonus kvapas<\/li>\n<li>Labai geras suderinamumas su oda<\/li>\n<li>Apsaugo nuo dr\u0117gm\u0117s praradimo ir ma\u017eina \u012ftampos jausm\u0105<\/li>\n<li>Gerina odos strukt\u016br\u0105 ir apsaugin\u0119 funkcij\u0105<\/li>\n<\/ul>\n<p><strong>Sudedamosios dalys (INCI):<\/strong><\/p>\n<p>Vanduo, karbamidas, alavijo lap\u0173 sultys, glicerilo stearatas SE, metilpropandiolis, izopropilo miristatas, kaprilo ir kaprilo trigliceridas, glicerinas, cetilo alkoholis, mentolis, karbomeras, natrio laktatas, Lavandula Hybrida aliejus, Vitis Vinifera s\u0117kl\u0173 ekstraktas, Rosmarinus Officinalis lap\u0173 aliejus, Pinus Mugo lap\u0173 aliejus, Parfum, natrio hidroksidas, etilheksilglicerinas, fenoksietanolis, limonenas, linalolis, kumarinas<\/p>\n","protected":false},"excerpt":{"rendered":"<p>Labai sausai, \u0161iurk\u0161\u010diai ir \u012ftemptai odai.<\/p>\n","protected":false},"featured_media":19874,"comment_status":"closed","ping_status":"closed","template":"","meta":{"inline_featured_image":false,"_monsterinsights_skip_tracking":false,"_monsterinsights_sitenote_active":false,"_monsterinsights_sitenote_note":"","_monsterinsights_sitenote_category":0,"site-sidebar-layout":"default","site-content-layout":"","ast-site-content-layout":"default","site-content-style":"default","site-sidebar-style":"default","ast-global-header-display":"","ast-banner-title-visibility":"","ast-main-header-display":"","ast-hfb-above-header-display":"","ast-hfb-below-header-display":"","ast-hfb-mobile-header-display":"","site-post-title":"","ast-breadcrumbs-content":"","ast-featured-img":"","footer-sml-layout":"","ast-disable-related-posts":"","theme-transparent-header-meta":"default","adv-header-id-meta":"","stick-header-meta":"","header-above-stick-meta":"","header-main-stick-meta":"","header-below-stick-meta":"","astra-migrate-meta-layouts":"default","ast-page-background-enabled":"default","ast-page-background-meta":{"desktop":{"background-color":"","background-image":"","background-repeat":"repeat","background-position":"center center","background-size":"auto","background-attachment":"scroll","background-type":"","background-media":"","overlay-type":"","overlay-color":"","overlay-opacity":"","overlay-gradient":""},"tablet":{"background-color":"","background-image":"","background-repeat":"repeat","background-position":"center center","background-size":"auto","background-attachment":"scroll","background-type":"","background-media":"","overlay-type":"","overlay-color":"","overlay-opacity":"","overlay-gradient":""},"mobile":{"background-color":"","background-image":"","background-repeat":"repeat","background-position":"center center","background-size":"auto","background-attachment":"scroll","background-type":"","background-media":"","overlay-type":"","overlay-color":"","overlay-opacity":"","overlay-gradient":""}},"ast-content-background-meta":{"desktop":{"background-color":"var(--ast-global-color-5)","background-image":"","background-repeat":"repeat","background-position":"center center","background-size":"auto","background-attachment":"scroll","background-type":"","background-media":"","overlay-type":"","overlay-color":"","overlay-opacity":"","overlay-gradient":""},"tablet":{"background-color":"var(--ast-global-color-5)","background-image":"","background-repeat":"repeat","background-position":"center center","background-size":"auto","background-attachment":"scroll","background-type":"","background-media":"","overlay-type":"","overlay-color":"","overlay-opacity":"","overlay-gradient":""},"mobile":{"background-color":"var(--ast-global-color-5)","background-image":"","background-repeat":"repeat","background-position":"center center","background-size":"auto","background-attachment":"scroll","background-type":"","background-media":"","overlay-type":"","overlay-color":"","overlay-opacity":"","overlay-gradient":""}}},"product_brand":[],"product_cat":[1399],"product_tag":[1491,1370,1372,1309,1310,1308],"class_list":{"0":"post-19878","1":"product","2":"type-product","3":"status-publish","4":"has-post-thumbnail","6":"product_cat-caremed-kremu-linija","7":"product_tag-10-karbamido","8":"product_tag-aloe-vera-lt","9":"product_tag-grape-seed-extract-lt","10":"product_tag-lavender-oil-lt","11":"product_tag-mountain-pine-oil-lt","12":"product_tag-rosemary-oil-lt","13":"desktop-align-center","14":"tablet-align-center","15":"mobile-align-center","17":"first","18":"instock","19":"featured","20":"shipping-taxable","21":"purchasable","22":"product-type-simple"},"yoast_head":"<!-- This site is optimized with the Yoast SEO plugin v27.1.1 - https:\/\/yoast.com\/product\/yoast-seo-wordpress\/ -->\n<title>&quot;Urea 10% Extra&quot; P\u0117d\u0173 kremas su \u0161lapalu. Labai sausai, \u0161iurk\u0161\u010diai ir \u012ftemptai odai. - Podology.Shop<\/title>\n<meta name=\"robots\" content=\"index, follow, max-snippet:-1, max-image-preview:large, max-video-preview:-1\" \/>\n<link rel=\"canonical\" href=\"https:\/\/podology.shop\/lt\/produktas\/urea-10-extra-pedu-kremas-su-slapalu-150ml\/\" \/>\n<meta property=\"og:locale\" content=\"lt_LT\" \/>\n<meta property=\"og:type\" content=\"article\" \/>\n<meta property=\"og:title\" content=\"&quot;Urea 10% Extra&quot; P\u0117d\u0173 kremas su \u0161lapalu. Labai sausai, \u0161iurk\u0161\u010diai ir \u012ftemptai odai. - Podology.Shop\" \/>\n<meta property=\"og:description\" content=\"Labai sausai, \u0161iurk\u0161\u010diai ir \u012ftemptai odai.\" \/>\n<meta property=\"og:url\" content=\"https:\/\/podology.shop\/lt\/produktas\/urea-10-extra-pedu-kremas-su-slapalu-150ml\/\" \/>\n<meta property=\"og:site_name\" content=\"Podology.Shop\" \/>\n<meta property=\"article:modified_time\" content=\"2026-04-07T15:30:53+00:00\" \/>\n<meta property=\"og:image\" content=\"https:\/\/podology.shop\/wp-content\/uploads\/2025\/07\/Caremed-Basische-Fusscreme-Urea-10-150ml.jpg\" \/>\n\t<meta property=\"og:image:width\" content=\"800\" \/>\n\t<meta property=\"og:image:height\" content=\"800\" \/>\n\t<meta property=\"og:image:type\" content=\"image\/jpeg\" \/>\n<meta name=\"twitter:card\" content=\"summary_large_image\" \/>\n<meta name=\"twitter:label1\" content=\"Est. reading time\" \/>\n\t<meta name=\"twitter:data1\" content=\"1 minut\u0117\" \/>\n<script type=\"application\/ld+json\" class=\"yoast-schema-graph\">{\"@context\":\"https:\/\/schema.org\",\"@graph\":[{\"@type\":\"WebPage\",\"@id\":\"https:\/\/podology.shop\/lt\/produktas\/urea-10-extra-pedu-kremas-su-slapalu-150ml\/\",\"url\":\"https:\/\/podology.shop\/lt\/produktas\/urea-10-extra-pedu-kremas-su-slapalu-150ml\/\",\"name\":\"\\\"Urea 10% Extra\\\" P\u0117d\u0173 kremas su \u0161lapalu. Labai sausai, \u0161iurk\u0161\u010diai ir \u012ftemptai odai. - Podology.Shop\",\"isPartOf\":{\"@id\":\"https:\/\/podology.shop\/lt\/#website\"},\"primaryImageOfPage\":{\"@id\":\"https:\/\/podology.shop\/lt\/produktas\/urea-10-extra-pedu-kremas-su-slapalu-150ml\/#primaryimage\"},\"image\":{\"@id\":\"https:\/\/podology.shop\/lt\/produktas\/urea-10-extra-pedu-kremas-su-slapalu-150ml\/#primaryimage\"},\"thumbnailUrl\":\"https:\/\/podology.shop\/wp-content\/uploads\/2025\/07\/Caremed-Basische-Fusscreme-Urea-10-150ml.jpg\",\"datePublished\":\"2025-07-13T15:40:05+00:00\",\"dateModified\":\"2026-04-07T15:30:53+00:00\",\"breadcrumb\":{\"@id\":\"https:\/\/podology.shop\/lt\/produktas\/urea-10-extra-pedu-kremas-su-slapalu-150ml\/#breadcrumb\"},\"inLanguage\":\"lt-LT\",\"potentialAction\":[{\"@type\":\"ReadAction\",\"target\":[\"https:\/\/podology.shop\/lt\/produktas\/urea-10-extra-pedu-kremas-su-slapalu-150ml\/\"]}]},{\"@type\":\"ImageObject\",\"inLanguage\":\"lt-LT\",\"@id\":\"https:\/\/podology.shop\/lt\/produktas\/urea-10-extra-pedu-kremas-su-slapalu-150ml\/#primaryimage\",\"url\":\"https:\/\/podology.shop\/wp-content\/uploads\/2025\/07\/Caremed-Basische-Fusscreme-Urea-10-150ml.jpg\",\"contentUrl\":\"https:\/\/podology.shop\/wp-content\/uploads\/2025\/07\/Caremed-Basische-Fusscreme-Urea-10-150ml.jpg\",\"width\":800,\"height\":800,\"caption\":\"Caremed Basische Fusscreme Urea 10% 150ml\"},{\"@type\":\"BreadcrumbList\",\"@id\":\"https:\/\/podology.shop\/lt\/produktas\/urea-10-extra-pedu-kremas-su-slapalu-150ml\/#breadcrumb\",\"itemListElement\":[{\"@type\":\"ListItem\",\"position\":1,\"name\":\"Home\",\"item\":\"https:\/\/podology.shop\/lt\/\"},{\"@type\":\"ListItem\",\"position\":2,\"name\":\"Shop\",\"item\":\"https:\/\/podology.shop\/lt\/\"},{\"@type\":\"ListItem\",\"position\":3,\"name\":\"&#8220;Urea 10% Extra&#8221; P\u0117d\u0173 kremas su \u0161lapalu. Labai sausai, \u0161iurk\u0161\u010diai ir \u012ftemptai odai.\"}]},{\"@type\":\"WebSite\",\"@id\":\"https:\/\/podology.shop\/lt\/#website\",\"url\":\"https:\/\/podology.shop\/lt\/\",\"name\":\"Podology.Shop\",\"description\":\"Podology.Shop\",\"publisher\":{\"@id\":\"https:\/\/podology.shop\/lt\/#organization\"},\"potentialAction\":[{\"@type\":\"SearchAction\",\"target\":{\"@type\":\"EntryPoint\",\"urlTemplate\":\"https:\/\/podology.shop\/lt\/?s={search_term_string}\"},\"query-input\":{\"@type\":\"PropertyValueSpecification\",\"valueRequired\":true,\"valueName\":\"search_term_string\"}}],\"inLanguage\":\"lt-LT\"},{\"@type\":\"Organization\",\"@id\":\"https:\/\/podology.shop\/lt\/#organization\",\"name\":\"Podology.shop\",\"url\":\"https:\/\/podology.shop\/lt\/\",\"logo\":{\"@type\":\"ImageObject\",\"inLanguage\":\"lt-LT\",\"@id\":\"https:\/\/podology.shop\/lt\/#\/schema\/logo\/image\/\",\"url\":\"https:\/\/podology.shop\/wp-content\/uploads\/2020\/11\/125361778_1762772693887349_9190250941118524915_n-scaled.jpg\",\"contentUrl\":\"https:\/\/podology.shop\/wp-content\/uploads\/2020\/11\/125361778_1762772693887349_9190250941118524915_n-scaled.jpg\",\"width\":2560,\"height\":878,\"caption\":\"Podology.shop\"},\"image\":{\"@id\":\"https:\/\/podology.shop\/lt\/#\/schema\/logo\/image\/\"}}]}<\/script>\n<!-- \/ Yoast SEO plugin. -->","yoast_head_json":{"title":"\"Urea 10% Extra\" P\u0117d\u0173 kremas su \u0161lapalu. Labai sausai, \u0161iurk\u0161\u010diai ir \u012ftemptai odai. - Podology.Shop","robots":{"index":"index","follow":"follow","max-snippet":"max-snippet:-1","max-image-preview":"max-image-preview:large","max-video-preview":"max-video-preview:-1"},"canonical":"https:\/\/podology.shop\/lt\/produktas\/urea-10-extra-pedu-kremas-su-slapalu-150ml\/","og_locale":"lt_LT","og_type":"article","og_title":"\"Urea 10% Extra\" P\u0117d\u0173 kremas su \u0161lapalu. Labai sausai, \u0161iurk\u0161\u010diai ir \u012ftemptai odai. - Podology.Shop","og_description":"Labai sausai, \u0161iurk\u0161\u010diai ir \u012ftemptai odai.","og_url":"https:\/\/podology.shop\/lt\/produktas\/urea-10-extra-pedu-kremas-su-slapalu-150ml\/","og_site_name":"Podology.Shop","article_modified_time":"2026-04-07T15:30:53+00:00","og_image":[{"width":800,"height":800,"url":"https:\/\/podology.shop\/wp-content\/uploads\/2025\/07\/Caremed-Basische-Fusscreme-Urea-10-150ml.jpg","type":"image\/jpeg"}],"twitter_card":"summary_large_image","twitter_misc":{"Est. reading time":"1 minut\u0117"},"schema":{"@context":"https:\/\/schema.org","@graph":[{"@type":"WebPage","@id":"https:\/\/podology.shop\/lt\/produktas\/urea-10-extra-pedu-kremas-su-slapalu-150ml\/","url":"https:\/\/podology.shop\/lt\/produktas\/urea-10-extra-pedu-kremas-su-slapalu-150ml\/","name":"\"Urea 10% Extra\" P\u0117d\u0173 kremas su \u0161lapalu. Labai sausai, \u0161iurk\u0161\u010diai ir \u012ftemptai odai. - Podology.Shop","isPartOf":{"@id":"https:\/\/podology.shop\/lt\/#website"},"primaryImageOfPage":{"@id":"https:\/\/podology.shop\/lt\/produktas\/urea-10-extra-pedu-kremas-su-slapalu-150ml\/#primaryimage"},"image":{"@id":"https:\/\/podology.shop\/lt\/produktas\/urea-10-extra-pedu-kremas-su-slapalu-150ml\/#primaryimage"},"thumbnailUrl":"https:\/\/podology.shop\/wp-content\/uploads\/2025\/07\/Caremed-Basische-Fusscreme-Urea-10-150ml.jpg","datePublished":"2025-07-13T15:40:05+00:00","dateModified":"2026-04-07T15:30:53+00:00","breadcrumb":{"@id":"https:\/\/podology.shop\/lt\/produktas\/urea-10-extra-pedu-kremas-su-slapalu-150ml\/#breadcrumb"},"inLanguage":"lt-LT","potentialAction":[{"@type":"ReadAction","target":["https:\/\/podology.shop\/lt\/produktas\/urea-10-extra-pedu-kremas-su-slapalu-150ml\/"]}]},{"@type":"ImageObject","inLanguage":"lt-LT","@id":"https:\/\/podology.shop\/lt\/produktas\/urea-10-extra-pedu-kremas-su-slapalu-150ml\/#primaryimage","url":"https:\/\/podology.shop\/wp-content\/uploads\/2025\/07\/Caremed-Basische-Fusscreme-Urea-10-150ml.jpg","contentUrl":"https:\/\/podology.shop\/wp-content\/uploads\/2025\/07\/Caremed-Basische-Fusscreme-Urea-10-150ml.jpg","width":800,"height":800,"caption":"Caremed Basische Fusscreme Urea 10% 150ml"},{"@type":"BreadcrumbList","@id":"https:\/\/podology.shop\/lt\/produktas\/urea-10-extra-pedu-kremas-su-slapalu-150ml\/#breadcrumb","itemListElement":[{"@type":"ListItem","position":1,"name":"Home","item":"https:\/\/podology.shop\/lt\/"},{"@type":"ListItem","position":2,"name":"Shop","item":"https:\/\/podology.shop\/lt\/"},{"@type":"ListItem","position":3,"name":"&#8220;Urea 10% Extra&#8221; P\u0117d\u0173 kremas su \u0161lapalu. Labai sausai, \u0161iurk\u0161\u010diai ir \u012ftemptai odai."}]},{"@type":"WebSite","@id":"https:\/\/podology.shop\/lt\/#website","url":"https:\/\/podology.shop\/lt\/","name":"Podology.Shop","description":"Podology.Shop","publisher":{"@id":"https:\/\/podology.shop\/lt\/#organization"},"potentialAction":[{"@type":"SearchAction","target":{"@type":"EntryPoint","urlTemplate":"https:\/\/podology.shop\/lt\/?s={search_term_string}"},"query-input":{"@type":"PropertyValueSpecification","valueRequired":true,"valueName":"search_term_string"}}],"inLanguage":"lt-LT"},{"@type":"Organization","@id":"https:\/\/podology.shop\/lt\/#organization","name":"Podology.shop","url":"https:\/\/podology.shop\/lt\/","logo":{"@type":"ImageObject","inLanguage":"lt-LT","@id":"https:\/\/podology.shop\/lt\/#\/schema\/logo\/image\/","url":"https:\/\/podology.shop\/wp-content\/uploads\/2020\/11\/125361778_1762772693887349_9190250941118524915_n-scaled.jpg","contentUrl":"https:\/\/podology.shop\/wp-content\/uploads\/2020\/11\/125361778_1762772693887349_9190250941118524915_n-scaled.jpg","width":2560,"height":878,"caption":"Podology.shop"},"image":{"@id":"https:\/\/podology.shop\/lt\/#\/schema\/logo\/image\/"}}]}},"_links":{"self":[{"href":"https:\/\/podology.shop\/lt\/wp-json\/wp\/v2\/product\/19878","targetHints":{"allow":["GET"]}}],"collection":[{"href":"https:\/\/podology.shop\/lt\/wp-json\/wp\/v2\/product"}],"about":[{"href":"https:\/\/podology.shop\/lt\/wp-json\/wp\/v2\/types\/product"}],"replies":[{"embeddable":true,"href":"https:\/\/podology.shop\/lt\/wp-json\/wp\/v2\/comments?post=19878"}],"wp:featuredmedia":[{"embeddable":true,"href":"https:\/\/podology.shop\/lt\/wp-json\/wp\/v2\/media\/19874"}],"wp:attachment":[{"href":"https:\/\/podology.shop\/lt\/wp-json\/wp\/v2\/media?parent=19878"}],"wp:term":[{"taxonomy":"product_brand","embeddable":true,"href":"https:\/\/podology.shop\/lt\/wp-json\/wp\/v2\/product_brand?post=19878"},{"taxonomy":"product_cat","embeddable":true,"href":"https:\/\/podology.shop\/lt\/wp-json\/wp\/v2\/product_cat?post=19878"},{"taxonomy":"product_tag","embeddable":true,"href":"https:\/\/podology.shop\/lt\/wp-json\/wp\/v2\/product_tag?post=19878"}],"curies":[{"name":"wp","href":"https:\/\/api.w.org\/{rel}","templated":true}]}}