{"id":19974,"date":"2025-10-14T19:35:40","date_gmt":"2025-10-14T16:35:40","guid":{"rendered":"https:\/\/podology.shop\/product\/kaledinis-rinkinys-caremed\/"},"modified":"2025-12-07T01:37:16","modified_gmt":"2025-12-06T22:37:16","slug":"kaledinis-rinkinys-caremed","status":"publish","type":"product","link":"https:\/\/podology.shop\/lt\/produktas\/kaledinis-rinkinys-caremed\/","title":{"rendered":"Kal\u0117dinis rinkinys Caremed"},"content":{"rendered":"<h3 data-start=\"102\" data-end=\"161\"><strong data-start=\"106\" data-end=\"161\">P\u0117d\u0173 balzamas su granatu ir argano aliejumi (50 ml)<\/strong><\/h3>\n<p data-start=\"163\" data-end=\"504\">Regeneruojantis p\u0117d\u0173 kremas i\u0161 <strong data-start=\"194\" data-end=\"205\">CareMed<\/strong> praturtintas vertingais ingredientais: granat\u0173 s\u0117kl\u0173 ekstraktu, argano aliejumi, taukmed\u017eio sviestu, \u017eali\u0105ja arbata, pantenoliu, vitaminu B3 ir vitaminu E. Jis maitina, dr\u0117kina ir saugo p\u0117d\u0173 od\u0105 nuo \u017ealingo aplinkos poveikio. \u0160velnus, lengvas aromatas sukuria visapusi\u0161k\u0105 gerov\u0117s ir jaukumo jausm\u0105.<\/p>\n<p data-start=\"506\" data-end=\"530\"><strong data-start=\"506\" data-end=\"530\">Pagrindin\u0117s savyb\u0117s:<\/strong><\/p>\n<ul data-start=\"531\" data-end=\"722\">\n<li data-start=\"531\" data-end=\"608\">\n<p data-start=\"533\" data-end=\"608\">Apsauga nuo aplinkos \u017ealingo poveikio d\u0117l antioksidant\u0173 turting\u0173 med\u017eiag\u0173<\/p>\n<\/li>\n<li data-start=\"609\" data-end=\"674\">\n<p data-start=\"611\" data-end=\"674\">Praturtintas auk\u0161tos kokyb\u0117s od\u0105 puosel\u0117jan\u010diais komponentais<\/p>\n<\/li>\n<li data-start=\"675\" data-end=\"690\">\n<p data-start=\"677\" data-end=\"690\">Dr\u0117kinantis<\/p>\n<\/li>\n<li data-start=\"691\" data-end=\"703\">\n<p data-start=\"693\" data-end=\"703\">Neriebus<\/p>\n<\/li>\n<li data-start=\"704\" data-end=\"722\">\n<p data-start=\"706\" data-end=\"722\">Malonaus kvapo<\/p>\n<\/li>\n<\/ul>\n<p data-start=\"724\" data-end=\"809\"><strong data-start=\"724\" data-end=\"752\">Svarbiausi ingredientai:<\/strong><br data-start=\"752\" data-end=\"755\">Granatas, argano aliejus, pantenolis, \u017ealioji arbata<\/p>\n<hr data-start=\"811\" data-end=\"814\">\n<h3 data-start=\"816\" data-end=\"861\"><strong data-start=\"820\" data-end=\"861\">Gelis p\u0117d\u0173 vonelei su apelsinu ekstrakt\u0173 (75 ml)<\/strong><\/h3>\n<p data-start=\"863\" data-end=\"1291\">Unikali gaivos banga laukia su <strong data-start=\"894\" data-end=\"932\">CareMed apelsin\u0173 p\u0117d\u0173 vonios geliu<\/strong>. Sald\u017ei\u0173, \u0161vie\u017ei\u0173 apelsin\u0173 kvapas akimirksniu nukelia \u012f maloni\u0105 poilsio akimirk\u0105, kurioje galite atsipalaiduoti ir pasikrauti naujos energijos. Auk\u0161tos kokyb\u0117s ingredient\u0173 derinys ne tik apsaugo od\u0105 nuo i\u0161saus\u0117jimo, bet ir suteikia p\u0117doms r\u016bpesting\u0105 prie\u017ei\u016br\u0105, kurios jos nusipelno. Kiekviena vonia \u2013 tai tarsi vasari\u0161kas SPA potyris, kur\u012f norisi prisiminti.<\/p>\n<h4>Sud\u0117tis (INCI)<\/h4>\n<p>Fu\u00dfbalsam mit Granatapfel&nbsp;&amp; Argan\u00f6l: Aqua, Glyceryl Stearate SE, Methylpropanediol, Glycerin, Butyrospermum Parkii Butter, Cetearyl Alcohol, Caprylic\/Capric Triglyceride, Isopropyl Myristate, Punica Granatum Seed Extract, Camellia Sinensis Leaf Extract, Argania Spinosa Kernel Oil, Rosmarinus Officinalis Leaf Extract, Panthenol, Tocopheryl Acetate, Niacinamide, Disodium EDTA, Propylene Glycol, Carbomer, Ethylhexylglycerin, Dimethicone, Parfum, Citric Acid, Phenoxyethanol, Sodium Hydroxide, CI 16255 <\/p>\n<p>Fu\u00dfbadegel orange: Aqua, Sodium Laureth Sulfate, Cocamidopropyl Betaine, Sodium Chloride, Glycerin, Parfum, Citric Acid, Limonene, Linalool, Benzyl Alcohol, Citral, Sodium Sulfate, CI 16035, CI 19140<\/p>\n<p data-start=\"863\" data-end=\"1291\"><br data-mce-bogus=\"1\"><\/p>\n","protected":false},"excerpt":{"rendered":"<article class=\"text-token-text-primary w-full focus:outline-none [--shadow-height:45px] has-data-writing-block:pointer-events-none has-data-writing-block:-mt-(--shadow-height) has-data-writing-block:pt-(--shadow-height) [&amp;:has([data-writing-block])&gt;*]:pointer-events-auto [content-visibility:auto] supports-[content-visibility:auto]:[contain-intrinsic-size:auto_100lvh] scroll-mt-[calc(var(--header-height)+min(200px,max(70px,20svh)))]\" dir=\"auto\" data-turn-id=\"request-WEB:07263108-3255-407d-8429-5ecfbc758a2d-4\" data-testid=\"conversation-turn-10\" data-scroll-anchor=\"true\" data-turn=\"assistant\" data-mce-tabindex=\"-1\">\n<div class=\"text-base my-auto mx-auto pb-10 [--thread-content-margin:--spacing(4)] thread-sm:[--thread-content-margin:--spacing(6)] thread-lg:[--thread-content-margin:--spacing(16)] px-(--thread-content-margin)\">\n<div class=\"[--thread-content-max-width:40rem] thread-lg:[--thread-content-max-width:48rem] mx-auto max-w-(--thread-content-max-width) flex-1 group\/turn-messages focus-visible:outline-hidden relative flex w-full min-w-0 flex-col agent-turn\" data-mce-tabindex=\"-1\">\n<div class=\"flex max-w-full flex-col grow\">\n<div class=\"min-h-8 text-message relative flex w-full flex-col items-end gap-2 text-start break-words whitespace-normal [.text-message+&amp;]:mt-1\" dir=\"auto\" data-message-author-role=\"assistant\" data-message-id=\"f1c2f375-4085-488d-b4aa-a327d3440e72\" data-message-model-slug=\"gpt-4o\">\n<div class=\"flex w-full flex-col gap-1 empty:hidden first:pt-[1px]\">\n<div class=\"markdown prose dark:prose-invert w-full break-words dark markdown-new-styling\">\n<p data-start=\"0\" data-end=\"68\" data-is-last-node=\"\" data-is-only-node=\"\">M\u016bs\u0173 riboto leidimo specialus rinkinys 2025 met\u0173 \u0161ventiniam sezonui.<\/p>\n<\/div>\n<\/div>\n<\/div>\n<\/div>\n<div class=\"z-0 flex min-h-[46px] justify-start\"><\/div>\n<div class=\"mt-3 w-full empty:hidden\">\n<div class=\"text-center\"><\/div>\n<\/div>\n<\/div>\n<\/div>\n<\/article>\n<div class=\"pointer-events-none h-px w-px\" aria-hidden=\"true\" data-edge=\"true\"><\/div>\n","protected":false},"featured_media":19971,"comment_status":"closed","ping_status":"closed","template":"","meta":{"inline_featured_image":false,"_monsterinsights_skip_tracking":false,"_monsterinsights_sitenote_active":false,"_monsterinsights_sitenote_note":"","_monsterinsights_sitenote_category":0,"site-sidebar-layout":"default","site-content-layout":"","ast-site-content-layout":"default","site-content-style":"default","site-sidebar-style":"default","ast-global-header-display":"","ast-banner-title-visibility":"","ast-main-header-display":"","ast-hfb-above-header-display":"","ast-hfb-below-header-display":"","ast-hfb-mobile-header-display":"","site-post-title":"","ast-breadcrumbs-content":"","ast-featured-img":"","footer-sml-layout":"","ast-disable-related-posts":"","theme-transparent-header-meta":"default","adv-header-id-meta":"","stick-header-meta":"","header-above-stick-meta":"","header-main-stick-meta":"","header-below-stick-meta":"","astra-migrate-meta-layouts":"default","ast-page-background-enabled":"default","ast-page-background-meta":{"desktop":{"background-color":"","background-image":"","background-repeat":"repeat","background-position":"center center","background-size":"auto","background-attachment":"scroll","background-type":"","background-media":"","overlay-type":"","overlay-color":"","overlay-opacity":"","overlay-gradient":""},"tablet":{"background-color":"","background-image":"","background-repeat":"repeat","background-position":"center center","background-size":"auto","background-attachment":"scroll","background-type":"","background-media":"","overlay-type":"","overlay-color":"","overlay-opacity":"","overlay-gradient":""},"mobile":{"background-color":"","background-image":"","background-repeat":"repeat","background-position":"center center","background-size":"auto","background-attachment":"scroll","background-type":"","background-media":"","overlay-type":"","overlay-color":"","overlay-opacity":"","overlay-gradient":""}},"ast-content-background-meta":{"desktop":{"background-color":"var(--ast-global-color-5)","background-image":"","background-repeat":"repeat","background-position":"center center","background-size":"auto","background-attachment":"scroll","background-type":"","background-media":"","overlay-type":"","overlay-color":"","overlay-opacity":"","overlay-gradient":""},"tablet":{"background-color":"var(--ast-global-color-5)","background-image":"","background-repeat":"repeat","background-position":"center center","background-size":"auto","background-attachment":"scroll","background-type":"","background-media":"","overlay-type":"","overlay-color":"","overlay-opacity":"","overlay-gradient":""},"mobile":{"background-color":"var(--ast-global-color-5)","background-image":"","background-repeat":"repeat","background-position":"center center","background-size":"auto","background-attachment":"scroll","background-type":"","background-media":"","overlay-type":"","overlay-color":"","overlay-opacity":"","overlay-gradient":""}}},"product_brand":[],"product_cat":[1399],"product_tag":[],"class_list":{"0":"post-19974","1":"product","2":"type-product","3":"status-publish","4":"has-post-thumbnail","6":"product_cat-caremed-kremu-linija","7":"desktop-align-center","8":"tablet-align-center","9":"mobile-align-center","11":"first","12":"instock","13":"shipping-taxable","14":"purchasable","15":"product-type-simple"},"yoast_head":"<!-- This site is optimized with the Yoast SEO plugin v27.4 - https:\/\/yoast.com\/product\/yoast-seo-wordpress\/ -->\n<title>Kal\u0117dinis rinkinys Caremed - Podology.Shop<\/title>\n<meta name=\"robots\" content=\"index, follow, max-snippet:-1, max-image-preview:large, max-video-preview:-1\" \/>\n<link rel=\"canonical\" href=\"https:\/\/podology.shop\/lt\/produktas\/kaledinis-rinkinys-caremed\/\" \/>\n<meta property=\"og:locale\" content=\"lt_LT\" \/>\n<meta property=\"og:type\" content=\"article\" \/>\n<meta property=\"og:title\" content=\"Kal\u0117dinis rinkinys Caremed - Podology.Shop\" \/>\n<meta property=\"og:description\" content=\"M\u016bs\u0173 riboto leidimo specialus rinkinys 2025 met\u0173 \u0161ventiniam sezonui.\" \/>\n<meta property=\"og:url\" content=\"https:\/\/podology.shop\/lt\/produktas\/kaledinis-rinkinys-caremed\/\" \/>\n<meta property=\"og:site_name\" content=\"Podology.Shop\" \/>\n<meta property=\"article:modified_time\" content=\"2025-12-06T22:37:16+00:00\" \/>\n<meta property=\"og:image\" content=\"https:\/\/podology.shop\/wp-content\/uploads\/2025\/10\/Christmasset-2025-Caremed.jpg\" \/>\n\t<meta property=\"og:image:width\" content=\"1920\" \/>\n\t<meta property=\"og:image:height\" content=\"1920\" \/>\n\t<meta property=\"og:image:type\" content=\"image\/jpeg\" \/>\n<meta name=\"twitter:card\" content=\"summary_large_image\" \/>\n<meta name=\"twitter:label1\" content=\"Est. reading time\" \/>\n\t<meta name=\"twitter:data1\" content=\"1 minut\u0117\" \/>\n<script type=\"application\/ld+json\" class=\"yoast-schema-graph\">{\"@context\":\"https:\\\/\\\/schema.org\",\"@graph\":[{\"@type\":\"WebPage\",\"@id\":\"https:\\\/\\\/podology.shop\\\/lt\\\/produktas\\\/kaledinis-rinkinys-caremed\\\/\",\"url\":\"https:\\\/\\\/podology.shop\\\/lt\\\/produktas\\\/kaledinis-rinkinys-caremed\\\/\",\"name\":\"Kal\u0117dinis rinkinys Caremed - Podology.Shop\",\"isPartOf\":{\"@id\":\"https:\\\/\\\/podology.shop\\\/lt\\\/#website\"},\"primaryImageOfPage\":{\"@id\":\"https:\\\/\\\/podology.shop\\\/lt\\\/produktas\\\/kaledinis-rinkinys-caremed\\\/#primaryimage\"},\"image\":{\"@id\":\"https:\\\/\\\/podology.shop\\\/lt\\\/produktas\\\/kaledinis-rinkinys-caremed\\\/#primaryimage\"},\"thumbnailUrl\":\"https:\\\/\\\/podology.shop\\\/wp-content\\\/uploads\\\/2025\\\/10\\\/Christmasset-2025-Caremed.jpg\",\"datePublished\":\"2025-10-14T16:35:40+00:00\",\"dateModified\":\"2025-12-06T22:37:16+00:00\",\"breadcrumb\":{\"@id\":\"https:\\\/\\\/podology.shop\\\/lt\\\/produktas\\\/kaledinis-rinkinys-caremed\\\/#breadcrumb\"},\"inLanguage\":\"lt-LT\",\"potentialAction\":[{\"@type\":\"ReadAction\",\"target\":[\"https:\\\/\\\/podology.shop\\\/lt\\\/produktas\\\/kaledinis-rinkinys-caremed\\\/\"]}]},{\"@type\":\"ImageObject\",\"inLanguage\":\"lt-LT\",\"@id\":\"https:\\\/\\\/podology.shop\\\/lt\\\/produktas\\\/kaledinis-rinkinys-caremed\\\/#primaryimage\",\"url\":\"https:\\\/\\\/podology.shop\\\/wp-content\\\/uploads\\\/2025\\\/10\\\/Christmasset-2025-Caremed.jpg\",\"contentUrl\":\"https:\\\/\\\/podology.shop\\\/wp-content\\\/uploads\\\/2025\\\/10\\\/Christmasset-2025-Caremed.jpg\",\"width\":1920,\"height\":1920,\"caption\":\"Kal\u0117dinis rinkinukas\"},{\"@type\":\"BreadcrumbList\",\"@id\":\"https:\\\/\\\/podology.shop\\\/lt\\\/produktas\\\/kaledinis-rinkinys-caremed\\\/#breadcrumb\",\"itemListElement\":[{\"@type\":\"ListItem\",\"position\":1,\"name\":\"Home\",\"item\":\"https:\\\/\\\/podology.shop\\\/lt\\\/\"},{\"@type\":\"ListItem\",\"position\":2,\"name\":\"Shop\",\"item\":\"https:\\\/\\\/podology.shop\\\/lt\\\/\"},{\"@type\":\"ListItem\",\"position\":3,\"name\":\"Kal\u0117dinis rinkinys Caremed\"}]},{\"@type\":\"WebSite\",\"@id\":\"https:\\\/\\\/podology.shop\\\/lt\\\/#website\",\"url\":\"https:\\\/\\\/podology.shop\\\/lt\\\/\",\"name\":\"Podology.Shop\",\"description\":\"Podology.Shop\",\"publisher\":{\"@id\":\"https:\\\/\\\/podology.shop\\\/lt\\\/#organization\"},\"potentialAction\":[{\"@type\":\"SearchAction\",\"target\":{\"@type\":\"EntryPoint\",\"urlTemplate\":\"https:\\\/\\\/podology.shop\\\/lt\\\/?s={search_term_string}\"},\"query-input\":{\"@type\":\"PropertyValueSpecification\",\"valueRequired\":true,\"valueName\":\"search_term_string\"}}],\"inLanguage\":\"lt-LT\"},{\"@type\":\"Organization\",\"@id\":\"https:\\\/\\\/podology.shop\\\/lt\\\/#organization\",\"name\":\"Podology.shop\",\"url\":\"https:\\\/\\\/podology.shop\\\/lt\\\/\",\"logo\":{\"@type\":\"ImageObject\",\"inLanguage\":\"lt-LT\",\"@id\":\"https:\\\/\\\/podology.shop\\\/lt\\\/#\\\/schema\\\/logo\\\/image\\\/\",\"url\":\"https:\\\/\\\/podology.shop\\\/wp-content\\\/uploads\\\/2020\\\/11\\\/125361778_1762772693887349_9190250941118524915_n-scaled.jpg\",\"contentUrl\":\"https:\\\/\\\/podology.shop\\\/wp-content\\\/uploads\\\/2020\\\/11\\\/125361778_1762772693887349_9190250941118524915_n-scaled.jpg\",\"width\":2560,\"height\":878,\"caption\":\"Podology.shop\"},\"image\":{\"@id\":\"https:\\\/\\\/podology.shop\\\/lt\\\/#\\\/schema\\\/logo\\\/image\\\/\"}}]}<\/script>\n<!-- \/ Yoast SEO plugin. -->","yoast_head_json":{"title":"Kal\u0117dinis rinkinys Caremed - Podology.Shop","robots":{"index":"index","follow":"follow","max-snippet":"max-snippet:-1","max-image-preview":"max-image-preview:large","max-video-preview":"max-video-preview:-1"},"canonical":"https:\/\/podology.shop\/lt\/produktas\/kaledinis-rinkinys-caremed\/","og_locale":"lt_LT","og_type":"article","og_title":"Kal\u0117dinis rinkinys Caremed - Podology.Shop","og_description":"M\u016bs\u0173 riboto leidimo specialus rinkinys 2025 met\u0173 \u0161ventiniam sezonui.","og_url":"https:\/\/podology.shop\/lt\/produktas\/kaledinis-rinkinys-caremed\/","og_site_name":"Podology.Shop","article_modified_time":"2025-12-06T22:37:16+00:00","og_image":[{"width":1920,"height":1920,"url":"https:\/\/podology.shop\/wp-content\/uploads\/2025\/10\/Christmasset-2025-Caremed.jpg","type":"image\/jpeg"}],"twitter_card":"summary_large_image","twitter_misc":{"Est. reading time":"1 minut\u0117"},"schema":{"@context":"https:\/\/schema.org","@graph":[{"@type":"WebPage","@id":"https:\/\/podology.shop\/lt\/produktas\/kaledinis-rinkinys-caremed\/","url":"https:\/\/podology.shop\/lt\/produktas\/kaledinis-rinkinys-caremed\/","name":"Kal\u0117dinis rinkinys Caremed - Podology.Shop","isPartOf":{"@id":"https:\/\/podology.shop\/lt\/#website"},"primaryImageOfPage":{"@id":"https:\/\/podology.shop\/lt\/produktas\/kaledinis-rinkinys-caremed\/#primaryimage"},"image":{"@id":"https:\/\/podology.shop\/lt\/produktas\/kaledinis-rinkinys-caremed\/#primaryimage"},"thumbnailUrl":"https:\/\/podology.shop\/wp-content\/uploads\/2025\/10\/Christmasset-2025-Caremed.jpg","datePublished":"2025-10-14T16:35:40+00:00","dateModified":"2025-12-06T22:37:16+00:00","breadcrumb":{"@id":"https:\/\/podology.shop\/lt\/produktas\/kaledinis-rinkinys-caremed\/#breadcrumb"},"inLanguage":"lt-LT","potentialAction":[{"@type":"ReadAction","target":["https:\/\/podology.shop\/lt\/produktas\/kaledinis-rinkinys-caremed\/"]}]},{"@type":"ImageObject","inLanguage":"lt-LT","@id":"https:\/\/podology.shop\/lt\/produktas\/kaledinis-rinkinys-caremed\/#primaryimage","url":"https:\/\/podology.shop\/wp-content\/uploads\/2025\/10\/Christmasset-2025-Caremed.jpg","contentUrl":"https:\/\/podology.shop\/wp-content\/uploads\/2025\/10\/Christmasset-2025-Caremed.jpg","width":1920,"height":1920,"caption":"Kal\u0117dinis rinkinukas"},{"@type":"BreadcrumbList","@id":"https:\/\/podology.shop\/lt\/produktas\/kaledinis-rinkinys-caremed\/#breadcrumb","itemListElement":[{"@type":"ListItem","position":1,"name":"Home","item":"https:\/\/podology.shop\/lt\/"},{"@type":"ListItem","position":2,"name":"Shop","item":"https:\/\/podology.shop\/lt\/"},{"@type":"ListItem","position":3,"name":"Kal\u0117dinis rinkinys Caremed"}]},{"@type":"WebSite","@id":"https:\/\/podology.shop\/lt\/#website","url":"https:\/\/podology.shop\/lt\/","name":"Podology.Shop","description":"Podology.Shop","publisher":{"@id":"https:\/\/podology.shop\/lt\/#organization"},"potentialAction":[{"@type":"SearchAction","target":{"@type":"EntryPoint","urlTemplate":"https:\/\/podology.shop\/lt\/?s={search_term_string}"},"query-input":{"@type":"PropertyValueSpecification","valueRequired":true,"valueName":"search_term_string"}}],"inLanguage":"lt-LT"},{"@type":"Organization","@id":"https:\/\/podology.shop\/lt\/#organization","name":"Podology.shop","url":"https:\/\/podology.shop\/lt\/","logo":{"@type":"ImageObject","inLanguage":"lt-LT","@id":"https:\/\/podology.shop\/lt\/#\/schema\/logo\/image\/","url":"https:\/\/podology.shop\/wp-content\/uploads\/2020\/11\/125361778_1762772693887349_9190250941118524915_n-scaled.jpg","contentUrl":"https:\/\/podology.shop\/wp-content\/uploads\/2020\/11\/125361778_1762772693887349_9190250941118524915_n-scaled.jpg","width":2560,"height":878,"caption":"Podology.shop"},"image":{"@id":"https:\/\/podology.shop\/lt\/#\/schema\/logo\/image\/"}}]}},"_links":{"self":[{"href":"https:\/\/podology.shop\/lt\/wp-json\/wp\/v2\/product\/19974","targetHints":{"allow":["GET"]}}],"collection":[{"href":"https:\/\/podology.shop\/lt\/wp-json\/wp\/v2\/product"}],"about":[{"href":"https:\/\/podology.shop\/lt\/wp-json\/wp\/v2\/types\/product"}],"replies":[{"embeddable":true,"href":"https:\/\/podology.shop\/lt\/wp-json\/wp\/v2\/comments?post=19974"}],"wp:featuredmedia":[{"embeddable":true,"href":"https:\/\/podology.shop\/lt\/wp-json\/wp\/v2\/media\/19971"}],"wp:attachment":[{"href":"https:\/\/podology.shop\/lt\/wp-json\/wp\/v2\/media?parent=19974"}],"wp:term":[{"taxonomy":"product_brand","embeddable":true,"href":"https:\/\/podology.shop\/lt\/wp-json\/wp\/v2\/product_brand?post=19974"},{"taxonomy":"product_cat","embeddable":true,"href":"https:\/\/podology.shop\/lt\/wp-json\/wp\/v2\/product_cat?post=19974"},{"taxonomy":"product_tag","embeddable":true,"href":"https:\/\/podology.shop\/lt\/wp-json\/wp\/v2\/product_tag?post=19974"}],"curies":[{"name":"wp","href":"https:\/\/api.w.org\/{rel}","templated":true}]}}