{"id":20217,"date":"2026-04-21T20:46:32","date_gmt":"2026-04-21T17:46:32","guid":{"rendered":"https:\/\/podology.shop\/?post_type=product&#038;p=20217"},"modified":"2026-04-21T20:58:30","modified_gmt":"2026-04-21T17:58:30","slug":"smart-electric-shoe-dryer-with-timer-function","status":"publish","type":"product","link":"https:\/\/podology.shop\/lt\/produktas\/smart-electric-shoe-dryer-with-timer-function\/","title":{"rendered":"I\u0161manioji elektrin\u0117 bat\u0173 d\u017eiovykl\u0117 su laikma\u010dio funkcija"},"content":{"rendered":"<p><span style=\"font-weight: 400;\">Kompakti\u0161ka ir efektyvi elektrin\u0117 bat\u0173 d\u017eiovykl\u0117, skirta greitam avalyn\u0117s d\u017eiovinimui, nemalonaus kvapo ma\u017einimui ir geresnei bat\u0173 higienai palaikyti. Prietaisas padeda pa\u0161alinti bat\u0173 viduje susikaupusi\u0105 dr\u0117gm\u0119, palaiko \u0161ilt\u0105 ir saus\u0105 aplink\u0105.<br \/> <\/span><span style=\"font-weight: 400;\"><br \/>\n<\/span><span style=\"font-weight: 400;\"> D\u0117l tolygaus \u0161ilumos paskirstymo avalyn\u0117 d\u017eiovinama efektyviai ir tolygiai, o kompakti\u0161kas dizainas leid\u017eia prietais\u0105 patogiai naudoti namuose, darbe, po sporto ar kelion\u0117se. Puikiai tinka pir\u0161tini\u0173 d\u017eiovinimui.<br \/> <\/span><\/p>\n<p><b>Privalumai<\/b><\/p>\n<p><b>Pastovios temperat\u016bros palaikymas<\/b><b><br \/>\n<\/b> Bat\u0173 d\u017eiovykl\u0117je naudojama PTC keraminio kaitinimo technologija,<span style=\"font-weight: 400;\">kuri u\u017etikrina greit\u0105, stabil\u0173 ir tolyg\u0173 \u0161ildym\u0105. Veikimo metu pavir\u0161iaus temperat\u016bra palaikoma ma\u017edaug  <\/span>50\u201360 \u00b0C, tod\u0117l avalyn\u0117 d\u017eiovinama efektyviai ir saugiau, tinka \u012fvairioms med\u017eiagoms.<\/p>\n<p><b>Dezodoravimo funkcija<\/b><b><br \/>\n<\/b><span style=\"font-weight: 400;\"> Padeda suma\u017einti nemalon\u0173 kvap\u0105, pa\u0161alina grybelius ir bakterijas<\/span><\/p>\n<p><b>Tolygus \u0161ilumos paskirstymas<\/b><b><br \/>\n<\/b><span style=\"font-weight: 400;\"> Per vis\u0105 korpus\u0105 i\u0161d\u0117stytos ventiliacin\u0117s angos u\u017etikrina platesn\u0119 ir tolygesn\u0119 \u0161ilumos sklaid\u0105.<br \/><\/span><\/p>\n<p><b>Laikma\u010dio funkcija<\/b><b><br \/>\n<\/b> Galimi 4 \/ 8 \/ 12 valand\u0173 veikimo re\u017eimai su automatiniu i\u0161sijungimu.<\/p>\n<p><b>Kar\u0161\u010diui atsparios med\u017eiagosHeat-Resistant Materials<\/b><b><br \/>\n<\/b><span style=\"font-weight: 400;\"> Korpusas pagamintas i\u0161 patvari\u0173, kar\u0161\u010diui atspari\u0173 ir sunkiai u\u017esiliepsnojan\u010di\u0173 med\u017eiag\u0173.<br \/><\/span><\/p>\n<p><b>Kompakti\u0161kas dizainas<\/b><b><br \/>\n<\/b><span style=\"font-weight: 400;\"> Lengvas, patogus ir neu\u017eimantis daug vietos \u2013 idealiai tinka kasdieniam naudojimui ir kelion\u0117ms.<\/span><\/p>\n<p><b>Tinka \u012fvairiai avalynei ir pir\u0161tin\u0117ms<\/b><\/p>\n<ul>\n<li><span style=\"font-weight: 400;\">sportiniams batams<\/span><\/li>\n<li><span style=\"font-weight: 400;\">laisvalaikio avalynei<\/span><\/li>\n<li><span style=\"font-weight: 400;\">auliniams batams<\/span><\/li>\n<li><span style=\"font-weight: 400;\">darbo batams<\/span><\/li>\n<li><span style=\"font-weight: 400;\">nam\u0173 \u0161lepet\u0117ms<\/span><\/li>\n<li><span style=\"font-weight: 400;\">kasdienei \u0161eimos avalynei<\/span><\/li>\n<li><span style=\"font-weight: 400;\">slidin\u0117jimo batams<\/span><\/li>\n<li><span style=\"font-weight: 400;\">motociklininko k\u0117dams<\/span><\/li>\n<\/ul>\n<p><b>Patogi naudoti namuose ir kelion\u0117se<\/b><b><br \/>\n<\/b><span style=\"font-weight: 400;\"> D\u0117l kompakti\u0161ko dyd\u017eio ir lengvos konstrukcijos prietaisas neu\u017eima daug vietos, tod\u0117l j\u012f patogu laikyti namuose ar pasiimti su savimi \u012f keliones, komandiruotes, slidin\u0117jimo keliones, \u017evejyba, sporto stovyklas ar i\u0161vykas. Tai prakti\u0161kas sprendimas tiems, kurie nori greitai ir paprastai pasir\u016bpinti savo avalyne.<br \/> <\/span><\/p>\n<p><span style=\"font-weight: 400;\">Podologu ir p\u0117d\u0173 prie\u017ei\u016bros meistr\u0173 rekomenduojama priemon\u0117, padedanti kovoti su p\u0117d\u0173 ir nag\u0173 grybeliu.<\/span><\/p>\n<p><b>Technin\u0117 informacija<\/b><\/p>\n<p>Gaminys: daugiafunkc\u0117 bat\u0173 d\u017eiovykl\u0117<span style=\"font-weight: 400;\"><br \/>\n<\/span> \u012etampa: 220 V<span style=\"font-weight: 400;\"><br \/>\n<\/span> Galia: 12 W<span style=\"font-weight: 400;\"><br \/>\n<\/span> Da\u017enis: 50 Hz<span style=\"font-weight: 400;\"><br \/>\n<\/span> \u0160ildymo temperat\u016bra: 50\u201360 \u00b0C<span style=\"font-weight: 400;\"><br \/>\n<\/span> Laido ilgis: 120 cm<span style=\"font-weight: 400;\"><br \/>\n<\/span> Spalva: balta<span style=\"font-weight: 400;\"><br \/>\n<\/span> Matmenys: 18 \u00d7 6,5 cm<span style=\"font-weight: 400;\"><br \/>\n<\/span> Pakuot\u0117s dydis: 70 \u00d7 190 mm<\/p>\n","protected":false},"excerpt":{"rendered":"<p><b>Pa\u0161alina blog\u0105 kvap\u0105, naikina bakterijas ir grybel\u012f.<\/b><\/p>\n","protected":false},"featured_media":20222,"comment_status":"closed","ping_status":"closed","template":"","meta":{"inline_featured_image":false,"_monsterinsights_skip_tracking":false,"_monsterinsights_sitenote_active":false,"_monsterinsights_sitenote_note":"","_monsterinsights_sitenote_category":0,"site-sidebar-layout":"default","site-content-layout":"","ast-site-content-layout":"default","site-content-style":"default","site-sidebar-style":"default","ast-global-header-display":"","ast-banner-title-visibility":"","ast-main-header-display":"","ast-hfb-above-header-display":"","ast-hfb-below-header-display":"","ast-hfb-mobile-header-display":"","site-post-title":"","ast-breadcrumbs-content":"","ast-featured-img":"","footer-sml-layout":"","ast-disable-related-posts":"","theme-transparent-header-meta":"default","adv-header-id-meta":"","stick-header-meta":"","header-above-stick-meta":"","header-main-stick-meta":"","header-below-stick-meta":"","astra-migrate-meta-layouts":"set","ast-page-background-enabled":"default","ast-page-background-meta":{"desktop":{"background-color":"","background-image":"","background-repeat":"repeat","background-position":"center center","background-size":"auto","background-attachment":"scroll","background-type":"","background-media":"","overlay-type":"","overlay-color":"","overlay-opacity":"","overlay-gradient":""},"tablet":{"background-color":"","background-image":"","background-repeat":"repeat","background-position":"center center","background-size":"auto","background-attachment":"scroll","background-type":"","background-media":"","overlay-type":"","overlay-color":"","overlay-opacity":"","overlay-gradient":""},"mobile":{"background-color":"","background-image":"","background-repeat":"repeat","background-position":"center center","background-size":"auto","background-attachment":"scroll","background-type":"","background-media":"","overlay-type":"","overlay-color":"","overlay-opacity":"","overlay-gradient":""}},"ast-content-background-meta":{"desktop":{"background-color":"var(--ast-global-color-5)","background-image":"","background-repeat":"repeat","background-position":"center center","background-size":"auto","background-attachment":"scroll","background-type":"","background-media":"","overlay-type":"","overlay-color":"","overlay-opacity":"","overlay-gradient":""},"tablet":{"background-color":"var(--ast-global-color-5)","background-image":"","background-repeat":"repeat","background-position":"center center","background-size":"auto","background-attachment":"scroll","background-type":"","background-media":"","overlay-type":"","overlay-color":"","overlay-opacity":"","overlay-gradient":""},"mobile":{"background-color":"var(--ast-global-color-5)","background-image":"","background-repeat":"repeat","background-position":"center center","background-size":"auto","background-attachment":"scroll","background-type":"","background-media":"","overlay-type":"","overlay-color":"","overlay-opacity":"","overlay-gradient":""}}},"product_brand":[],"product_cat":[932],"product_tag":[],"class_list":{"0":"post-20217","1":"product","2":"type-product","3":"status-publish","4":"has-post-thumbnail","6":"product_cat-pagalbiniai-ir-profilaktiniai-produktai","7":"desktop-align-center","8":"tablet-align-center","9":"mobile-align-center","11":"first","12":"instock","13":"featured","14":"shipping-taxable","15":"purchasable","16":"product-type-simple"},"yoast_head":"<!-- This site is optimized with the Yoast SEO plugin v27.1.1 - https:\/\/yoast.com\/product\/yoast-seo-wordpress\/ -->\n<title>I\u0161manioji elektrin\u0117 bat\u0173 d\u017eiovykl\u0117 su laikma\u010dio funkcija - Podology.Shop<\/title>\n<meta name=\"robots\" content=\"index, follow, max-snippet:-1, max-image-preview:large, max-video-preview:-1\" \/>\n<link rel=\"canonical\" href=\"https:\/\/podology.shop\/lt\/produktas\/smart-electric-shoe-dryer-with-timer-function\/\" \/>\n<meta property=\"og:locale\" content=\"lt_LT\" \/>\n<meta property=\"og:type\" content=\"article\" \/>\n<meta property=\"og:title\" content=\"I\u0161manioji elektrin\u0117 bat\u0173 d\u017eiovykl\u0117 su laikma\u010dio funkcija - Podology.Shop\" \/>\n<meta property=\"og:description\" content=\"Pa\u0161alina blog\u0105 kvap\u0105, naikina bakterijas ir grybel\u012f.\" \/>\n<meta property=\"og:url\" content=\"https:\/\/podology.shop\/lt\/produktas\/smart-electric-shoe-dryer-with-timer-function\/\" \/>\n<meta property=\"og:site_name\" content=\"Podology.Shop\" \/>\n<meta property=\"article:modified_time\" content=\"2026-04-21T17:58:30+00:00\" \/>\n<meta property=\"og:image\" content=\"https:\/\/podology.shop\/wp-content\/uploads\/2026\/04\/Ismani-Batu-dziovykle.jpg\" \/>\n\t<meta property=\"og:image:width\" content=\"1255\" \/>\n\t<meta property=\"og:image:height\" content=\"1207\" \/>\n\t<meta property=\"og:image:type\" content=\"image\/jpeg\" \/>\n<meta name=\"twitter:card\" content=\"summary_large_image\" \/>\n<meta name=\"twitter:label1\" content=\"Est. reading time\" \/>\n\t<meta name=\"twitter:data1\" content=\"2 minut\u0117s\" \/>\n<script type=\"application\/ld+json\" class=\"yoast-schema-graph\">{\"@context\":\"https:\/\/schema.org\",\"@graph\":[{\"@type\":\"WebPage\",\"@id\":\"https:\/\/podology.shop\/lt\/produktas\/smart-electric-shoe-dryer-with-timer-function\/\",\"url\":\"https:\/\/podology.shop\/lt\/produktas\/smart-electric-shoe-dryer-with-timer-function\/\",\"name\":\"I\u0161manioji elektrin\u0117 bat\u0173 d\u017eiovykl\u0117 su laikma\u010dio funkcija - Podology.Shop\",\"isPartOf\":{\"@id\":\"https:\/\/podology.shop\/lt\/#website\"},\"primaryImageOfPage\":{\"@id\":\"https:\/\/podology.shop\/lt\/produktas\/smart-electric-shoe-dryer-with-timer-function\/#primaryimage\"},\"image\":{\"@id\":\"https:\/\/podology.shop\/lt\/produktas\/smart-electric-shoe-dryer-with-timer-function\/#primaryimage\"},\"thumbnailUrl\":\"https:\/\/podology.shop\/wp-content\/uploads\/2026\/04\/Ismani-Batu-dziovykle.jpg\",\"datePublished\":\"2026-04-21T17:46:32+00:00\",\"dateModified\":\"2026-04-21T17:58:30+00:00\",\"breadcrumb\":{\"@id\":\"https:\/\/podology.shop\/lt\/produktas\/smart-electric-shoe-dryer-with-timer-function\/#breadcrumb\"},\"inLanguage\":\"lt-LT\",\"potentialAction\":[{\"@type\":\"ReadAction\",\"target\":[\"https:\/\/podology.shop\/lt\/produktas\/smart-electric-shoe-dryer-with-timer-function\/\"]}]},{\"@type\":\"ImageObject\",\"inLanguage\":\"lt-LT\",\"@id\":\"https:\/\/podology.shop\/lt\/produktas\/smart-electric-shoe-dryer-with-timer-function\/#primaryimage\",\"url\":\"https:\/\/podology.shop\/wp-content\/uploads\/2026\/04\/Ismani-Batu-dziovykle.jpg\",\"contentUrl\":\"https:\/\/podology.shop\/wp-content\/uploads\/2026\/04\/Ismani-Batu-dziovykle.jpg\",\"width\":1255,\"height\":1207},{\"@type\":\"BreadcrumbList\",\"@id\":\"https:\/\/podology.shop\/lt\/produktas\/smart-electric-shoe-dryer-with-timer-function\/#breadcrumb\",\"itemListElement\":[{\"@type\":\"ListItem\",\"position\":1,\"name\":\"Home\",\"item\":\"https:\/\/podology.shop\/lt\/\"},{\"@type\":\"ListItem\",\"position\":2,\"name\":\"Shop\",\"item\":\"https:\/\/podology.shop\/lt\/\"},{\"@type\":\"ListItem\",\"position\":3,\"name\":\"I\u0161manioji elektrin\u0117 bat\u0173 d\u017eiovykl\u0117 su laikma\u010dio funkcija\"}]},{\"@type\":\"WebSite\",\"@id\":\"https:\/\/podology.shop\/lt\/#website\",\"url\":\"https:\/\/podology.shop\/lt\/\",\"name\":\"Podology.Shop\",\"description\":\"Podology.Shop\",\"publisher\":{\"@id\":\"https:\/\/podology.shop\/lt\/#organization\"},\"potentialAction\":[{\"@type\":\"SearchAction\",\"target\":{\"@type\":\"EntryPoint\",\"urlTemplate\":\"https:\/\/podology.shop\/lt\/?s={search_term_string}\"},\"query-input\":{\"@type\":\"PropertyValueSpecification\",\"valueRequired\":true,\"valueName\":\"search_term_string\"}}],\"inLanguage\":\"lt-LT\"},{\"@type\":\"Organization\",\"@id\":\"https:\/\/podology.shop\/lt\/#organization\",\"name\":\"Podology.shop\",\"url\":\"https:\/\/podology.shop\/lt\/\",\"logo\":{\"@type\":\"ImageObject\",\"inLanguage\":\"lt-LT\",\"@id\":\"https:\/\/podology.shop\/lt\/#\/schema\/logo\/image\/\",\"url\":\"https:\/\/podology.shop\/wp-content\/uploads\/2020\/11\/125361778_1762772693887349_9190250941118524915_n-scaled.jpg\",\"contentUrl\":\"https:\/\/podology.shop\/wp-content\/uploads\/2020\/11\/125361778_1762772693887349_9190250941118524915_n-scaled.jpg\",\"width\":2560,\"height\":878,\"caption\":\"Podology.shop\"},\"image\":{\"@id\":\"https:\/\/podology.shop\/lt\/#\/schema\/logo\/image\/\"}}]}<\/script>\n<!-- \/ Yoast SEO plugin. -->","yoast_head_json":{"title":"I\u0161manioji elektrin\u0117 bat\u0173 d\u017eiovykl\u0117 su laikma\u010dio funkcija - Podology.Shop","robots":{"index":"index","follow":"follow","max-snippet":"max-snippet:-1","max-image-preview":"max-image-preview:large","max-video-preview":"max-video-preview:-1"},"canonical":"https:\/\/podology.shop\/lt\/produktas\/smart-electric-shoe-dryer-with-timer-function\/","og_locale":"lt_LT","og_type":"article","og_title":"I\u0161manioji elektrin\u0117 bat\u0173 d\u017eiovykl\u0117 su laikma\u010dio funkcija - Podology.Shop","og_description":"Pa\u0161alina blog\u0105 kvap\u0105, naikina bakterijas ir grybel\u012f.","og_url":"https:\/\/podology.shop\/lt\/produktas\/smart-electric-shoe-dryer-with-timer-function\/","og_site_name":"Podology.Shop","article_modified_time":"2026-04-21T17:58:30+00:00","og_image":[{"width":1255,"height":1207,"url":"https:\/\/podology.shop\/wp-content\/uploads\/2026\/04\/Ismani-Batu-dziovykle.jpg","type":"image\/jpeg"}],"twitter_card":"summary_large_image","twitter_misc":{"Est. reading time":"2 minut\u0117s"},"schema":{"@context":"https:\/\/schema.org","@graph":[{"@type":"WebPage","@id":"https:\/\/podology.shop\/lt\/produktas\/smart-electric-shoe-dryer-with-timer-function\/","url":"https:\/\/podology.shop\/lt\/produktas\/smart-electric-shoe-dryer-with-timer-function\/","name":"I\u0161manioji elektrin\u0117 bat\u0173 d\u017eiovykl\u0117 su laikma\u010dio funkcija - Podology.Shop","isPartOf":{"@id":"https:\/\/podology.shop\/lt\/#website"},"primaryImageOfPage":{"@id":"https:\/\/podology.shop\/lt\/produktas\/smart-electric-shoe-dryer-with-timer-function\/#primaryimage"},"image":{"@id":"https:\/\/podology.shop\/lt\/produktas\/smart-electric-shoe-dryer-with-timer-function\/#primaryimage"},"thumbnailUrl":"https:\/\/podology.shop\/wp-content\/uploads\/2026\/04\/Ismani-Batu-dziovykle.jpg","datePublished":"2026-04-21T17:46:32+00:00","dateModified":"2026-04-21T17:58:30+00:00","breadcrumb":{"@id":"https:\/\/podology.shop\/lt\/produktas\/smart-electric-shoe-dryer-with-timer-function\/#breadcrumb"},"inLanguage":"lt-LT","potentialAction":[{"@type":"ReadAction","target":["https:\/\/podology.shop\/lt\/produktas\/smart-electric-shoe-dryer-with-timer-function\/"]}]},{"@type":"ImageObject","inLanguage":"lt-LT","@id":"https:\/\/podology.shop\/lt\/produktas\/smart-electric-shoe-dryer-with-timer-function\/#primaryimage","url":"https:\/\/podology.shop\/wp-content\/uploads\/2026\/04\/Ismani-Batu-dziovykle.jpg","contentUrl":"https:\/\/podology.shop\/wp-content\/uploads\/2026\/04\/Ismani-Batu-dziovykle.jpg","width":1255,"height":1207},{"@type":"BreadcrumbList","@id":"https:\/\/podology.shop\/lt\/produktas\/smart-electric-shoe-dryer-with-timer-function\/#breadcrumb","itemListElement":[{"@type":"ListItem","position":1,"name":"Home","item":"https:\/\/podology.shop\/lt\/"},{"@type":"ListItem","position":2,"name":"Shop","item":"https:\/\/podology.shop\/lt\/"},{"@type":"ListItem","position":3,"name":"I\u0161manioji elektrin\u0117 bat\u0173 d\u017eiovykl\u0117 su laikma\u010dio funkcija"}]},{"@type":"WebSite","@id":"https:\/\/podology.shop\/lt\/#website","url":"https:\/\/podology.shop\/lt\/","name":"Podology.Shop","description":"Podology.Shop","publisher":{"@id":"https:\/\/podology.shop\/lt\/#organization"},"potentialAction":[{"@type":"SearchAction","target":{"@type":"EntryPoint","urlTemplate":"https:\/\/podology.shop\/lt\/?s={search_term_string}"},"query-input":{"@type":"PropertyValueSpecification","valueRequired":true,"valueName":"search_term_string"}}],"inLanguage":"lt-LT"},{"@type":"Organization","@id":"https:\/\/podology.shop\/lt\/#organization","name":"Podology.shop","url":"https:\/\/podology.shop\/lt\/","logo":{"@type":"ImageObject","inLanguage":"lt-LT","@id":"https:\/\/podology.shop\/lt\/#\/schema\/logo\/image\/","url":"https:\/\/podology.shop\/wp-content\/uploads\/2020\/11\/125361778_1762772693887349_9190250941118524915_n-scaled.jpg","contentUrl":"https:\/\/podology.shop\/wp-content\/uploads\/2020\/11\/125361778_1762772693887349_9190250941118524915_n-scaled.jpg","width":2560,"height":878,"caption":"Podology.shop"},"image":{"@id":"https:\/\/podology.shop\/lt\/#\/schema\/logo\/image\/"}}]}},"_links":{"self":[{"href":"https:\/\/podology.shop\/lt\/wp-json\/wp\/v2\/product\/20217","targetHints":{"allow":["GET"]}}],"collection":[{"href":"https:\/\/podology.shop\/lt\/wp-json\/wp\/v2\/product"}],"about":[{"href":"https:\/\/podology.shop\/lt\/wp-json\/wp\/v2\/types\/product"}],"replies":[{"embeddable":true,"href":"https:\/\/podology.shop\/lt\/wp-json\/wp\/v2\/comments?post=20217"}],"wp:featuredmedia":[{"embeddable":true,"href":"https:\/\/podology.shop\/lt\/wp-json\/wp\/v2\/media\/20222"}],"wp:attachment":[{"href":"https:\/\/podology.shop\/lt\/wp-json\/wp\/v2\/media?parent=20217"}],"wp:term":[{"taxonomy":"product_brand","embeddable":true,"href":"https:\/\/podology.shop\/lt\/wp-json\/wp\/v2\/product_brand?post=20217"},{"taxonomy":"product_cat","embeddable":true,"href":"https:\/\/podology.shop\/lt\/wp-json\/wp\/v2\/product_cat?post=20217"},{"taxonomy":"product_tag","embeddable":true,"href":"https:\/\/podology.shop\/lt\/wp-json\/wp\/v2\/product_tag?post=20217"}],"curies":[{"name":"wp","href":"https:\/\/api.w.org\/{rel}","templated":true}]}}